{"id":673,"date":"2023-09-28T22:14:48","date_gmt":"2023-09-28T22:14:48","guid":{"rendered":"https:\/\/exceladvisor.org\/pt\/media-2\/"},"modified":"2023-12-06T11:35:02","modified_gmt":"2023-12-06T11:35:02","slug":"media-2","status":"publish","type":"page","link":"https:\/\/exceladvisor.org\/pt\/media-2\/","title":{"rendered":"Como calcular a m\u00e9dia dos valores no excel via vba?"},"content":{"rendered":"<div class=\"excel-before-content-2\" id=\"excel-368240500\"><script type=\"text\/javascript\">\r\n\tatOptions = {\r\n\t\t'key' : 'c1158f160081d6540a8409e6925dab94',\r\n\t\t'format' : 'iframe',\r\n\t\t'height' : 250,\r\n\t\t'width' : 300,\r\n\t\t'params' : {}\r\n\t};\r\n<\/script>\r\n<script type=\"text\/javascript\" src=\"\/\/www.highperformanceformat.com\/c1158f160081d6540a8409e6925dab94\/invoke.js\"><\/script><\/div><div class=\"excel-before-content\" id=\"excel-2648665823\"><script type=\"text\/javascript\">\r\n\tatOptions = {\r\n\t\t'key' : 'c1158f160081d6540a8409e6925dab94',\r\n\t\t'format' : 'iframe',\r\n\t\t'height' : 250,\r\n\t\t'width' : 300,\r\n\t\t'params' : {}\r\n\t};\r\n<\/script>\r\n<script type=\"text\/javascript\" src=\"\/\/www.highperformanceformat.com\/c1158f160081d6540a8409e6925dab94\/invoke.js\"><\/script><\/div> <p>No Excel, voc\u00ea pode usar o VBA para calcular valores m\u00e9dios de um intervalo de c\u00e9lulas ou de v\u00e1rios intervalos. E, neste tutorial, aprenderemos as diferentes formas de utiliz\u00e1-lo.<\/p><h2 class=\"wp-block-heading\"> M\u00e9dia em VBA usando WorksheetFunction<\/h2><p> No VBA, existem <a href=\"https:\/\/exceladvisor.org\/pt\/funcoes\/\">diversas fun\u00e7\u00f5es<\/a> que voc\u00ea pode utilizar, mas n\u00e3o existe uma fun\u00e7\u00e3o espec\u00edfica para essa finalidade. Isso n\u00e3o significa que n\u00e3o podemos tirar uma m\u00e9dia. No VBA, existe uma propriedade chamada <a href=\"https:\/\/exceladvisor.org\/pt\/funcao-de-planilha\/\">WorksheetFunction<\/a> que pode ajud\u00e1-lo a chamar fun\u00e7\u00f5es no c\u00f3digo VBA. <\/p><div class=\"wp-block-image\"><figure class=\"aligncenter size-full is-resized\"><img loading=\"lazy\" decoding=\"async\" class=\"wp-image-61346\" src=\"https:\/\/exceladvisor.org\/wp-content\/uploads\/2023\/08\/1-moyenne-en-vba-en-utilisant-la-fonction-de-feuille-de-calcul.png\" sizes=\"auto, \" srcset=\"\" alt=\"m\u00e9dia em vba usando fun\u00e7\u00e3o de planilha\" width=\"460\" height=\"298\"><\/figure><\/div><p> Vamos calcular a m\u00e9dia dos valores no intervalo A1:A10.<\/p><ol><li> Primeiro insira a propriedade da fun\u00e7\u00e3o da planilha e selecione a fun\u00e7\u00e3o AVERAGE na lista. <br><img loading=\"lazy\" decoding=\"async\" title=\"M\u00e9dia de fun\u00e7\u00e3o de 2 folhas\" src=\"https:\/\/exceladvisor.org\/wp-content\/uploads\/2023\/08\/Moyenne-de-la-fonction-2-feuilles-de-calcul.png\" sizes=\"auto, \" srcset=\"\" alt=\"worksheet-function-average\" width=\"466\" height=\"277\"><\/li><li> Em seguida, voc\u00ea deve inserir um par\u00eantese inicial, como faz ao inserir uma fun\u00e7\u00e3o na planilha. <br><img loading=\"lazy\" decoding=\"async\" title=\"3-enter-starting-par\u00eanteses\" src=\"https:\/\/exceladvisor.org\/wp-content\/uploads\/2023\/08\/3-entrer-parenthese-de-depart.png\" sizes=\"auto, \" srcset=\"\" alt=\"enter-starting-paranthesis\" width=\"451\" height=\"251\"><\/li><li> Depois disso, precisamos usar o objeto range para nos referirmos ao intervalo para o qual queremos calcular a m\u00e9dia. <br><img loading=\"lazy\" decoding=\"async\" title=\"4-ue-o-objeto-intervalo\" src=\"https:\/\/exceladvisor.org\/wp-content\/uploads\/2023\/08\/4-ue-lobjet-range.png\" sizes=\"auto, \" srcset=\"\" alt=\"use-the-range-object\" width=\"527\" height=\"218\"><\/li><li> Ao final, digite um par\u00eantese de fechamento e atribua o valor de retorno da fun\u00e7\u00e3o \u00e0 c\u00e9lula B1. <br><img loading=\"lazy\" decoding=\"async\" title=\"Prantese fechada de 5 tipos\" src=\"https:\/\/exceladvisor.org\/wp-content\/uploads\/2023\/08\/5-types-de-protheses-fermees.png\" sizes=\"auto, \" srcset=\"\" alt=\"type-close-pranthesis\" width=\"530\" height=\"204\"><\/li><\/ol><pre class=\"wp-block-code\"> <code class=\"language-visual-basic\" lang=\"visual-basic\">Application.WorksheetFunction.Average( <strong>Range<\/strong> (\"A1:A10\"))<\/code><\/pre><p> Agora ao <a href=\"https:\/\/exceladvisor.org\/pt\/executar-uma-macro-2\/\">executar esse c\u00f3digo<\/a> ele calcula a m\u00e9dia dos valores que voc\u00ea tem no intervalo A1:A10 e insere o valor na c\u00e9lula B1. <\/p><div class=\"wp-block-image\"><figure class=\"aligncenter size-full is-resized\"><img loading=\"lazy\" decoding=\"async\" class=\"wp-image-61351\" src=\"https:\/\/exceladvisor.org\/wp-content\/uploads\/2023\/08\/6-executer-le-code-calcule-la-moyenne.png\" sizes=\"auto, \" srcset=\"\" alt=\"executar c\u00f3digo-calcular m\u00e9dia\" width=\"728\" height=\"353\"><\/figure><\/div><h2 class=\"wp-block-heading\"> Valores m\u00e9dios de uma coluna ou linha inteira<\/h2><p> Neste caso, voc\u00ea s\u00f3 precisa especificar uma linha ou coluna em vez do intervalo que usamos no exemplo anterior.<\/p><pre class=\"wp-block-code\"> <code class=\"language-visual-basic\" lang=\"visual-basic\">'for the entire column A <strong>Range<\/strong> (\"B1\") = Application.WorksheetFunction.Average( <strong>Range<\/strong> (\"A:A\")) 'for entire row 1 <strong>Range<\/strong> (\"B1\") = Application.WorksheetFunction.Average( <strong>Range<\/strong> (\"1:1\"))<\/code><\/pre><h2 class=\"wp-block-heading\"> Use VBA para calcular a m\u00e9dia dos valores de sele\u00e7\u00e3o<\/h2><p> Agora, suponha que voc\u00ea queira calcular o valor m\u00e9dio das c\u00e9lulas selecionadas apenas porque pode usar um c\u00f3digo como este.<\/p><pre class=\"wp-block-code\"> <code class=\"language-visual-basic\" lang=\"visual-basic\"><strong>Sub<\/strong> vba_average_selection() <strong>Dim<\/strong> sRange <strong>As<\/strong> Range <strong>Dim<\/strong> iAverage <strong>As<\/strong> Long <strong>On<\/strong> <strong>Error<\/strong> <strong>GoTo<\/strong> errorHandler <strong>Set<\/strong> sRange = Selection iAverage = WorksheetFunction.Average(Range(sRange.Address)) MsgBox iAverage <strong>Exit<\/strong> <strong>Sub<\/strong> errorHandler: MsgBox \"make sure to select a valid range of cells\" <strong>End<\/strong> <strong>Sub<\/strong><\/code><\/pre><p> No c\u00f3digo acima, usamos a sele\u00e7\u00e3o, depois especificamos na vari\u00e1vel \u201csRange\u201d, depois usamos o endere\u00e7o dessa vari\u00e1vel de intervalo para obter a m\u00e9dia.<\/p><h2 class=\"wp-block-heading\"> M\u00e9dia VBA de todas as c\u00e9lulas acima<\/h2><p> O c\u00f3digo a seguir pega todas as c\u00e9lulas acima e seus valores m\u00e9dios e <a href=\"https:\/\/exceladvisor.org\/pt\/valor-da-celula\/\">insere o resultado na c\u00e9lula selecionada<\/a> .<\/p><pre class=\"wp-block-code\"> <code class=\"language-visual-basic\" lang=\"visual-basic\"><strong>Sub<\/strong> vba_auto_Average() <strong>Dim<\/strong> iFirst <strong>As<\/strong> String <strong>Dim<\/strong> iLast <strong>As<\/strong> String <strong>Dim<\/strong> iRange <strong>As<\/strong> Range <strong>On<\/strong> <strong>Error<\/strong> <strong>GoTo<\/strong> errorHandler iFirst = Selection. <strong>End<\/strong> (xlUp). <strong>End<\/strong> (xlUp).Address iLast = Selection. <strong>End<\/strong> (xlUp).Address <strong>Set<\/strong> iRange = Range(iFirst &amp; \":\" &amp; iLast) ActiveCell = WorksheetFunction.Average(iRange) <strong>Exit<\/strong> <strong>Sub<\/strong> errorHandler: MsgBox \"make sure to select a valid range of cells\" <strong>End<\/strong> <strong>Sub<\/strong><\/code><\/pre><h2 class=\"wp-block-heading\"> Calculando a m\u00e9dia de um intervalo din\u00e2mico usando VBA<\/h2><p> E da mesma forma, voc\u00ea pode usar <a href=\"https:\/\/exceladvisor.org\/pt\/praia-chamada\/\">a faixa din\u00e2mica<\/a> ao usar o VBA para calcular a m\u00e9dia dos valores.<\/p><pre class=\"wp-block-code\"> <code class=\"language-visual-basic\" lang=\"visual-basic\">Sub vba_dynamic_range_average() Dim iFirst As String Dim iLast As String Dim iRange As Range On Error GoTo errorHandler iFirst = Selection.Offset(1, 1).Address iLast = Selection.Offset(5, 5).Address Set iRange = Range(iFirst &amp; \":\" &amp; iLast) ActiveCell = WorksheetFunction.Average(iRange) Exit Sub errorHandler: MsgBox \"make sure to select a valid range of cells\" End Sub<\/code><\/pre><h2 class=\"wp-block-heading\"> M\u00e9dia de uma coluna ou linha din\u00e2mica<\/h2><p> Da mesma forma, se quiser usar uma coluna din\u00e2mica, voc\u00ea pode usar o c\u00f3digo a seguir que pegar\u00e1 a coluna da c\u00e9lula ativa e a m\u00e9dia de todos os valores que voc\u00ea tem l\u00e1.<\/p><pre class=\"wp-block-code\"> <code class=\"language-visual-basic\" lang=\"visual-basic\">Sub vba_dynamic_column() Dim iCol As Long On Error GoTo errorHandler iCol = ActiveCell.Column MsgBox WorksheetFunction.Average(Columns(iCol)) Exit Sub errorHandler: MsgBox \"make sure to select a valid range of cells\" End Sub<\/code><\/pre><p> E por uma fileira.<\/p><pre class=\"wp-block-code\"> <code class=\"language-visual-basic\" lang=\"visual-basic\"><strong>Sub<\/strong> vba_dynamic_row() <strong>Dim<\/strong> iRow <strong>As<\/strong> Long <strong>On<\/strong> <strong>Error<\/strong> <strong>GoTo<\/strong> errorHandler iRow = ActiveCell.Row MsgBox WorksheetFunction.Average(Rows(iCol)) <strong>Exit<\/strong> <strong>Sub<\/strong> errorHandler: MsgBox \"make sure to select a valid range of cells\" <strong>End<\/strong> <strong>Sub<\/strong><\/code><\/pre><div class=\"gb-container gb-container-4db6181c gb-container-mt\"> <a class=\"gb-button gb-button-c5897111 gb-button-text gb-button-mt-button\" href=\"https:\/\/exceladvisor.org\/pt\/vba\/\">O que \u00e9 VBA<\/a><h2 class=\"gb-headline gb-headline-665e5f6b gb-headline-text gb-headline-mt-heading\"> Tutoriais relacionados <\/h2><div class=\"gb-grid-wrapper gb-grid-wrapper-a20baf7c gb-grid-wrapper-mt-grid\"><div class=\"gb-grid-column gb-grid-column-65ddf67e\"><div class=\"gb-container gb-container-65ddf67e\"><ul><li> <a href=\"https:\/\/exceladvisor.org\/pt\/data-de-hoje-hora-atual\/\">Obtenha a data e a hora atual usando VBA<\/a><\/li><li> <a href=\"https:\/\/exceladvisor.org\/pt\/soma-1\/\">Soma valores no Excel usando VBA<\/a><\/li><li> <a href=\"https:\/\/exceladvisor.org\/pt\/partida-2\/\">Fun\u00e7\u00e3o de correspond\u00eancia em VBA<\/a><\/li><li> <a href=\"https:\/\/exceladvisor.org\/pt\/modo-1\/\">MOD em VBA<\/a><\/li><li> <a href=\"https:\/\/exceladvisor.org\/pt\/numero-aleatorio\/\">N\u00fameros aleat\u00f3rios VBA<\/a> <\/li><\/ul><\/div><\/div><div class=\"gb-grid-column gb-grid-column-50067b57\"><div class=\"gb-container gb-container-50067b57\"><\/div><\/div><\/div><\/div>","protected":false},"excerpt":{"rendered":"","protected":false},"author":1,"featured_media":0,"parent":0,"menu_order":0,"comment_status":"open","ping_status":"closed","template":"","meta":{"ub_ctt_via":"","footnotes":""},"class_list":["post-673","page","type-page","status-publish","hentry"],"featured_image_src":null,"yoast_head":"<!-- This site is optimized with the Yoast SEO plugin v25.4 - https:\/\/yoast.com\/wordpress\/plugins\/seo\/ -->\n<title>\u25b7 Como calcular a m\u00e9dia dos valores no Excel via VBA?<\/title>\n<meta name=\"description\" content=\"No Excel, voc\u00ea pode usar o VBA para calcular a m\u00e9dia dos valores em um intervalo de c\u00e9lulas ou em v\u00e1rios intervalos. E, neste tutorial\" \/>\n<meta name=\"robots\" content=\"index, follow, max-snippet:-1, max-image-preview:large, max-video-preview:-1\" \/>\n<link rel=\"canonical\" href=\"https:\/\/exceladvisor.org\/pt\/media-2\/\" \/>\n<meta property=\"og:locale\" content=\"pt_PT\" \/>\n<meta property=\"og:type\" content=\"article\" \/>\n<meta property=\"og:title\" content=\"\u25b7 Como calcular a m\u00e9dia dos valores no Excel via VBA?\" \/>\n<meta property=\"og:description\" content=\"No Excel, voc\u00ea pode usar o VBA para calcular a m\u00e9dia dos valores em um intervalo de c\u00e9lulas ou em v\u00e1rios intervalos. E, neste tutorial\" \/>\n<meta property=\"og:url\" content=\"https:\/\/exceladvisor.org\/pt\/media-2\/\" \/>\n<meta property=\"og:site_name\" content=\"Excel Advisor\" \/>\n<meta property=\"article:modified_time\" content=\"2023-12-06T11:35:02+00:00\" \/>\n<meta property=\"og:image\" content=\"https:\/\/exceladvisor.org\/wp-content\/uploads\/2023\/08\/1-moyenne-en-vba-en-utilisant-la-fonction-de-feuille-de-calcul.png\" \/>\n<meta name=\"twitter:card\" content=\"summary_large_image\" \/>\n<meta name=\"twitter:label1\" content=\"Tempo estimado de leitura\" \/>\n\t<meta name=\"twitter:data1\" content=\"4 minutos\" \/>\n<script type=\"application\/ld+json\" class=\"yoast-schema-graph\">{\"@context\":\"https:\/\/schema.org\",\"@graph\":[{\"@type\":\"WebPage\",\"@id\":\"https:\/\/exceladvisor.org\/pt\/media-2\/\",\"url\":\"https:\/\/exceladvisor.org\/pt\/media-2\/\",\"name\":\"\u25b7 Como calcular a m\u00e9dia dos valores no Excel via VBA?\",\"isPartOf\":{\"@id\":\"https:\/\/exceladvisor.org\/pt\/#website\"},\"primaryImageOfPage\":{\"@id\":\"https:\/\/exceladvisor.org\/pt\/media-2\/#primaryimage\"},\"image\":{\"@id\":\"https:\/\/exceladvisor.org\/pt\/media-2\/#primaryimage\"},\"thumbnailUrl\":\"https:\/\/exceladvisor.org\/wp-content\/uploads\/2023\/08\/1-moyenne-en-vba-en-utilisant-la-fonction-de-feuille-de-calcul.png\",\"datePublished\":\"2023-09-28T22:14:48+00:00\",\"dateModified\":\"2023-12-06T11:35:02+00:00\",\"description\":\"No Excel, voc\u00ea pode usar o VBA para calcular a m\u00e9dia dos valores em um intervalo de c\u00e9lulas ou em v\u00e1rios intervalos. E, neste tutorial\",\"breadcrumb\":{\"@id\":\"https:\/\/exceladvisor.org\/pt\/media-2\/#breadcrumb\"},\"inLanguage\":\"pt-PT\",\"potentialAction\":[{\"@type\":\"ReadAction\",\"target\":[\"https:\/\/exceladvisor.org\/pt\/media-2\/\"]}]},{\"@type\":\"ImageObject\",\"inLanguage\":\"pt-PT\",\"@id\":\"https:\/\/exceladvisor.org\/pt\/media-2\/#primaryimage\",\"url\":\"https:\/\/exceladvisor.org\/wp-content\/uploads\/2023\/08\/1-moyenne-en-vba-en-utilisant-la-fonction-de-feuille-de-calcul.png\",\"contentUrl\":\"https:\/\/exceladvisor.org\/wp-content\/uploads\/2023\/08\/1-moyenne-en-vba-en-utilisant-la-fonction-de-feuille-de-calcul.png\"},{\"@type\":\"BreadcrumbList\",\"@id\":\"https:\/\/exceladvisor.org\/pt\/media-2\/#breadcrumb\",\"itemListElement\":[{\"@type\":\"ListItem\",\"position\":1,\"name\":\"Lar\",\"item\":\"https:\/\/exceladvisor.org\/pt\/\"},{\"@type\":\"ListItem\",\"position\":2,\"name\":\"Como calcular a m\u00e9dia dos valores no excel via vba?\"}]},{\"@type\":\"WebSite\",\"@id\":\"https:\/\/exceladvisor.org\/pt\/#website\",\"url\":\"https:\/\/exceladvisor.org\/pt\/\",\"name\":\"Excel Advisor\",\"description\":\"O seu guia definitivo para dominar os dados!\",\"publisher\":{\"@id\":\"https:\/\/exceladvisor.org\/pt\/#organization\"},\"potentialAction\":[{\"@type\":\"SearchAction\",\"target\":{\"@type\":\"EntryPoint\",\"urlTemplate\":\"https:\/\/exceladvisor.org\/pt\/?s={search_term_string}\"},\"query-input\":{\"@type\":\"PropertyValueSpecification\",\"valueRequired\":true,\"valueName\":\"search_term_string\"}}],\"inLanguage\":\"pt-PT\"},{\"@type\":\"Organization\",\"@id\":\"https:\/\/exceladvisor.org\/pt\/#organization\",\"name\":\"Excel Advisor\",\"url\":\"https:\/\/exceladvisor.org\/pt\/\",\"logo\":{\"@type\":\"ImageObject\",\"inLanguage\":\"pt-PT\",\"@id\":\"https:\/\/exceladvisor.org\/pt\/#\/schema\/logo\/image\/\",\"url\":\"https:\/\/exceladvisor.org\/pt\/wp-content\/uploads\/2023\/12\/exceladvisor.org_.png\",\"contentUrl\":\"https:\/\/exceladvisor.org\/pt\/wp-content\/uploads\/2023\/12\/exceladvisor.org_.png\",\"width\":105,\"height\":36,\"caption\":\"Excel Advisor\"},\"image\":{\"@id\":\"https:\/\/exceladvisor.org\/pt\/#\/schema\/logo\/image\/\"}}]}<\/script>\n<!-- \/ Yoast SEO plugin. -->","yoast_head_json":{"title":"\u25b7 Como calcular a m\u00e9dia dos valores no Excel via VBA?","description":"No Excel, voc\u00ea pode usar o VBA para calcular a m\u00e9dia dos valores em um intervalo de c\u00e9lulas ou em v\u00e1rios intervalos. E, neste tutorial","robots":{"index":"index","follow":"follow","max-snippet":"max-snippet:-1","max-image-preview":"max-image-preview:large","max-video-preview":"max-video-preview:-1"},"canonical":"https:\/\/exceladvisor.org\/pt\/media-2\/","og_locale":"pt_PT","og_type":"article","og_title":"\u25b7 Como calcular a m\u00e9dia dos valores no Excel via VBA?","og_description":"No Excel, voc\u00ea pode usar o VBA para calcular a m\u00e9dia dos valores em um intervalo de c\u00e9lulas ou em v\u00e1rios intervalos. E, neste tutorial","og_url":"https:\/\/exceladvisor.org\/pt\/media-2\/","og_site_name":"Excel Advisor","article_modified_time":"2023-12-06T11:35:02+00:00","og_image":[{"url":"https:\/\/exceladvisor.org\/wp-content\/uploads\/2023\/08\/1-moyenne-en-vba-en-utilisant-la-fonction-de-feuille-de-calcul.png","type":"","width":"","height":""}],"twitter_card":"summary_large_image","twitter_misc":{"Tempo estimado de leitura":"4 minutos"},"schema":{"@context":"https:\/\/schema.org","@graph":[{"@type":"WebPage","@id":"https:\/\/exceladvisor.org\/pt\/media-2\/","url":"https:\/\/exceladvisor.org\/pt\/media-2\/","name":"\u25b7 Como calcular a m\u00e9dia dos valores no Excel via VBA?","isPartOf":{"@id":"https:\/\/exceladvisor.org\/pt\/#website"},"primaryImageOfPage":{"@id":"https:\/\/exceladvisor.org\/pt\/media-2\/#primaryimage"},"image":{"@id":"https:\/\/exceladvisor.org\/pt\/media-2\/#primaryimage"},"thumbnailUrl":"https:\/\/exceladvisor.org\/wp-content\/uploads\/2023\/08\/1-moyenne-en-vba-en-utilisant-la-fonction-de-feuille-de-calcul.png","datePublished":"2023-09-28T22:14:48+00:00","dateModified":"2023-12-06T11:35:02+00:00","description":"No Excel, voc\u00ea pode usar o VBA para calcular a m\u00e9dia dos valores em um intervalo de c\u00e9lulas ou em v\u00e1rios intervalos. E, neste tutorial","breadcrumb":{"@id":"https:\/\/exceladvisor.org\/pt\/media-2\/#breadcrumb"},"inLanguage":"pt-PT","potentialAction":[{"@type":"ReadAction","target":["https:\/\/exceladvisor.org\/pt\/media-2\/"]}]},{"@type":"ImageObject","inLanguage":"pt-PT","@id":"https:\/\/exceladvisor.org\/pt\/media-2\/#primaryimage","url":"https:\/\/exceladvisor.org\/wp-content\/uploads\/2023\/08\/1-moyenne-en-vba-en-utilisant-la-fonction-de-feuille-de-calcul.png","contentUrl":"https:\/\/exceladvisor.org\/wp-content\/uploads\/2023\/08\/1-moyenne-en-vba-en-utilisant-la-fonction-de-feuille-de-calcul.png"},{"@type":"BreadcrumbList","@id":"https:\/\/exceladvisor.org\/pt\/media-2\/#breadcrumb","itemListElement":[{"@type":"ListItem","position":1,"name":"Lar","item":"https:\/\/exceladvisor.org\/pt\/"},{"@type":"ListItem","position":2,"name":"Como calcular a m\u00e9dia dos valores no excel via vba?"}]},{"@type":"WebSite","@id":"https:\/\/exceladvisor.org\/pt\/#website","url":"https:\/\/exceladvisor.org\/pt\/","name":"Excel Advisor","description":"O seu guia definitivo para dominar os dados!","publisher":{"@id":"https:\/\/exceladvisor.org\/pt\/#organization"},"potentialAction":[{"@type":"SearchAction","target":{"@type":"EntryPoint","urlTemplate":"https:\/\/exceladvisor.org\/pt\/?s={search_term_string}"},"query-input":{"@type":"PropertyValueSpecification","valueRequired":true,"valueName":"search_term_string"}}],"inLanguage":"pt-PT"},{"@type":"Organization","@id":"https:\/\/exceladvisor.org\/pt\/#organization","name":"Excel Advisor","url":"https:\/\/exceladvisor.org\/pt\/","logo":{"@type":"ImageObject","inLanguage":"pt-PT","@id":"https:\/\/exceladvisor.org\/pt\/#\/schema\/logo\/image\/","url":"https:\/\/exceladvisor.org\/pt\/wp-content\/uploads\/2023\/12\/exceladvisor.org_.png","contentUrl":"https:\/\/exceladvisor.org\/pt\/wp-content\/uploads\/2023\/12\/exceladvisor.org_.png","width":105,"height":36,"caption":"Excel Advisor"},"image":{"@id":"https:\/\/exceladvisor.org\/pt\/#\/schema\/logo\/image\/"}}]}},"yoast_meta":{"yoast_wpseo_title":"","yoast_wpseo_metadesc":"","yoast_wpseo_canonical":""},"_links":{"self":[{"href":"https:\/\/exceladvisor.org\/pt\/wp-json\/wp\/v2\/pages\/673","targetHints":{"allow":["GET"]}}],"collection":[{"href":"https:\/\/exceladvisor.org\/pt\/wp-json\/wp\/v2\/pages"}],"about":[{"href":"https:\/\/exceladvisor.org\/pt\/wp-json\/wp\/v2\/types\/page"}],"author":[{"embeddable":true,"href":"https:\/\/exceladvisor.org\/pt\/wp-json\/wp\/v2\/users\/1"}],"replies":[{"embeddable":true,"href":"https:\/\/exceladvisor.org\/pt\/wp-json\/wp\/v2\/comments?post=673"}],"version-history":[{"count":1,"href":"https:\/\/exceladvisor.org\/pt\/wp-json\/wp\/v2\/pages\/673\/revisions"}],"predecessor-version":[{"id":873,"href":"https:\/\/exceladvisor.org\/pt\/wp-json\/wp\/v2\/pages\/673\/revisions\/873"}],"wp:attachment":[{"href":"https:\/\/exceladvisor.org\/pt\/wp-json\/wp\/v2\/media?parent=673"}],"curies":[{"name":"wp","href":"https:\/\/api.w.org\/{rel}","templated":true}]}}