{"id":674,"date":"2023-09-28T21:57:26","date_gmt":"2023-09-28T21:57:26","guid":{"rendered":"https:\/\/exceladvisor.org\/pt\/campo-de-entrada\/"},"modified":"2023-12-06T11:42:32","modified_gmt":"2023-12-06T11:42:32","slug":"campo-de-entrada","status":"publish","type":"page","link":"https:\/\/exceladvisor.org\/pt\/campo-de-entrada\/","title":{"rendered":"Como usar a caixa de entrada no vba?"},"content":{"rendered":"<div class=\"excel-before-content-2\" id=\"excel-19657752\"><script type=\"text\/javascript\">\r\n\tatOptions = {\r\n\t\t'key' : 'c1158f160081d6540a8409e6925dab94',\r\n\t\t'format' : 'iframe',\r\n\t\t'height' : 250,\r\n\t\t'width' : 300,\r\n\t\t'params' : {}\r\n\t};\r\n<\/script>\r\n<script type=\"text\/javascript\" src=\"\/\/www.highperformanceformat.com\/c1158f160081d6540a8409e6925dab94\/invoke.js\"><\/script><\/div><div class=\"excel-before-content\" id=\"excel-3988924324\"><script type=\"text\/javascript\">\r\n\tatOptions = {\r\n\t\t'key' : 'c1158f160081d6540a8409e6925dab94',\r\n\t\t'format' : 'iframe',\r\n\t\t'height' : 250,\r\n\t\t'width' : 300,\r\n\t\t'params' : {}\r\n\t};\r\n<\/script>\r\n<script type=\"text\/javascript\" src=\"\/\/www.highperformanceformat.com\/c1158f160081d6540a8409e6925dab94\/invoke.js\"><\/script><\/div> <p>Como o nome sugere, Input Box \u00e9 uma fun\u00e7\u00e3o que exibe uma caixa de entrada ao usu\u00e1rio e coleta uma resposta.<\/p><p> Veja o exemplo abaixo onde temos uma caixa de entrada que pede seu nome e h\u00e1 uma caixa de entrada para inseri-lo. Se voc\u00ea olhar a barra de t\u00edtulo que se parece com a barra de mensagens, temos um t\u00edtulo que diz \u201cDigite o nome\u201d e a mensagem diz \u201cQual \u00e9 o seu nome?\u201d &#8220;. <\/p><div class=\"wp-block-image\"><figure class=\"aligncenter size-full is-resized\"><img loading=\"lazy\" decoding=\"async\" class=\"wp-image-62133\" src=\"https:\/\/exceladvisor.org\/wp-content\/uploads\/2023\/08\/1-champ-de-saisie-en-vba.png\" sizes=\"auto, \" srcset=\"\" alt=\"caixa de entrada em vba\" width=\"517\" height=\"224\"><\/figure><\/div><p> Aqui est\u00e1 a sintaxe da caixa de entrada do VBA: <\/p><div class=\"wp-block-image\"><figure class=\"aligncenter size-full is-resized\"><img loading=\"lazy\" decoding=\"async\" class=\"wp-image-62134\" src=\"https:\/\/exceladvisor.org\/wp-content\/uploads\/2023\/08\/2-syntaxe-de-la-zone-de-saisie-vba.png\" sizes=\"auto, \" srcset=\"\" alt=\"sintaxe da caixa de entrada vba\" width=\"684\" height=\"119\"><\/figure><\/div><p> InputBox(Prompt[T\u00edtulo][Padr\u00e3o][Esquerda][Topo][HelpFile, HelpContextID][Tipo])<\/p><ol type=\"1\"><li> <strong>Prompt<\/strong> : No prompt, voc\u00ea pode especificar a mensagem que deseja exibir na caixa de entrada. Voc\u00ea pode usar no m\u00e1ximo 1.024 caracteres.<\/li><li> <strong>[T\u00edtulo]<\/strong> : Uma string exibida na barra de t\u00edtulo da \u00e1rea de entrada. Se voc\u00ea ignorar o t\u00edtulo, o nome do aplicativo ser\u00e1 colocado na barra de t\u00edtulo.<\/li><li> <strong>[Padr\u00e3o]<\/strong> : Este \u00e9 o texto padr\u00e3o que voc\u00ea deseja ter na barra de entrada padr\u00e3o para exibi-lo ao usu\u00e1rio.<\/li><li> <strong>[XPos]<\/strong> : Um n\u00famero que representa (posi\u00e7\u00e3o do eixo X) a dist\u00e2ncia do prompt do lado esquerdo da tela horizontalmente e se for deixado em branco, a \u00e1rea de entrada ser\u00e1 centralizada horizontalmente.<\/li><li> <strong>[YPos]<\/strong> : Um n\u00famero que representa (posi\u00e7\u00e3o do eixo Y) a dist\u00e2ncia do prompt do lado esquerdo da tela horizontalmente e se for deixado em branco, a \u00e1rea de entrada ser\u00e1 centralizada horizontalmente.<\/li><li> <strong>[Helpfile]<\/strong> : Para especificar um arquivo de ajuda para o usu\u00e1rio. O usu\u00e1rio pode acessar este arquivo de ajuda usando o bot\u00e3o de ajuda.<\/li><li> <strong>[contexto]<\/strong> : Uma express\u00e3o num\u00e9rica que identifica o n\u00famero do contexto de ajuda atribu\u00eddo e se o contexto for fornecido, um arquivo de ajuda tamb\u00e9m dever\u00e1 ser fornecido.<\/li><\/ol><p> Todos os argumentos entre colchetes s\u00e3o opcionais. Se voc\u00ea ignorar algum deles, ainda poder\u00e1 usar a fun\u00e7\u00e3o da caixa de entrada, mas na maioria dos casos n\u00e3o precisar\u00e1 usar mais do que os tr\u00eas primeiros argumentos.<\/p><h2 class=\"wp-block-heading\"> Como usar a caixa de entrada no c\u00f3digo VBA<\/h2><ol type=\"1\"><li> Digite \u201cInputBox\u201d e insira um espa\u00e7o e voc\u00ea obter\u00e1 uma ferramenta para os argumentos que precisa definir.<\/li><li> Especifique a mensagem \u201cPrompt\u201d que deseja mostrar ao usu\u00e1rio.<\/li><li> Defina um t\u00edtulo para a caixa de entrada, caso contr\u00e1rio, mostrar\u00e1 o t\u00edtulo padr\u00e3o.<\/li><li> Mencione o texto que deseja ter na barra de entrada padr\u00e3o. <\/li><\/ol><div class=\"wp-block-image\"><figure class=\"aligncenter size-full is-resized\"><img loading=\"lazy\" decoding=\"async\" class=\"alignnone wp-image-12601 size-large\" src=\"https:\/\/exceladvisor.org\/wp-content\/uploads\/2023\/11\/utiliser-la-boite-de-saisie-via-vba-1024x490.png\" alt=\"use-input-box-via-vba\" width=\"678\" height=\"324\" srcset=\"https:\/\/exceladvisor.org\/wp-content\/uploads\/2023\/11\/utiliser-la-boite-de-saisie-via-vba-1024x490.png 1024w, https:\/\/exceladvisor.org\/wp-content\/uploads\/2023\/11\/utiliser-la-boite-de-saisie-via-vba-300x144.png 300w, https:\/\/exceladvisor.org\/wp-content\/uploads\/2023\/11\/utiliser-la-boite-de-saisie-via-vba-768x368.png 768w, https:\/\/exceladvisor.org\/wp-content\/uploads\/2023\/11\/utiliser-la-boite-de-saisie-via-vba.png 1260w\" sizes=\"auto, (max-width: 678px) 100vw, 678px\"><\/figure><\/div><p> E quando voc\u00ea executa este c\u00f3digo, ele mostra uma caixa de entrada como esta: <\/p><div class=\"wp-block-image\"><figure class=\"aligncenter size-full is-resized\"><img loading=\"lazy\" decoding=\"async\" class=\"wp-image-62136\" src=\"https:\/\/exceladvisor.org\/wp-content\/uploads\/2023\/08\/Code-de-boite-de-saisie-a-4-executions.png\" sizes=\"auto, \" srcset=\"\" alt=\"c\u00f3digo da caixa de entrada de execu\u00e7\u00e3o\" width=\"504\" height=\"218\"><\/figure><\/div><h2 class=\"wp-block-heading\"> Exemplo de uso da caixa de entrada VBA no Excel<\/h2><p> Voc\u00ea pode estar se perguntando como pode usar uma caixa de entrada no mundo real. No exemplo a seguir, compartilhei um exemplo simples, mas poderoso.<\/p><pre class=\"wp-block-code\"> <code class=\"language-visual-basic\" lang=\"visual-basic\">Sub vba_input_box() 'variable to store the count of rows. Dim iRow As Long 'get the count cells that are filled iRow = WorksheetFunction.CountA(Range(\"A:A\")) 'get to the next blank cell in column A Cells(iRow + 1, 1).Select 'enter the value from the input box into the active cell ActiveCell = InputBox(\"What is your name?\", \"Enter Name\") End Sub<\/code><\/pre><p> O c\u00f3digo acima insere o nome na coluna A, um ap\u00f3s o outro. Ele conta as c\u00e9lulas preenchidas na coluna e passa para a pr\u00f3xima c\u00e9lula vazia. Depois disso, pegue o valor da caixa de entrada e insira-o aqui. <\/p><div class=\"wp-block-image\"><figure class=\"aligncenter size-full is-resized\"><img loading=\"lazy\" decoding=\"async\" class=\"wp-image-62137\" src=\"https:\/\/exceladvisor.org\/wp-content\/uploads\/2023\/08\/5-exemple-dutilisation-de-la-zone-de-saisie-vba.png\" sizes=\"auto, \" srcset=\"\" alt=\"exemplo de uso da caixa de entrada vba\" width=\"674\" height=\"403\"><\/figure><\/div><div class=\"gb-container gb-container-4db6181c gb-container-mt\"> <a class=\"gb-button gb-button-c5897111 gb-button-text gb-button-mt-button\" href=\"https:\/\/exceladvisor.org\/pt\/vba\/\">O que \u00e9 VBA<\/a><h2 class=\"gb-headline gb-headline-665e5f6b gb-headline-text gb-headline-mt-heading\"> Tutoriais relacionados <\/h2><div class=\"gb-grid-wrapper gb-grid-wrapper-a20baf7c gb-grid-wrapper-mt-grid\"><div class=\"gb-grid-column gb-grid-column-65ddf67e\"><div class=\"gb-container gb-container-65ddf67e\"><ul><li> <a href=\"https:\/\/exceladvisor.org\/pt\/destacar-valores-duplicados\/\">Destaque valores duplicados usando VBA<\/a><\/li><li> <a href=\"https:\/\/exceladvisor.org\/pt\/extrair-hiperlink\/\">Extraia o endere\u00e7o do hiperlink (URL) VBA<\/a><\/li><li> <a href=\"https:\/\/exceladvisor.org\/pt\/arquivos-de-texto\/\">VBA cria e grava em um arquivo de texto<\/a><\/li><li> <a href=\"https:\/\/exceladvisor.org\/pt\/atualizacao-de-tela\/\">Atualiza\u00e7\u00e3o de tela VBA<\/a><\/li><li> <a href=\"https:\/\/exceladvisor.org\/pt\/barra-de-status-1\/\">Barra de status do VBA (ocultar, mostrar e progredir)<\/a> <\/li><\/ul><\/div><\/div><div class=\"gb-grid-column gb-grid-column-50067b57\"><div class=\"gb-container gb-container-50067b57\"><\/div><\/div><\/div><\/div>","protected":false},"excerpt":{"rendered":"","protected":false},"author":1,"featured_media":0,"parent":0,"menu_order":0,"comment_status":"open","ping_status":"closed","template":"","meta":{"ub_ctt_via":"","footnotes":""},"class_list":["post-674","page","type-page","status-publish","hentry"],"featured_image_src":null,"yoast_head":"<!-- This site is optimized with the Yoast SEO plugin v25.4 - https:\/\/yoast.com\/wordpress\/plugins\/seo\/ -->\n<title>Como usar a caixa de entrada no VBA? - Consultor Excel<\/title>\n<meta name=\"description\" content=\"Como o nome sugere, Input Box \u00e9 uma fun\u00e7\u00e3o que exibe uma caixa de entrada ao usu\u00e1rio e coleta uma resposta.\" \/>\n<meta name=\"robots\" content=\"index, follow, max-snippet:-1, max-image-preview:large, max-video-preview:-1\" \/>\n<link rel=\"canonical\" href=\"https:\/\/exceladvisor.org\/pt\/campo-de-entrada\/\" \/>\n<meta property=\"og:locale\" content=\"pt_PT\" \/>\n<meta property=\"og:type\" content=\"article\" \/>\n<meta property=\"og:title\" content=\"Como usar a caixa de entrada no VBA? - Consultor Excel\" \/>\n<meta property=\"og:description\" content=\"Como o nome sugere, Input Box \u00e9 uma fun\u00e7\u00e3o que exibe uma caixa de entrada ao usu\u00e1rio e coleta uma resposta.\" \/>\n<meta property=\"og:url\" content=\"https:\/\/exceladvisor.org\/pt\/campo-de-entrada\/\" \/>\n<meta property=\"og:site_name\" content=\"Excel Advisor\" \/>\n<meta property=\"article:modified_time\" content=\"2023-12-06T11:42:32+00:00\" \/>\n<meta property=\"og:image\" content=\"https:\/\/exceladvisor.org\/wp-content\/uploads\/2023\/08\/1-champ-de-saisie-en-vba.png\" \/>\n<meta name=\"twitter:card\" content=\"summary_large_image\" \/>\n<meta name=\"twitter:label1\" content=\"Tempo estimado de leitura\" \/>\n\t<meta name=\"twitter:data1\" content=\"3 minutos\" \/>\n<script type=\"application\/ld+json\" class=\"yoast-schema-graph\">{\"@context\":\"https:\/\/schema.org\",\"@graph\":[{\"@type\":\"WebPage\",\"@id\":\"https:\/\/exceladvisor.org\/pt\/campo-de-entrada\/\",\"url\":\"https:\/\/exceladvisor.org\/pt\/campo-de-entrada\/\",\"name\":\"Como usar a caixa de entrada no VBA? - Consultor Excel\",\"isPartOf\":{\"@id\":\"https:\/\/exceladvisor.org\/pt\/#website\"},\"primaryImageOfPage\":{\"@id\":\"https:\/\/exceladvisor.org\/pt\/campo-de-entrada\/#primaryimage\"},\"image\":{\"@id\":\"https:\/\/exceladvisor.org\/pt\/campo-de-entrada\/#primaryimage\"},\"thumbnailUrl\":\"https:\/\/exceladvisor.org\/wp-content\/uploads\/2023\/08\/1-champ-de-saisie-en-vba.png\",\"datePublished\":\"2023-09-28T21:57:26+00:00\",\"dateModified\":\"2023-12-06T11:42:32+00:00\",\"description\":\"Como o nome sugere, Input Box \u00e9 uma fun\u00e7\u00e3o que exibe uma caixa de entrada ao usu\u00e1rio e coleta uma resposta.\",\"breadcrumb\":{\"@id\":\"https:\/\/exceladvisor.org\/pt\/campo-de-entrada\/#breadcrumb\"},\"inLanguage\":\"pt-PT\",\"potentialAction\":[{\"@type\":\"ReadAction\",\"target\":[\"https:\/\/exceladvisor.org\/pt\/campo-de-entrada\/\"]}]},{\"@type\":\"ImageObject\",\"inLanguage\":\"pt-PT\",\"@id\":\"https:\/\/exceladvisor.org\/pt\/campo-de-entrada\/#primaryimage\",\"url\":\"https:\/\/exceladvisor.org\/wp-content\/uploads\/2023\/08\/1-champ-de-saisie-en-vba.png\",\"contentUrl\":\"https:\/\/exceladvisor.org\/wp-content\/uploads\/2023\/08\/1-champ-de-saisie-en-vba.png\"},{\"@type\":\"BreadcrumbList\",\"@id\":\"https:\/\/exceladvisor.org\/pt\/campo-de-entrada\/#breadcrumb\",\"itemListElement\":[{\"@type\":\"ListItem\",\"position\":1,\"name\":\"Lar\",\"item\":\"https:\/\/exceladvisor.org\/pt\/\"},{\"@type\":\"ListItem\",\"position\":2,\"name\":\"Como usar a caixa de entrada no vba?\"}]},{\"@type\":\"WebSite\",\"@id\":\"https:\/\/exceladvisor.org\/pt\/#website\",\"url\":\"https:\/\/exceladvisor.org\/pt\/\",\"name\":\"Excel Advisor\",\"description\":\"O seu guia definitivo para dominar os dados!\",\"publisher\":{\"@id\":\"https:\/\/exceladvisor.org\/pt\/#organization\"},\"potentialAction\":[{\"@type\":\"SearchAction\",\"target\":{\"@type\":\"EntryPoint\",\"urlTemplate\":\"https:\/\/exceladvisor.org\/pt\/?s={search_term_string}\"},\"query-input\":{\"@type\":\"PropertyValueSpecification\",\"valueRequired\":true,\"valueName\":\"search_term_string\"}}],\"inLanguage\":\"pt-PT\"},{\"@type\":\"Organization\",\"@id\":\"https:\/\/exceladvisor.org\/pt\/#organization\",\"name\":\"Excel Advisor\",\"url\":\"https:\/\/exceladvisor.org\/pt\/\",\"logo\":{\"@type\":\"ImageObject\",\"inLanguage\":\"pt-PT\",\"@id\":\"https:\/\/exceladvisor.org\/pt\/#\/schema\/logo\/image\/\",\"url\":\"https:\/\/exceladvisor.org\/pt\/wp-content\/uploads\/2023\/12\/exceladvisor.org_.png\",\"contentUrl\":\"https:\/\/exceladvisor.org\/pt\/wp-content\/uploads\/2023\/12\/exceladvisor.org_.png\",\"width\":105,\"height\":36,\"caption\":\"Excel Advisor\"},\"image\":{\"@id\":\"https:\/\/exceladvisor.org\/pt\/#\/schema\/logo\/image\/\"}}]}<\/script>\n<!-- \/ Yoast SEO plugin. -->","yoast_head_json":{"title":"Como usar a caixa de entrada no VBA? - Consultor Excel","description":"Como o nome sugere, Input Box \u00e9 uma fun\u00e7\u00e3o que exibe uma caixa de entrada ao usu\u00e1rio e coleta uma resposta.","robots":{"index":"index","follow":"follow","max-snippet":"max-snippet:-1","max-image-preview":"max-image-preview:large","max-video-preview":"max-video-preview:-1"},"canonical":"https:\/\/exceladvisor.org\/pt\/campo-de-entrada\/","og_locale":"pt_PT","og_type":"article","og_title":"Como usar a caixa de entrada no VBA? - Consultor Excel","og_description":"Como o nome sugere, Input Box \u00e9 uma fun\u00e7\u00e3o que exibe uma caixa de entrada ao usu\u00e1rio e coleta uma resposta.","og_url":"https:\/\/exceladvisor.org\/pt\/campo-de-entrada\/","og_site_name":"Excel Advisor","article_modified_time":"2023-12-06T11:42:32+00:00","og_image":[{"url":"https:\/\/exceladvisor.org\/wp-content\/uploads\/2023\/08\/1-champ-de-saisie-en-vba.png","type":"","width":"","height":""}],"twitter_card":"summary_large_image","twitter_misc":{"Tempo estimado de leitura":"3 minutos"},"schema":{"@context":"https:\/\/schema.org","@graph":[{"@type":"WebPage","@id":"https:\/\/exceladvisor.org\/pt\/campo-de-entrada\/","url":"https:\/\/exceladvisor.org\/pt\/campo-de-entrada\/","name":"Como usar a caixa de entrada no VBA? - Consultor Excel","isPartOf":{"@id":"https:\/\/exceladvisor.org\/pt\/#website"},"primaryImageOfPage":{"@id":"https:\/\/exceladvisor.org\/pt\/campo-de-entrada\/#primaryimage"},"image":{"@id":"https:\/\/exceladvisor.org\/pt\/campo-de-entrada\/#primaryimage"},"thumbnailUrl":"https:\/\/exceladvisor.org\/wp-content\/uploads\/2023\/08\/1-champ-de-saisie-en-vba.png","datePublished":"2023-09-28T21:57:26+00:00","dateModified":"2023-12-06T11:42:32+00:00","description":"Como o nome sugere, Input Box \u00e9 uma fun\u00e7\u00e3o que exibe uma caixa de entrada ao usu\u00e1rio e coleta uma resposta.","breadcrumb":{"@id":"https:\/\/exceladvisor.org\/pt\/campo-de-entrada\/#breadcrumb"},"inLanguage":"pt-PT","potentialAction":[{"@type":"ReadAction","target":["https:\/\/exceladvisor.org\/pt\/campo-de-entrada\/"]}]},{"@type":"ImageObject","inLanguage":"pt-PT","@id":"https:\/\/exceladvisor.org\/pt\/campo-de-entrada\/#primaryimage","url":"https:\/\/exceladvisor.org\/wp-content\/uploads\/2023\/08\/1-champ-de-saisie-en-vba.png","contentUrl":"https:\/\/exceladvisor.org\/wp-content\/uploads\/2023\/08\/1-champ-de-saisie-en-vba.png"},{"@type":"BreadcrumbList","@id":"https:\/\/exceladvisor.org\/pt\/campo-de-entrada\/#breadcrumb","itemListElement":[{"@type":"ListItem","position":1,"name":"Lar","item":"https:\/\/exceladvisor.org\/pt\/"},{"@type":"ListItem","position":2,"name":"Como usar a caixa de entrada no vba?"}]},{"@type":"WebSite","@id":"https:\/\/exceladvisor.org\/pt\/#website","url":"https:\/\/exceladvisor.org\/pt\/","name":"Excel Advisor","description":"O seu guia definitivo para dominar os dados!","publisher":{"@id":"https:\/\/exceladvisor.org\/pt\/#organization"},"potentialAction":[{"@type":"SearchAction","target":{"@type":"EntryPoint","urlTemplate":"https:\/\/exceladvisor.org\/pt\/?s={search_term_string}"},"query-input":{"@type":"PropertyValueSpecification","valueRequired":true,"valueName":"search_term_string"}}],"inLanguage":"pt-PT"},{"@type":"Organization","@id":"https:\/\/exceladvisor.org\/pt\/#organization","name":"Excel Advisor","url":"https:\/\/exceladvisor.org\/pt\/","logo":{"@type":"ImageObject","inLanguage":"pt-PT","@id":"https:\/\/exceladvisor.org\/pt\/#\/schema\/logo\/image\/","url":"https:\/\/exceladvisor.org\/pt\/wp-content\/uploads\/2023\/12\/exceladvisor.org_.png","contentUrl":"https:\/\/exceladvisor.org\/pt\/wp-content\/uploads\/2023\/12\/exceladvisor.org_.png","width":105,"height":36,"caption":"Excel Advisor"},"image":{"@id":"https:\/\/exceladvisor.org\/pt\/#\/schema\/logo\/image\/"}}]}},"yoast_meta":{"yoast_wpseo_title":"","yoast_wpseo_metadesc":"","yoast_wpseo_canonical":""},"_links":{"self":[{"href":"https:\/\/exceladvisor.org\/pt\/wp-json\/wp\/v2\/pages\/674","targetHints":{"allow":["GET"]}}],"collection":[{"href":"https:\/\/exceladvisor.org\/pt\/wp-json\/wp\/v2\/pages"}],"about":[{"href":"https:\/\/exceladvisor.org\/pt\/wp-json\/wp\/v2\/types\/page"}],"author":[{"embeddable":true,"href":"https:\/\/exceladvisor.org\/pt\/wp-json\/wp\/v2\/users\/1"}],"replies":[{"embeddable":true,"href":"https:\/\/exceladvisor.org\/pt\/wp-json\/wp\/v2\/comments?post=674"}],"version-history":[{"count":1,"href":"https:\/\/exceladvisor.org\/pt\/wp-json\/wp\/v2\/pages\/674\/revisions"}],"predecessor-version":[{"id":1217,"href":"https:\/\/exceladvisor.org\/pt\/wp-json\/wp\/v2\/pages\/674\/revisions\/1217"}],"wp:attachment":[{"href":"https:\/\/exceladvisor.org\/pt\/wp-json\/wp\/v2\/media?parent=674"}],"curies":[{"name":"wp","href":"https:\/\/api.w.org\/{rel}","templated":true}]}}