{"id":675,"date":"2023-09-28T21:42:37","date_gmt":"2023-09-28T21:42:37","guid":{"rendered":"https:\/\/exceladvisor.org\/pt\/partida-2\/"},"modified":"2023-12-06T11:42:40","modified_gmt":"2023-12-06T11:42:40","slug":"partida-2","status":"publish","type":"page","link":"https:\/\/exceladvisor.org\/pt\/partida-2\/","title":{"rendered":"Como usar a fun\u00e7\u00e3o match no vba?"},"content":{"rendered":"<div class=\"excel-before-content-2\" id=\"excel-3436651186\"><script type=\"text\/javascript\">\r\n\tatOptions = {\r\n\t\t'key' : 'c1158f160081d6540a8409e6925dab94',\r\n\t\t'format' : 'iframe',\r\n\t\t'height' : 250,\r\n\t\t'width' : 300,\r\n\t\t'params' : {}\r\n\t};\r\n<\/script>\r\n<script type=\"text\/javascript\" src=\"\/\/www.highperformanceformat.com\/c1158f160081d6540a8409e6925dab94\/invoke.js\"><\/script><\/div><div class=\"excel-before-content\" id=\"excel-3829265792\"><script type=\"text\/javascript\">\r\n\tatOptions = {\r\n\t\t'key' : 'c1158f160081d6540a8409e6925dab94',\r\n\t\t'format' : 'iframe',\r\n\t\t'height' : 250,\r\n\t\t'width' : 300,\r\n\t\t'params' : {}\r\n\t};\r\n<\/script>\r\n<script type=\"text\/javascript\" src=\"\/\/www.highperformanceformat.com\/c1158f160081d6540a8409e6925dab94\/invoke.js\"><\/script><\/div> <p>Existem fun\u00e7\u00f5es no VBA que voc\u00ea pode usar, mas voc\u00ea n\u00e3o pode usar nenhuma fun\u00e7\u00e3o equivalente a MATCH. Mas existe uma maneira que podemos usar para usar essas fun\u00e7\u00f5es. No VBA, existe <a href=\"https:\/\/exceladvisor.org\/pt\/funcao-de-planilha\/\">uma propriedade WorksheetFunction<\/a> que pode ajud\u00e1-lo a acessar fun\u00e7\u00f5es de planilha para uso em uma macro.<\/p><h2 class=\"wp-block-heading\"> Usando correspond\u00eancia em VBA<\/h2><p> Como eu disse, vamos usar a fun\u00e7\u00e3o planilha na macro, mas tem uma coisa que voc\u00ea precisa tomar cuidado ao usar a fun\u00e7\u00e3o planilha corretamente, ela n\u00e3o vai te mostrar o nome dos argumentos da fun\u00e7\u00e3o, ent\u00e3o certifique-se de verificar todos os argumentos que precisamos especificar na partida. Abaixo est\u00e1 o exemplo de filmagem para sua refer\u00eancia. <\/p><div class=\"wp-block-image\"><figure class=\"aligncenter size-full is-resized\"><img loading=\"lazy\" decoding=\"async\" class=\"wp-image-62175\" src=\"https:\/\/exceladvisor.org\/wp-content\/uploads\/2023\/08\/1-fonction-de-correspondance-dans-vba.png\" sizes=\"auto, \" srcset=\"\" alt=\"fun\u00e7\u00e3o de correspond\u00eancia em vba\" width=\"516\" height=\"155\"><\/figure><\/div><p> Aqui est\u00e1 o exemplo onde temos uma lista de n\u00fameros aleat\u00f3rios e voc\u00ea precisa corresponder ao n\u00famero \u201c943\u201d. <\/p><div class=\"wp-block-image\"><figure class=\"aligncenter size-full is-resized\"><img loading=\"lazy\" decoding=\"async\" class=\"wp-image-62176\" src=\"https:\/\/exceladvisor.org\/wp-content\/uploads\/2023\/08\/2-numeros-aleatoires.png\" sizes=\"auto, \" srcset=\"\" alt=\"N\u00fameros aleat\u00f3rios\" width=\"171\" height=\"236\"><\/figure><\/div><p> Agora abra o <a href=\"https:\/\/exceladvisor.org\/pt\/editor-visual-basico\/\">Editor do Visual Basic<\/a> , insira um novo <a href=\"https:\/\/exceladvisor.org\/pt\/modulo\/\">m\u00f3dulo<\/a> e siga os passos abaixo.<\/p><pre class=\"wp-block-code\"> <code class=\"language-visual-basic\" lang=\"visual-basic\">Range(\"B1\") = WorksheetFunction.Match(943, Range(\"A:A\"), 0)<\/code><\/pre><ol type=\"1\"><li> Insira a propriedade da planilha e digite um ponto para obter a lista de fun\u00e7\u00f5es.<\/li><li> Selecione a fun\u00e7\u00e3o de correspond\u00eancia ou voc\u00ea tamb\u00e9m pode inseri-la.<\/li><li> Digite um par\u00eantese de abertura para especificar os argumentos.<\/li><li> Nos argumentos, voc\u00ea deve especificar o valor a ser pesquisado, o intervalo a ser examinado e o tipo de correspond\u00eancia.<\/li><li> No final, use uma refer\u00eancia de c\u00e9lula para obter o resultado da fun\u00e7\u00e3o. <\/li><\/ol><div class=\"wp-block-image\"><figure class=\"aligncenter size-full is-resized\"><img loading=\"lazy\" decoding=\"async\" class=\"wp-image-62177\" src=\"https:\/\/exceladvisor.org\/wp-content\/uploads\/2023\/08\/3-vba-pour-la-fonction-match.png\" sizes=\"auto, \" srcset=\"\" alt=\"fun\u00e7\u00e3o vba para correspond\u00eancia\" width=\"672\" height=\"444\"><\/figure><\/div><div class=\"gb-container gb-container-4db6181c gb-container-mt\"> <a class=\"gb-button gb-button-c5897111 gb-button-text gb-button-mt-button\" href=\"https:\/\/exceladvisor.org\/pt\/vba\/\">O que \u00e9 VBA<\/a><h2 class=\"gb-headline gb-headline-665e5f6b gb-headline-text gb-headline-mt-heading\"> Tutoriais relacionados <\/h2><div class=\"gb-grid-wrapper gb-grid-wrapper-a20baf7c gb-grid-wrapper-mt-grid\"><div class=\"gb-grid-column gb-grid-column-65ddf67e\"><div class=\"gb-container gb-container-65ddf67e\"><ul><li> <a href=\"https:\/\/exceladvisor.org\/pt\/media-2\/\">Valores m\u00e9dios no Excel com VBA<\/a><\/li><li> <a href=\"https:\/\/exceladvisor.org\/pt\/data-de-hoje-hora-atual\/\">Obtenha a data e a hora atual usando VBA<\/a><\/li><li> <a href=\"https:\/\/exceladvisor.org\/pt\/soma-1\/\">Soma valores no Excel usando VBA<\/a><\/li><li> <a href=\"https:\/\/exceladvisor.org\/pt\/modo-1\/\">MOD em VBA<\/a><\/li><li> <a href=\"https:\/\/exceladvisor.org\/pt\/funcao-de-planilha\/\">Fun\u00e7\u00e3o de planilha VBA<\/a><\/li><\/ul><\/div><\/div><\/div><\/div>","protected":false},"excerpt":{"rendered":"","protected":false},"author":1,"featured_media":0,"parent":0,"menu_order":0,"comment_status":"open","ping_status":"closed","template":"","meta":{"ub_ctt_via":"","footnotes":""},"class_list":["post-675","page","type-page","status-publish","hentry"],"featured_image_src":null,"yoast_head":"<!-- This site is optimized with the Yoast SEO plugin v25.4 - https:\/\/yoast.com\/wordpress\/plugins\/seo\/ -->\n<title>Como usar a fun\u00e7\u00e3o match no VBA?<\/title>\n<meta name=\"description\" content=\"Existem fun\u00e7\u00f5es no VBA que voc\u00ea pode usar, mas voc\u00ea n\u00e3o pode usar nenhuma fun\u00e7\u00e3o equivalente a MATCH.\" \/>\n<meta name=\"robots\" content=\"index, follow, max-snippet:-1, max-image-preview:large, max-video-preview:-1\" \/>\n<link rel=\"canonical\" href=\"https:\/\/exceladvisor.org\/pt\/partida-2\/\" \/>\n<meta property=\"og:locale\" content=\"pt_PT\" \/>\n<meta property=\"og:type\" content=\"article\" \/>\n<meta property=\"og:title\" content=\"Como usar a fun\u00e7\u00e3o match no VBA?\" \/>\n<meta property=\"og:description\" content=\"Existem fun\u00e7\u00f5es no VBA que voc\u00ea pode usar, mas voc\u00ea n\u00e3o pode usar nenhuma fun\u00e7\u00e3o equivalente a MATCH.\" \/>\n<meta property=\"og:url\" content=\"https:\/\/exceladvisor.org\/pt\/partida-2\/\" \/>\n<meta property=\"og:site_name\" content=\"Excel Advisor\" \/>\n<meta property=\"article:modified_time\" content=\"2023-12-06T11:42:40+00:00\" \/>\n<meta property=\"og:image\" content=\"https:\/\/exceladvisor.org\/wp-content\/uploads\/2023\/08\/1-fonction-de-correspondance-dans-vba.png\" \/>\n<meta name=\"twitter:card\" content=\"summary_large_image\" \/>\n<meta name=\"twitter:label1\" content=\"Tempo estimado de leitura\" \/>\n\t<meta name=\"twitter:data1\" content=\"1 minuto\" \/>\n<script type=\"application\/ld+json\" class=\"yoast-schema-graph\">{\"@context\":\"https:\/\/schema.org\",\"@graph\":[{\"@type\":\"WebPage\",\"@id\":\"https:\/\/exceladvisor.org\/pt\/partida-2\/\",\"url\":\"https:\/\/exceladvisor.org\/pt\/partida-2\/\",\"name\":\"Como usar a fun\u00e7\u00e3o match no VBA?\",\"isPartOf\":{\"@id\":\"https:\/\/exceladvisor.org\/pt\/#website\"},\"primaryImageOfPage\":{\"@id\":\"https:\/\/exceladvisor.org\/pt\/partida-2\/#primaryimage\"},\"image\":{\"@id\":\"https:\/\/exceladvisor.org\/pt\/partida-2\/#primaryimage\"},\"thumbnailUrl\":\"https:\/\/exceladvisor.org\/wp-content\/uploads\/2023\/08\/1-fonction-de-correspondance-dans-vba.png\",\"datePublished\":\"2023-09-28T21:42:37+00:00\",\"dateModified\":\"2023-12-06T11:42:40+00:00\",\"description\":\"Existem fun\u00e7\u00f5es no VBA que voc\u00ea pode usar, mas voc\u00ea n\u00e3o pode usar nenhuma fun\u00e7\u00e3o equivalente a MATCH.\",\"breadcrumb\":{\"@id\":\"https:\/\/exceladvisor.org\/pt\/partida-2\/#breadcrumb\"},\"inLanguage\":\"pt-PT\",\"potentialAction\":[{\"@type\":\"ReadAction\",\"target\":[\"https:\/\/exceladvisor.org\/pt\/partida-2\/\"]}]},{\"@type\":\"ImageObject\",\"inLanguage\":\"pt-PT\",\"@id\":\"https:\/\/exceladvisor.org\/pt\/partida-2\/#primaryimage\",\"url\":\"https:\/\/exceladvisor.org\/wp-content\/uploads\/2023\/08\/1-fonction-de-correspondance-dans-vba.png\",\"contentUrl\":\"https:\/\/exceladvisor.org\/wp-content\/uploads\/2023\/08\/1-fonction-de-correspondance-dans-vba.png\"},{\"@type\":\"BreadcrumbList\",\"@id\":\"https:\/\/exceladvisor.org\/pt\/partida-2\/#breadcrumb\",\"itemListElement\":[{\"@type\":\"ListItem\",\"position\":1,\"name\":\"Lar\",\"item\":\"https:\/\/exceladvisor.org\/pt\/\"},{\"@type\":\"ListItem\",\"position\":2,\"name\":\"Como usar a fun\u00e7\u00e3o match no vba?\"}]},{\"@type\":\"WebSite\",\"@id\":\"https:\/\/exceladvisor.org\/pt\/#website\",\"url\":\"https:\/\/exceladvisor.org\/pt\/\",\"name\":\"Excel Advisor\",\"description\":\"O seu guia definitivo para dominar os dados!\",\"publisher\":{\"@id\":\"https:\/\/exceladvisor.org\/pt\/#organization\"},\"potentialAction\":[{\"@type\":\"SearchAction\",\"target\":{\"@type\":\"EntryPoint\",\"urlTemplate\":\"https:\/\/exceladvisor.org\/pt\/?s={search_term_string}\"},\"query-input\":{\"@type\":\"PropertyValueSpecification\",\"valueRequired\":true,\"valueName\":\"search_term_string\"}}],\"inLanguage\":\"pt-PT\"},{\"@type\":\"Organization\",\"@id\":\"https:\/\/exceladvisor.org\/pt\/#organization\",\"name\":\"Excel Advisor\",\"url\":\"https:\/\/exceladvisor.org\/pt\/\",\"logo\":{\"@type\":\"ImageObject\",\"inLanguage\":\"pt-PT\",\"@id\":\"https:\/\/exceladvisor.org\/pt\/#\/schema\/logo\/image\/\",\"url\":\"https:\/\/exceladvisor.org\/pt\/wp-content\/uploads\/2023\/12\/exceladvisor.org_.png\",\"contentUrl\":\"https:\/\/exceladvisor.org\/pt\/wp-content\/uploads\/2023\/12\/exceladvisor.org_.png\",\"width\":105,\"height\":36,\"caption\":\"Excel Advisor\"},\"image\":{\"@id\":\"https:\/\/exceladvisor.org\/pt\/#\/schema\/logo\/image\/\"}}]}<\/script>\n<!-- \/ Yoast SEO plugin. -->","yoast_head_json":{"title":"Como usar a fun\u00e7\u00e3o match no VBA?","description":"Existem fun\u00e7\u00f5es no VBA que voc\u00ea pode usar, mas voc\u00ea n\u00e3o pode usar nenhuma fun\u00e7\u00e3o equivalente a MATCH.","robots":{"index":"index","follow":"follow","max-snippet":"max-snippet:-1","max-image-preview":"max-image-preview:large","max-video-preview":"max-video-preview:-1"},"canonical":"https:\/\/exceladvisor.org\/pt\/partida-2\/","og_locale":"pt_PT","og_type":"article","og_title":"Como usar a fun\u00e7\u00e3o match no VBA?","og_description":"Existem fun\u00e7\u00f5es no VBA que voc\u00ea pode usar, mas voc\u00ea n\u00e3o pode usar nenhuma fun\u00e7\u00e3o equivalente a MATCH.","og_url":"https:\/\/exceladvisor.org\/pt\/partida-2\/","og_site_name":"Excel Advisor","article_modified_time":"2023-12-06T11:42:40+00:00","og_image":[{"url":"https:\/\/exceladvisor.org\/wp-content\/uploads\/2023\/08\/1-fonction-de-correspondance-dans-vba.png","type":"","width":"","height":""}],"twitter_card":"summary_large_image","twitter_misc":{"Tempo estimado de leitura":"1 minuto"},"schema":{"@context":"https:\/\/schema.org","@graph":[{"@type":"WebPage","@id":"https:\/\/exceladvisor.org\/pt\/partida-2\/","url":"https:\/\/exceladvisor.org\/pt\/partida-2\/","name":"Como usar a fun\u00e7\u00e3o match no VBA?","isPartOf":{"@id":"https:\/\/exceladvisor.org\/pt\/#website"},"primaryImageOfPage":{"@id":"https:\/\/exceladvisor.org\/pt\/partida-2\/#primaryimage"},"image":{"@id":"https:\/\/exceladvisor.org\/pt\/partida-2\/#primaryimage"},"thumbnailUrl":"https:\/\/exceladvisor.org\/wp-content\/uploads\/2023\/08\/1-fonction-de-correspondance-dans-vba.png","datePublished":"2023-09-28T21:42:37+00:00","dateModified":"2023-12-06T11:42:40+00:00","description":"Existem fun\u00e7\u00f5es no VBA que voc\u00ea pode usar, mas voc\u00ea n\u00e3o pode usar nenhuma fun\u00e7\u00e3o equivalente a MATCH.","breadcrumb":{"@id":"https:\/\/exceladvisor.org\/pt\/partida-2\/#breadcrumb"},"inLanguage":"pt-PT","potentialAction":[{"@type":"ReadAction","target":["https:\/\/exceladvisor.org\/pt\/partida-2\/"]}]},{"@type":"ImageObject","inLanguage":"pt-PT","@id":"https:\/\/exceladvisor.org\/pt\/partida-2\/#primaryimage","url":"https:\/\/exceladvisor.org\/wp-content\/uploads\/2023\/08\/1-fonction-de-correspondance-dans-vba.png","contentUrl":"https:\/\/exceladvisor.org\/wp-content\/uploads\/2023\/08\/1-fonction-de-correspondance-dans-vba.png"},{"@type":"BreadcrumbList","@id":"https:\/\/exceladvisor.org\/pt\/partida-2\/#breadcrumb","itemListElement":[{"@type":"ListItem","position":1,"name":"Lar","item":"https:\/\/exceladvisor.org\/pt\/"},{"@type":"ListItem","position":2,"name":"Como usar a fun\u00e7\u00e3o match no vba?"}]},{"@type":"WebSite","@id":"https:\/\/exceladvisor.org\/pt\/#website","url":"https:\/\/exceladvisor.org\/pt\/","name":"Excel Advisor","description":"O seu guia definitivo para dominar os dados!","publisher":{"@id":"https:\/\/exceladvisor.org\/pt\/#organization"},"potentialAction":[{"@type":"SearchAction","target":{"@type":"EntryPoint","urlTemplate":"https:\/\/exceladvisor.org\/pt\/?s={search_term_string}"},"query-input":{"@type":"PropertyValueSpecification","valueRequired":true,"valueName":"search_term_string"}}],"inLanguage":"pt-PT"},{"@type":"Organization","@id":"https:\/\/exceladvisor.org\/pt\/#organization","name":"Excel Advisor","url":"https:\/\/exceladvisor.org\/pt\/","logo":{"@type":"ImageObject","inLanguage":"pt-PT","@id":"https:\/\/exceladvisor.org\/pt\/#\/schema\/logo\/image\/","url":"https:\/\/exceladvisor.org\/pt\/wp-content\/uploads\/2023\/12\/exceladvisor.org_.png","contentUrl":"https:\/\/exceladvisor.org\/pt\/wp-content\/uploads\/2023\/12\/exceladvisor.org_.png","width":105,"height":36,"caption":"Excel Advisor"},"image":{"@id":"https:\/\/exceladvisor.org\/pt\/#\/schema\/logo\/image\/"}}]}},"yoast_meta":{"yoast_wpseo_title":"","yoast_wpseo_metadesc":"","yoast_wpseo_canonical":""},"_links":{"self":[{"href":"https:\/\/exceladvisor.org\/pt\/wp-json\/wp\/v2\/pages\/675","targetHints":{"allow":["GET"]}}],"collection":[{"href":"https:\/\/exceladvisor.org\/pt\/wp-json\/wp\/v2\/pages"}],"about":[{"href":"https:\/\/exceladvisor.org\/pt\/wp-json\/wp\/v2\/types\/page"}],"author":[{"embeddable":true,"href":"https:\/\/exceladvisor.org\/pt\/wp-json\/wp\/v2\/users\/1"}],"replies":[{"embeddable":true,"href":"https:\/\/exceladvisor.org\/pt\/wp-json\/wp\/v2\/comments?post=675"}],"version-history":[{"count":1,"href":"https:\/\/exceladvisor.org\/pt\/wp-json\/wp\/v2\/pages\/675\/revisions"}],"predecessor-version":[{"id":1228,"href":"https:\/\/exceladvisor.org\/pt\/wp-json\/wp\/v2\/pages\/675\/revisions\/1228"}],"wp:attachment":[{"href":"https:\/\/exceladvisor.org\/pt\/wp-json\/wp\/v2\/media?parent=675"}],"curies":[{"name":"wp","href":"https:\/\/api.w.org\/{rel}","templated":true}]}}