{"id":676,"date":"2023-09-28T21:29:23","date_gmt":"2023-09-28T21:29:23","guid":{"rendered":"https:\/\/exceladvisor.org\/pt\/modo-1\/"},"modified":"2023-12-06T11:50:06","modified_gmt":"2023-12-06T11:50:06","slug":"modo-1","status":"publish","type":"page","link":"https:\/\/exceladvisor.org\/pt\/modo-1\/","title":{"rendered":"Como usar mod em vba?"},"content":{"rendered":"<div class=\"excel-before-content-2\" id=\"excel-726003924\"><script type=\"text\/javascript\">\r\n\tatOptions = {\r\n\t\t'key' : 'c1158f160081d6540a8409e6925dab94',\r\n\t\t'format' : 'iframe',\r\n\t\t'height' : 250,\r\n\t\t'width' : 300,\r\n\t\t'params' : {}\r\n\t};\r\n<\/script>\r\n<script type=\"text\/javascript\" src=\"\/\/www.highperformanceformat.com\/c1158f160081d6540a8409e6925dab94\/invoke.js\"><\/script><\/div><div class=\"excel-before-content\" id=\"excel-340396658\"><script type=\"text\/javascript\">\r\n\tatOptions = {\r\n\t\t'key' : 'c1158f160081d6540a8409e6925dab94',\r\n\t\t'format' : 'iframe',\r\n\t\t'height' : 250,\r\n\t\t'width' : 300,\r\n\t\t'params' : {}\r\n\t};\r\n<\/script>\r\n<script type=\"text\/javascript\" src=\"\/\/www.highperformanceformat.com\/c1158f160081d6540a8409e6925dab94\/invoke.js\"><\/script><\/div> <p>No VBA, MOD \u00e9 um operador, n\u00e3o uma fun\u00e7\u00e3o e este operador ajuda a dividir dois n\u00fameros e retorna o valor restante no resultado.<\/p><p> Isso \u00e9 equivalente \u00e0 fun\u00e7\u00e3o mod do Excel.<\/p><p> Voc\u00ea pode usar o mod de v\u00e1rias maneiras e neste tutorial veremos alguns exemplos. Siga as etapas abaixo para usar o operador mod no VBA:<\/p><pre class=\"wp-block-code\"> <code class=\"language-visual-basic\" lang=\"visual-basic\">Range(\"A1\") = 10 Mod 3<\/code><\/pre><ol type=\"1\"><li> Especifique o primeiro n\u00famero que deseja dividir.<\/li><li> Depois disso, insira o operador \u201cmod\u201d.<\/li><li> Agora insira um n\u00famero pelo qual deseja dividir.<\/li><li> No final use uma caixa de mensagem ou c\u00e9lula para obter o restante da divis\u00e3o. <\/li><\/ol><div class=\"wp-block-image\"><figure class=\"aligncenter size-full is-resized\"><img loading=\"lazy\" decoding=\"async\" class=\"wp-image-62196\" src=\"https:\/\/exceladvisor.org\/wp-content\/uploads\/2023\/08\/1-module-en-vba.png\" sizes=\"auto, \" srcset=\"\" alt=\"mod-em-vba\" width=\"455\" height=\"378\"><\/figure><\/div><p> Da mesma forma, voc\u00ea tamb\u00e9m pode obter o restante usando uma caixa de mensagem.<\/p><p> E no c\u00f3digo a seguir usamos uma caixa de mensagem e depois usamos o operador mod para obter o restante ap\u00f3s a divis\u00e3o.<\/p><pre class=\"wp-block-code\"> <code class=\"language-visual-basic\" lang=\"visual-basic\">MsgBox 9 Mod 3<\/code><\/pre><p> E quando voc\u00ea executa esse c\u00f3digo ele retorna zero no resultado na caixa de mensagem porque quando voc\u00ea divide 9 por 3 n\u00e3o sobra resto assim como no resultado desse c\u00f3digo. <\/p><div class=\"wp-block-image\"><figure class=\"aligncenter size-full is-resized\"><img loading=\"lazy\" decoding=\"async\" class=\"wp-image-62197\" src=\"https:\/\/exceladvisor.org\/wp-content\/uploads\/2023\/08\/2-boites-de-message.png\" sizes=\"auto, \" srcset=\"\" alt=\"Mensagens\" width=\"168\" height=\"199\"><\/figure><\/div><p class=\"qt-tip\"> <strong>Nota:<\/strong> Como eu disse, tamb\u00e9m existe uma fun\u00e7\u00e3o no Excel para obter o resto da divis\u00e3o de dois n\u00fameros e h\u00e1 algumas situa\u00e7\u00f5es em que voc\u00ea descobrir\u00e1 que o resultado obtido no Excel ser\u00e1 diferente do resultado obtido no VBA.<\/p><h2 class=\"wp-block-heading\"> Erro no MOD<\/h2><p> Se voc\u00ea tentar dividir um n\u00famero por zero, ele sempre retornar\u00e1 um erro de divis\u00e3o por zero.<\/p><pre class=\"wp-block-code\"> <code class=\"language-visual-basic\" lang=\"visual-basic\">Debug.Print 10 Mod 0<\/code><\/pre><p> E o c\u00f3digo acima gera esse erro.<\/p><div class=\"gb-container gb-container-4db6181c gb-container-mt\"> <a class=\"gb-button gb-button-c5897111 gb-button-text gb-button-mt-button\" href=\"https:\/\/exceladvisor.org\/pt\/vba\/\">O que \u00e9 VBA<\/a><h2 class=\"gb-headline gb-headline-665e5f6b gb-headline-text gb-headline-mt-heading\"> Tutoriais relacionados <\/h2><div class=\"gb-grid-wrapper gb-grid-wrapper-a20baf7c gb-grid-wrapper-mt-grid\"><div class=\"gb-grid-column gb-grid-column-65ddf67e\"><div class=\"gb-container gb-container-65ddf67e\"><ul><li> <a href=\"https:\/\/exceladvisor.org\/pt\/media-2\/\">Valores m\u00e9dios no Excel com VBA<\/a><\/li><li> <a href=\"https:\/\/exceladvisor.org\/pt\/data-de-hoje-hora-atual\/\">Obtenha a data e a hora atual usando VBA<\/a><\/li><li> <a href=\"https:\/\/exceladvisor.org\/pt\/soma-1\/\">Soma valores no Excel usando VBA<\/a><\/li><li> <a href=\"https:\/\/exceladvisor.org\/pt\/partida-2\/\">Fun\u00e7\u00e3o de correspond\u00eancia em VBA<\/a><\/li><li> <a href=\"https:\/\/exceladvisor.org\/pt\/funcao-de-planilha\/\">Fun\u00e7\u00e3o de planilha VBA<\/a> <\/li><\/ul><\/div><\/div><div class=\"gb-grid-column gb-grid-column-50067b57\"><div class=\"gb-container gb-container-50067b57\"><\/div><\/div><\/div><\/div>","protected":false},"excerpt":{"rendered":"","protected":false},"author":1,"featured_media":0,"parent":0,"menu_order":0,"comment_status":"open","ping_status":"closed","template":"","meta":{"ub_ctt_via":"","footnotes":""},"class_list":["post-676","page","type-page","status-publish","hentry"],"featured_image_src":null,"yoast_head":"<!-- This site is optimized with the Yoast SEO plugin v25.4 - https:\/\/yoast.com\/wordpress\/plugins\/seo\/ -->\n<title>\u25b7 Como usar MOD em VBA? (Tutorial 2023)<\/title>\n<meta name=\"description\" content=\"Neste tutorial VBA, aprenderemos como usar MOD em um c\u00f3digo. Voc\u00ea pode us\u00e1-lo de v\u00e1rias maneiras e neste tutorial\" \/>\n<meta name=\"robots\" content=\"index, follow, max-snippet:-1, max-image-preview:large, max-video-preview:-1\" \/>\n<link rel=\"canonical\" href=\"https:\/\/exceladvisor.org\/pt\/modo-1\/\" \/>\n<meta property=\"og:locale\" content=\"pt_PT\" \/>\n<meta property=\"og:type\" content=\"article\" \/>\n<meta property=\"og:title\" content=\"\u25b7 Como usar MOD em VBA? (Tutorial 2023)\" \/>\n<meta property=\"og:description\" content=\"Neste tutorial VBA, aprenderemos como usar MOD em um c\u00f3digo. Voc\u00ea pode us\u00e1-lo de v\u00e1rias maneiras e neste tutorial\" \/>\n<meta property=\"og:url\" content=\"https:\/\/exceladvisor.org\/pt\/modo-1\/\" \/>\n<meta property=\"og:site_name\" content=\"Excel Advisor\" \/>\n<meta property=\"article:modified_time\" content=\"2023-12-06T11:50:06+00:00\" \/>\n<meta property=\"og:image\" content=\"https:\/\/exceladvisor.org\/wp-content\/uploads\/2023\/08\/1-module-en-vba.png\" \/>\n<meta name=\"twitter:card\" content=\"summary_large_image\" \/>\n<meta name=\"twitter:label1\" content=\"Tempo estimado de leitura\" \/>\n\t<meta name=\"twitter:data1\" content=\"1 minuto\" \/>\n<script type=\"application\/ld+json\" class=\"yoast-schema-graph\">{\"@context\":\"https:\/\/schema.org\",\"@graph\":[{\"@type\":\"WebPage\",\"@id\":\"https:\/\/exceladvisor.org\/pt\/modo-1\/\",\"url\":\"https:\/\/exceladvisor.org\/pt\/modo-1\/\",\"name\":\"\u25b7 Como usar MOD em VBA? (Tutorial 2023)\",\"isPartOf\":{\"@id\":\"https:\/\/exceladvisor.org\/pt\/#website\"},\"primaryImageOfPage\":{\"@id\":\"https:\/\/exceladvisor.org\/pt\/modo-1\/#primaryimage\"},\"image\":{\"@id\":\"https:\/\/exceladvisor.org\/pt\/modo-1\/#primaryimage\"},\"thumbnailUrl\":\"https:\/\/exceladvisor.org\/wp-content\/uploads\/2023\/08\/1-module-en-vba.png\",\"datePublished\":\"2023-09-28T21:29:23+00:00\",\"dateModified\":\"2023-12-06T11:50:06+00:00\",\"description\":\"Neste tutorial VBA, aprenderemos como usar MOD em um c\u00f3digo. Voc\u00ea pode us\u00e1-lo de v\u00e1rias maneiras e neste tutorial\",\"breadcrumb\":{\"@id\":\"https:\/\/exceladvisor.org\/pt\/modo-1\/#breadcrumb\"},\"inLanguage\":\"pt-PT\",\"potentialAction\":[{\"@type\":\"ReadAction\",\"target\":[\"https:\/\/exceladvisor.org\/pt\/modo-1\/\"]}]},{\"@type\":\"ImageObject\",\"inLanguage\":\"pt-PT\",\"@id\":\"https:\/\/exceladvisor.org\/pt\/modo-1\/#primaryimage\",\"url\":\"https:\/\/exceladvisor.org\/wp-content\/uploads\/2023\/08\/1-module-en-vba.png\",\"contentUrl\":\"https:\/\/exceladvisor.org\/wp-content\/uploads\/2023\/08\/1-module-en-vba.png\"},{\"@type\":\"BreadcrumbList\",\"@id\":\"https:\/\/exceladvisor.org\/pt\/modo-1\/#breadcrumb\",\"itemListElement\":[{\"@type\":\"ListItem\",\"position\":1,\"name\":\"Lar\",\"item\":\"https:\/\/exceladvisor.org\/pt\/\"},{\"@type\":\"ListItem\",\"position\":2,\"name\":\"Como usar mod em vba?\"}]},{\"@type\":\"WebSite\",\"@id\":\"https:\/\/exceladvisor.org\/pt\/#website\",\"url\":\"https:\/\/exceladvisor.org\/pt\/\",\"name\":\"Excel Advisor\",\"description\":\"O seu guia definitivo para dominar os dados!\",\"publisher\":{\"@id\":\"https:\/\/exceladvisor.org\/pt\/#organization\"},\"potentialAction\":[{\"@type\":\"SearchAction\",\"target\":{\"@type\":\"EntryPoint\",\"urlTemplate\":\"https:\/\/exceladvisor.org\/pt\/?s={search_term_string}\"},\"query-input\":{\"@type\":\"PropertyValueSpecification\",\"valueRequired\":true,\"valueName\":\"search_term_string\"}}],\"inLanguage\":\"pt-PT\"},{\"@type\":\"Organization\",\"@id\":\"https:\/\/exceladvisor.org\/pt\/#organization\",\"name\":\"Excel Advisor\",\"url\":\"https:\/\/exceladvisor.org\/pt\/\",\"logo\":{\"@type\":\"ImageObject\",\"inLanguage\":\"pt-PT\",\"@id\":\"https:\/\/exceladvisor.org\/pt\/#\/schema\/logo\/image\/\",\"url\":\"https:\/\/exceladvisor.org\/pt\/wp-content\/uploads\/2023\/12\/exceladvisor.org_.png\",\"contentUrl\":\"https:\/\/exceladvisor.org\/pt\/wp-content\/uploads\/2023\/12\/exceladvisor.org_.png\",\"width\":105,\"height\":36,\"caption\":\"Excel Advisor\"},\"image\":{\"@id\":\"https:\/\/exceladvisor.org\/pt\/#\/schema\/logo\/image\/\"}}]}<\/script>\n<!-- \/ Yoast SEO plugin. -->","yoast_head_json":{"title":"\u25b7 Como usar MOD em VBA? (Tutorial 2023)","description":"Neste tutorial VBA, aprenderemos como usar MOD em um c\u00f3digo. Voc\u00ea pode us\u00e1-lo de v\u00e1rias maneiras e neste tutorial","robots":{"index":"index","follow":"follow","max-snippet":"max-snippet:-1","max-image-preview":"max-image-preview:large","max-video-preview":"max-video-preview:-1"},"canonical":"https:\/\/exceladvisor.org\/pt\/modo-1\/","og_locale":"pt_PT","og_type":"article","og_title":"\u25b7 Como usar MOD em VBA? (Tutorial 2023)","og_description":"Neste tutorial VBA, aprenderemos como usar MOD em um c\u00f3digo. Voc\u00ea pode us\u00e1-lo de v\u00e1rias maneiras e neste tutorial","og_url":"https:\/\/exceladvisor.org\/pt\/modo-1\/","og_site_name":"Excel Advisor","article_modified_time":"2023-12-06T11:50:06+00:00","og_image":[{"url":"https:\/\/exceladvisor.org\/wp-content\/uploads\/2023\/08\/1-module-en-vba.png","type":"","width":"","height":""}],"twitter_card":"summary_large_image","twitter_misc":{"Tempo estimado de leitura":"1 minuto"},"schema":{"@context":"https:\/\/schema.org","@graph":[{"@type":"WebPage","@id":"https:\/\/exceladvisor.org\/pt\/modo-1\/","url":"https:\/\/exceladvisor.org\/pt\/modo-1\/","name":"\u25b7 Como usar MOD em VBA? (Tutorial 2023)","isPartOf":{"@id":"https:\/\/exceladvisor.org\/pt\/#website"},"primaryImageOfPage":{"@id":"https:\/\/exceladvisor.org\/pt\/modo-1\/#primaryimage"},"image":{"@id":"https:\/\/exceladvisor.org\/pt\/modo-1\/#primaryimage"},"thumbnailUrl":"https:\/\/exceladvisor.org\/wp-content\/uploads\/2023\/08\/1-module-en-vba.png","datePublished":"2023-09-28T21:29:23+00:00","dateModified":"2023-12-06T11:50:06+00:00","description":"Neste tutorial VBA, aprenderemos como usar MOD em um c\u00f3digo. Voc\u00ea pode us\u00e1-lo de v\u00e1rias maneiras e neste tutorial","breadcrumb":{"@id":"https:\/\/exceladvisor.org\/pt\/modo-1\/#breadcrumb"},"inLanguage":"pt-PT","potentialAction":[{"@type":"ReadAction","target":["https:\/\/exceladvisor.org\/pt\/modo-1\/"]}]},{"@type":"ImageObject","inLanguage":"pt-PT","@id":"https:\/\/exceladvisor.org\/pt\/modo-1\/#primaryimage","url":"https:\/\/exceladvisor.org\/wp-content\/uploads\/2023\/08\/1-module-en-vba.png","contentUrl":"https:\/\/exceladvisor.org\/wp-content\/uploads\/2023\/08\/1-module-en-vba.png"},{"@type":"BreadcrumbList","@id":"https:\/\/exceladvisor.org\/pt\/modo-1\/#breadcrumb","itemListElement":[{"@type":"ListItem","position":1,"name":"Lar","item":"https:\/\/exceladvisor.org\/pt\/"},{"@type":"ListItem","position":2,"name":"Como usar mod em vba?"}]},{"@type":"WebSite","@id":"https:\/\/exceladvisor.org\/pt\/#website","url":"https:\/\/exceladvisor.org\/pt\/","name":"Excel Advisor","description":"O seu guia definitivo para dominar os dados!","publisher":{"@id":"https:\/\/exceladvisor.org\/pt\/#organization"},"potentialAction":[{"@type":"SearchAction","target":{"@type":"EntryPoint","urlTemplate":"https:\/\/exceladvisor.org\/pt\/?s={search_term_string}"},"query-input":{"@type":"PropertyValueSpecification","valueRequired":true,"valueName":"search_term_string"}}],"inLanguage":"pt-PT"},{"@type":"Organization","@id":"https:\/\/exceladvisor.org\/pt\/#organization","name":"Excel Advisor","url":"https:\/\/exceladvisor.org\/pt\/","logo":{"@type":"ImageObject","inLanguage":"pt-PT","@id":"https:\/\/exceladvisor.org\/pt\/#\/schema\/logo\/image\/","url":"https:\/\/exceladvisor.org\/pt\/wp-content\/uploads\/2023\/12\/exceladvisor.org_.png","contentUrl":"https:\/\/exceladvisor.org\/pt\/wp-content\/uploads\/2023\/12\/exceladvisor.org_.png","width":105,"height":36,"caption":"Excel Advisor"},"image":{"@id":"https:\/\/exceladvisor.org\/pt\/#\/schema\/logo\/image\/"}}]}},"yoast_meta":{"yoast_wpseo_title":"","yoast_wpseo_metadesc":"","yoast_wpseo_canonical":""},"_links":{"self":[{"href":"https:\/\/exceladvisor.org\/pt\/wp-json\/wp\/v2\/pages\/676","targetHints":{"allow":["GET"]}}],"collection":[{"href":"https:\/\/exceladvisor.org\/pt\/wp-json\/wp\/v2\/pages"}],"about":[{"href":"https:\/\/exceladvisor.org\/pt\/wp-json\/wp\/v2\/types\/page"}],"author":[{"embeddable":true,"href":"https:\/\/exceladvisor.org\/pt\/wp-json\/wp\/v2\/users\/1"}],"replies":[{"embeddable":true,"href":"https:\/\/exceladvisor.org\/pt\/wp-json\/wp\/v2\/comments?post=676"}],"version-history":[{"count":1,"href":"https:\/\/exceladvisor.org\/pt\/wp-json\/wp\/v2\/pages\/676\/revisions"}],"predecessor-version":[{"id":1362,"href":"https:\/\/exceladvisor.org\/pt\/wp-json\/wp\/v2\/pages\/676\/revisions\/1362"}],"wp:attachment":[{"href":"https:\/\/exceladvisor.org\/pt\/wp-json\/wp\/v2\/media?parent=676"}],"curies":[{"name":"wp","href":"https:\/\/api.w.org\/{rel}","templated":true}]}}