{"id":677,"date":"2023-09-28T20:04:28","date_gmt":"2023-09-28T20:04:28","guid":{"rendered":"https:\/\/exceladvisor.org\/pt\/destacar-valores-duplicados\/"},"modified":"2023-12-06T11:37:27","modified_gmt":"2023-12-06T11:37:27","slug":"destacar-valores-duplicados","status":"publish","type":"page","link":"https:\/\/exceladvisor.org\/pt\/destacar-valores-duplicados\/","title":{"rendered":"Como destacar valores duplicados com vba?"},"content":{"rendered":"<div class=\"excel-before-content-2\" id=\"excel-3997331561\"><script type=\"text\/javascript\">\r\n\tatOptions = {\r\n\t\t'key' : 'c1158f160081d6540a8409e6925dab94',\r\n\t\t'format' : 'iframe',\r\n\t\t'height' : 250,\r\n\t\t'width' : 300,\r\n\t\t'params' : {}\r\n\t};\r\n<\/script>\r\n<script type=\"text\/javascript\" src=\"\/\/www.highperformanceformat.com\/c1158f160081d6540a8409e6925dab94\/invoke.js\"><\/script><\/div><div class=\"excel-before-content\" id=\"excel-1953794590\"><script type=\"text\/javascript\">\r\n\tatOptions = {\r\n\t\t'key' : 'c1158f160081d6540a8409e6925dab94',\r\n\t\t'format' : 'iframe',\r\n\t\t'height' : 250,\r\n\t\t'width' : 300,\r\n\t\t'params' : {}\r\n\t};\r\n<\/script>\r\n<script type=\"text\/javascript\" src=\"\/\/www.highperformanceformat.com\/c1158f160081d6540a8409e6925dab94\/invoke.js\"><\/script><\/div> <p>Ao trabalhar com grandes volumes de dados, valores duplicados s\u00e3o sempre um problema. Na maioria das vezes eu uso a op\u00e7\u00e3o remover duplicatas para remover todos esses valores. E tenho certeza que voc\u00ea faz a mesma coisa.<\/p><p> Mas remover esses valores duplicados ou simplesmente cont\u00e1-los nunca resolve o problema. O importante \u00e9 examinar todos os valores duplicados antes de remov\u00ea-los.<\/p><p> Sim, \u00e9 verdade. Depois de destacar todos esses valores, voc\u00ea pode verificar e exclu\u00ed-los. Hoje, neste artigo, gostaria de compartilhar com voc\u00eas 4 c\u00f3digos VBA diferentes para destacar valores duplicados.<\/p><p> E o fato \u00e9 que esses c\u00f3digos podem destacar c\u00e9lulas de diferentes maneiras. Voc\u00ea pode simplesmente copi\u00e1-los e col\u00e1-los em seu editor VBA e us\u00e1-los.<\/p><h2 id=\"tab-con-4\" class=\"wp-block-heading\"> 1. Em cada linha<\/h2><p> Este c\u00f3digo VBA verifica todas as c\u00e9lulas seguidas e destaca todas as c\u00e9lulas duplicadas em uma linha. Em termos simples, se uma linha tiver o valor \u201c522\u201d duas vezes, ela ser\u00e1 considerada duplicada. Mas se os outros 522 estiverem em outra linha, ser\u00e1 considerado \u00fanico. <\/p><div class=\"wp-block-image\"><figure class=\"aligncenter\"><img decoding=\"async\" src=\"https:\/\/exceladvisor.org\/wp-content\/uploads\/2023\/08\/mettre-en-surbrillance-les-valeurs-en-double-de-chaque-ligne-a-laide-du-code-VBA.gif\" sizes=\"\" srcset=\"\" alt=\"destacar valores duplicados de cada linha usando c\u00f3digo VBA\"><\/figure><\/div><pre class=\"wp-block-code\"> <code class=\"language-visual-basic\" lang=\"visual-basic\">Sub DuplicateValuesFromRow() 'Declare All Variables. Dim myCell As Range Dim myRow As Integer Dim myRange As Range Dim myCol As Integer Dim i As Integer 'Count Number of Rows and Columns myRow = Range(Cells(1, 1), Cells(1, 1).End(xlDown)).Count myCol = Range(Cells(1, 1), Cells(1, 1).End(xlToRight)).Count 'Loop Each Row To Check Duplicate Values and Highlight cells. For i = 2 To myRow Set myRange = Range(Cells(i, 2), Cells(i, myCol)) For Each myCell In myRange If WorksheetFunction.CountIf(myRange, myCell.Value) &gt; 1 Then myCell.Interior.ColorIndex = 3 End If Next Next End Sub<\/code><\/pre><p> Se voc\u00ea olhar atrav\u00e9s desta macro, ver\u00e1 que usamos um loop para verificar cada linha em busca de valores duplicados e destac\u00e1-los com uma cor.<\/p><h3 class=\"wp-block-heading\"> Pontos importantes<\/h3><ol><li> Seus dados n\u00e3o devem conter uma linha ou coluna em branco, caso contr\u00e1rio, essa c\u00e9lula ser\u00e1 ignorada.<\/li><li> A c\u00e9lula inicial dos seus dados deve ser a c\u00e9lula \u201cA1\u201d. E se quiser ajustar o ponto inicial, voc\u00ea precisa ajustar o c\u00f3digo.<\/li><li> A primeira linha e a primeira coluna da sua planilha de dados devem ser o cabe\u00e7alho.<\/li><\/ol><h2 id=\"tab-con-2\" class=\"wp-block-heading\"> 2. Em cada coluna<\/h2><p> Este c\u00f3digo VBA verifica todas as c\u00e9lulas em uma coluna e destaca todas as c\u00e9lulas duplicadas em cada coluna. Em termos simples, se uma coluna tiver o valor \u201c231\u201d duas vezes, ser\u00e1 considerada duplicada. Mas se outro \u201c231\u201d estiver em outra coluna, ser\u00e1 considerado \u00fanico. <\/p><div class=\"wp-block-image\"><figure class=\"aligncenter\"><img decoding=\"async\" src=\"https:\/\/exceladvisor.org\/wp-content\/uploads\/2023\/08\/mettre-en-surbrillance-les-valeurs-en-double-de-chaque-colonne-a-laide-du-code-VBA.gif\" sizes=\"\" srcset=\"\" alt=\"destacar valores duplicados de cada coluna usando c\u00f3digo VBA\"><\/figure><\/div><pre class=\"wp-block-code\"> <code class=\"language-visual-basic\" lang=\"visual-basic\">Sub DuplicateValuesFromColumns() 'Declare All Variables Dim myCell As Range Dim myRow As Integer Dim myRange As Range Dim myCol As Integer Dim i As Integer 'Count number of rows &amp; column myRow = Range(Cells(1, 1), Cells(1, 1).End(xlDown)).Count myCol = Range(Cells(1, 1), Cells(1, 1).End(xlToRight)).Count 'Loop each column to check duplicate values &amp; highlight them. For i = 2 To myRow Set myRange = Range(Cells(2, i), Cells(myRow, i)) For Each myCell In myRange If WorksheetFunction.CountIf(myRange, myCell.Value) &gt; 1 Then myCell.Interior.ColorIndex = 3 End If Next Next End Sub<\/code><\/pre><h2 id=\"tab-con-1\" class=\"wp-block-heading\"> 3. Na sele\u00e7\u00e3o<\/h2><p> Suponha que voc\u00ea queira apenas destacar c\u00e9lulas com valores duplicados da sele\u00e7\u00e3o, este c\u00f3digo pode te ajudar. Para usar este c\u00f3digo, basta selecionar um intervalo de c\u00e9lulas e executar este c\u00f3digo. Ele verifica cada c\u00e9lula com a sele\u00e7\u00e3o e destaca em vermelho se uma c\u00e9lula tiver um valor duplicado. <\/p><div class=\"wp-block-image\"><figure class=\"aligncenter\"><img decoding=\"async\" src=\"https:\/\/exceladvisor.org\/wp-content\/uploads\/2023\/08\/mettre-en-surbrillance-les-valeurs-en-double-de-la-selection-a-laide-du-code-VBA.gif\" sizes=\"\" srcset=\"\" alt=\"destacar valores duplicados da sele\u00e7\u00e3o usando c\u00f3digo VBA\"><\/figure><\/div><pre class=\"wp-block-code\"> <code class=\"language-visual-basic\" lang=\"visual-basic\">Sub DuplicateValuesFromSelection() Dim myRange As Range Dim i As Integer Dim j As Integer Dim myCell As Range Set myRange = Selection For Each myCell In myRange If WorksheetFunction.CountIf(myRange, myCell.Value) &gt; 1 Then myCell.Interior.ColorIndex = 3 End If Next End Sub<\/code><\/pre><h2 id=\"tab-con-0\" class=\"wp-block-heading\"> 4. Dados inteiros<\/h2><p> Se voc\u00ea tiver um grande conjunto de dados, poder\u00e1 usar esse c\u00f3digo de macro para verificar a integridade dos dados e destacar valores duplicados. Este c\u00f3digo percorre cada c\u00e9lula, uma por uma, e aplica a cor vermelha a todas as c\u00e9lulas duplicadas.<\/p><pre class=\"wp-block-code\"> <code class=\"language-visual-basic\" lang=\"visual-basic\">Sub DuplicateValuesFromTable() Dim myRange As Range Dim i As Integer Dim j As Integer Dim myCell As Range Set myRange = Range(\u201cTable1\u201d) For Each myCell In myRange If WorksheetFunction.CountIf(myRange, myCell.Value) &gt; 1 Then myCell.Interior.ColorIndex = 3 End If Next End Sub<\/code><\/pre><p class=\"qt-tip\"> <span style=\"color: #ea493f;\"><strong>Nota importante:<\/strong><\/span> No c\u00f3digo acima usamos o nome da tabela \u201cTabela1\u201d, voc\u00ea pode alterar esse nome no c\u00f3digo. Agora, se voc\u00ea tiver um intervalo, basta usar o nome do intervalo.<\/p><h2 class=\"wp-block-heading\"> [Dica b\u00f4nus] Conte valores duplicados<\/h2><p> Este c\u00f3digo ajuda a contar o n\u00famero de valores duplicados da sele\u00e7\u00e3o. Quando voc\u00ea executa esse c\u00f3digo, ele retorna uma caixa de mensagem mostrando o n\u00famero.<\/p><pre class=\"wp-block-code\"> <code class=\"language-visual-basic\" lang=\"visual-basic\">Sub CountDuplicates() Dim i As Integer Dim j As Integer Dim myCell As Range Dim myRange As Integer myRange = Range(\"Table1\").Count j = 0 For Each myCell In Range(\"Table1\") If WorksheetFunction.CountIf(Range(\"Table1\"), myCell.Value) &gt; 1 Then j = j + 1 End If Next MsgBox j End Sub<\/code><\/pre><p> Novamente no c\u00f3digo acima usamos um nome de tabela e voc\u00ea o altera ou substitui por um intervalo.<\/p><h2 class=\"wp-block-heading\"> Arquivo de exemplo<\/h2><p> <a href=\"https:\/\/exceladvisor.org\/wp-content\/uploads\/2023\/11\/mettre-en-evidence-les-valeurs-en-double.zip\">Baixe este arquivo de amostra aqui<\/a> para saber mais.<\/p><h2 class=\"wp-block-heading\"> Conclus\u00e3o<\/h2><p> Em diferentes situa\u00e7\u00f5es, precisamos verificar valores duplicados de diferentes maneiras. E todos os c\u00f3digos acima podem ser \u00fateis nesse sentido. Se desejar, voc\u00ea pode alterar a cor de destaque dos c\u00f3digos usando o n\u00famero do \u00edndice de cores.<\/p><p> Agora me ajude com uma coisa.<\/p><p> <strong>Onde podemos melhorar esses c\u00f3digos?<\/strong><\/p><p> Por favor, compartilhe suas id\u00e9ias comigo na se\u00e7\u00e3o de coment\u00e1rios, eu adoraria ouvir de voc\u00ea. E n\u00e3o esque\u00e7a de compartilhar essa dica com seus amigos.<\/p><div class=\"gb-container gb-container-4db6181c gb-container-mt\"> <a class=\"gb-button gb-button-c5897111 gb-button-text gb-button-mt-button\" href=\"https:\/\/exceladvisor.org\/pt\/vba\/\">O que \u00e9 VBA<\/a><h2 class=\"gb-headline gb-headline-665e5f6b gb-headline-text gb-headline-mt-heading\"> Tutoriais relacionados <\/h2><div class=\"gb-grid-wrapper gb-grid-wrapper-a20baf7c gb-grid-wrapper-mt-grid\"><div class=\"gb-grid-column gb-grid-column-65ddf67e\"><div class=\"gb-container gb-container-65ddf67e\"><ul><li> <a href=\"https:\/\/exceladvisor.org\/pt\/extrair-hiperlink\/\">Extraia o endere\u00e7o do hiperlink (URL) VBA<\/a><\/li><li> <a href=\"https:\/\/exceladvisor.org\/pt\/campo-de-entrada\/\">Caixa de entrada em VBA<\/a><\/li><li> <a href=\"https:\/\/exceladvisor.org\/pt\/arquivos-de-texto\/\">VBA cria e grava em um arquivo de texto<\/a><\/li><li> <a href=\"https:\/\/exceladvisor.org\/pt\/atualizacao-de-tela\/\">Atualiza\u00e7\u00e3o de tela VBA<\/a><\/li><li> <a href=\"https:\/\/exceladvisor.org\/pt\/barra-de-status-1\/\">Barra de status do VBA (ocultar, mostrar e progredir)<\/a> <\/li><\/ul><\/div><\/div><div class=\"gb-grid-column gb-grid-column-50067b57\"><div class=\"gb-container gb-container-50067b57\"><\/div><\/div><\/div><\/div>","protected":false},"excerpt":{"rendered":"","protected":false},"author":1,"featured_media":0,"parent":0,"menu_order":0,"comment_status":"open","ping_status":"closed","template":"","meta":{"ub_ctt_via":"","footnotes":""},"class_list":["post-677","page","type-page","status-publish","hentry"],"featured_image_src":null,"yoast_head":"<!-- This site is optimized with the Yoast SEO plugin v25.4 - https:\/\/yoast.com\/wordpress\/plugins\/seo\/ -->\n<title>Como destacar valores duplicados com VBA?<\/title>\n<meta name=\"description\" content=\"Estes s\u00e3o os quatro c\u00f3digos VBA para destacar valores duplicados no Excel de diferentes maneiras. Voc\u00ea pode colocar\" \/>\n<meta name=\"robots\" content=\"index, follow, max-snippet:-1, max-image-preview:large, max-video-preview:-1\" \/>\n<link rel=\"canonical\" href=\"https:\/\/exceladvisor.org\/pt\/destacar-valores-duplicados\/\" \/>\n<meta property=\"og:locale\" content=\"pt_PT\" \/>\n<meta property=\"og:type\" content=\"article\" \/>\n<meta property=\"og:title\" content=\"Como destacar valores duplicados com VBA?\" \/>\n<meta property=\"og:description\" content=\"Estes s\u00e3o os quatro c\u00f3digos VBA para destacar valores duplicados no Excel de diferentes maneiras. Voc\u00ea pode colocar\" \/>\n<meta property=\"og:url\" content=\"https:\/\/exceladvisor.org\/pt\/destacar-valores-duplicados\/\" \/>\n<meta property=\"og:site_name\" content=\"Excel Advisor\" \/>\n<meta property=\"article:modified_time\" content=\"2023-12-06T11:37:27+00:00\" \/>\n<meta property=\"og:image\" content=\"https:\/\/exceladvisor.org\/wp-content\/uploads\/2023\/08\/mettre-en-surbrillance-les-valeurs-en-double-de-chaque-ligne-a-laide-du-code-VBA.gif\" \/>\n<meta name=\"twitter:card\" content=\"summary_large_image\" \/>\n<meta name=\"twitter:label1\" content=\"Tempo estimado de leitura\" \/>\n\t<meta name=\"twitter:data1\" content=\"5 minutos\" \/>\n<script type=\"application\/ld+json\" class=\"yoast-schema-graph\">{\"@context\":\"https:\/\/schema.org\",\"@graph\":[{\"@type\":\"WebPage\",\"@id\":\"https:\/\/exceladvisor.org\/pt\/destacar-valores-duplicados\/\",\"url\":\"https:\/\/exceladvisor.org\/pt\/destacar-valores-duplicados\/\",\"name\":\"Como destacar valores duplicados com VBA?\",\"isPartOf\":{\"@id\":\"https:\/\/exceladvisor.org\/pt\/#website\"},\"primaryImageOfPage\":{\"@id\":\"https:\/\/exceladvisor.org\/pt\/destacar-valores-duplicados\/#primaryimage\"},\"image\":{\"@id\":\"https:\/\/exceladvisor.org\/pt\/destacar-valores-duplicados\/#primaryimage\"},\"thumbnailUrl\":\"https:\/\/exceladvisor.org\/wp-content\/uploads\/2023\/08\/mettre-en-surbrillance-les-valeurs-en-double-de-chaque-ligne-a-laide-du-code-VBA.gif\",\"datePublished\":\"2023-09-28T20:04:28+00:00\",\"dateModified\":\"2023-12-06T11:37:27+00:00\",\"description\":\"Estes s\u00e3o os quatro c\u00f3digos VBA para destacar valores duplicados no Excel de diferentes maneiras. Voc\u00ea pode colocar\",\"breadcrumb\":{\"@id\":\"https:\/\/exceladvisor.org\/pt\/destacar-valores-duplicados\/#breadcrumb\"},\"inLanguage\":\"pt-PT\",\"potentialAction\":[{\"@type\":\"ReadAction\",\"target\":[\"https:\/\/exceladvisor.org\/pt\/destacar-valores-duplicados\/\"]}]},{\"@type\":\"ImageObject\",\"inLanguage\":\"pt-PT\",\"@id\":\"https:\/\/exceladvisor.org\/pt\/destacar-valores-duplicados\/#primaryimage\",\"url\":\"https:\/\/exceladvisor.org\/wp-content\/uploads\/2023\/08\/mettre-en-surbrillance-les-valeurs-en-double-de-chaque-ligne-a-laide-du-code-VBA.gif\",\"contentUrl\":\"https:\/\/exceladvisor.org\/wp-content\/uploads\/2023\/08\/mettre-en-surbrillance-les-valeurs-en-double-de-chaque-ligne-a-laide-du-code-VBA.gif\"},{\"@type\":\"BreadcrumbList\",\"@id\":\"https:\/\/exceladvisor.org\/pt\/destacar-valores-duplicados\/#breadcrumb\",\"itemListElement\":[{\"@type\":\"ListItem\",\"position\":1,\"name\":\"Lar\",\"item\":\"https:\/\/exceladvisor.org\/pt\/\"},{\"@type\":\"ListItem\",\"position\":2,\"name\":\"Como destacar valores duplicados com vba?\"}]},{\"@type\":\"WebSite\",\"@id\":\"https:\/\/exceladvisor.org\/pt\/#website\",\"url\":\"https:\/\/exceladvisor.org\/pt\/\",\"name\":\"Excel Advisor\",\"description\":\"O seu guia definitivo para dominar os dados!\",\"publisher\":{\"@id\":\"https:\/\/exceladvisor.org\/pt\/#organization\"},\"potentialAction\":[{\"@type\":\"SearchAction\",\"target\":{\"@type\":\"EntryPoint\",\"urlTemplate\":\"https:\/\/exceladvisor.org\/pt\/?s={search_term_string}\"},\"query-input\":{\"@type\":\"PropertyValueSpecification\",\"valueRequired\":true,\"valueName\":\"search_term_string\"}}],\"inLanguage\":\"pt-PT\"},{\"@type\":\"Organization\",\"@id\":\"https:\/\/exceladvisor.org\/pt\/#organization\",\"name\":\"Excel Advisor\",\"url\":\"https:\/\/exceladvisor.org\/pt\/\",\"logo\":{\"@type\":\"ImageObject\",\"inLanguage\":\"pt-PT\",\"@id\":\"https:\/\/exceladvisor.org\/pt\/#\/schema\/logo\/image\/\",\"url\":\"https:\/\/exceladvisor.org\/pt\/wp-content\/uploads\/2023\/12\/exceladvisor.org_.png\",\"contentUrl\":\"https:\/\/exceladvisor.org\/pt\/wp-content\/uploads\/2023\/12\/exceladvisor.org_.png\",\"width\":105,\"height\":36,\"caption\":\"Excel Advisor\"},\"image\":{\"@id\":\"https:\/\/exceladvisor.org\/pt\/#\/schema\/logo\/image\/\"}}]}<\/script>\n<!-- \/ Yoast SEO plugin. -->","yoast_head_json":{"title":"Como destacar valores duplicados com VBA?","description":"Estes s\u00e3o os quatro c\u00f3digos VBA para destacar valores duplicados no Excel de diferentes maneiras. Voc\u00ea pode colocar","robots":{"index":"index","follow":"follow","max-snippet":"max-snippet:-1","max-image-preview":"max-image-preview:large","max-video-preview":"max-video-preview:-1"},"canonical":"https:\/\/exceladvisor.org\/pt\/destacar-valores-duplicados\/","og_locale":"pt_PT","og_type":"article","og_title":"Como destacar valores duplicados com VBA?","og_description":"Estes s\u00e3o os quatro c\u00f3digos VBA para destacar valores duplicados no Excel de diferentes maneiras. Voc\u00ea pode colocar","og_url":"https:\/\/exceladvisor.org\/pt\/destacar-valores-duplicados\/","og_site_name":"Excel Advisor","article_modified_time":"2023-12-06T11:37:27+00:00","og_image":[{"url":"https:\/\/exceladvisor.org\/wp-content\/uploads\/2023\/08\/mettre-en-surbrillance-les-valeurs-en-double-de-chaque-ligne-a-laide-du-code-VBA.gif","type":"","width":"","height":""}],"twitter_card":"summary_large_image","twitter_misc":{"Tempo estimado de leitura":"5 minutos"},"schema":{"@context":"https:\/\/schema.org","@graph":[{"@type":"WebPage","@id":"https:\/\/exceladvisor.org\/pt\/destacar-valores-duplicados\/","url":"https:\/\/exceladvisor.org\/pt\/destacar-valores-duplicados\/","name":"Como destacar valores duplicados com VBA?","isPartOf":{"@id":"https:\/\/exceladvisor.org\/pt\/#website"},"primaryImageOfPage":{"@id":"https:\/\/exceladvisor.org\/pt\/destacar-valores-duplicados\/#primaryimage"},"image":{"@id":"https:\/\/exceladvisor.org\/pt\/destacar-valores-duplicados\/#primaryimage"},"thumbnailUrl":"https:\/\/exceladvisor.org\/wp-content\/uploads\/2023\/08\/mettre-en-surbrillance-les-valeurs-en-double-de-chaque-ligne-a-laide-du-code-VBA.gif","datePublished":"2023-09-28T20:04:28+00:00","dateModified":"2023-12-06T11:37:27+00:00","description":"Estes s\u00e3o os quatro c\u00f3digos VBA para destacar valores duplicados no Excel de diferentes maneiras. Voc\u00ea pode colocar","breadcrumb":{"@id":"https:\/\/exceladvisor.org\/pt\/destacar-valores-duplicados\/#breadcrumb"},"inLanguage":"pt-PT","potentialAction":[{"@type":"ReadAction","target":["https:\/\/exceladvisor.org\/pt\/destacar-valores-duplicados\/"]}]},{"@type":"ImageObject","inLanguage":"pt-PT","@id":"https:\/\/exceladvisor.org\/pt\/destacar-valores-duplicados\/#primaryimage","url":"https:\/\/exceladvisor.org\/wp-content\/uploads\/2023\/08\/mettre-en-surbrillance-les-valeurs-en-double-de-chaque-ligne-a-laide-du-code-VBA.gif","contentUrl":"https:\/\/exceladvisor.org\/wp-content\/uploads\/2023\/08\/mettre-en-surbrillance-les-valeurs-en-double-de-chaque-ligne-a-laide-du-code-VBA.gif"},{"@type":"BreadcrumbList","@id":"https:\/\/exceladvisor.org\/pt\/destacar-valores-duplicados\/#breadcrumb","itemListElement":[{"@type":"ListItem","position":1,"name":"Lar","item":"https:\/\/exceladvisor.org\/pt\/"},{"@type":"ListItem","position":2,"name":"Como destacar valores duplicados com vba?"}]},{"@type":"WebSite","@id":"https:\/\/exceladvisor.org\/pt\/#website","url":"https:\/\/exceladvisor.org\/pt\/","name":"Excel Advisor","description":"O seu guia definitivo para dominar os dados!","publisher":{"@id":"https:\/\/exceladvisor.org\/pt\/#organization"},"potentialAction":[{"@type":"SearchAction","target":{"@type":"EntryPoint","urlTemplate":"https:\/\/exceladvisor.org\/pt\/?s={search_term_string}"},"query-input":{"@type":"PropertyValueSpecification","valueRequired":true,"valueName":"search_term_string"}}],"inLanguage":"pt-PT"},{"@type":"Organization","@id":"https:\/\/exceladvisor.org\/pt\/#organization","name":"Excel Advisor","url":"https:\/\/exceladvisor.org\/pt\/","logo":{"@type":"ImageObject","inLanguage":"pt-PT","@id":"https:\/\/exceladvisor.org\/pt\/#\/schema\/logo\/image\/","url":"https:\/\/exceladvisor.org\/pt\/wp-content\/uploads\/2023\/12\/exceladvisor.org_.png","contentUrl":"https:\/\/exceladvisor.org\/pt\/wp-content\/uploads\/2023\/12\/exceladvisor.org_.png","width":105,"height":36,"caption":"Excel Advisor"},"image":{"@id":"https:\/\/exceladvisor.org\/pt\/#\/schema\/logo\/image\/"}}]}},"yoast_meta":{"yoast_wpseo_title":"","yoast_wpseo_metadesc":"","yoast_wpseo_canonical":""},"_links":{"self":[{"href":"https:\/\/exceladvisor.org\/pt\/wp-json\/wp\/v2\/pages\/677","targetHints":{"allow":["GET"]}}],"collection":[{"href":"https:\/\/exceladvisor.org\/pt\/wp-json\/wp\/v2\/pages"}],"about":[{"href":"https:\/\/exceladvisor.org\/pt\/wp-json\/wp\/v2\/types\/page"}],"author":[{"embeddable":true,"href":"https:\/\/exceladvisor.org\/pt\/wp-json\/wp\/v2\/users\/1"}],"replies":[{"embeddable":true,"href":"https:\/\/exceladvisor.org\/pt\/wp-json\/wp\/v2\/comments?post=677"}],"version-history":[{"count":1,"href":"https:\/\/exceladvisor.org\/pt\/wp-json\/wp\/v2\/pages\/677\/revisions"}],"predecessor-version":[{"id":1040,"href":"https:\/\/exceladvisor.org\/pt\/wp-json\/wp\/v2\/pages\/677\/revisions\/1040"}],"wp:attachment":[{"href":"https:\/\/exceladvisor.org\/pt\/wp-json\/wp\/v2\/media?parent=677"}],"curies":[{"name":"wp","href":"https:\/\/api.w.org\/{rel}","templated":true}]}}