{"id":679,"date":"2023-09-28T18:56:06","date_gmt":"2023-09-28T18:56:06","guid":{"rendered":"https:\/\/exceladvisor.org\/pt\/pasta-de-trabalho-ativa-por-macro\/"},"modified":"2023-12-06T11:37:47","modified_gmt":"2023-12-06T11:37:47","slug":"pasta-de-trabalho-ativa-por-macro","status":"publish","type":"page","link":"https:\/\/exceladvisor.org\/pt\/pasta-de-trabalho-ativa-por-macro\/","title":{"rendered":"Como fa\u00e7o para salvar um arquivo habilitado para macro?"},"content":{"rendered":"<div class=\"excel-before-content-2\" id=\"excel-1671309769\"><script type=\"text\/javascript\">\r\n\tatOptions = {\r\n\t\t'key' : 'c1158f160081d6540a8409e6925dab94',\r\n\t\t'format' : 'iframe',\r\n\t\t'height' : 250,\r\n\t\t'width' : 300,\r\n\t\t'params' : {}\r\n\t};\r\n<\/script>\r\n<script type=\"text\/javascript\" src=\"\/\/www.highperformanceformat.com\/c1158f160081d6540a8409e6925dab94\/invoke.js\"><\/script><\/div><div class=\"excel-before-content\" id=\"excel-87284858\"><script type=\"text\/javascript\">\r\n\tatOptions = {\r\n\t\t'key' : 'c1158f160081d6540a8409e6925dab94',\r\n\t\t'format' : 'iframe',\r\n\t\t'height' : 250,\r\n\t\t'width' : 300,\r\n\t\t'params' : {}\r\n\t};\r\n<\/script>\r\n<script type=\"text\/javascript\" src=\"\/\/www.highperformanceformat.com\/c1158f160081d6540a8409e6925dab94\/invoke.js\"><\/script><\/div> <h2 class=\"wp-block-heading\">O que \u00e9 uma pasta de trabalho habilitada para macro?<\/h2><p> No Excel, ao escrever uma macro ou adicionar c\u00f3digos VBA a um arquivo, voc\u00ea precisa salvar esse arquivo como um tipo habilitado para macro no formato .xlsm. Com este tipo de arquivo, <a href=\"https:\/\/exceladvisor.org\/pt\/caderno-macro-pessoal\/\">o Excel armazena todos os c\u00f3digos<\/a> do arquivo. E voc\u00ea tamb\u00e9m pode <a href=\"https:\/\/exceladvisor.org\/pt\/executar-uma-macro-2\/\">executar esses c\u00f3digos<\/a> a partir do arquivo. <\/p><div class=\"wp-block-image\"><figure class=\"aligncenter size-full is-resized\"><img loading=\"lazy\" decoding=\"async\" class=\"wp-image-72711\" src=\"https:\/\/exceladvisor.org\/wp-content\/uploads\/2023\/08\/1-macro-decriture.png\" sizes=\"auto, \" srcset=\"\" alt=\"macro de grava\u00e7\u00e3o\" width=\"653\" height=\"566\"><\/figure><\/div><p> Aqui voc\u00ea tem um arquivo com os c\u00f3digos, e agora veremos como salvar esse arquivo como um tipo de arquivo habilitado para macro no Excel.<\/p><h2 class=\"wp-block-heading\"> Etapas para salvar uma pasta de trabalho habilitada para macro<\/h2><ol type=\"1\"><li> Em primeiro lugar, v\u00e1 at\u00e9 a aba Arquivo e clique na op\u00e7\u00e3o \u201c <a href=\"https:\/\/exceladvisor.org\/pt\/salvar-como\/\">Salvar como<\/a> \u201d.<\/li><li> Depois disso, especifique o local onde deseja salvar seu arquivo.<\/li><li> Em seguida, em \u201cSalvar como tipo\u201d, selecione \u201cPasta de trabalho do Excel habilitada para macro\u201d.<\/li><li> Ao final, clique em OK para salvar o arquivo. <\/li><\/ol><div class=\"wp-block-image\"><figure class=\"aligncenter size-full is-resized\"><img loading=\"lazy\" decoding=\"async\" class=\"wp-image-72712\" src=\"https:\/\/exceladvisor.org\/wp-content\/uploads\/2023\/08\/2-enregistrer-un-classeur-active-par-macro.png\" sizes=\"auto, \" srcset=\"\" alt=\"salvar uma pasta de trabalho habilitada para macro\" width=\"771\" height=\"426\"><\/figure><\/div><p> Abaixo voc\u00ea pode ver o arquivo que salvamos em nosso sistema com a extens\u00e3o .xlsm. <\/p><div class=\"wp-block-image\"><figure class=\"aligncenter size-full is-resized\"><img loading=\"lazy\" decoding=\"async\" class=\"wp-image-72714\" src=\"https:\/\/exceladvisor.org\/wp-content\/uploads\/2023\/08\/3-fichier-enregistre-avec-lextension-xlsm.png\" sizes=\"auto, \" srcset=\"\" alt=\"arquivo salvo com extens\u00e3o .xlsm\" width=\"683\" height=\"461\"><\/figure><\/div><h2 class=\"wp-block-heading\"> Aprendizado<\/h2><ol><li> Depois de criar um arquivo habilitado para macro, voc\u00ea deve habilitar a macro (Arquivo \u21e2 Op\u00e7\u00f5es \u21e2 Central de Confiabilidade \u21e2 Confian\u00e7a Insira Configura\u00e7\u00f5es \u21e2 Macros) para executar qualquer c\u00f3digo.<\/li><li> Voc\u00ea pode usar <a href=\"https:\/\/exceladvisor.org\/pt\/caderno-macro-pessoal\/\">o Personal Macro Binder<\/a> para salvar todos os seus c\u00f3digos em um s\u00f3 lugar.<\/li><li> Receber uma pasta de trabalho habilitada para macro de outra pessoa (de um sistema diferente) pode representar uma amea\u00e7a potencial.<\/li><\/ol><div class=\"gb-container gb-container-4db6181c gb-container-mt\"> <a class=\"gb-button gb-button-c5897111 gb-button-text gb-button-mt-button\" href=\"https:\/\/exceladvisor.org\/pt\/vba\/\">O que \u00e9 VBA<\/a><h2 class=\"gb-headline gb-headline-665e5f6b gb-headline-text gb-headline-mt-heading\"> Tutoriais relacionados <\/h2><div class=\"gb-grid-wrapper gb-grid-wrapper-a20baf7c gb-grid-wrapper-mt-grid\"><div class=\"gb-grid-column gb-grid-column-65ddf67e\"><div class=\"gb-container gb-container-65ddf67e\"><ul><li> <a href=\"https:\/\/exceladvisor.org\/pt\/copiar-arquivo-excel\/\">Copie um arquivo Excel (pasta de trabalho) usando VBA<\/a><\/li><li> <a href=\"https:\/\/exceladvisor.org\/pt\/ativar-pasta-de-trabalho\/\">Pasta de trabalho de ativa\u00e7\u00e3o do VBA (arquivo Excel)<\/a><\/li><li> <a href=\"https:\/\/exceladvisor.org\/pt\/feche-a-pasta-de-trabalho\/\">Fechar pasta de trabalho do VBA (arquivo Excel)<\/a><\/li><li> <a href=\"https:\/\/exceladvisor.org\/pt\/combinar-pastas-de-trabalho\/\">Combinar pastas de trabalho VBA (arquivos Excel)<\/a><\/li><li> <a href=\"https:\/\/exceladvisor.org\/pt\/criar-uma-pasta-de-trabalho\/\">VBA Crie uma nova pasta de trabalho (arquivo Excel)<\/a> <\/li><\/ul><\/div><\/div><div class=\"gb-grid-column gb-grid-column-50067b57\"><div class=\"gb-container gb-container-50067b57\"><\/div><\/div><\/div><\/div>","protected":false},"excerpt":{"rendered":"","protected":false},"author":1,"featured_media":0,"parent":0,"menu_order":0,"comment_status":"open","ping_status":"closed","template":"","meta":{"ub_ctt_via":"","footnotes":""},"class_list":["post-679","page","type-page","status-publish","hentry"],"featured_image_src":null,"yoast_head":"<!-- This site is optimized with the Yoast SEO plugin v25.4 - https:\/\/yoast.com\/wordpress\/plugins\/seo\/ -->\n<title>\u25b7 Como salvar um arquivo .xlsm? (Tutorial 2023)<\/title>\n<meta name=\"description\" content=\"Neste tutorial, aprenderemos como salvar um arquivo Excel como uma pasta de trabalho habilitada para macro.\" \/>\n<meta name=\"robots\" content=\"index, follow, max-snippet:-1, max-image-preview:large, max-video-preview:-1\" \/>\n<link rel=\"canonical\" href=\"https:\/\/exceladvisor.org\/pt\/pasta-de-trabalho-ativa-por-macro\/\" \/>\n<meta property=\"og:locale\" content=\"pt_PT\" \/>\n<meta property=\"og:type\" content=\"article\" \/>\n<meta property=\"og:title\" content=\"\u25b7 Como salvar um arquivo .xlsm? (Tutorial 2023)\" \/>\n<meta property=\"og:description\" content=\"Neste tutorial, aprenderemos como salvar um arquivo Excel como uma pasta de trabalho habilitada para macro.\" \/>\n<meta property=\"og:url\" content=\"https:\/\/exceladvisor.org\/pt\/pasta-de-trabalho-ativa-por-macro\/\" \/>\n<meta property=\"og:site_name\" content=\"Excel Advisor\" \/>\n<meta property=\"article:modified_time\" content=\"2023-12-06T11:37:47+00:00\" \/>\n<meta property=\"og:image\" content=\"https:\/\/exceladvisor.org\/wp-content\/uploads\/2023\/08\/1-macro-decriture.png\" \/>\n<meta name=\"twitter:card\" content=\"summary_large_image\" \/>\n<meta name=\"twitter:label1\" content=\"Tempo estimado de leitura\" \/>\n\t<meta name=\"twitter:data1\" content=\"1 minuto\" \/>\n<script type=\"application\/ld+json\" class=\"yoast-schema-graph\">{\"@context\":\"https:\/\/schema.org\",\"@graph\":[{\"@type\":\"WebPage\",\"@id\":\"https:\/\/exceladvisor.org\/pt\/pasta-de-trabalho-ativa-por-macro\/\",\"url\":\"https:\/\/exceladvisor.org\/pt\/pasta-de-trabalho-ativa-por-macro\/\",\"name\":\"\u25b7 Como salvar um arquivo .xlsm? (Tutorial 2023)\",\"isPartOf\":{\"@id\":\"https:\/\/exceladvisor.org\/pt\/#website\"},\"primaryImageOfPage\":{\"@id\":\"https:\/\/exceladvisor.org\/pt\/pasta-de-trabalho-ativa-por-macro\/#primaryimage\"},\"image\":{\"@id\":\"https:\/\/exceladvisor.org\/pt\/pasta-de-trabalho-ativa-por-macro\/#primaryimage\"},\"thumbnailUrl\":\"https:\/\/exceladvisor.org\/wp-content\/uploads\/2023\/08\/1-macro-decriture.png\",\"datePublished\":\"2023-09-28T18:56:06+00:00\",\"dateModified\":\"2023-12-06T11:37:47+00:00\",\"description\":\"Neste tutorial, aprenderemos como salvar um arquivo Excel como uma pasta de trabalho habilitada para macro.\",\"breadcrumb\":{\"@id\":\"https:\/\/exceladvisor.org\/pt\/pasta-de-trabalho-ativa-por-macro\/#breadcrumb\"},\"inLanguage\":\"pt-PT\",\"potentialAction\":[{\"@type\":\"ReadAction\",\"target\":[\"https:\/\/exceladvisor.org\/pt\/pasta-de-trabalho-ativa-por-macro\/\"]}]},{\"@type\":\"ImageObject\",\"inLanguage\":\"pt-PT\",\"@id\":\"https:\/\/exceladvisor.org\/pt\/pasta-de-trabalho-ativa-por-macro\/#primaryimage\",\"url\":\"https:\/\/exceladvisor.org\/wp-content\/uploads\/2023\/08\/1-macro-decriture.png\",\"contentUrl\":\"https:\/\/exceladvisor.org\/wp-content\/uploads\/2023\/08\/1-macro-decriture.png\"},{\"@type\":\"BreadcrumbList\",\"@id\":\"https:\/\/exceladvisor.org\/pt\/pasta-de-trabalho-ativa-por-macro\/#breadcrumb\",\"itemListElement\":[{\"@type\":\"ListItem\",\"position\":1,\"name\":\"Lar\",\"item\":\"https:\/\/exceladvisor.org\/pt\/\"},{\"@type\":\"ListItem\",\"position\":2,\"name\":\"Como fa\u00e7o para salvar um arquivo habilitado para macro?\"}]},{\"@type\":\"WebSite\",\"@id\":\"https:\/\/exceladvisor.org\/pt\/#website\",\"url\":\"https:\/\/exceladvisor.org\/pt\/\",\"name\":\"Excel Advisor\",\"description\":\"O seu guia definitivo para dominar os dados!\",\"publisher\":{\"@id\":\"https:\/\/exceladvisor.org\/pt\/#organization\"},\"potentialAction\":[{\"@type\":\"SearchAction\",\"target\":{\"@type\":\"EntryPoint\",\"urlTemplate\":\"https:\/\/exceladvisor.org\/pt\/?s={search_term_string}\"},\"query-input\":{\"@type\":\"PropertyValueSpecification\",\"valueRequired\":true,\"valueName\":\"search_term_string\"}}],\"inLanguage\":\"pt-PT\"},{\"@type\":\"Organization\",\"@id\":\"https:\/\/exceladvisor.org\/pt\/#organization\",\"name\":\"Excel Advisor\",\"url\":\"https:\/\/exceladvisor.org\/pt\/\",\"logo\":{\"@type\":\"ImageObject\",\"inLanguage\":\"pt-PT\",\"@id\":\"https:\/\/exceladvisor.org\/pt\/#\/schema\/logo\/image\/\",\"url\":\"https:\/\/exceladvisor.org\/pt\/wp-content\/uploads\/2023\/12\/exceladvisor.org_.png\",\"contentUrl\":\"https:\/\/exceladvisor.org\/pt\/wp-content\/uploads\/2023\/12\/exceladvisor.org_.png\",\"width\":105,\"height\":36,\"caption\":\"Excel Advisor\"},\"image\":{\"@id\":\"https:\/\/exceladvisor.org\/pt\/#\/schema\/logo\/image\/\"}}]}<\/script>\n<!-- \/ Yoast SEO plugin. -->","yoast_head_json":{"title":"\u25b7 Como salvar um arquivo .xlsm? (Tutorial 2023)","description":"Neste tutorial, aprenderemos como salvar um arquivo Excel como uma pasta de trabalho habilitada para macro.","robots":{"index":"index","follow":"follow","max-snippet":"max-snippet:-1","max-image-preview":"max-image-preview:large","max-video-preview":"max-video-preview:-1"},"canonical":"https:\/\/exceladvisor.org\/pt\/pasta-de-trabalho-ativa-por-macro\/","og_locale":"pt_PT","og_type":"article","og_title":"\u25b7 Como salvar um arquivo .xlsm? (Tutorial 2023)","og_description":"Neste tutorial, aprenderemos como salvar um arquivo Excel como uma pasta de trabalho habilitada para macro.","og_url":"https:\/\/exceladvisor.org\/pt\/pasta-de-trabalho-ativa-por-macro\/","og_site_name":"Excel Advisor","article_modified_time":"2023-12-06T11:37:47+00:00","og_image":[{"url":"https:\/\/exceladvisor.org\/wp-content\/uploads\/2023\/08\/1-macro-decriture.png","type":"","width":"","height":""}],"twitter_card":"summary_large_image","twitter_misc":{"Tempo estimado de leitura":"1 minuto"},"schema":{"@context":"https:\/\/schema.org","@graph":[{"@type":"WebPage","@id":"https:\/\/exceladvisor.org\/pt\/pasta-de-trabalho-ativa-por-macro\/","url":"https:\/\/exceladvisor.org\/pt\/pasta-de-trabalho-ativa-por-macro\/","name":"\u25b7 Como salvar um arquivo .xlsm? (Tutorial 2023)","isPartOf":{"@id":"https:\/\/exceladvisor.org\/pt\/#website"},"primaryImageOfPage":{"@id":"https:\/\/exceladvisor.org\/pt\/pasta-de-trabalho-ativa-por-macro\/#primaryimage"},"image":{"@id":"https:\/\/exceladvisor.org\/pt\/pasta-de-trabalho-ativa-por-macro\/#primaryimage"},"thumbnailUrl":"https:\/\/exceladvisor.org\/wp-content\/uploads\/2023\/08\/1-macro-decriture.png","datePublished":"2023-09-28T18:56:06+00:00","dateModified":"2023-12-06T11:37:47+00:00","description":"Neste tutorial, aprenderemos como salvar um arquivo Excel como uma pasta de trabalho habilitada para macro.","breadcrumb":{"@id":"https:\/\/exceladvisor.org\/pt\/pasta-de-trabalho-ativa-por-macro\/#breadcrumb"},"inLanguage":"pt-PT","potentialAction":[{"@type":"ReadAction","target":["https:\/\/exceladvisor.org\/pt\/pasta-de-trabalho-ativa-por-macro\/"]}]},{"@type":"ImageObject","inLanguage":"pt-PT","@id":"https:\/\/exceladvisor.org\/pt\/pasta-de-trabalho-ativa-por-macro\/#primaryimage","url":"https:\/\/exceladvisor.org\/wp-content\/uploads\/2023\/08\/1-macro-decriture.png","contentUrl":"https:\/\/exceladvisor.org\/wp-content\/uploads\/2023\/08\/1-macro-decriture.png"},{"@type":"BreadcrumbList","@id":"https:\/\/exceladvisor.org\/pt\/pasta-de-trabalho-ativa-por-macro\/#breadcrumb","itemListElement":[{"@type":"ListItem","position":1,"name":"Lar","item":"https:\/\/exceladvisor.org\/pt\/"},{"@type":"ListItem","position":2,"name":"Como fa\u00e7o para salvar um arquivo habilitado para macro?"}]},{"@type":"WebSite","@id":"https:\/\/exceladvisor.org\/pt\/#website","url":"https:\/\/exceladvisor.org\/pt\/","name":"Excel Advisor","description":"O seu guia definitivo para dominar os dados!","publisher":{"@id":"https:\/\/exceladvisor.org\/pt\/#organization"},"potentialAction":[{"@type":"SearchAction","target":{"@type":"EntryPoint","urlTemplate":"https:\/\/exceladvisor.org\/pt\/?s={search_term_string}"},"query-input":{"@type":"PropertyValueSpecification","valueRequired":true,"valueName":"search_term_string"}}],"inLanguage":"pt-PT"},{"@type":"Organization","@id":"https:\/\/exceladvisor.org\/pt\/#organization","name":"Excel Advisor","url":"https:\/\/exceladvisor.org\/pt\/","logo":{"@type":"ImageObject","inLanguage":"pt-PT","@id":"https:\/\/exceladvisor.org\/pt\/#\/schema\/logo\/image\/","url":"https:\/\/exceladvisor.org\/pt\/wp-content\/uploads\/2023\/12\/exceladvisor.org_.png","contentUrl":"https:\/\/exceladvisor.org\/pt\/wp-content\/uploads\/2023\/12\/exceladvisor.org_.png","width":105,"height":36,"caption":"Excel Advisor"},"image":{"@id":"https:\/\/exceladvisor.org\/pt\/#\/schema\/logo\/image\/"}}]}},"yoast_meta":{"yoast_wpseo_title":"","yoast_wpseo_metadesc":"","yoast_wpseo_canonical":""},"_links":{"self":[{"href":"https:\/\/exceladvisor.org\/pt\/wp-json\/wp\/v2\/pages\/679","targetHints":{"allow":["GET"]}}],"collection":[{"href":"https:\/\/exceladvisor.org\/pt\/wp-json\/wp\/v2\/pages"}],"about":[{"href":"https:\/\/exceladvisor.org\/pt\/wp-json\/wp\/v2\/types\/page"}],"author":[{"embeddable":true,"href":"https:\/\/exceladvisor.org\/pt\/wp-json\/wp\/v2\/users\/1"}],"replies":[{"embeddable":true,"href":"https:\/\/exceladvisor.org\/pt\/wp-json\/wp\/v2\/comments?post=679"}],"version-history":[{"count":1,"href":"https:\/\/exceladvisor.org\/pt\/wp-json\/wp\/v2\/pages\/679\/revisions"}],"predecessor-version":[{"id":1068,"href":"https:\/\/exceladvisor.org\/pt\/wp-json\/wp\/v2\/pages\/679\/revisions\/1068"}],"wp:attachment":[{"href":"https:\/\/exceladvisor.org\/pt\/wp-json\/wp\/v2\/media?parent=679"}],"curies":[{"name":"wp","href":"https:\/\/api.w.org\/{rel}","templated":true}]}}