{"id":68,"date":"2023-11-17T11:32:12","date_gmt":"2023-11-17T11:32:12","guid":{"rendered":"https:\/\/exceladvisor.org\/pt\/verifique-se-a-pasta-de-trabalho-existe\/"},"modified":"2023-12-06T11:50:27","modified_gmt":"2023-12-06T11:50:27","slug":"verifique-se-a-pasta-de-trabalho-existe","status":"publish","type":"page","link":"https:\/\/exceladvisor.org\/pt\/verifique-se-a-pasta-de-trabalho-existe\/","title":{"rendered":"Como verificar se existe uma pasta de trabalho em uma pasta?"},"content":{"rendered":"<div class=\"excel-before-content-2\" id=\"excel-1040776813\"><script type=\"text\/javascript\">\r\n\tatOptions = {\r\n\t\t'key' : 'c1158f160081d6540a8409e6925dab94',\r\n\t\t'format' : 'iframe',\r\n\t\t'height' : 250,\r\n\t\t'width' : 300,\r\n\t\t'params' : {}\r\n\t};\r\n<\/script>\r\n<script type=\"text\/javascript\" src=\"\/\/www.highperformanceformat.com\/c1158f160081d6540a8409e6925dab94\/invoke.js\"><\/script><\/div><div class=\"excel-before-content\" id=\"excel-1075735848\"><script type=\"text\/javascript\">\r\n\tatOptions = {\r\n\t\t'key' : 'c1158f160081d6540a8409e6925dab94',\r\n\t\t'format' : 'iframe',\r\n\t\t'height' : 250,\r\n\t\t'width' : 300,\r\n\t\t'params' : {}\r\n\t};\r\n<\/script>\r\n<script type=\"text\/javascript\" src=\"\/\/www.highperformanceformat.com\/c1158f160081d6540a8409e6925dab94\/invoke.js\"><\/script><\/div> <p>Para verificar se existe uma pasta de trabalho em uma pasta espec\u00edfica, voc\u00ea pode usar a fun\u00e7\u00e3o DIR. DIR \u00e9 uma fun\u00e7\u00e3o que representa o diret\u00f3rio. Voc\u00ea precisa especificar o caminho do arquivo com nome e extens\u00e3o. Se existir um arquivo, ele retornar\u00e1 o nome do arquivo, caso contr\u00e1rio, um valor vazio.<\/p><h2 class=\"wp-block-heading\"> Escreva um c\u00f3digo para verificar se existe um arquivo Excel em uma pasta<\/h2><p> Use as seguintes etapas: <\/p><div class=\"wp-block-image\"><figure class=\"aligncenter size-large is-resized\"><img loading=\"lazy\" decoding=\"async\" class=\"wp-image-53073\" src=\"https:\/\/exceladvisor.org\/wp-content\/uploads\/2023\/08\/1-code-pour-verifier-si-un-fichier-excel-existe-dans-un-dossier.png\" sizes=\"auto, \" srcset=\"\" alt=\"c\u00f3digo para verificar se existe um arquivo Excel em uma pasta\" width=\"539\" height=\"183\"><\/figure><\/div><ol type=\"1\"><li> Primeiro, <a href=\"https:\/\/exceladvisor.org\/pt\/intervalo-1\/\">especifique um intervalo<\/a> ou <a href=\"https:\/\/exceladvisor.org\/pt\/caixa-de-mensagens-vba\/\">caixa de mensagem<\/a> para obter o resultado da fun\u00e7\u00e3o.<\/li><li> Agora insira o nome da fun\u00e7\u00e3o \u201cDIR\u201d e digite os par\u00eanteses iniciais.<\/li><li> Depois disso, insira o caminho do arquivo usando aspas duplas e certifique-se de inserir a extens\u00e3o do arquivo junto com o nome do arquivo.<\/li><li> Em seguida, digite os par\u00eanteses de fechamento para fechar a linha de c\u00f3digo.<\/li><\/ol><pre class=\"wp-block-code\"> <code class=\"language-visual-basic\" lang=\"visual-basic\">Sub vba_Check_workbook() MsgBox Dir(\"C:UsersDellDesktopbook1.xlsx\") End Sub<\/code><\/pre><p> Ao executar esta linha de c\u00f3digo, aparece uma caixa de mensagem contendo o nome do arquivo, o que significa que o arquivo existe no local especificado.<\/p><p class=\"content-box-grey\"> <em>Links \u00fateis: <a href=\"https:\/\/exceladvisor.org\/pt\/executar-uma-macro-2\/\">Executar uma macro<\/a> \u2013 <a href=\"https:\/\/exceladvisor.org\/pt\/gravar-uma-macro\/\">Gravador de macro<\/a> \u2013 <a href=\"https:\/\/exceladvisor.org\/pt\/editor-visual-basico\/\">Editor Visual Basic<\/a> \u2013 <a href=\"https:\/\/exceladvisor.org\/pt\/caderno-macro-pessoal\/\">Manual pessoal de macros<\/a><\/em><\/p><h2 class=\"wp-block-heading\"> Encontre v\u00e1rios arquivos se eles existirem em uma pasta<\/h2><p> Pode ser necess\u00e1rio verificar v\u00e1rios arquivos se todos existirem em uma pasta. Neste caso voc\u00ea pode usar o seguinte c\u00f3digo. <\/p><pre class=\"wp-block-code\"> <code class=\"language-visual-basic\" lang=\"visual-basic\">Sub vba_check_workbook() Dim myFolder As String Dim myFileName As String Dim myRange As Range Dim myCell As Range Set myRange = Range(\"A1:A5\") myFolder = \"C:UsersDellDesktopData\" For Each myCell In myRange myFileName = myCell.Value If Dir(myFolder &amp; \"\" &amp; myFileName) = \"\" Then myCell.Offset(0, 1) = \"File Doesn't Exists.\" Else myCell.Offset(0, 1) = \"File Exists\" End If Next myCell End Sub<\/code><\/pre><div class=\"wp-block-image\"><figure class=\"aligncenter size-large is-resized\"><img loading=\"lazy\" decoding=\"async\" class=\"wp-image-53074\" src=\"https:\/\/exceladvisor.org\/wp-content\/uploads\/2023\/08\/2-fichiers-multiples-sils-existent-dans-un-dossier.png\" sizes=\"auto, \" srcset=\"\" alt=\"v\u00e1rios arquivos se eles existirem em uma pasta\" width=\"593\" height=\"526\"><\/figure><\/div><p> Para entender esse c\u00f3digo, dividi-o em tr\u00eas partes.<\/p><ul><li> Na PRIMEIRA parte voc\u00ea tem todas as vari\u00e1veis que precisamos usar no c\u00f3digo. Uma vari\u00e1vel para usar como endere\u00e7o da pasta, nome do arquivo, o intervalo onde voc\u00ea tem todos os nomes e cada c\u00e9lula do intervalo.<\/li><li> Na SEGUNDA parte, voc\u00ea define a faixa de endere\u00e7os onde est\u00e3o todos os nomes dos arquivos que deseja verificar. E tamb\u00e9m o caminho da pasta atribu\u00eddo \u00e0 vari\u00e1vel.<\/li><li> Na TERCEIRA parte voc\u00ea tem um <a href=\"https:\/\/exceladvisor.org\/pt\/para-o-circuito\/\">LOOP FOR EACH<\/a> para percorrer todos os arquivos da pasta. Este loop usa o DIR para corresponder a todos os nomes que voc\u00ea possui no intervalo. Ele tamb\u00e9m usa <a href=\"https:\/\/exceladvisor.org\/pt\/se-2\/\">IF STATEMENT<\/a> para inserir um valor na c\u00e9lula correspondente como uma observa\u00e7\u00e3o se o arquivo existe ou n\u00e3o.<\/li><\/ul><p class=\"qt-tip\"> <strong>Nota:<\/strong> Se quiser usar este c\u00f3digo, voc\u00ea precisa alterar o caminho da pasta e definir o intervalo no qual voc\u00ea tem todos os nomes das pastas de trabalho.<\/p><div class=\"gb-container gb-container-4db6181c gb-container-mt\"> <a class=\"gb-button gb-button-c5897111 gb-button-text gb-button-mt-button\" href=\"https:\/\/exceladvisor.org\/pt\/vba\/\">O que \u00e9 VBA<\/a><h2 class=\"gb-headline gb-headline-665e5f6b gb-headline-text gb-headline-mt-heading\"> Tutoriais relacionados <\/h2><div class=\"gb-grid-wrapper gb-grid-wrapper-a20baf7c gb-grid-wrapper-mt-grid\"><div class=\"gb-grid-column gb-grid-column-65ddf67e\"><div class=\"gb-container gb-container-65ddf67e\"><ul><li> <a href=\"https:\/\/exceladvisor.org\/pt\/copiar-arquivo-excel\/\">Copie um arquivo Excel (pasta de trabalho) usando VBA<\/a><\/li><li> <a href=\"https:\/\/exceladvisor.org\/pt\/ativar-pasta-de-trabalho\/\">Pasta de trabalho de ativa\u00e7\u00e3o do VBA (arquivo Excel)<\/a><\/li><li> <a href=\"https:\/\/exceladvisor.org\/pt\/feche-a-pasta-de-trabalho\/\">Fechar pasta de trabalho do VBA (arquivo Excel)<\/a><\/li><li> <a href=\"https:\/\/exceladvisor.org\/pt\/combinar-pastas-de-trabalho\/\">Combinar pastas de trabalho VBA (arquivos Excel)<\/a><\/li><li> <a href=\"https:\/\/exceladvisor.org\/pt\/criar-uma-pasta-de-trabalho\/\">VBA Crie uma nova pasta de trabalho (arquivo Excel)<\/a><\/li><\/ul><\/div><\/div><\/div><\/div>","protected":false},"excerpt":{"rendered":"","protected":false},"author":1,"featured_media":0,"parent":0,"menu_order":0,"comment_status":"open","ping_status":"closed","template":"","meta":{"ub_ctt_via":"","footnotes":""},"class_list":["post-68","page","type-page","status-publish","hentry"],"featured_image_src":null,"yoast_head":"<!-- This site is optimized with the Yoast SEO plugin v25.4 - https:\/\/yoast.com\/wordpress\/plugins\/seo\/ -->\n<title>VBA: Como verificar se existe uma pasta de trabalho em uma pasta?<\/title>\n<meta name=\"description\" content=\"Este tutorial ajuda voc\u00ea a aprender como usar o VBA para abrir uma pasta de trabalho do Excel salva em uma pasta do seu sistema.\" \/>\n<meta name=\"robots\" content=\"index, follow, max-snippet:-1, max-image-preview:large, max-video-preview:-1\" \/>\n<link rel=\"canonical\" href=\"https:\/\/exceladvisor.org\/pt\/verifique-se-a-pasta-de-trabalho-existe\/\" \/>\n<meta property=\"og:locale\" content=\"pt_PT\" \/>\n<meta property=\"og:type\" content=\"article\" \/>\n<meta property=\"og:title\" content=\"VBA: Como verificar se existe uma pasta de trabalho em uma pasta?\" \/>\n<meta property=\"og:description\" content=\"Este tutorial ajuda voc\u00ea a aprender como usar o VBA para abrir uma pasta de trabalho do Excel salva em uma pasta do seu sistema.\" \/>\n<meta property=\"og:url\" content=\"https:\/\/exceladvisor.org\/pt\/verifique-se-a-pasta-de-trabalho-existe\/\" \/>\n<meta property=\"og:site_name\" content=\"Excel Advisor\" \/>\n<meta property=\"article:modified_time\" content=\"2023-12-06T11:50:27+00:00\" \/>\n<meta property=\"og:image\" content=\"https:\/\/exceladvisor.org\/wp-content\/uploads\/2023\/08\/1-code-pour-verifier-si-un-fichier-excel-existe-dans-un-dossier.png\" \/>\n<meta name=\"twitter:card\" content=\"summary_large_image\" \/>\n<meta name=\"twitter:label1\" content=\"Tempo estimado de leitura\" \/>\n\t<meta name=\"twitter:data1\" content=\"3 minutos\" \/>\n<script type=\"application\/ld+json\" class=\"yoast-schema-graph\">{\"@context\":\"https:\/\/schema.org\",\"@graph\":[{\"@type\":\"WebPage\",\"@id\":\"https:\/\/exceladvisor.org\/pt\/verifique-se-a-pasta-de-trabalho-existe\/\",\"url\":\"https:\/\/exceladvisor.org\/pt\/verifique-se-a-pasta-de-trabalho-existe\/\",\"name\":\"VBA: Como verificar se existe uma pasta de trabalho em uma pasta?\",\"isPartOf\":{\"@id\":\"https:\/\/exceladvisor.org\/pt\/#website\"},\"primaryImageOfPage\":{\"@id\":\"https:\/\/exceladvisor.org\/pt\/verifique-se-a-pasta-de-trabalho-existe\/#primaryimage\"},\"image\":{\"@id\":\"https:\/\/exceladvisor.org\/pt\/verifique-se-a-pasta-de-trabalho-existe\/#primaryimage\"},\"thumbnailUrl\":\"https:\/\/exceladvisor.org\/wp-content\/uploads\/2023\/08\/1-code-pour-verifier-si-un-fichier-excel-existe-dans-un-dossier.png\",\"datePublished\":\"2023-11-17T11:32:12+00:00\",\"dateModified\":\"2023-12-06T11:50:27+00:00\",\"description\":\"Este tutorial ajuda voc\u00ea a aprender como usar o VBA para abrir uma pasta de trabalho do Excel salva em uma pasta do seu sistema.\",\"breadcrumb\":{\"@id\":\"https:\/\/exceladvisor.org\/pt\/verifique-se-a-pasta-de-trabalho-existe\/#breadcrumb\"},\"inLanguage\":\"pt-PT\",\"potentialAction\":[{\"@type\":\"ReadAction\",\"target\":[\"https:\/\/exceladvisor.org\/pt\/verifique-se-a-pasta-de-trabalho-existe\/\"]}]},{\"@type\":\"ImageObject\",\"inLanguage\":\"pt-PT\",\"@id\":\"https:\/\/exceladvisor.org\/pt\/verifique-se-a-pasta-de-trabalho-existe\/#primaryimage\",\"url\":\"https:\/\/exceladvisor.org\/wp-content\/uploads\/2023\/08\/1-code-pour-verifier-si-un-fichier-excel-existe-dans-un-dossier.png\",\"contentUrl\":\"https:\/\/exceladvisor.org\/wp-content\/uploads\/2023\/08\/1-code-pour-verifier-si-un-fichier-excel-existe-dans-un-dossier.png\"},{\"@type\":\"BreadcrumbList\",\"@id\":\"https:\/\/exceladvisor.org\/pt\/verifique-se-a-pasta-de-trabalho-existe\/#breadcrumb\",\"itemListElement\":[{\"@type\":\"ListItem\",\"position\":1,\"name\":\"Lar\",\"item\":\"https:\/\/exceladvisor.org\/pt\/\"},{\"@type\":\"ListItem\",\"position\":2,\"name\":\"Como verificar se existe uma pasta de trabalho em uma pasta?\"}]},{\"@type\":\"WebSite\",\"@id\":\"https:\/\/exceladvisor.org\/pt\/#website\",\"url\":\"https:\/\/exceladvisor.org\/pt\/\",\"name\":\"Excel Advisor\",\"description\":\"O seu guia definitivo para dominar os dados!\",\"publisher\":{\"@id\":\"https:\/\/exceladvisor.org\/pt\/#organization\"},\"potentialAction\":[{\"@type\":\"SearchAction\",\"target\":{\"@type\":\"EntryPoint\",\"urlTemplate\":\"https:\/\/exceladvisor.org\/pt\/?s={search_term_string}\"},\"query-input\":{\"@type\":\"PropertyValueSpecification\",\"valueRequired\":true,\"valueName\":\"search_term_string\"}}],\"inLanguage\":\"pt-PT\"},{\"@type\":\"Organization\",\"@id\":\"https:\/\/exceladvisor.org\/pt\/#organization\",\"name\":\"Excel Advisor\",\"url\":\"https:\/\/exceladvisor.org\/pt\/\",\"logo\":{\"@type\":\"ImageObject\",\"inLanguage\":\"pt-PT\",\"@id\":\"https:\/\/exceladvisor.org\/pt\/#\/schema\/logo\/image\/\",\"url\":\"https:\/\/exceladvisor.org\/pt\/wp-content\/uploads\/2023\/12\/exceladvisor.org_.png\",\"contentUrl\":\"https:\/\/exceladvisor.org\/pt\/wp-content\/uploads\/2023\/12\/exceladvisor.org_.png\",\"width\":105,\"height\":36,\"caption\":\"Excel Advisor\"},\"image\":{\"@id\":\"https:\/\/exceladvisor.org\/pt\/#\/schema\/logo\/image\/\"}}]}<\/script>\n<!-- \/ Yoast SEO plugin. -->","yoast_head_json":{"title":"VBA: Como verificar se existe uma pasta de trabalho em uma pasta?","description":"Este tutorial ajuda voc\u00ea a aprender como usar o VBA para abrir uma pasta de trabalho do Excel salva em uma pasta do seu sistema.","robots":{"index":"index","follow":"follow","max-snippet":"max-snippet:-1","max-image-preview":"max-image-preview:large","max-video-preview":"max-video-preview:-1"},"canonical":"https:\/\/exceladvisor.org\/pt\/verifique-se-a-pasta-de-trabalho-existe\/","og_locale":"pt_PT","og_type":"article","og_title":"VBA: Como verificar se existe uma pasta de trabalho em uma pasta?","og_description":"Este tutorial ajuda voc\u00ea a aprender como usar o VBA para abrir uma pasta de trabalho do Excel salva em uma pasta do seu sistema.","og_url":"https:\/\/exceladvisor.org\/pt\/verifique-se-a-pasta-de-trabalho-existe\/","og_site_name":"Excel Advisor","article_modified_time":"2023-12-06T11:50:27+00:00","og_image":[{"url":"https:\/\/exceladvisor.org\/wp-content\/uploads\/2023\/08\/1-code-pour-verifier-si-un-fichier-excel-existe-dans-un-dossier.png","type":"","width":"","height":""}],"twitter_card":"summary_large_image","twitter_misc":{"Tempo estimado de leitura":"3 minutos"},"schema":{"@context":"https:\/\/schema.org","@graph":[{"@type":"WebPage","@id":"https:\/\/exceladvisor.org\/pt\/verifique-se-a-pasta-de-trabalho-existe\/","url":"https:\/\/exceladvisor.org\/pt\/verifique-se-a-pasta-de-trabalho-existe\/","name":"VBA: Como verificar se existe uma pasta de trabalho em uma pasta?","isPartOf":{"@id":"https:\/\/exceladvisor.org\/pt\/#website"},"primaryImageOfPage":{"@id":"https:\/\/exceladvisor.org\/pt\/verifique-se-a-pasta-de-trabalho-existe\/#primaryimage"},"image":{"@id":"https:\/\/exceladvisor.org\/pt\/verifique-se-a-pasta-de-trabalho-existe\/#primaryimage"},"thumbnailUrl":"https:\/\/exceladvisor.org\/wp-content\/uploads\/2023\/08\/1-code-pour-verifier-si-un-fichier-excel-existe-dans-un-dossier.png","datePublished":"2023-11-17T11:32:12+00:00","dateModified":"2023-12-06T11:50:27+00:00","description":"Este tutorial ajuda voc\u00ea a aprender como usar o VBA para abrir uma pasta de trabalho do Excel salva em uma pasta do seu sistema.","breadcrumb":{"@id":"https:\/\/exceladvisor.org\/pt\/verifique-se-a-pasta-de-trabalho-existe\/#breadcrumb"},"inLanguage":"pt-PT","potentialAction":[{"@type":"ReadAction","target":["https:\/\/exceladvisor.org\/pt\/verifique-se-a-pasta-de-trabalho-existe\/"]}]},{"@type":"ImageObject","inLanguage":"pt-PT","@id":"https:\/\/exceladvisor.org\/pt\/verifique-se-a-pasta-de-trabalho-existe\/#primaryimage","url":"https:\/\/exceladvisor.org\/wp-content\/uploads\/2023\/08\/1-code-pour-verifier-si-un-fichier-excel-existe-dans-un-dossier.png","contentUrl":"https:\/\/exceladvisor.org\/wp-content\/uploads\/2023\/08\/1-code-pour-verifier-si-un-fichier-excel-existe-dans-un-dossier.png"},{"@type":"BreadcrumbList","@id":"https:\/\/exceladvisor.org\/pt\/verifique-se-a-pasta-de-trabalho-existe\/#breadcrumb","itemListElement":[{"@type":"ListItem","position":1,"name":"Lar","item":"https:\/\/exceladvisor.org\/pt\/"},{"@type":"ListItem","position":2,"name":"Como verificar se existe uma pasta de trabalho em uma pasta?"}]},{"@type":"WebSite","@id":"https:\/\/exceladvisor.org\/pt\/#website","url":"https:\/\/exceladvisor.org\/pt\/","name":"Excel Advisor","description":"O seu guia definitivo para dominar os dados!","publisher":{"@id":"https:\/\/exceladvisor.org\/pt\/#organization"},"potentialAction":[{"@type":"SearchAction","target":{"@type":"EntryPoint","urlTemplate":"https:\/\/exceladvisor.org\/pt\/?s={search_term_string}"},"query-input":{"@type":"PropertyValueSpecification","valueRequired":true,"valueName":"search_term_string"}}],"inLanguage":"pt-PT"},{"@type":"Organization","@id":"https:\/\/exceladvisor.org\/pt\/#organization","name":"Excel Advisor","url":"https:\/\/exceladvisor.org\/pt\/","logo":{"@type":"ImageObject","inLanguage":"pt-PT","@id":"https:\/\/exceladvisor.org\/pt\/#\/schema\/logo\/image\/","url":"https:\/\/exceladvisor.org\/pt\/wp-content\/uploads\/2023\/12\/exceladvisor.org_.png","contentUrl":"https:\/\/exceladvisor.org\/pt\/wp-content\/uploads\/2023\/12\/exceladvisor.org_.png","width":105,"height":36,"caption":"Excel Advisor"},"image":{"@id":"https:\/\/exceladvisor.org\/pt\/#\/schema\/logo\/image\/"}}]}},"yoast_meta":{"yoast_wpseo_title":"","yoast_wpseo_metadesc":"","yoast_wpseo_canonical":""},"_links":{"self":[{"href":"https:\/\/exceladvisor.org\/pt\/wp-json\/wp\/v2\/pages\/68","targetHints":{"allow":["GET"]}}],"collection":[{"href":"https:\/\/exceladvisor.org\/pt\/wp-json\/wp\/v2\/pages"}],"about":[{"href":"https:\/\/exceladvisor.org\/pt\/wp-json\/wp\/v2\/types\/page"}],"author":[{"embeddable":true,"href":"https:\/\/exceladvisor.org\/pt\/wp-json\/wp\/v2\/users\/1"}],"replies":[{"embeddable":true,"href":"https:\/\/exceladvisor.org\/pt\/wp-json\/wp\/v2\/comments?post=68"}],"version-history":[{"count":1,"href":"https:\/\/exceladvisor.org\/pt\/wp-json\/wp\/v2\/pages\/68\/revisions"}],"predecessor-version":[{"id":1392,"href":"https:\/\/exceladvisor.org\/pt\/wp-json\/wp\/v2\/pages\/68\/revisions\/1392"}],"wp:attachment":[{"href":"https:\/\/exceladvisor.org\/pt\/wp-json\/wp\/v2\/media?parent=68"}],"curies":[{"name":"wp","href":"https:\/\/api.w.org\/{rel}","templated":true}]}}