{"id":681,"date":"2023-09-28T18:12:05","date_gmt":"2023-09-28T18:12:05","guid":{"rendered":"https:\/\/exceladvisor.org\/pt\/quebrar-texto-1\/"},"modified":"2023-12-06T11:50:24","modified_gmt":"2023-12-06T11:50:24","slug":"quebrar-texto-1","status":"publish","type":"page","link":"https:\/\/exceladvisor.org\/pt\/quebrar-texto-1\/","title":{"rendered":"Como usar wrap text em qualquer lugar via vba?"},"content":{"rendered":"<div class=\"excel-before-content-2\" id=\"excel-4209740976\"><script type=\"text\/javascript\">\r\n\tatOptions = {\r\n\t\t'key' : 'c1158f160081d6540a8409e6925dab94',\r\n\t\t'format' : 'iframe',\r\n\t\t'height' : 250,\r\n\t\t'width' : 300,\r\n\t\t'params' : {}\r\n\t};\r\n<\/script>\r\n<script type=\"text\/javascript\" src=\"\/\/www.highperformanceformat.com\/c1158f160081d6540a8409e6925dab94\/invoke.js\"><\/script><\/div><div class=\"excel-before-content\" id=\"excel-1346241648\"><script type=\"text\/javascript\">\r\n\tatOptions = {\r\n\t\t'key' : 'c1158f160081d6540a8409e6925dab94',\r\n\t\t'format' : 'iframe',\r\n\t\t'height' : 250,\r\n\t\t'width' : 300,\r\n\t\t'params' : {}\r\n\t};\r\n<\/script>\r\n<script type=\"text\/javascript\" src=\"\/\/www.highperformanceformat.com\/c1158f160081d6540a8409e6925dab94\/invoke.js\"><\/script><\/div> <p>No VBA, existe uma propriedade chamada &#8220;WrapText&#8221; que voc\u00ea pode acessar para aplicar quebra autom\u00e1tica de texto a uma c\u00e9lula ou intervalo de c\u00e9lulas. Voc\u00ea tem que escrever c\u00f3digo para habilit\u00e1-lo ou desabilit\u00e1-lo. \u00c9 uma propriedade de leitura e grava\u00e7\u00e3o, ent\u00e3o voc\u00ea pode aplic\u00e1-la ou tamb\u00e9m obt\u00ea-la se for aplicada em uma c\u00e9lula.<\/p><p> Neste tutorial, veremos diferentes maneiras de aplicar quebra autom\u00e1tica de texto usando c\u00f3digo VBA.<\/p><h2 class=\"wp-block-heading\"> Quebrar texto em uma c\u00e9lula usando VBA<\/h2><p> Use as etapas a seguir para aplicar Wrap Text usando c\u00f3digo VBA.<\/p><ol><li> Defina a c\u00e9lula onde deseja aplicar a quebra autom\u00e1tica de texto usando a <a href=\"https:\/\/exceladvisor.org\/pt\/intervalo-1\/\">propriedade range<\/a> .<\/li><li> Digite um ponto final para ver a lista de <a href=\"https:\/\/exceladvisor.org\/pt\/objetos\/\">propriedades e m\u00e9todos<\/a> dessa c\u00e9lula.<\/li><li> Selecione a propriedade \u201cWrapText\u201d na lista.<\/li><li> Insira o sinal de igual \u201c=\u201d e digite TRUE para ativar a quebra autom\u00e1tica de palavras.<\/li><\/ol><pre class=\"wp-block-code\"> <code class=\"language-visual-basic\" lang=\"visual-basic\">Sub vba_wrap_text() Range(\"A1\").WrapText = True End Sub<\/code><\/pre><p> Voc\u00ea tamb\u00e9m pode especificar uma c\u00e9lula da seguinte maneira.<\/p><pre class=\"wp-block-code\"> <code class=\"language-visual-basic\" lang=\"visual-basic\">Cells(1, 1).WrapText = True<\/code><\/pre><h2 class=\"wp-block-heading\"> Quebrar o texto em uma linha de c\u00e9lulas<\/h2><p> E se quiser aplicar quebra autom\u00e1tica de texto a um intervalo inteiro, voc\u00ea precisa especificar o intervalo em vez de uma \u00fanica c\u00e9lula.<\/p><pre class=\"wp-block-code\"> <code class=\"language-visual-basic\" lang=\"visual-basic\">Range(\"A1:A5\").WrapText = True<\/code><\/pre><p> Voc\u00ea tamb\u00e9m pode aplic\u00e1-lo ao intervalo utilizado (sele\u00e7\u00e3o da planilha onde inseriu os dados) utilizando a propriedade \u201cUsedRange\u201d. <\/p><pre class=\"wp-block-code\"> <code class=\"language-visual-basic\" lang=\"visual-basic\">Worksheets(\"Sheet1\").UsedRange.WrapText = True ActiveSheet.UsedRange.WrapText = True<\/code><\/pre><div class=\"wp-block-image\"><figure class=\"aligncenter size-large is-resized\"><img loading=\"lazy\" decoding=\"async\" class=\"wp-image-51968\" src=\"https:\/\/exceladvisor.org\/wp-content\/uploads\/2023\/08\/3-appliquer-le-texte-dhabillage-a-la-plage-utilisee.png\" sizes=\"auto, \" srcset=\"\" alt=\"aplicar quebra de texto ao intervalo usado\" width=\"539\" height=\"243\"><\/figure><\/div><p> Na primeira linha do c\u00f3digo acima, voc\u00ea <a href=\"https:\/\/exceladvisor.org\/pt\/planilha-1\/\">especificou a Planilha<\/a> e depois a &#8220;UsedProperty&#8221; para quebrar o texto. Na segunda linha voc\u00ea tem o intervalo utilizado <a href=\"https:\/\/exceladvisor.org\/pt\/ativar-planilha\/\">da planilha ativa<\/a> . Mas ambas as linhas funcionam da mesma forma.<\/p><p> Aqui est\u00e3o mais alguns exemplos que voc\u00ea deve saber:<\/p><ul><li> C\u00e9lulas n\u00e3o cont\u00ednuas<\/li><li> Linha inteira<\/li><li> Coluna inteira<\/li><li> Intervalo nomeado <\/li><\/ul><div class=\"wp-block-image\"><figure class=\"aligncenter size-large is-resized\"><img loading=\"lazy\" decoding=\"async\" class=\"wp-image-51969\" src=\"https:\/\/exceladvisor.org\/wp-content\/uploads\/2023\/08\/4-quelques-exemples-de-texte-dhabillage.png\" sizes=\"auto, \" srcset=\"\" alt=\"alguns exemplos de quebra de texto\" width=\"565\" height=\"289\"><\/figure><\/div><pre class=\"wp-block-code\"> <code class=\"language-visual-basic\" lang=\"visual-basic\">Range(\"A1:A10,C1:C10\").WrapText = True Range(\"A:A\").WrapText = True Range(\"1:1\").WrapText = True Range(\"myRange\").WrapText = True<\/code><\/pre><h2 class=\"wp-block-heading\"> Quebrar o texto em toda a planilha<\/h2><p> Para se referir \u00e0 planilha inteira, voc\u00ea precisa usar a propriedade Cells como no c\u00f3digo a seguir. <\/p><pre class=\"wp-block-code\"> <code class=\"language-visual-basic\" lang=\"visual-basic\">Cells.WrapText = True Worksheets(\"Sheet1\").Cells.WrapText = True<\/code><\/pre><div class=\"wp-block-image\"><figure class=\"aligncenter size-large is-resized\"><img loading=\"lazy\" decoding=\"async\" class=\"wp-image-51970\" src=\"https:\/\/exceladvisor.org\/wp-content\/uploads\/2023\/08\/5-envelopper-le-texte-dans-toute-la-feuille-de-calcul.png\" sizes=\"auto, \" srcset=\"\" alt=\"quebrar texto em planilha inteira\" width=\"531\" height=\"219\"><\/figure><\/div><p> A primeira linha de c\u00f3digo refere-se \u00e0 planilha ativa e a segunda linha refere-se \u00e0 planilha &#8220;Planilha1&#8221;. Voc\u00ea tamb\u00e9m pode usar um loop usando <a href=\"https:\/\/exceladvisor.org\/pt\/para-o-circuito\/\">FOR EACH (For Next)<\/a> para <a href=\"https:\/\/exceladvisor.org\/pt\/folhas-de-laco\/\">percorrer todas as planilhas<\/a> da pasta de trabalho e aplicar quebra autom\u00e1tica de texto a todas as c\u00e9lulas. <\/p><div class=\"wp-block-image\"><figure class=\"aligncenter size-large is-resized\"><img loading=\"lazy\" decoding=\"async\" class=\"wp-image-51971\" src=\"https:\/\/exceladvisor.org\/wp-content\/uploads\/2023\/08\/6-boucle-a-utiliser-pour-appliquer-le-texte-dhabillage.png\" sizes=\"auto, \" srcset=\"\" alt=\"loop-usando-para-aplicar-wrap-text\" width=\"495\" height=\"301\"><\/figure><\/div><pre class=\"wp-block-code\"> <code class=\"language-visual-basic\" lang=\"visual-basic\">Dim ws As Worksheet For Each ws In ActiveWorkbook.Worksheets Cells.WrapText = True Next ws<\/code><\/pre><p> No c\u00f3digo acima, voc\u00ea tem &#8220;ws&#8221; como uma <a href=\"https:\/\/exceladvisor.org\/pt\/variaveis\/\">vari\u00e1vel<\/a> , ent\u00e3o For Each Loop percorre todas as planilhas da pasta de trabalho e se aplica para quebrar o texto de toda a planilha usando C\u00e9lulas.<\/p><h2 class=\"wp-block-heading\"> Desativar WrapText<\/h2><p> Como voc\u00ea viu, voc\u00ea precisa habilitar a propriedade WrapText e da mesma forma voc\u00ea pode desabilit\u00e1-la usando add declarando FALSE.<\/p><pre class=\"wp-block-code\"> <code class=\"language-visual-basic\" lang=\"visual-basic\">Range(\"A1\").WrapText = False<\/code><\/pre><p class=\"qt-tip\"> <strong>Nota:<\/strong> H\u00e1 uma coisa que voc\u00ea precisa entender se voc\u00ea tiver um valor em uma c\u00e9lula e a largura da c\u00e9lula for suficiente para armazenar esse valor, mesmo se voc\u00ea aplicar texto \u00e0 linha, o Excel <a href=\"https:\/\/exceladvisor.org\/pt\/nova-linha\/\">n\u00e3o mover\u00e1 o conte\u00fado para a pr\u00f3xima linha<\/a> .<\/p><div class=\"gb-container gb-container-4db6181c gb-container-mt\"> <a class=\"gb-button gb-button-c5897111 gb-button-text gb-button-mt-button\" href=\"https:\/\/exceladvisor.org\/pt\/vba\/\">O que \u00e9 VBA<\/a><h2 class=\"gb-headline gb-headline-665e5f6b gb-headline-text gb-headline-mt-heading\"> Tutoriais relacionados <\/h2><div class=\"gb-grid-wrapper gb-grid-wrapper-a20baf7c gb-grid-wrapper-mt-grid\"><div class=\"gb-grid-column gb-grid-column-65ddf67e\"><div class=\"gb-container gb-container-65ddf67e\"><ul><li> <a href=\"https:\/\/exceladvisor.org\/pt\/numero-de-linhas\/\">Contar linhas usando VBA no Excel<\/a><\/li><li> <a href=\"https:\/\/exceladvisor.org\/pt\/fonte-de-caracteres\/\">Fonte Excel VBA (cor, tamanho, tipo e negrito)<\/a><\/li><li> <a href=\"https:\/\/exceladvisor.org\/pt\/ocultar-mostrar-linha-da-coluna\/\">Excel VBA Ocultar e mostrar uma coluna ou linha<\/a><\/li><li> <a href=\"https:\/\/exceladvisor.org\/pt\/intervalo-1\/\">Intervalo VBA do Excel \u2013 Trabalhando com intervalo e c\u00e9lulas<\/a><\/li><li> <a href=\"https:\/\/exceladvisor.org\/pt\/fronteiras\/\">Aplicar bordas a uma c\u00e9lula usando VBA no Excel<\/a> <\/li><\/ul><\/div><\/div><div class=\"gb-grid-column gb-grid-column-50067b57\"><div class=\"gb-container gb-container-50067b57\"><\/div><\/div><\/div><\/div>","protected":false},"excerpt":{"rendered":"","protected":false},"author":1,"featured_media":0,"parent":0,"menu_order":0,"comment_status":"open","ping_status":"closed","template":"","meta":{"ub_ctt_via":"","footnotes":""},"class_list":["post-681","page","type-page","status-publish","hentry"],"featured_image_src":null,"yoast_head":"<!-- This site is optimized with the Yoast SEO plugin v25.4 - https:\/\/yoast.com\/wordpress\/plugins\/seo\/ -->\n<title>Como usar Wrap Text em qualquer lugar via VBA? - Consultor Excel<\/title>\n<meta name=\"description\" content=\"Este tutorial mostra como escrever c\u00f3digo VBA para quebrar o texto em uma c\u00e9lula, um intervalo e uma planilha inteira.\" \/>\n<meta name=\"robots\" content=\"index, follow, max-snippet:-1, max-image-preview:large, max-video-preview:-1\" \/>\n<link rel=\"canonical\" href=\"https:\/\/exceladvisor.org\/pt\/quebrar-texto-1\/\" \/>\n<meta property=\"og:locale\" content=\"pt_PT\" \/>\n<meta property=\"og:type\" content=\"article\" \/>\n<meta property=\"og:title\" content=\"Como usar Wrap Text em qualquer lugar via VBA? - Consultor Excel\" \/>\n<meta property=\"og:description\" content=\"Este tutorial mostra como escrever c\u00f3digo VBA para quebrar o texto em uma c\u00e9lula, um intervalo e uma planilha inteira.\" \/>\n<meta property=\"og:url\" content=\"https:\/\/exceladvisor.org\/pt\/quebrar-texto-1\/\" \/>\n<meta property=\"og:site_name\" content=\"Excel Advisor\" \/>\n<meta property=\"article:modified_time\" content=\"2023-12-06T11:50:24+00:00\" \/>\n<meta property=\"og:image\" content=\"https:\/\/exceladvisor.org\/wp-content\/uploads\/2023\/08\/3-appliquer-le-texte-dhabillage-a-la-plage-utilisee.png\" \/>\n<meta name=\"twitter:card\" content=\"summary_large_image\" \/>\n<meta name=\"twitter:label1\" content=\"Tempo estimado de leitura\" \/>\n\t<meta name=\"twitter:data1\" content=\"3 minutos\" \/>\n<script type=\"application\/ld+json\" class=\"yoast-schema-graph\">{\"@context\":\"https:\/\/schema.org\",\"@graph\":[{\"@type\":\"WebPage\",\"@id\":\"https:\/\/exceladvisor.org\/pt\/quebrar-texto-1\/\",\"url\":\"https:\/\/exceladvisor.org\/pt\/quebrar-texto-1\/\",\"name\":\"Como usar Wrap Text em qualquer lugar via VBA? - Consultor Excel\",\"isPartOf\":{\"@id\":\"https:\/\/exceladvisor.org\/pt\/#website\"},\"primaryImageOfPage\":{\"@id\":\"https:\/\/exceladvisor.org\/pt\/quebrar-texto-1\/#primaryimage\"},\"image\":{\"@id\":\"https:\/\/exceladvisor.org\/pt\/quebrar-texto-1\/#primaryimage\"},\"thumbnailUrl\":\"https:\/\/exceladvisor.org\/wp-content\/uploads\/2023\/08\/3-appliquer-le-texte-dhabillage-a-la-plage-utilisee.png\",\"datePublished\":\"2023-09-28T18:12:05+00:00\",\"dateModified\":\"2023-12-06T11:50:24+00:00\",\"description\":\"Este tutorial mostra como escrever c\u00f3digo VBA para quebrar o texto em uma c\u00e9lula, um intervalo e uma planilha inteira.\",\"breadcrumb\":{\"@id\":\"https:\/\/exceladvisor.org\/pt\/quebrar-texto-1\/#breadcrumb\"},\"inLanguage\":\"pt-PT\",\"potentialAction\":[{\"@type\":\"ReadAction\",\"target\":[\"https:\/\/exceladvisor.org\/pt\/quebrar-texto-1\/\"]}]},{\"@type\":\"ImageObject\",\"inLanguage\":\"pt-PT\",\"@id\":\"https:\/\/exceladvisor.org\/pt\/quebrar-texto-1\/#primaryimage\",\"url\":\"https:\/\/exceladvisor.org\/wp-content\/uploads\/2023\/08\/3-appliquer-le-texte-dhabillage-a-la-plage-utilisee.png\",\"contentUrl\":\"https:\/\/exceladvisor.org\/wp-content\/uploads\/2023\/08\/3-appliquer-le-texte-dhabillage-a-la-plage-utilisee.png\"},{\"@type\":\"BreadcrumbList\",\"@id\":\"https:\/\/exceladvisor.org\/pt\/quebrar-texto-1\/#breadcrumb\",\"itemListElement\":[{\"@type\":\"ListItem\",\"position\":1,\"name\":\"Lar\",\"item\":\"https:\/\/exceladvisor.org\/pt\/\"},{\"@type\":\"ListItem\",\"position\":2,\"name\":\"Como usar wrap text em qualquer lugar via vba?\"}]},{\"@type\":\"WebSite\",\"@id\":\"https:\/\/exceladvisor.org\/pt\/#website\",\"url\":\"https:\/\/exceladvisor.org\/pt\/\",\"name\":\"Excel Advisor\",\"description\":\"O seu guia definitivo para dominar os dados!\",\"publisher\":{\"@id\":\"https:\/\/exceladvisor.org\/pt\/#organization\"},\"potentialAction\":[{\"@type\":\"SearchAction\",\"target\":{\"@type\":\"EntryPoint\",\"urlTemplate\":\"https:\/\/exceladvisor.org\/pt\/?s={search_term_string}\"},\"query-input\":{\"@type\":\"PropertyValueSpecification\",\"valueRequired\":true,\"valueName\":\"search_term_string\"}}],\"inLanguage\":\"pt-PT\"},{\"@type\":\"Organization\",\"@id\":\"https:\/\/exceladvisor.org\/pt\/#organization\",\"name\":\"Excel Advisor\",\"url\":\"https:\/\/exceladvisor.org\/pt\/\",\"logo\":{\"@type\":\"ImageObject\",\"inLanguage\":\"pt-PT\",\"@id\":\"https:\/\/exceladvisor.org\/pt\/#\/schema\/logo\/image\/\",\"url\":\"https:\/\/exceladvisor.org\/pt\/wp-content\/uploads\/2023\/12\/exceladvisor.org_.png\",\"contentUrl\":\"https:\/\/exceladvisor.org\/pt\/wp-content\/uploads\/2023\/12\/exceladvisor.org_.png\",\"width\":105,\"height\":36,\"caption\":\"Excel Advisor\"},\"image\":{\"@id\":\"https:\/\/exceladvisor.org\/pt\/#\/schema\/logo\/image\/\"}}]}<\/script>\n<!-- \/ Yoast SEO plugin. -->","yoast_head_json":{"title":"Como usar Wrap Text em qualquer lugar via VBA? - Consultor Excel","description":"Este tutorial mostra como escrever c\u00f3digo VBA para quebrar o texto em uma c\u00e9lula, um intervalo e uma planilha inteira.","robots":{"index":"index","follow":"follow","max-snippet":"max-snippet:-1","max-image-preview":"max-image-preview:large","max-video-preview":"max-video-preview:-1"},"canonical":"https:\/\/exceladvisor.org\/pt\/quebrar-texto-1\/","og_locale":"pt_PT","og_type":"article","og_title":"Como usar Wrap Text em qualquer lugar via VBA? - Consultor Excel","og_description":"Este tutorial mostra como escrever c\u00f3digo VBA para quebrar o texto em uma c\u00e9lula, um intervalo e uma planilha inteira.","og_url":"https:\/\/exceladvisor.org\/pt\/quebrar-texto-1\/","og_site_name":"Excel Advisor","article_modified_time":"2023-12-06T11:50:24+00:00","og_image":[{"url":"https:\/\/exceladvisor.org\/wp-content\/uploads\/2023\/08\/3-appliquer-le-texte-dhabillage-a-la-plage-utilisee.png","type":"","width":"","height":""}],"twitter_card":"summary_large_image","twitter_misc":{"Tempo estimado de leitura":"3 minutos"},"schema":{"@context":"https:\/\/schema.org","@graph":[{"@type":"WebPage","@id":"https:\/\/exceladvisor.org\/pt\/quebrar-texto-1\/","url":"https:\/\/exceladvisor.org\/pt\/quebrar-texto-1\/","name":"Como usar Wrap Text em qualquer lugar via VBA? - Consultor Excel","isPartOf":{"@id":"https:\/\/exceladvisor.org\/pt\/#website"},"primaryImageOfPage":{"@id":"https:\/\/exceladvisor.org\/pt\/quebrar-texto-1\/#primaryimage"},"image":{"@id":"https:\/\/exceladvisor.org\/pt\/quebrar-texto-1\/#primaryimage"},"thumbnailUrl":"https:\/\/exceladvisor.org\/wp-content\/uploads\/2023\/08\/3-appliquer-le-texte-dhabillage-a-la-plage-utilisee.png","datePublished":"2023-09-28T18:12:05+00:00","dateModified":"2023-12-06T11:50:24+00:00","description":"Este tutorial mostra como escrever c\u00f3digo VBA para quebrar o texto em uma c\u00e9lula, um intervalo e uma planilha inteira.","breadcrumb":{"@id":"https:\/\/exceladvisor.org\/pt\/quebrar-texto-1\/#breadcrumb"},"inLanguage":"pt-PT","potentialAction":[{"@type":"ReadAction","target":["https:\/\/exceladvisor.org\/pt\/quebrar-texto-1\/"]}]},{"@type":"ImageObject","inLanguage":"pt-PT","@id":"https:\/\/exceladvisor.org\/pt\/quebrar-texto-1\/#primaryimage","url":"https:\/\/exceladvisor.org\/wp-content\/uploads\/2023\/08\/3-appliquer-le-texte-dhabillage-a-la-plage-utilisee.png","contentUrl":"https:\/\/exceladvisor.org\/wp-content\/uploads\/2023\/08\/3-appliquer-le-texte-dhabillage-a-la-plage-utilisee.png"},{"@type":"BreadcrumbList","@id":"https:\/\/exceladvisor.org\/pt\/quebrar-texto-1\/#breadcrumb","itemListElement":[{"@type":"ListItem","position":1,"name":"Lar","item":"https:\/\/exceladvisor.org\/pt\/"},{"@type":"ListItem","position":2,"name":"Como usar wrap text em qualquer lugar via vba?"}]},{"@type":"WebSite","@id":"https:\/\/exceladvisor.org\/pt\/#website","url":"https:\/\/exceladvisor.org\/pt\/","name":"Excel Advisor","description":"O seu guia definitivo para dominar os dados!","publisher":{"@id":"https:\/\/exceladvisor.org\/pt\/#organization"},"potentialAction":[{"@type":"SearchAction","target":{"@type":"EntryPoint","urlTemplate":"https:\/\/exceladvisor.org\/pt\/?s={search_term_string}"},"query-input":{"@type":"PropertyValueSpecification","valueRequired":true,"valueName":"search_term_string"}}],"inLanguage":"pt-PT"},{"@type":"Organization","@id":"https:\/\/exceladvisor.org\/pt\/#organization","name":"Excel Advisor","url":"https:\/\/exceladvisor.org\/pt\/","logo":{"@type":"ImageObject","inLanguage":"pt-PT","@id":"https:\/\/exceladvisor.org\/pt\/#\/schema\/logo\/image\/","url":"https:\/\/exceladvisor.org\/pt\/wp-content\/uploads\/2023\/12\/exceladvisor.org_.png","contentUrl":"https:\/\/exceladvisor.org\/pt\/wp-content\/uploads\/2023\/12\/exceladvisor.org_.png","width":105,"height":36,"caption":"Excel Advisor"},"image":{"@id":"https:\/\/exceladvisor.org\/pt\/#\/schema\/logo\/image\/"}}]}},"yoast_meta":{"yoast_wpseo_title":"","yoast_wpseo_metadesc":"","yoast_wpseo_canonical":""},"_links":{"self":[{"href":"https:\/\/exceladvisor.org\/pt\/wp-json\/wp\/v2\/pages\/681","targetHints":{"allow":["GET"]}}],"collection":[{"href":"https:\/\/exceladvisor.org\/pt\/wp-json\/wp\/v2\/pages"}],"about":[{"href":"https:\/\/exceladvisor.org\/pt\/wp-json\/wp\/v2\/types\/page"}],"author":[{"embeddable":true,"href":"https:\/\/exceladvisor.org\/pt\/wp-json\/wp\/v2\/users\/1"}],"replies":[{"embeddable":true,"href":"https:\/\/exceladvisor.org\/pt\/wp-json\/wp\/v2\/comments?post=681"}],"version-history":[{"count":1,"href":"https:\/\/exceladvisor.org\/pt\/wp-json\/wp\/v2\/pages\/681\/revisions"}],"predecessor-version":[{"id":1388,"href":"https:\/\/exceladvisor.org\/pt\/wp-json\/wp\/v2\/pages\/681\/revisions\/1388"}],"wp:attachment":[{"href":"https:\/\/exceladvisor.org\/pt\/wp-json\/wp\/v2\/media?parent=681"}],"curies":[{"name":"wp","href":"https:\/\/api.w.org\/{rel}","templated":true}]}}