{"id":682,"date":"2023-09-28T17:42:56","date_gmt":"2023-09-28T17:42:56","guid":{"rendered":"https:\/\/exceladvisor.org\/pt\/funcao-de-planilha\/"},"modified":"2023-12-06T11:42:37","modified_gmt":"2023-12-06T11:42:37","slug":"funcao-de-planilha","status":"publish","type":"page","link":"https:\/\/exceladvisor.org\/pt\/funcao-de-planilha\/","title":{"rendered":"Como usar a fun\u00e7\u00e3o de planilha vba?"},"content":{"rendered":"<div class=\"excel-before-content-2\" id=\"excel-75436989\"><script type=\"text\/javascript\">\r\n\tatOptions = {\r\n\t\t'key' : 'c1158f160081d6540a8409e6925dab94',\r\n\t\t'format' : 'iframe',\r\n\t\t'height' : 250,\r\n\t\t'width' : 300,\r\n\t\t'params' : {}\r\n\t};\r\n<\/script>\r\n<script type=\"text\/javascript\" src=\"\/\/www.highperformanceformat.com\/c1158f160081d6540a8409e6925dab94\/invoke.js\"><\/script><\/div><div class=\"excel-before-content\" id=\"excel-152092205\"><script type=\"text\/javascript\">\r\n\tatOptions = {\r\n\t\t'key' : 'c1158f160081d6540a8409e6925dab94',\r\n\t\t'format' : 'iframe',\r\n\t\t'height' : 250,\r\n\t\t'width' : 300,\r\n\t\t'params' : {}\r\n\t};\r\n<\/script>\r\n<script type=\"text\/javascript\" src=\"\/\/www.highperformanceformat.com\/c1158f160081d6540a8409e6925dab94\/invoke.js\"><\/script><\/div> <p class=\"wp-block-heading\"><strong>Notas principais<\/strong><\/p><ul><li> Voc\u00ea pode usar a propriedade WorksheetFunction para acessar fun\u00e7\u00f5es de planilha para uso em uma macro.<\/li><\/ul><h2 class=\"wp-block-heading\"> Como usar uma fun\u00e7\u00e3o de planilha em VBA ao escrever uma macro<\/h2><p> Use as etapas a seguir para usar uma fun\u00e7\u00e3o de planilha no VBA.<\/p><ul><li> Primeiro, especifique a c\u00e9lula onde deseja inserir os valores retornados pela fun\u00e7\u00e3o. <br><img loading=\"lazy\" decoding=\"async\" title=\"1 fun\u00e7\u00e3o de planilha em vba\" src=\"https:\/\/exceladvisor.org\/wp-content\/uploads\/2023\/08\/1-fonction-de-feuille-de-calcul-en-vba.png\" sizes=\"auto, \" srcset=\"\" alt=\"worksheet-function-in-vba\" width=\"184\" height=\"130\"><\/li><li> Depois disso, use um sinal de igual (=) e digite Application.WorksheetFunction (como j\u00e1 \u00e9 poss\u00edvel fazer no aplicativo Excel, voc\u00ea s\u00f3 pode usar WorksheetFunction). <br><img loading=\"lazy\" decoding=\"async\" title=\"2-use um sinal de igual\" src=\"https:\/\/exceladvisor.org\/wp-content\/uploads\/2023\/08\/2-utiliser-un-signe-egal.png\" sizes=\"auto, \" srcset=\"\" alt=\"use-an-equal-sign\" width=\"356\" height=\"136\"><\/li><li> Em seguida, voc\u00ea precisa inserir um ponto final (.) e, no momento em que fizer isso, voc\u00ea obter\u00e1 uma lista de fun\u00e7\u00f5es que possui na planilha. <br><img loading=\"lazy\" decoding=\"async\" title=\"3-voc\u00ea-deve-inserir-um-ponto\" src=\"https:\/\/exceladvisor.org\/wp-content\/uploads\/2023\/08\/3-vous-devez-entrer-un-point.png\" sizes=\"auto, \" srcset=\"\" alt=\"you-need-to-enter-a-dot\" width=\"402\" height=\"159\"><\/li><li> A partir daqui, vamos usar a fun\u00e7\u00e3o TextJoin para unir o texto nas c\u00e9lulas A1 e B1. Simples assim, voc\u00ea utiliza uma fun\u00e7\u00e3o na planilha; quando voc\u00ea insere par\u00eanteses iniciais, mostra os argumentos que voc\u00ea precisa especificar na c\u00e9lula. <br><img loading=\"lazy\" decoding=\"async\" title=\"4-use a fun\u00e7\u00e3o textjoin\" src=\"https:\/\/exceladvisor.org\/wp-content\/uploads\/2023\/08\/4-utiliser-la-fonction-textjoin.png\" sizes=\"auto, \" srcset=\"\" alt=\"use-the-textjoin-function\" width=\"583\" height=\"132\"><\/li><li> Como voc\u00ea pode ver na imagem acima, ela mostra o argumento que voc\u00ea precisa especificar, mas n\u00e3o o nome dos argumentos. Ent\u00e3o voc\u00ea precisa conhecer os argumentos antes de us\u00e1-los. Aqui est\u00e3o os argumentos que voc\u00ea precisa usar no TextJoin. <br><img loading=\"lazy\" decoding=\"async\" title=\"5 argumentos antes de usar testjoin\" src=\"https:\/\/exceladvisor.org\/wp-content\/uploads\/2023\/08\/5-argument-avant-dutiliser-testjoin.png\" sizes=\"auto, \" srcset=\"\" alt=\"arguement-before-using-testjoin\" width=\"330\" height=\"70\"><\/li><li> Agora vamos inserir argumentos na fun\u00e7\u00e3o. <br><img loading=\"lazy\" decoding=\"async\" title=\"6-insira o argumento na fun\u00e7\u00e3o\" src=\"https:\/\/exceladvisor.org\/wp-content\/uploads\/2023\/08\/6-entrer-un-argument-dans-la-fonction.png\" sizes=\"auto, \" srcset=\"\" alt=\"enter-arguement-in-the-function\" width=\"506\" height=\"114\"><ol><li> delimitar: \u00bb \u00ab<\/li><li> ignore_empty: Verdadeiro<\/li><li> text1: Faixa (\u201cA1\u201d)<\/li><li> text2: Faixa(\u201cB1\u201d)<\/li><\/ol><\/li><\/ul><p> Aqui est\u00e1 o c\u00f3digo completo.<\/p><pre class=\"wp-block-code\"> <code class=\"language-visual-basic\" lang=\"visual-basic\">Sub MyMacro() Range(\"A1\") = _ Application.WorksheetFunction.TextJoin _ (\" \", True, Range(\"A2\"), Range(\"A3\")) End Sub<\/code><\/pre><p> H\u00e1 um total de 387 <a href=\"https:\/\/exceladvisor.org\/pt\/funcoes-do-excel\/\">fun\u00e7\u00f5es de planilha<\/a> que voc\u00ea pode usar no VBA. Mas existem algumas fun\u00e7\u00f5es (Exemplo: <a href=\"https:\/\/exceladvisor.org\/pt\/funcoes-de-string-do-excel\/\">ESQUERDA<\/a> ) que n\u00e3o est\u00e3o dispon\u00edveis.<\/p><p> Raz\u00e3o? Existem <a href=\"https:\/\/exceladvisor.org\/pt\/funcoes\/\">fun\u00e7\u00f5es integradas no VBA<\/a> que voc\u00ea pode usar ao escrever c\u00f3digo VBA. Vamos ver se voc\u00ea deseja usar uma <a href=\"https:\/\/exceladvisor.org\/pt\/caixa-de-mensagens-vba\/\">caixa de mensagem<\/a> para obter o valor de uma fun\u00e7\u00e3o. Digamos que voc\u00ea queira obter o valor m\u00e1ximo do intervalo denominado &#8220;myValues&#8221;.<\/p><p> O c\u00f3digo seria:<\/p><pre class=\"wp-block-code\"> <code class=\"language-visual-basic\" lang=\"visual-basic\">Sub MyMacro() MsgBox Prompt:=WorksheetFunction.Max(Range(\"myValues\")) End Sub<\/code><\/pre><p> E \u00e9 assim que voc\u00ea recebe uma caixa de mensagem: <\/p><div class=\"wp-block-image\"><figure class=\"aligncenter size-large is-resized\"><img loading=\"lazy\" decoding=\"async\" class=\"wp-image-51651\" src=\"https:\/\/exceladvisor.org\/wp-content\/uploads\/2023\/08\/7-plages-nommees-myvalues.png\" sizes=\"auto, \" srcset=\"\" alt=\"intervalo nomeado-meus valores\" width=\"345\" height=\"255\"><\/figure><\/div><h2 class=\"wp-block-heading\"> Application.WorksheetFunction vs Aplicativo<\/h2><p> Existem duas maneiras diferentes de se referir a uma fun\u00e7\u00e3o de planilha. Abaixo est\u00e3o as duas linhas diferentes de c\u00f3digo que executam a mesma atividade. <\/p><div class=\"wp-block-image\"><figure class=\"aligncenter size-large is-resized\"><img loading=\"lazy\" decoding=\"async\" class=\"wp-image-51652\" src=\"https:\/\/exceladvisor.org\/wp-content\/uploads\/2023\/08\/8-feuille-de-calcul-dapplication-fonction-vs-application.png\" sizes=\"auto, \" srcset=\"\" alt=\"planilha de aplicativofun\u00e7\u00e3o-vs-aplicativo\" width=\"536\" height=\"275\"><\/figure><\/div><pre class=\"wp-block-code\"> <code class=\"language-visual-basic\" lang=\"visual-basic\">Sub MyMacro() MsgBox Prompt:= _ Application.WorksheetFunction.Max(Range(\"myValues\")) MsgBox Prompt:= _ Application.Max(Range(\"myValues\")) End Sub<\/code><\/pre><p> Mas h\u00e1 uma vantagem em usar o segundo m\u00e9todo. Ele retorna um c\u00f3digo de erro em vez de exibir o erro diretamente.<\/p><div class=\"gb-container gb-container-4db6181c gb-container-mt\"> <a class=\"gb-button gb-button-c5897111 gb-button-text gb-button-mt-button\" href=\"https:\/\/exceladvisor.org\/pt\/vba\/\">O que \u00e9 VBA<\/a><h2 class=\"gb-headline gb-headline-665e5f6b gb-headline-text gb-headline-mt-heading\"> Tutoriais relacionados <\/h2><div class=\"gb-grid-wrapper gb-grid-wrapper-a20baf7c gb-grid-wrapper-mt-grid\"><div class=\"gb-grid-column gb-grid-column-65ddf67e\"><div class=\"gb-container gb-container-65ddf67e\"><ul><li> <a href=\"https:\/\/exceladvisor.org\/pt\/media-2\/\">Valores m\u00e9dios no Excel com VBA<\/a><\/li><li> <a href=\"https:\/\/exceladvisor.org\/pt\/data-de-hoje-hora-atual\/\">Obtenha a data e a hora atual usando VBA<\/a><\/li><li> <a href=\"https:\/\/exceladvisor.org\/pt\/soma-1\/\">Soma valores no Excel usando VBA<\/a><\/li><li> <a href=\"https:\/\/exceladvisor.org\/pt\/partida-2\/\">Fun\u00e7\u00e3o de correspond\u00eancia em VBA<\/a><\/li><li> <a href=\"https:\/\/exceladvisor.org\/pt\/numero-aleatorio\/\">N\u00fameros aleat\u00f3rios VBA<\/a> <\/li><\/ul><\/div><\/div><div class=\"gb-grid-column gb-grid-column-50067b57\"><div class=\"gb-container gb-container-50067b57\"><\/div><\/div><\/div><\/div>","protected":false},"excerpt":{"rendered":"","protected":false},"author":1,"featured_media":0,"parent":0,"menu_order":0,"comment_status":"open","ping_status":"closed","template":"","meta":{"ub_ctt_via":"","footnotes":""},"class_list":["post-682","page","type-page","status-publish","hentry"],"featured_image_src":null,"yoast_head":"<!-- This site is optimized with the Yoast SEO plugin v25.4 - https:\/\/yoast.com\/wordpress\/plugins\/seo\/ -->\n<title>\u25b7Como usar a fun\u00e7\u00e3o de planilha VBA?<\/title>\n<meta name=\"description\" content=\"Este tutorial mostra como acessar as fun\u00e7\u00f5es de avalia\u00e7\u00e3o e uso de planilhas em c\u00f3digo VBA.\" \/>\n<meta name=\"robots\" content=\"index, follow, max-snippet:-1, max-image-preview:large, max-video-preview:-1\" \/>\n<link rel=\"canonical\" href=\"https:\/\/exceladvisor.org\/pt\/funcao-de-planilha\/\" \/>\n<meta property=\"og:locale\" content=\"pt_PT\" \/>\n<meta property=\"og:type\" content=\"article\" \/>\n<meta property=\"og:title\" content=\"\u25b7Como usar a fun\u00e7\u00e3o de planilha VBA?\" \/>\n<meta property=\"og:description\" content=\"Este tutorial mostra como acessar as fun\u00e7\u00f5es de avalia\u00e7\u00e3o e uso de planilhas em c\u00f3digo VBA.\" \/>\n<meta property=\"og:url\" content=\"https:\/\/exceladvisor.org\/pt\/funcao-de-planilha\/\" \/>\n<meta property=\"og:site_name\" content=\"Excel Advisor\" \/>\n<meta property=\"article:modified_time\" content=\"2023-12-06T11:42:37+00:00\" \/>\n<meta property=\"og:image\" content=\"https:\/\/exceladvisor.org\/wp-content\/uploads\/2023\/08\/1-fonction-de-feuille-de-calcul-en-vba.png\" \/>\n<meta name=\"twitter:card\" content=\"summary_large_image\" \/>\n<meta name=\"twitter:label1\" content=\"Tempo estimado de leitura\" \/>\n\t<meta name=\"twitter:data1\" content=\"2 minutos\" \/>\n<script type=\"application\/ld+json\" class=\"yoast-schema-graph\">{\"@context\":\"https:\/\/schema.org\",\"@graph\":[{\"@type\":\"WebPage\",\"@id\":\"https:\/\/exceladvisor.org\/pt\/funcao-de-planilha\/\",\"url\":\"https:\/\/exceladvisor.org\/pt\/funcao-de-planilha\/\",\"name\":\"\u25b7Como usar a fun\u00e7\u00e3o de planilha VBA?\",\"isPartOf\":{\"@id\":\"https:\/\/exceladvisor.org\/pt\/#website\"},\"primaryImageOfPage\":{\"@id\":\"https:\/\/exceladvisor.org\/pt\/funcao-de-planilha\/#primaryimage\"},\"image\":{\"@id\":\"https:\/\/exceladvisor.org\/pt\/funcao-de-planilha\/#primaryimage\"},\"thumbnailUrl\":\"https:\/\/exceladvisor.org\/wp-content\/uploads\/2023\/08\/1-fonction-de-feuille-de-calcul-en-vba.png\",\"datePublished\":\"2023-09-28T17:42:56+00:00\",\"dateModified\":\"2023-12-06T11:42:37+00:00\",\"description\":\"Este tutorial mostra como acessar as fun\u00e7\u00f5es de avalia\u00e7\u00e3o e uso de planilhas em c\u00f3digo VBA.\",\"breadcrumb\":{\"@id\":\"https:\/\/exceladvisor.org\/pt\/funcao-de-planilha\/#breadcrumb\"},\"inLanguage\":\"pt-PT\",\"potentialAction\":[{\"@type\":\"ReadAction\",\"target\":[\"https:\/\/exceladvisor.org\/pt\/funcao-de-planilha\/\"]}]},{\"@type\":\"ImageObject\",\"inLanguage\":\"pt-PT\",\"@id\":\"https:\/\/exceladvisor.org\/pt\/funcao-de-planilha\/#primaryimage\",\"url\":\"https:\/\/exceladvisor.org\/wp-content\/uploads\/2023\/08\/1-fonction-de-feuille-de-calcul-en-vba.png\",\"contentUrl\":\"https:\/\/exceladvisor.org\/wp-content\/uploads\/2023\/08\/1-fonction-de-feuille-de-calcul-en-vba.png\"},{\"@type\":\"BreadcrumbList\",\"@id\":\"https:\/\/exceladvisor.org\/pt\/funcao-de-planilha\/#breadcrumb\",\"itemListElement\":[{\"@type\":\"ListItem\",\"position\":1,\"name\":\"Lar\",\"item\":\"https:\/\/exceladvisor.org\/pt\/\"},{\"@type\":\"ListItem\",\"position\":2,\"name\":\"Como usar a fun\u00e7\u00e3o de planilha vba?\"}]},{\"@type\":\"WebSite\",\"@id\":\"https:\/\/exceladvisor.org\/pt\/#website\",\"url\":\"https:\/\/exceladvisor.org\/pt\/\",\"name\":\"Excel Advisor\",\"description\":\"O seu guia definitivo para dominar os dados!\",\"publisher\":{\"@id\":\"https:\/\/exceladvisor.org\/pt\/#organization\"},\"potentialAction\":[{\"@type\":\"SearchAction\",\"target\":{\"@type\":\"EntryPoint\",\"urlTemplate\":\"https:\/\/exceladvisor.org\/pt\/?s={search_term_string}\"},\"query-input\":{\"@type\":\"PropertyValueSpecification\",\"valueRequired\":true,\"valueName\":\"search_term_string\"}}],\"inLanguage\":\"pt-PT\"},{\"@type\":\"Organization\",\"@id\":\"https:\/\/exceladvisor.org\/pt\/#organization\",\"name\":\"Excel Advisor\",\"url\":\"https:\/\/exceladvisor.org\/pt\/\",\"logo\":{\"@type\":\"ImageObject\",\"inLanguage\":\"pt-PT\",\"@id\":\"https:\/\/exceladvisor.org\/pt\/#\/schema\/logo\/image\/\",\"url\":\"https:\/\/exceladvisor.org\/pt\/wp-content\/uploads\/2023\/12\/exceladvisor.org_.png\",\"contentUrl\":\"https:\/\/exceladvisor.org\/pt\/wp-content\/uploads\/2023\/12\/exceladvisor.org_.png\",\"width\":105,\"height\":36,\"caption\":\"Excel Advisor\"},\"image\":{\"@id\":\"https:\/\/exceladvisor.org\/pt\/#\/schema\/logo\/image\/\"}}]}<\/script>\n<!-- \/ Yoast SEO plugin. -->","yoast_head_json":{"title":"\u25b7Como usar a fun\u00e7\u00e3o de planilha VBA?","description":"Este tutorial mostra como acessar as fun\u00e7\u00f5es de avalia\u00e7\u00e3o e uso de planilhas em c\u00f3digo VBA.","robots":{"index":"index","follow":"follow","max-snippet":"max-snippet:-1","max-image-preview":"max-image-preview:large","max-video-preview":"max-video-preview:-1"},"canonical":"https:\/\/exceladvisor.org\/pt\/funcao-de-planilha\/","og_locale":"pt_PT","og_type":"article","og_title":"\u25b7Como usar a fun\u00e7\u00e3o de planilha VBA?","og_description":"Este tutorial mostra como acessar as fun\u00e7\u00f5es de avalia\u00e7\u00e3o e uso de planilhas em c\u00f3digo VBA.","og_url":"https:\/\/exceladvisor.org\/pt\/funcao-de-planilha\/","og_site_name":"Excel Advisor","article_modified_time":"2023-12-06T11:42:37+00:00","og_image":[{"url":"https:\/\/exceladvisor.org\/wp-content\/uploads\/2023\/08\/1-fonction-de-feuille-de-calcul-en-vba.png","type":"","width":"","height":""}],"twitter_card":"summary_large_image","twitter_misc":{"Tempo estimado de leitura":"2 minutos"},"schema":{"@context":"https:\/\/schema.org","@graph":[{"@type":"WebPage","@id":"https:\/\/exceladvisor.org\/pt\/funcao-de-planilha\/","url":"https:\/\/exceladvisor.org\/pt\/funcao-de-planilha\/","name":"\u25b7Como usar a fun\u00e7\u00e3o de planilha VBA?","isPartOf":{"@id":"https:\/\/exceladvisor.org\/pt\/#website"},"primaryImageOfPage":{"@id":"https:\/\/exceladvisor.org\/pt\/funcao-de-planilha\/#primaryimage"},"image":{"@id":"https:\/\/exceladvisor.org\/pt\/funcao-de-planilha\/#primaryimage"},"thumbnailUrl":"https:\/\/exceladvisor.org\/wp-content\/uploads\/2023\/08\/1-fonction-de-feuille-de-calcul-en-vba.png","datePublished":"2023-09-28T17:42:56+00:00","dateModified":"2023-12-06T11:42:37+00:00","description":"Este tutorial mostra como acessar as fun\u00e7\u00f5es de avalia\u00e7\u00e3o e uso de planilhas em c\u00f3digo VBA.","breadcrumb":{"@id":"https:\/\/exceladvisor.org\/pt\/funcao-de-planilha\/#breadcrumb"},"inLanguage":"pt-PT","potentialAction":[{"@type":"ReadAction","target":["https:\/\/exceladvisor.org\/pt\/funcao-de-planilha\/"]}]},{"@type":"ImageObject","inLanguage":"pt-PT","@id":"https:\/\/exceladvisor.org\/pt\/funcao-de-planilha\/#primaryimage","url":"https:\/\/exceladvisor.org\/wp-content\/uploads\/2023\/08\/1-fonction-de-feuille-de-calcul-en-vba.png","contentUrl":"https:\/\/exceladvisor.org\/wp-content\/uploads\/2023\/08\/1-fonction-de-feuille-de-calcul-en-vba.png"},{"@type":"BreadcrumbList","@id":"https:\/\/exceladvisor.org\/pt\/funcao-de-planilha\/#breadcrumb","itemListElement":[{"@type":"ListItem","position":1,"name":"Lar","item":"https:\/\/exceladvisor.org\/pt\/"},{"@type":"ListItem","position":2,"name":"Como usar a fun\u00e7\u00e3o de planilha vba?"}]},{"@type":"WebSite","@id":"https:\/\/exceladvisor.org\/pt\/#website","url":"https:\/\/exceladvisor.org\/pt\/","name":"Excel Advisor","description":"O seu guia definitivo para dominar os dados!","publisher":{"@id":"https:\/\/exceladvisor.org\/pt\/#organization"},"potentialAction":[{"@type":"SearchAction","target":{"@type":"EntryPoint","urlTemplate":"https:\/\/exceladvisor.org\/pt\/?s={search_term_string}"},"query-input":{"@type":"PropertyValueSpecification","valueRequired":true,"valueName":"search_term_string"}}],"inLanguage":"pt-PT"},{"@type":"Organization","@id":"https:\/\/exceladvisor.org\/pt\/#organization","name":"Excel Advisor","url":"https:\/\/exceladvisor.org\/pt\/","logo":{"@type":"ImageObject","inLanguage":"pt-PT","@id":"https:\/\/exceladvisor.org\/pt\/#\/schema\/logo\/image\/","url":"https:\/\/exceladvisor.org\/pt\/wp-content\/uploads\/2023\/12\/exceladvisor.org_.png","contentUrl":"https:\/\/exceladvisor.org\/pt\/wp-content\/uploads\/2023\/12\/exceladvisor.org_.png","width":105,"height":36,"caption":"Excel Advisor"},"image":{"@id":"https:\/\/exceladvisor.org\/pt\/#\/schema\/logo\/image\/"}}]}},"yoast_meta":{"yoast_wpseo_title":"","yoast_wpseo_metadesc":"","yoast_wpseo_canonical":""},"_links":{"self":[{"href":"https:\/\/exceladvisor.org\/pt\/wp-json\/wp\/v2\/pages\/682","targetHints":{"allow":["GET"]}}],"collection":[{"href":"https:\/\/exceladvisor.org\/pt\/wp-json\/wp\/v2\/pages"}],"about":[{"href":"https:\/\/exceladvisor.org\/pt\/wp-json\/wp\/v2\/types\/page"}],"author":[{"embeddable":true,"href":"https:\/\/exceladvisor.org\/pt\/wp-json\/wp\/v2\/users\/1"}],"replies":[{"embeddable":true,"href":"https:\/\/exceladvisor.org\/pt\/wp-json\/wp\/v2\/comments?post=682"}],"version-history":[{"count":1,"href":"https:\/\/exceladvisor.org\/pt\/wp-json\/wp\/v2\/pages\/682\/revisions"}],"predecessor-version":[{"id":1224,"href":"https:\/\/exceladvisor.org\/pt\/wp-json\/wp\/v2\/pages\/682\/revisions\/1224"}],"wp:attachment":[{"href":"https:\/\/exceladvisor.org\/pt\/wp-json\/wp\/v2\/media?parent=682"}],"curies":[{"name":"wp","href":"https:\/\/api.w.org\/{rel}","templated":true}]}}