{"id":683,"date":"2023-09-28T17:33:35","date_gmt":"2023-09-28T17:33:35","guid":{"rendered":"https:\/\/exceladvisor.org\/pt\/com\/"},"modified":"2023-12-06T11:43:58","modified_gmt":"2023-12-06T11:43:58","slug":"com","status":"publish","type":"page","link":"https:\/\/exceladvisor.org\/pt\/com\/","title":{"rendered":"Como usar a instru\u00e7\u00e3o vba with aninhada?"},"content":{"rendered":"<div class=\"excel-before-content-2\" id=\"excel-3396088517\"><script type=\"text\/javascript\">\r\n\tatOptions = {\r\n\t\t'key' : 'c1158f160081d6540a8409e6925dab94',\r\n\t\t'format' : 'iframe',\r\n\t\t'height' : 250,\r\n\t\t'width' : 300,\r\n\t\t'params' : {}\r\n\t};\r\n<\/script>\r\n<script type=\"text\/javascript\" src=\"\/\/www.highperformanceformat.com\/c1158f160081d6540a8409e6925dab94\/invoke.js\"><\/script><\/div><div class=\"excel-before-content\" id=\"excel-2835233406\"><script type=\"text\/javascript\">\r\n\tatOptions = {\r\n\t\t'key' : 'c1158f160081d6540a8409e6925dab94',\r\n\t\t'format' : 'iframe',\r\n\t\t'height' : 250,\r\n\t\t'width' : 300,\r\n\t\t'params' : {}\r\n\t};\r\n<\/script>\r\n<script type=\"text\/javascript\" src=\"\/\/www.highperformanceformat.com\/c1158f160081d6540a8409e6925dab94\/invoke.js\"><\/script><\/div> <p class=\"wp-block-heading\"><strong>Pontos chave<\/strong><\/p><ul><li> <em>Use a instru\u00e7\u00e3o VBA With para minimizar o c\u00f3digo.<\/em><\/li><li> <em>Voc\u00ea pode usar apenas um objeto por vez ao usar a instru\u00e7\u00e3o With.<\/em><\/li><\/ul><h2 class=\"wp-block-heading\"> O que \u00e9 VBA com declara\u00e7\u00e3o<\/h2><p> VBA With \u00e9 uma instru\u00e7\u00e3o para especificar um objeto uma vez e, em seguida, executar v\u00e1rias instru\u00e7\u00f5es para ele. Em palavras simples, usando a instru\u00e7\u00e3o \u201cWITH\u201d para especificar um objeto, e depois disso voc\u00ea pode acessar todas as propriedades e m\u00e9todos de uma s\u00f3 vez. Come\u00e7a com \u201cCom\u201d e termina com \u201cFinalizar com\u201d.<\/p><h2 class=\"wp-block-heading\"> Sintaxe do VBA com instru\u00e7\u00e3o<\/h2><p> Aqui est\u00e1 a sintaxe que voc\u00ea precisa usar para usar a instru\u00e7\u00e3o With no VBA: <\/p><pre class=\"wp-block-code\"> <code class=\"language-visual-basic\" lang=\"visual-basic\">With [OBJECT] [Statement] End With<\/code><\/pre><div class=\"wp-block-image\"><figure class=\"aligncenter size-large is-resized\"><img loading=\"lazy\" decoding=\"async\" class=\"wp-image-51528\" src=\"https:\/\/exceladvisor.org\/wp-content\/uploads\/2023\/08\/1-syntaxe-de-vba-avec-instruction.png\" sizes=\"auto, \" srcset=\"\" alt=\"sintaxe vba com instru\u00e7\u00e3o\" width=\"340\" height=\"257\"><\/figure><\/div><ol><li> <strong>With<\/strong> : Esta \u00e9 a palavra-chave inicial da instru\u00e7\u00e3o que informa ao VBA que voc\u00ea est\u00e1 especificando o objeto mencionado.<\/li><li> <strong>Objeto<\/strong> : Aqui voc\u00ea precisa especificar o objeto que deseja usar.<\/li><li> <strong>Instru\u00e7\u00e3o<\/strong> : uma ou mais instru\u00e7\u00f5es que voc\u00ea deseja executar com o objeto especificado.<\/li><li> <strong>End With<\/strong> : Esta \u00e9 a palavra-chave final da instru\u00e7\u00e3o.<\/li><\/ol><h2 class=\"wp-block-heading\"> Exemplo para entender a instru\u00e7\u00e3o VBA With<\/h2><p> Vamos dar um exemplo para entender a declara\u00e7\u00e3o detalhada. Digamos que voc\u00ea queira alterar a cor, o tamanho e o nome da fonte da c\u00e9lula A1. Para fazer essas tr\u00eas coisas voc\u00ea precisa acessar tr\u00eas propriedades <a href=\"https:\/\/exceladvisor.org\/pt\/fonte-de-caracteres\/\">de fonte VBA<\/a> diferentes e o c\u00f3digo seria:<\/p><pre class=\"wp-block-code\"> <code class=\"language-visual-basic\" lang=\"visual-basic\">Range(\"A1\").Font.Color = RGB(0, 0, 255) Range(\"A1\").Font.Size = 16 Range(\"A1\").Font.Name = \"Consolas\"<\/code><\/pre><p> Mas aqui vamos usar a instru\u00e7\u00e3o With em vez do c\u00f3digo acima. Para usar a instru\u00e7\u00e3o VBA With, voc\u00ea pode seguir as seguintes etapas:<\/p><ol><li> Primeiro digite o teclado \u201cCom\u201d.<\/li><li> Depois disso, use o intervalo VBA para especificar a c\u00e9lula A1 usando o objeto fonte para especificar o objeto fonte. <br><img loading=\"lazy\" decoding=\"async\" title=\"intervalo de 2 usos vba\" src=\"https:\/\/exceladvisor.org\/wp-content\/uploads\/2023\/08\/2-utiliser-la-gamme-vba.png\" sizes=\"auto, \" srcset=\"\" alt=\"use-the-vba-range\" width=\"336\" height=\"202\"><\/li><li> Em seguida, voc\u00ea precisa inserir o c\u00f3digo das tr\u00eas propriedades e os valores que deseja aplicar. <br><img loading=\"lazy\" decoding=\"async\" title=\"3 c\u00f3digos para as tr\u00eas propriedades\" src=\"https:\/\/exceladvisor.org\/wp-content\/uploads\/2023\/08\/3-code-pour-les-trois-proprietes.png\" sizes=\"auto, \" srcset=\"\" alt=\"code-for-all-three-properties\" width=\"337\" height=\"209\"><\/li><li> No final, use a palavra-chave \u201cEnd With\u201d para encerrar a instru\u00e7\u00e3o. <br><img loading=\"lazy\" decoding=\"async\" title=\"4-fim-com-para-fim-da-instru\u00e7\u00e3o\" src=\"https:\/\/exceladvisor.org\/wp-content\/uploads\/2023\/08\/4-fin-avec-pour-terminer-linstruction.png\" sizes=\"auto, \" srcset=\"\" alt=\"end-with-to-end-the-statement\" width=\"331\" height=\"258\"><\/li><\/ol><p> Aqui est\u00e1 o c\u00f3digo que voc\u00ea acabou de escrever.<\/p><pre class=\"wp-block-code\"> <code class=\"language-visual-basic\" lang=\"visual-basic\">Sub MyMacro() With Range(\"A1\").Font .Color = RGB(0, 0, 255) .Size = 16 .Name = \"Consolas\" End With End Sub<\/code><\/pre><p> Agora vamos dar uma olhada em ambos os c\u00f3digos e tentar entender qual \u00e9 a diferen\u00e7a que temos ao usar a instru\u00e7\u00e3o \u201cWith\u201d. <\/p><div class=\"wp-block-image\"><figure class=\"aligncenter size-large is-resized\"><img loading=\"lazy\" decoding=\"async\" class=\"wp-image-51532\" src=\"https:\/\/exceladvisor.org\/wp-content\/uploads\/2023\/08\/5-regardez-les-deux-codes.png\" sizes=\"auto, \" srcset=\"\" alt=\"veja os dois c\u00f3digos\" width=\"596\" height=\"404\"><\/figure><\/div><p> No primeiro c\u00f3digo, voc\u00ea usou o objeto font tr\u00eas vezes e depois usou a propriedade que deseja acessar e na qual deseja fazer altera\u00e7\u00f5es.<\/p><p> Mas no segundo c\u00f3digo, voc\u00ea usou a instru\u00e7\u00e3o With e especificou imediatamente o objeto fonte. E ent\u00e3o tr\u00eas linhas de c\u00f3digo na instru\u00e7\u00e3o \u201cWith\u201d para acessar as tr\u00eas propriedades.<\/p><p> Quando voc\u00ea usa a instru\u00e7\u00e3o \u201cWith\u201d e especifica um objeto, ela informa ao VBA que todas as instru\u00e7\u00f5es que voc\u00ea escreveu devem ser executadas com o objeto mencionado. Isso n\u00e3o apenas fornece c\u00f3digo estruturado, mas tamb\u00e9m acelera a execu\u00e7\u00e3o de uma macro e proporciona maior efici\u00eancia.<\/p><h2 class=\"wp-block-heading\"> Aninhado com declara\u00e7\u00e3o<\/h2><p> Eu disse no in\u00edcio que voc\u00ea s\u00f3 pode especificar um objeto para usar a instru\u00e7\u00e3o With. Mas existe uma maneira de usar mais de um ou at\u00e9 v\u00e1rios itens com ele. Isso est\u00e1 usando <a href=\"https:\/\/exceladvisor.org\/pt\/rotacoes\/\">VBA LOOPS<\/a> e usaremos FOR EACH LOOP para percorrer v\u00e1rios objetos e usar o &#8220;With&#8221;.<\/p><p> Deixe-me lhe dar um exemplo; voc\u00ea precisa percorrer todas as planilhas e aplicar todos os itens a seguir a todas as c\u00e9lulas de cada planilha.<\/p><ul><li> <strong>Tamanho da fonte: 16<\/strong><\/li><li> <strong>Fonte: Verdena<\/strong><\/li><\/ul><p> E na apostila voc\u00ea tem cinco planilhas, como no exemplo a seguir: <\/p><div class=\"wp-block-image\"><figure class=\"aligncenter size-large is-resized\"><img loading=\"lazy\" decoding=\"async\" class=\"wp-image-51533\" src=\"https:\/\/exceladvisor.org\/wp-content\/uploads\/2023\/08\/6-imbriques-avec-declaration.png\" sizes=\"auto, \" srcset=\"\" alt=\"aninhado com instru\u00e7\u00e3o\" width=\"515\" height=\"198\"><\/figure><\/div><p> <strong>Use as etapas a seguir para escrever uma instru\u00e7\u00e3o &#8220;With&#8221; aninhada.<\/strong><\/p><ol><li> Primeiro, voc\u00ea deve declarar uma vari\u00e1vel para usar um objeto de planilha. <br><img loading=\"lazy\" decoding=\"async\" title=\"7 etapas para escrever aninhado\" src=\"https:\/\/exceladvisor.org\/wp-content\/uploads\/2023\/08\/7-etapes-pour-ecrire-imbrique.png\" sizes=\"auto, \" srcset=\"\" alt=\"steps-to-write-nested\" width=\"327\" height=\"212\"><\/li><li> Depois disso, como eu disse, voc\u00ea precisa usar <a href=\"https:\/\/exceladvisor.org\/pt\/para-o-circuito\/\">For Each Loop<\/a> . Ent\u00e3o voc\u00ea precisa escrever um c\u00f3digo com o loop que possa <a href=\"https:\/\/exceladvisor.org\/pt\/folhas-de-laco\/\">percorrer todas as planilhas<\/a> . <br><img loading=\"lazy\" decoding=\"async\" title=\"8-escrever-c\u00f3digo-com-o-loop\" src=\"https:\/\/exceladvisor.org\/wp-content\/uploads\/2023\/08\/8-ecrire-du-code-avec-la-boucle.png\" sizes=\"auto, \" srcset=\"\" alt=\"write-code-with-the-loop\" width=\"400\" height=\"238\"><\/li><li> Agora insira a instru\u00e7\u00e3o with que pode aplicar a configura\u00e7\u00e3o <a href=\"https:\/\/exceladvisor.org\/pt\/fonte-de-caracteres\/\">de fonte<\/a> que discutimos acima. Para <a href=\"https:\/\/exceladvisor.org\/pt\/selecionar-tudo\/\">se referir a todas as c\u00e9lulas<\/a> da planilha, voc\u00ea pode usar \u201cC\u00e9lulas\u201d ao especificar o assunto. <br><img loading=\"lazy\" decoding=\"async\" title=\"9-use c\u00e9lulas enquanto especifica o objeto\" src=\"https:\/\/exceladvisor.org\/wp-content\/uploads\/2023\/08\/9-utiliser-des-cellules-tout-en-specifiant-lobjet.png\" sizes=\"auto, \" srcset=\"\" alt=\"use-cells-while-specifing-the-object\" width=\"383\" height=\"304\"><\/li><\/ol><p> Aqui est\u00e1 o c\u00f3digo completo que voc\u00ea acabou de escrever.<\/p><pre class=\"wp-block-code\"> <code class=\"language-visual-basic\" lang=\"visual-basic\">Sub MyMacro() Dim ws As Worksheet For Each ws In ActiveWorkbook.Worksheets With Cells .Font.Size = 16 .Font.Name = \"Verdena\" End With Next ws End Sub<\/code><\/pre><div class=\"gb-container gb-container-4db6181c gb-container-mt\"> <a class=\"gb-button gb-button-c5897111 gb-button-text gb-button-mt-button\" href=\"https:\/\/exceladvisor.org\/pt\/vba\/\">O que \u00e9 VBA<\/a><h2 class=\"gb-headline gb-headline-665e5f6b gb-headline-text gb-headline-mt-heading\"> Tutoriais relacionados <\/h2><div class=\"gb-grid-wrapper gb-grid-wrapper-a20baf7c gb-grid-wrapper-mt-grid\"><div class=\"gb-grid-column gb-grid-column-65ddf67e\"><div class=\"gb-container gb-container-65ddf67e\"><ul><li> <a href=\"https:\/\/exceladvisor.org\/pt\/questoes-de-entrevista\/\">Perguntas da entrevista VBA<\/a><\/li><li> <a href=\"https:\/\/exceladvisor.org\/pt\/comente\/\">Adicione um coment\u00e1rio no c\u00f3digo VBA<\/a><\/li><li> <a href=\"https:\/\/exceladvisor.org\/pt\/quebra-de-linha\/\">Adicione uma quebra de linha no c\u00f3digo VBA<\/a><\/li><li> <a href=\"https:\/\/exceladvisor.org\/pt\/nova-linha\/\">Adicione uma nova linha (retorno de carro) em uma string no VBA<\/a><\/li><li> <a href=\"https:\/\/exceladvisor.org\/pt\/executar-uma-macro-2\/\">Execute uma macro no Excel (execute c\u00f3digo VBA)<\/a><\/li><\/ul><\/div><\/div><\/div><\/div>","protected":false},"excerpt":{"rendered":"","protected":false},"author":1,"featured_media":0,"parent":0,"menu_order":0,"comment_status":"open","ping_status":"closed","template":"","meta":{"ub_ctt_via":"","footnotes":""},"class_list":["post-683","page","type-page","status-publish","hentry"],"featured_image_src":null,"yoast_head":"<!-- This site is optimized with the Yoast SEO plugin v25.4 - https:\/\/yoast.com\/wordpress\/plugins\/seo\/ -->\n<title>\u25b7 Como usar a instru\u00e7\u00e3o VBA WITH aninhada?<\/title>\n<meta name=\"description\" content=\"Voc\u00ea pode usar a instru\u00e7\u00e3o &quot;With&quot; para especificar um objeto uma vez e depois executar v\u00e1rias instru\u00e7\u00f5es para ele. Pode\" \/>\n<meta name=\"robots\" content=\"index, follow, max-snippet:-1, max-image-preview:large, max-video-preview:-1\" \/>\n<link rel=\"canonical\" href=\"https:\/\/exceladvisor.org\/pt\/com\/\" \/>\n<meta property=\"og:locale\" content=\"pt_PT\" \/>\n<meta property=\"og:type\" content=\"article\" \/>\n<meta property=\"og:title\" content=\"\u25b7 Como usar a instru\u00e7\u00e3o VBA WITH aninhada?\" \/>\n<meta property=\"og:description\" content=\"Voc\u00ea pode usar a instru\u00e7\u00e3o &quot;With&quot; para especificar um objeto uma vez e depois executar v\u00e1rias instru\u00e7\u00f5es para ele. Pode\" \/>\n<meta property=\"og:url\" content=\"https:\/\/exceladvisor.org\/pt\/com\/\" \/>\n<meta property=\"og:site_name\" content=\"Excel Advisor\" \/>\n<meta property=\"article:modified_time\" content=\"2023-12-06T11:43:58+00:00\" \/>\n<meta property=\"og:image\" content=\"https:\/\/exceladvisor.org\/wp-content\/uploads\/2023\/08\/1-syntaxe-de-vba-avec-instruction.png\" \/>\n<meta name=\"twitter:card\" content=\"summary_large_image\" \/>\n<meta name=\"twitter:label1\" content=\"Tempo estimado de leitura\" \/>\n\t<meta name=\"twitter:data1\" content=\"4 minutos\" \/>\n<script type=\"application\/ld+json\" class=\"yoast-schema-graph\">{\"@context\":\"https:\/\/schema.org\",\"@graph\":[{\"@type\":\"WebPage\",\"@id\":\"https:\/\/exceladvisor.org\/pt\/com\/\",\"url\":\"https:\/\/exceladvisor.org\/pt\/com\/\",\"name\":\"\u25b7 Como usar a instru\u00e7\u00e3o VBA WITH aninhada?\",\"isPartOf\":{\"@id\":\"https:\/\/exceladvisor.org\/pt\/#website\"},\"primaryImageOfPage\":{\"@id\":\"https:\/\/exceladvisor.org\/pt\/com\/#primaryimage\"},\"image\":{\"@id\":\"https:\/\/exceladvisor.org\/pt\/com\/#primaryimage\"},\"thumbnailUrl\":\"https:\/\/exceladvisor.org\/wp-content\/uploads\/2023\/08\/1-syntaxe-de-vba-avec-instruction.png\",\"datePublished\":\"2023-09-28T17:33:35+00:00\",\"dateModified\":\"2023-12-06T11:43:58+00:00\",\"description\":\"Voc\u00ea pode usar a instru\u00e7\u00e3o &quot;With&quot; para especificar um objeto uma vez e depois executar v\u00e1rias instru\u00e7\u00f5es para ele. Pode\",\"breadcrumb\":{\"@id\":\"https:\/\/exceladvisor.org\/pt\/com\/#breadcrumb\"},\"inLanguage\":\"pt-PT\",\"potentialAction\":[{\"@type\":\"ReadAction\",\"target\":[\"https:\/\/exceladvisor.org\/pt\/com\/\"]}]},{\"@type\":\"ImageObject\",\"inLanguage\":\"pt-PT\",\"@id\":\"https:\/\/exceladvisor.org\/pt\/com\/#primaryimage\",\"url\":\"https:\/\/exceladvisor.org\/wp-content\/uploads\/2023\/08\/1-syntaxe-de-vba-avec-instruction.png\",\"contentUrl\":\"https:\/\/exceladvisor.org\/wp-content\/uploads\/2023\/08\/1-syntaxe-de-vba-avec-instruction.png\"},{\"@type\":\"BreadcrumbList\",\"@id\":\"https:\/\/exceladvisor.org\/pt\/com\/#breadcrumb\",\"itemListElement\":[{\"@type\":\"ListItem\",\"position\":1,\"name\":\"Lar\",\"item\":\"https:\/\/exceladvisor.org\/pt\/\"},{\"@type\":\"ListItem\",\"position\":2,\"name\":\"Como usar a instru\u00e7\u00e3o vba with aninhada?\"}]},{\"@type\":\"WebSite\",\"@id\":\"https:\/\/exceladvisor.org\/pt\/#website\",\"url\":\"https:\/\/exceladvisor.org\/pt\/\",\"name\":\"Excel Advisor\",\"description\":\"O seu guia definitivo para dominar os dados!\",\"publisher\":{\"@id\":\"https:\/\/exceladvisor.org\/pt\/#organization\"},\"potentialAction\":[{\"@type\":\"SearchAction\",\"target\":{\"@type\":\"EntryPoint\",\"urlTemplate\":\"https:\/\/exceladvisor.org\/pt\/?s={search_term_string}\"},\"query-input\":{\"@type\":\"PropertyValueSpecification\",\"valueRequired\":true,\"valueName\":\"search_term_string\"}}],\"inLanguage\":\"pt-PT\"},{\"@type\":\"Organization\",\"@id\":\"https:\/\/exceladvisor.org\/pt\/#organization\",\"name\":\"Excel Advisor\",\"url\":\"https:\/\/exceladvisor.org\/pt\/\",\"logo\":{\"@type\":\"ImageObject\",\"inLanguage\":\"pt-PT\",\"@id\":\"https:\/\/exceladvisor.org\/pt\/#\/schema\/logo\/image\/\",\"url\":\"https:\/\/exceladvisor.org\/pt\/wp-content\/uploads\/2023\/12\/exceladvisor.org_.png\",\"contentUrl\":\"https:\/\/exceladvisor.org\/pt\/wp-content\/uploads\/2023\/12\/exceladvisor.org_.png\",\"width\":105,\"height\":36,\"caption\":\"Excel Advisor\"},\"image\":{\"@id\":\"https:\/\/exceladvisor.org\/pt\/#\/schema\/logo\/image\/\"}}]}<\/script>\n<!-- \/ Yoast SEO plugin. -->","yoast_head_json":{"title":"\u25b7 Como usar a instru\u00e7\u00e3o VBA WITH aninhada?","description":"Voc\u00ea pode usar a instru\u00e7\u00e3o &quot;With&quot; para especificar um objeto uma vez e depois executar v\u00e1rias instru\u00e7\u00f5es para ele. Pode","robots":{"index":"index","follow":"follow","max-snippet":"max-snippet:-1","max-image-preview":"max-image-preview:large","max-video-preview":"max-video-preview:-1"},"canonical":"https:\/\/exceladvisor.org\/pt\/com\/","og_locale":"pt_PT","og_type":"article","og_title":"\u25b7 Como usar a instru\u00e7\u00e3o VBA WITH aninhada?","og_description":"Voc\u00ea pode usar a instru\u00e7\u00e3o &quot;With&quot; para especificar um objeto uma vez e depois executar v\u00e1rias instru\u00e7\u00f5es para ele. Pode","og_url":"https:\/\/exceladvisor.org\/pt\/com\/","og_site_name":"Excel Advisor","article_modified_time":"2023-12-06T11:43:58+00:00","og_image":[{"url":"https:\/\/exceladvisor.org\/wp-content\/uploads\/2023\/08\/1-syntaxe-de-vba-avec-instruction.png","type":"","width":"","height":""}],"twitter_card":"summary_large_image","twitter_misc":{"Tempo estimado de leitura":"4 minutos"},"schema":{"@context":"https:\/\/schema.org","@graph":[{"@type":"WebPage","@id":"https:\/\/exceladvisor.org\/pt\/com\/","url":"https:\/\/exceladvisor.org\/pt\/com\/","name":"\u25b7 Como usar a instru\u00e7\u00e3o VBA WITH aninhada?","isPartOf":{"@id":"https:\/\/exceladvisor.org\/pt\/#website"},"primaryImageOfPage":{"@id":"https:\/\/exceladvisor.org\/pt\/com\/#primaryimage"},"image":{"@id":"https:\/\/exceladvisor.org\/pt\/com\/#primaryimage"},"thumbnailUrl":"https:\/\/exceladvisor.org\/wp-content\/uploads\/2023\/08\/1-syntaxe-de-vba-avec-instruction.png","datePublished":"2023-09-28T17:33:35+00:00","dateModified":"2023-12-06T11:43:58+00:00","description":"Voc\u00ea pode usar a instru\u00e7\u00e3o &quot;With&quot; para especificar um objeto uma vez e depois executar v\u00e1rias instru\u00e7\u00f5es para ele. Pode","breadcrumb":{"@id":"https:\/\/exceladvisor.org\/pt\/com\/#breadcrumb"},"inLanguage":"pt-PT","potentialAction":[{"@type":"ReadAction","target":["https:\/\/exceladvisor.org\/pt\/com\/"]}]},{"@type":"ImageObject","inLanguage":"pt-PT","@id":"https:\/\/exceladvisor.org\/pt\/com\/#primaryimage","url":"https:\/\/exceladvisor.org\/wp-content\/uploads\/2023\/08\/1-syntaxe-de-vba-avec-instruction.png","contentUrl":"https:\/\/exceladvisor.org\/wp-content\/uploads\/2023\/08\/1-syntaxe-de-vba-avec-instruction.png"},{"@type":"BreadcrumbList","@id":"https:\/\/exceladvisor.org\/pt\/com\/#breadcrumb","itemListElement":[{"@type":"ListItem","position":1,"name":"Lar","item":"https:\/\/exceladvisor.org\/pt\/"},{"@type":"ListItem","position":2,"name":"Como usar a instru\u00e7\u00e3o vba with aninhada?"}]},{"@type":"WebSite","@id":"https:\/\/exceladvisor.org\/pt\/#website","url":"https:\/\/exceladvisor.org\/pt\/","name":"Excel Advisor","description":"O seu guia definitivo para dominar os dados!","publisher":{"@id":"https:\/\/exceladvisor.org\/pt\/#organization"},"potentialAction":[{"@type":"SearchAction","target":{"@type":"EntryPoint","urlTemplate":"https:\/\/exceladvisor.org\/pt\/?s={search_term_string}"},"query-input":{"@type":"PropertyValueSpecification","valueRequired":true,"valueName":"search_term_string"}}],"inLanguage":"pt-PT"},{"@type":"Organization","@id":"https:\/\/exceladvisor.org\/pt\/#organization","name":"Excel Advisor","url":"https:\/\/exceladvisor.org\/pt\/","logo":{"@type":"ImageObject","inLanguage":"pt-PT","@id":"https:\/\/exceladvisor.org\/pt\/#\/schema\/logo\/image\/","url":"https:\/\/exceladvisor.org\/pt\/wp-content\/uploads\/2023\/12\/exceladvisor.org_.png","contentUrl":"https:\/\/exceladvisor.org\/pt\/wp-content\/uploads\/2023\/12\/exceladvisor.org_.png","width":105,"height":36,"caption":"Excel Advisor"},"image":{"@id":"https:\/\/exceladvisor.org\/pt\/#\/schema\/logo\/image\/"}}]}},"yoast_meta":{"yoast_wpseo_title":"","yoast_wpseo_metadesc":"","yoast_wpseo_canonical":""},"_links":{"self":[{"href":"https:\/\/exceladvisor.org\/pt\/wp-json\/wp\/v2\/pages\/683","targetHints":{"allow":["GET"]}}],"collection":[{"href":"https:\/\/exceladvisor.org\/pt\/wp-json\/wp\/v2\/pages"}],"about":[{"href":"https:\/\/exceladvisor.org\/pt\/wp-json\/wp\/v2\/types\/page"}],"author":[{"embeddable":true,"href":"https:\/\/exceladvisor.org\/pt\/wp-json\/wp\/v2\/users\/1"}],"replies":[{"embeddable":true,"href":"https:\/\/exceladvisor.org\/pt\/wp-json\/wp\/v2\/comments?post=683"}],"version-history":[{"count":1,"href":"https:\/\/exceladvisor.org\/pt\/wp-json\/wp\/v2\/pages\/683\/revisions"}],"predecessor-version":[{"id":1334,"href":"https:\/\/exceladvisor.org\/pt\/wp-json\/wp\/v2\/pages\/683\/revisions\/1334"}],"wp:attachment":[{"href":"https:\/\/exceladvisor.org\/pt\/wp-json\/wp\/v2\/media?parent=683"}],"curies":[{"name":"wp","href":"https:\/\/api.w.org\/{rel}","templated":true}]}}