{"id":684,"date":"2023-09-28T17:18:30","date_gmt":"2023-09-28T17:18:30","guid":{"rendered":"https:\/\/exceladvisor.org\/pt\/espere-para-dormir\/"},"modified":"2023-12-06T11:50:16","modified_gmt":"2023-12-06T11:50:16","slug":"espere-para-dormir","status":"publish","type":"page","link":"https:\/\/exceladvisor.org\/pt\/espere-para-dormir\/","title":{"rendered":"Como usar os comandos wait e sleep no vba?"},"content":{"rendered":"<div class=\"excel-before-content-2\" id=\"excel-2272541702\"><script type=\"text\/javascript\">\r\n\tatOptions = {\r\n\t\t'key' : 'c1158f160081d6540a8409e6925dab94',\r\n\t\t'format' : 'iframe',\r\n\t\t'height' : 250,\r\n\t\t'width' : 300,\r\n\t\t'params' : {}\r\n\t};\r\n<\/script>\r\n<script type=\"text\/javascript\" src=\"\/\/www.highperformanceformat.com\/c1158f160081d6540a8409e6925dab94\/invoke.js\"><\/script><\/div><div class=\"excel-before-content\" id=\"excel-2294819323\"><script type=\"text\/javascript\">\r\n\tatOptions = {\r\n\t\t'key' : 'c1158f160081d6540a8409e6925dab94',\r\n\t\t'format' : 'iframe',\r\n\t\t'height' : 250,\r\n\t\t'width' : 300,\r\n\t\t'params' : {}\r\n\t};\r\n<\/script>\r\n<script type=\"text\/javascript\" src=\"\/\/www.highperformanceformat.com\/c1158f160081d6540a8409e6925dab94\/invoke.js\"><\/script><\/div> <h2 id=\"0-vba-wait-command\" class=\"wp-block-heading\">Comando de espera do VBA<\/h2><p> No VBA, o comando (m\u00e9todo) WAIT ajuda voc\u00ea a esperar todas as atividades que voc\u00ea est\u00e1 realizando no Excel por um determinado hor\u00e1rio ou at\u00e9 um hor\u00e1rio espec\u00edfico. Simplificando, voc\u00ea pode fazer o VBA esperar alguns segundos, minutos ou at\u00e9 horas, ou at\u00e9 um hor\u00e1rio fixo. Tem um argumento que requer que voc\u00ea o especifique.<\/p><h2 id=\"1-steps-to-use-vba-wait\" class=\"wp-block-heading\"> Etapas para usar o VBA Wait<\/h2><ol type=\"1\"><li> Primeiro, use a palavra-chave &#8220;Aplicativo&#8221; e digite um ponto final (.) para obter a lista de propriedades e m\u00e9todos.<\/li><li> Depois disso, selecione ou toque no m\u00e9todo \u201cAguardar\u201d.<\/li><li> Agora especifique o argumento \u201cTime\u201d para informar ao VBA quanto tempo voc\u00ea deseja esperar.<\/li><li> Ao final, execute o c\u00f3digo para enfileirar todas as atividades no Excel. <\/li><\/ol><div class=\"wp-block-image\"><figure class=\"aligncenter size-large is-resized\"><img loading=\"lazy\" decoding=\"async\" class=\"wp-image-55797\" src=\"https:\/\/exceladvisor.org\/wp-content\/uploads\/2023\/08\/01-commande-dattente-vba.png\" sizes=\"auto, \" srcset=\"\" alt=\"comando vba-espera\" width=\"702\" height=\"311\"><\/figure><\/div><p> Neste c\u00f3digo, voc\u00ea usou <a href=\"https:\/\/exceladvisor.org\/pt\/agora\/\">NOW<\/a> e <a href=\"https:\/\/exceladvisor.org\/pt\/valor-do-tempo\/\">TIMEVALUE<\/a> ( <a href=\"https:\/\/exceladvisor.org\/pt\/funcoes\/\">fun\u00e7\u00f5es VBA<\/a> ) para dizer ao VBA para esperar dez segundos a partir do momento em que voc\u00ea executou o c\u00f3digo. Assim, uma vez decorridos os dez segundos, a instru\u00e7\u00e3o IF testar\u00e1 a condi\u00e7\u00e3o e ser\u00e1 executada, mostrando uma caixa de mensagem com a mensagem \u201cAguarde\u201d.<\/p><pre class=\"wp-block-code\"> <code class=\"language-visual-basic\" lang=\"visual-basic\">Sub vba_wait_example() If Application.Wait(Now + TimeValue(\"00:00:10\")) = True Then MsgBox \"Wait Over\" End If End Sub<\/code><\/pre><p> Voc\u00ea tamb\u00e9m pode usar o m\u00e9todo Wait para permitir que o Excel aguarde todas as atividades at\u00e9 um hor\u00e1rio espec\u00edfico. O c\u00f3digo a seguir espera at\u00e9 13h. Ent\u00e3o, como s\u00e3o 12h52 no meu sistema agora, esse c\u00f3digo de linha far\u00e1 com que ele espere pelos pr\u00f3ximos 8 minutos.<\/p><pre class=\"wp-block-code\"> <code class=\"language-visual-basic\" lang=\"visual-basic\">Application.Wait \"13:00:00\"<\/code><\/pre><p class=\"qt-tip\"> <strong>Nota:<\/strong> Com o m\u00e9todo wait, voc\u00ea s\u00f3 pode esperar pelo menos um segundo.<\/p><h2 id=\"2-vba-sleep\" class=\"wp-block-heading\"> Sono VBA<\/h2><p> Sleep \u00e9 uma fun\u00e7\u00e3o do Windows ( <em>em arquivos DLL do Windows; voc\u00ea precisa importar esta fun\u00e7\u00e3o usando uma instru\u00e7\u00e3o de c\u00f3digo<\/em> ) que pode ajud\u00e1-lo a pausar ou adicionar um atraso ao <a href=\"https:\/\/exceladvisor.org\/pt\/executar-uma-macro-2\/\">executar uma macro<\/a> . Nesta fun\u00e7\u00e3o voc\u00ea pode especificar o tempo em milissegundos, mas n\u00e3o pode interromper a fun\u00e7\u00e3o sleep depois de pausar tudo.<\/p><h2 id=\"3-use-sleep-function-in-vba\" class=\"wp-block-heading\"> Use a fun\u00e7\u00e3o sleep no VBA<\/h2><ol type=\"1\"><li> Primeiro de tudo, voc\u00ea precisa usar a instru\u00e7\u00e3o de c\u00f3digo para importar a fun\u00e7\u00e3o sleep da \u201c <em>biblioteca kernel32<\/em> \u201d.<\/li><li> E ent\u00e3o voc\u00ea precisa adicionar a instru\u00e7\u00e3o \u201cPtrSafe\u201d se estiver usando o Excel de 64 bits.<\/li><li> Ent\u00e3o voc\u00ea precisa chamar a fun\u00e7\u00e3o sleep no c\u00f3digo.<\/li><li> Ao final, especifique o tempo (milissegundos) que deseja atrasar o c\u00f3digo. <\/li><\/ol><div class=\"wp-block-image\"><figure class=\"aligncenter size-large is-resized\"><img loading=\"lazy\" decoding=\"async\" class=\"wp-image-55798\" src=\"https:\/\/exceladvisor.org\/wp-content\/uploads\/2023\/08\/02-fonction-de-veille-dans-vba.png\" sizes=\"auto, \" srcset=\"\" alt=\"\" width=\"891\" height=\"391\"><\/figure><\/div><pre class=\"wp-block-code\"> <code class=\"language-visual-basic\" lang=\"visual-basic\">If VBA7 Then ' <code>For 64-Bit versions of Excel<\/code> <code>Public Declare PtrSafe Sub Sleep Lib \"kernel32\" (ByVal dwMilliseconds As LongPtr)<\/code> Else 'For 32-Bit versions of Excel Public Declare Sub Sleep Lib \"kernel32\" (ByVal dwMilliseconds As Long) End If Sub vba_sleep() Sleep (10000) 'add code here MsgBox \"Finished\" End Sub<\/code><\/pre><p> No c\u00f3digo acima voc\u00ea tem 10.000 milissegundos, o que equivale a 10 segundos. Quando voc\u00ea executa esse c\u00f3digo, ele atrasa o c\u00f3digo por 10 segundos e depois mostra uma caixa de mensagem.<\/p><p class=\"qt-tip\"> <strong>Obs:<\/strong> Quando voc\u00ea usa a fun\u00e7\u00e3o sleep, ela para tudo no Excel pelo tempo que voc\u00ea definiu, n\u00e3o d\u00e1 nem para quebrar. N\u00e3o deixe de conferir este link da Microsoft sobre <a href=\"https:\/\/docs.microsoft.com\/en-us\/previous-versions\/office\/developer\/office-2010\/ee691831(v=office.14)?redirectedfrom=MSDN\" target=\"_blank\" rel=\"noreferrer noopener\">compatibilidade entre vers\u00f5es de 32 e 64 bits<\/a> .<\/p><div class=\"gb-container gb-container-4db6181c gb-container-mt\"> <a class=\"gb-button gb-button-c5897111 gb-button-text gb-button-mt-button\" href=\"https:\/\/exceladvisor.org\/pt\/vba\/\">O que \u00e9 VBA<\/a><h2 class=\"gb-headline gb-headline-665e5f6b gb-headline-text gb-headline-mt-heading\"> Tutoriais relacionados <\/h2><div class=\"gb-grid-wrapper gb-grid-wrapper-a20baf7c gb-grid-wrapper-mt-grid\"><div class=\"gb-grid-column gb-grid-column-65ddf67e\"><div class=\"gb-container gb-container-65ddf67e\"><ul><li> <a href=\"https:\/\/exceladvisor.org\/pt\/destacar-valores-duplicados\/\">Destaque valores duplicados usando VBA<\/a><\/li><li> <a href=\"https:\/\/exceladvisor.org\/pt\/extrair-hiperlink\/\">Extraia o endere\u00e7o do hiperlink (URL) VBA<\/a><\/li><li> <a href=\"https:\/\/exceladvisor.org\/pt\/campo-de-entrada\/\">Caixa de entrada em VBA<\/a><\/li><li> <a href=\"https:\/\/exceladvisor.org\/pt\/arquivos-de-texto\/\">VBA cria e grava em um arquivo de texto<\/a><\/li><li> <a href=\"https:\/\/exceladvisor.org\/pt\/atualizacao-de-tela\/\">Atualiza\u00e7\u00e3o de tela VBA<\/a> <\/li><\/ul><\/div><\/div><div class=\"gb-grid-column gb-grid-column-50067b57\"><div class=\"gb-container gb-container-50067b57\"><\/div><\/div><\/div><\/div>","protected":false},"excerpt":{"rendered":"","protected":false},"author":1,"featured_media":0,"parent":0,"menu_order":0,"comment_status":"open","ping_status":"closed","template":"","meta":{"ub_ctt_via":"","footnotes":""},"class_list":["post-684","page","type-page","status-publish","hentry"],"featured_image_src":null,"yoast_head":"<!-- This site is optimized with the Yoast SEO plugin v25.4 - https:\/\/yoast.com\/wordpress\/plugins\/seo\/ -->\n<title>\u25b7 Como usar os comandos wait e sleep no VBA?<\/title>\n<meta name=\"description\" content=\"Neste tutorial, voc\u00ea aprender\u00e1 como usar o comando wait e sleep para colocar todas as atividades em espera no Excel usando\" \/>\n<meta name=\"robots\" content=\"index, follow, max-snippet:-1, max-image-preview:large, max-video-preview:-1\" \/>\n<link rel=\"canonical\" href=\"https:\/\/exceladvisor.org\/pt\/espere-para-dormir\/\" \/>\n<meta property=\"og:locale\" content=\"pt_PT\" \/>\n<meta property=\"og:type\" content=\"article\" \/>\n<meta property=\"og:title\" content=\"\u25b7 Como usar os comandos wait e sleep no VBA?\" \/>\n<meta property=\"og:description\" content=\"Neste tutorial, voc\u00ea aprender\u00e1 como usar o comando wait e sleep para colocar todas as atividades em espera no Excel usando\" \/>\n<meta property=\"og:url\" content=\"https:\/\/exceladvisor.org\/pt\/espere-para-dormir\/\" \/>\n<meta property=\"og:site_name\" content=\"Excel Advisor\" \/>\n<meta property=\"article:modified_time\" content=\"2023-12-06T11:50:16+00:00\" \/>\n<meta property=\"og:image\" content=\"https:\/\/exceladvisor.org\/wp-content\/uploads\/2023\/08\/01-commande-dattente-vba.png\" \/>\n<meta name=\"twitter:card\" content=\"summary_large_image\" \/>\n<meta name=\"twitter:label1\" content=\"Tempo estimado de leitura\" \/>\n\t<meta name=\"twitter:data1\" content=\"3 minutos\" \/>\n<script type=\"application\/ld+json\" class=\"yoast-schema-graph\">{\"@context\":\"https:\/\/schema.org\",\"@graph\":[{\"@type\":\"WebPage\",\"@id\":\"https:\/\/exceladvisor.org\/pt\/espere-para-dormir\/\",\"url\":\"https:\/\/exceladvisor.org\/pt\/espere-para-dormir\/\",\"name\":\"\u25b7 Como usar os comandos wait e sleep no VBA?\",\"isPartOf\":{\"@id\":\"https:\/\/exceladvisor.org\/pt\/#website\"},\"primaryImageOfPage\":{\"@id\":\"https:\/\/exceladvisor.org\/pt\/espere-para-dormir\/#primaryimage\"},\"image\":{\"@id\":\"https:\/\/exceladvisor.org\/pt\/espere-para-dormir\/#primaryimage\"},\"thumbnailUrl\":\"https:\/\/exceladvisor.org\/wp-content\/uploads\/2023\/08\/01-commande-dattente-vba.png\",\"datePublished\":\"2023-09-28T17:18:30+00:00\",\"dateModified\":\"2023-12-06T11:50:16+00:00\",\"description\":\"Neste tutorial, voc\u00ea aprender\u00e1 como usar o comando wait e sleep para colocar todas as atividades em espera no Excel usando\",\"breadcrumb\":{\"@id\":\"https:\/\/exceladvisor.org\/pt\/espere-para-dormir\/#breadcrumb\"},\"inLanguage\":\"pt-PT\",\"potentialAction\":[{\"@type\":\"ReadAction\",\"target\":[\"https:\/\/exceladvisor.org\/pt\/espere-para-dormir\/\"]}]},{\"@type\":\"ImageObject\",\"inLanguage\":\"pt-PT\",\"@id\":\"https:\/\/exceladvisor.org\/pt\/espere-para-dormir\/#primaryimage\",\"url\":\"https:\/\/exceladvisor.org\/wp-content\/uploads\/2023\/08\/01-commande-dattente-vba.png\",\"contentUrl\":\"https:\/\/exceladvisor.org\/wp-content\/uploads\/2023\/08\/01-commande-dattente-vba.png\"},{\"@type\":\"BreadcrumbList\",\"@id\":\"https:\/\/exceladvisor.org\/pt\/espere-para-dormir\/#breadcrumb\",\"itemListElement\":[{\"@type\":\"ListItem\",\"position\":1,\"name\":\"Lar\",\"item\":\"https:\/\/exceladvisor.org\/pt\/\"},{\"@type\":\"ListItem\",\"position\":2,\"name\":\"Como usar os comandos wait e sleep no vba?\"}]},{\"@type\":\"WebSite\",\"@id\":\"https:\/\/exceladvisor.org\/pt\/#website\",\"url\":\"https:\/\/exceladvisor.org\/pt\/\",\"name\":\"Excel Advisor\",\"description\":\"O seu guia definitivo para dominar os dados!\",\"publisher\":{\"@id\":\"https:\/\/exceladvisor.org\/pt\/#organization\"},\"potentialAction\":[{\"@type\":\"SearchAction\",\"target\":{\"@type\":\"EntryPoint\",\"urlTemplate\":\"https:\/\/exceladvisor.org\/pt\/?s={search_term_string}\"},\"query-input\":{\"@type\":\"PropertyValueSpecification\",\"valueRequired\":true,\"valueName\":\"search_term_string\"}}],\"inLanguage\":\"pt-PT\"},{\"@type\":\"Organization\",\"@id\":\"https:\/\/exceladvisor.org\/pt\/#organization\",\"name\":\"Excel Advisor\",\"url\":\"https:\/\/exceladvisor.org\/pt\/\",\"logo\":{\"@type\":\"ImageObject\",\"inLanguage\":\"pt-PT\",\"@id\":\"https:\/\/exceladvisor.org\/pt\/#\/schema\/logo\/image\/\",\"url\":\"https:\/\/exceladvisor.org\/pt\/wp-content\/uploads\/2023\/12\/exceladvisor.org_.png\",\"contentUrl\":\"https:\/\/exceladvisor.org\/pt\/wp-content\/uploads\/2023\/12\/exceladvisor.org_.png\",\"width\":105,\"height\":36,\"caption\":\"Excel Advisor\"},\"image\":{\"@id\":\"https:\/\/exceladvisor.org\/pt\/#\/schema\/logo\/image\/\"}}]}<\/script>\n<!-- \/ Yoast SEO plugin. -->","yoast_head_json":{"title":"\u25b7 Como usar os comandos wait e sleep no VBA?","description":"Neste tutorial, voc\u00ea aprender\u00e1 como usar o comando wait e sleep para colocar todas as atividades em espera no Excel usando","robots":{"index":"index","follow":"follow","max-snippet":"max-snippet:-1","max-image-preview":"max-image-preview:large","max-video-preview":"max-video-preview:-1"},"canonical":"https:\/\/exceladvisor.org\/pt\/espere-para-dormir\/","og_locale":"pt_PT","og_type":"article","og_title":"\u25b7 Como usar os comandos wait e sleep no VBA?","og_description":"Neste tutorial, voc\u00ea aprender\u00e1 como usar o comando wait e sleep para colocar todas as atividades em espera no Excel usando","og_url":"https:\/\/exceladvisor.org\/pt\/espere-para-dormir\/","og_site_name":"Excel Advisor","article_modified_time":"2023-12-06T11:50:16+00:00","og_image":[{"url":"https:\/\/exceladvisor.org\/wp-content\/uploads\/2023\/08\/01-commande-dattente-vba.png","type":"","width":"","height":""}],"twitter_card":"summary_large_image","twitter_misc":{"Tempo estimado de leitura":"3 minutos"},"schema":{"@context":"https:\/\/schema.org","@graph":[{"@type":"WebPage","@id":"https:\/\/exceladvisor.org\/pt\/espere-para-dormir\/","url":"https:\/\/exceladvisor.org\/pt\/espere-para-dormir\/","name":"\u25b7 Como usar os comandos wait e sleep no VBA?","isPartOf":{"@id":"https:\/\/exceladvisor.org\/pt\/#website"},"primaryImageOfPage":{"@id":"https:\/\/exceladvisor.org\/pt\/espere-para-dormir\/#primaryimage"},"image":{"@id":"https:\/\/exceladvisor.org\/pt\/espere-para-dormir\/#primaryimage"},"thumbnailUrl":"https:\/\/exceladvisor.org\/wp-content\/uploads\/2023\/08\/01-commande-dattente-vba.png","datePublished":"2023-09-28T17:18:30+00:00","dateModified":"2023-12-06T11:50:16+00:00","description":"Neste tutorial, voc\u00ea aprender\u00e1 como usar o comando wait e sleep para colocar todas as atividades em espera no Excel usando","breadcrumb":{"@id":"https:\/\/exceladvisor.org\/pt\/espere-para-dormir\/#breadcrumb"},"inLanguage":"pt-PT","potentialAction":[{"@type":"ReadAction","target":["https:\/\/exceladvisor.org\/pt\/espere-para-dormir\/"]}]},{"@type":"ImageObject","inLanguage":"pt-PT","@id":"https:\/\/exceladvisor.org\/pt\/espere-para-dormir\/#primaryimage","url":"https:\/\/exceladvisor.org\/wp-content\/uploads\/2023\/08\/01-commande-dattente-vba.png","contentUrl":"https:\/\/exceladvisor.org\/wp-content\/uploads\/2023\/08\/01-commande-dattente-vba.png"},{"@type":"BreadcrumbList","@id":"https:\/\/exceladvisor.org\/pt\/espere-para-dormir\/#breadcrumb","itemListElement":[{"@type":"ListItem","position":1,"name":"Lar","item":"https:\/\/exceladvisor.org\/pt\/"},{"@type":"ListItem","position":2,"name":"Como usar os comandos wait e sleep no vba?"}]},{"@type":"WebSite","@id":"https:\/\/exceladvisor.org\/pt\/#website","url":"https:\/\/exceladvisor.org\/pt\/","name":"Excel Advisor","description":"O seu guia definitivo para dominar os dados!","publisher":{"@id":"https:\/\/exceladvisor.org\/pt\/#organization"},"potentialAction":[{"@type":"SearchAction","target":{"@type":"EntryPoint","urlTemplate":"https:\/\/exceladvisor.org\/pt\/?s={search_term_string}"},"query-input":{"@type":"PropertyValueSpecification","valueRequired":true,"valueName":"search_term_string"}}],"inLanguage":"pt-PT"},{"@type":"Organization","@id":"https:\/\/exceladvisor.org\/pt\/#organization","name":"Excel Advisor","url":"https:\/\/exceladvisor.org\/pt\/","logo":{"@type":"ImageObject","inLanguage":"pt-PT","@id":"https:\/\/exceladvisor.org\/pt\/#\/schema\/logo\/image\/","url":"https:\/\/exceladvisor.org\/pt\/wp-content\/uploads\/2023\/12\/exceladvisor.org_.png","contentUrl":"https:\/\/exceladvisor.org\/pt\/wp-content\/uploads\/2023\/12\/exceladvisor.org_.png","width":105,"height":36,"caption":"Excel Advisor"},"image":{"@id":"https:\/\/exceladvisor.org\/pt\/#\/schema\/logo\/image\/"}}]}},"yoast_meta":{"yoast_wpseo_title":"","yoast_wpseo_metadesc":"","yoast_wpseo_canonical":""},"_links":{"self":[{"href":"https:\/\/exceladvisor.org\/pt\/wp-json\/wp\/v2\/pages\/684","targetHints":{"allow":["GET"]}}],"collection":[{"href":"https:\/\/exceladvisor.org\/pt\/wp-json\/wp\/v2\/pages"}],"about":[{"href":"https:\/\/exceladvisor.org\/pt\/wp-json\/wp\/v2\/types\/page"}],"author":[{"embeddable":true,"href":"https:\/\/exceladvisor.org\/pt\/wp-json\/wp\/v2\/users\/1"}],"replies":[{"embeddable":true,"href":"https:\/\/exceladvisor.org\/pt\/wp-json\/wp\/v2\/comments?post=684"}],"version-history":[{"count":1,"href":"https:\/\/exceladvisor.org\/pt\/wp-json\/wp\/v2\/pages\/684\/revisions"}],"predecessor-version":[{"id":1377,"href":"https:\/\/exceladvisor.org\/pt\/wp-json\/wp\/v2\/pages\/684\/revisions\/1377"}],"wp:attachment":[{"href":"https:\/\/exceladvisor.org\/pt\/wp-json\/wp\/v2\/media?parent=684"}],"curies":[{"name":"wp","href":"https:\/\/api.w.org\/{rel}","templated":true}]}}