{"id":685,"date":"2023-09-28T15:20:02","date_gmt":"2023-09-28T15:20:02","guid":{"rendered":"https:\/\/exceladvisor.org\/pt\/erro-de-execucao-1004\/"},"modified":"2023-12-06T11:36:37","modified_gmt":"2023-12-06T11:36:37","slug":"erro-de-execucao-1004","status":"publish","type":"page","link":"https:\/\/exceladvisor.org\/pt\/erro-de-execucao-1004\/","title":{"rendered":"Como corrigir o erro de tempo de execu\u00e7\u00e3o do vba 1004?"},"content":{"rendered":"<div class=\"excel-before-content-2\" id=\"excel-2842813964\"><script type=\"text\/javascript\">\r\n\tatOptions = {\r\n\t\t'key' : 'c1158f160081d6540a8409e6925dab94',\r\n\t\t'format' : 'iframe',\r\n\t\t'height' : 250,\r\n\t\t'width' : 300,\r\n\t\t'params' : {}\r\n\t};\r\n<\/script>\r\n<script type=\"text\/javascript\" src=\"\/\/www.highperformanceformat.com\/c1158f160081d6540a8409e6925dab94\/invoke.js\"><\/script><\/div><div class=\"excel-before-content\" id=\"excel-3498055514\"><script type=\"text\/javascript\">\r\n\tatOptions = {\r\n\t\t'key' : 'c1158f160081d6540a8409e6925dab94',\r\n\t\t'format' : 'iframe',\r\n\t\t'height' : 250,\r\n\t\t'width' : 300,\r\n\t\t'params' : {}\r\n\t};\r\n<\/script>\r\n<script type=\"text\/javascript\" src=\"\/\/www.highperformanceformat.com\/c1158f160081d6540a8409e6925dab94\/invoke.js\"><\/script><\/div> <p>O erro de tempo de execu\u00e7\u00e3o do VBA 1004 ocorre durante a execu\u00e7\u00e3o de uma macro no Excel. Este \u00e9 um erro que pode ocorrer por v\u00e1rios motivos. No exemplo abaixo, como voc\u00ea pode ver, quando executo o c\u00f3digo ele mostra o erro de execu\u00e7\u00e3o &#8216;1004&#8217;. Em palavras simples, voc\u00ea tamb\u00e9m pode dizer que isso acontece quando voc\u00ea n\u00e3o consegue realizar uma atividade com o objeto ou aplica\u00e7\u00e3o. <\/p><div class=\"wp-block-image\"><figure class=\"aligncenter size-large is-resized\"><img loading=\"lazy\" decoding=\"async\" class=\"wp-image-57091\" src=\"https:\/\/exceladvisor.org\/wp-content\/uploads\/2023\/08\/1-erreur-dexecution-vba.png\" sizes=\"auto, \" srcset=\"\" alt=\"erro de tempo de execu\u00e7\u00e3o vba\" width=\"702\" height=\"471\"><\/figure><\/div><p> Neste tutorial, entenderemos v\u00e1rios outros motivos para esse erro de tempo de execu\u00e7\u00e3o 1004.<\/p><h2 class=\"wp-block-heading\"> Erro 1: Erro de tempo de execu\u00e7\u00e3o do VBA 1004: Este nome j\u00e1 est\u00e1 em uso. Tente outro:<\/h2><p> Como compartilhei acima, quando voc\u00ea tenta adicionar uma planilha com o nome que j\u00e1 est\u00e1 na pasta de trabalho usando um c\u00f3digo VBA, o VBA mostra um erro de tempo de execu\u00e7\u00e3o com o c\u00f3digo 1004.<\/p><p> Mesmo quando voc\u00ea tenta <a href=\"https:\/\/exceladvisor.org\/pt\/renomear-planilha\/\">renomear uma planilha,<\/a> voc\u00ea recebe o mesmo erro do VBA. <\/p><div class=\"wp-block-image\"><figure class=\"aligncenter size-large is-resized\"><img loading=\"lazy\" decoding=\"async\" class=\"wp-image-57092\" src=\"https:\/\/exceladvisor.org\/wp-content\/uploads\/2023\/08\/2-renommer-une-feuille-de-calcul.png\" sizes=\"auto, \" srcset=\"\" alt=\"\" width=\"594\" height=\"570\"><\/figure><\/div><p> No c\u00f3digo acima, tentei renomear a planilha \u201cPlanilha2\u201d com o nome \u201cPlanilha1\u201d, mas como voc\u00eas podem ver, j\u00e1 tenho a \u201cPlanilha1\u201d na pasta de trabalho; O VBA me mostrou o c\u00f3digo de erro 1004.<\/p><p> Para lidar com esse problema, voc\u00ea precisa verificar se j\u00e1 existe uma planilha na pasta de trabalho ou n\u00e3o.<\/p><h2 class=\"wp-block-heading\"> Erro 2: Erro de tempo de execu\u00e7\u00e3o do VBA 1004: Falha no m\u00e9todo &#8216;Range&#8217; do objeto &#8216;_Global&#8217;:<\/h2><p> Como voc\u00ea sabe, voc\u00ea pode criar um intervalo nomeado no Excel, mas ao tentar se referir a esse intervalo nomeado usando o c\u00f3digo VBA e digitar seu nome incorretamente, voc\u00ea pode obter o erro de tempo de execu\u00e7\u00e3o 1004 Object &#8216;Range&#8217; method &#8216;_Global&#8217; failed.<\/p><p> No exemplo a seguir, tenho um intervalo nomeado com o nome &#8220;myRange&#8221;, mas ao escrever a macro, escrevi incorretamente como &#8220;myRang&#8221;, embora seja um erro de digita\u00e7\u00e3o; O VBA n\u00e3o \u00e9 t\u00e3o inteligente para identificar esse erro e consultar o intervalo nomeado correto. <\/p><div class=\"wp-block-image\"><figure class=\"aligncenter size-large is-resized\"><img loading=\"lazy\" decoding=\"async\" class=\"wp-image-57093\" src=\"https:\/\/exceladvisor.org\/wp-content\/uploads\/2023\/08\/3-methode-gamme-dobjet.png\" sizes=\"auto, \" srcset=\"\" alt=\"\" width=\"667\" height=\"555\"><\/figure><\/div><p> N\u00e3o h\u00e1 intervalo nomeado com o nome que mencionei e \u00e9 por isso que me mostrou o erro de tempo de execu\u00e7\u00e3o 1004.<\/p><h2 class=\"wp-block-heading\"> Erro 3: Erro de tempo de execu\u00e7\u00e3o do VBA 1004: Falha ao selecionar o m\u00e9todo Range da classe:<\/h2><p> Quando voc\u00ea usa o c\u00f3digo VBA para selecionar um intervalo que n\u00e3o est\u00e1 na planilha ativa, o VBA mostra o erro de tempo de execu\u00e7\u00e3o 1004. Porque, se voc\u00ea deseja selecionar uma c\u00e9lula ou um intervalo de c\u00e9lulas para um c\u00e1lculo de planilha, ele deve estar ativo naquele momento .<\/p><p> Voc\u00ea n\u00e3o pode selecionar uma c\u00e9lula na planilha1 se a planilha2 estiver ativa no momento.<\/p><p> Como voc\u00ea pode ver no exemplo a seguir, cometi o mesmo erro ao me referir \u00e0 c\u00e9lula A1 da primeira planilha, mas a planilha 2 est\u00e1 ativa. <\/p><div class=\"wp-block-image\"><figure class=\"aligncenter size-large is-resized\"><img loading=\"lazy\" decoding=\"async\" class=\"wp-image-57094\" src=\"https:\/\/exceladvisor.org\/wp-content\/uploads\/2023\/08\/4-Echec-de-la-methode-de-selection-de-la-classe-de-plage.png\" sizes=\"auto, \" srcset=\"\" alt=\"\" width=\"575\" height=\"445\"><\/figure><\/div><p> A melhor maneira de lidar com esse erro \u00e9 primeiro ativar a planilha e, em seguida, escrever uma linha de c\u00f3digo que selecione uma c\u00e9lula ou intervalo dessa planilha. Voc\u00ea tamb\u00e9m pode verificar se uma planilha est\u00e1 ativa ou n\u00e3o, selecionar a c\u00e9lula dessa planilha e, se de alguma forma essa planilha n\u00e3o estiver ativa, voc\u00ea pode mostrar uma mensagem ao usu\u00e1rio para habilitar esta planilha primeiro.<\/p><h2 class=\"wp-block-heading\"> Erro 4: Erro de tempo de execu\u00e7\u00e3o do VBA 1004 Falha ao ativar a classe de intervalo de m\u00e9todos:<\/h2><p> Assim como o motivo acima, quando voc\u00ea tenta ativar uma c\u00e9lula ou intervalo de c\u00e9lulas de uma planilha espec\u00edfica que n\u00e3o est\u00e1 ativa no momento, mostraremos o erro de tempo de execu\u00e7\u00e3o 1004 (Falha ao ativar a classe de intervalo do m\u00e9todo :). <\/p><div class=\"wp-block-image\"><figure class=\"aligncenter size-large is-resized\"><img loading=\"lazy\" decoding=\"async\" class=\"wp-image-57095\" src=\"https:\/\/exceladvisor.org\/wp-content\/uploads\/2023\/08\/5-echec-de-lactivation-de-la-classe-de-plage-de-methodes.png\" sizes=\"auto, \" srcset=\"\" alt=\"\" width=\"591\" height=\"464\"><\/figure><\/div><p> No exemplo de quando tentei ativar a c\u00e9lula A1 na planilha1, ocorreu o erro de tempo de execu\u00e7\u00e3o 1004, a planilha ativa era a planilha2.<\/p><p> Para lidar com esse erro novamente, voc\u00ea precisa verificar se a planilha a que se refere est\u00e1 ativa ou n\u00e3o. Ou voc\u00ea tamb\u00e9m pode verificar se esta planilha est\u00e1 presente na pasta de trabalho ou n\u00e3o.<\/p><h2 class=\"wp-block-heading\"> Erro 5: Erro 1004 do m\u00e9todo de tempo de execu\u00e7\u00e3o do VBA Desculpe, n\u00e3o foi poss\u00edvel encontrar:<\/h2><p> Se voc\u00ea tentar abrir um arquivo Excel usando um caminho, mas a pasta de trabalho n\u00e3o estiver l\u00e1, ela pode ter sido movida, exclu\u00edda ou renomeada. Nesse caso, o VBA mostrar\u00e1 um erro de tempo de execu\u00e7\u00e3o 1004 novamente.<\/p><p> Foi o que aconteceu no exemplo a seguir, onde tentei abrir o arquivo com o caminho da minha \u00e1rea de trabalho, mas esse arquivo n\u00e3o est\u00e1 l\u00e1 e me mostrou um erro. <\/p><div class=\"wp-block-image\"><figure class=\"aligncenter size-large is-resized\"><img loading=\"lazy\" decoding=\"async\" class=\"wp-image-57096\" src=\"https:\/\/exceladvisor.org\/wp-content\/uploads\/2023\/08\/6-methode-desole-nous-navons-pas-pu-trouver.png\" sizes=\"auto, \" srcset=\"\" alt=\"\" width=\"690\" height=\"399\"><\/figure><\/div><p> Para lidar com a situa\u00e7\u00e3o, voc\u00ea pode usar algum c\u00f3digo VBA para verificar se o arquivo ao qual voc\u00ea est\u00e1 se referindo est\u00e1 presente na pasta ou n\u00e3o.<\/p><h2 class=\"wp-block-heading\"> Erro 6: Falha ao abrir o m\u00e9todo Object Binders VBA Runtime Error 1004:<\/h2><p> Este erro tamb\u00e9m est\u00e1 relacionado \u00e0 pasta de trabalho. Portanto, quando voc\u00ea tenta abrir uma pasta de trabalho com o nome para o qual j\u00e1 existe uma pasta e est\u00e1 aberta no momento, o VBA mostrar\u00e1 o erro de tempo de execu\u00e7\u00e3o 1004 (falha no m\u00e9todo de abertura das pastas de trabalho do objeto). <\/p><div class=\"wp-block-image\"><figure class=\"aligncenter size-large is-resized\"><img loading=\"lazy\" decoding=\"async\" class=\"wp-image-57097\" src=\"https:\/\/exceladvisor.org\/wp-content\/uploads\/2023\/08\/7-methode-douverture-des-classeurs-dobjets-a-echoue.png\" sizes=\"auto, \" srcset=\"\" alt=\"\" width=\"646\" height=\"474\"><\/figure><\/div><p> O mesmo aconteceu no exemplo acima, onde tentei abrir uma pasta de trabalho que j\u00e1 estava aberta e o VBA me mostrou um erro de execu\u00e7\u00e3o (1004).<\/p><h2 class=\"wp-block-heading\"> Como corrigir o tempo de execu\u00e7\u00e3o do VBA (erro 1004)<\/h2><p> O erro 1004 \u00e9 um erro de tempo de execu\u00e7\u00e3o que ocorre ao executar o c\u00f3digo VBA. E todos os erros que discutimos acima s\u00e3o devidos a erros humanos ao escrever o c\u00f3digo, seguindo os pontos que voc\u00ea pode usar para evitar o erro de tempo de execu\u00e7\u00e3o 1004.<\/p><ol type=\"1\"><li> Execute uma execu\u00e7\u00e3o de c\u00f3digo passo a passo para ver em qual linha ocorre o erro.<\/li><li> Certifique-se de verificar todos os nomes das pastas de trabalho \u00e0s quais voc\u00ea est\u00e1 se referindo.<\/li><li> Voc\u00ea tamb\u00e9m pode usar o c\u00f3digo VBA para verificar se uma pasta de trabalho j\u00e1 est\u00e1 aberta ou n\u00e3o.<\/li><li> E use o m\u00e9todo activate para ativar uma planilha antes de se referir a uma c\u00e9lula ou intervalo dela.<\/li><\/ol><div class=\"gb-container gb-container-4db6181c gb-container-mt\"> <a class=\"gb-button gb-button-c5897111 gb-button-text gb-button-mt-button\" href=\"https:\/\/exceladvisor.org\/pt\/vba\/\">O que \u00e9 VBA<\/a><h2 class=\"gb-headline gb-headline-665e5f6b gb-headline-text gb-headline-mt-heading\"> Tutoriais relacionados <\/h2><div class=\"gb-grid-wrapper gb-grid-wrapper-a20baf7c gb-grid-wrapper-mt-grid\"><div class=\"gb-grid-column gb-grid-column-65ddf67e\"><div class=\"gb-container gb-container-65ddf67e\"><ul><li> <a href=\"https:\/\/exceladvisor.org\/pt\/manipulacao-de-erros\/\">Tratamento de erros VBA<\/a><\/li><li> <a href=\"https:\/\/exceladvisor.org\/pt\/erro-de-automacao-440\/\">Erro de automa\u00e7\u00e3o VBA (Erro 440)<\/a><\/li><li> <a href=\"https:\/\/exceladvisor.org\/pt\/chamada-de-procedimento-invalida-ou-erro-de-argumento-5\/\">Chamada de procedimento VBA inv\u00e1lida ou erro de argumento (Erro 5)<\/a><\/li><li> <a href=\"https:\/\/exceladvisor.org\/pt\/objeto-nao-suporta-esta-propriedade-ou-metodo-erro-438\/\">O objeto VBA n\u00e3o oferece suporte a esta propriedade ou erro de m\u00e9todo (Erro 438)<\/a><\/li><li> <a href=\"https:\/\/exceladvisor.org\/pt\/objeto-necessario-erro-424\/\">Erro obrigat\u00f3rio de objeto VBA (Erro 424)<\/a> <\/li><\/ul><\/div><\/div><div class=\"gb-grid-column gb-grid-column-50067b57\"><div class=\"gb-container gb-container-50067b57\"><\/div><\/div><\/div><\/div>","protected":false},"excerpt":{"rendered":"","protected":false},"author":1,"featured_media":0,"parent":0,"menu_order":0,"comment_status":"open","ping_status":"closed","template":"","meta":{"ub_ctt_via":"","footnotes":""},"class_list":["post-685","page","type-page","status-publish","hentry"],"featured_image_src":null,"yoast_head":"<!-- This site is optimized with the Yoast SEO plugin v25.4 - https:\/\/yoast.com\/wordpress\/plugins\/seo\/ -->\n<title>Como corrigir erro de tempo de execu\u00e7\u00e3o do VBA (Erro 1004)?<\/title>\n<meta name=\"description\" content=\"Neste tutorial, voc\u00ea aprender\u00e1 por que ocorre o Runtime (Erro 1004) e como lidar com isso ao escrever c\u00f3digo VBA.\" \/>\n<meta name=\"robots\" content=\"index, follow, max-snippet:-1, max-image-preview:large, max-video-preview:-1\" \/>\n<link rel=\"canonical\" href=\"https:\/\/exceladvisor.org\/pt\/erro-de-execucao-1004\/\" \/>\n<meta property=\"og:locale\" content=\"pt_PT\" \/>\n<meta property=\"og:type\" content=\"article\" \/>\n<meta property=\"og:title\" content=\"Como corrigir erro de tempo de execu\u00e7\u00e3o do VBA (Erro 1004)?\" \/>\n<meta property=\"og:description\" content=\"Neste tutorial, voc\u00ea aprender\u00e1 por que ocorre o Runtime (Erro 1004) e como lidar com isso ao escrever c\u00f3digo VBA.\" \/>\n<meta property=\"og:url\" content=\"https:\/\/exceladvisor.org\/pt\/erro-de-execucao-1004\/\" \/>\n<meta property=\"og:site_name\" content=\"Excel Advisor\" \/>\n<meta property=\"article:modified_time\" content=\"2023-12-06T11:36:37+00:00\" \/>\n<meta property=\"og:image\" content=\"https:\/\/exceladvisor.org\/wp-content\/uploads\/2023\/08\/1-erreur-dexecution-vba.png\" \/>\n<meta name=\"twitter:card\" content=\"summary_large_image\" \/>\n<meta name=\"twitter:label1\" content=\"Tempo estimado de leitura\" \/>\n\t<meta name=\"twitter:data1\" content=\"5 minutos\" \/>\n<script type=\"application\/ld+json\" class=\"yoast-schema-graph\">{\"@context\":\"https:\/\/schema.org\",\"@graph\":[{\"@type\":\"WebPage\",\"@id\":\"https:\/\/exceladvisor.org\/pt\/erro-de-execucao-1004\/\",\"url\":\"https:\/\/exceladvisor.org\/pt\/erro-de-execucao-1004\/\",\"name\":\"Como corrigir erro de tempo de execu\u00e7\u00e3o do VBA (Erro 1004)?\",\"isPartOf\":{\"@id\":\"https:\/\/exceladvisor.org\/pt\/#website\"},\"primaryImageOfPage\":{\"@id\":\"https:\/\/exceladvisor.org\/pt\/erro-de-execucao-1004\/#primaryimage\"},\"image\":{\"@id\":\"https:\/\/exceladvisor.org\/pt\/erro-de-execucao-1004\/#primaryimage\"},\"thumbnailUrl\":\"https:\/\/exceladvisor.org\/wp-content\/uploads\/2023\/08\/1-erreur-dexecution-vba.png\",\"datePublished\":\"2023-09-28T15:20:02+00:00\",\"dateModified\":\"2023-12-06T11:36:37+00:00\",\"description\":\"Neste tutorial, voc\u00ea aprender\u00e1 por que ocorre o Runtime (Erro 1004) e como lidar com isso ao escrever c\u00f3digo VBA.\",\"breadcrumb\":{\"@id\":\"https:\/\/exceladvisor.org\/pt\/erro-de-execucao-1004\/#breadcrumb\"},\"inLanguage\":\"pt-PT\",\"potentialAction\":[{\"@type\":\"ReadAction\",\"target\":[\"https:\/\/exceladvisor.org\/pt\/erro-de-execucao-1004\/\"]}]},{\"@type\":\"ImageObject\",\"inLanguage\":\"pt-PT\",\"@id\":\"https:\/\/exceladvisor.org\/pt\/erro-de-execucao-1004\/#primaryimage\",\"url\":\"https:\/\/exceladvisor.org\/wp-content\/uploads\/2023\/08\/1-erreur-dexecution-vba.png\",\"contentUrl\":\"https:\/\/exceladvisor.org\/wp-content\/uploads\/2023\/08\/1-erreur-dexecution-vba.png\"},{\"@type\":\"BreadcrumbList\",\"@id\":\"https:\/\/exceladvisor.org\/pt\/erro-de-execucao-1004\/#breadcrumb\",\"itemListElement\":[{\"@type\":\"ListItem\",\"position\":1,\"name\":\"Lar\",\"item\":\"https:\/\/exceladvisor.org\/pt\/\"},{\"@type\":\"ListItem\",\"position\":2,\"name\":\"Como corrigir o erro de tempo de execu\u00e7\u00e3o do vba 1004?\"}]},{\"@type\":\"WebSite\",\"@id\":\"https:\/\/exceladvisor.org\/pt\/#website\",\"url\":\"https:\/\/exceladvisor.org\/pt\/\",\"name\":\"Excel Advisor\",\"description\":\"O seu guia definitivo para dominar os dados!\",\"publisher\":{\"@id\":\"https:\/\/exceladvisor.org\/pt\/#organization\"},\"potentialAction\":[{\"@type\":\"SearchAction\",\"target\":{\"@type\":\"EntryPoint\",\"urlTemplate\":\"https:\/\/exceladvisor.org\/pt\/?s={search_term_string}\"},\"query-input\":{\"@type\":\"PropertyValueSpecification\",\"valueRequired\":true,\"valueName\":\"search_term_string\"}}],\"inLanguage\":\"pt-PT\"},{\"@type\":\"Organization\",\"@id\":\"https:\/\/exceladvisor.org\/pt\/#organization\",\"name\":\"Excel Advisor\",\"url\":\"https:\/\/exceladvisor.org\/pt\/\",\"logo\":{\"@type\":\"ImageObject\",\"inLanguage\":\"pt-PT\",\"@id\":\"https:\/\/exceladvisor.org\/pt\/#\/schema\/logo\/image\/\",\"url\":\"https:\/\/exceladvisor.org\/pt\/wp-content\/uploads\/2023\/12\/exceladvisor.org_.png\",\"contentUrl\":\"https:\/\/exceladvisor.org\/pt\/wp-content\/uploads\/2023\/12\/exceladvisor.org_.png\",\"width\":105,\"height\":36,\"caption\":\"Excel Advisor\"},\"image\":{\"@id\":\"https:\/\/exceladvisor.org\/pt\/#\/schema\/logo\/image\/\"}}]}<\/script>\n<!-- \/ Yoast SEO plugin. -->","yoast_head_json":{"title":"Como corrigir erro de tempo de execu\u00e7\u00e3o do VBA (Erro 1004)?","description":"Neste tutorial, voc\u00ea aprender\u00e1 por que ocorre o Runtime (Erro 1004) e como lidar com isso ao escrever c\u00f3digo VBA.","robots":{"index":"index","follow":"follow","max-snippet":"max-snippet:-1","max-image-preview":"max-image-preview:large","max-video-preview":"max-video-preview:-1"},"canonical":"https:\/\/exceladvisor.org\/pt\/erro-de-execucao-1004\/","og_locale":"pt_PT","og_type":"article","og_title":"Como corrigir erro de tempo de execu\u00e7\u00e3o do VBA (Erro 1004)?","og_description":"Neste tutorial, voc\u00ea aprender\u00e1 por que ocorre o Runtime (Erro 1004) e como lidar com isso ao escrever c\u00f3digo VBA.","og_url":"https:\/\/exceladvisor.org\/pt\/erro-de-execucao-1004\/","og_site_name":"Excel Advisor","article_modified_time":"2023-12-06T11:36:37+00:00","og_image":[{"url":"https:\/\/exceladvisor.org\/wp-content\/uploads\/2023\/08\/1-erreur-dexecution-vba.png","type":"","width":"","height":""}],"twitter_card":"summary_large_image","twitter_misc":{"Tempo estimado de leitura":"5 minutos"},"schema":{"@context":"https:\/\/schema.org","@graph":[{"@type":"WebPage","@id":"https:\/\/exceladvisor.org\/pt\/erro-de-execucao-1004\/","url":"https:\/\/exceladvisor.org\/pt\/erro-de-execucao-1004\/","name":"Como corrigir erro de tempo de execu\u00e7\u00e3o do VBA (Erro 1004)?","isPartOf":{"@id":"https:\/\/exceladvisor.org\/pt\/#website"},"primaryImageOfPage":{"@id":"https:\/\/exceladvisor.org\/pt\/erro-de-execucao-1004\/#primaryimage"},"image":{"@id":"https:\/\/exceladvisor.org\/pt\/erro-de-execucao-1004\/#primaryimage"},"thumbnailUrl":"https:\/\/exceladvisor.org\/wp-content\/uploads\/2023\/08\/1-erreur-dexecution-vba.png","datePublished":"2023-09-28T15:20:02+00:00","dateModified":"2023-12-06T11:36:37+00:00","description":"Neste tutorial, voc\u00ea aprender\u00e1 por que ocorre o Runtime (Erro 1004) e como lidar com isso ao escrever c\u00f3digo VBA.","breadcrumb":{"@id":"https:\/\/exceladvisor.org\/pt\/erro-de-execucao-1004\/#breadcrumb"},"inLanguage":"pt-PT","potentialAction":[{"@type":"ReadAction","target":["https:\/\/exceladvisor.org\/pt\/erro-de-execucao-1004\/"]}]},{"@type":"ImageObject","inLanguage":"pt-PT","@id":"https:\/\/exceladvisor.org\/pt\/erro-de-execucao-1004\/#primaryimage","url":"https:\/\/exceladvisor.org\/wp-content\/uploads\/2023\/08\/1-erreur-dexecution-vba.png","contentUrl":"https:\/\/exceladvisor.org\/wp-content\/uploads\/2023\/08\/1-erreur-dexecution-vba.png"},{"@type":"BreadcrumbList","@id":"https:\/\/exceladvisor.org\/pt\/erro-de-execucao-1004\/#breadcrumb","itemListElement":[{"@type":"ListItem","position":1,"name":"Lar","item":"https:\/\/exceladvisor.org\/pt\/"},{"@type":"ListItem","position":2,"name":"Como corrigir o erro de tempo de execu\u00e7\u00e3o do vba 1004?"}]},{"@type":"WebSite","@id":"https:\/\/exceladvisor.org\/pt\/#website","url":"https:\/\/exceladvisor.org\/pt\/","name":"Excel Advisor","description":"O seu guia definitivo para dominar os dados!","publisher":{"@id":"https:\/\/exceladvisor.org\/pt\/#organization"},"potentialAction":[{"@type":"SearchAction","target":{"@type":"EntryPoint","urlTemplate":"https:\/\/exceladvisor.org\/pt\/?s={search_term_string}"},"query-input":{"@type":"PropertyValueSpecification","valueRequired":true,"valueName":"search_term_string"}}],"inLanguage":"pt-PT"},{"@type":"Organization","@id":"https:\/\/exceladvisor.org\/pt\/#organization","name":"Excel Advisor","url":"https:\/\/exceladvisor.org\/pt\/","logo":{"@type":"ImageObject","inLanguage":"pt-PT","@id":"https:\/\/exceladvisor.org\/pt\/#\/schema\/logo\/image\/","url":"https:\/\/exceladvisor.org\/pt\/wp-content\/uploads\/2023\/12\/exceladvisor.org_.png","contentUrl":"https:\/\/exceladvisor.org\/pt\/wp-content\/uploads\/2023\/12\/exceladvisor.org_.png","width":105,"height":36,"caption":"Excel Advisor"},"image":{"@id":"https:\/\/exceladvisor.org\/pt\/#\/schema\/logo\/image\/"}}]}},"yoast_meta":{"yoast_wpseo_title":"","yoast_wpseo_metadesc":"","yoast_wpseo_canonical":""},"_links":{"self":[{"href":"https:\/\/exceladvisor.org\/pt\/wp-json\/wp\/v2\/pages\/685","targetHints":{"allow":["GET"]}}],"collection":[{"href":"https:\/\/exceladvisor.org\/pt\/wp-json\/wp\/v2\/pages"}],"about":[{"href":"https:\/\/exceladvisor.org\/pt\/wp-json\/wp\/v2\/types\/page"}],"author":[{"embeddable":true,"href":"https:\/\/exceladvisor.org\/pt\/wp-json\/wp\/v2\/users\/1"}],"replies":[{"embeddable":true,"href":"https:\/\/exceladvisor.org\/pt\/wp-json\/wp\/v2\/comments?post=685"}],"version-history":[{"count":1,"href":"https:\/\/exceladvisor.org\/pt\/wp-json\/wp\/v2\/pages\/685\/revisions"}],"predecessor-version":[{"id":972,"href":"https:\/\/exceladvisor.org\/pt\/wp-json\/wp\/v2\/pages\/685\/revisions\/972"}],"wp:attachment":[{"href":"https:\/\/exceladvisor.org\/pt\/wp-json\/wp\/v2\/media?parent=685"}],"curies":[{"name":"wp","href":"https:\/\/api.w.org\/{rel}","templated":true}]}}