{"id":686,"date":"2023-09-27T23:11:58","date_gmt":"2023-09-27T23:11:58","guid":{"rendered":"https:\/\/exceladvisor.org\/pt\/adicione-comentarios\/"},"modified":"2023-12-06T11:33:52","modified_gmt":"2023-12-06T11:33:52","slug":"adicione-comentarios","status":"publish","type":"page","link":"https:\/\/exceladvisor.org\/pt\/adicione-comentarios\/","title":{"rendered":"Como adicionar coment\u00e1rios \u00e0s c\u00e9lulas?"},"content":{"rendered":"<div class=\"excel-before-content-2\" id=\"excel-2787117484\"><script type=\"text\/javascript\">\r\n\tatOptions = {\r\n\t\t'key' : 'c1158f160081d6540a8409e6925dab94',\r\n\t\t'format' : 'iframe',\r\n\t\t'height' : 250,\r\n\t\t'width' : 300,\r\n\t\t'params' : {}\r\n\t};\r\n<\/script>\r\n<script type=\"text\/javascript\" src=\"\/\/www.highperformanceformat.com\/c1158f160081d6540a8409e6925dab94\/invoke.js\"><\/script><\/div><div class=\"excel-before-content\" id=\"excel-267912912\"><script type=\"text\/javascript\">\r\n\tatOptions = {\r\n\t\t'key' : 'c1158f160081d6540a8409e6925dab94',\r\n\t\t'format' : 'iframe',\r\n\t\t'height' : 250,\r\n\t\t'width' : 300,\r\n\t\t'params' : {}\r\n\t};\r\n<\/script>\r\n<script type=\"text\/javascript\" src=\"\/\/www.highperformanceformat.com\/c1158f160081d6540a8409e6925dab94\/invoke.js\"><\/script><\/div> <p>O Excel tem a op\u00e7\u00e3o de adicionar coment\u00e1rios \u00e0 c\u00e9lula por meio da qual os usu\u00e1rios podem armazenar informa\u00e7\u00f5es\/coment\u00e1rios\/a\u00e7\u00f5es adicionais naquela c\u00e9lula e qualquer usu\u00e1rio que tenha acesso a esta planilha pode visualizar e editar esses coment\u00e1rios.<\/p><p> Quando um usu\u00e1rio adiciona coment\u00e1rios \u00e0 c\u00e9lula, o indicador vermelho aparece no canto superior direito da c\u00e9lula, o que indica que esta c\u00e9lula possui coment\u00e1rios adicionados.<\/p><h2 class=\"wp-block-heading\"> Teclas de atalho para adicionar coment\u00e1rios no Excel<\/h2><p> <kbd>Shift<\/kbd> + <kbd>Fn<\/kbd> + <kbd>F2<\/kbd> \/ <kbd>Shift<\/kbd> + <kbd>F2<\/kbd> <\/p><div class=\"wp-block-image\"><figure class=\"aligncenter size-full is-resized\"><img loading=\"lazy\" decoding=\"async\" class=\"wp-image-70390\" src=\"https:\/\/exceladvisor.org\/wp-content\/uploads\/2023\/08\/1-raccourci-clavier-pour-ajouter-des-commentaires.png\" sizes=\"auto, \" srcset=\"\" alt=\"atalho de teclado para adicionar coment\u00e1rios\" width=\"754\" height=\"296\"><\/figure><\/div><h2 class=\"wp-block-heading\"> Etapas para usar o atalho de coment\u00e1rios<\/h2><ul><li> Primeiro, v\u00e1 at\u00e9 a c\u00e9lula onde deseja adicionar o coment\u00e1rio.<\/li><li> Agora basta pressionar as teclas <kbd>Shift<\/kbd> + <kbd>Fn<\/kbd> + <kbd>F2<\/kbd> juntas e voc\u00ea abrir\u00e1 a caixa de coment\u00e1rios. <\/li><\/ul><div class=\"wp-block-image\"><figure class=\"aligncenter size-full is-resized\"><img loading=\"lazy\" decoding=\"async\" class=\"wp-image-70391\" src=\"https:\/\/exceladvisor.org\/wp-content\/uploads\/2023\/08\/2-boite-de-commentaires-ouverte.png\" sizes=\"auto, \" srcset=\"\" alt=\"abrir caixa de coment\u00e1rios\" width=\"514\" height=\"157\"><\/figure><\/div><h2 class=\"wp-block-heading\"> Aprendizado<\/h2><ul><li> No MS Office 365, a op\u00e7\u00e3o tradicional de coment\u00e1rios foi renomeada para notas sem maiores altera\u00e7\u00f5es.<\/li><li> Os usu\u00e1rios podem adicionar coment\u00e1rios a uma c\u00e9lula por vez.<\/li><li> Se voc\u00ea copiar e colar a c\u00e9lula que cont\u00e9m os coment\u00e1rios, o Excel copiar\u00e1 e colar\u00e1 o valor da c\u00e9lula, incluindo os coment\u00e1rios.<\/li><li> Caso queira apenas colar os coment\u00e1rios, utilize a op\u00e7\u00e3o \u201ccolar especial\u201d e selecione \u201cComent\u00e1rios\u201d ou \u201cComent\u00e1rios e Notas\u201d (no MS Office 365) para colar apenas os coment\u00e1rios.<\/li><li> Caso voc\u00ea tenha v\u00e1rios coment\u00e1rios nas c\u00e9lulas e queira ver todos os coment\u00e1rios de uma vez, v\u00e1 at\u00e9 a aba \u201cRevis\u00e3o\u201d e selecione o \u00edcone \u201cMostrar todos os coment\u00e1rios\u201d. <\/li><\/ul><div class=\"wp-block-image\"><figure class=\"aligncenter size-full is-resized\"><img loading=\"lazy\" decoding=\"async\" class=\"wp-image-70392\" src=\"https:\/\/exceladvisor.org\/wp-content\/uploads\/2023\/08\/3-icone-afficher-tous-les-commentaires.png\" sizes=\"auto, \" srcset=\"\" alt=\"mostrar todos os coment\u00e1rios \u00edcone\" width=\"818\" height=\"140\"><\/figure><\/div><div class=\"gb-container gb-container-2116538e gb-container-mt\"><h2 class=\"gb-headline gb-headline-7ed68554 gb-headline-text gb-headline-mt-heading\"> Mais atalhos <\/h2><div class=\"gb-grid-wrapper gb-grid-wrapper-edeef538 gb-grid-wrapper-mt-grid\"><div class=\"gb-grid-column gb-grid-column-6ab6fbc6\"><div class=\"gb-container gb-container-6ab6fbc6\"><ul><li> <a href=\"https:\/\/exceladvisor.org\/pt\/abrir-opcoes-de-formato-de-celula\/\">Op\u00e7\u00e3o para abrir c\u00e9lulas de formato<\/a><\/li><li> <a href=\"https:\/\/exceladvisor.org\/pt\/ajuste-automatico\/\">Ajuste autom\u00e1tico<\/a><\/li><li> <a href=\"https:\/\/exceladvisor.org\/pt\/formato-de-pintor-1\/\">Formato do pintor<\/a> <\/li><\/ul><\/div><\/div><div class=\"gb-grid-column gb-grid-column-766d598b\"><div class=\"gb-container gb-container-766d598b\"><ul><li> <a href=\"https:\/\/exceladvisor.org\/pt\/adicione-um-recuo\/\">Adicionar um recuo<\/a><\/li><li> <a href=\"https:\/\/exceladvisor.org\/pt\/aplicar-fronteiras\/\">Aplicar borda<\/a><\/li><li> <a href=\"https:\/\/exceladvisor.org\/pt\/cor-de-preenchimento\/\">Cor de preenchimento<\/a><\/li><\/ul><\/div><\/div><\/div><\/div>","protected":false},"excerpt":{"rendered":"","protected":false},"author":1,"featured_media":0,"parent":0,"menu_order":0,"comment_status":"open","ping_status":"closed","template":"","meta":{"ub_ctt_via":"","footnotes":""},"class_list":["post-686","page","type-page","status-publish","hentry"],"featured_image_src":null,"yoast_head":"<!-- This site is optimized with the Yoast SEO plugin v25.4 - https:\/\/yoast.com\/wordpress\/plugins\/seo\/ -->\n<title>\u25b7 Como adicionar coment\u00e1rios? (atalho do Excel)<\/title>\n<meta name=\"description\" content=\"Neste tutorial voc\u00ea aprender\u00e1 como usar o atalho do teclado para adicionar coment\u00e1rios no Excel e todas as informa\u00e7\u00f5es\" \/>\n<meta name=\"robots\" content=\"index, follow, max-snippet:-1, max-image-preview:large, max-video-preview:-1\" \/>\n<link rel=\"canonical\" href=\"https:\/\/exceladvisor.org\/pt\/adicione-comentarios\/\" \/>\n<meta property=\"og:locale\" content=\"pt_PT\" \/>\n<meta property=\"og:type\" content=\"article\" \/>\n<meta property=\"og:title\" content=\"\u25b7 Como adicionar coment\u00e1rios? (atalho do Excel)\" \/>\n<meta property=\"og:description\" content=\"Neste tutorial voc\u00ea aprender\u00e1 como usar o atalho do teclado para adicionar coment\u00e1rios no Excel e todas as informa\u00e7\u00f5es\" \/>\n<meta property=\"og:url\" content=\"https:\/\/exceladvisor.org\/pt\/adicione-comentarios\/\" \/>\n<meta property=\"og:site_name\" content=\"Excel Advisor\" \/>\n<meta property=\"article:modified_time\" content=\"2023-12-06T11:33:52+00:00\" \/>\n<meta property=\"og:image\" content=\"https:\/\/exceladvisor.org\/wp-content\/uploads\/2023\/08\/1-raccourci-clavier-pour-ajouter-des-commentaires.png\" \/>\n<meta name=\"twitter:card\" content=\"summary_large_image\" \/>\n<meta name=\"twitter:label1\" content=\"Tempo estimado de leitura\" \/>\n\t<meta name=\"twitter:data1\" content=\"1 minuto\" \/>\n<script type=\"application\/ld+json\" class=\"yoast-schema-graph\">{\"@context\":\"https:\/\/schema.org\",\"@graph\":[{\"@type\":\"WebPage\",\"@id\":\"https:\/\/exceladvisor.org\/pt\/adicione-comentarios\/\",\"url\":\"https:\/\/exceladvisor.org\/pt\/adicione-comentarios\/\",\"name\":\"\u25b7 Como adicionar coment\u00e1rios? (atalho do Excel)\",\"isPartOf\":{\"@id\":\"https:\/\/exceladvisor.org\/pt\/#website\"},\"primaryImageOfPage\":{\"@id\":\"https:\/\/exceladvisor.org\/pt\/adicione-comentarios\/#primaryimage\"},\"image\":{\"@id\":\"https:\/\/exceladvisor.org\/pt\/adicione-comentarios\/#primaryimage\"},\"thumbnailUrl\":\"https:\/\/exceladvisor.org\/wp-content\/uploads\/2023\/08\/1-raccourci-clavier-pour-ajouter-des-commentaires.png\",\"datePublished\":\"2023-09-27T23:11:58+00:00\",\"dateModified\":\"2023-12-06T11:33:52+00:00\",\"description\":\"Neste tutorial voc\u00ea aprender\u00e1 como usar o atalho do teclado para adicionar coment\u00e1rios no Excel e todas as informa\u00e7\u00f5es\",\"breadcrumb\":{\"@id\":\"https:\/\/exceladvisor.org\/pt\/adicione-comentarios\/#breadcrumb\"},\"inLanguage\":\"pt-PT\",\"potentialAction\":[{\"@type\":\"ReadAction\",\"target\":[\"https:\/\/exceladvisor.org\/pt\/adicione-comentarios\/\"]}]},{\"@type\":\"ImageObject\",\"inLanguage\":\"pt-PT\",\"@id\":\"https:\/\/exceladvisor.org\/pt\/adicione-comentarios\/#primaryimage\",\"url\":\"https:\/\/exceladvisor.org\/wp-content\/uploads\/2023\/08\/1-raccourci-clavier-pour-ajouter-des-commentaires.png\",\"contentUrl\":\"https:\/\/exceladvisor.org\/wp-content\/uploads\/2023\/08\/1-raccourci-clavier-pour-ajouter-des-commentaires.png\"},{\"@type\":\"BreadcrumbList\",\"@id\":\"https:\/\/exceladvisor.org\/pt\/adicione-comentarios\/#breadcrumb\",\"itemListElement\":[{\"@type\":\"ListItem\",\"position\":1,\"name\":\"Lar\",\"item\":\"https:\/\/exceladvisor.org\/pt\/\"},{\"@type\":\"ListItem\",\"position\":2,\"name\":\"Como adicionar coment\u00e1rios \u00e0s c\u00e9lulas?\"}]},{\"@type\":\"WebSite\",\"@id\":\"https:\/\/exceladvisor.org\/pt\/#website\",\"url\":\"https:\/\/exceladvisor.org\/pt\/\",\"name\":\"Excel Advisor\",\"description\":\"O seu guia definitivo para dominar os dados!\",\"publisher\":{\"@id\":\"https:\/\/exceladvisor.org\/pt\/#organization\"},\"potentialAction\":[{\"@type\":\"SearchAction\",\"target\":{\"@type\":\"EntryPoint\",\"urlTemplate\":\"https:\/\/exceladvisor.org\/pt\/?s={search_term_string}\"},\"query-input\":{\"@type\":\"PropertyValueSpecification\",\"valueRequired\":true,\"valueName\":\"search_term_string\"}}],\"inLanguage\":\"pt-PT\"},{\"@type\":\"Organization\",\"@id\":\"https:\/\/exceladvisor.org\/pt\/#organization\",\"name\":\"Excel Advisor\",\"url\":\"https:\/\/exceladvisor.org\/pt\/\",\"logo\":{\"@type\":\"ImageObject\",\"inLanguage\":\"pt-PT\",\"@id\":\"https:\/\/exceladvisor.org\/pt\/#\/schema\/logo\/image\/\",\"url\":\"https:\/\/exceladvisor.org\/pt\/wp-content\/uploads\/2023\/12\/exceladvisor.org_.png\",\"contentUrl\":\"https:\/\/exceladvisor.org\/pt\/wp-content\/uploads\/2023\/12\/exceladvisor.org_.png\",\"width\":105,\"height\":36,\"caption\":\"Excel Advisor\"},\"image\":{\"@id\":\"https:\/\/exceladvisor.org\/pt\/#\/schema\/logo\/image\/\"}}]}<\/script>\n<!-- \/ Yoast SEO plugin. -->","yoast_head_json":{"title":"\u25b7 Como adicionar coment\u00e1rios? (atalho do Excel)","description":"Neste tutorial voc\u00ea aprender\u00e1 como usar o atalho do teclado para adicionar coment\u00e1rios no Excel e todas as informa\u00e7\u00f5es","robots":{"index":"index","follow":"follow","max-snippet":"max-snippet:-1","max-image-preview":"max-image-preview:large","max-video-preview":"max-video-preview:-1"},"canonical":"https:\/\/exceladvisor.org\/pt\/adicione-comentarios\/","og_locale":"pt_PT","og_type":"article","og_title":"\u25b7 Como adicionar coment\u00e1rios? (atalho do Excel)","og_description":"Neste tutorial voc\u00ea aprender\u00e1 como usar o atalho do teclado para adicionar coment\u00e1rios no Excel e todas as informa\u00e7\u00f5es","og_url":"https:\/\/exceladvisor.org\/pt\/adicione-comentarios\/","og_site_name":"Excel Advisor","article_modified_time":"2023-12-06T11:33:52+00:00","og_image":[{"url":"https:\/\/exceladvisor.org\/wp-content\/uploads\/2023\/08\/1-raccourci-clavier-pour-ajouter-des-commentaires.png","type":"","width":"","height":""}],"twitter_card":"summary_large_image","twitter_misc":{"Tempo estimado de leitura":"1 minuto"},"schema":{"@context":"https:\/\/schema.org","@graph":[{"@type":"WebPage","@id":"https:\/\/exceladvisor.org\/pt\/adicione-comentarios\/","url":"https:\/\/exceladvisor.org\/pt\/adicione-comentarios\/","name":"\u25b7 Como adicionar coment\u00e1rios? (atalho do Excel)","isPartOf":{"@id":"https:\/\/exceladvisor.org\/pt\/#website"},"primaryImageOfPage":{"@id":"https:\/\/exceladvisor.org\/pt\/adicione-comentarios\/#primaryimage"},"image":{"@id":"https:\/\/exceladvisor.org\/pt\/adicione-comentarios\/#primaryimage"},"thumbnailUrl":"https:\/\/exceladvisor.org\/wp-content\/uploads\/2023\/08\/1-raccourci-clavier-pour-ajouter-des-commentaires.png","datePublished":"2023-09-27T23:11:58+00:00","dateModified":"2023-12-06T11:33:52+00:00","description":"Neste tutorial voc\u00ea aprender\u00e1 como usar o atalho do teclado para adicionar coment\u00e1rios no Excel e todas as informa\u00e7\u00f5es","breadcrumb":{"@id":"https:\/\/exceladvisor.org\/pt\/adicione-comentarios\/#breadcrumb"},"inLanguage":"pt-PT","potentialAction":[{"@type":"ReadAction","target":["https:\/\/exceladvisor.org\/pt\/adicione-comentarios\/"]}]},{"@type":"ImageObject","inLanguage":"pt-PT","@id":"https:\/\/exceladvisor.org\/pt\/adicione-comentarios\/#primaryimage","url":"https:\/\/exceladvisor.org\/wp-content\/uploads\/2023\/08\/1-raccourci-clavier-pour-ajouter-des-commentaires.png","contentUrl":"https:\/\/exceladvisor.org\/wp-content\/uploads\/2023\/08\/1-raccourci-clavier-pour-ajouter-des-commentaires.png"},{"@type":"BreadcrumbList","@id":"https:\/\/exceladvisor.org\/pt\/adicione-comentarios\/#breadcrumb","itemListElement":[{"@type":"ListItem","position":1,"name":"Lar","item":"https:\/\/exceladvisor.org\/pt\/"},{"@type":"ListItem","position":2,"name":"Como adicionar coment\u00e1rios \u00e0s c\u00e9lulas?"}]},{"@type":"WebSite","@id":"https:\/\/exceladvisor.org\/pt\/#website","url":"https:\/\/exceladvisor.org\/pt\/","name":"Excel Advisor","description":"O seu guia definitivo para dominar os dados!","publisher":{"@id":"https:\/\/exceladvisor.org\/pt\/#organization"},"potentialAction":[{"@type":"SearchAction","target":{"@type":"EntryPoint","urlTemplate":"https:\/\/exceladvisor.org\/pt\/?s={search_term_string}"},"query-input":{"@type":"PropertyValueSpecification","valueRequired":true,"valueName":"search_term_string"}}],"inLanguage":"pt-PT"},{"@type":"Organization","@id":"https:\/\/exceladvisor.org\/pt\/#organization","name":"Excel Advisor","url":"https:\/\/exceladvisor.org\/pt\/","logo":{"@type":"ImageObject","inLanguage":"pt-PT","@id":"https:\/\/exceladvisor.org\/pt\/#\/schema\/logo\/image\/","url":"https:\/\/exceladvisor.org\/pt\/wp-content\/uploads\/2023\/12\/exceladvisor.org_.png","contentUrl":"https:\/\/exceladvisor.org\/pt\/wp-content\/uploads\/2023\/12\/exceladvisor.org_.png","width":105,"height":36,"caption":"Excel Advisor"},"image":{"@id":"https:\/\/exceladvisor.org\/pt\/#\/schema\/logo\/image\/"}}]}},"yoast_meta":{"yoast_wpseo_title":"","yoast_wpseo_metadesc":"","yoast_wpseo_canonical":""},"_links":{"self":[{"href":"https:\/\/exceladvisor.org\/pt\/wp-json\/wp\/v2\/pages\/686","targetHints":{"allow":["GET"]}}],"collection":[{"href":"https:\/\/exceladvisor.org\/pt\/wp-json\/wp\/v2\/pages"}],"about":[{"href":"https:\/\/exceladvisor.org\/pt\/wp-json\/wp\/v2\/types\/page"}],"author":[{"embeddable":true,"href":"https:\/\/exceladvisor.org\/pt\/wp-json\/wp\/v2\/users\/1"}],"replies":[{"embeddable":true,"href":"https:\/\/exceladvisor.org\/pt\/wp-json\/wp\/v2\/comments?post=686"}],"version-history":[{"count":1,"href":"https:\/\/exceladvisor.org\/pt\/wp-json\/wp\/v2\/pages\/686\/revisions"}],"predecessor-version":[{"id":780,"href":"https:\/\/exceladvisor.org\/pt\/wp-json\/wp\/v2\/pages\/686\/revisions\/780"}],"wp:attachment":[{"href":"https:\/\/exceladvisor.org\/pt\/wp-json\/wp\/v2\/media?parent=686"}],"curies":[{"name":"wp","href":"https:\/\/api.w.org\/{rel}","templated":true}]}}