{"id":687,"date":"2023-09-27T16:45:34","date_gmt":"2023-09-27T16:45:34","guid":{"rendered":"https:\/\/exceladvisor.org\/pt\/erro-de-incompatibilidade-tipo-13\/"},"modified":"2023-12-06T11:36:34","modified_gmt":"2023-12-06T11:36:34","slug":"erro-de-incompatibilidade-tipo-13","status":"publish","type":"page","link":"https:\/\/exceladvisor.org\/pt\/erro-de-incompatibilidade-tipo-13\/","title":{"rendered":"Como corrigir o erro 13 do vba?"},"content":{"rendered":"<div class=\"excel-before-content-2\" id=\"excel-973829827\"><script type=\"text\/javascript\">\r\n\tatOptions = {\r\n\t\t'key' : 'c1158f160081d6540a8409e6925dab94',\r\n\t\t'format' : 'iframe',\r\n\t\t'height' : 250,\r\n\t\t'width' : 300,\r\n\t\t'params' : {}\r\n\t};\r\n<\/script>\r\n<script type=\"text\/javascript\" src=\"\/\/www.highperformanceformat.com\/c1158f160081d6540a8409e6925dab94\/invoke.js\"><\/script><\/div><div class=\"excel-before-content\" id=\"excel-3384675396\"><script type=\"text\/javascript\">\r\n\tatOptions = {\r\n\t\t'key' : 'c1158f160081d6540a8409e6925dab94',\r\n\t\t'format' : 'iframe',\r\n\t\t'height' : 250,\r\n\t\t'width' : 300,\r\n\t\t'params' : {}\r\n\t};\r\n<\/script>\r\n<script type=\"text\/javascript\" src=\"\/\/www.highperformanceformat.com\/c1158f160081d6540a8409e6925dab94\/invoke.js\"><\/script><\/div> <p>Uma incompatibilidade de tipo (erro 13) ocorre quando voc\u00ea tenta especificar um valor para uma vari\u00e1vel que n\u00e3o corresponde ao seu tipo de dados. No VBA, ao declarar uma vari\u00e1vel, voc\u00ea precisa definir seu tipo de dados e, ao especificar um valor diferente desse tipo de dados, obt\u00e9m o erro de incompatibilidade tipo 13. <\/p><div class=\"wp-block-image\"><figure class=\"aligncenter size-large is-resized\"><img loading=\"lazy\" decoding=\"async\" class=\"wp-image-57054\" src=\"https:\/\/exceladvisor.org\/wp-content\/uploads\/2023\/08\/1-erreur-dincompatibilite-de-type.png\" sizes=\"auto, \" srcset=\"\" alt=\"erro de incompatibilidade de tipo\" width=\"414\" height=\"234\"><\/figure><\/div><p> Neste tutorial, veremos quais s\u00e3o as poss\u00edveis situa\u00e7\u00f5es em que o erro de execu\u00e7\u00e3o 13 pode ocorrer durante a execu\u00e7\u00e3o de um c\u00f3digo.<\/p><h2 class=\"wp-block-heading\"> Erro de incompatibilidade de tipo de data<\/h2><p> No VBA existe um tipo de dados espec\u00edfico para lidar com datas e \u00e0s vezes isso acontece quando voc\u00ea usa uma vari\u00e1vel para armazenar uma data e o valor especificado \u00e9 diferente.<\/p><p> No c\u00f3digo a seguir, declarei uma vari\u00e1vel como data e especifiquei o valor da c\u00e9lula A1 onde devo ter apenas uma data. Mas como voc\u00ea pode ver, a data que tenho na c\u00e9lula 1 n\u00e3o est\u00e1 no formato correto, o VBA n\u00e3o consegue identific\u00e1-la como uma data. <\/p><div class=\"wp-block-image\"><figure class=\"aligncenter size-large is-resized\"><img loading=\"lazy\" decoding=\"async\" class=\"wp-image-57055\" src=\"https:\/\/exceladvisor.org\/wp-content\/uploads\/2023\/08\/2-erreur-de-non-concordance-de-type-avec-la-date.png\" sizes=\"auto, \" srcset=\"\" alt=\"\" width=\"746\" height=\"377\"><\/figure><\/div><pre class=\"wp-block-code\"> <code class=\"language-visual-basic\" lang=\"visual-basic\">Sub myMacro() Dim iVal As Date iVal = Range(\"A1\").Value End Sub<\/code><\/pre><h2 class=\"wp-block-heading\"> Erro de incompatibilidade de tipo com n\u00famero<\/h2><p> Voc\u00ea receber\u00e1 o mesmo erro ao lidar com n\u00fameros, onde obter\u00e1 um valor diferente ao tentar especificar um n\u00famero para uma vari\u00e1vel.<\/p><p> No exemplo a seguir, voc\u00ea tem um erro na c\u00e9lula A1 que deveria ser um valor num\u00e9rico. Portanto, quando voc\u00ea executa o c\u00f3digo, o VBA mostra o erro de tempo de execu\u00e7\u00e3o 13 porque n\u00e3o consegue identificar o valor como um n\u00famero. <\/p><div class=\"wp-block-image\"><figure class=\"aligncenter size-large is-resized\"><img loading=\"lazy\" decoding=\"async\" class=\"wp-image-57056\" src=\"https:\/\/exceladvisor.org\/wp-content\/uploads\/2023\/08\/3-erreur-de-non-concordance-de-type-avec-le-numero.png\" sizes=\"auto, \" srcset=\"\" alt=\"\" width=\"751\" height=\"477\"><\/figure><\/div><pre class=\"wp-block-code\"> <code class=\"language-visual-basic\" lang=\"visual-basic\">Sub myMacro() Dim iNum As Long iNum = Range(\"A6\").Value End Sub<\/code><\/pre><h3 class=\"wp-block-heading\"> <strong>Erro de tempo de execu\u00e7\u00e3o 6 Estouro<\/strong><\/h3><p> No VBA, existem v\u00e1rios tipos de dados para lidar com n\u00fameros e cada um desses tipos de dados possui um intervalo de n\u00fameros que voc\u00ea pode atribuir a ele. Mas h\u00e1 um problema quando voc\u00ea especifica um n\u00famero que est\u00e1 fora do intervalo do tipo de dados.<\/p><p> Nesse caso, mostraremos o estouro do erro de tempo de execu\u00e7\u00e3o 6, que indica que voc\u00ea precisa alterar o tipo de dados e o n\u00famero especificado est\u00e1 fora do intervalo. <\/p><div class=\"wp-block-image\"><figure class=\"aligncenter size-large is-resized\"><img loading=\"lazy\" decoding=\"async\" class=\"wp-image-57057\" src=\"https:\/\/exceladvisor.org\/wp-content\/uploads\/2023\/08\/4-erreur-dexecution-6-debordement.png\" sizes=\"auto, \" srcset=\"\" alt=\"\" width=\"722\" height=\"424\"><\/figure><\/div><h2 class=\"wp-block-heading\"> Outras situa\u00e7\u00f5es em que isso pode acontecer<\/h2><p> Pode haver outras situa\u00e7\u00f5es em que voc\u00ea pode enfrentar o erro de tempo de execu\u00e7\u00e3o 14: Incompatibilidade de tipo.<\/p><ol type=\"1\"><li> Quando voc\u00ea atribui um intervalo a uma tabela, mas esse intervalo consiste em apenas uma c\u00e9lula.<\/li><li> Quando voc\u00ea define uma vari\u00e1vel como um objeto, mas ao escrever o c\u00f3digo voc\u00ea est\u00e1 especificando um objeto diferente daquela vari\u00e1vel.<\/li><li> Quando voc\u00ea especifica uma vari\u00e1vel como uma planilha, mas usa a cole\u00e7\u00e3o de planilhas no c\u00f3digo ou vice-versa.<\/li><\/ol><h2 class=\"wp-block-heading\"> Como corrigir incompatibilidade de tipo (Erro 13)<\/h2><p> A melhor maneira de lidar com esse erro \u00e9 acessar a instru\u00e7\u00e3o para executar uma linha espec\u00edfica de c\u00f3digo ou exibir uma caixa de mensagem ao usu\u00e1rio quando o erro ocorrer. Mas voc\u00ea tamb\u00e9m pode verificar o terreno passo a passo antes de execut\u00e1-lo. Para isso, voc\u00ea precisa usar a ferramenta de depura\u00e7\u00e3o VBA, ou tamb\u00e9m pode usar a tecla de atalho F8. <\/p><div class=\"wp-block-image\"><figure class=\"aligncenter size-large is-resized\"><img loading=\"lazy\" decoding=\"async\" class=\"wp-image-57058\" src=\"https:\/\/exceladvisor.org\/wp-content\/uploads\/2023\/08\/5-comment-corriger-lincompatibilite-de-type.png\" sizes=\"auto, \" srcset=\"\" alt=\"\" width=\"586\" height=\"387\"><\/figure><\/div><div class=\"gb-container gb-container-4db6181c gb-container-mt\"> <a class=\"gb-button gb-button-c5897111 gb-button-text gb-button-mt-button\" href=\"https:\/\/exceladvisor.org\/pt\/vba\/\">O que \u00e9 VBA<\/a><h2 class=\"gb-headline gb-headline-665e5f6b gb-headline-text gb-headline-mt-heading\"> Tutoriais relacionados <\/h2><div class=\"gb-grid-wrapper gb-grid-wrapper-a20baf7c gb-grid-wrapper-mt-grid\"><div class=\"gb-grid-column gb-grid-column-65ddf67e\"><div class=\"gb-container gb-container-65ddf67e\"><ul><li> <a href=\"https:\/\/exceladvisor.org\/pt\/manipulacao-de-erros\/\">Tratamento de erros VBA<\/a><\/li><li> <a href=\"https:\/\/exceladvisor.org\/pt\/erro-de-automacao-440\/\">Erro de automa\u00e7\u00e3o VBA (Erro 440)<\/a><\/li><li> <a href=\"https:\/\/exceladvisor.org\/pt\/chamada-de-procedimento-invalida-ou-erro-de-argumento-5\/\">Chamada de procedimento VBA inv\u00e1lida ou erro de argumento (Erro 5)<\/a><\/li><li> <a href=\"https:\/\/exceladvisor.org\/pt\/objeto-nao-suporta-esta-propriedade-ou-metodo-erro-438\/\">O objeto VBA n\u00e3o oferece suporte a esta propriedade ou erro de m\u00e9todo (Erro 438)<\/a><\/li><li> <a href=\"https:\/\/exceladvisor.org\/pt\/objeto-necessario-erro-424\/\">Erro obrigat\u00f3rio de objeto VBA (Erro 424)<\/a> <\/li><\/ul><\/div><\/div><div class=\"gb-grid-column gb-grid-column-50067b57\"><div class=\"gb-container gb-container-50067b57\"><\/div><\/div><\/div><\/div>","protected":false},"excerpt":{"rendered":"","protected":false},"author":1,"featured_media":0,"parent":0,"menu_order":0,"comment_status":"open","ping_status":"closed","template":"","meta":{"ub_ctt_via":"","footnotes":""},"class_list":["post-687","page","type-page","status-publish","hentry"],"featured_image_src":null,"yoast_head":"<!-- This site is optimized with the Yoast SEO plugin v25.4 - https:\/\/yoast.com\/wordpress\/plugins\/seo\/ -->\n<title>Como corrigir erro de incompatibilidade de VBA (Erro 13)?<\/title>\n<meta name=\"description\" content=\"Neste tutorial voc\u00ea aprender\u00e1 por que ocorre incompatibilidade de tipo (erro 13) e como lidar com isso ao escrever\" \/>\n<meta name=\"robots\" content=\"index, follow, max-snippet:-1, max-image-preview:large, max-video-preview:-1\" \/>\n<link rel=\"canonical\" href=\"https:\/\/exceladvisor.org\/pt\/erro-de-incompatibilidade-tipo-13\/\" \/>\n<meta property=\"og:locale\" content=\"pt_PT\" \/>\n<meta property=\"og:type\" content=\"article\" \/>\n<meta property=\"og:title\" content=\"Como corrigir erro de incompatibilidade de VBA (Erro 13)?\" \/>\n<meta property=\"og:description\" content=\"Neste tutorial voc\u00ea aprender\u00e1 por que ocorre incompatibilidade de tipo (erro 13) e como lidar com isso ao escrever\" \/>\n<meta property=\"og:url\" content=\"https:\/\/exceladvisor.org\/pt\/erro-de-incompatibilidade-tipo-13\/\" \/>\n<meta property=\"og:site_name\" content=\"Excel Advisor\" \/>\n<meta property=\"article:modified_time\" content=\"2023-12-06T11:36:34+00:00\" \/>\n<meta property=\"og:image\" content=\"https:\/\/exceladvisor.org\/wp-content\/uploads\/2023\/08\/1-erreur-dincompatibilite-de-type.png\" \/>\n<meta name=\"twitter:card\" content=\"summary_large_image\" \/>\n<meta name=\"twitter:label1\" content=\"Tempo estimado de leitura\" \/>\n\t<meta name=\"twitter:data1\" content=\"3 minutos\" \/>\n<script type=\"application\/ld+json\" class=\"yoast-schema-graph\">{\"@context\":\"https:\/\/schema.org\",\"@graph\":[{\"@type\":\"WebPage\",\"@id\":\"https:\/\/exceladvisor.org\/pt\/erro-de-incompatibilidade-tipo-13\/\",\"url\":\"https:\/\/exceladvisor.org\/pt\/erro-de-incompatibilidade-tipo-13\/\",\"name\":\"Como corrigir erro de incompatibilidade de VBA (Erro 13)?\",\"isPartOf\":{\"@id\":\"https:\/\/exceladvisor.org\/pt\/#website\"},\"primaryImageOfPage\":{\"@id\":\"https:\/\/exceladvisor.org\/pt\/erro-de-incompatibilidade-tipo-13\/#primaryimage\"},\"image\":{\"@id\":\"https:\/\/exceladvisor.org\/pt\/erro-de-incompatibilidade-tipo-13\/#primaryimage\"},\"thumbnailUrl\":\"https:\/\/exceladvisor.org\/wp-content\/uploads\/2023\/08\/1-erreur-dincompatibilite-de-type.png\",\"datePublished\":\"2023-09-27T16:45:34+00:00\",\"dateModified\":\"2023-12-06T11:36:34+00:00\",\"description\":\"Neste tutorial voc\u00ea aprender\u00e1 por que ocorre incompatibilidade de tipo (erro 13) e como lidar com isso ao escrever\",\"breadcrumb\":{\"@id\":\"https:\/\/exceladvisor.org\/pt\/erro-de-incompatibilidade-tipo-13\/#breadcrumb\"},\"inLanguage\":\"pt-PT\",\"potentialAction\":[{\"@type\":\"ReadAction\",\"target\":[\"https:\/\/exceladvisor.org\/pt\/erro-de-incompatibilidade-tipo-13\/\"]}]},{\"@type\":\"ImageObject\",\"inLanguage\":\"pt-PT\",\"@id\":\"https:\/\/exceladvisor.org\/pt\/erro-de-incompatibilidade-tipo-13\/#primaryimage\",\"url\":\"https:\/\/exceladvisor.org\/wp-content\/uploads\/2023\/08\/1-erreur-dincompatibilite-de-type.png\",\"contentUrl\":\"https:\/\/exceladvisor.org\/wp-content\/uploads\/2023\/08\/1-erreur-dincompatibilite-de-type.png\"},{\"@type\":\"BreadcrumbList\",\"@id\":\"https:\/\/exceladvisor.org\/pt\/erro-de-incompatibilidade-tipo-13\/#breadcrumb\",\"itemListElement\":[{\"@type\":\"ListItem\",\"position\":1,\"name\":\"Lar\",\"item\":\"https:\/\/exceladvisor.org\/pt\/\"},{\"@type\":\"ListItem\",\"position\":2,\"name\":\"Como corrigir o erro 13 do vba?\"}]},{\"@type\":\"WebSite\",\"@id\":\"https:\/\/exceladvisor.org\/pt\/#website\",\"url\":\"https:\/\/exceladvisor.org\/pt\/\",\"name\":\"Excel Advisor\",\"description\":\"O seu guia definitivo para dominar os dados!\",\"publisher\":{\"@id\":\"https:\/\/exceladvisor.org\/pt\/#organization\"},\"potentialAction\":[{\"@type\":\"SearchAction\",\"target\":{\"@type\":\"EntryPoint\",\"urlTemplate\":\"https:\/\/exceladvisor.org\/pt\/?s={search_term_string}\"},\"query-input\":{\"@type\":\"PropertyValueSpecification\",\"valueRequired\":true,\"valueName\":\"search_term_string\"}}],\"inLanguage\":\"pt-PT\"},{\"@type\":\"Organization\",\"@id\":\"https:\/\/exceladvisor.org\/pt\/#organization\",\"name\":\"Excel Advisor\",\"url\":\"https:\/\/exceladvisor.org\/pt\/\",\"logo\":{\"@type\":\"ImageObject\",\"inLanguage\":\"pt-PT\",\"@id\":\"https:\/\/exceladvisor.org\/pt\/#\/schema\/logo\/image\/\",\"url\":\"https:\/\/exceladvisor.org\/pt\/wp-content\/uploads\/2023\/12\/exceladvisor.org_.png\",\"contentUrl\":\"https:\/\/exceladvisor.org\/pt\/wp-content\/uploads\/2023\/12\/exceladvisor.org_.png\",\"width\":105,\"height\":36,\"caption\":\"Excel Advisor\"},\"image\":{\"@id\":\"https:\/\/exceladvisor.org\/pt\/#\/schema\/logo\/image\/\"}}]}<\/script>\n<!-- \/ Yoast SEO plugin. -->","yoast_head_json":{"title":"Como corrigir erro de incompatibilidade de VBA (Erro 13)?","description":"Neste tutorial voc\u00ea aprender\u00e1 por que ocorre incompatibilidade de tipo (erro 13) e como lidar com isso ao escrever","robots":{"index":"index","follow":"follow","max-snippet":"max-snippet:-1","max-image-preview":"max-image-preview:large","max-video-preview":"max-video-preview:-1"},"canonical":"https:\/\/exceladvisor.org\/pt\/erro-de-incompatibilidade-tipo-13\/","og_locale":"pt_PT","og_type":"article","og_title":"Como corrigir erro de incompatibilidade de VBA (Erro 13)?","og_description":"Neste tutorial voc\u00ea aprender\u00e1 por que ocorre incompatibilidade de tipo (erro 13) e como lidar com isso ao escrever","og_url":"https:\/\/exceladvisor.org\/pt\/erro-de-incompatibilidade-tipo-13\/","og_site_name":"Excel Advisor","article_modified_time":"2023-12-06T11:36:34+00:00","og_image":[{"url":"https:\/\/exceladvisor.org\/wp-content\/uploads\/2023\/08\/1-erreur-dincompatibilite-de-type.png","type":"","width":"","height":""}],"twitter_card":"summary_large_image","twitter_misc":{"Tempo estimado de leitura":"3 minutos"},"schema":{"@context":"https:\/\/schema.org","@graph":[{"@type":"WebPage","@id":"https:\/\/exceladvisor.org\/pt\/erro-de-incompatibilidade-tipo-13\/","url":"https:\/\/exceladvisor.org\/pt\/erro-de-incompatibilidade-tipo-13\/","name":"Como corrigir erro de incompatibilidade de VBA (Erro 13)?","isPartOf":{"@id":"https:\/\/exceladvisor.org\/pt\/#website"},"primaryImageOfPage":{"@id":"https:\/\/exceladvisor.org\/pt\/erro-de-incompatibilidade-tipo-13\/#primaryimage"},"image":{"@id":"https:\/\/exceladvisor.org\/pt\/erro-de-incompatibilidade-tipo-13\/#primaryimage"},"thumbnailUrl":"https:\/\/exceladvisor.org\/wp-content\/uploads\/2023\/08\/1-erreur-dincompatibilite-de-type.png","datePublished":"2023-09-27T16:45:34+00:00","dateModified":"2023-12-06T11:36:34+00:00","description":"Neste tutorial voc\u00ea aprender\u00e1 por que ocorre incompatibilidade de tipo (erro 13) e como lidar com isso ao escrever","breadcrumb":{"@id":"https:\/\/exceladvisor.org\/pt\/erro-de-incompatibilidade-tipo-13\/#breadcrumb"},"inLanguage":"pt-PT","potentialAction":[{"@type":"ReadAction","target":["https:\/\/exceladvisor.org\/pt\/erro-de-incompatibilidade-tipo-13\/"]}]},{"@type":"ImageObject","inLanguage":"pt-PT","@id":"https:\/\/exceladvisor.org\/pt\/erro-de-incompatibilidade-tipo-13\/#primaryimage","url":"https:\/\/exceladvisor.org\/wp-content\/uploads\/2023\/08\/1-erreur-dincompatibilite-de-type.png","contentUrl":"https:\/\/exceladvisor.org\/wp-content\/uploads\/2023\/08\/1-erreur-dincompatibilite-de-type.png"},{"@type":"BreadcrumbList","@id":"https:\/\/exceladvisor.org\/pt\/erro-de-incompatibilidade-tipo-13\/#breadcrumb","itemListElement":[{"@type":"ListItem","position":1,"name":"Lar","item":"https:\/\/exceladvisor.org\/pt\/"},{"@type":"ListItem","position":2,"name":"Como corrigir o erro 13 do vba?"}]},{"@type":"WebSite","@id":"https:\/\/exceladvisor.org\/pt\/#website","url":"https:\/\/exceladvisor.org\/pt\/","name":"Excel Advisor","description":"O seu guia definitivo para dominar os dados!","publisher":{"@id":"https:\/\/exceladvisor.org\/pt\/#organization"},"potentialAction":[{"@type":"SearchAction","target":{"@type":"EntryPoint","urlTemplate":"https:\/\/exceladvisor.org\/pt\/?s={search_term_string}"},"query-input":{"@type":"PropertyValueSpecification","valueRequired":true,"valueName":"search_term_string"}}],"inLanguage":"pt-PT"},{"@type":"Organization","@id":"https:\/\/exceladvisor.org\/pt\/#organization","name":"Excel Advisor","url":"https:\/\/exceladvisor.org\/pt\/","logo":{"@type":"ImageObject","inLanguage":"pt-PT","@id":"https:\/\/exceladvisor.org\/pt\/#\/schema\/logo\/image\/","url":"https:\/\/exceladvisor.org\/pt\/wp-content\/uploads\/2023\/12\/exceladvisor.org_.png","contentUrl":"https:\/\/exceladvisor.org\/pt\/wp-content\/uploads\/2023\/12\/exceladvisor.org_.png","width":105,"height":36,"caption":"Excel Advisor"},"image":{"@id":"https:\/\/exceladvisor.org\/pt\/#\/schema\/logo\/image\/"}}]}},"yoast_meta":{"yoast_wpseo_title":"","yoast_wpseo_metadesc":"","yoast_wpseo_canonical":""},"_links":{"self":[{"href":"https:\/\/exceladvisor.org\/pt\/wp-json\/wp\/v2\/pages\/687","targetHints":{"allow":["GET"]}}],"collection":[{"href":"https:\/\/exceladvisor.org\/pt\/wp-json\/wp\/v2\/pages"}],"about":[{"href":"https:\/\/exceladvisor.org\/pt\/wp-json\/wp\/v2\/types\/page"}],"author":[{"embeddable":true,"href":"https:\/\/exceladvisor.org\/pt\/wp-json\/wp\/v2\/users\/1"}],"replies":[{"embeddable":true,"href":"https:\/\/exceladvisor.org\/pt\/wp-json\/wp\/v2\/comments?post=687"}],"version-history":[{"count":1,"href":"https:\/\/exceladvisor.org\/pt\/wp-json\/wp\/v2\/pages\/687\/revisions"}],"predecessor-version":[{"id":967,"href":"https:\/\/exceladvisor.org\/pt\/wp-json\/wp\/v2\/pages\/687\/revisions\/967"}],"wp:attachment":[{"href":"https:\/\/exceladvisor.org\/pt\/wp-json\/wp\/v2\/media?parent=687"}],"curies":[{"name":"wp","href":"https:\/\/api.w.org\/{rel}","templated":true}]}}