{"id":69,"date":"2023-11-17T11:16:22","date_gmt":"2023-11-17T11:16:22","guid":{"rendered":"https:\/\/exceladvisor.org\/pt\/feche-a-pasta-de-trabalho\/"},"modified":"2023-12-06T11:37:52","modified_gmt":"2023-12-06T11:37:52","slug":"feche-a-pasta-de-trabalho","status":"publish","type":"page","link":"https:\/\/exceladvisor.org\/pt\/feche-a-pasta-de-trabalho\/","title":{"rendered":"Como fechar uma pasta de trabalho do excel usando vba?"},"content":{"rendered":"<div class=\"excel-before-content-2\" id=\"excel-1787655447\"><script type=\"text\/javascript\">\r\n\tatOptions = {\r\n\t\t'key' : 'c1158f160081d6540a8409e6925dab94',\r\n\t\t'format' : 'iframe',\r\n\t\t'height' : 250,\r\n\t\t'width' : 300,\r\n\t\t'params' : {}\r\n\t};\r\n<\/script>\r\n<script type=\"text\/javascript\" src=\"\/\/www.highperformanceformat.com\/c1158f160081d6540a8409e6925dab94\/invoke.js\"><\/script><\/div><div class=\"excel-before-content\" id=\"excel-1341841447\"><script type=\"text\/javascript\">\r\n\tatOptions = {\r\n\t\t'key' : 'c1158f160081d6540a8409e6925dab94',\r\n\t\t'format' : 'iframe',\r\n\t\t'height' : 250,\r\n\t\t'width' : 300,\r\n\t\t'params' : {}\r\n\t};\r\n<\/script>\r\n<script type=\"text\/javascript\" src=\"\/\/www.highperformanceformat.com\/c1158f160081d6540a8409e6925dab94\/invoke.js\"><\/script><\/div> <p>Para fechar um arquivo Excel, voc\u00ea deve usar o m\u00e9todo \u201cFechar\u201d. Com este m\u00e9todo, voc\u00ea pode especificar se deseja salvar as altera\u00e7\u00f5es ou n\u00e3o. E, se quiser salvar e fechar um arquivo que ainda n\u00e3o foi salvo, voc\u00ea pode especificar o caminho onde deseja salv\u00e1-lo antes de fech\u00e1-lo.<\/p><p> Aqui est\u00e1 a sintaxe do m\u00e9todo close. <\/p><pre class=\"wp-block-code\"> <code class=\"language-visual-basic\" lang=\"visual-basic\">Workbook.Close (SaveChanges, FileName, RouteWorkbook)<\/code><\/pre><div class=\"wp-block-image\"><figure class=\"aligncenter size-large is-resized\"><img loading=\"lazy\" decoding=\"async\" class=\"wp-image-53194\" src=\"https:\/\/exceladvisor.org\/wp-content\/uploads\/2023\/08\/1-fermer-un-classeur-en-utilisant-vba.png\" sizes=\"auto, \" srcset=\"\" alt=\"feche uma pasta de trabalho com vba\" width=\"599\" height=\"179\"><\/figure><\/div><h2 class=\"wp-block-heading\"> <strong>Etapas para fechar uma pasta de trabalho<\/strong><\/h2><ol type=\"1\"><li> Especifique a pasta de trabalho que deseja fechar.<\/li><li> Use o m\u00e9todo close com esta pasta de trabalho.<\/li><li> No m\u00e9todo de c\u00f3digo, indique se deseja salvar o arquivo ou n\u00e3o.<\/li><li> No final mencione o caminho onde deseja salvar o arquivo antes de fechar.<\/li><\/ol><p> Neste tutorial, veremos diferentes maneiras de fechar uma pasta de trabalho no Excel usando VBA.<\/p><p class=\"content-box-grey\"> <em>Links \u00fateis: <a href=\"https:\/\/exceladvisor.org\/pt\/executar-uma-macro-2\/\">Executar uma macro<\/a> \u2013 <a href=\"https:\/\/exceladvisor.org\/pt\/gravar-uma-macro\/\">Gravador de macro<\/a> \u2013 <a href=\"https:\/\/exceladvisor.org\/pt\/editor-visual-basico\/\">Editor Visual Basic<\/a> \u2013 <a href=\"https:\/\/exceladvisor.org\/pt\/caderno-macro-pessoal\/\">Manual pessoal de macros<\/a><\/em><\/p><h2 class=\"wp-block-heading\"> <strong>Fechar uma pasta de trabalho sem salvar<\/strong><\/h2><p> Se quiser salvar a pasta de trabalho ativa sem salv\u00e1-la, voc\u00ea precisar\u00e1 usar um c\u00f3digo como este.<\/p><pre class=\"wp-block-code\"> <code class=\"language-visual-basic\" lang=\"visual-basic\">ActiveWorkbook.Close SaveChanges:=False<\/code><\/pre><p> Neste c\u00f3digo, especifiquei \u201cFalse\u201d para o argumento \u201cSaveChanges\u201d. Portanto, o VBA ir\u00e1 ignorar se houver alguma altera\u00e7\u00e3o na pasta de trabalho que n\u00e3o seja salva. E se quiser fechar uma pasta de trabalho espec\u00edfica, voc\u00ea pode usar o nome dessa pasta de trabalho. Assim como o c\u00f3digo a seguir.<\/p><pre class=\"wp-block-code\"> <code class=\"language-visual-basic\" lang=\"visual-basic\">Workbooks(\"book1\").Close SaveChanges:=False<\/code><\/pre><p> Se voc\u00ea tiver dados na pasta de trabalho e ignorar o argumento \u201cSalvar altera\u00e7\u00f5es\u201d, o Excel exibir\u00e1 uma caixa de di\u00e1logo para confirmar se deseja salvar a pasta de trabalho ou n\u00e3o. A quest\u00e3o \u00e9 esta: \u00e9 melhor especificar o argumento &#8220;SaveChanges&#8221; mesmo que seja opcional.<\/p><h2 class=\"wp-block-heading\"> <strong>Fechar uma pasta de trabalho depois de salv\u00e1-la<\/strong><\/h2><p> Como voc\u00ea viu, existe um argumento no m\u00e9todo CLOSE para especificar a localiza\u00e7\u00e3o do caminho. Digamos que voc\u00ea queira salvar o \u201cBook6\u201d em uma pasta na \u00e1rea de trabalho. Aqui est\u00e1 o c\u00f3digo que voc\u00ea precisa usar.<\/p><pre class=\"wp-block-code\"> <code class=\"language-visual-basic\" lang=\"visual-basic\">Workbooks(\"Book6\").Close _ SaveChanges:=True, _ Filename:=\"C:UsersDellDesktopmyFoldermyFile.xlsx\"<\/code><\/pre><p> Este c\u00f3digo salvar\u00e1 a pasta de trabalho \u201cBook6\u201d na pasta salva em minha \u00e1rea de trabalho com o nome \u201cmyFILE.xlsx\u201d. <strong>Mas aqui est\u00e1 uma coisa que voc\u00ea precisa cuidar:<\/strong> se voc\u00ea j\u00e1 tiver uma pasta de trabalho com o mesmo nome, ela substituir\u00e1 esse arquivo pelo novo.<\/p><p> N\u00e3o se preocupe, existe uma solu\u00e7\u00e3o que voc\u00ea pode usar. O c\u00f3digo a seguir verifica se existe um arquivo com o nome que voc\u00ea deseja usar<\/p><pre class=\"wp-block-code\"> <code class=\"language-visual-basic\" lang=\"visual-basic\">Sub vba_close_workbook() Dim wbCheck As String wbCheck = Dir(\"C:UsersDellDesktopmyFoldermyFile.xlsx\") If wbCheck = \"\" Then Workbooks(\"Book6\").Close _ SaveChanges:=True, _ Filename:=\"C:UsersDellDesktopmyFoldermyFile.xlsx\" Else MsgBox \"Error! Name already used.\" End If End Sub<\/code><\/pre><div class=\"gb-container gb-container-4db6181c gb-container-mt\"> <a class=\"gb-button gb-button-c5897111 gb-button-text gb-button-mt-button\" href=\"https:\/\/exceladvisor.org\/pt\/vba\/\">O que \u00e9 VBA<\/a><h2 class=\"gb-headline gb-headline-665e5f6b gb-headline-text gb-headline-mt-heading\"> Tutoriais relacionados <\/h2><div class=\"gb-grid-wrapper gb-grid-wrapper-a20baf7c gb-grid-wrapper-mt-grid\"><div class=\"gb-grid-column gb-grid-column-65ddf67e\"><div class=\"gb-container gb-container-65ddf67e\"><ul><li> <a href=\"https:\/\/exceladvisor.org\/pt\/copiar-arquivo-excel\/\">Copie um arquivo Excel (pasta de trabalho) usando VBA<\/a><\/li><li> <a href=\"https:\/\/exceladvisor.org\/pt\/ativar-pasta-de-trabalho\/\">Pasta de trabalho de ativa\u00e7\u00e3o do VBA (arquivo Excel)<\/a><\/li><li> <a href=\"https:\/\/exceladvisor.org\/pt\/combinar-pastas-de-trabalho\/\">Combinar pastas de trabalho VBA (arquivos Excel)<\/a><\/li><li> <a href=\"https:\/\/exceladvisor.org\/pt\/criar-uma-pasta-de-trabalho\/\">VBA Crie uma nova pasta de trabalho (arquivo Excel)<\/a><\/li><li> <a href=\"https:\/\/exceladvisor.org\/pt\/excluir-arquivo\/\">VBA Excluir pasta de trabalho (arquivo Excel)<\/a><\/li><\/ul><\/div><\/div><\/div><\/div>","protected":false},"excerpt":{"rendered":"","protected":false},"author":1,"featured_media":0,"parent":0,"menu_order":0,"comment_status":"open","ping_status":"closed","template":"","meta":{"ub_ctt_via":"","footnotes":""},"class_list":["post-69","page","type-page","status-publish","hentry"],"featured_image_src":null,"yoast_head":"<!-- This site is optimized with the Yoast SEO plugin v25.4 - https:\/\/yoast.com\/wordpress\/plugins\/seo\/ -->\n<title>Como fechar uma pasta de trabalho do Excel usando VBA?<\/title>\n<meta name=\"description\" content=\"Este tutorial explica como fechar uma pasta de trabalho usando c\u00f3digo VBA (sem salvar o arquivo ou salv\u00e1-lo antes de fech\u00e1-lo).\" \/>\n<meta name=\"robots\" content=\"index, follow, max-snippet:-1, max-image-preview:large, max-video-preview:-1\" \/>\n<link rel=\"canonical\" href=\"https:\/\/exceladvisor.org\/pt\/feche-a-pasta-de-trabalho\/\" \/>\n<meta property=\"og:locale\" content=\"pt_PT\" \/>\n<meta property=\"og:type\" content=\"article\" \/>\n<meta property=\"og:title\" content=\"Como fechar uma pasta de trabalho do Excel usando VBA?\" \/>\n<meta property=\"og:description\" content=\"Este tutorial explica como fechar uma pasta de trabalho usando c\u00f3digo VBA (sem salvar o arquivo ou salv\u00e1-lo antes de fech\u00e1-lo).\" \/>\n<meta property=\"og:url\" content=\"https:\/\/exceladvisor.org\/pt\/feche-a-pasta-de-trabalho\/\" \/>\n<meta property=\"og:site_name\" content=\"Excel Advisor\" \/>\n<meta property=\"article:modified_time\" content=\"2023-12-06T11:37:52+00:00\" \/>\n<meta property=\"og:image\" content=\"https:\/\/exceladvisor.org\/wp-content\/uploads\/2023\/08\/1-fermer-un-classeur-en-utilisant-vba.png\" \/>\n<meta name=\"twitter:card\" content=\"summary_large_image\" \/>\n<meta name=\"twitter:label1\" content=\"Tempo estimado de leitura\" \/>\n\t<meta name=\"twitter:data1\" content=\"3 minutos\" \/>\n<script type=\"application\/ld+json\" class=\"yoast-schema-graph\">{\"@context\":\"https:\/\/schema.org\",\"@graph\":[{\"@type\":\"WebPage\",\"@id\":\"https:\/\/exceladvisor.org\/pt\/feche-a-pasta-de-trabalho\/\",\"url\":\"https:\/\/exceladvisor.org\/pt\/feche-a-pasta-de-trabalho\/\",\"name\":\"Como fechar uma pasta de trabalho do Excel usando VBA?\",\"isPartOf\":{\"@id\":\"https:\/\/exceladvisor.org\/pt\/#website\"},\"primaryImageOfPage\":{\"@id\":\"https:\/\/exceladvisor.org\/pt\/feche-a-pasta-de-trabalho\/#primaryimage\"},\"image\":{\"@id\":\"https:\/\/exceladvisor.org\/pt\/feche-a-pasta-de-trabalho\/#primaryimage\"},\"thumbnailUrl\":\"https:\/\/exceladvisor.org\/wp-content\/uploads\/2023\/08\/1-fermer-un-classeur-en-utilisant-vba.png\",\"datePublished\":\"2023-11-17T11:16:22+00:00\",\"dateModified\":\"2023-12-06T11:37:52+00:00\",\"description\":\"Este tutorial explica como fechar uma pasta de trabalho usando c\u00f3digo VBA (sem salvar o arquivo ou salv\u00e1-lo antes de fech\u00e1-lo).\",\"breadcrumb\":{\"@id\":\"https:\/\/exceladvisor.org\/pt\/feche-a-pasta-de-trabalho\/#breadcrumb\"},\"inLanguage\":\"pt-PT\",\"potentialAction\":[{\"@type\":\"ReadAction\",\"target\":[\"https:\/\/exceladvisor.org\/pt\/feche-a-pasta-de-trabalho\/\"]}]},{\"@type\":\"ImageObject\",\"inLanguage\":\"pt-PT\",\"@id\":\"https:\/\/exceladvisor.org\/pt\/feche-a-pasta-de-trabalho\/#primaryimage\",\"url\":\"https:\/\/exceladvisor.org\/wp-content\/uploads\/2023\/08\/1-fermer-un-classeur-en-utilisant-vba.png\",\"contentUrl\":\"https:\/\/exceladvisor.org\/wp-content\/uploads\/2023\/08\/1-fermer-un-classeur-en-utilisant-vba.png\"},{\"@type\":\"BreadcrumbList\",\"@id\":\"https:\/\/exceladvisor.org\/pt\/feche-a-pasta-de-trabalho\/#breadcrumb\",\"itemListElement\":[{\"@type\":\"ListItem\",\"position\":1,\"name\":\"Lar\",\"item\":\"https:\/\/exceladvisor.org\/pt\/\"},{\"@type\":\"ListItem\",\"position\":2,\"name\":\"Como fechar uma pasta de trabalho do excel usando vba?\"}]},{\"@type\":\"WebSite\",\"@id\":\"https:\/\/exceladvisor.org\/pt\/#website\",\"url\":\"https:\/\/exceladvisor.org\/pt\/\",\"name\":\"Excel Advisor\",\"description\":\"O seu guia definitivo para dominar os dados!\",\"publisher\":{\"@id\":\"https:\/\/exceladvisor.org\/pt\/#organization\"},\"potentialAction\":[{\"@type\":\"SearchAction\",\"target\":{\"@type\":\"EntryPoint\",\"urlTemplate\":\"https:\/\/exceladvisor.org\/pt\/?s={search_term_string}\"},\"query-input\":{\"@type\":\"PropertyValueSpecification\",\"valueRequired\":true,\"valueName\":\"search_term_string\"}}],\"inLanguage\":\"pt-PT\"},{\"@type\":\"Organization\",\"@id\":\"https:\/\/exceladvisor.org\/pt\/#organization\",\"name\":\"Excel Advisor\",\"url\":\"https:\/\/exceladvisor.org\/pt\/\",\"logo\":{\"@type\":\"ImageObject\",\"inLanguage\":\"pt-PT\",\"@id\":\"https:\/\/exceladvisor.org\/pt\/#\/schema\/logo\/image\/\",\"url\":\"https:\/\/exceladvisor.org\/pt\/wp-content\/uploads\/2023\/12\/exceladvisor.org_.png\",\"contentUrl\":\"https:\/\/exceladvisor.org\/pt\/wp-content\/uploads\/2023\/12\/exceladvisor.org_.png\",\"width\":105,\"height\":36,\"caption\":\"Excel Advisor\"},\"image\":{\"@id\":\"https:\/\/exceladvisor.org\/pt\/#\/schema\/logo\/image\/\"}}]}<\/script>\n<!-- \/ Yoast SEO plugin. -->","yoast_head_json":{"title":"Como fechar uma pasta de trabalho do Excel usando VBA?","description":"Este tutorial explica como fechar uma pasta de trabalho usando c\u00f3digo VBA (sem salvar o arquivo ou salv\u00e1-lo antes de fech\u00e1-lo).","robots":{"index":"index","follow":"follow","max-snippet":"max-snippet:-1","max-image-preview":"max-image-preview:large","max-video-preview":"max-video-preview:-1"},"canonical":"https:\/\/exceladvisor.org\/pt\/feche-a-pasta-de-trabalho\/","og_locale":"pt_PT","og_type":"article","og_title":"Como fechar uma pasta de trabalho do Excel usando VBA?","og_description":"Este tutorial explica como fechar uma pasta de trabalho usando c\u00f3digo VBA (sem salvar o arquivo ou salv\u00e1-lo antes de fech\u00e1-lo).","og_url":"https:\/\/exceladvisor.org\/pt\/feche-a-pasta-de-trabalho\/","og_site_name":"Excel Advisor","article_modified_time":"2023-12-06T11:37:52+00:00","og_image":[{"url":"https:\/\/exceladvisor.org\/wp-content\/uploads\/2023\/08\/1-fermer-un-classeur-en-utilisant-vba.png","type":"","width":"","height":""}],"twitter_card":"summary_large_image","twitter_misc":{"Tempo estimado de leitura":"3 minutos"},"schema":{"@context":"https:\/\/schema.org","@graph":[{"@type":"WebPage","@id":"https:\/\/exceladvisor.org\/pt\/feche-a-pasta-de-trabalho\/","url":"https:\/\/exceladvisor.org\/pt\/feche-a-pasta-de-trabalho\/","name":"Como fechar uma pasta de trabalho do Excel usando VBA?","isPartOf":{"@id":"https:\/\/exceladvisor.org\/pt\/#website"},"primaryImageOfPage":{"@id":"https:\/\/exceladvisor.org\/pt\/feche-a-pasta-de-trabalho\/#primaryimage"},"image":{"@id":"https:\/\/exceladvisor.org\/pt\/feche-a-pasta-de-trabalho\/#primaryimage"},"thumbnailUrl":"https:\/\/exceladvisor.org\/wp-content\/uploads\/2023\/08\/1-fermer-un-classeur-en-utilisant-vba.png","datePublished":"2023-11-17T11:16:22+00:00","dateModified":"2023-12-06T11:37:52+00:00","description":"Este tutorial explica como fechar uma pasta de trabalho usando c\u00f3digo VBA (sem salvar o arquivo ou salv\u00e1-lo antes de fech\u00e1-lo).","breadcrumb":{"@id":"https:\/\/exceladvisor.org\/pt\/feche-a-pasta-de-trabalho\/#breadcrumb"},"inLanguage":"pt-PT","potentialAction":[{"@type":"ReadAction","target":["https:\/\/exceladvisor.org\/pt\/feche-a-pasta-de-trabalho\/"]}]},{"@type":"ImageObject","inLanguage":"pt-PT","@id":"https:\/\/exceladvisor.org\/pt\/feche-a-pasta-de-trabalho\/#primaryimage","url":"https:\/\/exceladvisor.org\/wp-content\/uploads\/2023\/08\/1-fermer-un-classeur-en-utilisant-vba.png","contentUrl":"https:\/\/exceladvisor.org\/wp-content\/uploads\/2023\/08\/1-fermer-un-classeur-en-utilisant-vba.png"},{"@type":"BreadcrumbList","@id":"https:\/\/exceladvisor.org\/pt\/feche-a-pasta-de-trabalho\/#breadcrumb","itemListElement":[{"@type":"ListItem","position":1,"name":"Lar","item":"https:\/\/exceladvisor.org\/pt\/"},{"@type":"ListItem","position":2,"name":"Como fechar uma pasta de trabalho do excel usando vba?"}]},{"@type":"WebSite","@id":"https:\/\/exceladvisor.org\/pt\/#website","url":"https:\/\/exceladvisor.org\/pt\/","name":"Excel Advisor","description":"O seu guia definitivo para dominar os dados!","publisher":{"@id":"https:\/\/exceladvisor.org\/pt\/#organization"},"potentialAction":[{"@type":"SearchAction","target":{"@type":"EntryPoint","urlTemplate":"https:\/\/exceladvisor.org\/pt\/?s={search_term_string}"},"query-input":{"@type":"PropertyValueSpecification","valueRequired":true,"valueName":"search_term_string"}}],"inLanguage":"pt-PT"},{"@type":"Organization","@id":"https:\/\/exceladvisor.org\/pt\/#organization","name":"Excel Advisor","url":"https:\/\/exceladvisor.org\/pt\/","logo":{"@type":"ImageObject","inLanguage":"pt-PT","@id":"https:\/\/exceladvisor.org\/pt\/#\/schema\/logo\/image\/","url":"https:\/\/exceladvisor.org\/pt\/wp-content\/uploads\/2023\/12\/exceladvisor.org_.png","contentUrl":"https:\/\/exceladvisor.org\/pt\/wp-content\/uploads\/2023\/12\/exceladvisor.org_.png","width":105,"height":36,"caption":"Excel Advisor"},"image":{"@id":"https:\/\/exceladvisor.org\/pt\/#\/schema\/logo\/image\/"}}]}},"yoast_meta":{"yoast_wpseo_title":"","yoast_wpseo_metadesc":"","yoast_wpseo_canonical":""},"_links":{"self":[{"href":"https:\/\/exceladvisor.org\/pt\/wp-json\/wp\/v2\/pages\/69","targetHints":{"allow":["GET"]}}],"collection":[{"href":"https:\/\/exceladvisor.org\/pt\/wp-json\/wp\/v2\/pages"}],"about":[{"href":"https:\/\/exceladvisor.org\/pt\/wp-json\/wp\/v2\/types\/page"}],"author":[{"embeddable":true,"href":"https:\/\/exceladvisor.org\/pt\/wp-json\/wp\/v2\/users\/1"}],"replies":[{"embeddable":true,"href":"https:\/\/exceladvisor.org\/pt\/wp-json\/wp\/v2\/comments?post=69"}],"version-history":[{"count":1,"href":"https:\/\/exceladvisor.org\/pt\/wp-json\/wp\/v2\/pages\/69\/revisions"}],"predecessor-version":[{"id":1076,"href":"https:\/\/exceladvisor.org\/pt\/wp-json\/wp\/v2\/pages\/69\/revisions\/1076"}],"wp:attachment":[{"href":"https:\/\/exceladvisor.org\/pt\/wp-json\/wp\/v2\/media?parent=69"}],"curies":[{"name":"wp","href":"https:\/\/api.w.org\/{rel}","templated":true}]}}