{"id":690,"date":"2023-09-27T15:00:46","date_gmt":"2023-09-27T15:00:46","guid":{"rendered":"https:\/\/exceladvisor.org\/pt\/colar-valores\/"},"modified":"2023-12-06T11:51:11","modified_gmt":"2023-12-06T11:51:11","slug":"colar-valores","status":"publish","type":"page","link":"https:\/\/exceladvisor.org\/pt\/colar-valores\/","title":{"rendered":"O melhor atalho do excel para colar valores"},"content":{"rendered":"<div class=\"excel-before-content-2\" id=\"excel-2298533701\"><script type=\"text\/javascript\">\r\n\tatOptions = {\r\n\t\t'key' : 'c1158f160081d6540a8409e6925dab94',\r\n\t\t'format' : 'iframe',\r\n\t\t'height' : 250,\r\n\t\t'width' : 300,\r\n\t\t'params' : {}\r\n\t};\r\n<\/script>\r\n<script type=\"text\/javascript\" src=\"\/\/www.highperformanceformat.com\/c1158f160081d6540a8409e6925dab94\/invoke.js\"><\/script><\/div><div class=\"excel-before-content\" id=\"excel-1157543747\"><script type=\"text\/javascript\">\r\n\tatOptions = {\r\n\t\t'key' : 'c1158f160081d6540a8409e6925dab94',\r\n\t\t'format' : 'iframe',\r\n\t\t'height' : 250,\r\n\t\t'width' : 300,\r\n\t\t'params' : {}\r\n\t};\r\n<\/script>\r\n<script type=\"text\/javascript\" src=\"\/\/www.highperformanceformat.com\/c1158f160081d6540a8409e6925dab94\/invoke.js\"><\/script><\/div> <p>No Excel, copiar e colar \u00e9 uma tarefa muito comum que todos realizam, e sempre que um usu\u00e1rio copia os dados e cola, o Excel cola n\u00e3o s\u00f3 os valores, mas tamb\u00e9m a formata\u00e7\u00e3o e a f\u00f3rmula.<\/p><p> Mas o Excel tamb\u00e9m tem a op\u00e7\u00e3o de colar os dados apenas como valores, o que significa que com esta op\u00e7\u00e3o apenas o valor ser\u00e1 colado e a formata\u00e7\u00e3o e a f\u00f3rmula ser\u00e3o eliminadas.<\/p><p> Existem v\u00e1rios atalhos e combina\u00e7\u00f5es de teclas para colar os dados como valor apenas no Excel, mas neste tutorial mostramos os atalhos mais r\u00e1pidos e f\u00e1ceis.<\/p><h2 class=\"wp-block-heading\"> Atalho de teclado para colar valores no Excel<\/h2><p> No Excel, os atalhos mais r\u00e1pidos e f\u00e1ceis para colar valores s\u00e3o mencionados abaixo:<\/p><p> <kbd>Alt<\/kbd> \u2192 <kbd>H<\/kbd> \u2192 <kbd>V<\/kbd> \u2192 <kbd>V<\/kbd> <\/p><div class=\"wp-block-image\"><figure class=\"aligncenter size-full is-resized\"><img loading=\"lazy\" decoding=\"async\" class=\"wp-image-69464\" src=\"https:\/\/exceladvisor.org\/wp-content\/uploads\/2023\/08\/1-coller-les-touches-de-raccourci-des-valeurs.png\" sizes=\"auto, \" srcset=\"\" alt=\"colar valores-chave-atalhos\" width=\"787\" height=\"309\"><\/figure><\/div><p> <kbd>Ctrl<\/kbd> + <kbd>Alt<\/kbd> + V e depois <kbd>V<\/kbd> \u2192 <kbd>Enter<\/kbd> <\/p><div class=\"wp-block-image\"><figure class=\"aligncenter size-full is-resized\"><img loading=\"lazy\" decoding=\"async\" class=\"wp-image-69465\" src=\"https:\/\/exceladvisor.org\/wp-content\/uploads\/2023\/08\/2-coller-le-raccourci-de-la-valeur.png\" sizes=\"auto, \" srcset=\"\" alt=\"colar-valor-atalho\" width=\"781\" height=\"306\"><\/figure><\/div><h2 class=\"wp-block-heading\"> Etapas para colar valores usando um atalho de teclado<\/h2><ul><li> Primeiro, copie os dados que deseja colar em outro lugar do Excel.<\/li><li> Depois disso, v\u00e1 at\u00e9 a c\u00e9lula onde deseja colar os dados.<\/li><li> Agora basta pressionar Alt \u2192 H \u2192 V \u2192 V em ordem e voc\u00ea ter\u00e1 seus dados colados apenas como valores.<\/li><li> Ou pressione e segure \u201cCtrl + Alt + V\u201d e voc\u00ea abrir\u00e1 a caixa de di\u00e1logo \u201cColar Especial\u201d.<\/li><li> Agora solte as teclas e simplesmente pressione \u201cV\u201d para mover o bot\u00e3o de op\u00e7\u00e3o para \u201cValores\u201d e pressione Enter. <\/li><\/ul><div class=\"wp-block-image\"><figure class=\"aligncenter size-full is-resized\"><img loading=\"lazy\" decoding=\"async\" class=\"wp-image-69466\" src=\"https:\/\/exceladvisor.org\/wp-content\/uploads\/2023\/08\/3-coller-la-boite-de-dialogue-speciale.png\" sizes=\"auto, \" srcset=\"\" alt=\"colar-caixa de di\u00e1logo especial\" width=\"463\" height=\"349\"><\/figure><\/div><div class=\"wp-block-group more-tutorials is-layout-flow\"><div class=\"wp-block-group__inner-container\"><h2 class=\"wp-block-heading\"> Mais atalhos <\/h2><div class=\"wp-block-columns is-layout-flex wp-container-59\"><div class=\"wp-block-column is-layout-flow\"><ul><li> <a href=\"https:\/\/exceladvisor.org\/pt\/referencia-absoluta\/\">Refer\u00eancia absoluta<\/a><\/li><li> <a href=\"https:\/\/exceladvisor.org\/pt\/copiar-colar\/\">Copiar e colar<\/a><\/li><li> <a href=\"https:\/\/exceladvisor.org\/pt\/copiar-e-colar\/\">Copiar e colar<\/a><\/li><li> Bloquear c\u00e9lulas<\/li><\/ul><\/div><div class=\"wp-block-column is-layout-flow\"><ul><li> <a href=\"https:\/\/exceladvisor.org\/pt\/selecione-uma-linha\/\">Selecione uma linha<\/a><\/li><li> <a href=\"https:\/\/exceladvisor.org\/pt\/transpor-2\/\">Transpor<\/a><\/li><li> <a href=\"https:\/\/exceladvisor.org\/pt\/va-para\/\">Abra a op\u00e7\u00e3o Ir para<\/a><\/li><\/ul><\/div><\/div><p> \u21e0 Retornar aos <a href=\"https:\/\/exceladvisor.org\/pt\/atalhos-do-teclado\/\">atalhos do Excel (folha de dicas em PDF)<\/a><\/p><\/div><\/div>","protected":false},"excerpt":{"rendered":"","protected":false},"author":1,"featured_media":0,"parent":0,"menu_order":0,"comment_status":"open","ping_status":"closed","template":"","meta":{"ub_ctt_via":"","footnotes":""},"class_list":["post-690","page","type-page","status-publish","hentry"],"featured_image_src":null,"yoast_head":"<!-- This site is optimized with the Yoast SEO plugin v25.4 - https:\/\/yoast.com\/wordpress\/plugins\/seo\/ -->\n<title>\u25b7 Atalho do Excel para colar valores (\u00faltimo 2023)<\/title>\n<meta name=\"description\" content=\"Neste tutorial, voc\u00ea aprender\u00e1 como usar um atalho de teclado para colar valores no Excel. Agora este atalho de teclado\" \/>\n<meta name=\"robots\" content=\"index, follow, max-snippet:-1, max-image-preview:large, max-video-preview:-1\" \/>\n<link rel=\"canonical\" href=\"https:\/\/exceladvisor.org\/pt\/colar-valores\/\" \/>\n<meta property=\"og:locale\" content=\"pt_PT\" \/>\n<meta property=\"og:type\" content=\"article\" \/>\n<meta property=\"og:title\" content=\"\u25b7 Atalho do Excel para colar valores (\u00faltimo 2023)\" \/>\n<meta property=\"og:description\" content=\"Neste tutorial, voc\u00ea aprender\u00e1 como usar um atalho de teclado para colar valores no Excel. Agora este atalho de teclado\" \/>\n<meta property=\"og:url\" content=\"https:\/\/exceladvisor.org\/pt\/colar-valores\/\" \/>\n<meta property=\"og:site_name\" content=\"Excel Advisor\" \/>\n<meta property=\"article:modified_time\" content=\"2023-12-06T11:51:11+00:00\" \/>\n<meta property=\"og:image\" content=\"https:\/\/exceladvisor.org\/wp-content\/uploads\/2023\/08\/1-coller-les-touches-de-raccourci-des-valeurs.png\" \/>\n<meta name=\"twitter:card\" content=\"summary_large_image\" \/>\n<meta name=\"twitter:label1\" content=\"Tempo estimado de leitura\" \/>\n\t<meta name=\"twitter:data1\" content=\"1 minuto\" \/>\n<script type=\"application\/ld+json\" class=\"yoast-schema-graph\">{\"@context\":\"https:\/\/schema.org\",\"@graph\":[{\"@type\":\"WebPage\",\"@id\":\"https:\/\/exceladvisor.org\/pt\/colar-valores\/\",\"url\":\"https:\/\/exceladvisor.org\/pt\/colar-valores\/\",\"name\":\"\u25b7 Atalho do Excel para colar valores (\u00faltimo 2023)\",\"isPartOf\":{\"@id\":\"https:\/\/exceladvisor.org\/pt\/#website\"},\"primaryImageOfPage\":{\"@id\":\"https:\/\/exceladvisor.org\/pt\/colar-valores\/#primaryimage\"},\"image\":{\"@id\":\"https:\/\/exceladvisor.org\/pt\/colar-valores\/#primaryimage\"},\"thumbnailUrl\":\"https:\/\/exceladvisor.org\/wp-content\/uploads\/2023\/08\/1-coller-les-touches-de-raccourci-des-valeurs.png\",\"datePublished\":\"2023-09-27T15:00:46+00:00\",\"dateModified\":\"2023-12-06T11:51:11+00:00\",\"description\":\"Neste tutorial, voc\u00ea aprender\u00e1 como usar um atalho de teclado para colar valores no Excel. Agora este atalho de teclado\",\"breadcrumb\":{\"@id\":\"https:\/\/exceladvisor.org\/pt\/colar-valores\/#breadcrumb\"},\"inLanguage\":\"pt-PT\",\"potentialAction\":[{\"@type\":\"ReadAction\",\"target\":[\"https:\/\/exceladvisor.org\/pt\/colar-valores\/\"]}]},{\"@type\":\"ImageObject\",\"inLanguage\":\"pt-PT\",\"@id\":\"https:\/\/exceladvisor.org\/pt\/colar-valores\/#primaryimage\",\"url\":\"https:\/\/exceladvisor.org\/wp-content\/uploads\/2023\/08\/1-coller-les-touches-de-raccourci-des-valeurs.png\",\"contentUrl\":\"https:\/\/exceladvisor.org\/wp-content\/uploads\/2023\/08\/1-coller-les-touches-de-raccourci-des-valeurs.png\"},{\"@type\":\"BreadcrumbList\",\"@id\":\"https:\/\/exceladvisor.org\/pt\/colar-valores\/#breadcrumb\",\"itemListElement\":[{\"@type\":\"ListItem\",\"position\":1,\"name\":\"Lar\",\"item\":\"https:\/\/exceladvisor.org\/pt\/\"},{\"@type\":\"ListItem\",\"position\":2,\"name\":\"O melhor atalho do excel para colar valores\"}]},{\"@type\":\"WebSite\",\"@id\":\"https:\/\/exceladvisor.org\/pt\/#website\",\"url\":\"https:\/\/exceladvisor.org\/pt\/\",\"name\":\"Excel Advisor\",\"description\":\"O seu guia definitivo para dominar os dados!\",\"publisher\":{\"@id\":\"https:\/\/exceladvisor.org\/pt\/#organization\"},\"potentialAction\":[{\"@type\":\"SearchAction\",\"target\":{\"@type\":\"EntryPoint\",\"urlTemplate\":\"https:\/\/exceladvisor.org\/pt\/?s={search_term_string}\"},\"query-input\":{\"@type\":\"PropertyValueSpecification\",\"valueRequired\":true,\"valueName\":\"search_term_string\"}}],\"inLanguage\":\"pt-PT\"},{\"@type\":\"Organization\",\"@id\":\"https:\/\/exceladvisor.org\/pt\/#organization\",\"name\":\"Excel Advisor\",\"url\":\"https:\/\/exceladvisor.org\/pt\/\",\"logo\":{\"@type\":\"ImageObject\",\"inLanguage\":\"pt-PT\",\"@id\":\"https:\/\/exceladvisor.org\/pt\/#\/schema\/logo\/image\/\",\"url\":\"https:\/\/exceladvisor.org\/pt\/wp-content\/uploads\/2023\/12\/exceladvisor.org_.png\",\"contentUrl\":\"https:\/\/exceladvisor.org\/pt\/wp-content\/uploads\/2023\/12\/exceladvisor.org_.png\",\"width\":105,\"height\":36,\"caption\":\"Excel Advisor\"},\"image\":{\"@id\":\"https:\/\/exceladvisor.org\/pt\/#\/schema\/logo\/image\/\"}}]}<\/script>\n<!-- \/ Yoast SEO plugin. -->","yoast_head_json":{"title":"\u25b7 Atalho do Excel para colar valores (\u00faltimo 2023)","description":"Neste tutorial, voc\u00ea aprender\u00e1 como usar um atalho de teclado para colar valores no Excel. Agora este atalho de teclado","robots":{"index":"index","follow":"follow","max-snippet":"max-snippet:-1","max-image-preview":"max-image-preview:large","max-video-preview":"max-video-preview:-1"},"canonical":"https:\/\/exceladvisor.org\/pt\/colar-valores\/","og_locale":"pt_PT","og_type":"article","og_title":"\u25b7 Atalho do Excel para colar valores (\u00faltimo 2023)","og_description":"Neste tutorial, voc\u00ea aprender\u00e1 como usar um atalho de teclado para colar valores no Excel. Agora este atalho de teclado","og_url":"https:\/\/exceladvisor.org\/pt\/colar-valores\/","og_site_name":"Excel Advisor","article_modified_time":"2023-12-06T11:51:11+00:00","og_image":[{"url":"https:\/\/exceladvisor.org\/wp-content\/uploads\/2023\/08\/1-coller-les-touches-de-raccourci-des-valeurs.png","type":"","width":"","height":""}],"twitter_card":"summary_large_image","twitter_misc":{"Tempo estimado de leitura":"1 minuto"},"schema":{"@context":"https:\/\/schema.org","@graph":[{"@type":"WebPage","@id":"https:\/\/exceladvisor.org\/pt\/colar-valores\/","url":"https:\/\/exceladvisor.org\/pt\/colar-valores\/","name":"\u25b7 Atalho do Excel para colar valores (\u00faltimo 2023)","isPartOf":{"@id":"https:\/\/exceladvisor.org\/pt\/#website"},"primaryImageOfPage":{"@id":"https:\/\/exceladvisor.org\/pt\/colar-valores\/#primaryimage"},"image":{"@id":"https:\/\/exceladvisor.org\/pt\/colar-valores\/#primaryimage"},"thumbnailUrl":"https:\/\/exceladvisor.org\/wp-content\/uploads\/2023\/08\/1-coller-les-touches-de-raccourci-des-valeurs.png","datePublished":"2023-09-27T15:00:46+00:00","dateModified":"2023-12-06T11:51:11+00:00","description":"Neste tutorial, voc\u00ea aprender\u00e1 como usar um atalho de teclado para colar valores no Excel. Agora este atalho de teclado","breadcrumb":{"@id":"https:\/\/exceladvisor.org\/pt\/colar-valores\/#breadcrumb"},"inLanguage":"pt-PT","potentialAction":[{"@type":"ReadAction","target":["https:\/\/exceladvisor.org\/pt\/colar-valores\/"]}]},{"@type":"ImageObject","inLanguage":"pt-PT","@id":"https:\/\/exceladvisor.org\/pt\/colar-valores\/#primaryimage","url":"https:\/\/exceladvisor.org\/wp-content\/uploads\/2023\/08\/1-coller-les-touches-de-raccourci-des-valeurs.png","contentUrl":"https:\/\/exceladvisor.org\/wp-content\/uploads\/2023\/08\/1-coller-les-touches-de-raccourci-des-valeurs.png"},{"@type":"BreadcrumbList","@id":"https:\/\/exceladvisor.org\/pt\/colar-valores\/#breadcrumb","itemListElement":[{"@type":"ListItem","position":1,"name":"Lar","item":"https:\/\/exceladvisor.org\/pt\/"},{"@type":"ListItem","position":2,"name":"O melhor atalho do excel para colar valores"}]},{"@type":"WebSite","@id":"https:\/\/exceladvisor.org\/pt\/#website","url":"https:\/\/exceladvisor.org\/pt\/","name":"Excel Advisor","description":"O seu guia definitivo para dominar os dados!","publisher":{"@id":"https:\/\/exceladvisor.org\/pt\/#organization"},"potentialAction":[{"@type":"SearchAction","target":{"@type":"EntryPoint","urlTemplate":"https:\/\/exceladvisor.org\/pt\/?s={search_term_string}"},"query-input":{"@type":"PropertyValueSpecification","valueRequired":true,"valueName":"search_term_string"}}],"inLanguage":"pt-PT"},{"@type":"Organization","@id":"https:\/\/exceladvisor.org\/pt\/#organization","name":"Excel Advisor","url":"https:\/\/exceladvisor.org\/pt\/","logo":{"@type":"ImageObject","inLanguage":"pt-PT","@id":"https:\/\/exceladvisor.org\/pt\/#\/schema\/logo\/image\/","url":"https:\/\/exceladvisor.org\/pt\/wp-content\/uploads\/2023\/12\/exceladvisor.org_.png","contentUrl":"https:\/\/exceladvisor.org\/pt\/wp-content\/uploads\/2023\/12\/exceladvisor.org_.png","width":105,"height":36,"caption":"Excel Advisor"},"image":{"@id":"https:\/\/exceladvisor.org\/pt\/#\/schema\/logo\/image\/"}}]}},"yoast_meta":{"yoast_wpseo_title":"","yoast_wpseo_metadesc":"","yoast_wpseo_canonical":""},"_links":{"self":[{"href":"https:\/\/exceladvisor.org\/pt\/wp-json\/wp\/v2\/pages\/690","targetHints":{"allow":["GET"]}}],"collection":[{"href":"https:\/\/exceladvisor.org\/pt\/wp-json\/wp\/v2\/pages"}],"about":[{"href":"https:\/\/exceladvisor.org\/pt\/wp-json\/wp\/v2\/types\/page"}],"author":[{"embeddable":true,"href":"https:\/\/exceladvisor.org\/pt\/wp-json\/wp\/v2\/users\/1"}],"replies":[{"embeddable":true,"href":"https:\/\/exceladvisor.org\/pt\/wp-json\/wp\/v2\/comments?post=690"}],"version-history":[{"count":1,"href":"https:\/\/exceladvisor.org\/pt\/wp-json\/wp\/v2\/pages\/690\/revisions"}],"predecessor-version":[{"id":1453,"href":"https:\/\/exceladvisor.org\/pt\/wp-json\/wp\/v2\/pages\/690\/revisions\/1453"}],"wp:attachment":[{"href":"https:\/\/exceladvisor.org\/pt\/wp-json\/wp\/v2\/media?parent=690"}],"curies":[{"name":"wp","href":"https:\/\/api.w.org\/{rel}","templated":true}]}}