{"id":691,"date":"2023-09-27T13:31:42","date_gmt":"2023-09-27T13:31:42","guid":{"rendered":"https:\/\/exceladvisor.org\/pt\/congelar-o-obturador\/"},"modified":"2023-12-06T11:35:27","modified_gmt":"2023-12-06T11:35:27","slug":"congelar-o-obturador","status":"publish","type":"page","link":"https:\/\/exceladvisor.org\/pt\/congelar-o-obturador\/","title":{"rendered":"Como congelar o painel usando o atalho de teclado do excel?"},"content":{"rendered":"<div class=\"excel-before-content-2\" id=\"excel-3461230092\"><script type=\"text\/javascript\">\r\n\tatOptions = {\r\n\t\t'key' : 'c1158f160081d6540a8409e6925dab94',\r\n\t\t'format' : 'iframe',\r\n\t\t'height' : 250,\r\n\t\t'width' : 300,\r\n\t\t'params' : {}\r\n\t};\r\n<\/script>\r\n<script type=\"text\/javascript\" src=\"\/\/www.highperformanceformat.com\/c1158f160081d6540a8409e6925dab94\/invoke.js\"><\/script><\/div><div class=\"excel-before-content\" id=\"excel-3774660428\"><script type=\"text\/javascript\">\r\n\tatOptions = {\r\n\t\t'key' : 'c1158f160081d6540a8409e6925dab94',\r\n\t\t'format' : 'iframe',\r\n\t\t'height' : 250,\r\n\t\t'width' : 300,\r\n\t\t'params' : {}\r\n\t};\r\n<\/script>\r\n<script type=\"text\/javascript\" src=\"\/\/www.highperformanceformat.com\/c1158f160081d6540a8409e6925dab94\/invoke.js\"><\/script><\/div> <p>No Excel, Congelar painel \u00e9 um recurso usado para congelar ou bloquear pain\u00e9is enquanto rola em qualquer lugar da planilha para tornar os dados congelados vis\u00edveis.<\/p><p> Quando os usu\u00e1rios trabalham com grandes conjuntos de dados, eles preferem congelar o cabe\u00e7alho ou algumas linhas e colunas espec\u00edficas para torn\u00e1-los vis\u00edveis o tempo todo quando rolam para qualquer parte da planilha.<\/p><p> Com o painel Congelar, os usu\u00e1rios podem congelar apenas o cabe\u00e7alho ou apenas a primeira coluna, ou a combina\u00e7\u00e3o de linhas e colunas espec\u00edficas com base em suas necessidades.<\/p><h2 class=\"wp-block-heading\"> Atalho de teclado para congelar o painel no Excel<\/h2><p> <kbd>Outro<\/kbd> \u2192 <kbd>W<\/kbd> \u2192 <kbd>F<\/kbd> \u2192 <kbd>R<\/kbd> (congelar apenas cabe\u00e7alho) <\/p><div class=\"wp-block-image\"><figure class=\"aligncenter size-full is-resized\"><img loading=\"lazy\" decoding=\"async\" class=\"wp-image-69452\" src=\"https:\/\/exceladvisor.org\/wp-content\/uploads\/2023\/08\/1-raccourci-pour-figer-la-colonne.png\" sizes=\"auto, \" srcset=\"\" alt=\"atalho para congelar a coluna\" width=\"781\" height=\"306\"><\/figure><\/div><p> <kbd>Alt<\/kbd> \u2192 <kbd>W<\/kbd> \u2192 <kbd>F<\/kbd> \u2192 <kbd>C<\/kbd> (para congelar apenas a primeira coluna) <\/p><div class=\"wp-block-image\"><figure class=\"aligncenter size-full is-resized\"><img loading=\"lazy\" decoding=\"async\" class=\"wp-image-69453\" src=\"https:\/\/exceladvisor.org\/wp-content\/uploads\/2023\/08\/2-raccourci-pour-geler-len-tete.png\" sizes=\"auto, \" srcset=\"\" alt=\"atalho para cabe\u00e7alho congelado\" width=\"781\" height=\"306\"><\/figure><\/div><p> <kbd>Alt<\/kbd> \u2192 <kbd>W<\/kbd> \u2192 <kbd>F<\/kbd> \u2192 <kbd>F<\/kbd> (para congelar a combina\u00e7\u00e3o de linhas e colunas ou descongelar o painel j\u00e1 congelado) <\/p><div class=\"wp-block-image\"><figure class=\"aligncenter size-full is-resized\"><img loading=\"lazy\" decoding=\"async\" class=\"wp-image-69454\" src=\"https:\/\/exceladvisor.org\/wp-content\/uploads\/2023\/08\/3-raccourci-pour-figer-les-lignes-et-les-colonnes.png\" sizes=\"auto, \" srcset=\"\" alt=\"atalho para congelar linhas e colunas\" width=\"793\" height=\"311\"><\/figure><\/div><h2 class=\"wp-block-heading\"> Etapas para congelar o painel usando um atalho de teclado<\/h2><ol><li> Para congelar apenas a linha do cabe\u00e7alho (primeira linha), basta clicar em qualquer lugar da planilha e pressionar &#8220;Alt \u2192 W \u2192 F \u2192 R&#8221; na ordem, e sua linha de cabe\u00e7alho ser\u00e1 congelada e ficar\u00e1 vis\u00edvel o tempo todo, mesmo quando voc\u00ea rolar para qualquer lugar na folha.<\/li><li> Se voc\u00ea quiser rolar para a direita e congelar a primeira coluna em vez da linha, basta clicar em qualquer lugar da planilha e pressionar &#8220;Alt \u2192 W \u2192 F \u2192 C&#8221; na ordem, e sua primeira coluna ser\u00e1 congelada.<\/li><li> Para congelar a combina\u00e7\u00e3o espec\u00edfica de linha e coluna, navegue at\u00e9 a c\u00e9lula \u00e0 esquerda e acima da coluna e linhas que deseja congelar e pressione &#8220;Alt \u2192 W \u2192 F \u2192 F&#8221; e sua combina\u00e7\u00e3o de linhas e colunas ser\u00e3o congeladas juntas.<\/li><li> Para descongelar o painel, basta pressionar \u201cAlt \u2192 W \u2192 F \u2192 F\u201d. <\/li><\/ol><div class=\"wp-block-image\"><figure class=\"aligncenter size-full is-resized\"><img loading=\"lazy\" decoding=\"async\" class=\"wp-image-69455\" src=\"https:\/\/exceladvisor.org\/wp-content\/uploads\/2023\/08\/4-colonnes-pour-figer-les-lignes-et-les-colonnes.png\" sizes=\"auto, \" srcset=\"\" alt=\"coluna para congelar linhas e colunas\" width=\"565\" height=\"195\"><\/figure><\/div><p> Na imagem acima, primeiro fomos para a c\u00e9lula C3 e depois pressionamos Alt \u2192 W \u2192 F \u2192 F devido ao qual as linhas acima desta c\u00e9lula e as colunas \u00e0 esquerda desta c\u00e9lula est\u00e3o congeladas agora se rolarmos para baixo as duas primeiras linhas ir\u00e3o estar\u00e1 vis\u00edvel o tempo todo e se rolarmos para a direita as duas primeiras colunas ficar\u00e3o vis\u00edveis o tempo todo. <\/p><div class=\"wp-block-group more-tutorials is-layout-flow\"><div class=\"wp-block-group__inner-container\"><h2 class=\"wp-block-heading\"> Mais tutoriais <\/h2><div class=\"wp-block-columns is-layout-flex wp-container-55\"><div class=\"wp-block-column is-layout-flow\"><ul><li> <a href=\"https:\/\/exceladvisor.org\/pt\/adicionar-uma-nova-planilha\/\">Adicionar uma nova planilha<\/a><\/li><li> <a href=\"https:\/\/exceladvisor.org\/pt\/excluir-uma-planilha\/\">Excluir planilha<\/a><\/li><li> <a href=\"https:\/\/exceladvisor.org\/pt\/encontrar-substituir-1\/\">Localizar e substituir<\/a><\/li><\/ul><\/div><div class=\"wp-block-column is-layout-flow\"><ul><li> <a href=\"https:\/\/exceladvisor.org\/pt\/hiperlink-2\/\">Hiperlink<\/a><\/li><li> <a href=\"https:\/\/exceladvisor.org\/pt\/aumentar-zoom-diminuir-zoom\/\">Aumentar Zoom diminuir zoom<\/a><\/li><\/ul><\/div><\/div><p> \u21e0 Retornar aos <a href=\"https:\/\/exceladvisor.org\/pt\/atalhos-do-teclado\/\">atalhos do Excel (folha de dicas em PDF)<\/a><\/p><\/div><\/div>","protected":false},"excerpt":{"rendered":"","protected":false},"author":1,"featured_media":0,"parent":0,"menu_order":0,"comment_status":"open","ping_status":"closed","template":"","meta":{"ub_ctt_via":"","footnotes":""},"class_list":["post-691","page","type-page","status-publish","hentry"],"featured_image_src":null,"yoast_head":"<!-- This site is optimized with the Yoast SEO plugin v25.4 - https:\/\/yoast.com\/wordpress\/plugins\/seo\/ -->\n<title>Como congelar o painel usando o atalho de teclado do Excel?<\/title>\n<meta name=\"description\" content=\"Neste tutorial, voc\u00ea aprender\u00e1 como usar um atalho de teclado para aplicar o painel congelado no Excel. Agora este atalho\" \/>\n<meta name=\"robots\" content=\"index, follow, max-snippet:-1, max-image-preview:large, max-video-preview:-1\" \/>\n<link rel=\"canonical\" href=\"https:\/\/exceladvisor.org\/pt\/congelar-o-obturador\/\" \/>\n<meta property=\"og:locale\" content=\"pt_PT\" \/>\n<meta property=\"og:type\" content=\"article\" \/>\n<meta property=\"og:title\" content=\"Como congelar o painel usando o atalho de teclado do Excel?\" \/>\n<meta property=\"og:description\" content=\"Neste tutorial, voc\u00ea aprender\u00e1 como usar um atalho de teclado para aplicar o painel congelado no Excel. Agora este atalho\" \/>\n<meta property=\"og:url\" content=\"https:\/\/exceladvisor.org\/pt\/congelar-o-obturador\/\" \/>\n<meta property=\"og:site_name\" content=\"Excel Advisor\" \/>\n<meta property=\"article:modified_time\" content=\"2023-12-06T11:35:27+00:00\" \/>\n<meta property=\"og:image\" content=\"https:\/\/exceladvisor.org\/wp-content\/uploads\/2023\/08\/1-raccourci-pour-figer-la-colonne.png\" \/>\n<meta name=\"twitter:card\" content=\"summary_large_image\" \/>\n<meta name=\"twitter:label1\" content=\"Tempo estimado de leitura\" \/>\n\t<meta name=\"twitter:data1\" content=\"2 minutos\" \/>\n<script type=\"application\/ld+json\" class=\"yoast-schema-graph\">{\"@context\":\"https:\/\/schema.org\",\"@graph\":[{\"@type\":\"WebPage\",\"@id\":\"https:\/\/exceladvisor.org\/pt\/congelar-o-obturador\/\",\"url\":\"https:\/\/exceladvisor.org\/pt\/congelar-o-obturador\/\",\"name\":\"Como congelar o painel usando o atalho de teclado do Excel?\",\"isPartOf\":{\"@id\":\"https:\/\/exceladvisor.org\/pt\/#website\"},\"primaryImageOfPage\":{\"@id\":\"https:\/\/exceladvisor.org\/pt\/congelar-o-obturador\/#primaryimage\"},\"image\":{\"@id\":\"https:\/\/exceladvisor.org\/pt\/congelar-o-obturador\/#primaryimage\"},\"thumbnailUrl\":\"https:\/\/exceladvisor.org\/wp-content\/uploads\/2023\/08\/1-raccourci-pour-figer-la-colonne.png\",\"datePublished\":\"2023-09-27T13:31:42+00:00\",\"dateModified\":\"2023-12-06T11:35:27+00:00\",\"description\":\"Neste tutorial, voc\u00ea aprender\u00e1 como usar um atalho de teclado para aplicar o painel congelado no Excel. Agora este atalho\",\"breadcrumb\":{\"@id\":\"https:\/\/exceladvisor.org\/pt\/congelar-o-obturador\/#breadcrumb\"},\"inLanguage\":\"pt-PT\",\"potentialAction\":[{\"@type\":\"ReadAction\",\"target\":[\"https:\/\/exceladvisor.org\/pt\/congelar-o-obturador\/\"]}]},{\"@type\":\"ImageObject\",\"inLanguage\":\"pt-PT\",\"@id\":\"https:\/\/exceladvisor.org\/pt\/congelar-o-obturador\/#primaryimage\",\"url\":\"https:\/\/exceladvisor.org\/wp-content\/uploads\/2023\/08\/1-raccourci-pour-figer-la-colonne.png\",\"contentUrl\":\"https:\/\/exceladvisor.org\/wp-content\/uploads\/2023\/08\/1-raccourci-pour-figer-la-colonne.png\"},{\"@type\":\"BreadcrumbList\",\"@id\":\"https:\/\/exceladvisor.org\/pt\/congelar-o-obturador\/#breadcrumb\",\"itemListElement\":[{\"@type\":\"ListItem\",\"position\":1,\"name\":\"Lar\",\"item\":\"https:\/\/exceladvisor.org\/pt\/\"},{\"@type\":\"ListItem\",\"position\":2,\"name\":\"Como congelar o painel usando o atalho de teclado do excel?\"}]},{\"@type\":\"WebSite\",\"@id\":\"https:\/\/exceladvisor.org\/pt\/#website\",\"url\":\"https:\/\/exceladvisor.org\/pt\/\",\"name\":\"Excel Advisor\",\"description\":\"O seu guia definitivo para dominar os dados!\",\"publisher\":{\"@id\":\"https:\/\/exceladvisor.org\/pt\/#organization\"},\"potentialAction\":[{\"@type\":\"SearchAction\",\"target\":{\"@type\":\"EntryPoint\",\"urlTemplate\":\"https:\/\/exceladvisor.org\/pt\/?s={search_term_string}\"},\"query-input\":{\"@type\":\"PropertyValueSpecification\",\"valueRequired\":true,\"valueName\":\"search_term_string\"}}],\"inLanguage\":\"pt-PT\"},{\"@type\":\"Organization\",\"@id\":\"https:\/\/exceladvisor.org\/pt\/#organization\",\"name\":\"Excel Advisor\",\"url\":\"https:\/\/exceladvisor.org\/pt\/\",\"logo\":{\"@type\":\"ImageObject\",\"inLanguage\":\"pt-PT\",\"@id\":\"https:\/\/exceladvisor.org\/pt\/#\/schema\/logo\/image\/\",\"url\":\"https:\/\/exceladvisor.org\/pt\/wp-content\/uploads\/2023\/12\/exceladvisor.org_.png\",\"contentUrl\":\"https:\/\/exceladvisor.org\/pt\/wp-content\/uploads\/2023\/12\/exceladvisor.org_.png\",\"width\":105,\"height\":36,\"caption\":\"Excel Advisor\"},\"image\":{\"@id\":\"https:\/\/exceladvisor.org\/pt\/#\/schema\/logo\/image\/\"}}]}<\/script>\n<!-- \/ Yoast SEO plugin. -->","yoast_head_json":{"title":"Como congelar o painel usando o atalho de teclado do Excel?","description":"Neste tutorial, voc\u00ea aprender\u00e1 como usar um atalho de teclado para aplicar o painel congelado no Excel. Agora este atalho","robots":{"index":"index","follow":"follow","max-snippet":"max-snippet:-1","max-image-preview":"max-image-preview:large","max-video-preview":"max-video-preview:-1"},"canonical":"https:\/\/exceladvisor.org\/pt\/congelar-o-obturador\/","og_locale":"pt_PT","og_type":"article","og_title":"Como congelar o painel usando o atalho de teclado do Excel?","og_description":"Neste tutorial, voc\u00ea aprender\u00e1 como usar um atalho de teclado para aplicar o painel congelado no Excel. Agora este atalho","og_url":"https:\/\/exceladvisor.org\/pt\/congelar-o-obturador\/","og_site_name":"Excel Advisor","article_modified_time":"2023-12-06T11:35:27+00:00","og_image":[{"url":"https:\/\/exceladvisor.org\/wp-content\/uploads\/2023\/08\/1-raccourci-pour-figer-la-colonne.png","type":"","width":"","height":""}],"twitter_card":"summary_large_image","twitter_misc":{"Tempo estimado de leitura":"2 minutos"},"schema":{"@context":"https:\/\/schema.org","@graph":[{"@type":"WebPage","@id":"https:\/\/exceladvisor.org\/pt\/congelar-o-obturador\/","url":"https:\/\/exceladvisor.org\/pt\/congelar-o-obturador\/","name":"Como congelar o painel usando o atalho de teclado do Excel?","isPartOf":{"@id":"https:\/\/exceladvisor.org\/pt\/#website"},"primaryImageOfPage":{"@id":"https:\/\/exceladvisor.org\/pt\/congelar-o-obturador\/#primaryimage"},"image":{"@id":"https:\/\/exceladvisor.org\/pt\/congelar-o-obturador\/#primaryimage"},"thumbnailUrl":"https:\/\/exceladvisor.org\/wp-content\/uploads\/2023\/08\/1-raccourci-pour-figer-la-colonne.png","datePublished":"2023-09-27T13:31:42+00:00","dateModified":"2023-12-06T11:35:27+00:00","description":"Neste tutorial, voc\u00ea aprender\u00e1 como usar um atalho de teclado para aplicar o painel congelado no Excel. Agora este atalho","breadcrumb":{"@id":"https:\/\/exceladvisor.org\/pt\/congelar-o-obturador\/#breadcrumb"},"inLanguage":"pt-PT","potentialAction":[{"@type":"ReadAction","target":["https:\/\/exceladvisor.org\/pt\/congelar-o-obturador\/"]}]},{"@type":"ImageObject","inLanguage":"pt-PT","@id":"https:\/\/exceladvisor.org\/pt\/congelar-o-obturador\/#primaryimage","url":"https:\/\/exceladvisor.org\/wp-content\/uploads\/2023\/08\/1-raccourci-pour-figer-la-colonne.png","contentUrl":"https:\/\/exceladvisor.org\/wp-content\/uploads\/2023\/08\/1-raccourci-pour-figer-la-colonne.png"},{"@type":"BreadcrumbList","@id":"https:\/\/exceladvisor.org\/pt\/congelar-o-obturador\/#breadcrumb","itemListElement":[{"@type":"ListItem","position":1,"name":"Lar","item":"https:\/\/exceladvisor.org\/pt\/"},{"@type":"ListItem","position":2,"name":"Como congelar o painel usando o atalho de teclado do excel?"}]},{"@type":"WebSite","@id":"https:\/\/exceladvisor.org\/pt\/#website","url":"https:\/\/exceladvisor.org\/pt\/","name":"Excel Advisor","description":"O seu guia definitivo para dominar os dados!","publisher":{"@id":"https:\/\/exceladvisor.org\/pt\/#organization"},"potentialAction":[{"@type":"SearchAction","target":{"@type":"EntryPoint","urlTemplate":"https:\/\/exceladvisor.org\/pt\/?s={search_term_string}"},"query-input":{"@type":"PropertyValueSpecification","valueRequired":true,"valueName":"search_term_string"}}],"inLanguage":"pt-PT"},{"@type":"Organization","@id":"https:\/\/exceladvisor.org\/pt\/#organization","name":"Excel Advisor","url":"https:\/\/exceladvisor.org\/pt\/","logo":{"@type":"ImageObject","inLanguage":"pt-PT","@id":"https:\/\/exceladvisor.org\/pt\/#\/schema\/logo\/image\/","url":"https:\/\/exceladvisor.org\/pt\/wp-content\/uploads\/2023\/12\/exceladvisor.org_.png","contentUrl":"https:\/\/exceladvisor.org\/pt\/wp-content\/uploads\/2023\/12\/exceladvisor.org_.png","width":105,"height":36,"caption":"Excel Advisor"},"image":{"@id":"https:\/\/exceladvisor.org\/pt\/#\/schema\/logo\/image\/"}}]}},"yoast_meta":{"yoast_wpseo_title":"","yoast_wpseo_metadesc":"","yoast_wpseo_canonical":""},"_links":{"self":[{"href":"https:\/\/exceladvisor.org\/pt\/wp-json\/wp\/v2\/pages\/691","targetHints":{"allow":["GET"]}}],"collection":[{"href":"https:\/\/exceladvisor.org\/pt\/wp-json\/wp\/v2\/pages"}],"about":[{"href":"https:\/\/exceladvisor.org\/pt\/wp-json\/wp\/v2\/types\/page"}],"author":[{"embeddable":true,"href":"https:\/\/exceladvisor.org\/pt\/wp-json\/wp\/v2\/users\/1"}],"replies":[{"embeddable":true,"href":"https:\/\/exceladvisor.org\/pt\/wp-json\/wp\/v2\/comments?post=691"}],"version-history":[{"count":1,"href":"https:\/\/exceladvisor.org\/pt\/wp-json\/wp\/v2\/pages\/691\/revisions"}],"predecessor-version":[{"id":908,"href":"https:\/\/exceladvisor.org\/pt\/wp-json\/wp\/v2\/pages\/691\/revisions\/908"}],"wp:attachment":[{"href":"https:\/\/exceladvisor.org\/pt\/wp-json\/wp\/v2\/media?parent=691"}],"curies":[{"name":"wp","href":"https:\/\/api.w.org\/{rel}","templated":true}]}}