{"id":692,"date":"2023-09-26T17:03:33","date_gmt":"2023-09-26T17:03:33","guid":{"rendered":"https:\/\/exceladvisor.org\/pt\/modo-escuro\/"},"modified":"2023-12-06T11:37:59","modified_gmt":"2023-12-06T11:37:59","slug":"modo-escuro","status":"publish","type":"page","link":"https:\/\/exceladvisor.org\/pt\/modo-escuro\/","title":{"rendered":"Como habilitar o modo escuro no excel?"},"content":{"rendered":"<div class=\"excel-before-content-2\" id=\"excel-799234294\"><script type=\"text\/javascript\">\r\n\tatOptions = {\r\n\t\t'key' : 'c1158f160081d6540a8409e6925dab94',\r\n\t\t'format' : 'iframe',\r\n\t\t'height' : 250,\r\n\t\t'width' : 300,\r\n\t\t'params' : {}\r\n\t};\r\n<\/script>\r\n<script type=\"text\/javascript\" src=\"\/\/www.highperformanceformat.com\/c1158f160081d6540a8409e6925dab94\/invoke.js\"><\/script><\/div><div class=\"excel-before-content\" id=\"excel-1042089614\"><script type=\"text\/javascript\">\r\n\tatOptions = {\r\n\t\t'key' : 'c1158f160081d6540a8409e6925dab94',\r\n\t\t'format' : 'iframe',\r\n\t\t'height' : 250,\r\n\t\t'width' : 300,\r\n\t\t'params' : {}\r\n\t};\r\n<\/script>\r\n<script type=\"text\/javascript\" src=\"\/\/www.highperformanceformat.com\/c1158f160081d6540a8409e6925dab94\/invoke.js\"><\/script><\/div> <p>Hoje em dia, todo aplicativo permite alterar sua apar\u00eancia no modo escuro. Por exemplo, da mesma forma, o Excel (Office) permite alternar para o modo escuro. Neste tutorial aprenderemos como ativ\u00e1-lo e entender porque essa funcionalidade pode ser melhorada.<\/p><h2 class=\"wp-block-heading\"> Etapas para ativar o modo escuro<\/h2><ol><li> Primeiro, clique na guia Arquivo. <br><img loading=\"lazy\" decoding=\"async\" title=\"Arquivo com 1 clique na guia\" src=\"https:\/\/exceladvisor.org\/wp-content\/uploads\/2023\/08\/1-clic-sur-longlet-fichier.png\" sizes=\"auto, \" srcset=\"\" alt=\"click-on-file-tab\" width=\"492\" height=\"258\"><\/li><li> E abra <a href=\"https:\/\/exceladvisor.org\/pt\/opcoes\/\">Op\u00e7\u00f5es do Excel<\/a> . <br><img loading=\"lazy\" decoding=\"async\" title=\"2 op\u00e7\u00f5es de Excel aberto\" src=\"https:\/\/exceladvisor.org\/wp-content\/uploads\/2023\/08\/2-options-Excel-ouvertes.png\" sizes=\"auto, \" srcset=\"\" alt=\"open-excel-options\" width=\"352\" height=\"236\"><\/li><li> Agora na aba \u201cGeral\u201d, v\u00e1 em \u201cPersonalizar sua c\u00f3pia do Microsoft Office\u201d. <br><img loading=\"lazy\" decoding=\"async\" class=\"alignnone wp-image-12736 \" src=\"https:\/\/exceladvisor.org\/wp-content\/uploads\/2023\/11\/3-personnalisez-votre-exemplair.png\" alt=\"personalize sua c\u00f3pia\" width=\"467\" height=\"204\" srcset=\"https:\/\/exceladvisor.org\/wp-content\/uploads\/2023\/11\/3-personnalisez-votre-exemplair.png 791w, https:\/\/exceladvisor.org\/wp-content\/uploads\/2023\/11\/3-personnalisez-votre-exemplair-300x131.png 300w, https:\/\/exceladvisor.org\/wp-content\/uploads\/2023\/11\/3-personnalisez-votre-exemplair-768x335.png 768w\" sizes=\"auto, (max-width: 467px) 100vw, 467px\"><\/li><li> No menu suspenso \u201cTema do Office\u201d, selecione \u201cEm branco\u201d. <br><img loading=\"lazy\" decoding=\"async\" class=\"alignnone wp-image-12737 \" src=\"https:\/\/exceladvisor.org\/wp-content\/uploads\/2023\/11\/4-choisissez-le-noir-du-theme-bureau.png\" alt=\"escolha-preto-do-tema-do-escrit\u00f3rio\" width=\"459\" height=\"275\" srcset=\"https:\/\/exceladvisor.org\/wp-content\/uploads\/2023\/11\/4-choisissez-le-noir-du-theme-bureau.png 587w, https:\/\/exceladvisor.org\/wp-content\/uploads\/2023\/11\/4-choisissez-le-noir-du-theme-bureau-300x180.png 300w\" sizes=\"auto, (max-width: 459px) 100vw, 459px\"><\/li><li> Ao final, clique em \u201cOK\u201d.<\/li><\/ol><p> Ao clicar em OK, ele aplica o modo escuro ao Excel, deixando a planilha como est\u00e1. Mas o resto das janelas estar\u00e1 completamente vazio. <\/p><div class=\"wp-block-image\"><figure class=\"aligncenter size-full is-resized\"><img loading=\"lazy\" decoding=\"async\" class=\"wp-image-88779\" src=\"https:\/\/exceladvisor.org\/wp-content\/uploads\/2023\/08\/6-mode-sombre-applique-a-excel.png\" sizes=\"auto, \" srcset=\"\" alt=\"modo escuro aplicado ao Excel\" width=\"604\" height=\"350\"><\/figure><\/div><p> H\u00e1 uma coisa que voc\u00ea precisa saber: quando voc\u00ea altera a apar\u00eancia do Excel, ele tamb\u00e9m altera outros aplicativos do Office, como Word e PowerPoint. <\/p><div class=\"wp-block-image\"><figure class=\"aligncenter size-full is-resized\"><img loading=\"lazy\" decoding=\"async\" class=\"wp-image-88780\" src=\"https:\/\/exceladvisor.org\/wp-content\/uploads\/2023\/08\/7-autres-applications-bureautiques-sont-egalement-passees-en-mode-sombre.png\" sizes=\"auto, \" srcset=\"\" alt=\"outros aplicativos de desktop tamb\u00e9m mudaram para o modo escuro\" width=\"592\" height=\"333\"><\/figure><\/div><p> Mas como voc\u00ea pode ver no Word ele muda todas as janelas para o modo escuro, mas no Excel voc\u00ea ainda tem c\u00e9lulas brancas e texto em branco. E se voc\u00ea usa Excel no Mac, voc\u00ea precisa ir em Excel \u21e2 Prefer\u00eancias\u2026 \u21e2 Geral e desmarcar \u201cDesativar modo escuro\u201d. <\/p><div class=\"wp-block-image\"><figure class=\"aligncenter size-full is-resized\"><img loading=\"lazy\" decoding=\"async\" class=\"alignnone wp-image-12733 size-large\" src=\"https:\/\/exceladvisor.org\/wp-content\/uploads\/2023\/11\/decochez-desactivez-le-mode-1024x696.png\" alt=\"desmarque-desabilite-modo\" width=\"678\" height=\"461\" srcset=\"https:\/\/exceladvisor.org\/wp-content\/uploads\/2023\/11\/decochez-desactivez-le-mode-1024x696.png 1024w, https:\/\/exceladvisor.org\/wp-content\/uploads\/2023\/11\/decochez-desactivez-le-mode-300x204.png 300w, https:\/\/exceladvisor.org\/wp-content\/uploads\/2023\/11\/decochez-desactivez-le-mode-768x522.png 768w, https:\/\/exceladvisor.org\/wp-content\/uploads\/2023\/11\/decochez-desactivez-le-mode-1536x1044.png 1536w, https:\/\/exceladvisor.org\/wp-content\/uploads\/2023\/11\/decochez-desactivez-le-mode.png 1692w\" sizes=\"auto, (max-width: 678px) 100vw, 678px\"><\/figure><\/div><h2 class=\"wp-block-heading\"> Coloque as c\u00e9lulas no modo escuro e a fonte em branco<\/h2><p> Existe um hack simples que tamb\u00e9m permite colocar suas c\u00e9lulas no modo escuro.<\/p><ol type=\"1\"><li> Adicione um <a href=\"https:\/\/exceladvisor.org\/wp-content\/uploads\/2023\/08\/photo-17.png\" target=\"_blank\" rel=\"noreferrer noopener nofollow\">fundo preto<\/a> com uma imagem.<\/li><li> Mude a cor da fonte para branco no tema.<\/li><\/ol><p> Siga esses passos:<\/p><ol><li> Primeiro, abra o PowerPoint em seu sistema e adicione um \u00fanico slide. <br><img loading=\"lazy\" decoding=\"async\" title=\"9-ponto de energia aberto\" src=\"https:\/\/exceladvisor.org\/wp-content\/uploads\/2023\/08\/9-prise-de-courant-ouverte.png\" sizes=\"auto, \" srcset=\"\" alt=\"open-power-point\" width=\"592\" height=\"344\"><\/li><li> Depois disso, clique na aba Design e v\u00e1 em \u201cFormatar Plano de Fundo\u201d. <br><img loading=\"lazy\" decoding=\"async\" class=\"alignnone wp-image-12734 \" src=\"https:\/\/exceladvisor.org\/wp-content\/uploads\/2023\/11\/format-fond.png\" alt=\"formato de fundo\" width=\"534\" height=\"257\" srcset=\"https:\/\/exceladvisor.org\/wp-content\/uploads\/2023\/11\/format-fond.png 636w, https:\/\/exceladvisor.org\/wp-content\/uploads\/2023\/11\/format-fond-300x144.png 300w\" sizes=\"auto, (max-width: 534px) 100vw, 534px\"><\/li><li> Agora mude a cor para preto ou qualquer outra cor escura de sua prefer\u00eancia. Usei o c\u00f3digo de cores (HEX: #3a3a3a) para obter uma cor escura personalizada. <br><img loading=\"lazy\" decoding=\"async\" title=\"11 mudan\u00e7as de cor para preto\" src=\"https:\/\/exceladvisor.org\/wp-content\/uploads\/2023\/08\/11-changer-la-couleur-en-noir.png\" sizes=\"auto, \" srcset=\"\" alt=\"change-the-color-to-black\" width=\"262\" height=\"305\"><\/li><li> Em seguida, v\u00e1 at\u00e9 a aba Arquivo, clique em \u201cSalvar como\u201d e salve a apresenta\u00e7\u00e3o no formato de arquivo PNG (Imagem). Ou voc\u00ea pode <a href=\"https:\/\/exceladvisor.org\/wp-content\/uploads\/2023\/08\/photo-17.png\">baix\u00e1-lo aqui<\/a> . <br><img loading=\"lazy\" decoding=\"async\" class=\"alignnone wp-image-12735 \" src=\"https:\/\/exceladvisor.org\/wp-content\/uploads\/2023\/11\/12-enregistrer-de-fichier-png.png\" alt=\"salvar do arquivo png\" width=\"598\" height=\"228\" srcset=\"https:\/\/exceladvisor.org\/wp-content\/uploads\/2023\/11\/12-enregistrer-de-fichier-png.png 946w, https:\/\/exceladvisor.org\/wp-content\/uploads\/2023\/11\/12-enregistrer-de-fichier-png-300x114.png 300w, https:\/\/exceladvisor.org\/wp-content\/uploads\/2023\/11\/12-enregistrer-de-fichier-png-768x293.png 768w\" sizes=\"auto, (max-width: 598px) 100vw, 598px\"><\/li><li> Agora volte ao Excel e navegue at\u00e9 a guia \u201cLayout da p\u00e1gina\u201d. A partir da\u00ed, clique no bot\u00e3o \u201cFundo\u201d. <br><img loading=\"lazy\" decoding=\"async\" title=\"13 guias de layout abertas no Excel\" src=\"https:\/\/exceladvisor.org\/wp-content\/uploads\/2023\/08\/13-onglet-de-mise-en-page-ouvert-dans-Excel.png\" sizes=\"auto, \" srcset=\"\" alt=\"open-page-layout-tab-in-excel\" width=\"557\" height=\"225\"><\/li><li> A seguir, localize a imagem de fundo que acabamos de salvar e aplique-a. <br><img loading=\"lazy\" decoding=\"async\" title=\"14-localize-a-imagem-de-fundo-gravada\" src=\"https:\/\/exceladvisor.org\/wp-content\/uploads\/2023\/08\/14-localiser-limage-darriere-plan-enregistree.png\" sizes=\"auto, \" srcset=\"\" alt=\"locate-the-saved-background-image\" width=\"621\" height=\"278\"><\/li><\/ol><p> Ele converter\u00e1 o Excel para o modo totalmente escuro. <\/p><div class=\"wp-block-image\"><figure class=\"aligncenter size-full is-resized\"><img loading=\"lazy\" decoding=\"async\" class=\"wp-image-88788\" src=\"https:\/\/exceladvisor.org\/wp-content\/uploads\/2023\/08\/15-excel-convertis-en-mode-noir-complet.png\" sizes=\"auto, \" srcset=\"\" alt=\"Excel convertido para modo totalmente escuro\" width=\"650\" height=\"407\"><\/figure><\/div><p> Mas h\u00e1 mais uma coisa que voc\u00ea precisa mudar: a cor da fonte. Ent\u00e3o, v\u00e1 para Layout \u21e2 Temas \u21e2 Cores \u21e2 Personalizar Cores. <\/p><div class=\"wp-block-image\"><figure class=\"aligncenter size-full is-resized\"><img loading=\"lazy\" decoding=\"async\" class=\"wp-image-88789\" src=\"https:\/\/exceladvisor.org\/wp-content\/uploads\/2023\/08\/16-en-mise-en-page-personnaliser-les-couleurs.png\" sizes=\"auto, \" srcset=\"\" alt=\"cores personalizadas no layout da p\u00e1gina\" width=\"492\" height=\"302\"><\/figure><\/div><p> Em Cor personalizada, altere a cor da fonte para branco ou qualquer cor clara desejada. E chame-o de \u201cTema Escuro\u201d. <\/p><div class=\"wp-block-image\"><figure class=\"aligncenter size-full is-resized\"><img loading=\"lazy\" decoding=\"async\" class=\"wp-image-88790\" src=\"https:\/\/exceladvisor.org\/wp-content\/uploads\/2023\/08\/17-changer-la-couleur-de-la-police-en-blanc.png\" sizes=\"auto, \" srcset=\"\" alt=\"mude a cor da fonte para branco\" width=\"478\" height=\"514\"><\/figure><\/div><p> Agora voc\u00ea tem um tema completamente escuro com c\u00e9lulas vazias e fonte branca. <\/p><div class=\"wp-block-image\"><figure class=\"aligncenter size-full is-resized\"><img loading=\"lazy\" decoding=\"async\" class=\"wp-image-88791\" src=\"https:\/\/exceladvisor.org\/wp-content\/uploads\/2023\/08\/18-themes-sombres-avec-des-cellules-noires-et-une-police-blanche.png\" sizes=\"auto, \" srcset=\"\" alt=\"tema escuro com c\u00e9lulas pretas e fonte branca\" width=\"532\" height=\"370\"><\/figure><\/div><p> Voc\u00ea tamb\u00e9m pode salvar todo o tema atual. Layout \u21e2 Temas \u21e2 Temas \u21e2 Salve o tema atual.. e nomeie-o como tema escuro. <\/p><div class=\"wp-block-image\"><figure class=\"aligncenter size-full is-resized\"><img loading=\"lazy\" decoding=\"async\" class=\"wp-image-88792\" src=\"https:\/\/exceladvisor.org\/wp-content\/uploads\/2023\/08\/19-enregistrer-le-theme-actuel.png\" sizes=\"auto, \" srcset=\"\" alt=\"salvar-tema-atual\" width=\"469\" height=\"367\"><\/figure><\/div><h3 class=\"wp-block-heading\"> Pontos importantes<\/h3><ol><li> Adicionar um fundo em branco com uma imagem s\u00f3 funciona na planilha atual.<\/li><li> Alterar a cor da fonte com o tema funciona apenas para a pasta de trabalho ativa.<\/li><\/ol><p> Embora essas etapas n\u00e3o sejam dif\u00edceis de seguir, ainda estou procurando uma op\u00e7\u00e3o da Microsoft para criar um bot\u00e3o de altern\u00e2ncia para alternar para os modos Escuro e Lite com um \u00fanico clique.<\/p><p> Voc\u00ea pode acessar este link e enviar coment\u00e1rios para informar \u00e0 Microsoft que esse recurso \u00e9 necess\u00e1rio. E estou abrindo um coment\u00e1rio neste post para que voc\u00ea possa tirar sua d\u00favida caso tenha algum problema.<\/p><div class=\"gb-container gb-container-29c351cb gb-container-mt\"> <a class=\"gb-button gb-button-3f93e23e gb-button-text gb-button-mt-button\" href=\"https:\/\/exceladvisor.org\/pt\/nocoes-basicas-de-excel\/\">No\u00e7\u00f5es b\u00e1sicas do Microsoft Excel (componentes, pe\u00e7as e notas de conhecimento)<\/a><h2 class=\"gb-headline gb-headline-039c6b39 gb-headline-text gb-headline-mt-heading\"> Mais tutoriais <\/h2><div class=\"gb-grid-wrapper gb-grid-wrapper-a21eef70 gb-grid-wrapper-mt-grid\"><div class=\"gb-grid-column gb-grid-column-8876d83d\"><div class=\"gb-container gb-container-8876d83d\"><ul><li> <a href=\"https:\/\/exceladvisor.org\/pt\/justificar-completamente\/\">Preencha Justificar no Excel<\/a><\/li><li> <a href=\"https:\/\/exceladvisor.org\/pt\/formato-de-pintor\/\">Pintor de formato no Excel<\/a><\/li><li> <a href=\"https:\/\/exceladvisor.org\/pt\/barra-de-acesso-rapido\/\">Barra de ferramentas de acesso r\u00e1pido no Excel<\/a> <\/li><\/ul><\/div><\/div><div class=\"gb-grid-column gb-grid-column-ee06a2c7\"><div class=\"gb-container gb-container-ee06a2c7\"><ul><li> <a href=\"https:\/\/exceladvisor.org\/pt\/fita\/\">Faixa de op\u00e7\u00f5es no Excel<\/a><\/li><li> <a href=\"https:\/\/exceladvisor.org\/pt\/alinhamento\/\">Alinhamento no Excel<\/a><\/li><li> <a href=\"https:\/\/exceladvisor.org\/pt\/salvar-arquivo\/\">Salvar um arquivo no Excel<\/a><\/li><\/ul><\/div><\/div><\/div><\/div>","protected":false},"excerpt":{"rendered":"","protected":false},"author":1,"featured_media":0,"parent":0,"menu_order":0,"comment_status":"open","ping_status":"closed","template":"","meta":{"ub_ctt_via":"","footnotes":""},"class_list":["post-692","page","type-page","status-publish","hentry"],"featured_image_src":null,"yoast_head":"<!-- This site is optimized with the Yoast SEO plugin v25.4 - https:\/\/yoast.com\/wordpress\/plugins\/seo\/ -->\n<title>Como habilitar o modo escuro no Excel? (Tutorial 2023)<\/title>\n<meta name=\"description\" content=\"Hoje em dia, todo aplicativo permite alterar sua apar\u00eancia no modo escuro. Por exemplo, da mesma forma,\" \/>\n<meta name=\"robots\" content=\"index, follow, max-snippet:-1, max-image-preview:large, max-video-preview:-1\" \/>\n<link rel=\"canonical\" href=\"https:\/\/exceladvisor.org\/pt\/modo-escuro\/\" \/>\n<meta property=\"og:locale\" content=\"pt_PT\" \/>\n<meta property=\"og:type\" content=\"article\" \/>\n<meta property=\"og:title\" content=\"Como habilitar o modo escuro no Excel? (Tutorial 2023)\" \/>\n<meta property=\"og:description\" content=\"Hoje em dia, todo aplicativo permite alterar sua apar\u00eancia no modo escuro. Por exemplo, da mesma forma,\" \/>\n<meta property=\"og:url\" content=\"https:\/\/exceladvisor.org\/pt\/modo-escuro\/\" \/>\n<meta property=\"og:site_name\" content=\"Excel Advisor\" \/>\n<meta property=\"article:modified_time\" content=\"2023-12-06T11:37:59+00:00\" \/>\n<meta property=\"og:image\" content=\"https:\/\/exceladvisor.org\/wp-content\/uploads\/2023\/08\/1-clic-sur-longlet-fichier.png\" \/>\n<meta name=\"twitter:card\" content=\"summary_large_image\" \/>\n<meta name=\"twitter:label1\" content=\"Tempo estimado de leitura\" \/>\n\t<meta name=\"twitter:data1\" content=\"3 minutos\" \/>\n<script type=\"application\/ld+json\" class=\"yoast-schema-graph\">{\"@context\":\"https:\/\/schema.org\",\"@graph\":[{\"@type\":\"WebPage\",\"@id\":\"https:\/\/exceladvisor.org\/pt\/modo-escuro\/\",\"url\":\"https:\/\/exceladvisor.org\/pt\/modo-escuro\/\",\"name\":\"Como habilitar o modo escuro no Excel? (Tutorial 2023)\",\"isPartOf\":{\"@id\":\"https:\/\/exceladvisor.org\/pt\/#website\"},\"primaryImageOfPage\":{\"@id\":\"https:\/\/exceladvisor.org\/pt\/modo-escuro\/#primaryimage\"},\"image\":{\"@id\":\"https:\/\/exceladvisor.org\/pt\/modo-escuro\/#primaryimage\"},\"thumbnailUrl\":\"https:\/\/exceladvisor.org\/wp-content\/uploads\/2023\/08\/1-clic-sur-longlet-fichier.png\",\"datePublished\":\"2023-09-26T17:03:33+00:00\",\"dateModified\":\"2023-12-06T11:37:59+00:00\",\"description\":\"Hoje em dia, todo aplicativo permite alterar sua apar\u00eancia no modo escuro. Por exemplo, da mesma forma,\",\"breadcrumb\":{\"@id\":\"https:\/\/exceladvisor.org\/pt\/modo-escuro\/#breadcrumb\"},\"inLanguage\":\"pt-PT\",\"potentialAction\":[{\"@type\":\"ReadAction\",\"target\":[\"https:\/\/exceladvisor.org\/pt\/modo-escuro\/\"]}]},{\"@type\":\"ImageObject\",\"inLanguage\":\"pt-PT\",\"@id\":\"https:\/\/exceladvisor.org\/pt\/modo-escuro\/#primaryimage\",\"url\":\"https:\/\/exceladvisor.org\/wp-content\/uploads\/2023\/08\/1-clic-sur-longlet-fichier.png\",\"contentUrl\":\"https:\/\/exceladvisor.org\/wp-content\/uploads\/2023\/08\/1-clic-sur-longlet-fichier.png\"},{\"@type\":\"BreadcrumbList\",\"@id\":\"https:\/\/exceladvisor.org\/pt\/modo-escuro\/#breadcrumb\",\"itemListElement\":[{\"@type\":\"ListItem\",\"position\":1,\"name\":\"Lar\",\"item\":\"https:\/\/exceladvisor.org\/pt\/\"},{\"@type\":\"ListItem\",\"position\":2,\"name\":\"Como habilitar o modo escuro no excel?\"}]},{\"@type\":\"WebSite\",\"@id\":\"https:\/\/exceladvisor.org\/pt\/#website\",\"url\":\"https:\/\/exceladvisor.org\/pt\/\",\"name\":\"Excel Advisor\",\"description\":\"O seu guia definitivo para dominar os dados!\",\"publisher\":{\"@id\":\"https:\/\/exceladvisor.org\/pt\/#organization\"},\"potentialAction\":[{\"@type\":\"SearchAction\",\"target\":{\"@type\":\"EntryPoint\",\"urlTemplate\":\"https:\/\/exceladvisor.org\/pt\/?s={search_term_string}\"},\"query-input\":{\"@type\":\"PropertyValueSpecification\",\"valueRequired\":true,\"valueName\":\"search_term_string\"}}],\"inLanguage\":\"pt-PT\"},{\"@type\":\"Organization\",\"@id\":\"https:\/\/exceladvisor.org\/pt\/#organization\",\"name\":\"Excel Advisor\",\"url\":\"https:\/\/exceladvisor.org\/pt\/\",\"logo\":{\"@type\":\"ImageObject\",\"inLanguage\":\"pt-PT\",\"@id\":\"https:\/\/exceladvisor.org\/pt\/#\/schema\/logo\/image\/\",\"url\":\"https:\/\/exceladvisor.org\/pt\/wp-content\/uploads\/2023\/12\/exceladvisor.org_.png\",\"contentUrl\":\"https:\/\/exceladvisor.org\/pt\/wp-content\/uploads\/2023\/12\/exceladvisor.org_.png\",\"width\":105,\"height\":36,\"caption\":\"Excel Advisor\"},\"image\":{\"@id\":\"https:\/\/exceladvisor.org\/pt\/#\/schema\/logo\/image\/\"}}]}<\/script>\n<!-- \/ Yoast SEO plugin. -->","yoast_head_json":{"title":"Como habilitar o modo escuro no Excel? (Tutorial 2023)","description":"Hoje em dia, todo aplicativo permite alterar sua apar\u00eancia no modo escuro. Por exemplo, da mesma forma,","robots":{"index":"index","follow":"follow","max-snippet":"max-snippet:-1","max-image-preview":"max-image-preview:large","max-video-preview":"max-video-preview:-1"},"canonical":"https:\/\/exceladvisor.org\/pt\/modo-escuro\/","og_locale":"pt_PT","og_type":"article","og_title":"Como habilitar o modo escuro no Excel? (Tutorial 2023)","og_description":"Hoje em dia, todo aplicativo permite alterar sua apar\u00eancia no modo escuro. Por exemplo, da mesma forma,","og_url":"https:\/\/exceladvisor.org\/pt\/modo-escuro\/","og_site_name":"Excel Advisor","article_modified_time":"2023-12-06T11:37:59+00:00","og_image":[{"url":"https:\/\/exceladvisor.org\/wp-content\/uploads\/2023\/08\/1-clic-sur-longlet-fichier.png","type":"","width":"","height":""}],"twitter_card":"summary_large_image","twitter_misc":{"Tempo estimado de leitura":"3 minutos"},"schema":{"@context":"https:\/\/schema.org","@graph":[{"@type":"WebPage","@id":"https:\/\/exceladvisor.org\/pt\/modo-escuro\/","url":"https:\/\/exceladvisor.org\/pt\/modo-escuro\/","name":"Como habilitar o modo escuro no Excel? (Tutorial 2023)","isPartOf":{"@id":"https:\/\/exceladvisor.org\/pt\/#website"},"primaryImageOfPage":{"@id":"https:\/\/exceladvisor.org\/pt\/modo-escuro\/#primaryimage"},"image":{"@id":"https:\/\/exceladvisor.org\/pt\/modo-escuro\/#primaryimage"},"thumbnailUrl":"https:\/\/exceladvisor.org\/wp-content\/uploads\/2023\/08\/1-clic-sur-longlet-fichier.png","datePublished":"2023-09-26T17:03:33+00:00","dateModified":"2023-12-06T11:37:59+00:00","description":"Hoje em dia, todo aplicativo permite alterar sua apar\u00eancia no modo escuro. Por exemplo, da mesma forma,","breadcrumb":{"@id":"https:\/\/exceladvisor.org\/pt\/modo-escuro\/#breadcrumb"},"inLanguage":"pt-PT","potentialAction":[{"@type":"ReadAction","target":["https:\/\/exceladvisor.org\/pt\/modo-escuro\/"]}]},{"@type":"ImageObject","inLanguage":"pt-PT","@id":"https:\/\/exceladvisor.org\/pt\/modo-escuro\/#primaryimage","url":"https:\/\/exceladvisor.org\/wp-content\/uploads\/2023\/08\/1-clic-sur-longlet-fichier.png","contentUrl":"https:\/\/exceladvisor.org\/wp-content\/uploads\/2023\/08\/1-clic-sur-longlet-fichier.png"},{"@type":"BreadcrumbList","@id":"https:\/\/exceladvisor.org\/pt\/modo-escuro\/#breadcrumb","itemListElement":[{"@type":"ListItem","position":1,"name":"Lar","item":"https:\/\/exceladvisor.org\/pt\/"},{"@type":"ListItem","position":2,"name":"Como habilitar o modo escuro no excel?"}]},{"@type":"WebSite","@id":"https:\/\/exceladvisor.org\/pt\/#website","url":"https:\/\/exceladvisor.org\/pt\/","name":"Excel Advisor","description":"O seu guia definitivo para dominar os dados!","publisher":{"@id":"https:\/\/exceladvisor.org\/pt\/#organization"},"potentialAction":[{"@type":"SearchAction","target":{"@type":"EntryPoint","urlTemplate":"https:\/\/exceladvisor.org\/pt\/?s={search_term_string}"},"query-input":{"@type":"PropertyValueSpecification","valueRequired":true,"valueName":"search_term_string"}}],"inLanguage":"pt-PT"},{"@type":"Organization","@id":"https:\/\/exceladvisor.org\/pt\/#organization","name":"Excel Advisor","url":"https:\/\/exceladvisor.org\/pt\/","logo":{"@type":"ImageObject","inLanguage":"pt-PT","@id":"https:\/\/exceladvisor.org\/pt\/#\/schema\/logo\/image\/","url":"https:\/\/exceladvisor.org\/pt\/wp-content\/uploads\/2023\/12\/exceladvisor.org_.png","contentUrl":"https:\/\/exceladvisor.org\/pt\/wp-content\/uploads\/2023\/12\/exceladvisor.org_.png","width":105,"height":36,"caption":"Excel Advisor"},"image":{"@id":"https:\/\/exceladvisor.org\/pt\/#\/schema\/logo\/image\/"}}]}},"yoast_meta":{"yoast_wpseo_title":"","yoast_wpseo_metadesc":"","yoast_wpseo_canonical":""},"_links":{"self":[{"href":"https:\/\/exceladvisor.org\/pt\/wp-json\/wp\/v2\/pages\/692","targetHints":{"allow":["GET"]}}],"collection":[{"href":"https:\/\/exceladvisor.org\/pt\/wp-json\/wp\/v2\/pages"}],"about":[{"href":"https:\/\/exceladvisor.org\/pt\/wp-json\/wp\/v2\/types\/page"}],"author":[{"embeddable":true,"href":"https:\/\/exceladvisor.org\/pt\/wp-json\/wp\/v2\/users\/1"}],"replies":[{"embeddable":true,"href":"https:\/\/exceladvisor.org\/pt\/wp-json\/wp\/v2\/comments?post=692"}],"version-history":[{"count":1,"href":"https:\/\/exceladvisor.org\/pt\/wp-json\/wp\/v2\/pages\/692\/revisions"}],"predecessor-version":[{"id":1085,"href":"https:\/\/exceladvisor.org\/pt\/wp-json\/wp\/v2\/pages\/692\/revisions\/1085"}],"wp:attachment":[{"href":"https:\/\/exceladvisor.org\/pt\/wp-json\/wp\/v2\/media?parent=692"}],"curies":[{"name":"wp","href":"https:\/\/api.w.org\/{rel}","templated":true}]}}