{"id":693,"date":"2023-09-26T11:31:25","date_gmt":"2023-09-26T11:31:25","guid":{"rendered":"https:\/\/exceladvisor.org\/pt\/abdomen-2\/"},"modified":"2023-12-06T11:51:30","modified_gmt":"2023-12-06T11:51:30","slug":"abdomen-2","status":"publish","type":"page","link":"https:\/\/exceladvisor.org\/pt\/abdomen-2\/","title":{"rendered":"Qual \u00e9 a fun\u00e7\u00e3o abs no excel?"},"content":{"rendered":"<div class=\"excel-before-content-2\" id=\"excel-4009325377\"><script type=\"text\/javascript\">\r\n\tatOptions = {\r\n\t\t'key' : 'c1158f160081d6540a8409e6925dab94',\r\n\t\t'format' : 'iframe',\r\n\t\t'height' : 250,\r\n\t\t'width' : 300,\r\n\t\t'params' : {}\r\n\t};\r\n<\/script>\r\n<script type=\"text\/javascript\" src=\"\/\/www.highperformanceformat.com\/c1158f160081d6540a8409e6925dab94\/invoke.js\"><\/script><\/div><div class=\"excel-before-content\" id=\"excel-2269455926\"><script type=\"text\/javascript\">\r\n\tatOptions = {\r\n\t\t'key' : 'c1158f160081d6540a8409e6925dab94',\r\n\t\t'format' : 'iframe',\r\n\t\t'height' : 250,\r\n\t\t'width' : 300,\r\n\t\t'params' : {}\r\n\t};\r\n<\/script>\r\n<script type=\"text\/javascript\" src=\"\/\/www.highperformanceformat.com\/c1158f160081d6540a8409e6925dab94\/invoke.js\"><\/script><\/div> <p>A fun\u00e7\u00e3o ABS \u00e9 a parte das fun\u00e7\u00f5es matem\u00e1ticas do Excel que pode ser usada para converter qualquer n\u00famero em um n\u00famero absoluto. Em termos simples, converta um n\u00famero negativo em positivo e sem afetar o n\u00famero positivo (retorna um n\u00famero sem sinal) na c\u00e9lula de resultado. Voc\u00ea pode consultar diretamente a c\u00e9lula ou o valor de entrada na fun\u00e7\u00e3o. <\/p><div class=\"wp-block-image\"><figure class=\"aligncenter size-full is-resized\"><img loading=\"lazy\" decoding=\"async\" class=\"wp-image-72649\" src=\"https:\/\/exceladvisor.org\/wp-content\/uploads\/2023\/08\/1-fonction-abs.png\" sizes=\"auto, \" srcset=\"\" alt=\"fun\u00e7\u00e3o abdominal\" width=\"455\" height=\"166\"><\/figure><\/div><h2 class=\"wp-block-heading\"> Sintaxe<\/h2><p> ABS(n\u00famero)<\/p><h2 class=\"wp-block-heading\"> Argumentos<\/h2><p> n\u00famero: um n\u00famero ou valor que voc\u00ea deseja converter em um n\u00famero absoluto.<\/p><h2 class=\"wp-block-heading\"> Exemplo<\/h2><p> No exemplo abaixo, voc\u00ea tem alguns n\u00fameros na coluna A e agora precisa usar a fun\u00e7\u00e3o ABS para converter esses n\u00fameros em n\u00fameros absolutos. <\/p><div class=\"wp-block-image\"><figure class=\"aligncenter size-full is-resized\"><img loading=\"lazy\" decoding=\"async\" class=\"wp-image-72650\" src=\"https:\/\/exceladvisor.org\/wp-content\/uploads\/2023\/08\/Donnees-a-2-chiffres.png\" sizes=\"auto, \" srcset=\"\" alt=\"dados-figuras\" width=\"271\" height=\"315\"><\/figure><\/div><p> Tudo que voc\u00ea precisa fazer \u00e9 adicionar a fun\u00e7\u00e3o na primeira c\u00e9lula, consultar as c\u00e9lulas com o primeiro valor e arrast\u00e1-la para a \u00faltima c\u00e9lula com o valor. <\/p><div class=\"wp-block-image\"><figure class=\"aligncenter size-full is-resized\"><img loading=\"lazy\" decoding=\"async\" class=\"wp-image-72651\" src=\"https:\/\/exceladvisor.org\/wp-content\/uploads\/2023\/08\/3-ajouter-la-fonction-abs-dans-la-cellule.png\" sizes=\"auto, \" srcset=\"\" alt=\"adicionar fun\u00e7\u00e3o abs na c\u00e9lula\" width=\"399\" height=\"330\"><\/figure><\/div><p> E no pr\u00f3ximo exemplo, usamos o ABS para obter valores absolutos em rela\u00e7\u00e3o \u00e0 varia\u00e7\u00e3o da taxa de juros. <\/p><div class=\"wp-block-image\"><figure class=\"aligncenter size-full is-resized\"><img loading=\"lazy\" decoding=\"async\" class=\"wp-image-72652\" src=\"https:\/\/exceladvisor.org\/wp-content\/uploads\/2023\/08\/4-abs-pour-obtenir-la-valeur-absolue.png\" sizes=\"auto, \" srcset=\"\" alt=\"abs-para-obter-o-valor-absoluto\" width=\"836\" height=\"135\"><\/figure><\/div><h2 class=\"wp-block-heading\"> Coment\u00e1rios<\/h2><ol><li> Voc\u00ea pode inserir o n\u00famero diretamente na fun\u00e7\u00e3o.<\/li><li> Se voc\u00ea especificar um n\u00famero que n\u00e3o seja um n\u00famero inteiro, ele retornar\u00e1 #VALOR!.<\/li><li> Voc\u00ea tamb\u00e9m pode usar o ABS como uma fun\u00e7\u00e3o de array.<\/li><\/ol>","protected":false},"excerpt":{"rendered":"","protected":false},"author":1,"featured_media":0,"parent":0,"menu_order":0,"comment_status":"open","ping_status":"closed","template":"","meta":{"ub_ctt_via":"","footnotes":""},"class_list":["post-693","page","type-page","status-publish","hentry"],"featured_image_src":null,"yoast_head":"<!-- This site is optimized with the Yoast SEO plugin v25.4 - https:\/\/yoast.com\/wordpress\/plugins\/seo\/ -->\n<title>Qual \u00e9 a fun\u00e7\u00e3o ABS no Excel? (Guia 2023)<\/title>\n<meta name=\"description\" content=\"A fun\u00e7\u00e3o ABS \u00e9 a parte das fun\u00e7\u00f5es matem\u00e1ticas do Excel que pode ser usada para converter qualquer n\u00famero em um\" \/>\n<meta name=\"robots\" content=\"index, follow, max-snippet:-1, max-image-preview:large, max-video-preview:-1\" \/>\n<link rel=\"canonical\" href=\"https:\/\/exceladvisor.org\/pt\/abdomen-2\/\" \/>\n<meta property=\"og:locale\" content=\"pt_PT\" \/>\n<meta property=\"og:type\" content=\"article\" \/>\n<meta property=\"og:title\" content=\"Qual \u00e9 a fun\u00e7\u00e3o ABS no Excel? (Guia 2023)\" \/>\n<meta property=\"og:description\" content=\"A fun\u00e7\u00e3o ABS \u00e9 a parte das fun\u00e7\u00f5es matem\u00e1ticas do Excel que pode ser usada para converter qualquer n\u00famero em um\" \/>\n<meta property=\"og:url\" content=\"https:\/\/exceladvisor.org\/pt\/abdomen-2\/\" \/>\n<meta property=\"og:site_name\" content=\"Excel Advisor\" \/>\n<meta property=\"article:modified_time\" content=\"2023-12-06T11:51:30+00:00\" \/>\n<meta property=\"og:image\" content=\"https:\/\/exceladvisor.org\/wp-content\/uploads\/2023\/08\/1-fonction-abs.png\" \/>\n<meta name=\"twitter:card\" content=\"summary_large_image\" \/>\n<meta name=\"twitter:label1\" content=\"Tempo estimado de leitura\" \/>\n\t<meta name=\"twitter:data1\" content=\"1 minuto\" \/>\n<script type=\"application\/ld+json\" class=\"yoast-schema-graph\">{\"@context\":\"https:\/\/schema.org\",\"@graph\":[{\"@type\":\"WebPage\",\"@id\":\"https:\/\/exceladvisor.org\/pt\/abdomen-2\/\",\"url\":\"https:\/\/exceladvisor.org\/pt\/abdomen-2\/\",\"name\":\"Qual \u00e9 a fun\u00e7\u00e3o ABS no Excel? (Guia 2023)\",\"isPartOf\":{\"@id\":\"https:\/\/exceladvisor.org\/pt\/#website\"},\"primaryImageOfPage\":{\"@id\":\"https:\/\/exceladvisor.org\/pt\/abdomen-2\/#primaryimage\"},\"image\":{\"@id\":\"https:\/\/exceladvisor.org\/pt\/abdomen-2\/#primaryimage\"},\"thumbnailUrl\":\"https:\/\/exceladvisor.org\/wp-content\/uploads\/2023\/08\/1-fonction-abs.png\",\"datePublished\":\"2023-09-26T11:31:25+00:00\",\"dateModified\":\"2023-12-06T11:51:30+00:00\",\"description\":\"A fun\u00e7\u00e3o ABS \u00e9 a parte das fun\u00e7\u00f5es matem\u00e1ticas do Excel que pode ser usada para converter qualquer n\u00famero em um\",\"breadcrumb\":{\"@id\":\"https:\/\/exceladvisor.org\/pt\/abdomen-2\/#breadcrumb\"},\"inLanguage\":\"pt-PT\",\"potentialAction\":[{\"@type\":\"ReadAction\",\"target\":[\"https:\/\/exceladvisor.org\/pt\/abdomen-2\/\"]}]},{\"@type\":\"ImageObject\",\"inLanguage\":\"pt-PT\",\"@id\":\"https:\/\/exceladvisor.org\/pt\/abdomen-2\/#primaryimage\",\"url\":\"https:\/\/exceladvisor.org\/wp-content\/uploads\/2023\/08\/1-fonction-abs.png\",\"contentUrl\":\"https:\/\/exceladvisor.org\/wp-content\/uploads\/2023\/08\/1-fonction-abs.png\"},{\"@type\":\"BreadcrumbList\",\"@id\":\"https:\/\/exceladvisor.org\/pt\/abdomen-2\/#breadcrumb\",\"itemListElement\":[{\"@type\":\"ListItem\",\"position\":1,\"name\":\"Lar\",\"item\":\"https:\/\/exceladvisor.org\/pt\/\"},{\"@type\":\"ListItem\",\"position\":2,\"name\":\"Qual \u00e9 a fun\u00e7\u00e3o abs no excel?\"}]},{\"@type\":\"WebSite\",\"@id\":\"https:\/\/exceladvisor.org\/pt\/#website\",\"url\":\"https:\/\/exceladvisor.org\/pt\/\",\"name\":\"Excel Advisor\",\"description\":\"O seu guia definitivo para dominar os dados!\",\"publisher\":{\"@id\":\"https:\/\/exceladvisor.org\/pt\/#organization\"},\"potentialAction\":[{\"@type\":\"SearchAction\",\"target\":{\"@type\":\"EntryPoint\",\"urlTemplate\":\"https:\/\/exceladvisor.org\/pt\/?s={search_term_string}\"},\"query-input\":{\"@type\":\"PropertyValueSpecification\",\"valueRequired\":true,\"valueName\":\"search_term_string\"}}],\"inLanguage\":\"pt-PT\"},{\"@type\":\"Organization\",\"@id\":\"https:\/\/exceladvisor.org\/pt\/#organization\",\"name\":\"Excel Advisor\",\"url\":\"https:\/\/exceladvisor.org\/pt\/\",\"logo\":{\"@type\":\"ImageObject\",\"inLanguage\":\"pt-PT\",\"@id\":\"https:\/\/exceladvisor.org\/pt\/#\/schema\/logo\/image\/\",\"url\":\"https:\/\/exceladvisor.org\/pt\/wp-content\/uploads\/2023\/12\/exceladvisor.org_.png\",\"contentUrl\":\"https:\/\/exceladvisor.org\/pt\/wp-content\/uploads\/2023\/12\/exceladvisor.org_.png\",\"width\":105,\"height\":36,\"caption\":\"Excel Advisor\"},\"image\":{\"@id\":\"https:\/\/exceladvisor.org\/pt\/#\/schema\/logo\/image\/\"}}]}<\/script>\n<!-- \/ Yoast SEO plugin. -->","yoast_head_json":{"title":"Qual \u00e9 a fun\u00e7\u00e3o ABS no Excel? (Guia 2023)","description":"A fun\u00e7\u00e3o ABS \u00e9 a parte das fun\u00e7\u00f5es matem\u00e1ticas do Excel que pode ser usada para converter qualquer n\u00famero em um","robots":{"index":"index","follow":"follow","max-snippet":"max-snippet:-1","max-image-preview":"max-image-preview:large","max-video-preview":"max-video-preview:-1"},"canonical":"https:\/\/exceladvisor.org\/pt\/abdomen-2\/","og_locale":"pt_PT","og_type":"article","og_title":"Qual \u00e9 a fun\u00e7\u00e3o ABS no Excel? (Guia 2023)","og_description":"A fun\u00e7\u00e3o ABS \u00e9 a parte das fun\u00e7\u00f5es matem\u00e1ticas do Excel que pode ser usada para converter qualquer n\u00famero em um","og_url":"https:\/\/exceladvisor.org\/pt\/abdomen-2\/","og_site_name":"Excel Advisor","article_modified_time":"2023-12-06T11:51:30+00:00","og_image":[{"url":"https:\/\/exceladvisor.org\/wp-content\/uploads\/2023\/08\/1-fonction-abs.png","type":"","width":"","height":""}],"twitter_card":"summary_large_image","twitter_misc":{"Tempo estimado de leitura":"1 minuto"},"schema":{"@context":"https:\/\/schema.org","@graph":[{"@type":"WebPage","@id":"https:\/\/exceladvisor.org\/pt\/abdomen-2\/","url":"https:\/\/exceladvisor.org\/pt\/abdomen-2\/","name":"Qual \u00e9 a fun\u00e7\u00e3o ABS no Excel? (Guia 2023)","isPartOf":{"@id":"https:\/\/exceladvisor.org\/pt\/#website"},"primaryImageOfPage":{"@id":"https:\/\/exceladvisor.org\/pt\/abdomen-2\/#primaryimage"},"image":{"@id":"https:\/\/exceladvisor.org\/pt\/abdomen-2\/#primaryimage"},"thumbnailUrl":"https:\/\/exceladvisor.org\/wp-content\/uploads\/2023\/08\/1-fonction-abs.png","datePublished":"2023-09-26T11:31:25+00:00","dateModified":"2023-12-06T11:51:30+00:00","description":"A fun\u00e7\u00e3o ABS \u00e9 a parte das fun\u00e7\u00f5es matem\u00e1ticas do Excel que pode ser usada para converter qualquer n\u00famero em um","breadcrumb":{"@id":"https:\/\/exceladvisor.org\/pt\/abdomen-2\/#breadcrumb"},"inLanguage":"pt-PT","potentialAction":[{"@type":"ReadAction","target":["https:\/\/exceladvisor.org\/pt\/abdomen-2\/"]}]},{"@type":"ImageObject","inLanguage":"pt-PT","@id":"https:\/\/exceladvisor.org\/pt\/abdomen-2\/#primaryimage","url":"https:\/\/exceladvisor.org\/wp-content\/uploads\/2023\/08\/1-fonction-abs.png","contentUrl":"https:\/\/exceladvisor.org\/wp-content\/uploads\/2023\/08\/1-fonction-abs.png"},{"@type":"BreadcrumbList","@id":"https:\/\/exceladvisor.org\/pt\/abdomen-2\/#breadcrumb","itemListElement":[{"@type":"ListItem","position":1,"name":"Lar","item":"https:\/\/exceladvisor.org\/pt\/"},{"@type":"ListItem","position":2,"name":"Qual \u00e9 a fun\u00e7\u00e3o abs no excel?"}]},{"@type":"WebSite","@id":"https:\/\/exceladvisor.org\/pt\/#website","url":"https:\/\/exceladvisor.org\/pt\/","name":"Excel Advisor","description":"O seu guia definitivo para dominar os dados!","publisher":{"@id":"https:\/\/exceladvisor.org\/pt\/#organization"},"potentialAction":[{"@type":"SearchAction","target":{"@type":"EntryPoint","urlTemplate":"https:\/\/exceladvisor.org\/pt\/?s={search_term_string}"},"query-input":{"@type":"PropertyValueSpecification","valueRequired":true,"valueName":"search_term_string"}}],"inLanguage":"pt-PT"},{"@type":"Organization","@id":"https:\/\/exceladvisor.org\/pt\/#organization","name":"Excel Advisor","url":"https:\/\/exceladvisor.org\/pt\/","logo":{"@type":"ImageObject","inLanguage":"pt-PT","@id":"https:\/\/exceladvisor.org\/pt\/#\/schema\/logo\/image\/","url":"https:\/\/exceladvisor.org\/pt\/wp-content\/uploads\/2023\/12\/exceladvisor.org_.png","contentUrl":"https:\/\/exceladvisor.org\/pt\/wp-content\/uploads\/2023\/12\/exceladvisor.org_.png","width":105,"height":36,"caption":"Excel Advisor"},"image":{"@id":"https:\/\/exceladvisor.org\/pt\/#\/schema\/logo\/image\/"}}]}},"yoast_meta":{"yoast_wpseo_title":"","yoast_wpseo_metadesc":"","yoast_wpseo_canonical":""},"_links":{"self":[{"href":"https:\/\/exceladvisor.org\/pt\/wp-json\/wp\/v2\/pages\/693","targetHints":{"allow":["GET"]}}],"collection":[{"href":"https:\/\/exceladvisor.org\/pt\/wp-json\/wp\/v2\/pages"}],"about":[{"href":"https:\/\/exceladvisor.org\/pt\/wp-json\/wp\/v2\/types\/page"}],"author":[{"embeddable":true,"href":"https:\/\/exceladvisor.org\/pt\/wp-json\/wp\/v2\/users\/1"}],"replies":[{"embeddable":true,"href":"https:\/\/exceladvisor.org\/pt\/wp-json\/wp\/v2\/comments?post=693"}],"version-history":[{"count":1,"href":"https:\/\/exceladvisor.org\/pt\/wp-json\/wp\/v2\/pages\/693\/revisions"}],"predecessor-version":[{"id":1480,"href":"https:\/\/exceladvisor.org\/pt\/wp-json\/wp\/v2\/pages\/693\/revisions\/1480"}],"wp:attachment":[{"href":"https:\/\/exceladvisor.org\/pt\/wp-json\/wp\/v2\/media?parent=693"}],"curies":[{"name":"wp","href":"https:\/\/api.w.org\/{rel}","templated":true}]}}