{"id":696,"date":"2023-09-26T08:17:01","date_gmt":"2023-09-26T08:17:01","guid":{"rendered":"https:\/\/exceladvisor.org\/pt\/atualize-tudo\/"},"modified":"2023-12-06T11:34:51","modified_gmt":"2023-12-06T11:34:51","slug":"atualize-tudo","status":"publish","type":"page","link":"https:\/\/exceladvisor.org\/pt\/atualize-tudo\/","title":{"rendered":"Como atualizar todas as tabelas din\u00e2micas?"},"content":{"rendered":"<div class=\"excel-before-content-2\" id=\"excel-2596133499\"><script type=\"text\/javascript\">\r\n\tatOptions = {\r\n\t\t'key' : 'c1158f160081d6540a8409e6925dab94',\r\n\t\t'format' : 'iframe',\r\n\t\t'height' : 250,\r\n\t\t'width' : 300,\r\n\t\t'params' : {}\r\n\t};\r\n<\/script>\r\n<script type=\"text\/javascript\" src=\"\/\/www.highperformanceformat.com\/c1158f160081d6540a8409e6925dab94\/invoke.js\"><\/script><\/div><div class=\"excel-before-content\" id=\"excel-1563305548\"><script type=\"text\/javascript\">\r\n\tatOptions = {\r\n\t\t'key' : 'c1158f160081d6540a8409e6925dab94',\r\n\t\t'format' : 'iframe',\r\n\t\t'height' : 250,\r\n\t\t'width' : 300,\r\n\t\t'params' : {}\r\n\t};\r\n<\/script>\r\n<script type=\"text\/javascript\" src=\"\/\/www.highperformanceformat.com\/c1158f160081d6540a8409e6925dab94\/invoke.js\"><\/script><\/div> <p>Acredite, se voc\u00ea puder atualizar todas as tabelas din\u00e2micas ao mesmo tempo, poder\u00e1 economizar muito tempo. Sim, \u00e9 verdade. Pense assim. Voc\u00ea tem 10 tabelas din\u00e2micas e para atualizar uma \u00fanica tabela din\u00e2mica leva um segundo.<\/p><p> <strong>10 piv\u00f4s = 10 segundos<\/strong><\/p><p> Assim como voc\u00ea pode automatizar a <a style=\"outline: none;\" href=\"https:\/\/exceladvisor.org\/pt\/tabela-dinamica-1\/\" data-wpel-link=\"internal\" data-wpil=\"url\">cria\u00e7\u00e3o de uma tabela din\u00e2mica,<\/a> h\u00e1 v\u00e1rias maneiras de us\u00e1-la para atualiz\u00e1-la automaticamente. Neste artigo, compartilharei com voc\u00eas tr\u00eas m\u00e9todos simples que voc\u00ea pode usar para atualizar todas as tabelas din\u00e2micas e seu tempo.<\/p><h2 class=\"wp-block-heading\"> Use o bot\u00e3o \u201cAtualizar tudo\u201d para atualizar todas as tabelas din\u00e2micas na pasta de trabalho<\/h2><p> O bot\u00e3o \u201cAtualizar tudo\u201d \u00e9 uma maneira simples e f\u00e1cil de atualizar todas as tabelas din\u00e2micas em uma pasta de trabalho com um clique. <\/p><div class=\"wp-block-image\"><figure class=\"aligncenter\"><img decoding=\"async\" src=\"https:\/\/exceladvisor.org\/wp-content\/uploads\/2023\/08\/Actualiser-manuellement-tous-les-tableaux-croises-dynamiques-en-un-seul-clic.png\" sizes=\"\" srcset=\"\" alt=\"Atualize manualmente todas as tabelas din\u00e2micas com um clique\"><\/figure><\/div><p> Tudo que voc\u00ea precisa fazer \u00e9 ir para a guia Dados \u279c Conex\u00f5es \u279c Atualizar tudo.<\/p><h2 id=\"tab-con-2\" class=\"wp-block-heading\"> Atualize automaticamente todos os piv\u00f4s ao abrir uma pasta de trabalho<\/h2><p> Se quiser atualizar todas as tabelas din\u00e2micas ao abrir uma pasta de trabalho, voc\u00ea pode usar as etapas a seguir para fazer uma configura\u00e7\u00e3o \u00fanica para isso. <\/p><div class=\"wp-block-image\"><figure class=\"aligncenter\"><img decoding=\"async\" src=\"https:\/\/exceladvisor.org\/wp-content\/uploads\/2023\/08\/Actualiser-tous-les-tableaux-croises-dynamiques-a-louverture-dun-fichier-1.png\" sizes=\"\" srcset=\"\" alt=\"Atualize todas as tabelas din\u00e2micas ao abrir um arquivo\"><\/figure><\/div><p> Abaixo est\u00e3o as etapas que voc\u00ea pode usar para atualizar automaticamente todas as tabelas din\u00e2micas ao abrir uma pasta de trabalho.<\/p><ol><li> Selecione uma das tabelas din\u00e2micas em sua pasta de trabalho.<\/li><li> Clique com o bot\u00e3o direito nele e selecione \u201cOp\u00e7\u00f5es de tabela din\u00e2mica\u201d.<\/li><li> V\u00e1 para a aba Dados \u279c Marque \u201cAtualizar dados ao abrir um arquivo\u201d.<\/li><li> Clique OK.<\/li><\/ol><h2 class=\"wp-block-heading\"> C\u00f3digo VBA para atualizar todas as tabelas din\u00e2micas com um clique<\/h2><p> Sim, voc\u00ea tamb\u00e9m pode usar o VBA para atualizar todas as tabelas din\u00e2micas. Tudo que voc\u00ea precisa fazer \u00e9 simplesmente usar o c\u00f3digo mencionado abaixo.<\/p><pre class=\"wp-block-code\"> <code class=\"language-visual-basic line-numbers\" lang=\"visual-basic\">Sub RefreshCustomPivotTable() With ActiveSheet .PivotTables.RefreshTable End With End Sub<\/code><\/pre><p> O c\u00f3digo acima atualizar\u00e1 todas as tabelas din\u00e2micas em sua planilha ativa e voc\u00ea tamb\u00e9m pode atribuir esta macro a um bot\u00e3o para usar com um \u00fanico clique.<\/p><h3 class=\"wp-block-heading\"> Atualize apenas tabelas din\u00e2micas espec\u00edficas com VBA<\/h3><p> Se voc\u00ea tiver tabelas din\u00e2micas espec\u00edficas que deseja atualizar, poder\u00e1 usar o c\u00f3digo VBA abaixo.<\/p><pre class=\"wp-block-code\"> <code class=\"language-visual-basic\" lang=\"visual-basic\">Sub RefreshCustomPivotTable() With ActiveSheet .PivotTables(\"PivotTable1\").RefreshTable .PivotTables(\"PivotTable2\").RefreshTable .PivotTables(\"PivotTable3\").RefreshTable .PivotTables(\"PivotTable4\").RefreshTable .PivotTables(\"PivotTable5\").RefreshTable End With End Sub<\/code><\/pre><p> Altere o nome das tabelas din\u00e2micas de acordo com sua pasta de trabalho. E, se voc\u00ea quiser atualizar essas tabelas din\u00e2micas personalizadas sempre que abrir uma pasta de trabalho, altere o nome da macro para <a href=\"https:\/\/support.office.com\/en-us\/article\/Automatically-run-a-macro-when-opening-a-workbook-1e55959b-e077-4c88-a696-c3017600db44\" target=\"_blank\" rel=\"noreferrer noopener nofollow\">auto_open<\/a> .<\/p><pre class=\"wp-block-code\"> <code class=\"language-visual-basic line-numbers\" lang=\"visual-basic\">Sub auto_open() With ActiveSheet .PivotTables(\"PivotTable1\").RefreshTable .PivotTables(\"PivotTable2\").RefreshTable .PivotTables(\"PivotTable3\").RefreshTable .PivotTables(\"PivotTable4\").RefreshTable .PivotTables(\"PivotTable5\").RefreshTable End With End Sub<\/code><\/pre><h2 class=\"wp-block-heading\"> Saiba mais sobre tabelas din\u00e2micas<\/h2><ol><li> <a style=\"outline: none;\" href=\"https:\/\/exceladvisor.org\/pt\/vincular-o-slicer-a-varias-tabelas-dinamicas\/\" data-wpel-link=\"internal\">Conecte um \u00fanico segmento com v\u00e1rias tabelas din\u00e2micas<\/a><\/li><li> <a style=\"outline: none;\" href=\"https:\/\/exceladvisor.org\/pt\/vincular-o-slicer-a-varias-tabelas-dinamicas\/\" data-wpel-link=\"internal\">Atualizar automaticamente um intervalo de tabela din\u00e2mica<\/a><\/li><li> <a style=\"outline: none;\" href=\"https:\/\/exceladvisor.org\/pt\/datas-do-grupo\/\" data-wpel-link=\"internal\">Agrupar datas em uma tabela din\u00e2mica<\/a><\/li><li> <a style=\"outline: none;\" href=\"https:\/\/exceladvisor.org\/pt\/filtro-de-linha-do-tempo\/\" data-wpel-link=\"internal\">Linha do tempo da tabela din\u00e2mica<\/a><\/li><li> <a style=\"outline: none;\" href=\"https:\/\/exceladvisor.org\/pt\/tabela-dinamica-faz-referencia-cruzada-a-varios-arquivos\/\" data-wpel-link=\"internal\">Tabela din\u00e2mica usando v\u00e1rios arquivos<\/a><\/li><\/ol>","protected":false},"excerpt":{"rendered":"","protected":false},"author":1,"featured_media":0,"parent":0,"menu_order":0,"comment_status":"open","ping_status":"closed","template":"","meta":{"ub_ctt_via":"","footnotes":""},"class_list":["post-696","page","type-page","status-publish","hentry"],"featured_image_src":null,"yoast_head":"<!-- This site is optimized with the Yoast SEO plugin v25.4 - https:\/\/yoast.com\/wordpress\/plugins\/seo\/ -->\n<title>Como atualizar todas as tabelas din\u00e2micas?<\/title>\n<meta name=\"description\" content=\"Para atualizar todas as tabelas din\u00e2micas de uma vez, voc\u00ea pode usar VBA, bot\u00e3o de atualiza\u00e7\u00e3o ou op\u00e7\u00f5es de tabela\" \/>\n<meta name=\"robots\" content=\"index, follow, max-snippet:-1, max-image-preview:large, max-video-preview:-1\" \/>\n<link rel=\"canonical\" href=\"https:\/\/exceladvisor.org\/pt\/atualize-tudo\/\" \/>\n<meta property=\"og:locale\" content=\"pt_PT\" \/>\n<meta property=\"og:type\" content=\"article\" \/>\n<meta property=\"og:title\" content=\"Como atualizar todas as tabelas din\u00e2micas?\" \/>\n<meta property=\"og:description\" content=\"Para atualizar todas as tabelas din\u00e2micas de uma vez, voc\u00ea pode usar VBA, bot\u00e3o de atualiza\u00e7\u00e3o ou op\u00e7\u00f5es de tabela\" \/>\n<meta property=\"og:url\" content=\"https:\/\/exceladvisor.org\/pt\/atualize-tudo\/\" \/>\n<meta property=\"og:site_name\" content=\"Excel Advisor\" \/>\n<meta property=\"article:modified_time\" content=\"2023-12-06T11:34:51+00:00\" \/>\n<meta property=\"og:image\" content=\"https:\/\/exceladvisor.org\/wp-content\/uploads\/2023\/08\/Actualiser-manuellement-tous-les-tableaux-croises-dynamiques-en-un-seul-clic.png\" \/>\n<meta name=\"twitter:card\" content=\"summary_large_image\" \/>\n<meta name=\"twitter:label1\" content=\"Tempo estimado de leitura\" \/>\n\t<meta name=\"twitter:data1\" content=\"2 minutos\" \/>\n<script type=\"application\/ld+json\" class=\"yoast-schema-graph\">{\"@context\":\"https:\/\/schema.org\",\"@graph\":[{\"@type\":\"WebPage\",\"@id\":\"https:\/\/exceladvisor.org\/pt\/atualize-tudo\/\",\"url\":\"https:\/\/exceladvisor.org\/pt\/atualize-tudo\/\",\"name\":\"Como atualizar todas as tabelas din\u00e2micas?\",\"isPartOf\":{\"@id\":\"https:\/\/exceladvisor.org\/pt\/#website\"},\"primaryImageOfPage\":{\"@id\":\"https:\/\/exceladvisor.org\/pt\/atualize-tudo\/#primaryimage\"},\"image\":{\"@id\":\"https:\/\/exceladvisor.org\/pt\/atualize-tudo\/#primaryimage\"},\"thumbnailUrl\":\"https:\/\/exceladvisor.org\/wp-content\/uploads\/2023\/08\/Actualiser-manuellement-tous-les-tableaux-croises-dynamiques-en-un-seul-clic.png\",\"datePublished\":\"2023-09-26T08:17:01+00:00\",\"dateModified\":\"2023-12-06T11:34:51+00:00\",\"description\":\"Para atualizar todas as tabelas din\u00e2micas de uma vez, voc\u00ea pode usar VBA, bot\u00e3o de atualiza\u00e7\u00e3o ou op\u00e7\u00f5es de tabela\",\"breadcrumb\":{\"@id\":\"https:\/\/exceladvisor.org\/pt\/atualize-tudo\/#breadcrumb\"},\"inLanguage\":\"pt-PT\",\"potentialAction\":[{\"@type\":\"ReadAction\",\"target\":[\"https:\/\/exceladvisor.org\/pt\/atualize-tudo\/\"]}]},{\"@type\":\"ImageObject\",\"inLanguage\":\"pt-PT\",\"@id\":\"https:\/\/exceladvisor.org\/pt\/atualize-tudo\/#primaryimage\",\"url\":\"https:\/\/exceladvisor.org\/wp-content\/uploads\/2023\/08\/Actualiser-manuellement-tous-les-tableaux-croises-dynamiques-en-un-seul-clic.png\",\"contentUrl\":\"https:\/\/exceladvisor.org\/wp-content\/uploads\/2023\/08\/Actualiser-manuellement-tous-les-tableaux-croises-dynamiques-en-un-seul-clic.png\"},{\"@type\":\"BreadcrumbList\",\"@id\":\"https:\/\/exceladvisor.org\/pt\/atualize-tudo\/#breadcrumb\",\"itemListElement\":[{\"@type\":\"ListItem\",\"position\":1,\"name\":\"Lar\",\"item\":\"https:\/\/exceladvisor.org\/pt\/\"},{\"@type\":\"ListItem\",\"position\":2,\"name\":\"Como atualizar todas as tabelas din\u00e2micas?\"}]},{\"@type\":\"WebSite\",\"@id\":\"https:\/\/exceladvisor.org\/pt\/#website\",\"url\":\"https:\/\/exceladvisor.org\/pt\/\",\"name\":\"Excel Advisor\",\"description\":\"O seu guia definitivo para dominar os dados!\",\"publisher\":{\"@id\":\"https:\/\/exceladvisor.org\/pt\/#organization\"},\"potentialAction\":[{\"@type\":\"SearchAction\",\"target\":{\"@type\":\"EntryPoint\",\"urlTemplate\":\"https:\/\/exceladvisor.org\/pt\/?s={search_term_string}\"},\"query-input\":{\"@type\":\"PropertyValueSpecification\",\"valueRequired\":true,\"valueName\":\"search_term_string\"}}],\"inLanguage\":\"pt-PT\"},{\"@type\":\"Organization\",\"@id\":\"https:\/\/exceladvisor.org\/pt\/#organization\",\"name\":\"Excel Advisor\",\"url\":\"https:\/\/exceladvisor.org\/pt\/\",\"logo\":{\"@type\":\"ImageObject\",\"inLanguage\":\"pt-PT\",\"@id\":\"https:\/\/exceladvisor.org\/pt\/#\/schema\/logo\/image\/\",\"url\":\"https:\/\/exceladvisor.org\/pt\/wp-content\/uploads\/2023\/12\/exceladvisor.org_.png\",\"contentUrl\":\"https:\/\/exceladvisor.org\/pt\/wp-content\/uploads\/2023\/12\/exceladvisor.org_.png\",\"width\":105,\"height\":36,\"caption\":\"Excel Advisor\"},\"image\":{\"@id\":\"https:\/\/exceladvisor.org\/pt\/#\/schema\/logo\/image\/\"}}]}<\/script>\n<!-- \/ Yoast SEO plugin. -->","yoast_head_json":{"title":"Como atualizar todas as tabelas din\u00e2micas?","description":"Para atualizar todas as tabelas din\u00e2micas de uma vez, voc\u00ea pode usar VBA, bot\u00e3o de atualiza\u00e7\u00e3o ou op\u00e7\u00f5es de tabela","robots":{"index":"index","follow":"follow","max-snippet":"max-snippet:-1","max-image-preview":"max-image-preview:large","max-video-preview":"max-video-preview:-1"},"canonical":"https:\/\/exceladvisor.org\/pt\/atualize-tudo\/","og_locale":"pt_PT","og_type":"article","og_title":"Como atualizar todas as tabelas din\u00e2micas?","og_description":"Para atualizar todas as tabelas din\u00e2micas de uma vez, voc\u00ea pode usar VBA, bot\u00e3o de atualiza\u00e7\u00e3o ou op\u00e7\u00f5es de tabela","og_url":"https:\/\/exceladvisor.org\/pt\/atualize-tudo\/","og_site_name":"Excel Advisor","article_modified_time":"2023-12-06T11:34:51+00:00","og_image":[{"url":"https:\/\/exceladvisor.org\/wp-content\/uploads\/2023\/08\/Actualiser-manuellement-tous-les-tableaux-croises-dynamiques-en-un-seul-clic.png","type":"","width":"","height":""}],"twitter_card":"summary_large_image","twitter_misc":{"Tempo estimado de leitura":"2 minutos"},"schema":{"@context":"https:\/\/schema.org","@graph":[{"@type":"WebPage","@id":"https:\/\/exceladvisor.org\/pt\/atualize-tudo\/","url":"https:\/\/exceladvisor.org\/pt\/atualize-tudo\/","name":"Como atualizar todas as tabelas din\u00e2micas?","isPartOf":{"@id":"https:\/\/exceladvisor.org\/pt\/#website"},"primaryImageOfPage":{"@id":"https:\/\/exceladvisor.org\/pt\/atualize-tudo\/#primaryimage"},"image":{"@id":"https:\/\/exceladvisor.org\/pt\/atualize-tudo\/#primaryimage"},"thumbnailUrl":"https:\/\/exceladvisor.org\/wp-content\/uploads\/2023\/08\/Actualiser-manuellement-tous-les-tableaux-croises-dynamiques-en-un-seul-clic.png","datePublished":"2023-09-26T08:17:01+00:00","dateModified":"2023-12-06T11:34:51+00:00","description":"Para atualizar todas as tabelas din\u00e2micas de uma vez, voc\u00ea pode usar VBA, bot\u00e3o de atualiza\u00e7\u00e3o ou op\u00e7\u00f5es de tabela","breadcrumb":{"@id":"https:\/\/exceladvisor.org\/pt\/atualize-tudo\/#breadcrumb"},"inLanguage":"pt-PT","potentialAction":[{"@type":"ReadAction","target":["https:\/\/exceladvisor.org\/pt\/atualize-tudo\/"]}]},{"@type":"ImageObject","inLanguage":"pt-PT","@id":"https:\/\/exceladvisor.org\/pt\/atualize-tudo\/#primaryimage","url":"https:\/\/exceladvisor.org\/wp-content\/uploads\/2023\/08\/Actualiser-manuellement-tous-les-tableaux-croises-dynamiques-en-un-seul-clic.png","contentUrl":"https:\/\/exceladvisor.org\/wp-content\/uploads\/2023\/08\/Actualiser-manuellement-tous-les-tableaux-croises-dynamiques-en-un-seul-clic.png"},{"@type":"BreadcrumbList","@id":"https:\/\/exceladvisor.org\/pt\/atualize-tudo\/#breadcrumb","itemListElement":[{"@type":"ListItem","position":1,"name":"Lar","item":"https:\/\/exceladvisor.org\/pt\/"},{"@type":"ListItem","position":2,"name":"Como atualizar todas as tabelas din\u00e2micas?"}]},{"@type":"WebSite","@id":"https:\/\/exceladvisor.org\/pt\/#website","url":"https:\/\/exceladvisor.org\/pt\/","name":"Excel Advisor","description":"O seu guia definitivo para dominar os dados!","publisher":{"@id":"https:\/\/exceladvisor.org\/pt\/#organization"},"potentialAction":[{"@type":"SearchAction","target":{"@type":"EntryPoint","urlTemplate":"https:\/\/exceladvisor.org\/pt\/?s={search_term_string}"},"query-input":{"@type":"PropertyValueSpecification","valueRequired":true,"valueName":"search_term_string"}}],"inLanguage":"pt-PT"},{"@type":"Organization","@id":"https:\/\/exceladvisor.org\/pt\/#organization","name":"Excel Advisor","url":"https:\/\/exceladvisor.org\/pt\/","logo":{"@type":"ImageObject","inLanguage":"pt-PT","@id":"https:\/\/exceladvisor.org\/pt\/#\/schema\/logo\/image\/","url":"https:\/\/exceladvisor.org\/pt\/wp-content\/uploads\/2023\/12\/exceladvisor.org_.png","contentUrl":"https:\/\/exceladvisor.org\/pt\/wp-content\/uploads\/2023\/12\/exceladvisor.org_.png","width":105,"height":36,"caption":"Excel Advisor"},"image":{"@id":"https:\/\/exceladvisor.org\/pt\/#\/schema\/logo\/image\/"}}]}},"yoast_meta":{"yoast_wpseo_title":"","yoast_wpseo_metadesc":"","yoast_wpseo_canonical":""},"_links":{"self":[{"href":"https:\/\/exceladvisor.org\/pt\/wp-json\/wp\/v2\/pages\/696","targetHints":{"allow":["GET"]}}],"collection":[{"href":"https:\/\/exceladvisor.org\/pt\/wp-json\/wp\/v2\/pages"}],"about":[{"href":"https:\/\/exceladvisor.org\/pt\/wp-json\/wp\/v2\/types\/page"}],"author":[{"embeddable":true,"href":"https:\/\/exceladvisor.org\/pt\/wp-json\/wp\/v2\/users\/1"}],"replies":[{"embeddable":true,"href":"https:\/\/exceladvisor.org\/pt\/wp-json\/wp\/v2\/comments?post=696"}],"version-history":[{"count":1,"href":"https:\/\/exceladvisor.org\/pt\/wp-json\/wp\/v2\/pages\/696\/revisions"}],"predecessor-version":[{"id":858,"href":"https:\/\/exceladvisor.org\/pt\/wp-json\/wp\/v2\/pages\/696\/revisions\/858"}],"wp:attachment":[{"href":"https:\/\/exceladvisor.org\/pt\/wp-json\/wp\/v2\/media?parent=696"}],"curies":[{"name":"wp","href":"https:\/\/api.w.org\/{rel}","templated":true}]}}