{"id":697,"date":"2023-09-26T07:28:02","date_gmt":"2023-09-26T07:28:02","guid":{"rendered":"https:\/\/exceladvisor.org\/pt\/mostrar-colunas\/"},"modified":"2023-12-06T11:33:39","modified_gmt":"2023-12-06T11:33:39","slug":"mostrar-colunas","status":"publish","type":"page","link":"https:\/\/exceladvisor.org\/pt\/mostrar-colunas\/","title":{"rendered":"Atalho do excel para exibir colunas"},"content":{"rendered":"<div class=\"excel-before-content-2\" id=\"excel-2647819249\"><script type=\"text\/javascript\">\r\n\tatOptions = {\r\n\t\t'key' : 'c1158f160081d6540a8409e6925dab94',\r\n\t\t'format' : 'iframe',\r\n\t\t'height' : 250,\r\n\t\t'width' : 300,\r\n\t\t'params' : {}\r\n\t};\r\n<\/script>\r\n<script type=\"text\/javascript\" src=\"\/\/www.highperformanceformat.com\/c1158f160081d6540a8409e6925dab94\/invoke.js\"><\/script><\/div><div class=\"excel-before-content\" id=\"excel-3287070744\"><script type=\"text\/javascript\">\r\n\tatOptions = {\r\n\t\t'key' : 'c1158f160081d6540a8409e6925dab94',\r\n\t\t'format' : 'iframe',\r\n\t\t'height' : 250,\r\n\t\t'width' : 300,\r\n\t\t'params' : {}\r\n\t};\r\n<\/script>\r\n<script type=\"text\/javascript\" src=\"\/\/www.highperformanceformat.com\/c1158f160081d6540a8409e6925dab94\/invoke.js\"><\/script><\/div> <p>No Excel, os usu\u00e1rios \u00e0s vezes ocultam certas colunas ao trabalhar com dados e esquecem de mostrar as colunas antes de compartilhar o arquivo ou ocultam colunas que eles presumem n\u00e3o serem relevantes para o destinat\u00e1rio e compartilham o arquivo com colunas ocultas e o destinat\u00e1rio obt\u00e9m o arquivo com colunas ocultas .<\/p><p> Mas muitas vezes voc\u00ea deseja revisar as colunas de exibi\u00e7\u00e3o e para isso n\u00e3o precisa se preocupar porque o Excel possui v\u00e1rias maneiras de exibir as colunas manualmente ou usando atalhos de teclado.<\/p><p> Neste tutorial, explicamos as teclas de atalho para exibir colunas.<\/p><h2 class=\"wp-block-heading\"> Atalho de teclado para mostrar colunas no Excel<\/h2><p> Existem v\u00e1rios atalhos de teclado para mostrar colunas, mas alguns atalhos para mostrar colunas n\u00e3o funcionam para todos e \u00e9 necess\u00e1rio alterar a configura\u00e7\u00e3o do Excel para faz\u00ea-los funcionar, mas aqui capturamos apenas os atalhos que funcionar\u00e3o para todos.<\/p><p> <kbd>Outro<\/kbd> \u2192 <kbd>O<\/kbd> \u2192 <kbd>C<\/kbd> \u2192 <kbd>U<\/kbd> <\/p><div class=\"wp-block-image\"><figure class=\"aligncenter size-full is-resized\"><img loading=\"lazy\" decoding=\"async\" class=\"wp-image-69491\" src=\"https:\/\/exceladvisor.org\/wp-content\/uploads\/2023\/08\/1-afficher-la-colonne-a-laide-du-raccourci-clavier.png\" sizes=\"auto, \" srcset=\"\" alt=\"mostrar coluna usando atalho de teclado\" width=\"837\" height=\"328\"><\/figure><\/div><p> <kbd>Alt<\/kbd> \u2192 <kbd>H<\/kbd> \u2192 <kbd>O<\/kbd> \u2192 <kbd>U<\/kbd> \u2192 <kbd>L<\/kbd> <\/p><div class=\"wp-block-image\"><figure class=\"aligncenter size-full is-resized\"><img loading=\"lazy\" decoding=\"async\" class=\"wp-image-69492\" src=\"https:\/\/exceladvisor.org\/wp-content\/uploads\/2023\/08\/2-raccourci-clavier-pour-afficher-les-colonnes.png\" sizes=\"auto, \" srcset=\"\" alt=\"atalho de teclado para mostrar colunas\" width=\"837\" height=\"328\"><\/figure><\/div><h2 class=\"wp-block-heading\"> Etapas para mostrar colunas usando atalhos de teclado<\/h2><ol><li> Primeiro, pressione <kbd>Ctrl<\/kbd> + <kbd>A<\/kbd> + <kbd>A<\/kbd> para selecionar a planilha inteira para mostrar todas as colunas ocultas de toda a planilha.<\/li><li> Ou selecione apenas o intervalo de colunas espec\u00edfico usando as teclas de seta Ctrl + Espa\u00e7o e Shift + &lt; ou &gt; se desejar exibir colunas apenas desse intervalo de colunas espec\u00edfico e n\u00e3o a planilha inteira.<\/li><li> Depois que toda a planilha ou um intervalo de colunas espec\u00edfico for selecionado, basta pressionar as teclas de atalho Alt \u2192 O \u2192 C \u2192 U ou Alt \u2192 H \u2192 O \u2192 U \u2192 L, e as colunas ocultas ficar\u00e3o vis\u00edveis. <\/li><\/ol><div class=\"wp-block-group more-tutorials is-layout-flow\"><div class=\"wp-block-group__inner-container\"><h2 class=\"wp-block-heading\"> Mais tutoriais <\/h2><div class=\"wp-block-columns is-layout-flex wp-container-43\"><div class=\"wp-block-column is-layout-flow\"><ul><li> <a href=\"https:\/\/exceladvisor.org\/pt\/adicione-a-coluna-1\/\">Adicionar uma coluna<\/a><\/li><li> <a href=\"https:\/\/exceladvisor.org\/pt\/excluir-celula\/\">Excluir c\u00e9lula<\/a><\/li><li> <a href=\"https:\/\/exceladvisor.org\/pt\/excluir-linha\/\">Excluir linhas<\/a><\/li><li> <a href=\"https:\/\/exceladvisor.org\/pt\/editar-celula\/\">Editar c\u00e9lula<\/a><\/li><\/ul><\/div><div class=\"wp-block-column is-layout-flow\"><ul><li> <a href=\"https:\/\/exceladvisor.org\/pt\/insira-uma-celula\/\">Inserir uma c\u00e9lula<\/a><\/li><li> <a href=\"https:\/\/exceladvisor.org\/pt\/insira-uma-linha\/\">Inserir \u2013 Adicionar linhas<\/a><\/li><li> <a href=\"https:\/\/exceladvisor.org\/pt\/mesclar-celulas-dissociadas-1\/\">Mesclar e desunir c\u00e9lulas<\/a><\/li><\/ul><\/div><\/div><p> \u21e0 Retornar aos <a href=\"https:\/\/exceladvisor.org\/pt\/atalhos-do-teclado\/\">atalhos do Excel (folha de dicas em PDF)<\/a><\/p><\/div><\/div>","protected":false},"excerpt":{"rendered":"","protected":false},"author":1,"featured_media":0,"parent":0,"menu_order":0,"comment_status":"open","ping_status":"closed","template":"","meta":{"ub_ctt_via":"","footnotes":""},"class_list":["post-697","page","type-page","status-publish","hentry"],"featured_image_src":null,"yoast_head":"<!-- This site is optimized with the Yoast SEO plugin v25.4 - https:\/\/yoast.com\/wordpress\/plugins\/seo\/ -->\n<title>Atalho do Excel para mostrar colunas (\u00faltimo 2023)<\/title>\n<meta name=\"description\" content=\"Neste tutorial, voc\u00ea aprender\u00e1 como usar um atalho de teclado para visualizar colunas no Excel. Agora este atalho\" \/>\n<meta name=\"robots\" content=\"index, follow, max-snippet:-1, max-image-preview:large, max-video-preview:-1\" \/>\n<link rel=\"canonical\" href=\"https:\/\/exceladvisor.org\/pt\/mostrar-colunas\/\" \/>\n<meta property=\"og:locale\" content=\"pt_PT\" \/>\n<meta property=\"og:type\" content=\"article\" \/>\n<meta property=\"og:title\" content=\"Atalho do Excel para mostrar colunas (\u00faltimo 2023)\" \/>\n<meta property=\"og:description\" content=\"Neste tutorial, voc\u00ea aprender\u00e1 como usar um atalho de teclado para visualizar colunas no Excel. Agora este atalho\" \/>\n<meta property=\"og:url\" content=\"https:\/\/exceladvisor.org\/pt\/mostrar-colunas\/\" \/>\n<meta property=\"og:site_name\" content=\"Excel Advisor\" \/>\n<meta property=\"article:modified_time\" content=\"2023-12-06T11:33:39+00:00\" \/>\n<meta property=\"og:image\" content=\"https:\/\/exceladvisor.org\/wp-content\/uploads\/2023\/08\/1-afficher-la-colonne-a-laide-du-raccourci-clavier.png\" \/>\n<meta name=\"twitter:card\" content=\"summary_large_image\" \/>\n<meta name=\"twitter:label1\" content=\"Tempo estimado de leitura\" \/>\n\t<meta name=\"twitter:data1\" content=\"2 minutos\" \/>\n<script type=\"application\/ld+json\" class=\"yoast-schema-graph\">{\"@context\":\"https:\/\/schema.org\",\"@graph\":[{\"@type\":\"WebPage\",\"@id\":\"https:\/\/exceladvisor.org\/pt\/mostrar-colunas\/\",\"url\":\"https:\/\/exceladvisor.org\/pt\/mostrar-colunas\/\",\"name\":\"Atalho do Excel para mostrar colunas (\u00faltimo 2023)\",\"isPartOf\":{\"@id\":\"https:\/\/exceladvisor.org\/pt\/#website\"},\"primaryImageOfPage\":{\"@id\":\"https:\/\/exceladvisor.org\/pt\/mostrar-colunas\/#primaryimage\"},\"image\":{\"@id\":\"https:\/\/exceladvisor.org\/pt\/mostrar-colunas\/#primaryimage\"},\"thumbnailUrl\":\"https:\/\/exceladvisor.org\/wp-content\/uploads\/2023\/08\/1-afficher-la-colonne-a-laide-du-raccourci-clavier.png\",\"datePublished\":\"2023-09-26T07:28:02+00:00\",\"dateModified\":\"2023-12-06T11:33:39+00:00\",\"description\":\"Neste tutorial, voc\u00ea aprender\u00e1 como usar um atalho de teclado para visualizar colunas no Excel. Agora este atalho\",\"breadcrumb\":{\"@id\":\"https:\/\/exceladvisor.org\/pt\/mostrar-colunas\/#breadcrumb\"},\"inLanguage\":\"pt-PT\",\"potentialAction\":[{\"@type\":\"ReadAction\",\"target\":[\"https:\/\/exceladvisor.org\/pt\/mostrar-colunas\/\"]}]},{\"@type\":\"ImageObject\",\"inLanguage\":\"pt-PT\",\"@id\":\"https:\/\/exceladvisor.org\/pt\/mostrar-colunas\/#primaryimage\",\"url\":\"https:\/\/exceladvisor.org\/wp-content\/uploads\/2023\/08\/1-afficher-la-colonne-a-laide-du-raccourci-clavier.png\",\"contentUrl\":\"https:\/\/exceladvisor.org\/wp-content\/uploads\/2023\/08\/1-afficher-la-colonne-a-laide-du-raccourci-clavier.png\"},{\"@type\":\"BreadcrumbList\",\"@id\":\"https:\/\/exceladvisor.org\/pt\/mostrar-colunas\/#breadcrumb\",\"itemListElement\":[{\"@type\":\"ListItem\",\"position\":1,\"name\":\"Lar\",\"item\":\"https:\/\/exceladvisor.org\/pt\/\"},{\"@type\":\"ListItem\",\"position\":2,\"name\":\"Atalho do excel para exibir colunas\"}]},{\"@type\":\"WebSite\",\"@id\":\"https:\/\/exceladvisor.org\/pt\/#website\",\"url\":\"https:\/\/exceladvisor.org\/pt\/\",\"name\":\"Excel Advisor\",\"description\":\"O seu guia definitivo para dominar os dados!\",\"publisher\":{\"@id\":\"https:\/\/exceladvisor.org\/pt\/#organization\"},\"potentialAction\":[{\"@type\":\"SearchAction\",\"target\":{\"@type\":\"EntryPoint\",\"urlTemplate\":\"https:\/\/exceladvisor.org\/pt\/?s={search_term_string}\"},\"query-input\":{\"@type\":\"PropertyValueSpecification\",\"valueRequired\":true,\"valueName\":\"search_term_string\"}}],\"inLanguage\":\"pt-PT\"},{\"@type\":\"Organization\",\"@id\":\"https:\/\/exceladvisor.org\/pt\/#organization\",\"name\":\"Excel Advisor\",\"url\":\"https:\/\/exceladvisor.org\/pt\/\",\"logo\":{\"@type\":\"ImageObject\",\"inLanguage\":\"pt-PT\",\"@id\":\"https:\/\/exceladvisor.org\/pt\/#\/schema\/logo\/image\/\",\"url\":\"https:\/\/exceladvisor.org\/pt\/wp-content\/uploads\/2023\/12\/exceladvisor.org_.png\",\"contentUrl\":\"https:\/\/exceladvisor.org\/pt\/wp-content\/uploads\/2023\/12\/exceladvisor.org_.png\",\"width\":105,\"height\":36,\"caption\":\"Excel Advisor\"},\"image\":{\"@id\":\"https:\/\/exceladvisor.org\/pt\/#\/schema\/logo\/image\/\"}}]}<\/script>\n<!-- \/ Yoast SEO plugin. -->","yoast_head_json":{"title":"Atalho do Excel para mostrar colunas (\u00faltimo 2023)","description":"Neste tutorial, voc\u00ea aprender\u00e1 como usar um atalho de teclado para visualizar colunas no Excel. Agora este atalho","robots":{"index":"index","follow":"follow","max-snippet":"max-snippet:-1","max-image-preview":"max-image-preview:large","max-video-preview":"max-video-preview:-1"},"canonical":"https:\/\/exceladvisor.org\/pt\/mostrar-colunas\/","og_locale":"pt_PT","og_type":"article","og_title":"Atalho do Excel para mostrar colunas (\u00faltimo 2023)","og_description":"Neste tutorial, voc\u00ea aprender\u00e1 como usar um atalho de teclado para visualizar colunas no Excel. Agora este atalho","og_url":"https:\/\/exceladvisor.org\/pt\/mostrar-colunas\/","og_site_name":"Excel Advisor","article_modified_time":"2023-12-06T11:33:39+00:00","og_image":[{"url":"https:\/\/exceladvisor.org\/wp-content\/uploads\/2023\/08\/1-afficher-la-colonne-a-laide-du-raccourci-clavier.png","type":"","width":"","height":""}],"twitter_card":"summary_large_image","twitter_misc":{"Tempo estimado de leitura":"2 minutos"},"schema":{"@context":"https:\/\/schema.org","@graph":[{"@type":"WebPage","@id":"https:\/\/exceladvisor.org\/pt\/mostrar-colunas\/","url":"https:\/\/exceladvisor.org\/pt\/mostrar-colunas\/","name":"Atalho do Excel para mostrar colunas (\u00faltimo 2023)","isPartOf":{"@id":"https:\/\/exceladvisor.org\/pt\/#website"},"primaryImageOfPage":{"@id":"https:\/\/exceladvisor.org\/pt\/mostrar-colunas\/#primaryimage"},"image":{"@id":"https:\/\/exceladvisor.org\/pt\/mostrar-colunas\/#primaryimage"},"thumbnailUrl":"https:\/\/exceladvisor.org\/wp-content\/uploads\/2023\/08\/1-afficher-la-colonne-a-laide-du-raccourci-clavier.png","datePublished":"2023-09-26T07:28:02+00:00","dateModified":"2023-12-06T11:33:39+00:00","description":"Neste tutorial, voc\u00ea aprender\u00e1 como usar um atalho de teclado para visualizar colunas no Excel. Agora este atalho","breadcrumb":{"@id":"https:\/\/exceladvisor.org\/pt\/mostrar-colunas\/#breadcrumb"},"inLanguage":"pt-PT","potentialAction":[{"@type":"ReadAction","target":["https:\/\/exceladvisor.org\/pt\/mostrar-colunas\/"]}]},{"@type":"ImageObject","inLanguage":"pt-PT","@id":"https:\/\/exceladvisor.org\/pt\/mostrar-colunas\/#primaryimage","url":"https:\/\/exceladvisor.org\/wp-content\/uploads\/2023\/08\/1-afficher-la-colonne-a-laide-du-raccourci-clavier.png","contentUrl":"https:\/\/exceladvisor.org\/wp-content\/uploads\/2023\/08\/1-afficher-la-colonne-a-laide-du-raccourci-clavier.png"},{"@type":"BreadcrumbList","@id":"https:\/\/exceladvisor.org\/pt\/mostrar-colunas\/#breadcrumb","itemListElement":[{"@type":"ListItem","position":1,"name":"Lar","item":"https:\/\/exceladvisor.org\/pt\/"},{"@type":"ListItem","position":2,"name":"Atalho do excel para exibir colunas"}]},{"@type":"WebSite","@id":"https:\/\/exceladvisor.org\/pt\/#website","url":"https:\/\/exceladvisor.org\/pt\/","name":"Excel Advisor","description":"O seu guia definitivo para dominar os dados!","publisher":{"@id":"https:\/\/exceladvisor.org\/pt\/#organization"},"potentialAction":[{"@type":"SearchAction","target":{"@type":"EntryPoint","urlTemplate":"https:\/\/exceladvisor.org\/pt\/?s={search_term_string}"},"query-input":{"@type":"PropertyValueSpecification","valueRequired":true,"valueName":"search_term_string"}}],"inLanguage":"pt-PT"},{"@type":"Organization","@id":"https:\/\/exceladvisor.org\/pt\/#organization","name":"Excel Advisor","url":"https:\/\/exceladvisor.org\/pt\/","logo":{"@type":"ImageObject","inLanguage":"pt-PT","@id":"https:\/\/exceladvisor.org\/pt\/#\/schema\/logo\/image\/","url":"https:\/\/exceladvisor.org\/pt\/wp-content\/uploads\/2023\/12\/exceladvisor.org_.png","contentUrl":"https:\/\/exceladvisor.org\/pt\/wp-content\/uploads\/2023\/12\/exceladvisor.org_.png","width":105,"height":36,"caption":"Excel Advisor"},"image":{"@id":"https:\/\/exceladvisor.org\/pt\/#\/schema\/logo\/image\/"}}]}},"yoast_meta":{"yoast_wpseo_title":"","yoast_wpseo_metadesc":"","yoast_wpseo_canonical":""},"_links":{"self":[{"href":"https:\/\/exceladvisor.org\/pt\/wp-json\/wp\/v2\/pages\/697","targetHints":{"allow":["GET"]}}],"collection":[{"href":"https:\/\/exceladvisor.org\/pt\/wp-json\/wp\/v2\/pages"}],"about":[{"href":"https:\/\/exceladvisor.org\/pt\/wp-json\/wp\/v2\/types\/page"}],"author":[{"embeddable":true,"href":"https:\/\/exceladvisor.org\/pt\/wp-json\/wp\/v2\/users\/1"}],"replies":[{"embeddable":true,"href":"https:\/\/exceladvisor.org\/pt\/wp-json\/wp\/v2\/comments?post=697"}],"version-history":[{"count":1,"href":"https:\/\/exceladvisor.org\/pt\/wp-json\/wp\/v2\/pages\/697\/revisions"}],"predecessor-version":[{"id":761,"href":"https:\/\/exceladvisor.org\/pt\/wp-json\/wp\/v2\/pages\/697\/revisions\/761"}],"wp:attachment":[{"href":"https:\/\/exceladvisor.org\/pt\/wp-json\/wp\/v2\/media?parent=697"}],"curies":[{"name":"wp","href":"https:\/\/api.w.org\/{rel}","templated":true}]}}