{"id":699,"date":"2023-09-26T07:07:25","date_gmt":"2023-09-26T07:07:25","guid":{"rendered":"https:\/\/exceladvisor.org\/pt\/atualizar-uma-tabela-dinamica\/"},"modified":"2023-12-06T11:34:52","modified_gmt":"2023-12-06T11:34:52","slug":"atualizar-uma-tabela-dinamica","status":"publish","type":"page","link":"https:\/\/exceladvisor.org\/pt\/atualizar-uma-tabela-dinamica\/","title":{"rendered":"Como atualizar uma tabela din\u00e2mica?"},"content":{"rendered":"<div class=\"excel-before-content-2\" id=\"excel-2151862000\"><script type=\"text\/javascript\">\r\n\tatOptions = {\r\n\t\t'key' : 'c1158f160081d6540a8409e6925dab94',\r\n\t\t'format' : 'iframe',\r\n\t\t'height' : 250,\r\n\t\t'width' : 300,\r\n\t\t'params' : {}\r\n\t};\r\n<\/script>\r\n<script type=\"text\/javascript\" src=\"\/\/www.highperformanceformat.com\/c1158f160081d6540a8409e6925dab94\/invoke.js\"><\/script><\/div><div class=\"excel-before-content\" id=\"excel-3226543612\"><script type=\"text\/javascript\">\r\n\tatOptions = {\r\n\t\t'key' : 'c1158f160081d6540a8409e6925dab94',\r\n\t\t'format' : 'iframe',\r\n\t\t'height' : 250,\r\n\t\t'width' : 300,\r\n\t\t'params' : {}\r\n\t};\r\n<\/script>\r\n<script type=\"text\/javascript\" src=\"\/\/www.highperformanceformat.com\/c1158f160081d6540a8409e6925dab94\/invoke.js\"><\/script><\/div> <p>Quaisquer altera\u00e7\u00f5es nos dados n\u00e3o ser\u00e3o carregadas na Tabela Din\u00e2mica, a menos que voc\u00ea atualize. Aqui aprenderemos v\u00e1rias maneiras de atualizar a tabela din\u00e2mica.<\/p><h2 class=\"wp-block-heading\"> <strong>Atualizar manualmente<\/strong><\/h2><p> A maneira mais f\u00e1cil e comum de atualizar uma tabela din\u00e2mica \u00e9 simplesmente pressionar o bot\u00e3o Atualizar. Vamos entender com um exemplo simples. Aqui temos os dados de vendas de 9 meses e uma tabela din\u00e2mica simples com o produto e sua quantidade de vendas. <\/p><div class=\"wp-block-image\"><figure class=\"aligncenter size-large is-resized\"><img loading=\"lazy\" decoding=\"async\" class=\"wp-image-59026\" src=\"https:\/\/exceladvisor.org\/wp-content\/uploads\/2023\/08\/1-tableau-croise-dynamique-densemble-de-donnees.png\" sizes=\"auto, \" srcset=\"\" alt=\"tabela din\u00e2mica do conjunto de dados\" width=\"648\" height=\"325\"><\/figure><\/div><p> Agora vamos fazer algumas altera\u00e7\u00f5es nos dados. Como nossa tabela din\u00e2mica cont\u00e9m produtos e vendas, alteraremos o n\u00famero de vendas de um produto. Vamos alterar as vendas de &#8220;Biscoitos&#8221; em abril, linha superior 4, para 1230 em vez de 123 e atualizar a tabela din\u00e2mica. <\/p><div class=\"wp-block-image\"><figure class=\"aligncenter size-large is-resized\"><img loading=\"lazy\" decoding=\"async\" class=\"wp-image-59028\" src=\"https:\/\/exceladvisor.org\/wp-content\/uploads\/2023\/08\/2-tableaux-croises-dynamiques.png\" sizes=\"auto, \" srcset=\"\" alt=\"tabela din\u00e2mica\" width=\"351\" height=\"207\"><\/figure><\/div><ol><li> Para come\u00e7ar, coloque o cursor na tabela din\u00e2mica e clique com o bot\u00e3o direito. Aqui voc\u00ea ter\u00e1 algumas op\u00e7\u00f5es como na imagem abaixo. <br><img loading=\"lazy\" decoding=\"async\" title=\"3-cursor-na-tabela-piv\u00f4 e clique com o bot\u00e3o direito\" src=\"https:\/\/exceladvisor.org\/wp-content\/uploads\/2023\/08\/3-curseur-sur-le-tableau-croise-dynamique-et-clic-droit.png\" sizes=\"auto, \" srcset=\"\" alt=\"cursor-on-the-pivot-table-and-right-click\" width=\"207\" height=\"347\"><\/li><li> Agora clique em \u201cAtualizar\u201d. <br><img loading=\"lazy\" decoding=\"async\" title=\"Atualizar em 4 cliques\" src=\"https:\/\/exceladvisor.org\/wp-content\/uploads\/2023\/08\/4-cliquez-sur-actualiser.png\" sizes=\"auto, \" srcset=\"\" alt=\"click-on-refresh\" width=\"634\" height=\"317\"><\/li><li> As vendas totais do produto \u201cBuiscuits est\u00e3o atualizadas\u201d.<\/li><li> Esta \u00e9 a maneira mais f\u00e1cil de atualizar a tabela din\u00e2mica.<\/li><\/ol><p> Outra maneira de fazer isso \u00e9 simplesmente mover o cursor para qualquer lugar da tabela din\u00e2mica para ativar a guia <strong>\u201cAnalisar\u201d<\/strong> na faixa de op\u00e7\u00f5es. <\/p><div class=\"wp-block-image\"><figure class=\"aligncenter size-large is-resized\"><img loading=\"lazy\" decoding=\"async\" class=\"wp-image-59031\" src=\"https:\/\/exceladvisor.org\/wp-content\/uploads\/2023\/08\/5-activer-longlet-analyse.png\" sizes=\"auto, \" srcset=\"\" alt=\"habilitar-analisar guia\" width=\"781\" height=\"157\"><\/figure><\/div><p> Procure aqui o bot\u00e3o <strong>Atualizar<\/strong> . <\/p><div class=\"wp-block-image\"><figure class=\"aligncenter size-large is-resized\"><img loading=\"lazy\" decoding=\"async\" class=\"wp-image-59032\" src=\"https:\/\/exceladvisor.org\/wp-content\/uploads\/2023\/08\/6-recherchez-le-bouton-de-rafraichissement.png\" sizes=\"auto, \" srcset=\"\" alt=\"encontre o bot\u00e3o de atualiza\u00e7\u00e3o\" width=\"790\" height=\"159\"><\/figure><\/div><p> Agora, clique na pequena seta <strong>suspensa<\/strong> e clique em <strong>Atualizar<\/strong> . <\/p><div class=\"wp-block-image\"><figure class=\"aligncenter size-large is-resized\"><img loading=\"lazy\" decoding=\"async\" class=\"wp-image-59033\" src=\"https:\/\/exceladvisor.org\/wp-content\/uploads\/2023\/08\/7-clics-deroulants-cliquez-sur-rafraichir.png\" sizes=\"auto, \" srcset=\"\" alt=\"clique-dropdown-clique-atualizar\" width=\"191\" height=\"138\"><\/figure><\/div><p class=\"qt-tip\"> Observa\u00e7\u00e3o: para v\u00e1rias tabelas din\u00e2micas, clique em <strong>Atualizar tudo<\/strong> . (veja isto: <a href=\"https:\/\/exceladvisor.org\/pt\/atualize-tudo\/\">atualize todas as tabelas din\u00e2micas de uma vez<\/a> )<\/p><h2 class=\"wp-block-heading\"> <strong>Atualizar automaticamente a tabela din\u00e2mica quando o arquivo for aberto<\/strong><\/h2><p> Em nossos relat\u00f3rios, \u00e0s vezes usamos f\u00f3rmulas como AGORA e HOJE, que s\u00e3o continuamente atualizadas. E se tiv\u00e9ssemos uma tabela din\u00e2mica e an\u00e1lises vinculadas a tais f\u00f3rmulas?<\/p><p> Precisamos atualizar a tabela din\u00e2mica sempre que abrimos ou usamos a tabela din\u00e2mica. Isso parece mais tedioso. Aqui est\u00e1 uma solu\u00e7\u00e3o. Voc\u00ea pode atualizar automaticamente uma tabela din\u00e2mica quando ela for aberta.<\/p><ol><li> Primeiro, clique em qualquer lugar da tabela din\u00e2mica e v\u00e1 para a guia \u201cAnalisar\u201d na faixa de op\u00e7\u00f5es. <br><img loading=\"lazy\" decoding=\"async\" title=\"Guia 8 para analisar\" src=\"https:\/\/exceladvisor.org\/wp-content\/uploads\/2023\/08\/8-aller-a-longlet-analyser.png\" sizes=\"auto, \" srcset=\"\" alt=\"go-to-analyze-tab\" width=\"734\" height=\"148\"><\/li><li> Agora clique no pequeno bot\u00e3o suspenso abaixo da tabela din\u00e2mica. <br><img loading=\"lazy\" decoding=\"async\" title=\"Tabela din\u00e2mica em 9 cliques\" src=\"https:\/\/exceladvisor.org\/wp-content\/uploads\/2023\/08\/9-cliquez-sous-le-tableau-croise-dynamique.png\" sizes=\"auto, \" srcset=\"\" alt=\"click-below-pivot-table\" width=\"749\" height=\"151\"><\/li><li> Em seguida, clique em <strong>Op\u00e7\u00f5es<\/strong> . <br><img loading=\"lazy\" decoding=\"async\" title=\"Op\u00e7\u00f5es em 10 cliques\" src=\"https:\/\/exceladvisor.org\/wp-content\/uploads\/2023\/08\/10-cliquez-sur-les-options.png\" sizes=\"auto, \" srcset=\"\" alt=\"click-on-options\" width=\"124\" height=\"199\"><\/li><li> Aqui, uma janela chamada <strong>\u201cOp\u00e7\u00f5es de tabela din\u00e2mica<\/strong> \u201d ser\u00e1 aberta. Aqui, procure a op\u00e7\u00e3o Dados. <br><img loading=\"lazy\" decoding=\"async\" title=\"Op\u00e7\u00e3o de dados de tabela din\u00e2mica 11\" src=\"https:\/\/exceladvisor.org\/wp-content\/uploads\/2023\/08\/11-sous-loption-de-donnees-de-tableau-croise-dynamique.png\" sizes=\"auto, \" srcset=\"\" alt=\"under-pivot-table-data-option\" width=\"423\" height=\"514\"><\/li><li> Ap\u00f3s esta verifica\u00e7\u00e3o, marque a caixa ao lado de \u201c <strong>Atualizar dados ao abrir arquivo<\/strong> \u201d e clique em <strong>OK<\/strong> . <br><img loading=\"lazy\" decoding=\"async\" title=\"Atualizar dados em 12 cliques ao abrir o arquivo\" src=\"https:\/\/exceladvisor.org\/wp-content\/uploads\/2023\/08\/Actualiser-les-donnees-en-12-clics-lors-de-louverture-du-fichier.png\" sizes=\"auto, \" srcset=\"\" alt=\"click-refresh-data-when-opening-the-file\" width=\"432\" height=\"524\"><\/li><\/ol><p class=\"qt-tip\"> Nota: Voc\u00ea tamb\u00e9m pode clicar com o bot\u00e3o direito na Tabela Din\u00e2mica e clicar em Op\u00e7\u00f5es da Tabela Din\u00e2mica para obter a caixa de di\u00e1logo. <\/p><div class=\"wp-block-image\"><figure class=\"aligncenter size-large is-resized\"><img loading=\"lazy\" decoding=\"async\" class=\"wp-image-59039\" src=\"https:\/\/exceladvisor.org\/wp-content\/uploads\/2023\/08\/13-clic-droit-sur-le-tableau-croise-dynamique-cliquez-sur-les-options-du-tableau-croise-dynamique.png\" sizes=\"auto, \" srcset=\"\" alt=\"clique com o bot\u00e3o direito na tabela din\u00e2mica-clique em op\u00e7\u00f5es-tabela din\u00e2mica\" width=\"147\" height=\"313\"><\/figure><\/div><h2 class=\"wp-block-heading\"> <strong>Automaticamente em um cron\u00f4metro<\/strong><\/h2><p> Para atualizar a tabela din\u00e2mica em um cron\u00f4metro, precisamos torn\u00e1-la um piv\u00f4 OLAP (Online Analytical Processing). Isso parece complicado? Se sim, n\u00e3o se preocupe. N\u00e3o entraremos em seus detalhes. Basta adicionar o piv\u00f4 ao modelo de dados para criar uma tabela din\u00e2mica OLAP.<\/p><ol><li> Primeiro, crie uma tabela din\u00e2mica em Inserir \u2192 Din\u00e2mica.<\/li><li> Agora marque a caixa <strong>\u201cAdicionar estes dados ao modelo de dados\u201d<\/strong> para torn\u00e1-lo um piv\u00f4 OLAP. <br><img loading=\"lazy\" decoding=\"async\" title=\"14 marca\u00e7\u00f5es para adicionar estes dados ao modelo de dados\" src=\"https:\/\/exceladvisor.org\/wp-content\/uploads\/2023\/08\/14-coche-ajouter-ces-donnees-au-modele-de-donnees.png\" sizes=\"auto, \" srcset=\"\" alt=\"tick-mark-add-this-data-to-data-model\" width=\"463\" height=\"415\"><\/li><li> A partir da\u00ed, clique na <strong>guia Dados<\/strong> na faixa de op\u00e7\u00f5es e procure <strong>\u201cConsultas e Conex\u00f5es<\/strong> \u201d. <br><img loading=\"lazy\" decoding=\"async\" title=\"15 consultas e conex\u00f5es na guia de dados\" src=\"https:\/\/exceladvisor.org\/wp-content\/uploads\/2023\/08\/15-sur-les-requetes-et-les-connexions-de-longlet-de-donnees.png\" sizes=\"auto, \" srcset=\"\" alt=\"on-data-tab-queries-and-connections\" width=\"536\" height=\"169\"><\/li><li> Assim que voc\u00ea clicar no bot\u00e3o \u201c <strong>Consultas e Conex\u00f5es<\/strong> \u201d, um menu ser\u00e1 aberto no lado direito da planilha.<\/li><li> Clique aqui nas <strong>conex\u00f5es<\/strong> e clique com o bot\u00e3o direito na planilha de conex\u00f5es para ir para as propriedades. <br><img loading=\"lazy\" decoding=\"async\" title=\"16 clique com o bot\u00e3o direito na planilha de login para propriedades de acerto\" src=\"https:\/\/exceladvisor.org\/wp-content\/uploads\/2023\/08\/16-cliquez-avec-le-bouton-droit-sur-la-feuille-de-travail-de-connexion-pour-acceder-aux-proprietes.png\" sizes=\"auto, \" srcset=\"\" alt=\"right-click-on-the-connection-worksheet-to-hit-properties\" width=\"289\" height=\"383\"><\/li><li> Agora, na janela \u201c <strong>Propriedades da conex\u00e3o<\/strong> \u201d, marque a op\u00e7\u00e3o \u201c <strong>Atualizar tudo<\/strong> \u201d na categoria \u201cUso\u201d e selecione o per\u00edodo de tempo em que deseja atualizar a tabela din\u00e2mica. <br><img loading=\"lazy\" decoding=\"async\" title=\"17 marca\u00e7\u00f5es para atualizar cada\" src=\"https:\/\/exceladvisor.org\/wp-content\/uploads\/2023\/08\/17-cochez-lactualisation-tous-les.png\" sizes=\"auto, \" srcset=\"\" alt=\"tick-mark-the-refresh-every\" width=\"410\" height=\"497\"><\/li><\/ol><p> Viva!! N\u00f3s terminamos. Agora o pivot\u00e1vel est\u00e1 configurado para atualizar automaticamente.<\/p><h2 class=\"wp-block-heading\"> <strong>Atualizar v\u00e1rios piv\u00f4s<\/strong><\/h2><p> Atualizar v\u00e1rios piv\u00f4s \u00e9 t\u00e3o f\u00e1cil quanto atualizar uma \u00fanica tabela din\u00e2mica. Funciona como m\u00e1gica quando voc\u00ea tem v\u00e1rios piv\u00f4s conectados a uma \u00fanica fonte de dados. Se voc\u00ea alterar os dados, basta clicar em um bot\u00e3o para atualizar todas as suas tabelas din\u00e2micas.<\/p><p> Aqui estamos!!<\/p><ol><li> Para atualizar todas as tabelas din\u00e2micas, v\u00e1 para a guia Dados na faixa de op\u00e7\u00f5es.<\/li><li> Em <strong>Consultas e conex\u00f5es<\/strong> , clique no pequeno bot\u00e3o suspenso Atualizar tudo. <br><img loading=\"lazy\" decoding=\"async\" title=\"18 atualizar v\u00e1rias tabelas din\u00e2micas\" src=\"https:\/\/exceladvisor.org\/wp-content\/uploads\/2023\/08\/18-actualiser-plusieurs-tableaux-croises-dynamiques.png\" sizes=\"auto, \" srcset=\"\" alt=\"refresh-multiple-pivot-tables\" width=\"535\" height=\"168\"><\/li><li> Agora clique em <strong>Atualizar tudo<\/strong> . Isso atualizar\u00e1 todas as tabelas din\u00e2micas. <br><img loading=\"lazy\" decoding=\"async\" title=\"19 cliques para atualizar tudo\" src=\"https:\/\/exceladvisor.org\/wp-content\/uploads\/2023\/08\/19-cliquez-sur-tout-actualiser.png\" sizes=\"auto, \" srcset=\"\" alt=\"click-on-refresh-all\" width=\"199\" height=\"215\"><\/li><\/ol><h2 class=\"wp-block-heading\"> <strong>Atualize uma tabela din\u00e2mica sem alterar a formata\u00e7\u00e3o<\/strong><\/h2><p> At\u00e9 agora, voc\u00ea notou que a formata\u00e7\u00e3o da tabela din\u00e2mica muda ap\u00f3s cada atualiza\u00e7\u00e3o. Se voc\u00ea formatar a tabela din\u00e2mica ap\u00f3s cada atualiza\u00e7\u00e3o, este artigo aliviar\u00e1 seu estresse e trabalho extra. Para evitar a formata\u00e7\u00e3o ap\u00f3s atualizar a tabela din\u00e2mica, siga as etapas abaixo.<\/p><ol><li> Supondo que voc\u00ea j\u00e1 tenha criado uma tabela din\u00e2mica em sua planilha, basta mover o cursor para qualquer lugar dentro da tabela din\u00e2mica.<\/li><li> Agora clique com o bot\u00e3o direito e toque em \u201c <strong>Op\u00e7\u00f5es de tabela din\u00e2mica<\/strong> \u201d. <br><img loading=\"lazy\" decoding=\"async\" title=\"20 atualiza\u00e7\u00f5es de tabela din\u00e2mica sem alterar a formata\u00e7\u00e3o\" src=\"https:\/\/exceladvisor.org\/wp-content\/uploads\/2023\/08\/20-actualiser-le-tableau-croise-dynamique-sans-modifier-la-mise-en-forme.png\" sizes=\"auto, \" srcset=\"\" alt=\"refresh-pivot-table-without-changing-formatting\" width=\"154\" height=\"327\"><\/li><li> Agora, na <strong>guia Layout e Formato<\/strong> , marque a \u00faltima op\u00e7\u00e3o, ou seja, \u201c <strong>Preservar a formata\u00e7\u00e3o da c\u00e9lula ao atualizar\u201d.<\/strong> <br><img loading=\"lazy\" decoding=\"async\" title=\"Formata\u00e7\u00e3o de c\u00e9lula de preserva\u00e7\u00e3o de 21 ticks na atualiza\u00e7\u00e3o\" src=\"https:\/\/exceladvisor.org\/wp-content\/uploads\/2023\/08\/21-cocher-conserver-la-mise-en-forme-des-cellules-lors-de-la-mise-a-jour.png\" sizes=\"auto, \" srcset=\"\" alt=\"tick-preserve-cell-formatting-on-update\" width=\"432\" height=\"525\"><\/li><li> No final, clique em <strong>OK<\/strong> .<\/li><\/ol><p> Agora voc\u00ea notar\u00e1 que a formata\u00e7\u00e3o da tabela din\u00e2mica n\u00e3o muda ap\u00f3s a atualiza\u00e7\u00e3o.<\/p><h2 class=\"wp-block-heading\"> Saiba mais sobre a tabela din\u00e2mica<\/h2><ul><li style=\"font-size: 14px;\"> <a href=\"https:\/\/exceladvisor.org\/pt\/classificar-uma-tabela-dinamica\/\">Classifica\u00e7\u00e3o din\u00e2mica da tabela<\/a><\/li><li style=\"font-size: 14px;\"> <a href=\"https:\/\/exceladvisor.org\/pt\/atualizar-uma-tabela-dinamica\/\">Atualizar uma tabela din\u00e2mica<\/a><\/li><li style=\"font-size: 14px;\"> <a href=\"https:\/\/exceladvisor.org\/pt\/atalhos-de-teclado-1\/\">Atalhos de teclado da tabela din\u00e2mica<\/a><\/li><li style=\"font-size: 14px;\"> <a href=\"https:\/\/exceladvisor.org\/pt\/excluir-tabela-dinamica\/\">Excluir uma tabela din\u00e2mica<\/a><\/li><li style=\"font-size: 14px;\"> <a href=\"https:\/\/exceladvisor.org\/pt\/layout\/\">Formatando a tabela din\u00e2mica<\/a><\/li><\/ul>","protected":false},"excerpt":{"rendered":"","protected":false},"author":1,"featured_media":0,"parent":0,"menu_order":0,"comment_status":"open","ping_status":"closed","template":"","meta":{"ub_ctt_via":"","footnotes":""},"class_list":["post-699","page","type-page","status-publish","hentry"],"featured_image_src":null,"yoast_head":"<!-- This site is optimized with the Yoast SEO plugin v25.4 - https:\/\/yoast.com\/wordpress\/plugins\/seo\/ -->\n<title>\u25b7 Como atualizar uma tabela din\u00e2mica?<\/title>\n<meta name=\"description\" content=\"Neste tutorial, voc\u00ea aprender\u00e1 como atualizar uma tabela din\u00e2mica usando diferentes m\u00e9todos que podem ajud\u00e1-lo\" \/>\n<meta name=\"robots\" content=\"index, follow, max-snippet:-1, max-image-preview:large, max-video-preview:-1\" \/>\n<link rel=\"canonical\" href=\"https:\/\/exceladvisor.org\/pt\/atualizar-uma-tabela-dinamica\/\" \/>\n<meta property=\"og:locale\" content=\"pt_PT\" \/>\n<meta property=\"og:type\" content=\"article\" \/>\n<meta property=\"og:title\" content=\"\u25b7 Como atualizar uma tabela din\u00e2mica?\" \/>\n<meta property=\"og:description\" content=\"Neste tutorial, voc\u00ea aprender\u00e1 como atualizar uma tabela din\u00e2mica usando diferentes m\u00e9todos que podem ajud\u00e1-lo\" \/>\n<meta property=\"og:url\" content=\"https:\/\/exceladvisor.org\/pt\/atualizar-uma-tabela-dinamica\/\" \/>\n<meta property=\"og:site_name\" content=\"Excel Advisor\" \/>\n<meta property=\"article:modified_time\" content=\"2023-12-06T11:34:52+00:00\" \/>\n<meta property=\"og:image\" content=\"https:\/\/exceladvisor.org\/wp-content\/uploads\/2023\/08\/1-tableau-croise-dynamique-densemble-de-donnees.png\" \/>\n<meta name=\"twitter:card\" content=\"summary_large_image\" \/>\n<meta name=\"twitter:label1\" content=\"Tempo estimado de leitura\" \/>\n\t<meta name=\"twitter:data1\" content=\"5 minutos\" \/>\n<script type=\"application\/ld+json\" class=\"yoast-schema-graph\">{\"@context\":\"https:\/\/schema.org\",\"@graph\":[{\"@type\":\"WebPage\",\"@id\":\"https:\/\/exceladvisor.org\/pt\/atualizar-uma-tabela-dinamica\/\",\"url\":\"https:\/\/exceladvisor.org\/pt\/atualizar-uma-tabela-dinamica\/\",\"name\":\"\u25b7 Como atualizar uma tabela din\u00e2mica?\",\"isPartOf\":{\"@id\":\"https:\/\/exceladvisor.org\/pt\/#website\"},\"primaryImageOfPage\":{\"@id\":\"https:\/\/exceladvisor.org\/pt\/atualizar-uma-tabela-dinamica\/#primaryimage\"},\"image\":{\"@id\":\"https:\/\/exceladvisor.org\/pt\/atualizar-uma-tabela-dinamica\/#primaryimage\"},\"thumbnailUrl\":\"https:\/\/exceladvisor.org\/wp-content\/uploads\/2023\/08\/1-tableau-croise-dynamique-densemble-de-donnees.png\",\"datePublished\":\"2023-09-26T07:07:25+00:00\",\"dateModified\":\"2023-12-06T11:34:52+00:00\",\"description\":\"Neste tutorial, voc\u00ea aprender\u00e1 como atualizar uma tabela din\u00e2mica usando diferentes m\u00e9todos que podem ajud\u00e1-lo\",\"breadcrumb\":{\"@id\":\"https:\/\/exceladvisor.org\/pt\/atualizar-uma-tabela-dinamica\/#breadcrumb\"},\"inLanguage\":\"pt-PT\",\"potentialAction\":[{\"@type\":\"ReadAction\",\"target\":[\"https:\/\/exceladvisor.org\/pt\/atualizar-uma-tabela-dinamica\/\"]}]},{\"@type\":\"ImageObject\",\"inLanguage\":\"pt-PT\",\"@id\":\"https:\/\/exceladvisor.org\/pt\/atualizar-uma-tabela-dinamica\/#primaryimage\",\"url\":\"https:\/\/exceladvisor.org\/wp-content\/uploads\/2023\/08\/1-tableau-croise-dynamique-densemble-de-donnees.png\",\"contentUrl\":\"https:\/\/exceladvisor.org\/wp-content\/uploads\/2023\/08\/1-tableau-croise-dynamique-densemble-de-donnees.png\"},{\"@type\":\"BreadcrumbList\",\"@id\":\"https:\/\/exceladvisor.org\/pt\/atualizar-uma-tabela-dinamica\/#breadcrumb\",\"itemListElement\":[{\"@type\":\"ListItem\",\"position\":1,\"name\":\"Lar\",\"item\":\"https:\/\/exceladvisor.org\/pt\/\"},{\"@type\":\"ListItem\",\"position\":2,\"name\":\"Como atualizar uma tabela din\u00e2mica?\"}]},{\"@type\":\"WebSite\",\"@id\":\"https:\/\/exceladvisor.org\/pt\/#website\",\"url\":\"https:\/\/exceladvisor.org\/pt\/\",\"name\":\"Excel Advisor\",\"description\":\"O seu guia definitivo para dominar os dados!\",\"publisher\":{\"@id\":\"https:\/\/exceladvisor.org\/pt\/#organization\"},\"potentialAction\":[{\"@type\":\"SearchAction\",\"target\":{\"@type\":\"EntryPoint\",\"urlTemplate\":\"https:\/\/exceladvisor.org\/pt\/?s={search_term_string}\"},\"query-input\":{\"@type\":\"PropertyValueSpecification\",\"valueRequired\":true,\"valueName\":\"search_term_string\"}}],\"inLanguage\":\"pt-PT\"},{\"@type\":\"Organization\",\"@id\":\"https:\/\/exceladvisor.org\/pt\/#organization\",\"name\":\"Excel Advisor\",\"url\":\"https:\/\/exceladvisor.org\/pt\/\",\"logo\":{\"@type\":\"ImageObject\",\"inLanguage\":\"pt-PT\",\"@id\":\"https:\/\/exceladvisor.org\/pt\/#\/schema\/logo\/image\/\",\"url\":\"https:\/\/exceladvisor.org\/pt\/wp-content\/uploads\/2023\/12\/exceladvisor.org_.png\",\"contentUrl\":\"https:\/\/exceladvisor.org\/pt\/wp-content\/uploads\/2023\/12\/exceladvisor.org_.png\",\"width\":105,\"height\":36,\"caption\":\"Excel Advisor\"},\"image\":{\"@id\":\"https:\/\/exceladvisor.org\/pt\/#\/schema\/logo\/image\/\"}}]}<\/script>\n<!-- \/ Yoast SEO plugin. -->","yoast_head_json":{"title":"\u25b7 Como atualizar uma tabela din\u00e2mica?","description":"Neste tutorial, voc\u00ea aprender\u00e1 como atualizar uma tabela din\u00e2mica usando diferentes m\u00e9todos que podem ajud\u00e1-lo","robots":{"index":"index","follow":"follow","max-snippet":"max-snippet:-1","max-image-preview":"max-image-preview:large","max-video-preview":"max-video-preview:-1"},"canonical":"https:\/\/exceladvisor.org\/pt\/atualizar-uma-tabela-dinamica\/","og_locale":"pt_PT","og_type":"article","og_title":"\u25b7 Como atualizar uma tabela din\u00e2mica?","og_description":"Neste tutorial, voc\u00ea aprender\u00e1 como atualizar uma tabela din\u00e2mica usando diferentes m\u00e9todos que podem ajud\u00e1-lo","og_url":"https:\/\/exceladvisor.org\/pt\/atualizar-uma-tabela-dinamica\/","og_site_name":"Excel Advisor","article_modified_time":"2023-12-06T11:34:52+00:00","og_image":[{"url":"https:\/\/exceladvisor.org\/wp-content\/uploads\/2023\/08\/1-tableau-croise-dynamique-densemble-de-donnees.png","type":"","width":"","height":""}],"twitter_card":"summary_large_image","twitter_misc":{"Tempo estimado de leitura":"5 minutos"},"schema":{"@context":"https:\/\/schema.org","@graph":[{"@type":"WebPage","@id":"https:\/\/exceladvisor.org\/pt\/atualizar-uma-tabela-dinamica\/","url":"https:\/\/exceladvisor.org\/pt\/atualizar-uma-tabela-dinamica\/","name":"\u25b7 Como atualizar uma tabela din\u00e2mica?","isPartOf":{"@id":"https:\/\/exceladvisor.org\/pt\/#website"},"primaryImageOfPage":{"@id":"https:\/\/exceladvisor.org\/pt\/atualizar-uma-tabela-dinamica\/#primaryimage"},"image":{"@id":"https:\/\/exceladvisor.org\/pt\/atualizar-uma-tabela-dinamica\/#primaryimage"},"thumbnailUrl":"https:\/\/exceladvisor.org\/wp-content\/uploads\/2023\/08\/1-tableau-croise-dynamique-densemble-de-donnees.png","datePublished":"2023-09-26T07:07:25+00:00","dateModified":"2023-12-06T11:34:52+00:00","description":"Neste tutorial, voc\u00ea aprender\u00e1 como atualizar uma tabela din\u00e2mica usando diferentes m\u00e9todos que podem ajud\u00e1-lo","breadcrumb":{"@id":"https:\/\/exceladvisor.org\/pt\/atualizar-uma-tabela-dinamica\/#breadcrumb"},"inLanguage":"pt-PT","potentialAction":[{"@type":"ReadAction","target":["https:\/\/exceladvisor.org\/pt\/atualizar-uma-tabela-dinamica\/"]}]},{"@type":"ImageObject","inLanguage":"pt-PT","@id":"https:\/\/exceladvisor.org\/pt\/atualizar-uma-tabela-dinamica\/#primaryimage","url":"https:\/\/exceladvisor.org\/wp-content\/uploads\/2023\/08\/1-tableau-croise-dynamique-densemble-de-donnees.png","contentUrl":"https:\/\/exceladvisor.org\/wp-content\/uploads\/2023\/08\/1-tableau-croise-dynamique-densemble-de-donnees.png"},{"@type":"BreadcrumbList","@id":"https:\/\/exceladvisor.org\/pt\/atualizar-uma-tabela-dinamica\/#breadcrumb","itemListElement":[{"@type":"ListItem","position":1,"name":"Lar","item":"https:\/\/exceladvisor.org\/pt\/"},{"@type":"ListItem","position":2,"name":"Como atualizar uma tabela din\u00e2mica?"}]},{"@type":"WebSite","@id":"https:\/\/exceladvisor.org\/pt\/#website","url":"https:\/\/exceladvisor.org\/pt\/","name":"Excel Advisor","description":"O seu guia definitivo para dominar os dados!","publisher":{"@id":"https:\/\/exceladvisor.org\/pt\/#organization"},"potentialAction":[{"@type":"SearchAction","target":{"@type":"EntryPoint","urlTemplate":"https:\/\/exceladvisor.org\/pt\/?s={search_term_string}"},"query-input":{"@type":"PropertyValueSpecification","valueRequired":true,"valueName":"search_term_string"}}],"inLanguage":"pt-PT"},{"@type":"Organization","@id":"https:\/\/exceladvisor.org\/pt\/#organization","name":"Excel Advisor","url":"https:\/\/exceladvisor.org\/pt\/","logo":{"@type":"ImageObject","inLanguage":"pt-PT","@id":"https:\/\/exceladvisor.org\/pt\/#\/schema\/logo\/image\/","url":"https:\/\/exceladvisor.org\/pt\/wp-content\/uploads\/2023\/12\/exceladvisor.org_.png","contentUrl":"https:\/\/exceladvisor.org\/pt\/wp-content\/uploads\/2023\/12\/exceladvisor.org_.png","width":105,"height":36,"caption":"Excel Advisor"},"image":{"@id":"https:\/\/exceladvisor.org\/pt\/#\/schema\/logo\/image\/"}}]}},"yoast_meta":{"yoast_wpseo_title":"","yoast_wpseo_metadesc":"","yoast_wpseo_canonical":""},"_links":{"self":[{"href":"https:\/\/exceladvisor.org\/pt\/wp-json\/wp\/v2\/pages\/699","targetHints":{"allow":["GET"]}}],"collection":[{"href":"https:\/\/exceladvisor.org\/pt\/wp-json\/wp\/v2\/pages"}],"about":[{"href":"https:\/\/exceladvisor.org\/pt\/wp-json\/wp\/v2\/types\/page"}],"author":[{"embeddable":true,"href":"https:\/\/exceladvisor.org\/pt\/wp-json\/wp\/v2\/users\/1"}],"replies":[{"embeddable":true,"href":"https:\/\/exceladvisor.org\/pt\/wp-json\/wp\/v2\/comments?post=699"}],"version-history":[{"count":1,"href":"https:\/\/exceladvisor.org\/pt\/wp-json\/wp\/v2\/pages\/699\/revisions"}],"predecessor-version":[{"id":860,"href":"https:\/\/exceladvisor.org\/pt\/wp-json\/wp\/v2\/pages\/699\/revisions\/860"}],"wp:attachment":[{"href":"https:\/\/exceladvisor.org\/pt\/wp-json\/wp\/v2\/media?parent=699"}],"curies":[{"name":"wp","href":"https:\/\/api.w.org\/{rel}","templated":true}]}}