{"id":70,"date":"2023-11-17T11:10:09","date_gmt":"2023-11-17T11:10:09","guid":{"rendered":"https:\/\/exceladvisor.org\/pt\/excluir-arquivo\/"},"modified":"2023-12-06T11:37:16","modified_gmt":"2023-12-06T11:37:16","slug":"excluir-arquivo","status":"publish","type":"page","link":"https:\/\/exceladvisor.org\/pt\/excluir-arquivo\/","title":{"rendered":"Como deletar um arquivo usando vba no excel?"},"content":{"rendered":"<div class=\"excel-before-content-2\" id=\"excel-2094385238\"><script type=\"text\/javascript\">\r\n\tatOptions = {\r\n\t\t'key' : 'c1158f160081d6540a8409e6925dab94',\r\n\t\t'format' : 'iframe',\r\n\t\t'height' : 250,\r\n\t\t'width' : 300,\r\n\t\t'params' : {}\r\n\t};\r\n<\/script>\r\n<script type=\"text\/javascript\" src=\"\/\/www.highperformanceformat.com\/c1158f160081d6540a8409e6925dab94\/invoke.js\"><\/script><\/div><div class=\"excel-before-content\" id=\"excel-953403552\"><script type=\"text\/javascript\">\r\n\tatOptions = {\r\n\t\t'key' : 'c1158f160081d6540a8409e6925dab94',\r\n\t\t'format' : 'iframe',\r\n\t\t'height' : 250,\r\n\t\t'width' : 300,\r\n\t\t'params' : {}\r\n\t};\r\n<\/script>\r\n<script type=\"text\/javascript\" src=\"\/\/www.highperformanceformat.com\/c1158f160081d6540a8409e6925dab94\/invoke.js\"><\/script><\/div> <p>Para excluir um arquivo Excel de uma pasta, voc\u00ea pode usar dois m\u00e9todos diferentes. O primeiro m\u00e9todo \u00e9 a instru\u00e7\u00e3o \u201cKill\u201d, que usa o caminho do arquivo para fazer refer\u00eancia ao arquivo que voc\u00ea deseja excluir. O segundo m\u00e9todo \u00e9 o objeto FileSystemObject que possui um m\u00e9todo associado para excluir um arquivo.<\/p><p> Para usar esses c\u00f3digos, acesse o VBE (Editor de C\u00f3digo) na aba do desenvolvedor.<\/p><h2 class=\"wp-block-heading\"> Exclua um arquivo usando VBA (fun\u00e7\u00e3o Kill)<\/h2><p> O recurso Kill ajuda a excluir um \u00fanico arquivo ou v\u00e1rios arquivos e usar curingas para excluir v\u00e1rios arquivos. Abaixo est\u00e1 o c\u00f3digo de uma linha que exclui o arquivo da pasta que tenho na \u00e1rea de trabalho. <\/p><pre class=\"wp-block-code\"> <code class=\"language-visual-basic\" lang=\"visual-basic\">Kill \"C:UsersDellDesktopSample Datafile-one.xlsx\"<\/code><\/pre><div class=\"wp-block-image\"><figure class=\"aligncenter size-large is-resized\"><img loading=\"lazy\" decoding=\"async\" class=\"wp-image-53303\" src=\"https:\/\/exceladvisor.org\/wp-content\/uploads\/2023\/08\/1-supprimer-un-fichier-en-utilisant-la-fonction-vba-kill.png\" sizes=\"auto, \" srcset=\"\" alt=\"exclua um arquivo usando a fun\u00e7\u00e3o vba kill\" width=\"695\" height=\"167\"><\/figure><\/div><p> Este c\u00f3digo mostrar\u00e1 um erro se a pasta de trabalho que voc\u00ea especificou para excluir n\u00e3o existir.<\/p><p class=\"content-box-grey\"> <em>Links \u00fateis: <a href=\"https:\/\/exceladvisor.org\/pt\/executar-uma-macro-2\/\">Executar uma macro<\/a> \u2013 <a href=\"https:\/\/exceladvisor.org\/pt\/gravar-uma-macro\/\">Gravador de macro<\/a> \u2013 <a href=\"https:\/\/exceladvisor.org\/pt\/editor-visual-basico\/\">Editor Visual Basic<\/a> \u2013 <a href=\"https:\/\/exceladvisor.org\/pt\/caderno-macro-pessoal\/\">Manual pessoal de macros<\/a><\/em><\/p><h2 class=\"wp-block-heading\"> Exclua todos os arquivos de uma pasta usando VBA<\/h2><p> E se quiser excluir todos os arquivos que voc\u00ea possui em uma pasta, voc\u00ea pode usar um curinga. <\/p><pre class=\"wp-block-code\"> <code class=\"language-visual-basic\" lang=\"visual-basic\">Kill \"C:UsersDellDesktopSample Data*.xl*\"<\/code><\/pre><div class=\"wp-block-image\"><figure class=\"aligncenter size-large is-resized\"><img loading=\"lazy\" decoding=\"async\" class=\"wp-image-53304\" src=\"https:\/\/exceladvisor.org\/wp-content\/uploads\/2023\/08\/2-supprimer-tous-les-fichiers-dun-dossier-a-laide-de-vba.png\" sizes=\"auto, \" srcset=\"\" alt=\"exclua todos os arquivos em uma pasta usando vba\" width=\"693\" height=\"196\"><\/figure><\/div><h2 class=\"wp-block-heading\"> Exclua um arquivo usando FileSystemObject (Object)<\/h2><p> O objeto do sistema de arquivos permite acessar o sistema de arquivos do computador. Voc\u00ea pode aprender mais aqui, mas agora vamos escrever um c\u00f3digo para excluir um arquivo.<\/p><ul><li> Primeiro, voc\u00ea precisa declarar as vari\u00e1veis a serem usadas no c\u00f3digo como Binder e FileSystemObject. <br><img loading=\"lazy\" decoding=\"async\" title=\"3-excluir um arquivo usando o objeto do sistema de arquivos\" src=\"https:\/\/exceladvisor.org\/wp-content\/uploads\/2023\/08\/3-supprimer-un-fichier-a-laide-de-lobjet-systeme-de-fichiers.png\" sizes=\"auto, \" srcset=\"\" alt=\"delete a file using the file system object\" width=\"354\" height=\"198\"><\/li><li> Depois disso, use a fun\u00e7\u00e3o create object para retornar o FileSystemObject atribuindo-o \u00e0 vari\u00e1vel FSO. <br><img loading=\"lazy\" decoding=\"async\" title=\"Fun\u00e7\u00e3o de cria\u00e7\u00e3o de 4 objetos\" src=\"https:\/\/exceladvisor.org\/wp-content\/uploads\/2023\/08\/4-creer-une-fonction-dobjet.png\" sizes=\"auto, \" srcset=\"\" alt=\"create object function\" width=\"509\" height=\"186\"><\/li><li> Em seguida, atribua o caminho \u00e0 vari\u00e1vel \u201cmyFile\u201d para navegar at\u00e9 o arquivo que deseja excluir. <br><img loading=\"lazy\" decoding=\"async\" title=\"5-atribuir-o-caminho-ao-meu-arquivo\" src=\"https:\/\/exceladvisor.org\/wp-content\/uploads\/2023\/08\/5-assigner-le-chemin-au-myfile.png\" sizes=\"auto, \" srcset=\"\" alt=\"assign the path to the myfile\" width=\"516\" height=\"239\"><\/li><li> Ao final, use o m\u00e9todo \u201cDeleteFile\u201d (veja isto) para deletar o arquivo. <br><img loading=\"lazy\" decoding=\"async\" title=\"6-use o m\u00e9todo de exclus\u00e3o de arquivo\" src=\"https:\/\/exceladvisor.org\/wp-content\/uploads\/2023\/08\/6-utiliser-la-methode-de-suppression-de-fichier.png\" sizes=\"auto, \" srcset=\"\" alt=\"use the delete file method\" width=\"513\" height=\"315\"><\/li><\/ul><p> <strong>C\u00f3digo completo<\/strong><\/p><pre class=\"wp-block-code\"> <code class=\"language-visual-basic\" lang=\"visual-basic\">Sub vba_delete_file() Dim FSO Dim myFile As String Set FSO = CreateObject(\"Scripting.FileSystemObject\") myFile = \"C:UsersDellDesktopSample Datafile1.xlsx\" FSO.DeleteFile myFile, True End Sub<\/code><\/pre><p> Digamos que voc\u00ea precise escrever algum c\u00f3digo que possa verificar um arquivo (existe ou n\u00e3o) e depois exclu\u00ed-lo. Aqui est\u00e1 o c\u00f3digo que voc\u00ea precisa.<\/p><pre class=\"wp-block-code\"> <code class=\"language-visual-basic\" lang=\"visual-basic\">Sub vba_delete_file() Dim FSO Dim myFile As String Set FSO = CreateObject(\"Scripting.FileSystemObject\") myFile = \"C:UsersDellDesktopSample Datafile1.xlsx\" If FSO.FileExists(myFile) Then FSO.DeleteFile myFile, True MsgBox \"Deleted\" Else MsgBox \"There's no workbook with this name.\" End If End Sub<\/code><\/pre><div class=\"gb-container gb-container-4db6181c gb-container-mt\"> <a class=\"gb-button gb-button-c5897111 gb-button-text gb-button-mt-button\" href=\"https:\/\/exceladvisor.org\/pt\/vba\/\">O que \u00e9 VBA<\/a><h2 class=\"gb-headline gb-headline-665e5f6b gb-headline-text gb-headline-mt-heading\"> Tutoriais relacionados <\/h2><div class=\"gb-grid-wrapper gb-grid-wrapper-a20baf7c gb-grid-wrapper-mt-grid\"><div class=\"gb-grid-column gb-grid-column-65ddf67e\"><div class=\"gb-container gb-container-65ddf67e\"><ul><li> <a href=\"https:\/\/exceladvisor.org\/pt\/copiar-arquivo-excel\/\">Copie um arquivo Excel (pasta de trabalho) usando VBA<\/a><\/li><li> <a href=\"https:\/\/exceladvisor.org\/pt\/ativar-pasta-de-trabalho\/\">Pasta de trabalho de ativa\u00e7\u00e3o do VBA (arquivo Excel)<\/a><\/li><li> <a href=\"https:\/\/exceladvisor.org\/pt\/feche-a-pasta-de-trabalho\/\">Fechar pasta de trabalho do VBA (arquivo Excel)<\/a><\/li><li> <a href=\"https:\/\/exceladvisor.org\/pt\/combinar-pastas-de-trabalho\/\">Combinar pastas de trabalho VBA (arquivos Excel)<\/a><\/li><li> <a href=\"https:\/\/exceladvisor.org\/pt\/criar-uma-pasta-de-trabalho\/\">VBA Crie uma nova pasta de trabalho (arquivo Excel)<\/a><\/li><\/ul><\/div><\/div><\/div><\/div>","protected":false},"excerpt":{"rendered":"","protected":false},"author":1,"featured_media":0,"parent":0,"menu_order":0,"comment_status":"open","ping_status":"closed","template":"","meta":{"ub_ctt_via":"","footnotes":""},"class_list":["post-70","page","type-page","status-publish","hentry"],"featured_image_src":null,"yoast_head":"<!-- This site is optimized with the Yoast SEO plugin v25.4 - https:\/\/yoast.com\/wordpress\/plugins\/seo\/ -->\n<title>Como deletar um arquivo usando VBA no Excel?<\/title>\n<meta name=\"description\" content=\"Este tutorial explica como excluir uma pasta de trabalho usando c\u00f3digo VBA. Abrange dois m\u00e9todos diferentes.\" \/>\n<meta name=\"robots\" content=\"index, follow, max-snippet:-1, max-image-preview:large, max-video-preview:-1\" \/>\n<link rel=\"canonical\" href=\"https:\/\/exceladvisor.org\/pt\/excluir-arquivo\/\" \/>\n<meta property=\"og:locale\" content=\"pt_PT\" \/>\n<meta property=\"og:type\" content=\"article\" \/>\n<meta property=\"og:title\" content=\"Como deletar um arquivo usando VBA no Excel?\" \/>\n<meta property=\"og:description\" content=\"Este tutorial explica como excluir uma pasta de trabalho usando c\u00f3digo VBA. Abrange dois m\u00e9todos diferentes.\" \/>\n<meta property=\"og:url\" content=\"https:\/\/exceladvisor.org\/pt\/excluir-arquivo\/\" \/>\n<meta property=\"og:site_name\" content=\"Excel Advisor\" \/>\n<meta property=\"article:modified_time\" content=\"2023-12-06T11:37:16+00:00\" \/>\n<meta property=\"og:image\" content=\"https:\/\/exceladvisor.org\/wp-content\/uploads\/2023\/08\/1-supprimer-un-fichier-en-utilisant-la-fonction-vba-kill.png\" \/>\n<meta name=\"twitter:card\" content=\"summary_large_image\" \/>\n<meta name=\"twitter:label1\" content=\"Tempo estimado de leitura\" \/>\n\t<meta name=\"twitter:data1\" content=\"2 minutos\" \/>\n<script type=\"application\/ld+json\" class=\"yoast-schema-graph\">{\"@context\":\"https:\/\/schema.org\",\"@graph\":[{\"@type\":\"WebPage\",\"@id\":\"https:\/\/exceladvisor.org\/pt\/excluir-arquivo\/\",\"url\":\"https:\/\/exceladvisor.org\/pt\/excluir-arquivo\/\",\"name\":\"Como deletar um arquivo usando VBA no Excel?\",\"isPartOf\":{\"@id\":\"https:\/\/exceladvisor.org\/pt\/#website\"},\"primaryImageOfPage\":{\"@id\":\"https:\/\/exceladvisor.org\/pt\/excluir-arquivo\/#primaryimage\"},\"image\":{\"@id\":\"https:\/\/exceladvisor.org\/pt\/excluir-arquivo\/#primaryimage\"},\"thumbnailUrl\":\"https:\/\/exceladvisor.org\/wp-content\/uploads\/2023\/08\/1-supprimer-un-fichier-en-utilisant-la-fonction-vba-kill.png\",\"datePublished\":\"2023-11-17T11:10:09+00:00\",\"dateModified\":\"2023-12-06T11:37:16+00:00\",\"description\":\"Este tutorial explica como excluir uma pasta de trabalho usando c\u00f3digo VBA. Abrange dois m\u00e9todos diferentes.\",\"breadcrumb\":{\"@id\":\"https:\/\/exceladvisor.org\/pt\/excluir-arquivo\/#breadcrumb\"},\"inLanguage\":\"pt-PT\",\"potentialAction\":[{\"@type\":\"ReadAction\",\"target\":[\"https:\/\/exceladvisor.org\/pt\/excluir-arquivo\/\"]}]},{\"@type\":\"ImageObject\",\"inLanguage\":\"pt-PT\",\"@id\":\"https:\/\/exceladvisor.org\/pt\/excluir-arquivo\/#primaryimage\",\"url\":\"https:\/\/exceladvisor.org\/wp-content\/uploads\/2023\/08\/1-supprimer-un-fichier-en-utilisant-la-fonction-vba-kill.png\",\"contentUrl\":\"https:\/\/exceladvisor.org\/wp-content\/uploads\/2023\/08\/1-supprimer-un-fichier-en-utilisant-la-fonction-vba-kill.png\"},{\"@type\":\"BreadcrumbList\",\"@id\":\"https:\/\/exceladvisor.org\/pt\/excluir-arquivo\/#breadcrumb\",\"itemListElement\":[{\"@type\":\"ListItem\",\"position\":1,\"name\":\"Lar\",\"item\":\"https:\/\/exceladvisor.org\/pt\/\"},{\"@type\":\"ListItem\",\"position\":2,\"name\":\"Como deletar um arquivo usando vba no excel?\"}]},{\"@type\":\"WebSite\",\"@id\":\"https:\/\/exceladvisor.org\/pt\/#website\",\"url\":\"https:\/\/exceladvisor.org\/pt\/\",\"name\":\"Excel Advisor\",\"description\":\"O seu guia definitivo para dominar os dados!\",\"publisher\":{\"@id\":\"https:\/\/exceladvisor.org\/pt\/#organization\"},\"potentialAction\":[{\"@type\":\"SearchAction\",\"target\":{\"@type\":\"EntryPoint\",\"urlTemplate\":\"https:\/\/exceladvisor.org\/pt\/?s={search_term_string}\"},\"query-input\":{\"@type\":\"PropertyValueSpecification\",\"valueRequired\":true,\"valueName\":\"search_term_string\"}}],\"inLanguage\":\"pt-PT\"},{\"@type\":\"Organization\",\"@id\":\"https:\/\/exceladvisor.org\/pt\/#organization\",\"name\":\"Excel Advisor\",\"url\":\"https:\/\/exceladvisor.org\/pt\/\",\"logo\":{\"@type\":\"ImageObject\",\"inLanguage\":\"pt-PT\",\"@id\":\"https:\/\/exceladvisor.org\/pt\/#\/schema\/logo\/image\/\",\"url\":\"https:\/\/exceladvisor.org\/pt\/wp-content\/uploads\/2023\/12\/exceladvisor.org_.png\",\"contentUrl\":\"https:\/\/exceladvisor.org\/pt\/wp-content\/uploads\/2023\/12\/exceladvisor.org_.png\",\"width\":105,\"height\":36,\"caption\":\"Excel Advisor\"},\"image\":{\"@id\":\"https:\/\/exceladvisor.org\/pt\/#\/schema\/logo\/image\/\"}}]}<\/script>\n<!-- \/ Yoast SEO plugin. -->","yoast_head_json":{"title":"Como deletar um arquivo usando VBA no Excel?","description":"Este tutorial explica como excluir uma pasta de trabalho usando c\u00f3digo VBA. Abrange dois m\u00e9todos diferentes.","robots":{"index":"index","follow":"follow","max-snippet":"max-snippet:-1","max-image-preview":"max-image-preview:large","max-video-preview":"max-video-preview:-1"},"canonical":"https:\/\/exceladvisor.org\/pt\/excluir-arquivo\/","og_locale":"pt_PT","og_type":"article","og_title":"Como deletar um arquivo usando VBA no Excel?","og_description":"Este tutorial explica como excluir uma pasta de trabalho usando c\u00f3digo VBA. Abrange dois m\u00e9todos diferentes.","og_url":"https:\/\/exceladvisor.org\/pt\/excluir-arquivo\/","og_site_name":"Excel Advisor","article_modified_time":"2023-12-06T11:37:16+00:00","og_image":[{"url":"https:\/\/exceladvisor.org\/wp-content\/uploads\/2023\/08\/1-supprimer-un-fichier-en-utilisant-la-fonction-vba-kill.png","type":"","width":"","height":""}],"twitter_card":"summary_large_image","twitter_misc":{"Tempo estimado de leitura":"2 minutos"},"schema":{"@context":"https:\/\/schema.org","@graph":[{"@type":"WebPage","@id":"https:\/\/exceladvisor.org\/pt\/excluir-arquivo\/","url":"https:\/\/exceladvisor.org\/pt\/excluir-arquivo\/","name":"Como deletar um arquivo usando VBA no Excel?","isPartOf":{"@id":"https:\/\/exceladvisor.org\/pt\/#website"},"primaryImageOfPage":{"@id":"https:\/\/exceladvisor.org\/pt\/excluir-arquivo\/#primaryimage"},"image":{"@id":"https:\/\/exceladvisor.org\/pt\/excluir-arquivo\/#primaryimage"},"thumbnailUrl":"https:\/\/exceladvisor.org\/wp-content\/uploads\/2023\/08\/1-supprimer-un-fichier-en-utilisant-la-fonction-vba-kill.png","datePublished":"2023-11-17T11:10:09+00:00","dateModified":"2023-12-06T11:37:16+00:00","description":"Este tutorial explica como excluir uma pasta de trabalho usando c\u00f3digo VBA. Abrange dois m\u00e9todos diferentes.","breadcrumb":{"@id":"https:\/\/exceladvisor.org\/pt\/excluir-arquivo\/#breadcrumb"},"inLanguage":"pt-PT","potentialAction":[{"@type":"ReadAction","target":["https:\/\/exceladvisor.org\/pt\/excluir-arquivo\/"]}]},{"@type":"ImageObject","inLanguage":"pt-PT","@id":"https:\/\/exceladvisor.org\/pt\/excluir-arquivo\/#primaryimage","url":"https:\/\/exceladvisor.org\/wp-content\/uploads\/2023\/08\/1-supprimer-un-fichier-en-utilisant-la-fonction-vba-kill.png","contentUrl":"https:\/\/exceladvisor.org\/wp-content\/uploads\/2023\/08\/1-supprimer-un-fichier-en-utilisant-la-fonction-vba-kill.png"},{"@type":"BreadcrumbList","@id":"https:\/\/exceladvisor.org\/pt\/excluir-arquivo\/#breadcrumb","itemListElement":[{"@type":"ListItem","position":1,"name":"Lar","item":"https:\/\/exceladvisor.org\/pt\/"},{"@type":"ListItem","position":2,"name":"Como deletar um arquivo usando vba no excel?"}]},{"@type":"WebSite","@id":"https:\/\/exceladvisor.org\/pt\/#website","url":"https:\/\/exceladvisor.org\/pt\/","name":"Excel Advisor","description":"O seu guia definitivo para dominar os dados!","publisher":{"@id":"https:\/\/exceladvisor.org\/pt\/#organization"},"potentialAction":[{"@type":"SearchAction","target":{"@type":"EntryPoint","urlTemplate":"https:\/\/exceladvisor.org\/pt\/?s={search_term_string}"},"query-input":{"@type":"PropertyValueSpecification","valueRequired":true,"valueName":"search_term_string"}}],"inLanguage":"pt-PT"},{"@type":"Organization","@id":"https:\/\/exceladvisor.org\/pt\/#organization","name":"Excel Advisor","url":"https:\/\/exceladvisor.org\/pt\/","logo":{"@type":"ImageObject","inLanguage":"pt-PT","@id":"https:\/\/exceladvisor.org\/pt\/#\/schema\/logo\/image\/","url":"https:\/\/exceladvisor.org\/pt\/wp-content\/uploads\/2023\/12\/exceladvisor.org_.png","contentUrl":"https:\/\/exceladvisor.org\/pt\/wp-content\/uploads\/2023\/12\/exceladvisor.org_.png","width":105,"height":36,"caption":"Excel Advisor"},"image":{"@id":"https:\/\/exceladvisor.org\/pt\/#\/schema\/logo\/image\/"}}]}},"yoast_meta":{"yoast_wpseo_title":"","yoast_wpseo_metadesc":"","yoast_wpseo_canonical":""},"_links":{"self":[{"href":"https:\/\/exceladvisor.org\/pt\/wp-json\/wp\/v2\/pages\/70","targetHints":{"allow":["GET"]}}],"collection":[{"href":"https:\/\/exceladvisor.org\/pt\/wp-json\/wp\/v2\/pages"}],"about":[{"href":"https:\/\/exceladvisor.org\/pt\/wp-json\/wp\/v2\/types\/page"}],"author":[{"embeddable":true,"href":"https:\/\/exceladvisor.org\/pt\/wp-json\/wp\/v2\/users\/1"}],"replies":[{"embeddable":true,"href":"https:\/\/exceladvisor.org\/pt\/wp-json\/wp\/v2\/comments?post=70"}],"version-history":[{"count":1,"href":"https:\/\/exceladvisor.org\/pt\/wp-json\/wp\/v2\/pages\/70\/revisions"}],"predecessor-version":[{"id":1024,"href":"https:\/\/exceladvisor.org\/pt\/wp-json\/wp\/v2\/pages\/70\/revisions\/1024"}],"wp:attachment":[{"href":"https:\/\/exceladvisor.org\/pt\/wp-json\/wp\/v2\/media?parent=70"}],"curies":[{"name":"wp","href":"https:\/\/api.w.org\/{rel}","templated":true}]}}