{"id":700,"date":"2023-09-26T05:54:25","date_gmt":"2023-09-26T05:54:25","guid":{"rendered":"https:\/\/exceladvisor.org\/pt\/formatos-de-data-personalizados\/"},"modified":"2023-12-06T11:33:31","modified_gmt":"2023-12-06T11:33:31","slug":"formatos-de-data-personalizados","status":"publish","type":"page","link":"https:\/\/exceladvisor.org\/pt\/formatos-de-data-personalizados\/","title":{"rendered":"5 formatos de data personalizados no excel"},"content":{"rendered":"<div class=\"excel-before-content-2\" id=\"excel-1992037798\"><script type=\"text\/javascript\">\r\n\tatOptions = {\r\n\t\t'key' : 'c1158f160081d6540a8409e6925dab94',\r\n\t\t'format' : 'iframe',\r\n\t\t'height' : 250,\r\n\t\t'width' : 300,\r\n\t\t'params' : {}\r\n\t};\r\n<\/script>\r\n<script type=\"text\/javascript\" src=\"\/\/www.highperformanceformat.com\/c1158f160081d6540a8409e6925dab94\/invoke.js\"><\/script><\/div><div class=\"excel-before-content\" id=\"excel-1752590217\"><script type=\"text\/javascript\">\r\n\tatOptions = {\r\n\t\t'key' : 'c1158f160081d6540a8409e6925dab94',\r\n\t\t'format' : 'iframe',\r\n\t\t'height' : 250,\r\n\t\t'width' : 300,\r\n\t\t'params' : {}\r\n\t};\r\n<\/script>\r\n<script type=\"text\/javascript\" src=\"\/\/www.highperformanceformat.com\/c1158f160081d6540a8409e6925dab94\/invoke.js\"><\/script><\/div> <p>\u00c0s vezes precisamos usar um formato de data personalizado que n\u00e3o est\u00e1 em conformidade com os formatos de data padr\u00e3o. Como voc\u00ea sabe, temos a sorte de ter uma formata\u00e7\u00e3o personalizada para que voc\u00ea possa criar uma data personalizada com um n\u00famero de s\u00e9rie de data normal.<\/p><p> A vantagem de um formato personalizado \u00e9 que voc\u00ea n\u00e3o precisa alterar o n\u00famero de s\u00e9rie da data real, o que significa que voc\u00ea pode detalhar essas datas nos c\u00e1lculos.<\/p><p> Ent\u00e3o, hoje eu gostaria de compartilhar com voc\u00eas alguns dos meus formatos de data personalizados favoritos que podem ajud\u00e1-lo a apresentar as datas de uma forma \u00fanica.<\/p><h2 class=\"wp-block-heading\"> Como usar esses formatos de data personalizados<\/h2><p> Para todos os formatos que mencionei acima, voc\u00ea precisa seguir as etapas abaixo.<\/p><ol><li> Selecione a c\u00e9lula onde deseja aplicar o formato.<\/li><li> Agora pressione o bot\u00e3o direito e selecione \u201cFormatar c\u00e9lula\u201d. Ou voc\u00ea tamb\u00e9m pode usar um atalho de teclado <a href=\"https:\/\/exceladvisor.org\/pt\/abrir-opcoes-de-formato-de-celula\/\">Ctrl + 1 para abrir as op\u00e7\u00f5es de Formatar c\u00e9lulas<\/a> .<\/li><li> Depois disso, selecione personalizado e insira o formato na barra de entrada e clique em OK. <\/li><\/ol><div class=\"wp-block-image\"><figure class=\"aligncenter\"><img decoding=\"async\" src=\"https:\/\/exceladvisor.org\/wp-content\/uploads\/2023\/08\/ajouter-un-format-personnalise-a-loption-de-format-de-cellule.png\" sizes=\"\" srcset=\"\" alt=\"adicionar formato personalizado \u00e0 op\u00e7\u00e3o de formato de c\u00e9lula\"><\/figure><\/div><h2 class=\"wp-block-heading\"> Nome do dia<\/h2><p> Este \u00e9 o meu favorito. Se voc\u00ea estiver trabalhando em determinadas datas nas quais deseja obter apenas o nome do dia, este formato de data personalizado pode ajud\u00e1-lo. <\/p><pre class=\"wp-block-code\"> <code class=\"language-excel-formula\" lang=\"excel-formula\">\"It's\" dddd<\/code><\/pre><div class=\"wp-block-image\"><figure class=\"aligncenter\"><img decoding=\"async\" src=\"https:\/\/exceladvisor.org\/wp-content\/uploads\/2023\/08\/nom-du-jour-format-de-date-personnalise-dans-excel.gif\" sizes=\"\" srcset=\"\" alt=\"formato de data personalizado do nome do dia no Excel\"><\/figure><\/div><p> E, se quiser obter o nome do dia de forma abreviada, pode usar o formato abaixo.<\/p><pre class=\"wp-block-code\"> <code class=\"language-Visual Basic\" lang=\"Visual Basic\">\"It's\" ddd<\/code><\/pre><h2 class=\"wp-block-heading\"> N\u00famero do dia<\/h2><p> Assim como o nome do dia, se quiser obter o n\u00famero do dia, voc\u00ea pode usar este formato personalizado. <\/p><pre class=\"wp-block-code\"> <code class=\"language-Visual Basic\" lang=\"Visual Basic\">\"Day\" d<\/code><\/pre><div class=\"wp-block-image\"><figure class=\"aligncenter\"><img decoding=\"async\" src=\"https:\/\/exceladvisor.org\/wp-content\/uploads\/2023\/08\/un-numero-de-jour-avec-un-format-de-date-personnalise.gif\" sizes=\"\" srcset=\"\" alt=\"um n\u00famero de dia com um formato de data personalizado\"><\/figure><\/div><h2 class=\"wp-block-heading\"> Nome do m\u00eas<\/h2><p> Este formato de data personalizado ajudar\u00e1 voc\u00ea a obter o nome do m\u00eas para o valor da data. E voc\u00ea tamb\u00e9m pode adicionar texto personalizado conforme sua necessidade. <\/p><pre class=\"wp-block-code\"> <code class=\"language-Visual Basic\" lang=\"Visual Basic\">\"Current Month is:\" mmmm<\/code><\/pre><div class=\"wp-block-image\"><figure class=\"aligncenter\"><img decoding=\"async\" src=\"https:\/\/exceladvisor.org\/wp-content\/uploads\/2023\/08\/un-nom-de-mois-complet-avec-un-format-personnalise.png\" sizes=\"\" srcset=\"\" alt=\"um nome completo do m\u00eas com um formato personalizado\"><\/figure><\/div><h2 class=\"wp-block-heading\"> Data com nome do dia<\/h2><p> Este formato ajuda voc\u00ea com uma data com o nome do dia no final. <\/p><pre class=\"wp-block-code\"> <code class=\"language-Visual Basic\" lang=\"Visual Basic\">dd-mmm-yyyy (ddd)<\/code><\/pre><div class=\"wp-block-image\"><figure class=\"aligncenter\"><img decoding=\"async\" src=\"https:\/\/exceladvisor.org\/wp-content\/uploads\/2023\/08\/une-date-simple-avec-le-nom-du-jour-avec-un-format-personnalise.png\" sizes=\"\" srcset=\"\" alt=\"uma data simples com o nome do dia em formato personalizado\"><\/figure><\/div><h2 class=\"wp-block-heading\"> Data de texto longo<\/h2><p> E, se quiser dados de texto longo, voc\u00ea pode fazer isso usando o formato abaixo. <\/p><pre class=\"wp-block-code\"> <code class=\"language-Visual Basic\" lang=\"Visual Basic\">\"Today is Day\" d\", Month\" m \"&amp; Year\" yyyy.<\/code><\/pre><div class=\"wp-block-image\"><figure class=\"aligncenter\"><img decoding=\"async\" src=\"https:\/\/exceladvisor.org\/wp-content\/uploads\/2023\/08\/une-longue-date-textuelle-avec-un-format-personnalise.png\" sizes=\"\" srcset=\"\" alt=\"uma data de texto longo com formato personalizado\"><\/figure><\/div><p> Agora me diga uma coisa. <strong>Voc\u00ea tem um formato que usa<\/strong> ? Compartilhe comigo na se\u00e7\u00e3o de coment\u00e1rios.<\/p><div class=\"gb-container gb-container-0df56012 gb-container-mt\"> <a class=\"gb-button gb-button-f9f432f4 gb-button-text gb-button-mt-button\" href=\"https:\/\/exceladvisor.org\/pt\/formulas\/\">Lista de f\u00f3rmulas do Excel<\/a><h2 class=\"gb-headline gb-headline-233444e8 gb-headline-text gb-headline-mt-heading\"> F\u00f3rmulas relacionadas <\/h2><div class=\"gb-grid-wrapper gb-grid-wrapper-a16fa65c gb-grid-wrapper-mt-grid\"><div class=\"gb-grid-column gb-grid-column-50d07e0d\"><div class=\"gb-container gb-container-50d07e0d\"><ul><li> <a href=\"https:\/\/exceladvisor.org\/pt\/comparar-duas-datas\/\">Compare duas datas no Excel<\/a><\/li><li> <a href=\"https:\/\/exceladvisor.org\/pt\/converter-data-em-numero\/\">Converter data em n\u00famero no Excel<\/a><\/li><li> <a href=\"https:\/\/exceladvisor.org\/pt\/texto-ate-o-momento\/\">Converter texto atualizado no Excel<\/a><\/li><li> <a href=\"https:\/\/exceladvisor.org\/pt\/intervalo-de-datas\/\">Crie um intervalo de datas no Excel<\/a> <\/li><\/ul><\/div><\/div><div class=\"gb-grid-column gb-grid-column-5b4a0cf9\"><div class=\"gb-container gb-container-5b4a0cf9\"><ul><li> <a href=\"https:\/\/exceladvisor.org\/pt\/destacando-entre-duas-datas\/\">Destacar datas entre duas datas no Excel<\/a><\/li><li> <a href=\"https:\/\/exceladvisor.org\/pt\/concatenar-duas-datas\/\">Concatene rapidamente duas datas no Excel<\/a><\/li><li> <a href=\"https:\/\/exceladvisor.org\/pt\/gerador-de-data-aleatoria\/\">Gerador de data aleat\u00f3ria (f\u00f3rmula Excel) no Excel<\/a><\/li><li> <a href=\"https:\/\/exceladvisor.org\/pt\/combinar-data-e-hora\/\">Combine data e hora no Excel<\/a><\/li><\/ul><\/div><\/div><\/div><\/div>","protected":false},"excerpt":{"rendered":"","protected":false},"author":1,"featured_media":0,"parent":0,"menu_order":0,"comment_status":"open","ping_status":"closed","template":"","meta":{"ub_ctt_via":"","footnotes":""},"class_list":["post-700","page","type-page","status-publish","hentry"],"featured_image_src":null,"yoast_head":"<!-- This site is optimized with the Yoast SEO plugin v25.4 - https:\/\/yoast.com\/wordpress\/plugins\/seo\/ -->\n<title>\u25b7 5 formatos de data personalizados no Excel (\u00faltimo 2023)<\/title>\n<meta name=\"description\" content=\"Neste artigo, voc\u00ea aprender\u00e1 alguns formatos de data personalizados \u00fateis. Voc\u00ea pode usar esses formatos para exibir suas datas...\" \/>\n<meta name=\"robots\" content=\"index, follow, max-snippet:-1, max-image-preview:large, max-video-preview:-1\" \/>\n<link rel=\"canonical\" href=\"https:\/\/exceladvisor.org\/pt\/formatos-de-data-personalizados\/\" \/>\n<meta property=\"og:locale\" content=\"pt_PT\" \/>\n<meta property=\"og:type\" content=\"article\" \/>\n<meta property=\"og:title\" content=\"\u25b7 5 formatos de data personalizados no Excel (\u00faltimo 2023)\" \/>\n<meta property=\"og:description\" content=\"Neste artigo, voc\u00ea aprender\u00e1 alguns formatos de data personalizados \u00fateis. Voc\u00ea pode usar esses formatos para exibir suas datas...\" \/>\n<meta property=\"og:url\" content=\"https:\/\/exceladvisor.org\/pt\/formatos-de-data-personalizados\/\" \/>\n<meta property=\"og:site_name\" content=\"Excel Advisor\" \/>\n<meta property=\"article:modified_time\" content=\"2023-12-06T11:33:31+00:00\" \/>\n<meta property=\"og:image\" content=\"https:\/\/exceladvisor.org\/wp-content\/uploads\/2023\/08\/ajouter-un-format-personnalise-a-loption-de-format-de-cellule.png\" \/>\n<meta name=\"twitter:card\" content=\"summary_large_image\" \/>\n<meta name=\"twitter:label1\" content=\"Tempo estimado de leitura\" \/>\n\t<meta name=\"twitter:data1\" content=\"2 minutos\" \/>\n<script type=\"application\/ld+json\" class=\"yoast-schema-graph\">{\"@context\":\"https:\/\/schema.org\",\"@graph\":[{\"@type\":\"WebPage\",\"@id\":\"https:\/\/exceladvisor.org\/pt\/formatos-de-data-personalizados\/\",\"url\":\"https:\/\/exceladvisor.org\/pt\/formatos-de-data-personalizados\/\",\"name\":\"\u25b7 5 formatos de data personalizados no Excel (\u00faltimo 2023)\",\"isPartOf\":{\"@id\":\"https:\/\/exceladvisor.org\/pt\/#website\"},\"primaryImageOfPage\":{\"@id\":\"https:\/\/exceladvisor.org\/pt\/formatos-de-data-personalizados\/#primaryimage\"},\"image\":{\"@id\":\"https:\/\/exceladvisor.org\/pt\/formatos-de-data-personalizados\/#primaryimage\"},\"thumbnailUrl\":\"https:\/\/exceladvisor.org\/wp-content\/uploads\/2023\/08\/ajouter-un-format-personnalise-a-loption-de-format-de-cellule.png\",\"datePublished\":\"2023-09-26T05:54:25+00:00\",\"dateModified\":\"2023-12-06T11:33:31+00:00\",\"description\":\"Neste artigo, voc\u00ea aprender\u00e1 alguns formatos de data personalizados \u00fateis. Voc\u00ea pode usar esses formatos para exibir suas datas...\",\"breadcrumb\":{\"@id\":\"https:\/\/exceladvisor.org\/pt\/formatos-de-data-personalizados\/#breadcrumb\"},\"inLanguage\":\"pt-PT\",\"potentialAction\":[{\"@type\":\"ReadAction\",\"target\":[\"https:\/\/exceladvisor.org\/pt\/formatos-de-data-personalizados\/\"]}]},{\"@type\":\"ImageObject\",\"inLanguage\":\"pt-PT\",\"@id\":\"https:\/\/exceladvisor.org\/pt\/formatos-de-data-personalizados\/#primaryimage\",\"url\":\"https:\/\/exceladvisor.org\/wp-content\/uploads\/2023\/08\/ajouter-un-format-personnalise-a-loption-de-format-de-cellule.png\",\"contentUrl\":\"https:\/\/exceladvisor.org\/wp-content\/uploads\/2023\/08\/ajouter-un-format-personnalise-a-loption-de-format-de-cellule.png\"},{\"@type\":\"BreadcrumbList\",\"@id\":\"https:\/\/exceladvisor.org\/pt\/formatos-de-data-personalizados\/#breadcrumb\",\"itemListElement\":[{\"@type\":\"ListItem\",\"position\":1,\"name\":\"Lar\",\"item\":\"https:\/\/exceladvisor.org\/pt\/\"},{\"@type\":\"ListItem\",\"position\":2,\"name\":\"5 formatos de data personalizados no excel\"}]},{\"@type\":\"WebSite\",\"@id\":\"https:\/\/exceladvisor.org\/pt\/#website\",\"url\":\"https:\/\/exceladvisor.org\/pt\/\",\"name\":\"Excel Advisor\",\"description\":\"O seu guia definitivo para dominar os dados!\",\"publisher\":{\"@id\":\"https:\/\/exceladvisor.org\/pt\/#organization\"},\"potentialAction\":[{\"@type\":\"SearchAction\",\"target\":{\"@type\":\"EntryPoint\",\"urlTemplate\":\"https:\/\/exceladvisor.org\/pt\/?s={search_term_string}\"},\"query-input\":{\"@type\":\"PropertyValueSpecification\",\"valueRequired\":true,\"valueName\":\"search_term_string\"}}],\"inLanguage\":\"pt-PT\"},{\"@type\":\"Organization\",\"@id\":\"https:\/\/exceladvisor.org\/pt\/#organization\",\"name\":\"Excel Advisor\",\"url\":\"https:\/\/exceladvisor.org\/pt\/\",\"logo\":{\"@type\":\"ImageObject\",\"inLanguage\":\"pt-PT\",\"@id\":\"https:\/\/exceladvisor.org\/pt\/#\/schema\/logo\/image\/\",\"url\":\"https:\/\/exceladvisor.org\/pt\/wp-content\/uploads\/2023\/12\/exceladvisor.org_.png\",\"contentUrl\":\"https:\/\/exceladvisor.org\/pt\/wp-content\/uploads\/2023\/12\/exceladvisor.org_.png\",\"width\":105,\"height\":36,\"caption\":\"Excel Advisor\"},\"image\":{\"@id\":\"https:\/\/exceladvisor.org\/pt\/#\/schema\/logo\/image\/\"}}]}<\/script>\n<!-- \/ Yoast SEO plugin. -->","yoast_head_json":{"title":"\u25b7 5 formatos de data personalizados no Excel (\u00faltimo 2023)","description":"Neste artigo, voc\u00ea aprender\u00e1 alguns formatos de data personalizados \u00fateis. Voc\u00ea pode usar esses formatos para exibir suas datas...","robots":{"index":"index","follow":"follow","max-snippet":"max-snippet:-1","max-image-preview":"max-image-preview:large","max-video-preview":"max-video-preview:-1"},"canonical":"https:\/\/exceladvisor.org\/pt\/formatos-de-data-personalizados\/","og_locale":"pt_PT","og_type":"article","og_title":"\u25b7 5 formatos de data personalizados no Excel (\u00faltimo 2023)","og_description":"Neste artigo, voc\u00ea aprender\u00e1 alguns formatos de data personalizados \u00fateis. Voc\u00ea pode usar esses formatos para exibir suas datas...","og_url":"https:\/\/exceladvisor.org\/pt\/formatos-de-data-personalizados\/","og_site_name":"Excel Advisor","article_modified_time":"2023-12-06T11:33:31+00:00","og_image":[{"url":"https:\/\/exceladvisor.org\/wp-content\/uploads\/2023\/08\/ajouter-un-format-personnalise-a-loption-de-format-de-cellule.png","type":"","width":"","height":""}],"twitter_card":"summary_large_image","twitter_misc":{"Tempo estimado de leitura":"2 minutos"},"schema":{"@context":"https:\/\/schema.org","@graph":[{"@type":"WebPage","@id":"https:\/\/exceladvisor.org\/pt\/formatos-de-data-personalizados\/","url":"https:\/\/exceladvisor.org\/pt\/formatos-de-data-personalizados\/","name":"\u25b7 5 formatos de data personalizados no Excel (\u00faltimo 2023)","isPartOf":{"@id":"https:\/\/exceladvisor.org\/pt\/#website"},"primaryImageOfPage":{"@id":"https:\/\/exceladvisor.org\/pt\/formatos-de-data-personalizados\/#primaryimage"},"image":{"@id":"https:\/\/exceladvisor.org\/pt\/formatos-de-data-personalizados\/#primaryimage"},"thumbnailUrl":"https:\/\/exceladvisor.org\/wp-content\/uploads\/2023\/08\/ajouter-un-format-personnalise-a-loption-de-format-de-cellule.png","datePublished":"2023-09-26T05:54:25+00:00","dateModified":"2023-12-06T11:33:31+00:00","description":"Neste artigo, voc\u00ea aprender\u00e1 alguns formatos de data personalizados \u00fateis. Voc\u00ea pode usar esses formatos para exibir suas datas...","breadcrumb":{"@id":"https:\/\/exceladvisor.org\/pt\/formatos-de-data-personalizados\/#breadcrumb"},"inLanguage":"pt-PT","potentialAction":[{"@type":"ReadAction","target":["https:\/\/exceladvisor.org\/pt\/formatos-de-data-personalizados\/"]}]},{"@type":"ImageObject","inLanguage":"pt-PT","@id":"https:\/\/exceladvisor.org\/pt\/formatos-de-data-personalizados\/#primaryimage","url":"https:\/\/exceladvisor.org\/wp-content\/uploads\/2023\/08\/ajouter-un-format-personnalise-a-loption-de-format-de-cellule.png","contentUrl":"https:\/\/exceladvisor.org\/wp-content\/uploads\/2023\/08\/ajouter-un-format-personnalise-a-loption-de-format-de-cellule.png"},{"@type":"BreadcrumbList","@id":"https:\/\/exceladvisor.org\/pt\/formatos-de-data-personalizados\/#breadcrumb","itemListElement":[{"@type":"ListItem","position":1,"name":"Lar","item":"https:\/\/exceladvisor.org\/pt\/"},{"@type":"ListItem","position":2,"name":"5 formatos de data personalizados no excel"}]},{"@type":"WebSite","@id":"https:\/\/exceladvisor.org\/pt\/#website","url":"https:\/\/exceladvisor.org\/pt\/","name":"Excel Advisor","description":"O seu guia definitivo para dominar os dados!","publisher":{"@id":"https:\/\/exceladvisor.org\/pt\/#organization"},"potentialAction":[{"@type":"SearchAction","target":{"@type":"EntryPoint","urlTemplate":"https:\/\/exceladvisor.org\/pt\/?s={search_term_string}"},"query-input":{"@type":"PropertyValueSpecification","valueRequired":true,"valueName":"search_term_string"}}],"inLanguage":"pt-PT"},{"@type":"Organization","@id":"https:\/\/exceladvisor.org\/pt\/#organization","name":"Excel Advisor","url":"https:\/\/exceladvisor.org\/pt\/","logo":{"@type":"ImageObject","inLanguage":"pt-PT","@id":"https:\/\/exceladvisor.org\/pt\/#\/schema\/logo\/image\/","url":"https:\/\/exceladvisor.org\/pt\/wp-content\/uploads\/2023\/12\/exceladvisor.org_.png","contentUrl":"https:\/\/exceladvisor.org\/pt\/wp-content\/uploads\/2023\/12\/exceladvisor.org_.png","width":105,"height":36,"caption":"Excel Advisor"},"image":{"@id":"https:\/\/exceladvisor.org\/pt\/#\/schema\/logo\/image\/"}}]}},"yoast_meta":{"yoast_wpseo_title":"","yoast_wpseo_metadesc":"","yoast_wpseo_canonical":""},"_links":{"self":[{"href":"https:\/\/exceladvisor.org\/pt\/wp-json\/wp\/v2\/pages\/700","targetHints":{"allow":["GET"]}}],"collection":[{"href":"https:\/\/exceladvisor.org\/pt\/wp-json\/wp\/v2\/pages"}],"about":[{"href":"https:\/\/exceladvisor.org\/pt\/wp-json\/wp\/v2\/types\/page"}],"author":[{"embeddable":true,"href":"https:\/\/exceladvisor.org\/pt\/wp-json\/wp\/v2\/users\/1"}],"replies":[{"embeddable":true,"href":"https:\/\/exceladvisor.org\/pt\/wp-json\/wp\/v2\/comments?post=700"}],"version-history":[{"count":1,"href":"https:\/\/exceladvisor.org\/pt\/wp-json\/wp\/v2\/pages\/700\/revisions"}],"predecessor-version":[{"id":749,"href":"https:\/\/exceladvisor.org\/pt\/wp-json\/wp\/v2\/pages\/700\/revisions\/749"}],"wp:attachment":[{"href":"https:\/\/exceladvisor.org\/pt\/wp-json\/wp\/v2\/media?parent=700"}],"curies":[{"name":"wp","href":"https:\/\/api.w.org\/{rel}","templated":true}]}}