{"id":701,"date":"2023-09-26T05:13:14","date_gmt":"2023-09-26T05:13:14","guid":{"rendered":"https:\/\/exceladvisor.org\/pt\/erro-de-referencia\/"},"modified":"2023-12-06T11:36:28","modified_gmt":"2023-12-06T11:36:28","slug":"erro-de-referencia","status":"publish","type":"page","link":"https:\/\/exceladvisor.org\/pt\/erro-de-referencia\/","title":{"rendered":"Como corrigir #ref! erro no excel?"},"content":{"rendered":"<div class=\"excel-before-content-2\" id=\"excel-698239471\"><script type=\"text\/javascript\">\r\n\tatOptions = {\r\n\t\t'key' : 'c1158f160081d6540a8409e6925dab94',\r\n\t\t'format' : 'iframe',\r\n\t\t'height' : 250,\r\n\t\t'width' : 300,\r\n\t\t'params' : {}\r\n\t};\r\n<\/script>\r\n<script type=\"text\/javascript\" src=\"\/\/www.highperformanceformat.com\/c1158f160081d6540a8409e6925dab94\/invoke.js\"><\/script><\/div><div class=\"excel-before-content\" id=\"excel-1132915370\"><script type=\"text\/javascript\">\r\n\tatOptions = {\r\n\t\t'key' : 'c1158f160081d6540a8409e6925dab94',\r\n\t\t'format' : 'iframe',\r\n\t\t'height' : 250,\r\n\t\t'width' : 300,\r\n\t\t'params' : {}\r\n\t};\r\n<\/script>\r\n<script type=\"text\/javascript\" src=\"\/\/www.highperformanceformat.com\/c1158f160081d6540a8409e6925dab94\/invoke.js\"><\/script><\/div> <p>Na maioria das vezes, #REF! Ocorre um erro quando voc\u00ea insere uma f\u00f3rmula em uma c\u00e9lula e a refer\u00eancia nessa f\u00f3rmula \u00e9 inv\u00e1lida. Ent\u00e3o, por exemplo, digamos que voc\u00ea tenha uma f\u00f3rmula que soma os valores das cinco c\u00e9lulas acima, e copie e cole essa f\u00f3rmula em um local onde voc\u00ea tenha apenas tr\u00eas c\u00e9lulas acima; voc\u00ea receber\u00e1 o #REF! Erro.<\/p><h2 id=\"h-copied-formula-to-a-new-location\" class=\"wp-block-heading\"> F\u00f3rmula copiada para novo local<\/h2><p> No exemplo abaixo, temos a f\u00f3rmula da soma na c\u00e9lula A5, que soma os valores do intervalo A1:A5. Voc\u00ea tem uma refer\u00eancia de c\u00e9lula relativa na f\u00f3rmula. <\/p><div class=\"wp-block-image\"><figure class=\"aligncenter size-full is-resized\"><img loading=\"lazy\" decoding=\"async\" class=\"wp-image-82504\" src=\"https:\/\/exceladvisor.org\/wp-content\/uploads\/2023\/08\/1-erreur-de-reference-dans-excel.png\" sizes=\"auto, \" srcset=\"\" alt=\"erro de refer\u00eancia no Excel\" width=\"378\" height=\"382\"><\/figure><\/div><p> E quando voc\u00ea copia e cola esta f\u00f3rmula na c\u00e9lula C3, ela retorna #REF! no resultado. <\/p><div class=\"wp-block-image\"><figure class=\"aligncenter size-full is-resized\"><img loading=\"lazy\" decoding=\"async\" class=\"wp-image-82505\" src=\"https:\/\/exceladvisor.org\/wp-content\/uploads\/2023\/08\/2-renvoie-lerreur-de-reference.png\" sizes=\"auto, \" srcset=\"\" alt=\"erro de refer\u00eancia de retorno\" width=\"496\" height=\"377\"><\/figure><\/div><p> Como eu disse antes, quando voc\u00ea copia a f\u00f3rmula de A6 para C3, C3 n\u00e3o tem cinco c\u00e9lulas acima, o que significa que \u00e9 imposs\u00edvel fazer refer\u00eancia a cinco c\u00e9lulas de cima.<\/p><h2 id=\"h-ref-error-with-vlookup\" class=\"wp-block-heading\"> #REF! Erro com PROCV<\/h2><p> Ao usar VLOOKUP, especifique a coluna da qual deseja obter o valor. <\/p><div class=\"wp-block-image\"><figure class=\"aligncenter size-full is-resized\"><img loading=\"lazy\" decoding=\"async\" class=\"wp-image-82506\" src=\"https:\/\/exceladvisor.org\/wp-content\/uploads\/2023\/08\/3-erreur-de-reference-avec-la-recherche-v.png\" sizes=\"auto, \" srcset=\"\" alt=\"erro de refer\u00eancia com vlookup\" width=\"601\" height=\"317\"><\/figure><\/div><p> No exemplo acima, especificamos tr\u00eas como col_index_num na f\u00f3rmula. Mas, na tabela de consulta, temos apenas duas colunas, e \u00e9 por isso que temos o #REF! Erro no resultado. <\/p><div class=\"wp-block-image\"><figure class=\"aligncenter size-full is-resized\"><img loading=\"lazy\" decoding=\"async\" class=\"wp-image-82507\" src=\"https:\/\/exceladvisor.org\/wp-content\/uploads\/2023\/08\/4-ref-erreur-dans-le-resultat.png\" sizes=\"auto, \" srcset=\"\" alt=\"erro de refer\u00eancia no resultado\" width=\"526\" height=\"279\"><\/figure><\/div><p> Voc\u00ea poderia enfrentar a mesma coisa usando INDEX. Quando voc\u00ea tenta pesquisar um n\u00famero de linha ou coluna maior que o n\u00famero total de colunas ou linhas existentes nos dados referenciados, ele retorna um #REF! Erro no resultado. <\/p><div class=\"wp-block-image\"><figure class=\"aligncenter size-full is-resized\"><img loading=\"lazy\" decoding=\"async\" class=\"wp-image-82508\" src=\"https:\/\/exceladvisor.org\/wp-content\/uploads\/2023\/08\/5-erreur-de-reference-lors-de-lutilisation-de-lindex.png\" sizes=\"auto, \" srcset=\"\" alt=\"erro de refer\u00eancia ao usar o \u00edndice\" width=\"470\" height=\"310\"><\/figure><\/div><p> No exemplo acima, procuramos o valor na 7\u00aa linha do intervalo, mas temos apenas 6 c\u00e9lulas no total.<\/p><h2 id=\"h-ref-error-when-you-delete-a-column\" class=\"wp-block-heading\"> #REF! Erro ao excluir uma coluna<\/h2><p> No exemplo abaixo, nos referimos ao intervalo A1:C3 como tr\u00eas partes. <\/p><div class=\"wp-block-image\"><figure class=\"aligncenter size-full is-resized\"><img loading=\"lazy\" decoding=\"async\" class=\"wp-image-82509\" src=\"https:\/\/exceladvisor.org\/wp-content\/uploads\/2023\/08\/6-erreur-de-reference-lors-de-la-suppression-dune-colonne.png\" sizes=\"auto, \" srcset=\"\" alt=\"ref-error-quando-excluir-uma-coluna\" width=\"474\" height=\"395\"><\/figure><\/div><p> Mas se voc\u00ea remover uma dessas colunas, a f\u00f3rmula retornar\u00e1 um #REF! Erro no resultado. <\/p><div class=\"wp-block-image\"><figure class=\"aligncenter size-full is-resized\"><img loading=\"lazy\" decoding=\"async\" class=\"wp-image-82510\" src=\"https:\/\/exceladvisor.org\/wp-content\/uploads\/2023\/08\/7-la-formule-renvoie-une-erreur-de-reference.png\" sizes=\"auto, \" srcset=\"\" alt=\"erro de refer\u00eancia de retorno de f\u00f3rmula\" width=\"484\" height=\"330\"><\/figure><\/div><h2 id=\"h-other-reasons\" class=\"wp-block-heading\"> Outras raz\u00f5es<\/h2><p> Ao usar a fun\u00e7\u00e3o INDIRETO, se voc\u00ea estiver se referindo a uma c\u00e9lula ou intervalo em uma pasta de trabalho fechada. H\u00e1 uma chance de voc\u00ea conseguir o #REF! Erro no resultado. <\/p><div class=\"wp-block-image\"><figure class=\"aligncenter size-full is-resized\"><img loading=\"lazy\" decoding=\"async\" class=\"wp-image-82511\" src=\"https:\/\/exceladvisor.org\/wp-content\/uploads\/2023\/08\/8-ref-erreur-avec-fonction-indirecte.png\" sizes=\"auto, \" srcset=\"\" alt=\"erro de refer\u00eancia com fun\u00e7\u00e3o indireta\" width=\"665\" height=\"284\"><\/figure><\/div><h2 id=\"h-fixing-the-ref-error\" class=\"wp-block-heading\"> Corre\u00e7\u00e3o de #REF! Erro<\/h2><p> No Excel, ao trabalhar com f\u00f3rmulas, \u00e9 melhor n\u00e3o capturar o #REF! Erro com ISERROR ou qualquer outra fun\u00e7\u00e3o. \u00c9 melhor corrigir o erro quando voc\u00ea o obtiver no resultado.<\/p><p> Na maioria dos casos, voc\u00ea deve definir a refer\u00eancia ao intervalo ou c\u00e9lula e suas f\u00f3rmulas funcionar\u00e3o corretamente. Mas \u00e0s vezes pode ser dif\u00edcil saber exatamente qual refer\u00eancia est\u00e1 sendo removida ou removida.<\/p><p> Por exemplo, ao excluir uma planilha de uma pasta de trabalho, \u00e9 imposs\u00edvel desfazer esta a\u00e7\u00e3o e \u00e9 mais dif\u00edcil substituir essas refer\u00eancias na f\u00f3rmula.<\/p><h2 id=\"h-finding-all-the-ref-errors\" class=\"wp-block-heading\"> Encontre todos os #REFs! Erros<\/h2><p> Com a ajuda da op\u00e7\u00e3o FIND do Excel, voc\u00ea pode localizar e selecionar as c\u00e9lulas nas quais possui o #REF! Erro.<\/p><ol type=\"1\"><li> Abra Localizar e Substituir usando Crtl + F.<\/li><li> Insira o valor #REF! na se\u00e7\u00e3o \u201cEncontre o qu\u00ea\u201d.<\/li><li> Clique no bot\u00e3o \u201cOp\u00e7\u00f5es\u201d.<\/li><li> Selecione \u201cValores\u201d em \u201cPesquisar em\u201d.<\/li><li> Clique no bot\u00e3o \u201cPesquisar tudo\u201d. <\/li><\/ol><div class=\"wp-block-image\"><figure class=\"aligncenter size-full is-resized\"><img loading=\"lazy\" decoding=\"async\" class=\"wp-image-82512\" src=\"https:\/\/exceladvisor.org\/wp-content\/uploads\/2023\/08\/9-trouver-toutes-les-erreurs-de-reference.png\" sizes=\"auto, \" srcset=\"\" alt=\"encontrar todos os erros de refer\u00eancia\" width=\"655\" height=\"418\"><\/figure><\/div><p> Depois disso, voc\u00ea pode ir at\u00e9 cada c\u00e9lula e corrigir a f\u00f3rmula. <\/p><div class=\"gb-container gb-container-bafb25cc gb-container-download-2\"><div class=\"gb-grid-wrapper gb-grid-wrapper-91201309\"><div class=\"gb-grid-column gb-grid-column-15a917ef\"><div class=\"gb-container gb-container-15a917ef\"><h2 class=\"gb-headline gb-headline-f2deb261 gb-headline-text gb-headline-download-2\"> Obtenha o arquivo Excel <\/h2><\/div><\/div><div class=\"gb-grid-column gb-grid-column-18357188\"><div class=\"gb-container gb-container-18357188\"><div class=\"gb-container gb-container-76cbe15e\"> <a class=\"gb-button gb-button-cb63d00a gb-button-text gb-button-download-2\" href=\"https:\/\/exceladvisor.org\/wp-content\/uploads\/2023\/11\/ref.xlsx\" rel=\"nofollow\">Download<\/a><\/div><\/div><\/div><\/div><\/div><div class=\"gb-container gb-container-0df56012 gb-container-mt\"> <a class=\"gb-button gb-button-f9f432f4 gb-button-text gb-button-mt-button\" href=\"https:\/\/exceladvisor.org\/pt\/formulas\/\">Lista de f\u00f3rmulas do Excel<\/a><h2 class=\"gb-headline gb-headline-233444e8 gb-headline-text gb-headline-mt-heading\"> F\u00f3rmulas relacionadas <\/h2><div class=\"gb-grid-wrapper gb-grid-wrapper-a16fa65c gb-grid-wrapper-mt-grid\"><div class=\"gb-grid-column gb-grid-column-50d07e0d\"><div class=\"gb-container gb-container-50d07e0d\"><ul><li> <a href=\"https:\/\/exceladvisor.org\/pt\/erro-de-divisao\/\">Erro #DIV\/0<\/a><\/li><li> <a href=\"https:\/\/exceladvisor.org\/pt\/erro-de-derramamento\/\">#ESPALHAR! Erro<\/a><\/li><li> <a href=\"https:\/\/exceladvisor.org\/pt\/erro-de-valor\/\">#VALUE Erro<\/a><\/li><li> <a href=\"https:\/\/exceladvisor.org\/pt\/ignorar-erros\/\">Ignore todos os erros no Excel<\/a><\/li><li> <a href=\"https:\/\/exceladvisor.org\/pt\/nao-ha-erro\/\">Erro #N\/A<\/a> <\/li><\/ul><\/div><\/div><div class=\"gb-grid-column gb-grid-column-5b4a0cf9\"><div class=\"gb-container gb-container-5b4a0cf9\"><\/div><\/div><\/div><\/div>","protected":false},"excerpt":{"rendered":"","protected":false},"author":1,"featured_media":0,"parent":0,"menu_order":0,"comment_status":"open","ping_status":"closed","template":"","meta":{"ub_ctt_via":"","footnotes":""},"class_list":["post-701","page","type-page","status-publish","hentry"],"featured_image_src":null,"yoast_head":"<!-- This site is optimized with the Yoast SEO plugin v25.4 - https:\/\/yoast.com\/wordpress\/plugins\/seo\/ -->\n<title>Como corrigir #REF! Erro no Excel? (Tutorial 2023)<\/title>\n<meta name=\"description\" content=\"Este tutorial ir\u00e1 ajud\u00e1-lo a entender o #REF! Erro na f\u00f3rmula do Excel e maneiras de corrigi-lo. Vamos verificar isso\u2026\" \/>\n<meta name=\"robots\" content=\"index, follow, max-snippet:-1, max-image-preview:large, max-video-preview:-1\" \/>\n<link rel=\"canonical\" href=\"https:\/\/exceladvisor.org\/pt\/erro-de-referencia\/\" \/>\n<meta property=\"og:locale\" content=\"pt_PT\" \/>\n<meta property=\"og:type\" content=\"article\" \/>\n<meta property=\"og:title\" content=\"Como corrigir #REF! Erro no Excel? (Tutorial 2023)\" \/>\n<meta property=\"og:description\" content=\"Este tutorial ir\u00e1 ajud\u00e1-lo a entender o #REF! Erro na f\u00f3rmula do Excel e maneiras de corrigi-lo. Vamos verificar isso\u2026\" \/>\n<meta property=\"og:url\" content=\"https:\/\/exceladvisor.org\/pt\/erro-de-referencia\/\" \/>\n<meta property=\"og:site_name\" content=\"Excel Advisor\" \/>\n<meta property=\"article:modified_time\" content=\"2023-12-06T11:36:28+00:00\" \/>\n<meta property=\"og:image\" content=\"https:\/\/exceladvisor.org\/wp-content\/uploads\/2023\/08\/1-erreur-de-reference-dans-excel.png\" \/>\n<meta name=\"twitter:card\" content=\"summary_large_image\" \/>\n<meta name=\"twitter:label1\" content=\"Tempo estimado de leitura\" \/>\n\t<meta name=\"twitter:data1\" content=\"3 minutos\" \/>\n<script type=\"application\/ld+json\" class=\"yoast-schema-graph\">{\"@context\":\"https:\/\/schema.org\",\"@graph\":[{\"@type\":\"WebPage\",\"@id\":\"https:\/\/exceladvisor.org\/pt\/erro-de-referencia\/\",\"url\":\"https:\/\/exceladvisor.org\/pt\/erro-de-referencia\/\",\"name\":\"Como corrigir #REF! Erro no Excel? (Tutorial 2023)\",\"isPartOf\":{\"@id\":\"https:\/\/exceladvisor.org\/pt\/#website\"},\"primaryImageOfPage\":{\"@id\":\"https:\/\/exceladvisor.org\/pt\/erro-de-referencia\/#primaryimage\"},\"image\":{\"@id\":\"https:\/\/exceladvisor.org\/pt\/erro-de-referencia\/#primaryimage\"},\"thumbnailUrl\":\"https:\/\/exceladvisor.org\/wp-content\/uploads\/2023\/08\/1-erreur-de-reference-dans-excel.png\",\"datePublished\":\"2023-09-26T05:13:14+00:00\",\"dateModified\":\"2023-12-06T11:36:28+00:00\",\"description\":\"Este tutorial ir\u00e1 ajud\u00e1-lo a entender o #REF! Erro na f\u00f3rmula do Excel e maneiras de corrigi-lo. Vamos verificar isso\u2026\",\"breadcrumb\":{\"@id\":\"https:\/\/exceladvisor.org\/pt\/erro-de-referencia\/#breadcrumb\"},\"inLanguage\":\"pt-PT\",\"potentialAction\":[{\"@type\":\"ReadAction\",\"target\":[\"https:\/\/exceladvisor.org\/pt\/erro-de-referencia\/\"]}]},{\"@type\":\"ImageObject\",\"inLanguage\":\"pt-PT\",\"@id\":\"https:\/\/exceladvisor.org\/pt\/erro-de-referencia\/#primaryimage\",\"url\":\"https:\/\/exceladvisor.org\/wp-content\/uploads\/2023\/08\/1-erreur-de-reference-dans-excel.png\",\"contentUrl\":\"https:\/\/exceladvisor.org\/wp-content\/uploads\/2023\/08\/1-erreur-de-reference-dans-excel.png\"},{\"@type\":\"BreadcrumbList\",\"@id\":\"https:\/\/exceladvisor.org\/pt\/erro-de-referencia\/#breadcrumb\",\"itemListElement\":[{\"@type\":\"ListItem\",\"position\":1,\"name\":\"Lar\",\"item\":\"https:\/\/exceladvisor.org\/pt\/\"},{\"@type\":\"ListItem\",\"position\":2,\"name\":\"Como corrigir #ref! erro no excel?\"}]},{\"@type\":\"WebSite\",\"@id\":\"https:\/\/exceladvisor.org\/pt\/#website\",\"url\":\"https:\/\/exceladvisor.org\/pt\/\",\"name\":\"Excel Advisor\",\"description\":\"O seu guia definitivo para dominar os dados!\",\"publisher\":{\"@id\":\"https:\/\/exceladvisor.org\/pt\/#organization\"},\"potentialAction\":[{\"@type\":\"SearchAction\",\"target\":{\"@type\":\"EntryPoint\",\"urlTemplate\":\"https:\/\/exceladvisor.org\/pt\/?s={search_term_string}\"},\"query-input\":{\"@type\":\"PropertyValueSpecification\",\"valueRequired\":true,\"valueName\":\"search_term_string\"}}],\"inLanguage\":\"pt-PT\"},{\"@type\":\"Organization\",\"@id\":\"https:\/\/exceladvisor.org\/pt\/#organization\",\"name\":\"Excel Advisor\",\"url\":\"https:\/\/exceladvisor.org\/pt\/\",\"logo\":{\"@type\":\"ImageObject\",\"inLanguage\":\"pt-PT\",\"@id\":\"https:\/\/exceladvisor.org\/pt\/#\/schema\/logo\/image\/\",\"url\":\"https:\/\/exceladvisor.org\/pt\/wp-content\/uploads\/2023\/12\/exceladvisor.org_.png\",\"contentUrl\":\"https:\/\/exceladvisor.org\/pt\/wp-content\/uploads\/2023\/12\/exceladvisor.org_.png\",\"width\":105,\"height\":36,\"caption\":\"Excel Advisor\"},\"image\":{\"@id\":\"https:\/\/exceladvisor.org\/pt\/#\/schema\/logo\/image\/\"}}]}<\/script>\n<!-- \/ Yoast SEO plugin. -->","yoast_head_json":{"title":"Como corrigir #REF! Erro no Excel? (Tutorial 2023)","description":"Este tutorial ir\u00e1 ajud\u00e1-lo a entender o #REF! Erro na f\u00f3rmula do Excel e maneiras de corrigi-lo. Vamos verificar isso\u2026","robots":{"index":"index","follow":"follow","max-snippet":"max-snippet:-1","max-image-preview":"max-image-preview:large","max-video-preview":"max-video-preview:-1"},"canonical":"https:\/\/exceladvisor.org\/pt\/erro-de-referencia\/","og_locale":"pt_PT","og_type":"article","og_title":"Como corrigir #REF! Erro no Excel? (Tutorial 2023)","og_description":"Este tutorial ir\u00e1 ajud\u00e1-lo a entender o #REF! Erro na f\u00f3rmula do Excel e maneiras de corrigi-lo. Vamos verificar isso\u2026","og_url":"https:\/\/exceladvisor.org\/pt\/erro-de-referencia\/","og_site_name":"Excel Advisor","article_modified_time":"2023-12-06T11:36:28+00:00","og_image":[{"url":"https:\/\/exceladvisor.org\/wp-content\/uploads\/2023\/08\/1-erreur-de-reference-dans-excel.png","type":"","width":"","height":""}],"twitter_card":"summary_large_image","twitter_misc":{"Tempo estimado de leitura":"3 minutos"},"schema":{"@context":"https:\/\/schema.org","@graph":[{"@type":"WebPage","@id":"https:\/\/exceladvisor.org\/pt\/erro-de-referencia\/","url":"https:\/\/exceladvisor.org\/pt\/erro-de-referencia\/","name":"Como corrigir #REF! Erro no Excel? (Tutorial 2023)","isPartOf":{"@id":"https:\/\/exceladvisor.org\/pt\/#website"},"primaryImageOfPage":{"@id":"https:\/\/exceladvisor.org\/pt\/erro-de-referencia\/#primaryimage"},"image":{"@id":"https:\/\/exceladvisor.org\/pt\/erro-de-referencia\/#primaryimage"},"thumbnailUrl":"https:\/\/exceladvisor.org\/wp-content\/uploads\/2023\/08\/1-erreur-de-reference-dans-excel.png","datePublished":"2023-09-26T05:13:14+00:00","dateModified":"2023-12-06T11:36:28+00:00","description":"Este tutorial ir\u00e1 ajud\u00e1-lo a entender o #REF! Erro na f\u00f3rmula do Excel e maneiras de corrigi-lo. Vamos verificar isso\u2026","breadcrumb":{"@id":"https:\/\/exceladvisor.org\/pt\/erro-de-referencia\/#breadcrumb"},"inLanguage":"pt-PT","potentialAction":[{"@type":"ReadAction","target":["https:\/\/exceladvisor.org\/pt\/erro-de-referencia\/"]}]},{"@type":"ImageObject","inLanguage":"pt-PT","@id":"https:\/\/exceladvisor.org\/pt\/erro-de-referencia\/#primaryimage","url":"https:\/\/exceladvisor.org\/wp-content\/uploads\/2023\/08\/1-erreur-de-reference-dans-excel.png","contentUrl":"https:\/\/exceladvisor.org\/wp-content\/uploads\/2023\/08\/1-erreur-de-reference-dans-excel.png"},{"@type":"BreadcrumbList","@id":"https:\/\/exceladvisor.org\/pt\/erro-de-referencia\/#breadcrumb","itemListElement":[{"@type":"ListItem","position":1,"name":"Lar","item":"https:\/\/exceladvisor.org\/pt\/"},{"@type":"ListItem","position":2,"name":"Como corrigir #ref! erro no excel?"}]},{"@type":"WebSite","@id":"https:\/\/exceladvisor.org\/pt\/#website","url":"https:\/\/exceladvisor.org\/pt\/","name":"Excel Advisor","description":"O seu guia definitivo para dominar os dados!","publisher":{"@id":"https:\/\/exceladvisor.org\/pt\/#organization"},"potentialAction":[{"@type":"SearchAction","target":{"@type":"EntryPoint","urlTemplate":"https:\/\/exceladvisor.org\/pt\/?s={search_term_string}"},"query-input":{"@type":"PropertyValueSpecification","valueRequired":true,"valueName":"search_term_string"}}],"inLanguage":"pt-PT"},{"@type":"Organization","@id":"https:\/\/exceladvisor.org\/pt\/#organization","name":"Excel Advisor","url":"https:\/\/exceladvisor.org\/pt\/","logo":{"@type":"ImageObject","inLanguage":"pt-PT","@id":"https:\/\/exceladvisor.org\/pt\/#\/schema\/logo\/image\/","url":"https:\/\/exceladvisor.org\/pt\/wp-content\/uploads\/2023\/12\/exceladvisor.org_.png","contentUrl":"https:\/\/exceladvisor.org\/pt\/wp-content\/uploads\/2023\/12\/exceladvisor.org_.png","width":105,"height":36,"caption":"Excel Advisor"},"image":{"@id":"https:\/\/exceladvisor.org\/pt\/#\/schema\/logo\/image\/"}}]}},"yoast_meta":{"yoast_wpseo_title":"","yoast_wpseo_metadesc":"","yoast_wpseo_canonical":""},"_links":{"self":[{"href":"https:\/\/exceladvisor.org\/pt\/wp-json\/wp\/v2\/pages\/701","targetHints":{"allow":["GET"]}}],"collection":[{"href":"https:\/\/exceladvisor.org\/pt\/wp-json\/wp\/v2\/pages"}],"about":[{"href":"https:\/\/exceladvisor.org\/pt\/wp-json\/wp\/v2\/types\/page"}],"author":[{"embeddable":true,"href":"https:\/\/exceladvisor.org\/pt\/wp-json\/wp\/v2\/users\/1"}],"replies":[{"embeddable":true,"href":"https:\/\/exceladvisor.org\/pt\/wp-json\/wp\/v2\/comments?post=701"}],"version-history":[{"count":1,"href":"https:\/\/exceladvisor.org\/pt\/wp-json\/wp\/v2\/pages\/701\/revisions"}],"predecessor-version":[{"id":958,"href":"https:\/\/exceladvisor.org\/pt\/wp-json\/wp\/v2\/pages\/701\/revisions\/958"}],"wp:attachment":[{"href":"https:\/\/exceladvisor.org\/pt\/wp-json\/wp\/v2\/media?parent=701"}],"curies":[{"name":"wp","href":"https:\/\/api.w.org\/{rel}","templated":true}]}}