{"id":703,"date":"2023-09-26T03:27:11","date_gmt":"2023-09-26T03:27:11","guid":{"rendered":"https:\/\/exceladvisor.org\/pt\/alinhar-centro\/"},"modified":"2023-12-06T11:33:38","modified_gmt":"2023-12-06T11:33:38","slug":"alinhar-centro","status":"publish","type":"page","link":"https:\/\/exceladvisor.org\/pt\/alinhar-centro\/","title":{"rendered":"Atalho do excel para centralizar o texto"},"content":{"rendered":"<div class=\"excel-before-content-2\" id=\"excel-1936993648\"><script type=\"text\/javascript\">\r\n\tatOptions = {\r\n\t\t'key' : 'c1158f160081d6540a8409e6925dab94',\r\n\t\t'format' : 'iframe',\r\n\t\t'height' : 250,\r\n\t\t'width' : 300,\r\n\t\t'params' : {}\r\n\t};\r\n<\/script>\r\n<script type=\"text\/javascript\" src=\"\/\/www.highperformanceformat.com\/c1158f160081d6540a8409e6925dab94\/invoke.js\"><\/script><\/div><div class=\"excel-before-content\" id=\"excel-81105217\"><script type=\"text\/javascript\">\r\n\tatOptions = {\r\n\t\t'key' : 'c1158f160081d6540a8409e6925dab94',\r\n\t\t'format' : 'iframe',\r\n\t\t'height' : 250,\r\n\t\t'width' : 300,\r\n\t\t'params' : {}\r\n\t};\r\n<\/script>\r\n<script type=\"text\/javascript\" src=\"\/\/www.highperformanceformat.com\/c1158f160081d6540a8409e6925dab94\/invoke.js\"><\/script><\/div> <p>Os usu\u00e1rios inserem o valor nas c\u00e9lulas, o Excel por padr\u00e3o alinha os n\u00fameros \u00e0 esquerda da c\u00e9lula e o texto \u00e0 direita da c\u00e9lula.<\/p><p> Mas o Excel tamb\u00e9m tem a op\u00e7\u00e3o de ajustar ou alterar o alinhamento do valor da c\u00e9lula \u00e0 direita, esquerda ou centro da c\u00e9lula, o que significa que o usu\u00e1rio pode alterar a posi\u00e7\u00e3o do valor da c\u00e9lula a qualquer momento de acordo com seus gostos e necessidades.<\/p><p> Neste tutorial, explicamos como centralizar valores usando um atalho de teclado.<\/p><h2 class=\"wp-block-heading\"> Atalho de teclado para alinhar o centro no Excel<\/h2><p> <kbd>Alt<\/kbd> \u2192 <kbd>H<\/kbd> \u2192 <kbd>A<\/kbd> \u2192 <kbd>C<\/kbd> <\/p><div class=\"wp-block-image\"><figure class=\"aligncenter size-full is-resized\"><img loading=\"lazy\" decoding=\"async\" class=\"wp-image-70414\" src=\"https:\/\/exceladvisor.org\/wp-content\/uploads\/2023\/08\/1-raccourci-pour-aligner-le-centre1.png\" sizes=\"auto, \" srcset=\"\" alt=\"atalho para o centro de alinhamento\" width=\"769\" height=\"301\"><\/figure><\/div><h2 class=\"wp-block-heading\"> Etapas para alinhar o centro usando o atalho do teclado<\/h2><ol><li> Primeiro, navegue at\u00e9 a c\u00e9lula ou selecione o intervalo de c\u00e9lulas onde deseja centralizar o valor. <br><img decoding=\"async\" title=\"2 c\u00e9lulas selecionadas\" src=\"https:\/\/exceladvisor.org\/wp-content\/uploads\/2023\/08\/2-cellules-selectionnees.png\" sizes=\"\" srcset=\"\" alt=\"select-cells\"><\/li><li> Agora basta pressionar Alt \u2192 H \u2192 A \u2192 C em ordem e voc\u00ea obter\u00e1 o valor alinhado ao centro. <br><img decoding=\"async\" title=\"Texto alinhado em 3 centros\" src=\"https:\/\/exceladvisor.org\/wp-content\/uploads\/2023\/08\/3-texte-aligne-au-centre.png\" sizes=\"\" srcset=\"\" alt=\"text-aligned-to-center\"><\/li><\/ol><div class=\"gb-container gb-container-2116538e gb-container-mt\"><h2 class=\"gb-headline gb-headline-7ed68554 gb-headline-text gb-headline-mt-heading\"> Mais atalhos <\/h2><div class=\"gb-grid-wrapper gb-grid-wrapper-edeef538 gb-grid-wrapper-mt-grid\"><div class=\"gb-grid-column gb-grid-column-6ab6fbc6\"><div class=\"gb-container gb-container-6ab6fbc6\"><ul><li> <a href=\"https:\/\/exceladvisor.org\/pt\/barra-1\/\">Haste<\/a><\/li><li> <a href=\"https:\/\/exceladvisor.org\/pt\/indice-2\/\">Dica<\/a><\/li><li> <a href=\"https:\/\/exceladvisor.org\/pt\/expoente\/\">Expositor<\/a><\/li><li> <a href=\"https:\/\/exceladvisor.org\/pt\/marca-de-selecao-1\/\">Marca de verifica\u00e7\u00e3o<\/a> <\/li><\/ul><\/div><\/div><div class=\"gb-grid-column gb-grid-column-766d598b\"><div class=\"gb-container gb-container-766d598b\"><ul><li> <a href=\"https:\/\/exceladvisor.org\/pt\/formato-de-moeda\/\">Aplicar formato de moeda<\/a><\/li><li> Formato percentual<\/li><li> <a href=\"https:\/\/exceladvisor.org\/pt\/formato-de-data\/\">Aplicar formato de data<\/a><\/li><li> <a href=\"https:\/\/exceladvisor.org\/pt\/formato-de-hora\/\">Aplicar formato de hora<\/a><\/li><\/ul><\/div><\/div><\/div><\/div>","protected":false},"excerpt":{"rendered":"","protected":false},"author":1,"featured_media":0,"parent":0,"menu_order":0,"comment_status":"open","ping_status":"closed","template":"","meta":{"ub_ctt_via":"","footnotes":""},"class_list":["post-703","page","type-page","status-publish","hentry"],"featured_image_src":null,"yoast_head":"<!-- This site is optimized with the Yoast SEO plugin v25.4 - https:\/\/yoast.com\/wordpress\/plugins\/seo\/ -->\n<title>\u25b7 Atalho do Excel para centralizar o texto (\u00faltimo 2023)<\/title>\n<meta name=\"description\" content=\"Neste tutorial, voc\u00ea aprender\u00e1 como usar o atalho do teclado para centralizar o alinhamento no Excel e todas as informa\u00e7\u00f5es relacionadas\" \/>\n<meta name=\"robots\" content=\"index, follow, max-snippet:-1, max-image-preview:large, max-video-preview:-1\" \/>\n<link rel=\"canonical\" href=\"https:\/\/exceladvisor.org\/pt\/alinhar-centro\/\" \/>\n<meta property=\"og:locale\" content=\"pt_PT\" \/>\n<meta property=\"og:type\" content=\"article\" \/>\n<meta property=\"og:title\" content=\"\u25b7 Atalho do Excel para centralizar o texto (\u00faltimo 2023)\" \/>\n<meta property=\"og:description\" content=\"Neste tutorial, voc\u00ea aprender\u00e1 como usar o atalho do teclado para centralizar o alinhamento no Excel e todas as informa\u00e7\u00f5es relacionadas\" \/>\n<meta property=\"og:url\" content=\"https:\/\/exceladvisor.org\/pt\/alinhar-centro\/\" \/>\n<meta property=\"og:site_name\" content=\"Excel Advisor\" \/>\n<meta property=\"article:modified_time\" content=\"2023-12-06T11:33:38+00:00\" \/>\n<meta property=\"og:image\" content=\"https:\/\/exceladvisor.org\/wp-content\/uploads\/2023\/08\/1-raccourci-pour-aligner-le-centre1.png\" \/>\n<meta name=\"twitter:card\" content=\"summary_large_image\" \/>\n<meta name=\"twitter:label1\" content=\"Tempo estimado de leitura\" \/>\n\t<meta name=\"twitter:data1\" content=\"1 minuto\" \/>\n<script type=\"application\/ld+json\" class=\"yoast-schema-graph\">{\"@context\":\"https:\/\/schema.org\",\"@graph\":[{\"@type\":\"WebPage\",\"@id\":\"https:\/\/exceladvisor.org\/pt\/alinhar-centro\/\",\"url\":\"https:\/\/exceladvisor.org\/pt\/alinhar-centro\/\",\"name\":\"\u25b7 Atalho do Excel para centralizar o texto (\u00faltimo 2023)\",\"isPartOf\":{\"@id\":\"https:\/\/exceladvisor.org\/pt\/#website\"},\"primaryImageOfPage\":{\"@id\":\"https:\/\/exceladvisor.org\/pt\/alinhar-centro\/#primaryimage\"},\"image\":{\"@id\":\"https:\/\/exceladvisor.org\/pt\/alinhar-centro\/#primaryimage\"},\"thumbnailUrl\":\"https:\/\/exceladvisor.org\/wp-content\/uploads\/2023\/08\/1-raccourci-pour-aligner-le-centre1.png\",\"datePublished\":\"2023-09-26T03:27:11+00:00\",\"dateModified\":\"2023-12-06T11:33:38+00:00\",\"description\":\"Neste tutorial, voc\u00ea aprender\u00e1 como usar o atalho do teclado para centralizar o alinhamento no Excel e todas as informa\u00e7\u00f5es relacionadas\",\"breadcrumb\":{\"@id\":\"https:\/\/exceladvisor.org\/pt\/alinhar-centro\/#breadcrumb\"},\"inLanguage\":\"pt-PT\",\"potentialAction\":[{\"@type\":\"ReadAction\",\"target\":[\"https:\/\/exceladvisor.org\/pt\/alinhar-centro\/\"]}]},{\"@type\":\"ImageObject\",\"inLanguage\":\"pt-PT\",\"@id\":\"https:\/\/exceladvisor.org\/pt\/alinhar-centro\/#primaryimage\",\"url\":\"https:\/\/exceladvisor.org\/wp-content\/uploads\/2023\/08\/1-raccourci-pour-aligner-le-centre1.png\",\"contentUrl\":\"https:\/\/exceladvisor.org\/wp-content\/uploads\/2023\/08\/1-raccourci-pour-aligner-le-centre1.png\"},{\"@type\":\"BreadcrumbList\",\"@id\":\"https:\/\/exceladvisor.org\/pt\/alinhar-centro\/#breadcrumb\",\"itemListElement\":[{\"@type\":\"ListItem\",\"position\":1,\"name\":\"Lar\",\"item\":\"https:\/\/exceladvisor.org\/pt\/\"},{\"@type\":\"ListItem\",\"position\":2,\"name\":\"Atalho do excel para centralizar o texto\"}]},{\"@type\":\"WebSite\",\"@id\":\"https:\/\/exceladvisor.org\/pt\/#website\",\"url\":\"https:\/\/exceladvisor.org\/pt\/\",\"name\":\"Excel Advisor\",\"description\":\"O seu guia definitivo para dominar os dados!\",\"publisher\":{\"@id\":\"https:\/\/exceladvisor.org\/pt\/#organization\"},\"potentialAction\":[{\"@type\":\"SearchAction\",\"target\":{\"@type\":\"EntryPoint\",\"urlTemplate\":\"https:\/\/exceladvisor.org\/pt\/?s={search_term_string}\"},\"query-input\":{\"@type\":\"PropertyValueSpecification\",\"valueRequired\":true,\"valueName\":\"search_term_string\"}}],\"inLanguage\":\"pt-PT\"},{\"@type\":\"Organization\",\"@id\":\"https:\/\/exceladvisor.org\/pt\/#organization\",\"name\":\"Excel Advisor\",\"url\":\"https:\/\/exceladvisor.org\/pt\/\",\"logo\":{\"@type\":\"ImageObject\",\"inLanguage\":\"pt-PT\",\"@id\":\"https:\/\/exceladvisor.org\/pt\/#\/schema\/logo\/image\/\",\"url\":\"https:\/\/exceladvisor.org\/pt\/wp-content\/uploads\/2023\/12\/exceladvisor.org_.png\",\"contentUrl\":\"https:\/\/exceladvisor.org\/pt\/wp-content\/uploads\/2023\/12\/exceladvisor.org_.png\",\"width\":105,\"height\":36,\"caption\":\"Excel Advisor\"},\"image\":{\"@id\":\"https:\/\/exceladvisor.org\/pt\/#\/schema\/logo\/image\/\"}}]}<\/script>\n<!-- \/ Yoast SEO plugin. -->","yoast_head_json":{"title":"\u25b7 Atalho do Excel para centralizar o texto (\u00faltimo 2023)","description":"Neste tutorial, voc\u00ea aprender\u00e1 como usar o atalho do teclado para centralizar o alinhamento no Excel e todas as informa\u00e7\u00f5es relacionadas","robots":{"index":"index","follow":"follow","max-snippet":"max-snippet:-1","max-image-preview":"max-image-preview:large","max-video-preview":"max-video-preview:-1"},"canonical":"https:\/\/exceladvisor.org\/pt\/alinhar-centro\/","og_locale":"pt_PT","og_type":"article","og_title":"\u25b7 Atalho do Excel para centralizar o texto (\u00faltimo 2023)","og_description":"Neste tutorial, voc\u00ea aprender\u00e1 como usar o atalho do teclado para centralizar o alinhamento no Excel e todas as informa\u00e7\u00f5es relacionadas","og_url":"https:\/\/exceladvisor.org\/pt\/alinhar-centro\/","og_site_name":"Excel Advisor","article_modified_time":"2023-12-06T11:33:38+00:00","og_image":[{"url":"https:\/\/exceladvisor.org\/wp-content\/uploads\/2023\/08\/1-raccourci-pour-aligner-le-centre1.png","type":"","width":"","height":""}],"twitter_card":"summary_large_image","twitter_misc":{"Tempo estimado de leitura":"1 minuto"},"schema":{"@context":"https:\/\/schema.org","@graph":[{"@type":"WebPage","@id":"https:\/\/exceladvisor.org\/pt\/alinhar-centro\/","url":"https:\/\/exceladvisor.org\/pt\/alinhar-centro\/","name":"\u25b7 Atalho do Excel para centralizar o texto (\u00faltimo 2023)","isPartOf":{"@id":"https:\/\/exceladvisor.org\/pt\/#website"},"primaryImageOfPage":{"@id":"https:\/\/exceladvisor.org\/pt\/alinhar-centro\/#primaryimage"},"image":{"@id":"https:\/\/exceladvisor.org\/pt\/alinhar-centro\/#primaryimage"},"thumbnailUrl":"https:\/\/exceladvisor.org\/wp-content\/uploads\/2023\/08\/1-raccourci-pour-aligner-le-centre1.png","datePublished":"2023-09-26T03:27:11+00:00","dateModified":"2023-12-06T11:33:38+00:00","description":"Neste tutorial, voc\u00ea aprender\u00e1 como usar o atalho do teclado para centralizar o alinhamento no Excel e todas as informa\u00e7\u00f5es relacionadas","breadcrumb":{"@id":"https:\/\/exceladvisor.org\/pt\/alinhar-centro\/#breadcrumb"},"inLanguage":"pt-PT","potentialAction":[{"@type":"ReadAction","target":["https:\/\/exceladvisor.org\/pt\/alinhar-centro\/"]}]},{"@type":"ImageObject","inLanguage":"pt-PT","@id":"https:\/\/exceladvisor.org\/pt\/alinhar-centro\/#primaryimage","url":"https:\/\/exceladvisor.org\/wp-content\/uploads\/2023\/08\/1-raccourci-pour-aligner-le-centre1.png","contentUrl":"https:\/\/exceladvisor.org\/wp-content\/uploads\/2023\/08\/1-raccourci-pour-aligner-le-centre1.png"},{"@type":"BreadcrumbList","@id":"https:\/\/exceladvisor.org\/pt\/alinhar-centro\/#breadcrumb","itemListElement":[{"@type":"ListItem","position":1,"name":"Lar","item":"https:\/\/exceladvisor.org\/pt\/"},{"@type":"ListItem","position":2,"name":"Atalho do excel para centralizar o texto"}]},{"@type":"WebSite","@id":"https:\/\/exceladvisor.org\/pt\/#website","url":"https:\/\/exceladvisor.org\/pt\/","name":"Excel Advisor","description":"O seu guia definitivo para dominar os dados!","publisher":{"@id":"https:\/\/exceladvisor.org\/pt\/#organization"},"potentialAction":[{"@type":"SearchAction","target":{"@type":"EntryPoint","urlTemplate":"https:\/\/exceladvisor.org\/pt\/?s={search_term_string}"},"query-input":{"@type":"PropertyValueSpecification","valueRequired":true,"valueName":"search_term_string"}}],"inLanguage":"pt-PT"},{"@type":"Organization","@id":"https:\/\/exceladvisor.org\/pt\/#organization","name":"Excel Advisor","url":"https:\/\/exceladvisor.org\/pt\/","logo":{"@type":"ImageObject","inLanguage":"pt-PT","@id":"https:\/\/exceladvisor.org\/pt\/#\/schema\/logo\/image\/","url":"https:\/\/exceladvisor.org\/pt\/wp-content\/uploads\/2023\/12\/exceladvisor.org_.png","contentUrl":"https:\/\/exceladvisor.org\/pt\/wp-content\/uploads\/2023\/12\/exceladvisor.org_.png","width":105,"height":36,"caption":"Excel Advisor"},"image":{"@id":"https:\/\/exceladvisor.org\/pt\/#\/schema\/logo\/image\/"}}]}},"yoast_meta":{"yoast_wpseo_title":"","yoast_wpseo_metadesc":"","yoast_wpseo_canonical":""},"_links":{"self":[{"href":"https:\/\/exceladvisor.org\/pt\/wp-json\/wp\/v2\/pages\/703","targetHints":{"allow":["GET"]}}],"collection":[{"href":"https:\/\/exceladvisor.org\/pt\/wp-json\/wp\/v2\/pages"}],"about":[{"href":"https:\/\/exceladvisor.org\/pt\/wp-json\/wp\/v2\/types\/page"}],"author":[{"embeddable":true,"href":"https:\/\/exceladvisor.org\/pt\/wp-json\/wp\/v2\/users\/1"}],"replies":[{"embeddable":true,"href":"https:\/\/exceladvisor.org\/pt\/wp-json\/wp\/v2\/comments?post=703"}],"version-history":[{"count":1,"href":"https:\/\/exceladvisor.org\/pt\/wp-json\/wp\/v2\/pages\/703\/revisions"}],"predecessor-version":[{"id":760,"href":"https:\/\/exceladvisor.org\/pt\/wp-json\/wp\/v2\/pages\/703\/revisions\/760"}],"wp:attachment":[{"href":"https:\/\/exceladvisor.org\/pt\/wp-json\/wp\/v2\/media?parent=703"}],"curies":[{"name":"wp","href":"https:\/\/api.w.org\/{rel}","templated":true}]}}