{"id":704,"date":"2023-09-26T01:59:07","date_gmt":"2023-09-26T01:59:07","guid":{"rendered":"https:\/\/exceladvisor.org\/pt\/aumentar-zoom-diminuir-zoom\/"},"modified":"2023-12-06T11:34:55","modified_gmt":"2023-12-06T11:34:55","slug":"aumentar-zoom-diminuir-zoom","status":"publish","type":"page","link":"https:\/\/exceladvisor.org\/pt\/aumentar-zoom-diminuir-zoom\/","title":{"rendered":"Como aumentar ou diminuir o zoom no excel?"},"content":{"rendered":"<div class=\"excel-before-content-2\" id=\"excel-3131861832\"><script type=\"text\/javascript\">\r\n\tatOptions = {\r\n\t\t'key' : 'c1158f160081d6540a8409e6925dab94',\r\n\t\t'format' : 'iframe',\r\n\t\t'height' : 250,\r\n\t\t'width' : 300,\r\n\t\t'params' : {}\r\n\t};\r\n<\/script>\r\n<script type=\"text\/javascript\" src=\"\/\/www.highperformanceformat.com\/c1158f160081d6540a8409e6925dab94\/invoke.js\"><\/script><\/div><div class=\"excel-before-content\" id=\"excel-1655728363\"><script type=\"text\/javascript\">\r\n\tatOptions = {\r\n\t\t'key' : 'c1158f160081d6540a8409e6925dab94',\r\n\t\t'format' : 'iframe',\r\n\t\t'height' : 250,\r\n\t\t'width' : 300,\r\n\t\t'params' : {}\r\n\t};\r\n<\/script>\r\n<script type=\"text\/javascript\" src=\"\/\/www.highperformanceformat.com\/c1158f160081d6540a8409e6925dab94\/invoke.js\"><\/script><\/div> <p>Assim como outros aplicativos do Microsoft Office, o Excel tamb\u00e9m possui a funcionalidade de aumentar e diminuir o zoom na planilha. O Excel permite zoom m\u00e1ximo de at\u00e9 400% e zoom out de at\u00e9 10%, o que significa que o usu\u00e1rio pode ampliar o tamanho da planilha at\u00e9 um n\u00edvel m\u00e1ximo de 400% e pode realizar um zoom out de at\u00e9 10%.<\/p><p> Semelhante a outros recursos do Excel, o recurso de aumentar e diminuir o zoom pode ser usado manualmente ou usando o atalho do teclado.<\/p><h2 class=\"wp-block-heading\"> Atalho de teclado para ampliar \u2013 Diminuir zoom no Excel<\/h2><p> Aqui fornecemos dois atalhos de teclado para aumentar e diminuir o tamanho da planilha, conforme mencionado abaixo: <\/p><div class=\"wp-block-image\"><figure class=\"aligncenter size-full is-resized\"><img loading=\"lazy\" decoding=\"async\" class=\"wp-image-69507\" src=\"https:\/\/exceladvisor.org\/wp-content\/uploads\/2023\/08\/1-raccourci-clavier-pour-zoomer.png\" sizes=\"auto, \" srcset=\"\" alt=\"atalho de teclado para aplicar zoom\" width=\"819\" height=\"321\"><\/figure><\/div><p> <kbd>Ctrl<\/kbd> + <kbd>Alt<\/kbd> + <kbd>+<\/kbd> Para ampliar <\/p><div class=\"wp-block-image\"><figure class=\"aligncenter size-full is-resized\"><img loading=\"lazy\" decoding=\"async\" class=\"wp-image-69508\" src=\"https:\/\/exceladvisor.org\/wp-content\/uploads\/2023\/08\/2-raccourcis-clavier-pour-effectuer-un-zoom-arriere.png\" sizes=\"auto, \" srcset=\"\" alt=\"atalho de teclado para aplicar zoom\" width=\"818\" height=\"321\"><\/figure><\/div><p> <kbd>Ctrl<\/kbd> + <kbd>Alt<\/kbd> + <kbd>\u2013<\/kbd> Para diminuir o zoom <\/p><div class=\"wp-block-image\"><figure class=\"aligncenter size-full is-resized\"><img loading=\"lazy\" decoding=\"async\" class=\"wp-image-69509\" src=\"https:\/\/exceladvisor.org\/wp-content\/uploads\/2023\/08\/3-touches-de-raccourci-pour-zoomer-et-dezoomer.png\" sizes=\"auto, \" srcset=\"\" alt=\"teclas de atalho para aumentar e diminuir o zoom\" width=\"820\" height=\"322\"><\/figure><\/div><p> <kbd>Alt<\/kbd> \u2192 <kbd>V<\/kbd> \u2192 <kbd>Z<\/kbd><\/p><h2 class=\"wp-block-heading\"> Etapas para aumentar o zoom \u2013 diminuir o zoom usando um atalho de teclado<\/h2><ol><li> Primeiro, abra a planilha que deseja ampliar ou reduzir.<\/li><li> Depois disso, mantenha pressionadas as teclas \u201cCtrl + Alt\u201d e pressione o sinal de mais \u201c+\u201d ou o sinal de menos \u201c-\u201d para aumentar ou diminuir o zoom, respectivamente.<\/li><li> Ou pressione as teclas \u201cAlt \u2192 V \u2192 Z\u201d na ordem e voc\u00ea abrir\u00e1 a caixa de di\u00e1logo \u201cZoom\u201d.<\/li><li> Agora, selecione a op\u00e7\u00e3o predefinida de aumentar o zoom ou selecione \u201cPersonalizado\u201d para aumentar ou diminuir o zoom usando as teclas de seta para cima e para baixo do teclado conforme necess\u00e1rio e pressione \u201cEnter\u201d. <\/li><\/ol><div class=\"wp-block-image\"><figure class=\"aligncenter size-full is-resized\"><img loading=\"lazy\" decoding=\"async\" class=\"wp-image-69510\" src=\"https:\/\/exceladvisor.org\/wp-content\/uploads\/2023\/08\/4-boite-de-dialogue-de-zoom.png\" sizes=\"auto, \" srcset=\"\" alt=\"caixa de di\u00e1logo de zoom\" width=\"233\" height=\"326\"><\/figure><\/div><h2 class=\"wp-block-heading\"> Aprendizado<\/h2><ul><li> Se voc\u00ea aumentar ou diminuir o zoom na planilha atual, o Excel s\u00f3 aumentar\u00e1 o zoom nessa planilha e as outras planilhas dessa pasta de trabalho permanecer\u00e3o inalteradas.<\/li><li> Para aumentar ou diminuir o zoom em v\u00e1rias planilhas de uma vez, selecione todas as planilhas (guias) e use os atalhos de aumentar ou diminuir o zoom.<\/li><li> Se voc\u00ea tiver um teclado com teclas num\u00e9ricas, \u00e0s vezes a tecla \u2013 menos n\u00e3o funciona corretamente nas teclas superiores, ent\u00e3o \u00e9 melhor usar as teclas + mais e \u2013 menos nas teclas num\u00e9ricas. <\/li><\/ul><div class=\"wp-block-group more-tutorials is-layout-flow\"><div class=\"wp-block-group__inner-container\"><h2 class=\"wp-block-heading\"> Mais tutoriais <\/h2><div class=\"wp-block-columns is-layout-flex wp-container-27\"><div class=\"wp-block-column is-layout-flow\"><ul><li> <a href=\"https:\/\/exceladvisor.org\/pt\/adicionar-uma-nova-planilha\/\">Adicionar uma nova planilha<\/a><\/li><li> <a href=\"https:\/\/exceladvisor.org\/pt\/excluir-uma-planilha\/\">Excluir planilha<\/a><\/li><li> <a href=\"https:\/\/exceladvisor.org\/pt\/encontrar-substituir-1\/\">Localizar e substituir<\/a><\/li><li> <a href=\"https:\/\/exceladvisor.org\/pt\/congelar-o-obturador\/\">Congele a panela<\/a><\/li><li> <a href=\"https:\/\/exceladvisor.org\/pt\/hiperlink-2\/\">Hiperlink<\/a><\/li><\/ul><\/div><div class=\"wp-block-column is-layout-flow\"><\/div><\/div><p> \u21e0 Retornar aos <a href=\"https:\/\/exceladvisor.org\/pt\/atalhos-do-teclado\/\">atalhos do Excel (folha de dicas em PDF)<\/a><\/p><\/div><\/div>","protected":false},"excerpt":{"rendered":"","protected":false},"author":1,"featured_media":0,"parent":0,"menu_order":0,"comment_status":"open","ping_status":"closed","template":"","meta":{"ub_ctt_via":"","footnotes":""},"class_list":["post-704","page","type-page","status-publish","hentry"],"featured_image_src":null,"yoast_head":"<!-- This site is optimized with the Yoast SEO plugin v25.4 - https:\/\/yoast.com\/wordpress\/plugins\/seo\/ -->\n<title>\u25b7 Como aumentar ou diminuir o zoom? (Atalho do Excel 2023)<\/title>\n<meta name=\"description\" content=\"Neste tutorial, voc\u00ea aprender\u00e1 como usar um atalho de teclado para aumentar e diminuir o zoom no Excel. Agora este atalho de teclado\" \/>\n<meta name=\"robots\" content=\"index, follow, max-snippet:-1, max-image-preview:large, max-video-preview:-1\" \/>\n<link rel=\"canonical\" href=\"https:\/\/exceladvisor.org\/pt\/aumentar-zoom-diminuir-zoom\/\" \/>\n<meta property=\"og:locale\" content=\"pt_PT\" \/>\n<meta property=\"og:type\" content=\"article\" \/>\n<meta property=\"og:title\" content=\"\u25b7 Como aumentar ou diminuir o zoom? (Atalho do Excel 2023)\" \/>\n<meta property=\"og:description\" content=\"Neste tutorial, voc\u00ea aprender\u00e1 como usar um atalho de teclado para aumentar e diminuir o zoom no Excel. Agora este atalho de teclado\" \/>\n<meta property=\"og:url\" content=\"https:\/\/exceladvisor.org\/pt\/aumentar-zoom-diminuir-zoom\/\" \/>\n<meta property=\"og:site_name\" content=\"Excel Advisor\" \/>\n<meta property=\"article:modified_time\" content=\"2023-12-06T11:34:55+00:00\" \/>\n<meta property=\"og:image\" content=\"https:\/\/exceladvisor.org\/wp-content\/uploads\/2023\/08\/1-raccourci-clavier-pour-zoomer.png\" \/>\n<meta name=\"twitter:card\" content=\"summary_large_image\" \/>\n<meta name=\"twitter:label1\" content=\"Tempo estimado de leitura\" \/>\n\t<meta name=\"twitter:data1\" content=\"2 minutos\" \/>\n<script type=\"application\/ld+json\" class=\"yoast-schema-graph\">{\"@context\":\"https:\/\/schema.org\",\"@graph\":[{\"@type\":\"WebPage\",\"@id\":\"https:\/\/exceladvisor.org\/pt\/aumentar-zoom-diminuir-zoom\/\",\"url\":\"https:\/\/exceladvisor.org\/pt\/aumentar-zoom-diminuir-zoom\/\",\"name\":\"\u25b7 Como aumentar ou diminuir o zoom? (Atalho do Excel 2023)\",\"isPartOf\":{\"@id\":\"https:\/\/exceladvisor.org\/pt\/#website\"},\"primaryImageOfPage\":{\"@id\":\"https:\/\/exceladvisor.org\/pt\/aumentar-zoom-diminuir-zoom\/#primaryimage\"},\"image\":{\"@id\":\"https:\/\/exceladvisor.org\/pt\/aumentar-zoom-diminuir-zoom\/#primaryimage\"},\"thumbnailUrl\":\"https:\/\/exceladvisor.org\/wp-content\/uploads\/2023\/08\/1-raccourci-clavier-pour-zoomer.png\",\"datePublished\":\"2023-09-26T01:59:07+00:00\",\"dateModified\":\"2023-12-06T11:34:55+00:00\",\"description\":\"Neste tutorial, voc\u00ea aprender\u00e1 como usar um atalho de teclado para aumentar e diminuir o zoom no Excel. Agora este atalho de teclado\",\"breadcrumb\":{\"@id\":\"https:\/\/exceladvisor.org\/pt\/aumentar-zoom-diminuir-zoom\/#breadcrumb\"},\"inLanguage\":\"pt-PT\",\"potentialAction\":[{\"@type\":\"ReadAction\",\"target\":[\"https:\/\/exceladvisor.org\/pt\/aumentar-zoom-diminuir-zoom\/\"]}]},{\"@type\":\"ImageObject\",\"inLanguage\":\"pt-PT\",\"@id\":\"https:\/\/exceladvisor.org\/pt\/aumentar-zoom-diminuir-zoom\/#primaryimage\",\"url\":\"https:\/\/exceladvisor.org\/wp-content\/uploads\/2023\/08\/1-raccourci-clavier-pour-zoomer.png\",\"contentUrl\":\"https:\/\/exceladvisor.org\/wp-content\/uploads\/2023\/08\/1-raccourci-clavier-pour-zoomer.png\"},{\"@type\":\"BreadcrumbList\",\"@id\":\"https:\/\/exceladvisor.org\/pt\/aumentar-zoom-diminuir-zoom\/#breadcrumb\",\"itemListElement\":[{\"@type\":\"ListItem\",\"position\":1,\"name\":\"Lar\",\"item\":\"https:\/\/exceladvisor.org\/pt\/\"},{\"@type\":\"ListItem\",\"position\":2,\"name\":\"Como aumentar ou diminuir o zoom no excel?\"}]},{\"@type\":\"WebSite\",\"@id\":\"https:\/\/exceladvisor.org\/pt\/#website\",\"url\":\"https:\/\/exceladvisor.org\/pt\/\",\"name\":\"Excel Advisor\",\"description\":\"O seu guia definitivo para dominar os dados!\",\"publisher\":{\"@id\":\"https:\/\/exceladvisor.org\/pt\/#organization\"},\"potentialAction\":[{\"@type\":\"SearchAction\",\"target\":{\"@type\":\"EntryPoint\",\"urlTemplate\":\"https:\/\/exceladvisor.org\/pt\/?s={search_term_string}\"},\"query-input\":{\"@type\":\"PropertyValueSpecification\",\"valueRequired\":true,\"valueName\":\"search_term_string\"}}],\"inLanguage\":\"pt-PT\"},{\"@type\":\"Organization\",\"@id\":\"https:\/\/exceladvisor.org\/pt\/#organization\",\"name\":\"Excel Advisor\",\"url\":\"https:\/\/exceladvisor.org\/pt\/\",\"logo\":{\"@type\":\"ImageObject\",\"inLanguage\":\"pt-PT\",\"@id\":\"https:\/\/exceladvisor.org\/pt\/#\/schema\/logo\/image\/\",\"url\":\"https:\/\/exceladvisor.org\/pt\/wp-content\/uploads\/2023\/12\/exceladvisor.org_.png\",\"contentUrl\":\"https:\/\/exceladvisor.org\/pt\/wp-content\/uploads\/2023\/12\/exceladvisor.org_.png\",\"width\":105,\"height\":36,\"caption\":\"Excel Advisor\"},\"image\":{\"@id\":\"https:\/\/exceladvisor.org\/pt\/#\/schema\/logo\/image\/\"}}]}<\/script>\n<!-- \/ Yoast SEO plugin. -->","yoast_head_json":{"title":"\u25b7 Como aumentar ou diminuir o zoom? (Atalho do Excel 2023)","description":"Neste tutorial, voc\u00ea aprender\u00e1 como usar um atalho de teclado para aumentar e diminuir o zoom no Excel. Agora este atalho de teclado","robots":{"index":"index","follow":"follow","max-snippet":"max-snippet:-1","max-image-preview":"max-image-preview:large","max-video-preview":"max-video-preview:-1"},"canonical":"https:\/\/exceladvisor.org\/pt\/aumentar-zoom-diminuir-zoom\/","og_locale":"pt_PT","og_type":"article","og_title":"\u25b7 Como aumentar ou diminuir o zoom? (Atalho do Excel 2023)","og_description":"Neste tutorial, voc\u00ea aprender\u00e1 como usar um atalho de teclado para aumentar e diminuir o zoom no Excel. Agora este atalho de teclado","og_url":"https:\/\/exceladvisor.org\/pt\/aumentar-zoom-diminuir-zoom\/","og_site_name":"Excel Advisor","article_modified_time":"2023-12-06T11:34:55+00:00","og_image":[{"url":"https:\/\/exceladvisor.org\/wp-content\/uploads\/2023\/08\/1-raccourci-clavier-pour-zoomer.png","type":"","width":"","height":""}],"twitter_card":"summary_large_image","twitter_misc":{"Tempo estimado de leitura":"2 minutos"},"schema":{"@context":"https:\/\/schema.org","@graph":[{"@type":"WebPage","@id":"https:\/\/exceladvisor.org\/pt\/aumentar-zoom-diminuir-zoom\/","url":"https:\/\/exceladvisor.org\/pt\/aumentar-zoom-diminuir-zoom\/","name":"\u25b7 Como aumentar ou diminuir o zoom? (Atalho do Excel 2023)","isPartOf":{"@id":"https:\/\/exceladvisor.org\/pt\/#website"},"primaryImageOfPage":{"@id":"https:\/\/exceladvisor.org\/pt\/aumentar-zoom-diminuir-zoom\/#primaryimage"},"image":{"@id":"https:\/\/exceladvisor.org\/pt\/aumentar-zoom-diminuir-zoom\/#primaryimage"},"thumbnailUrl":"https:\/\/exceladvisor.org\/wp-content\/uploads\/2023\/08\/1-raccourci-clavier-pour-zoomer.png","datePublished":"2023-09-26T01:59:07+00:00","dateModified":"2023-12-06T11:34:55+00:00","description":"Neste tutorial, voc\u00ea aprender\u00e1 como usar um atalho de teclado para aumentar e diminuir o zoom no Excel. Agora este atalho de teclado","breadcrumb":{"@id":"https:\/\/exceladvisor.org\/pt\/aumentar-zoom-diminuir-zoom\/#breadcrumb"},"inLanguage":"pt-PT","potentialAction":[{"@type":"ReadAction","target":["https:\/\/exceladvisor.org\/pt\/aumentar-zoom-diminuir-zoom\/"]}]},{"@type":"ImageObject","inLanguage":"pt-PT","@id":"https:\/\/exceladvisor.org\/pt\/aumentar-zoom-diminuir-zoom\/#primaryimage","url":"https:\/\/exceladvisor.org\/wp-content\/uploads\/2023\/08\/1-raccourci-clavier-pour-zoomer.png","contentUrl":"https:\/\/exceladvisor.org\/wp-content\/uploads\/2023\/08\/1-raccourci-clavier-pour-zoomer.png"},{"@type":"BreadcrumbList","@id":"https:\/\/exceladvisor.org\/pt\/aumentar-zoom-diminuir-zoom\/#breadcrumb","itemListElement":[{"@type":"ListItem","position":1,"name":"Lar","item":"https:\/\/exceladvisor.org\/pt\/"},{"@type":"ListItem","position":2,"name":"Como aumentar ou diminuir o zoom no excel?"}]},{"@type":"WebSite","@id":"https:\/\/exceladvisor.org\/pt\/#website","url":"https:\/\/exceladvisor.org\/pt\/","name":"Excel Advisor","description":"O seu guia definitivo para dominar os dados!","publisher":{"@id":"https:\/\/exceladvisor.org\/pt\/#organization"},"potentialAction":[{"@type":"SearchAction","target":{"@type":"EntryPoint","urlTemplate":"https:\/\/exceladvisor.org\/pt\/?s={search_term_string}"},"query-input":{"@type":"PropertyValueSpecification","valueRequired":true,"valueName":"search_term_string"}}],"inLanguage":"pt-PT"},{"@type":"Organization","@id":"https:\/\/exceladvisor.org\/pt\/#organization","name":"Excel Advisor","url":"https:\/\/exceladvisor.org\/pt\/","logo":{"@type":"ImageObject","inLanguage":"pt-PT","@id":"https:\/\/exceladvisor.org\/pt\/#\/schema\/logo\/image\/","url":"https:\/\/exceladvisor.org\/pt\/wp-content\/uploads\/2023\/12\/exceladvisor.org_.png","contentUrl":"https:\/\/exceladvisor.org\/pt\/wp-content\/uploads\/2023\/12\/exceladvisor.org_.png","width":105,"height":36,"caption":"Excel Advisor"},"image":{"@id":"https:\/\/exceladvisor.org\/pt\/#\/schema\/logo\/image\/"}}]}},"yoast_meta":{"yoast_wpseo_title":"","yoast_wpseo_metadesc":"","yoast_wpseo_canonical":""},"_links":{"self":[{"href":"https:\/\/exceladvisor.org\/pt\/wp-json\/wp\/v2\/pages\/704","targetHints":{"allow":["GET"]}}],"collection":[{"href":"https:\/\/exceladvisor.org\/pt\/wp-json\/wp\/v2\/pages"}],"about":[{"href":"https:\/\/exceladvisor.org\/pt\/wp-json\/wp\/v2\/types\/page"}],"author":[{"embeddable":true,"href":"https:\/\/exceladvisor.org\/pt\/wp-json\/wp\/v2\/users\/1"}],"replies":[{"embeddable":true,"href":"https:\/\/exceladvisor.org\/pt\/wp-json\/wp\/v2\/comments?post=704"}],"version-history":[{"count":1,"href":"https:\/\/exceladvisor.org\/pt\/wp-json\/wp\/v2\/pages\/704\/revisions"}],"predecessor-version":[{"id":864,"href":"https:\/\/exceladvisor.org\/pt\/wp-json\/wp\/v2\/pages\/704\/revisions\/864"}],"wp:attachment":[{"href":"https:\/\/exceladvisor.org\/pt\/wp-json\/wp\/v2\/media?parent=704"}],"curies":[{"name":"wp","href":"https:\/\/api.w.org\/{rel}","templated":true}]}}