{"id":705,"date":"2023-09-25T23:25:01","date_gmt":"2023-09-25T23:25:01","guid":{"rendered":"https:\/\/exceladvisor.org\/pt\/barra-de-formulas-do-excel\/"},"modified":"2023-12-06T11:42:31","modified_gmt":"2023-12-06T11:42:31","slug":"barra-de-formulas-do-excel","status":"publish","type":"page","link":"https:\/\/exceladvisor.org\/pt\/barra-de-formulas-do-excel\/","title":{"rendered":"Como usar a barra de f\u00f3rmulas no excel?"},"content":{"rendered":"<div class=\"excel-before-content-2\" id=\"excel-843429467\"><script type=\"text\/javascript\">\r\n\tatOptions = {\r\n\t\t'key' : 'c1158f160081d6540a8409e6925dab94',\r\n\t\t'format' : 'iframe',\r\n\t\t'height' : 250,\r\n\t\t'width' : 300,\r\n\t\t'params' : {}\r\n\t};\r\n<\/script>\r\n<script type=\"text\/javascript\" src=\"\/\/www.highperformanceformat.com\/c1158f160081d6540a8409e6925dab94\/invoke.js\"><\/script><\/div><div class=\"excel-before-content\" id=\"excel-745611564\"><script type=\"text\/javascript\">\r\n\tatOptions = {\r\n\t\t'key' : 'c1158f160081d6540a8409e6925dab94',\r\n\t\t'format' : 'iframe',\r\n\t\t'height' : 250,\r\n\t\t'width' : 300,\r\n\t\t'params' : {}\r\n\t};\r\n<\/script>\r\n<script type=\"text\/javascript\" src=\"\/\/www.highperformanceformat.com\/c1158f160081d6540a8409e6925dab94\/invoke.js\"><\/script><\/div> <div class=\"gb-container gb-container-ab8cc27b\"><p class=\"wp-block-heading\"><strong>Pontos chave<\/strong><\/p><ul><li> Voc\u00ea pode ocultar e mostrar a barra de f\u00f3rmulas.<\/li><li> Voc\u00ea pode alterar sua altura (ampli\u00e1-la), mas n\u00e3o pode alterar sua posi\u00e7\u00e3o.<\/li><\/ul><h2 class=\"wp-block-heading\"> O que \u00e9 a barra de f\u00f3rmulas do Excel?<\/h2><p> A barra de f\u00f3rmulas do Excel \u00e9 uma barra fina abaixo da faixa de op\u00e7\u00f5es que exibe o conte\u00fado da c\u00e9lula selecionada e o endere\u00e7o da c\u00e9lula selecionada no lado esquerdo. Voc\u00ea tamb\u00e9m pode inserir um valor na c\u00e9lula a partir da barra de f\u00f3rmulas. Possui tr\u00eas bot\u00f5es (Fun\u00e7\u00e3o Enter, Cancelar e Inserir). <\/p><\/div><div class=\"wp-block-image\"><figure class=\"aligncenter size-large is-resized\"><img loading=\"lazy\" decoding=\"async\" class=\"wp-image-50542\" src=\"https:\/\/exceladvisor.org\/wp-content\/uploads\/2023\/08\/1-barre-de-formule-excel.png\" sizes=\"auto, \" srcset=\"\" alt=\"barra de f\u00f3rmulas do Excel\" width=\"623\" height=\"57\"><\/figure><\/div><ul><li> Caixa de nome<\/li><li> Expandir horizontalmente<\/li><li> Bot\u00f5es<\/li><li> Barra de entrada<\/li><li> Expandir verticalmente<\/li><\/ul><h2 class=\"wp-block-heading\"> Como mostrar a barra de f\u00f3rmulas (ou ocult\u00e1-la)<\/h2><p> A barra de f\u00f3rmulas est\u00e1 ativa por padr\u00e3o, mas se estiver oculta, voc\u00ea pode ativ\u00e1-la na guia Exibir.<\/p><ol><li> Primeiro v\u00e1 para a guia Exibir, depois para o grupo Exibir e verifique a barra de f\u00f3rmulas. <br><img loading=\"lazy\" decoding=\"async\" title=\"2-como-exibir-a-barra-de-f\u00f3rmula\" src=\"https:\/\/exceladvisor.org\/wp-content\/uploads\/2023\/08\/2-comment-afficher-la-barre-de-formule.png\" sizes=\"auto, \" srcset=\"\" alt=\"how-to-show-formula-bar\" width=\"519\" height=\"164\"><\/li><li> Al\u00e9m disso, voc\u00ea tamb\u00e9m pode habilit\u00e1-lo nas op\u00e7\u00f5es do Excel.<\/li><li> V\u00e1 para Op\u00e7\u00f5es do Excel \u279c Avan\u00e7ado \u279c Exibir \u279c Mostrar barra de f\u00f3rmulas. <br><img loading=\"lazy\" decoding=\"async\" title=\"3-habilitar-barra-de-f\u00f3rmula-op\u00e7\u00f5es-do-excel\" src=\"https:\/\/exceladvisor.org\/wp-content\/uploads\/2023\/08\/3-activer-la-barre-de-formule-a-partir-des-options-Excel.png\" sizes=\"auto, \" srcset=\"\" alt=\"activate-formula-bar-from-excel-options\" width=\"645\" height=\"280\"><\/li><\/ol><p> Voc\u00ea pode usar as mesmas etapas se quiser ocult\u00e1-lo.<\/p><h2 class=\"wp-block-heading\"> Expandir barra de f\u00f3rmulas<\/h2><p> Por padr\u00e3o, a barra de f\u00f3rmulas \u00e9 fina, mas voc\u00ea pode ampli\u00e1-la e torn\u00e1-la um pouco mais larga. Quando voc\u00ea passa o cursor na parte inferior da barra de f\u00f3rmulas, ele muda para uma seta vertical com duas pontas e voc\u00ea pode arrast\u00e1-lo para baixo para expandi-lo. <\/p><div class=\"wp-block-image\"><figure class=\"aligncenter size-large is-resized\"><img loading=\"lazy\" decoding=\"async\" class=\"wp-image-50545\" src=\"https:\/\/exceladvisor.org\/wp-content\/uploads\/2023\/08\/4-developper-la-barre-de-formule.png\" sizes=\"auto, \" srcset=\"\" alt=\"expandir barra de f\u00f3rmulas\" width=\"617\" height=\"66\"><\/figure><\/div><p> H\u00e1 tamb\u00e9m uma tecla de atalho ( <strong>Ctrl + Shift + U<\/strong> ) que voc\u00ea pode usar para expandir a barra de f\u00f3rmulas verticalmente. Voc\u00ea tamb\u00e9m pode usar o \u00edcone suspenso no lado direito. <\/p><div class=\"wp-block-image\"><figure class=\"aligncenter size-large is-resized\"><img loading=\"lazy\" decoding=\"async\" class=\"wp-image-50546\" src=\"https:\/\/exceladvisor.org\/wp-content\/uploads\/2023\/08\/5-raccourcis-clavier-Excel-pour-developper-la-barre-de-formule.png\" sizes=\"auto, \" srcset=\"\" alt=\"tecla de atalho do Excel para expandir a barra de f\u00f3rmulas\" width=\"317\" height=\"90\"><\/figure><\/div><p> E se quiser alterar sua largura, voc\u00ea pode fazer isso colocando o cursor sobre os tr\u00eas pontos entre a caixa de nome e a barra de f\u00f3rmulas e esticando-o para a direita ou para a esquerda.<\/p><p class=\"link\"> <strong>Relacionado &#8211; <a href=\"https:\/\/exceladvisor.org\/pt\/atalhos-do-teclado\/\">Folha de refer\u00eancias de atalhos de teclado do Excel<\/a><\/strong><\/p><h2 class=\"wp-block-heading\"> Insira os dados da barra de f\u00f3rmulas<\/h2><p> Voc\u00ea pode inserir dados em uma <a href=\"https:\/\/exceladvisor.org\/pt\/editar-celula\/\">c\u00e9lula editando-a<\/a> na barra de f\u00f3rmulas. Para fazer isso, voc\u00ea precisa selecionar a c\u00e9lula e clicar na barra de entrada da barra de f\u00f3rmulas. <\/p><div class=\"wp-block-image\"><figure class=\"aligncenter size-large is-resized\"><img loading=\"lazy\" decoding=\"async\" class=\"wp-image-50547\" src=\"https:\/\/exceladvisor.org\/wp-content\/uploads\/2023\/08\/6-saisir-les-donnees-de-la-barre-de-formule.png\" sizes=\"auto, \" srcset=\"\" alt=\"inserir dados da barra de f\u00f3rmulas\" width=\"298\" height=\"152\"><\/figure><\/div><p> E quando terminar com o valor que deseja inserir; voc\u00ea pode clicar no bot\u00e3o Enter, localizado no lado esquerdo da barra de f\u00f3rmulas. <\/p><div class=\"wp-block-image\"><figure class=\"aligncenter size-large is-resized\"><img loading=\"lazy\" decoding=\"async\" class=\"wp-image-50548\" src=\"https:\/\/exceladvisor.org\/wp-content\/uploads\/2023\/08\/7-cliquez-sur-le-bouton-entrer.png\" sizes=\"auto, \" srcset=\"\" alt=\"clique no bot\u00e3o entrar\" width=\"350\" height=\"162\"><\/figure><\/div><p> H\u00e1 tamb\u00e9m um bot\u00e3o para cancelar a entrada de dados ou voc\u00ea pode pressionar a tecla Escape.<\/p><h2 class=\"wp-block-heading\"> Insira uma fun\u00e7\u00e3o usando a barra de f\u00f3rmulas<\/h2><p> H\u00e1 um bot\u00e3o de inser\u00e7\u00e3o de fun\u00e7\u00e3o na barra de f\u00f3rmulas e, quando voc\u00ea clica nesse bot\u00e3o, uma caixa de di\u00e1logo \u00e9 aberta onde voc\u00ea pode localizar e inserir a fun\u00e7\u00e3o. <\/p><div class=\"wp-block-image\"><figure class=\"aligncenter size-large is-resized\"><img loading=\"lazy\" decoding=\"async\" class=\"wp-image-50549\" src=\"https:\/\/exceladvisor.org\/wp-content\/uploads\/2023\/08\/8-saisir-une-fonction-a-laide-de-la-barre-de-formule.png\" sizes=\"auto, \" srcset=\"\" alt=\"insira uma fun\u00e7\u00e3o usando a barra de f\u00f3rmulas\" width=\"556\" height=\"374\"><\/figure><\/div><p> Depois de selecionar a fun\u00e7\u00e3o que deseja inserir, clique em OK e ser\u00e1 exibida uma caixa de di\u00e1logo para definir os argumentos da fun\u00e7\u00e3o. <\/p><div class=\"wp-block-image\"><figure class=\"aligncenter size-large is-resized\"><img loading=\"lazy\" decoding=\"async\" class=\"wp-image-50550\" src=\"https:\/\/exceladvisor.org\/wp-content\/uploads\/2023\/08\/9-selectionnez-la-fonction-que-vous-souhaitez-inserer.png\" sizes=\"auto, \" srcset=\"\" alt=\"selecione a fun\u00e7\u00e3o que voc\u00ea deseja inserir\" width=\"501\" height=\"273\"><\/figure><\/div><h2 class=\"wp-block-heading\"> Use a caixa de nome<\/h2><p> No lado direito da barra de f\u00f3rmulas, voc\u00ea tem uma caixa de nome que exibe o endere\u00e7o da c\u00e9lula selecionada. Mas voc\u00ea tamb\u00e9m pode usar esta caixa de nome para navegar.<\/p><p> Voc\u00ea \u00e9 uma c\u00e9lula ou intervalo espec\u00edfico. Quando voc\u00ea clica na caixa do nome, ela permite edit\u00e1-la, e voc\u00ea pode inserir um endere\u00e7o de c\u00e9lula, e depois de fazer isso e pressionar Enter, voc\u00ea ser\u00e1 direcionado para essa c\u00e9lula. <\/p><div class=\"wp-block-image\"><figure class=\"aligncenter size-large is-resized\"><img loading=\"lazy\" decoding=\"async\" class=\"wp-image-50551\" src=\"https:\/\/exceladvisor.org\/wp-content\/uploads\/2023\/08\/10-utiliser-la-boite-de-nom.png\" sizes=\"auto, \" srcset=\"\" alt=\"use-name-box\" width=\"241\" height=\"90\"><\/figure><\/div><p> Da mesma forma, voc\u00ea tamb\u00e9m pode inserir o endere\u00e7o de uma faixa para selecion\u00e1-la. <\/p><div class=\"wp-block-image\"><figure class=\"aligncenter size-large is-resized\"><img loading=\"lazy\" decoding=\"async\" class=\"wp-image-50552\" src=\"https:\/\/exceladvisor.org\/wp-content\/uploads\/2023\/08\/11-entrez-une-adresse-de-plage.png\" sizes=\"auto, \" srcset=\"\" alt=\"insira um intervalo de endere\u00e7os\" width=\"162\" height=\"286\"><\/figure><\/div><h2 class=\"wp-block-heading\"> Edite formas na barra de f\u00f3rmulas<\/h2><p> Se quiser conectar uma forma a uma c\u00e9lula, voc\u00ea pode fazer isso editando-a na barra de f\u00f3rmulas. <\/p><div class=\"wp-block-image\"><figure class=\"aligncenter size-large is-resized\"><img loading=\"lazy\" decoding=\"async\" class=\"wp-image-50553\" src=\"https:\/\/exceladvisor.org\/wp-content\/uploads\/2023\/08\/12-formes-dedition-a-partir-de-la-barre-de-formule.png\" sizes=\"auto, \" srcset=\"\" alt=\"editar formas de barra de f\u00f3rmula\" width=\"475\" height=\"213\"><\/figure><\/div><ol type=\"1\"><li> Selecione a forma que voc\u00ea tem na planilha.<\/li><li> Clique na barra de f\u00f3rmulas para edit\u00e1-la.<\/li><li> Digite \u201c=\u201d e selecione a c\u00e9lula que deseja conectar \u00e0 forma.<\/li><li> No final, clique em OK.<\/li><\/ol><div class=\"gb-container gb-container-4db6181c gb-container-mt\"> <a class=\"gb-button gb-button-c5897111 gb-button-text gb-button-mt-button\" href=\"https:\/\/exceladvisor.org\/pt\/nocoes-basicas-de-excel\/\">No\u00e7\u00f5es b\u00e1sicas do Microsoft Excel (componentes, pe\u00e7as e notas de conhecimento)<\/a><h2 class=\"gb-headline gb-headline-665e5f6b gb-headline-text gb-headline-mt-heading\"> Tutoriais relacionados <\/h2><div class=\"gb-grid-wrapper gb-grid-wrapper-a20baf7c gb-grid-wrapper-mt-grid\"><div class=\"gb-grid-column gb-grid-column-65ddf67e\"><div class=\"gb-container gb-container-65ddf67e\"><ul><li> <a href=\"https:\/\/exceladvisor.org\/pt\/barra-de-acesso-rapido\/\">Barra de ferramentas de acesso r\u00e1pido no Excel<\/a><\/li><li> <a href=\"https:\/\/exceladvisor.org\/pt\/barra-de-status\/\">Barra de status no Excel<\/a><\/li><li> <a href=\"https:\/\/exceladvisor.org\/pt\/zona-de-texto\/\">Insira uma caixa de texto no Excel<\/a><\/li><li> <a href=\"https:\/\/exceladvisor.org\/pt\/meses-rolantes-automaticos\/\">Meses rolantes autom\u00e1ticos no Excel<\/a><\/li><li> <a href=\"https:\/\/exceladvisor.org\/pt\/visao-dos-bastidores\/\">Abra a visualiza\u00e7\u00e3o Backstage no Excel<\/a> <\/li><\/ul><\/div><\/div><div class=\"gb-grid-column gb-grid-column-50067b57\"><div class=\"gb-container gb-container-50067b57\"><\/div><\/div><\/div><\/div>","protected":false},"excerpt":{"rendered":"","protected":false},"author":1,"featured_media":0,"parent":0,"menu_order":0,"comment_status":"open","ping_status":"closed","template":"","meta":{"ub_ctt_via":"","footnotes":""},"class_list":["post-705","page","type-page","status-publish","hentry"],"featured_image_src":null,"yoast_head":"<!-- This site is optimized with the Yoast SEO plugin v25.4 - https:\/\/yoast.com\/wordpress\/plugins\/seo\/ -->\n<title>Como usar a barra de f\u00f3rmulas no Excel? (Tutorial 2023)<\/title>\n<meta name=\"description\" content=\"A barra de f\u00f3rmulas do Excel \u00e9 uma barra fina abaixo da faixa de op\u00e7\u00f5es que exibe o conte\u00fado da c\u00e9lula selecionada e o endere\u00e7o de\" \/>\n<meta name=\"robots\" content=\"index, follow, max-snippet:-1, max-image-preview:large, max-video-preview:-1\" \/>\n<link rel=\"canonical\" href=\"https:\/\/exceladvisor.org\/pt\/barra-de-formulas-do-excel\/\" \/>\n<meta property=\"og:locale\" content=\"pt_PT\" \/>\n<meta property=\"og:type\" content=\"article\" \/>\n<meta property=\"og:title\" content=\"Como usar a barra de f\u00f3rmulas no Excel? (Tutorial 2023)\" \/>\n<meta property=\"og:description\" content=\"A barra de f\u00f3rmulas do Excel \u00e9 uma barra fina abaixo da faixa de op\u00e7\u00f5es que exibe o conte\u00fado da c\u00e9lula selecionada e o endere\u00e7o de\" \/>\n<meta property=\"og:url\" content=\"https:\/\/exceladvisor.org\/pt\/barra-de-formulas-do-excel\/\" \/>\n<meta property=\"og:site_name\" content=\"Excel Advisor\" \/>\n<meta property=\"article:modified_time\" content=\"2023-12-06T11:42:31+00:00\" \/>\n<meta property=\"og:image\" content=\"https:\/\/exceladvisor.org\/wp-content\/uploads\/2023\/08\/1-barre-de-formule-excel.png\" \/>\n<meta name=\"twitter:card\" content=\"summary_large_image\" \/>\n<meta name=\"twitter:label1\" content=\"Tempo estimado de leitura\" \/>\n\t<meta name=\"twitter:data1\" content=\"4 minutos\" \/>\n<script type=\"application\/ld+json\" class=\"yoast-schema-graph\">{\"@context\":\"https:\/\/schema.org\",\"@graph\":[{\"@type\":\"WebPage\",\"@id\":\"https:\/\/exceladvisor.org\/pt\/barra-de-formulas-do-excel\/\",\"url\":\"https:\/\/exceladvisor.org\/pt\/barra-de-formulas-do-excel\/\",\"name\":\"Como usar a barra de f\u00f3rmulas no Excel? (Tutorial 2023)\",\"isPartOf\":{\"@id\":\"https:\/\/exceladvisor.org\/pt\/#website\"},\"primaryImageOfPage\":{\"@id\":\"https:\/\/exceladvisor.org\/pt\/barra-de-formulas-do-excel\/#primaryimage\"},\"image\":{\"@id\":\"https:\/\/exceladvisor.org\/pt\/barra-de-formulas-do-excel\/#primaryimage\"},\"thumbnailUrl\":\"https:\/\/exceladvisor.org\/wp-content\/uploads\/2023\/08\/1-barre-de-formule-excel.png\",\"datePublished\":\"2023-09-25T23:25:01+00:00\",\"dateModified\":\"2023-12-06T11:42:31+00:00\",\"description\":\"A barra de f\u00f3rmulas do Excel \u00e9 uma barra fina abaixo da faixa de op\u00e7\u00f5es que exibe o conte\u00fado da c\u00e9lula selecionada e o endere\u00e7o de\",\"breadcrumb\":{\"@id\":\"https:\/\/exceladvisor.org\/pt\/barra-de-formulas-do-excel\/#breadcrumb\"},\"inLanguage\":\"pt-PT\",\"potentialAction\":[{\"@type\":\"ReadAction\",\"target\":[\"https:\/\/exceladvisor.org\/pt\/barra-de-formulas-do-excel\/\"]}]},{\"@type\":\"ImageObject\",\"inLanguage\":\"pt-PT\",\"@id\":\"https:\/\/exceladvisor.org\/pt\/barra-de-formulas-do-excel\/#primaryimage\",\"url\":\"https:\/\/exceladvisor.org\/wp-content\/uploads\/2023\/08\/1-barre-de-formule-excel.png\",\"contentUrl\":\"https:\/\/exceladvisor.org\/wp-content\/uploads\/2023\/08\/1-barre-de-formule-excel.png\"},{\"@type\":\"BreadcrumbList\",\"@id\":\"https:\/\/exceladvisor.org\/pt\/barra-de-formulas-do-excel\/#breadcrumb\",\"itemListElement\":[{\"@type\":\"ListItem\",\"position\":1,\"name\":\"Lar\",\"item\":\"https:\/\/exceladvisor.org\/pt\/\"},{\"@type\":\"ListItem\",\"position\":2,\"name\":\"Como usar a barra de f\u00f3rmulas no excel?\"}]},{\"@type\":\"WebSite\",\"@id\":\"https:\/\/exceladvisor.org\/pt\/#website\",\"url\":\"https:\/\/exceladvisor.org\/pt\/\",\"name\":\"Excel Advisor\",\"description\":\"O seu guia definitivo para dominar os dados!\",\"publisher\":{\"@id\":\"https:\/\/exceladvisor.org\/pt\/#organization\"},\"potentialAction\":[{\"@type\":\"SearchAction\",\"target\":{\"@type\":\"EntryPoint\",\"urlTemplate\":\"https:\/\/exceladvisor.org\/pt\/?s={search_term_string}\"},\"query-input\":{\"@type\":\"PropertyValueSpecification\",\"valueRequired\":true,\"valueName\":\"search_term_string\"}}],\"inLanguage\":\"pt-PT\"},{\"@type\":\"Organization\",\"@id\":\"https:\/\/exceladvisor.org\/pt\/#organization\",\"name\":\"Excel Advisor\",\"url\":\"https:\/\/exceladvisor.org\/pt\/\",\"logo\":{\"@type\":\"ImageObject\",\"inLanguage\":\"pt-PT\",\"@id\":\"https:\/\/exceladvisor.org\/pt\/#\/schema\/logo\/image\/\",\"url\":\"https:\/\/exceladvisor.org\/pt\/wp-content\/uploads\/2023\/12\/exceladvisor.org_.png\",\"contentUrl\":\"https:\/\/exceladvisor.org\/pt\/wp-content\/uploads\/2023\/12\/exceladvisor.org_.png\",\"width\":105,\"height\":36,\"caption\":\"Excel Advisor\"},\"image\":{\"@id\":\"https:\/\/exceladvisor.org\/pt\/#\/schema\/logo\/image\/\"}}]}<\/script>\n<!-- \/ Yoast SEO plugin. -->","yoast_head_json":{"title":"Como usar a barra de f\u00f3rmulas no Excel? (Tutorial 2023)","description":"A barra de f\u00f3rmulas do Excel \u00e9 uma barra fina abaixo da faixa de op\u00e7\u00f5es que exibe o conte\u00fado da c\u00e9lula selecionada e o endere\u00e7o de","robots":{"index":"index","follow":"follow","max-snippet":"max-snippet:-1","max-image-preview":"max-image-preview:large","max-video-preview":"max-video-preview:-1"},"canonical":"https:\/\/exceladvisor.org\/pt\/barra-de-formulas-do-excel\/","og_locale":"pt_PT","og_type":"article","og_title":"Como usar a barra de f\u00f3rmulas no Excel? (Tutorial 2023)","og_description":"A barra de f\u00f3rmulas do Excel \u00e9 uma barra fina abaixo da faixa de op\u00e7\u00f5es que exibe o conte\u00fado da c\u00e9lula selecionada e o endere\u00e7o de","og_url":"https:\/\/exceladvisor.org\/pt\/barra-de-formulas-do-excel\/","og_site_name":"Excel Advisor","article_modified_time":"2023-12-06T11:42:31+00:00","og_image":[{"url":"https:\/\/exceladvisor.org\/wp-content\/uploads\/2023\/08\/1-barre-de-formule-excel.png","type":"","width":"","height":""}],"twitter_card":"summary_large_image","twitter_misc":{"Tempo estimado de leitura":"4 minutos"},"schema":{"@context":"https:\/\/schema.org","@graph":[{"@type":"WebPage","@id":"https:\/\/exceladvisor.org\/pt\/barra-de-formulas-do-excel\/","url":"https:\/\/exceladvisor.org\/pt\/barra-de-formulas-do-excel\/","name":"Como usar a barra de f\u00f3rmulas no Excel? (Tutorial 2023)","isPartOf":{"@id":"https:\/\/exceladvisor.org\/pt\/#website"},"primaryImageOfPage":{"@id":"https:\/\/exceladvisor.org\/pt\/barra-de-formulas-do-excel\/#primaryimage"},"image":{"@id":"https:\/\/exceladvisor.org\/pt\/barra-de-formulas-do-excel\/#primaryimage"},"thumbnailUrl":"https:\/\/exceladvisor.org\/wp-content\/uploads\/2023\/08\/1-barre-de-formule-excel.png","datePublished":"2023-09-25T23:25:01+00:00","dateModified":"2023-12-06T11:42:31+00:00","description":"A barra de f\u00f3rmulas do Excel \u00e9 uma barra fina abaixo da faixa de op\u00e7\u00f5es que exibe o conte\u00fado da c\u00e9lula selecionada e o endere\u00e7o de","breadcrumb":{"@id":"https:\/\/exceladvisor.org\/pt\/barra-de-formulas-do-excel\/#breadcrumb"},"inLanguage":"pt-PT","potentialAction":[{"@type":"ReadAction","target":["https:\/\/exceladvisor.org\/pt\/barra-de-formulas-do-excel\/"]}]},{"@type":"ImageObject","inLanguage":"pt-PT","@id":"https:\/\/exceladvisor.org\/pt\/barra-de-formulas-do-excel\/#primaryimage","url":"https:\/\/exceladvisor.org\/wp-content\/uploads\/2023\/08\/1-barre-de-formule-excel.png","contentUrl":"https:\/\/exceladvisor.org\/wp-content\/uploads\/2023\/08\/1-barre-de-formule-excel.png"},{"@type":"BreadcrumbList","@id":"https:\/\/exceladvisor.org\/pt\/barra-de-formulas-do-excel\/#breadcrumb","itemListElement":[{"@type":"ListItem","position":1,"name":"Lar","item":"https:\/\/exceladvisor.org\/pt\/"},{"@type":"ListItem","position":2,"name":"Como usar a barra de f\u00f3rmulas no excel?"}]},{"@type":"WebSite","@id":"https:\/\/exceladvisor.org\/pt\/#website","url":"https:\/\/exceladvisor.org\/pt\/","name":"Excel Advisor","description":"O seu guia definitivo para dominar os dados!","publisher":{"@id":"https:\/\/exceladvisor.org\/pt\/#organization"},"potentialAction":[{"@type":"SearchAction","target":{"@type":"EntryPoint","urlTemplate":"https:\/\/exceladvisor.org\/pt\/?s={search_term_string}"},"query-input":{"@type":"PropertyValueSpecification","valueRequired":true,"valueName":"search_term_string"}}],"inLanguage":"pt-PT"},{"@type":"Organization","@id":"https:\/\/exceladvisor.org\/pt\/#organization","name":"Excel Advisor","url":"https:\/\/exceladvisor.org\/pt\/","logo":{"@type":"ImageObject","inLanguage":"pt-PT","@id":"https:\/\/exceladvisor.org\/pt\/#\/schema\/logo\/image\/","url":"https:\/\/exceladvisor.org\/pt\/wp-content\/uploads\/2023\/12\/exceladvisor.org_.png","contentUrl":"https:\/\/exceladvisor.org\/pt\/wp-content\/uploads\/2023\/12\/exceladvisor.org_.png","width":105,"height":36,"caption":"Excel Advisor"},"image":{"@id":"https:\/\/exceladvisor.org\/pt\/#\/schema\/logo\/image\/"}}]}},"yoast_meta":{"yoast_wpseo_title":"","yoast_wpseo_metadesc":"","yoast_wpseo_canonical":""},"_links":{"self":[{"href":"https:\/\/exceladvisor.org\/pt\/wp-json\/wp\/v2\/pages\/705","targetHints":{"allow":["GET"]}}],"collection":[{"href":"https:\/\/exceladvisor.org\/pt\/wp-json\/wp\/v2\/pages"}],"about":[{"href":"https:\/\/exceladvisor.org\/pt\/wp-json\/wp\/v2\/types\/page"}],"author":[{"embeddable":true,"href":"https:\/\/exceladvisor.org\/pt\/wp-json\/wp\/v2\/users\/1"}],"replies":[{"embeddable":true,"href":"https:\/\/exceladvisor.org\/pt\/wp-json\/wp\/v2\/comments?post=705"}],"version-history":[{"count":1,"href":"https:\/\/exceladvisor.org\/pt\/wp-json\/wp\/v2\/pages\/705\/revisions"}],"predecessor-version":[{"id":1216,"href":"https:\/\/exceladvisor.org\/pt\/wp-json\/wp\/v2\/pages\/705\/revisions\/1216"}],"wp:attachment":[{"href":"https:\/\/exceladvisor.org\/pt\/wp-json\/wp\/v2\/media?parent=705"}],"curies":[{"name":"wp","href":"https:\/\/api.w.org\/{rel}","templated":true}]}}