{"id":711,"date":"2023-09-25T20:16:08","date_gmt":"2023-09-25T20:16:08","guid":{"rendered":"https:\/\/exceladvisor.org\/pt\/formato-de-hora\/"},"modified":"2023-12-06T11:34:40","modified_gmt":"2023-12-06T11:34:40","slug":"formato-de-hora","status":"publish","type":"page","link":"https:\/\/exceladvisor.org\/pt\/formato-de-hora\/","title":{"rendered":"Como aplicar o formato de hora via atalho do excel?"},"content":{"rendered":"<div class=\"excel-before-content-2\" id=\"excel-57402111\"><script type=\"text\/javascript\">\r\n\tatOptions = {\r\n\t\t'key' : 'c1158f160081d6540a8409e6925dab94',\r\n\t\t'format' : 'iframe',\r\n\t\t'height' : 250,\r\n\t\t'width' : 300,\r\n\t\t'params' : {}\r\n\t};\r\n<\/script>\r\n<script type=\"text\/javascript\" src=\"\/\/www.highperformanceformat.com\/c1158f160081d6540a8409e6925dab94\/invoke.js\"><\/script><\/div><div class=\"excel-before-content\" id=\"excel-2228524072\"><script type=\"text\/javascript\">\r\n\tatOptions = {\r\n\t\t'key' : 'c1158f160081d6540a8409e6925dab94',\r\n\t\t'format' : 'iframe',\r\n\t\t'height' : 250,\r\n\t\t'width' : 300,\r\n\t\t'params' : {}\r\n\t};\r\n<\/script>\r\n<script type=\"text\/javascript\" src=\"\/\/www.highperformanceformat.com\/c1158f160081d6540a8409e6925dab94\/invoke.js\"><\/script><\/div> <p>No Excel, muitas vezes, quando voc\u00ea trabalha com dados que possuem valores de data e hora nas c\u00e9lulas, voc\u00ea pode encontrar esses valores em valores decimais num\u00e9ricos ou em formatos n\u00e3o uniformes.<\/p><p> Para transformar esses valores em um formato de hora padr\u00e3o, voc\u00ea precisa aplicar o formato de hora usando o atalho r\u00e1pido do teclado, que converter\u00e1 esses valores em um formato de hora padr\u00e3o.<\/p><h2 class=\"wp-block-heading\"> Atalho de teclado para aplicar formato de hora no Excel<\/h2><p> O atalho de teclado para aplicar o formato de hora \u00e9 mencionado abaixo:<\/p><p> <kbd>Ctrl<\/kbd> + <kbd>Shift<\/kbd> + <kbd>@<\/kbd> <\/p><div class=\"wp-block-image\"><figure class=\"aligncenter size-full is-resized\"><img loading=\"lazy\" decoding=\"async\" class=\"wp-image-74560\" src=\"https:\/\/exceladvisor.org\/wp-content\/uploads\/2023\/08\/1-format-dheure-de-raccourci-clavier.png\" sizes=\"auto, \" srcset=\"\" alt=\"formato de hora de tecla de atalho\" width=\"703\" height=\"276\"><\/figure><\/div><h2 class=\"wp-block-heading\"> Etapas para aplicar o formato de hora usando o atalho do teclado<\/h2><ol><li> Primeiro, selecione as c\u00e9lulas ou colunas que possuem o tempo como valores. <br><img loading=\"lazy\" decoding=\"async\" title=\"2 c\u00e9lulas de sele\u00e7\u00e3o de valor de tempo\" src=\"https:\/\/exceladvisor.org\/wp-content\/uploads\/2023\/08\/2-cellules-de-valeur-temporelle-selectionnees.png\" sizes=\"auto, \" srcset=\"\" alt=\"select-time-value-cells\" width=\"260\" height=\"260\"><\/li><li> Depois disso, basta pressionar as teclas \u201cCtrl + Shift + @\u201d juntas e seus valores ser\u00e3o convertidos em um formato de hora uniforme. <br><img loading=\"lazy\" decoding=\"async\" title=\"3 valores de formato de hora uniformes\" src=\"https:\/\/exceladvisor.org\/wp-content\/uploads\/2023\/08\/3-valeurs-de-format-dheure-uniformes.png\" sizes=\"auto, \" srcset=\"\" alt=\"uniform-time-format-values\" width=\"256\" height=\"249\"><\/li><\/ol><h2 class=\"wp-block-heading\"> Aprendizado<\/h2><ul><li> Valores num\u00e9ricos sem decimais representam apenas a data. Se voc\u00ea tiver um valor num\u00e9rico sem casas decimais, a hora ser\u00e1 exibida como 00:00.<\/li><li> Valores num\u00e9ricos com casas decimais representam data e hora. Se voc\u00ea tiver um valor num\u00e9rico com decimais, ele mostrar\u00e1 a hora em uma c\u00e9lula, mas a data e a hora na barra de f\u00f3rmulas. <\/li><\/ul><div class=\"wp-block-image\"><figure class=\"aligncenter size-full is-resized\"><img loading=\"lazy\" decoding=\"async\" class=\"wp-image-74563\" src=\"https:\/\/exceladvisor.org\/wp-content\/uploads\/2023\/08\/4-fois-comme-valeurs.png\" sizes=\"auto, \" srcset=\"\" alt=\"tempo como valores\" width=\"448\" height=\"257\"><\/figure><\/div><div class=\"gb-container gb-container-2116538e gb-container-mt\"> <a class=\"gb-button gb-button-f7d2c131 gb-button-text gb-button-mt-button\" href=\"https:\/\/exceladvisor.org\/pt\/atalhos-do-teclado\/\">Atalhos de teclado do Excel PDF<\/a><h2 class=\"gb-headline gb-headline-7ed68554 gb-headline-text gb-headline-mt-heading\"> Mais atalhos <\/h2><div class=\"gb-grid-wrapper gb-grid-wrapper-edeef538 gb-grid-wrapper-mt-grid\"><div class=\"gb-grid-column gb-grid-column-6ab6fbc6\"><div class=\"gb-container gb-container-6ab6fbc6\"><ul><li> <a href=\"https:\/\/exceladvisor.org\/pt\/barra-1\/\">Haste<\/a><\/li><li> <a href=\"https:\/\/exceladvisor.org\/pt\/indice-2\/\">Dica<\/a><\/li><li> <a href=\"https:\/\/exceladvisor.org\/pt\/expoente\/\">Expositor<\/a><\/li><li> <a href=\"https:\/\/exceladvisor.org\/pt\/marca-de-selecao-1\/\">Marca de verifica\u00e7\u00e3o<\/a><\/li><li> <a href=\"https:\/\/exceladvisor.org\/pt\/alinhar-centro\/\">Alinhar centro<\/a> <\/li><\/ul><\/div><\/div><div class=\"gb-grid-column gb-grid-column-766d598b\"><div class=\"gb-container gb-container-766d598b\"><ul><li> <a href=\"https:\/\/exceladvisor.org\/pt\/formato-de-moeda\/\">Aplicar formato de moeda<\/a><\/li><li> Porcentagem de formato<\/li><li> <a href=\"https:\/\/exceladvisor.org\/pt\/formato-de-data\/\">Aplicar formato de data<\/a><\/li><\/ul><\/div><\/div><\/div><\/div>","protected":false},"excerpt":{"rendered":"","protected":false},"author":1,"featured_media":0,"parent":0,"menu_order":0,"comment_status":"open","ping_status":"closed","template":"","meta":{"ub_ctt_via":"","footnotes":""},"class_list":["post-711","page","type-page","status-publish","hentry"],"featured_image_src":null,"yoast_head":"<!-- This site is optimized with the Yoast SEO plugin v25.4 - https:\/\/yoast.com\/wordpress\/plugins\/seo\/ -->\n<title>Como aplicar o formato de hora via atalho do Excel?<\/title>\n<meta name=\"description\" content=\"Neste tutorial, aprenderemos como usar um atalho de teclado para aplicar o formato de hora a uma c\u00e9lula ou intervalo m\u00faltiplo\" \/>\n<meta name=\"robots\" content=\"index, follow, max-snippet:-1, max-image-preview:large, max-video-preview:-1\" \/>\n<link rel=\"canonical\" href=\"https:\/\/exceladvisor.org\/pt\/formato-de-hora\/\" \/>\n<meta property=\"og:locale\" content=\"pt_PT\" \/>\n<meta property=\"og:type\" content=\"article\" \/>\n<meta property=\"og:title\" content=\"Como aplicar o formato de hora via atalho do Excel?\" \/>\n<meta property=\"og:description\" content=\"Neste tutorial, aprenderemos como usar um atalho de teclado para aplicar o formato de hora a uma c\u00e9lula ou intervalo m\u00faltiplo\" \/>\n<meta property=\"og:url\" content=\"https:\/\/exceladvisor.org\/pt\/formato-de-hora\/\" \/>\n<meta property=\"og:site_name\" content=\"Excel Advisor\" \/>\n<meta property=\"article:modified_time\" content=\"2023-12-06T11:34:40+00:00\" \/>\n<meta property=\"og:image\" content=\"https:\/\/exceladvisor.org\/wp-content\/uploads\/2023\/08\/1-format-dheure-de-raccourci-clavier.png\" \/>\n<meta name=\"twitter:card\" content=\"summary_large_image\" \/>\n<meta name=\"twitter:label1\" content=\"Tempo estimado de leitura\" \/>\n\t<meta name=\"twitter:data1\" content=\"1 minuto\" \/>\n<script type=\"application\/ld+json\" class=\"yoast-schema-graph\">{\"@context\":\"https:\/\/schema.org\",\"@graph\":[{\"@type\":\"WebPage\",\"@id\":\"https:\/\/exceladvisor.org\/pt\/formato-de-hora\/\",\"url\":\"https:\/\/exceladvisor.org\/pt\/formato-de-hora\/\",\"name\":\"Como aplicar o formato de hora via atalho do Excel?\",\"isPartOf\":{\"@id\":\"https:\/\/exceladvisor.org\/pt\/#website\"},\"primaryImageOfPage\":{\"@id\":\"https:\/\/exceladvisor.org\/pt\/formato-de-hora\/#primaryimage\"},\"image\":{\"@id\":\"https:\/\/exceladvisor.org\/pt\/formato-de-hora\/#primaryimage\"},\"thumbnailUrl\":\"https:\/\/exceladvisor.org\/wp-content\/uploads\/2023\/08\/1-format-dheure-de-raccourci-clavier.png\",\"datePublished\":\"2023-09-25T20:16:08+00:00\",\"dateModified\":\"2023-12-06T11:34:40+00:00\",\"description\":\"Neste tutorial, aprenderemos como usar um atalho de teclado para aplicar o formato de hora a uma c\u00e9lula ou intervalo m\u00faltiplo\",\"breadcrumb\":{\"@id\":\"https:\/\/exceladvisor.org\/pt\/formato-de-hora\/#breadcrumb\"},\"inLanguage\":\"pt-PT\",\"potentialAction\":[{\"@type\":\"ReadAction\",\"target\":[\"https:\/\/exceladvisor.org\/pt\/formato-de-hora\/\"]}]},{\"@type\":\"ImageObject\",\"inLanguage\":\"pt-PT\",\"@id\":\"https:\/\/exceladvisor.org\/pt\/formato-de-hora\/#primaryimage\",\"url\":\"https:\/\/exceladvisor.org\/wp-content\/uploads\/2023\/08\/1-format-dheure-de-raccourci-clavier.png\",\"contentUrl\":\"https:\/\/exceladvisor.org\/wp-content\/uploads\/2023\/08\/1-format-dheure-de-raccourci-clavier.png\"},{\"@type\":\"BreadcrumbList\",\"@id\":\"https:\/\/exceladvisor.org\/pt\/formato-de-hora\/#breadcrumb\",\"itemListElement\":[{\"@type\":\"ListItem\",\"position\":1,\"name\":\"Lar\",\"item\":\"https:\/\/exceladvisor.org\/pt\/\"},{\"@type\":\"ListItem\",\"position\":2,\"name\":\"Como aplicar o formato de hora via atalho do excel?\"}]},{\"@type\":\"WebSite\",\"@id\":\"https:\/\/exceladvisor.org\/pt\/#website\",\"url\":\"https:\/\/exceladvisor.org\/pt\/\",\"name\":\"Excel Advisor\",\"description\":\"O seu guia definitivo para dominar os dados!\",\"publisher\":{\"@id\":\"https:\/\/exceladvisor.org\/pt\/#organization\"},\"potentialAction\":[{\"@type\":\"SearchAction\",\"target\":{\"@type\":\"EntryPoint\",\"urlTemplate\":\"https:\/\/exceladvisor.org\/pt\/?s={search_term_string}\"},\"query-input\":{\"@type\":\"PropertyValueSpecification\",\"valueRequired\":true,\"valueName\":\"search_term_string\"}}],\"inLanguage\":\"pt-PT\"},{\"@type\":\"Organization\",\"@id\":\"https:\/\/exceladvisor.org\/pt\/#organization\",\"name\":\"Excel Advisor\",\"url\":\"https:\/\/exceladvisor.org\/pt\/\",\"logo\":{\"@type\":\"ImageObject\",\"inLanguage\":\"pt-PT\",\"@id\":\"https:\/\/exceladvisor.org\/pt\/#\/schema\/logo\/image\/\",\"url\":\"https:\/\/exceladvisor.org\/pt\/wp-content\/uploads\/2023\/12\/exceladvisor.org_.png\",\"contentUrl\":\"https:\/\/exceladvisor.org\/pt\/wp-content\/uploads\/2023\/12\/exceladvisor.org_.png\",\"width\":105,\"height\":36,\"caption\":\"Excel Advisor\"},\"image\":{\"@id\":\"https:\/\/exceladvisor.org\/pt\/#\/schema\/logo\/image\/\"}}]}<\/script>\n<!-- \/ Yoast SEO plugin. -->","yoast_head_json":{"title":"Como aplicar o formato de hora via atalho do Excel?","description":"Neste tutorial, aprenderemos como usar um atalho de teclado para aplicar o formato de hora a uma c\u00e9lula ou intervalo m\u00faltiplo","robots":{"index":"index","follow":"follow","max-snippet":"max-snippet:-1","max-image-preview":"max-image-preview:large","max-video-preview":"max-video-preview:-1"},"canonical":"https:\/\/exceladvisor.org\/pt\/formato-de-hora\/","og_locale":"pt_PT","og_type":"article","og_title":"Como aplicar o formato de hora via atalho do Excel?","og_description":"Neste tutorial, aprenderemos como usar um atalho de teclado para aplicar o formato de hora a uma c\u00e9lula ou intervalo m\u00faltiplo","og_url":"https:\/\/exceladvisor.org\/pt\/formato-de-hora\/","og_site_name":"Excel Advisor","article_modified_time":"2023-12-06T11:34:40+00:00","og_image":[{"url":"https:\/\/exceladvisor.org\/wp-content\/uploads\/2023\/08\/1-format-dheure-de-raccourci-clavier.png","type":"","width":"","height":""}],"twitter_card":"summary_large_image","twitter_misc":{"Tempo estimado de leitura":"1 minuto"},"schema":{"@context":"https:\/\/schema.org","@graph":[{"@type":"WebPage","@id":"https:\/\/exceladvisor.org\/pt\/formato-de-hora\/","url":"https:\/\/exceladvisor.org\/pt\/formato-de-hora\/","name":"Como aplicar o formato de hora via atalho do Excel?","isPartOf":{"@id":"https:\/\/exceladvisor.org\/pt\/#website"},"primaryImageOfPage":{"@id":"https:\/\/exceladvisor.org\/pt\/formato-de-hora\/#primaryimage"},"image":{"@id":"https:\/\/exceladvisor.org\/pt\/formato-de-hora\/#primaryimage"},"thumbnailUrl":"https:\/\/exceladvisor.org\/wp-content\/uploads\/2023\/08\/1-format-dheure-de-raccourci-clavier.png","datePublished":"2023-09-25T20:16:08+00:00","dateModified":"2023-12-06T11:34:40+00:00","description":"Neste tutorial, aprenderemos como usar um atalho de teclado para aplicar o formato de hora a uma c\u00e9lula ou intervalo m\u00faltiplo","breadcrumb":{"@id":"https:\/\/exceladvisor.org\/pt\/formato-de-hora\/#breadcrumb"},"inLanguage":"pt-PT","potentialAction":[{"@type":"ReadAction","target":["https:\/\/exceladvisor.org\/pt\/formato-de-hora\/"]}]},{"@type":"ImageObject","inLanguage":"pt-PT","@id":"https:\/\/exceladvisor.org\/pt\/formato-de-hora\/#primaryimage","url":"https:\/\/exceladvisor.org\/wp-content\/uploads\/2023\/08\/1-format-dheure-de-raccourci-clavier.png","contentUrl":"https:\/\/exceladvisor.org\/wp-content\/uploads\/2023\/08\/1-format-dheure-de-raccourci-clavier.png"},{"@type":"BreadcrumbList","@id":"https:\/\/exceladvisor.org\/pt\/formato-de-hora\/#breadcrumb","itemListElement":[{"@type":"ListItem","position":1,"name":"Lar","item":"https:\/\/exceladvisor.org\/pt\/"},{"@type":"ListItem","position":2,"name":"Como aplicar o formato de hora via atalho do excel?"}]},{"@type":"WebSite","@id":"https:\/\/exceladvisor.org\/pt\/#website","url":"https:\/\/exceladvisor.org\/pt\/","name":"Excel Advisor","description":"O seu guia definitivo para dominar os dados!","publisher":{"@id":"https:\/\/exceladvisor.org\/pt\/#organization"},"potentialAction":[{"@type":"SearchAction","target":{"@type":"EntryPoint","urlTemplate":"https:\/\/exceladvisor.org\/pt\/?s={search_term_string}"},"query-input":{"@type":"PropertyValueSpecification","valueRequired":true,"valueName":"search_term_string"}}],"inLanguage":"pt-PT"},{"@type":"Organization","@id":"https:\/\/exceladvisor.org\/pt\/#organization","name":"Excel Advisor","url":"https:\/\/exceladvisor.org\/pt\/","logo":{"@type":"ImageObject","inLanguage":"pt-PT","@id":"https:\/\/exceladvisor.org\/pt\/#\/schema\/logo\/image\/","url":"https:\/\/exceladvisor.org\/pt\/wp-content\/uploads\/2023\/12\/exceladvisor.org_.png","contentUrl":"https:\/\/exceladvisor.org\/pt\/wp-content\/uploads\/2023\/12\/exceladvisor.org_.png","width":105,"height":36,"caption":"Excel Advisor"},"image":{"@id":"https:\/\/exceladvisor.org\/pt\/#\/schema\/logo\/image\/"}}]}},"yoast_meta":{"yoast_wpseo_title":"","yoast_wpseo_metadesc":"","yoast_wpseo_canonical":""},"_links":{"self":[{"href":"https:\/\/exceladvisor.org\/pt\/wp-json\/wp\/v2\/pages\/711","targetHints":{"allow":["GET"]}}],"collection":[{"href":"https:\/\/exceladvisor.org\/pt\/wp-json\/wp\/v2\/pages"}],"about":[{"href":"https:\/\/exceladvisor.org\/pt\/wp-json\/wp\/v2\/types\/page"}],"author":[{"embeddable":true,"href":"https:\/\/exceladvisor.org\/pt\/wp-json\/wp\/v2\/users\/1"}],"replies":[{"embeddable":true,"href":"https:\/\/exceladvisor.org\/pt\/wp-json\/wp\/v2\/comments?post=711"}],"version-history":[{"count":1,"href":"https:\/\/exceladvisor.org\/pt\/wp-json\/wp\/v2\/pages\/711\/revisions"}],"predecessor-version":[{"id":844,"href":"https:\/\/exceladvisor.org\/pt\/wp-json\/wp\/v2\/pages\/711\/revisions\/844"}],"wp:attachment":[{"href":"https:\/\/exceladvisor.org\/pt\/wp-json\/wp\/v2\/media?parent=711"}],"curies":[{"name":"wp","href":"https:\/\/api.w.org\/{rel}","templated":true}]}}