{"id":712,"date":"2023-09-25T19:19:50","date_gmt":"2023-09-25T19:19:50","guid":{"rendered":"https:\/\/exceladvisor.org\/pt\/adicione-a-coluna-1\/"},"modified":"2023-12-06T11:34:09","modified_gmt":"2023-12-06T11:34:09","slug":"adicione-a-coluna-1","status":"publish","type":"page","link":"https:\/\/exceladvisor.org\/pt\/adicione-a-coluna-1\/","title":{"rendered":"Como adicionar uma coluna usando o atalho do excel?"},"content":{"rendered":"<div class=\"excel-before-content-2\" id=\"excel-2628563010\"><script type=\"text\/javascript\">\r\n\tatOptions = {\r\n\t\t'key' : 'c1158f160081d6540a8409e6925dab94',\r\n\t\t'format' : 'iframe',\r\n\t\t'height' : 250,\r\n\t\t'width' : 300,\r\n\t\t'params' : {}\r\n\t};\r\n<\/script>\r\n<script type=\"text\/javascript\" src=\"\/\/www.highperformanceformat.com\/c1158f160081d6540a8409e6925dab94\/invoke.js\"><\/script><\/div><div class=\"excel-before-content\" id=\"excel-3584455492\"><script type=\"text\/javascript\">\r\n\tatOptions = {\r\n\t\t'key' : 'c1158f160081d6540a8409e6925dab94',\r\n\t\t'format' : 'iframe',\r\n\t\t'height' : 250,\r\n\t\t'width' : 300,\r\n\t\t'params' : {}\r\n\t};\r\n<\/script>\r\n<script type=\"text\/javascript\" src=\"\/\/www.highperformanceformat.com\/c1158f160081d6540a8409e6925dab94\/invoke.js\"><\/script><\/div> <p>Adicionar uma nova coluna no Excel \u00e9 uma tarefa muito simples. Muitas vezes, ao trabalhar com dados, os usu\u00e1rios desejam adicionar ou inserir uma nova coluna e podem fazer isso usando atalhos de teclado em vez de ir at\u00e9 o \u00edcone \u201cInserir\u201d na guia \u201cP\u00e1gina inicial\u201d.<\/p><h2 class=\"wp-block-heading\"> Atalho de teclado para adicionar uma coluna no Excel<\/h2><p> <kbd>Alt<\/kbd> \u2192 <kbd>I<\/kbd> \u2192 <kbd>C<\/kbd> <\/p><div class=\"wp-block-image\"><figure class=\"aligncenter size-full is-resized\"><img loading=\"lazy\" decoding=\"async\" class=\"wp-image-67492\" src=\"https:\/\/exceladvisor.org\/wp-content\/uploads\/2023\/08\/1-touches-de-raccourci-pour-ajouter-une-colonne.png\" sizes=\"auto, \" srcset=\"\" alt=\"teclas de atalho para adicionar uma coluna\" width=\"809\" height=\"317\"><\/figure><\/div><p> <kbd>Ctrl<\/kbd> + <kbd>Shift<\/kbd> <kbd>++<\/kbd> <\/p><div class=\"wp-block-image\"><figure class=\"aligncenter size-full is-resized\"><img loading=\"lazy\" decoding=\"async\" class=\"wp-image-67493\" src=\"https:\/\/exceladvisor.org\/wp-content\/uploads\/2023\/08\/2-touches-de-raccourci-pour-ajouter-une-colonne.png\" sizes=\"auto, \" srcset=\"\" alt=\"teclas de atalho para adicionar uma coluna\" width=\"804\" height=\"315\"><\/figure><\/div><h2 class=\"wp-block-heading\"> Etapas para adicionar uma coluna usando um atalho de teclado<\/h2><h3 class=\"wp-block-heading\"> 1. Usando o atalho de teclado Alt \u2192 I \u2192 C<\/h3><ol><li> Primeiro, clique em qualquer c\u00e9lula \u00e0 esquerda da qual deseja adicionar a nova coluna vazia. <br><img loading=\"lazy\" decoding=\"async\" title=\"3 c\u00e9lulas de sele\u00e7\u00e3o\" src=\"https:\/\/exceladvisor.org\/wp-content\/uploads\/2023\/08\/3-selectionnez-la-cellule.png\" sizes=\"auto, \" srcset=\"\" alt=\"select-the-cell\" width=\"418\" height=\"213\"><\/li><li> Depois disso, basta pressionar \u201cAlt \u2192 I \u2192 C\u201d e voc\u00ea ter\u00e1 a nova coluna inserida \u00e0 esquerda da c\u00e9lula selecionada. <br><img loading=\"lazy\" decoding=\"async\" title=\"4 novas colunas adicionadas\" src=\"https:\/\/exceladvisor.org\/wp-content\/uploads\/2023\/08\/4-nouvelle-colonne-ajoutee.png\" sizes=\"auto, \" srcset=\"\" alt=\"new-column-added\" width=\"564\" height=\"225\"><\/li><\/ol><h3 class=\"wp-block-heading\"> 2. Usando o atalho de teclado Ctrl + Shift + Sinal de adi\u00e7\u00e3o (+)<\/h3><ol><li> Primeiro, selecione a coluna inteira usando o atalho de teclado \u201cCtrl + Espa\u00e7o\u201d \u00e0 esquerda da qual deseja adicionar a nova coluna vazia.<\/li><li> Depois disso, pressione as teclas de atalho <kbd>Ctrl<\/kbd> + <kbd>Shift<\/kbd> + <kbd>+<\/kbd> e voc\u00ea obter\u00e1 a nova coluna vazia inserida \u00e0 esquerda da coluna selecionada.<\/li><\/ol><h2 class=\"wp-block-heading\"> Aprendizado<\/h2><ol><li> O Excel sempre adiciona a(s) coluna(s) \u00e0 esquerda da c\u00e9lula ou coluna selecionada, n\u00e3o podemos alterar esta configura\u00e7\u00e3o padr\u00e3o.<\/li><li> Depois de adicionar uma coluna, voc\u00ea pode simplesmente pressionar as teclas <kbd>Fn<\/kbd> + <kbd>F4<\/kbd> para fazer o Excel repetir a tarefa para adicionar mais colunas em branco. <\/li><\/ol><div class=\"wp-block-group more-tutorials is-layout-flow\"><div class=\"wp-block-group__inner-container\"><h2 class=\"wp-block-heading\"> Mais tutoriais <\/h2><div class=\"wp-block-columns is-layout-flex wp-container-3\"><div class=\"wp-block-column is-layout-flow\"><ul><li> <a href=\"https:\/\/exceladvisor.org\/pt\/excluir-celula\/\">Excluir c\u00e9lula<\/a><\/li><li> <a href=\"https:\/\/exceladvisor.org\/pt\/excluir-linha\/\">Excluir linhas<\/a><\/li><li> <a href=\"https:\/\/exceladvisor.org\/pt\/editar-celula\/\">Editar c\u00e9lula<\/a><\/li><\/ul><\/div><div class=\"wp-block-column is-layout-flow\"><ul><li> <a href=\"https:\/\/exceladvisor.org\/pt\/insira-uma-celula\/\">Inserir uma c\u00e9lula<\/a><\/li><li> <a href=\"https:\/\/exceladvisor.org\/pt\/insira-uma-linha\/\">Inserir \u2013 Adicionar linhas<\/a><\/li><li> <a href=\"https:\/\/exceladvisor.org\/pt\/mesclar-celulas-dissociadas-1\/\">Mesclar e desfazer mesclagem de c\u00e9lulas<\/a><\/li><\/ul><\/div><\/div><p> \u21e0 Retornar aos <a href=\"https:\/\/exceladvisor.org\/pt\/atalhos-do-teclado\/\">atalhos do Excel (folha de dicas em PDF)<\/a><\/p><\/div><\/div>","protected":false},"excerpt":{"rendered":"","protected":false},"author":1,"featured_media":0,"parent":0,"menu_order":0,"comment_status":"open","ping_status":"closed","template":"","meta":{"ub_ctt_via":"","footnotes":""},"class_list":["post-712","page","type-page","status-publish","hentry"],"featured_image_src":null,"yoast_head":"<!-- This site is optimized with the Yoast SEO plugin v25.4 - https:\/\/yoast.com\/wordpress\/plugins\/seo\/ -->\n<title>Como adicionar uma coluna usando o atalho do Excel?<\/title>\n<meta name=\"description\" content=\"Neste tutorial, aprenderemos como usar um atalho de teclado para adicionar uma coluna a uma planilha do Excel.\" \/>\n<meta name=\"robots\" content=\"index, follow, max-snippet:-1, max-image-preview:large, max-video-preview:-1\" \/>\n<link rel=\"canonical\" href=\"https:\/\/exceladvisor.org\/pt\/adicione-a-coluna-1\/\" \/>\n<meta property=\"og:locale\" content=\"pt_PT\" \/>\n<meta property=\"og:type\" content=\"article\" \/>\n<meta property=\"og:title\" content=\"Como adicionar uma coluna usando o atalho do Excel?\" \/>\n<meta property=\"og:description\" content=\"Neste tutorial, aprenderemos como usar um atalho de teclado para adicionar uma coluna a uma planilha do Excel.\" \/>\n<meta property=\"og:url\" content=\"https:\/\/exceladvisor.org\/pt\/adicione-a-coluna-1\/\" \/>\n<meta property=\"og:site_name\" content=\"Excel Advisor\" \/>\n<meta property=\"article:modified_time\" content=\"2023-12-06T11:34:09+00:00\" \/>\n<meta property=\"og:image\" content=\"https:\/\/exceladvisor.org\/wp-content\/uploads\/2023\/08\/1-touches-de-raccourci-pour-ajouter-une-colonne.png\" \/>\n<meta name=\"twitter:card\" content=\"summary_large_image\" \/>\n<meta name=\"twitter:label1\" content=\"Tempo estimado de leitura\" \/>\n\t<meta name=\"twitter:data1\" content=\"1 minuto\" \/>\n<script type=\"application\/ld+json\" class=\"yoast-schema-graph\">{\"@context\":\"https:\/\/schema.org\",\"@graph\":[{\"@type\":\"WebPage\",\"@id\":\"https:\/\/exceladvisor.org\/pt\/adicione-a-coluna-1\/\",\"url\":\"https:\/\/exceladvisor.org\/pt\/adicione-a-coluna-1\/\",\"name\":\"Como adicionar uma coluna usando o atalho do Excel?\",\"isPartOf\":{\"@id\":\"https:\/\/exceladvisor.org\/pt\/#website\"},\"primaryImageOfPage\":{\"@id\":\"https:\/\/exceladvisor.org\/pt\/adicione-a-coluna-1\/#primaryimage\"},\"image\":{\"@id\":\"https:\/\/exceladvisor.org\/pt\/adicione-a-coluna-1\/#primaryimage\"},\"thumbnailUrl\":\"https:\/\/exceladvisor.org\/wp-content\/uploads\/2023\/08\/1-touches-de-raccourci-pour-ajouter-une-colonne.png\",\"datePublished\":\"2023-09-25T19:19:50+00:00\",\"dateModified\":\"2023-12-06T11:34:09+00:00\",\"description\":\"Neste tutorial, aprenderemos como usar um atalho de teclado para adicionar uma coluna a uma planilha do Excel.\",\"breadcrumb\":{\"@id\":\"https:\/\/exceladvisor.org\/pt\/adicione-a-coluna-1\/#breadcrumb\"},\"inLanguage\":\"pt-PT\",\"potentialAction\":[{\"@type\":\"ReadAction\",\"target\":[\"https:\/\/exceladvisor.org\/pt\/adicione-a-coluna-1\/\"]}]},{\"@type\":\"ImageObject\",\"inLanguage\":\"pt-PT\",\"@id\":\"https:\/\/exceladvisor.org\/pt\/adicione-a-coluna-1\/#primaryimage\",\"url\":\"https:\/\/exceladvisor.org\/wp-content\/uploads\/2023\/08\/1-touches-de-raccourci-pour-ajouter-une-colonne.png\",\"contentUrl\":\"https:\/\/exceladvisor.org\/wp-content\/uploads\/2023\/08\/1-touches-de-raccourci-pour-ajouter-une-colonne.png\"},{\"@type\":\"BreadcrumbList\",\"@id\":\"https:\/\/exceladvisor.org\/pt\/adicione-a-coluna-1\/#breadcrumb\",\"itemListElement\":[{\"@type\":\"ListItem\",\"position\":1,\"name\":\"Lar\",\"item\":\"https:\/\/exceladvisor.org\/pt\/\"},{\"@type\":\"ListItem\",\"position\":2,\"name\":\"Como adicionar uma coluna usando o atalho do excel?\"}]},{\"@type\":\"WebSite\",\"@id\":\"https:\/\/exceladvisor.org\/pt\/#website\",\"url\":\"https:\/\/exceladvisor.org\/pt\/\",\"name\":\"Excel Advisor\",\"description\":\"O seu guia definitivo para dominar os dados!\",\"publisher\":{\"@id\":\"https:\/\/exceladvisor.org\/pt\/#organization\"},\"potentialAction\":[{\"@type\":\"SearchAction\",\"target\":{\"@type\":\"EntryPoint\",\"urlTemplate\":\"https:\/\/exceladvisor.org\/pt\/?s={search_term_string}\"},\"query-input\":{\"@type\":\"PropertyValueSpecification\",\"valueRequired\":true,\"valueName\":\"search_term_string\"}}],\"inLanguage\":\"pt-PT\"},{\"@type\":\"Organization\",\"@id\":\"https:\/\/exceladvisor.org\/pt\/#organization\",\"name\":\"Excel Advisor\",\"url\":\"https:\/\/exceladvisor.org\/pt\/\",\"logo\":{\"@type\":\"ImageObject\",\"inLanguage\":\"pt-PT\",\"@id\":\"https:\/\/exceladvisor.org\/pt\/#\/schema\/logo\/image\/\",\"url\":\"https:\/\/exceladvisor.org\/pt\/wp-content\/uploads\/2023\/12\/exceladvisor.org_.png\",\"contentUrl\":\"https:\/\/exceladvisor.org\/pt\/wp-content\/uploads\/2023\/12\/exceladvisor.org_.png\",\"width\":105,\"height\":36,\"caption\":\"Excel Advisor\"},\"image\":{\"@id\":\"https:\/\/exceladvisor.org\/pt\/#\/schema\/logo\/image\/\"}}]}<\/script>\n<!-- \/ Yoast SEO plugin. -->","yoast_head_json":{"title":"Como adicionar uma coluna usando o atalho do Excel?","description":"Neste tutorial, aprenderemos como usar um atalho de teclado para adicionar uma coluna a uma planilha do Excel.","robots":{"index":"index","follow":"follow","max-snippet":"max-snippet:-1","max-image-preview":"max-image-preview:large","max-video-preview":"max-video-preview:-1"},"canonical":"https:\/\/exceladvisor.org\/pt\/adicione-a-coluna-1\/","og_locale":"pt_PT","og_type":"article","og_title":"Como adicionar uma coluna usando o atalho do Excel?","og_description":"Neste tutorial, aprenderemos como usar um atalho de teclado para adicionar uma coluna a uma planilha do Excel.","og_url":"https:\/\/exceladvisor.org\/pt\/adicione-a-coluna-1\/","og_site_name":"Excel Advisor","article_modified_time":"2023-12-06T11:34:09+00:00","og_image":[{"url":"https:\/\/exceladvisor.org\/wp-content\/uploads\/2023\/08\/1-touches-de-raccourci-pour-ajouter-une-colonne.png","type":"","width":"","height":""}],"twitter_card":"summary_large_image","twitter_misc":{"Tempo estimado de leitura":"1 minuto"},"schema":{"@context":"https:\/\/schema.org","@graph":[{"@type":"WebPage","@id":"https:\/\/exceladvisor.org\/pt\/adicione-a-coluna-1\/","url":"https:\/\/exceladvisor.org\/pt\/adicione-a-coluna-1\/","name":"Como adicionar uma coluna usando o atalho do Excel?","isPartOf":{"@id":"https:\/\/exceladvisor.org\/pt\/#website"},"primaryImageOfPage":{"@id":"https:\/\/exceladvisor.org\/pt\/adicione-a-coluna-1\/#primaryimage"},"image":{"@id":"https:\/\/exceladvisor.org\/pt\/adicione-a-coluna-1\/#primaryimage"},"thumbnailUrl":"https:\/\/exceladvisor.org\/wp-content\/uploads\/2023\/08\/1-touches-de-raccourci-pour-ajouter-une-colonne.png","datePublished":"2023-09-25T19:19:50+00:00","dateModified":"2023-12-06T11:34:09+00:00","description":"Neste tutorial, aprenderemos como usar um atalho de teclado para adicionar uma coluna a uma planilha do Excel.","breadcrumb":{"@id":"https:\/\/exceladvisor.org\/pt\/adicione-a-coluna-1\/#breadcrumb"},"inLanguage":"pt-PT","potentialAction":[{"@type":"ReadAction","target":["https:\/\/exceladvisor.org\/pt\/adicione-a-coluna-1\/"]}]},{"@type":"ImageObject","inLanguage":"pt-PT","@id":"https:\/\/exceladvisor.org\/pt\/adicione-a-coluna-1\/#primaryimage","url":"https:\/\/exceladvisor.org\/wp-content\/uploads\/2023\/08\/1-touches-de-raccourci-pour-ajouter-une-colonne.png","contentUrl":"https:\/\/exceladvisor.org\/wp-content\/uploads\/2023\/08\/1-touches-de-raccourci-pour-ajouter-une-colonne.png"},{"@type":"BreadcrumbList","@id":"https:\/\/exceladvisor.org\/pt\/adicione-a-coluna-1\/#breadcrumb","itemListElement":[{"@type":"ListItem","position":1,"name":"Lar","item":"https:\/\/exceladvisor.org\/pt\/"},{"@type":"ListItem","position":2,"name":"Como adicionar uma coluna usando o atalho do excel?"}]},{"@type":"WebSite","@id":"https:\/\/exceladvisor.org\/pt\/#website","url":"https:\/\/exceladvisor.org\/pt\/","name":"Excel Advisor","description":"O seu guia definitivo para dominar os dados!","publisher":{"@id":"https:\/\/exceladvisor.org\/pt\/#organization"},"potentialAction":[{"@type":"SearchAction","target":{"@type":"EntryPoint","urlTemplate":"https:\/\/exceladvisor.org\/pt\/?s={search_term_string}"},"query-input":{"@type":"PropertyValueSpecification","valueRequired":true,"valueName":"search_term_string"}}],"inLanguage":"pt-PT"},{"@type":"Organization","@id":"https:\/\/exceladvisor.org\/pt\/#organization","name":"Excel Advisor","url":"https:\/\/exceladvisor.org\/pt\/","logo":{"@type":"ImageObject","inLanguage":"pt-PT","@id":"https:\/\/exceladvisor.org\/pt\/#\/schema\/logo\/image\/","url":"https:\/\/exceladvisor.org\/pt\/wp-content\/uploads\/2023\/12\/exceladvisor.org_.png","contentUrl":"https:\/\/exceladvisor.org\/pt\/wp-content\/uploads\/2023\/12\/exceladvisor.org_.png","width":105,"height":36,"caption":"Excel Advisor"},"image":{"@id":"https:\/\/exceladvisor.org\/pt\/#\/schema\/logo\/image\/"}}]}},"yoast_meta":{"yoast_wpseo_title":"","yoast_wpseo_metadesc":"","yoast_wpseo_canonical":""},"_links":{"self":[{"href":"https:\/\/exceladvisor.org\/pt\/wp-json\/wp\/v2\/pages\/712","targetHints":{"allow":["GET"]}}],"collection":[{"href":"https:\/\/exceladvisor.org\/pt\/wp-json\/wp\/v2\/pages"}],"about":[{"href":"https:\/\/exceladvisor.org\/pt\/wp-json\/wp\/v2\/types\/page"}],"author":[{"embeddable":true,"href":"https:\/\/exceladvisor.org\/pt\/wp-json\/wp\/v2\/users\/1"}],"replies":[{"embeddable":true,"href":"https:\/\/exceladvisor.org\/pt\/wp-json\/wp\/v2\/comments?post=712"}],"version-history":[{"count":1,"href":"https:\/\/exceladvisor.org\/pt\/wp-json\/wp\/v2\/pages\/712\/revisions"}],"predecessor-version":[{"id":804,"href":"https:\/\/exceladvisor.org\/pt\/wp-json\/wp\/v2\/pages\/712\/revisions\/804"}],"wp:attachment":[{"href":"https:\/\/exceladvisor.org\/pt\/wp-json\/wp\/v2\/media?parent=712"}],"curies":[{"name":"wp","href":"https:\/\/api.w.org\/{rel}","templated":true}]}}