{"id":715,"date":"2023-09-25T16:20:45","date_gmt":"2023-09-25T16:20:45","guid":{"rendered":"https:\/\/exceladvisor.org\/pt\/ajuste-automatico-1\/"},"modified":"2023-12-06T11:34:25","modified_gmt":"2023-12-06T11:34:25","slug":"ajuste-automatico-1","status":"publish","type":"page","link":"https:\/\/exceladvisor.org\/pt\/ajuste-automatico-1\/","title":{"rendered":"Como ajustar linhas\/colunas automaticamente no vba?"},"content":{"rendered":"<div class=\"excel-before-content-2\" id=\"excel-1967013916\"><script type=\"text\/javascript\">\r\n\tatOptions = {\r\n\t\t'key' : 'c1158f160081d6540a8409e6925dab94',\r\n\t\t'format' : 'iframe',\r\n\t\t'height' : 250,\r\n\t\t'width' : 300,\r\n\t\t'params' : {}\r\n\t};\r\n<\/script>\r\n<script type=\"text\/javascript\" src=\"\/\/www.highperformanceformat.com\/c1158f160081d6540a8409e6925dab94\/invoke.js\"><\/script><\/div><div class=\"excel-before-content\" id=\"excel-2780153563\"><script type=\"text\/javascript\">\r\n\tatOptions = {\r\n\t\t'key' : 'c1158f160081d6540a8409e6925dab94',\r\n\t\t'format' : 'iframe',\r\n\t\t'height' : 250,\r\n\t\t'width' : 300,\r\n\t\t'params' : {}\r\n\t};\r\n<\/script>\r\n<script type=\"text\/javascript\" src=\"\/\/www.highperformanceformat.com\/c1158f160081d6540a8409e6925dab94\/invoke.js\"><\/script><\/div> <p class=\"wp-block-heading\"><strong>Pontos chave<\/strong><\/p><ul><li> No VBA, voc\u00ea pode usar o <strong>m\u00e9todo AutoFit<\/strong> para ajustar automaticamente linhas, colunas e at\u00e9 mesmo uma planilha inteira.<\/li><li> Voc\u00ea precisa <a href=\"https:\/\/exceladvisor.org\/pt\/intervalo-1\/\" target=\"_blank\" rel=\"noreferrer noopener\">especificar o intervalo<\/a> e, em seguida, poder\u00e1 usar o m\u00e9todo AutoFit.<\/li><\/ul><h2 class=\"wp-block-heading\"> Ajustar automaticamente uma coluna<\/h2><p> Digamos que voc\u00ea queira ajustar automaticamente a coluna A, o c\u00f3digo seria algo como abaixo: <\/p><pre class=\"wp-block-code\"> <code class=\"language-visual-basic\" lang=\"visual-basic\">Range(\"A1\").EntireColumn.AutoFit<\/code><\/pre><div class=\"wp-block-image\"><figure class=\"aligncenter size-large is-resized\"><img loading=\"lazy\" decoding=\"async\" class=\"wp-image-51714\" src=\"https:\/\/exceladvisor.org\/wp-content\/uploads\/2023\/08\/1-vba-sadapte-automatiquement-a-une-colonne.png\" sizes=\"auto, \" srcset=\"\" alt=\"vba-auto-ajuste-uma-coluna\" width=\"392\" height=\"226\"><\/figure><\/div><p> Na linha de c\u00f3digo acima, voc\u00ea usou a propriedade WholeColumn para se referir \u00e0 coluna inteira da c\u00e9lula A1.<\/p><p> Como voc\u00ea est\u00e1 em uma planilha, voc\u00ea tamb\u00e9m pode usar a propriedade columns e escrever um c\u00f3digo como abaixo. <\/p><pre class=\"wp-block-code\"> <code class=\"language-visual-basic\" lang=\"visual-basic\">Columns(1).AutoFit<\/code><\/pre><div class=\"wp-block-image\"><figure class=\"aligncenter size-large is-resized\"><img loading=\"lazy\" decoding=\"async\" class=\"wp-image-51715\" src=\"https:\/\/exceladvisor.org\/wp-content\/uploads\/2023\/08\/2-utiliser-la-propriete-de-colonne.png\" sizes=\"auto, \" srcset=\"\" alt=\"use-coluna-propriedade\" width=\"393\" height=\"229\"><\/figure><\/div><h2 class=\"wp-block-heading\"> Ajustar automaticamente uma linha<\/h2><p> Da mesma forma, voc\u00ea pode escrever c\u00f3digo para ajustar automaticamente uma linha. Digamos que voc\u00ea queira ajustar automaticamente a linha 5, o c\u00f3digo seria: <\/p><pre class=\"wp-block-code\"> <code class=\"language-visual-basic\" lang=\"visual-basic\">Range(\"A5\").EntireRow.AutoFit<\/code><\/pre><div class=\"wp-block-image\"><figure class=\"aligncenter size-large is-resized\"><img loading=\"lazy\" decoding=\"async\" class=\"wp-image-51716\" src=\"https:\/\/exceladvisor.org\/wp-content\/uploads\/2023\/08\/3-ajustement-automatique-dune-ligne.png\" sizes=\"auto, \" srcset=\"\" alt=\"ajuste autom\u00e1tico de linha \u00fanica\" width=\"404\" height=\"192\"><\/figure><\/div><p> E se quiser usar a propriedade row, voc\u00ea pode usar o c\u00f3digo a seguir. <\/p><pre class=\"wp-block-code\"> <code class=\"language-visual-basic\" lang=\"visual-basic\">Rows(5).AutoFit<\/code><\/pre><div class=\"wp-block-image\"><figure class=\"aligncenter size-large is-resized\"><img loading=\"lazy\" decoding=\"async\" class=\"wp-image-51717\" src=\"https:\/\/exceladvisor.org\/wp-content\/uploads\/2023\/08\/4-code-de-ligne-dajustement-automatique.png\" sizes=\"auto, \" srcset=\"\" alt=\"c\u00f3digo de linha de ajuste autom\u00e1tico\" width=\"355\" height=\"189\"><\/figure><\/div><h2 class=\"wp-block-heading\"> AutoFit UsedRange (linhas e colunas)<\/h2><p> Agora, digamos que voc\u00ea queira ajustar automaticamente colunas e linhas que contenham dados. No VBA existe uma propriedade chamada intervalo usado que voc\u00ea pode usar. Ent\u00e3o o c\u00f3digo seria. <\/p><pre class=\"wp-block-code\"> <code class=\"language-visual-basic\" lang=\"visual-basic\">ActiveSheet.UsedRange.EntireColumn.AutoFit ActiveSheet.UsedRange.EntireRow.AutoFit<\/code><\/pre><div class=\"wp-block-image\"><figure class=\"aligncenter size-large is-resized\"><img loading=\"lazy\" decoding=\"async\" class=\"wp-image-51718\" src=\"https:\/\/exceladvisor.org\/wp-content\/uploads\/2023\/08\/5-plage-dutilisation-dajustement-automatique.png\" sizes=\"auto, \" srcset=\"\" alt=\"intervalo de uso de ajuste autom\u00e1tico\" width=\"479\" height=\"176\"><\/figure><\/div><p> E se voc\u00ea quiser usar uma planilha espec\u00edfica, o c\u00f3digo seria. <\/p><pre class=\"wp-block-code\"> <code class=\"language-visual-basic\" lang=\"visual-basic\">Worksheets(\"Sheet1\").UsedRange.EntireColumn.AutoFit Worksheets(\"Sheet1\").UsedRange.EntireRow.AutoFit<\/code><\/pre><div class=\"wp-block-image\"><figure class=\"aligncenter size-large is-resized\"><img loading=\"lazy\" decoding=\"async\" class=\"wp-image-51719\" src=\"https:\/\/exceladvisor.org\/wp-content\/uploads\/2023\/08\/6-ajustement-automatique-du-code-de-plage-utilise.png\" sizes=\"auto, \" srcset=\"\" alt=\"c\u00f3digo de intervalo usado de ajuste autom\u00e1tico\" width=\"512\" height=\"174\"><\/figure><\/div><h2 class=\"wp-block-heading\"> Ajustar automaticamente a planilha inteira<\/h2><p> E se quiser fazer refer\u00eancia a todas as colunas e linhas da planilha, voc\u00ea pode usar a propriedade \u201cCELLS\u201d. Aqui est\u00e1 o c\u00f3digo. <\/p><pre class=\"wp-block-code\"> <code class=\"language-visual-basic\" lang=\"visual-basic\">Worksheets(\"Sheet1\").Cells.EntireColumn.AutoFit Worksheets(\"Sheet1\").Cells.EntireRow.AutoFit<\/code><\/pre><div class=\"wp-block-image\"><figure class=\"aligncenter size-large is-resized\"><img loading=\"lazy\" decoding=\"async\" class=\"wp-image-51720\" src=\"https:\/\/exceladvisor.org\/wp-content\/uploads\/2023\/08\/7-ajustement-automatique-de-la-feuille-de-travail-entiere.png\" sizes=\"auto, \" srcset=\"\" alt=\"ajustar automaticamente a planilha inteira\" width=\"478\" height=\"189\"><\/figure><\/div><p> Ou voc\u00ea tamb\u00e9m pode usar <a href=\"https:\/\/exceladvisor.org\/pt\/com\/\">a instru\u00e7\u00e3o WITH do VBA<\/a> para escrever c\u00f3digo como o mostrado abaixo. <\/p><pre class=\"wp-block-code\"> <code class=\"language-visual-basic\" lang=\"visual-basic\">With Worksheets(\"Sheet1\").Cells .EntireColumn.AutoFit .EntireRow.AutoFit End With<\/code><\/pre><div class=\"wp-block-image\"><figure class=\"aligncenter size-large is-resized\"><img loading=\"lazy\" decoding=\"async\" class=\"wp-image-51721\" src=\"https:\/\/exceladvisor.org\/wp-content\/uploads\/2023\/08\/8-ajustement-automatique-du-code-de-la-feuille-de-calcul-entiere.png\" sizes=\"auto, \" srcset=\"\" alt=\"c\u00f3digo de planilha de ajuste autom\u00e1tico de n\u00famero inteiro\" width=\"377\" height=\"223\"><\/figure><\/div><div class=\"gb-container gb-container-4db6181c gb-container-mt\"> <a class=\"gb-button gb-button-c5897111 gb-button-text gb-button-mt-button\" href=\"https:\/\/exceladvisor.org\/pt\/vba\/\">O que \u00e9 VBA<\/a><h2 class=\"gb-headline gb-headline-665e5f6b gb-headline-text gb-headline-mt-heading\"> Tutoriais relacionados <\/h2><div class=\"gb-grid-wrapper gb-grid-wrapper-a20baf7c gb-grid-wrapper-mt-grid\"><div class=\"gb-grid-column gb-grid-column-65ddf67e\"><div class=\"gb-container gb-container-65ddf67e\"><ul><li> <a href=\"https:\/\/exceladvisor.org\/pt\/numero-de-linhas\/\">Contar linhas usando VBA no Excel<\/a><\/li><li> <a href=\"https:\/\/exceladvisor.org\/pt\/fonte-de-caracteres\/\">Fonte Excel VBA (cor, tamanho, tipo e negrito)<\/a><\/li><li> <a href=\"https:\/\/exceladvisor.org\/pt\/ocultar-mostrar-linha-da-coluna\/\">Excel VBA Ocultar e mostrar uma coluna ou linha<\/a><\/li><li> <a href=\"https:\/\/exceladvisor.org\/pt\/intervalo-1\/\">Intervalo Excel VBA \u2013 Trabalhando com intervalo e c\u00e9lulas<\/a><\/li><li> <a href=\"https:\/\/exceladvisor.org\/pt\/fronteiras\/\">Aplicar bordas a uma c\u00e9lula usando VBA no Excel<\/a> <\/li><\/ul><\/div><\/div><div class=\"gb-grid-column gb-grid-column-50067b57\"><div class=\"gb-container gb-container-50067b57\"><\/div><\/div><\/div><\/div>","protected":false},"excerpt":{"rendered":"","protected":false},"author":1,"featured_media":0,"parent":0,"menu_order":0,"comment_status":"open","ping_status":"closed","template":"","meta":{"ub_ctt_via":"","footnotes":""},"class_list":["post-715","page","type-page","status-publish","hentry"],"featured_image_src":null,"yoast_head":"<!-- This site is optimized with the Yoast SEO plugin v25.4 - https:\/\/yoast.com\/wordpress\/plugins\/seo\/ -->\n<title>Como ajustar linhas\/colunas automaticamente no VBA?<\/title>\n<meta name=\"description\" content=\"Este tutorial mostra como usar o VBA para aplicar o ajuste autom\u00e1tico a uma ou mais colunas,\" \/>\n<meta name=\"robots\" content=\"index, follow, max-snippet:-1, max-image-preview:large, max-video-preview:-1\" \/>\n<link rel=\"canonical\" href=\"https:\/\/exceladvisor.org\/pt\/ajuste-automatico-1\/\" \/>\n<meta property=\"og:locale\" content=\"pt_PT\" \/>\n<meta property=\"og:type\" content=\"article\" \/>\n<meta property=\"og:title\" content=\"Como ajustar linhas\/colunas automaticamente no VBA?\" \/>\n<meta property=\"og:description\" content=\"Este tutorial mostra como usar o VBA para aplicar o ajuste autom\u00e1tico a uma ou mais colunas,\" \/>\n<meta property=\"og:url\" content=\"https:\/\/exceladvisor.org\/pt\/ajuste-automatico-1\/\" \/>\n<meta property=\"og:site_name\" content=\"Excel Advisor\" \/>\n<meta property=\"article:modified_time\" content=\"2023-12-06T11:34:25+00:00\" \/>\n<meta property=\"og:image\" content=\"https:\/\/exceladvisor.org\/wp-content\/uploads\/2023\/08\/1-vba-sadapte-automatiquement-a-une-colonne.png\" \/>\n<meta name=\"twitter:card\" content=\"summary_large_image\" \/>\n<meta name=\"twitter:label1\" content=\"Tempo estimado de leitura\" \/>\n\t<meta name=\"twitter:data1\" content=\"2 minutos\" \/>\n<script type=\"application\/ld+json\" class=\"yoast-schema-graph\">{\"@context\":\"https:\/\/schema.org\",\"@graph\":[{\"@type\":\"WebPage\",\"@id\":\"https:\/\/exceladvisor.org\/pt\/ajuste-automatico-1\/\",\"url\":\"https:\/\/exceladvisor.org\/pt\/ajuste-automatico-1\/\",\"name\":\"Como ajustar linhas\/colunas automaticamente no VBA?\",\"isPartOf\":{\"@id\":\"https:\/\/exceladvisor.org\/pt\/#website\"},\"primaryImageOfPage\":{\"@id\":\"https:\/\/exceladvisor.org\/pt\/ajuste-automatico-1\/#primaryimage\"},\"image\":{\"@id\":\"https:\/\/exceladvisor.org\/pt\/ajuste-automatico-1\/#primaryimage\"},\"thumbnailUrl\":\"https:\/\/exceladvisor.org\/wp-content\/uploads\/2023\/08\/1-vba-sadapte-automatiquement-a-une-colonne.png\",\"datePublished\":\"2023-09-25T16:20:45+00:00\",\"dateModified\":\"2023-12-06T11:34:25+00:00\",\"description\":\"Este tutorial mostra como usar o VBA para aplicar o ajuste autom\u00e1tico a uma ou mais colunas,\",\"breadcrumb\":{\"@id\":\"https:\/\/exceladvisor.org\/pt\/ajuste-automatico-1\/#breadcrumb\"},\"inLanguage\":\"pt-PT\",\"potentialAction\":[{\"@type\":\"ReadAction\",\"target\":[\"https:\/\/exceladvisor.org\/pt\/ajuste-automatico-1\/\"]}]},{\"@type\":\"ImageObject\",\"inLanguage\":\"pt-PT\",\"@id\":\"https:\/\/exceladvisor.org\/pt\/ajuste-automatico-1\/#primaryimage\",\"url\":\"https:\/\/exceladvisor.org\/wp-content\/uploads\/2023\/08\/1-vba-sadapte-automatiquement-a-une-colonne.png\",\"contentUrl\":\"https:\/\/exceladvisor.org\/wp-content\/uploads\/2023\/08\/1-vba-sadapte-automatiquement-a-une-colonne.png\"},{\"@type\":\"BreadcrumbList\",\"@id\":\"https:\/\/exceladvisor.org\/pt\/ajuste-automatico-1\/#breadcrumb\",\"itemListElement\":[{\"@type\":\"ListItem\",\"position\":1,\"name\":\"Lar\",\"item\":\"https:\/\/exceladvisor.org\/pt\/\"},{\"@type\":\"ListItem\",\"position\":2,\"name\":\"Como ajustar linhas\/colunas automaticamente no vba?\"}]},{\"@type\":\"WebSite\",\"@id\":\"https:\/\/exceladvisor.org\/pt\/#website\",\"url\":\"https:\/\/exceladvisor.org\/pt\/\",\"name\":\"Excel Advisor\",\"description\":\"O seu guia definitivo para dominar os dados!\",\"publisher\":{\"@id\":\"https:\/\/exceladvisor.org\/pt\/#organization\"},\"potentialAction\":[{\"@type\":\"SearchAction\",\"target\":{\"@type\":\"EntryPoint\",\"urlTemplate\":\"https:\/\/exceladvisor.org\/pt\/?s={search_term_string}\"},\"query-input\":{\"@type\":\"PropertyValueSpecification\",\"valueRequired\":true,\"valueName\":\"search_term_string\"}}],\"inLanguage\":\"pt-PT\"},{\"@type\":\"Organization\",\"@id\":\"https:\/\/exceladvisor.org\/pt\/#organization\",\"name\":\"Excel Advisor\",\"url\":\"https:\/\/exceladvisor.org\/pt\/\",\"logo\":{\"@type\":\"ImageObject\",\"inLanguage\":\"pt-PT\",\"@id\":\"https:\/\/exceladvisor.org\/pt\/#\/schema\/logo\/image\/\",\"url\":\"https:\/\/exceladvisor.org\/pt\/wp-content\/uploads\/2023\/12\/exceladvisor.org_.png\",\"contentUrl\":\"https:\/\/exceladvisor.org\/pt\/wp-content\/uploads\/2023\/12\/exceladvisor.org_.png\",\"width\":105,\"height\":36,\"caption\":\"Excel Advisor\"},\"image\":{\"@id\":\"https:\/\/exceladvisor.org\/pt\/#\/schema\/logo\/image\/\"}}]}<\/script>\n<!-- \/ Yoast SEO plugin. -->","yoast_head_json":{"title":"Como ajustar linhas\/colunas automaticamente no VBA?","description":"Este tutorial mostra como usar o VBA para aplicar o ajuste autom\u00e1tico a uma ou mais colunas,","robots":{"index":"index","follow":"follow","max-snippet":"max-snippet:-1","max-image-preview":"max-image-preview:large","max-video-preview":"max-video-preview:-1"},"canonical":"https:\/\/exceladvisor.org\/pt\/ajuste-automatico-1\/","og_locale":"pt_PT","og_type":"article","og_title":"Como ajustar linhas\/colunas automaticamente no VBA?","og_description":"Este tutorial mostra como usar o VBA para aplicar o ajuste autom\u00e1tico a uma ou mais colunas,","og_url":"https:\/\/exceladvisor.org\/pt\/ajuste-automatico-1\/","og_site_name":"Excel Advisor","article_modified_time":"2023-12-06T11:34:25+00:00","og_image":[{"url":"https:\/\/exceladvisor.org\/wp-content\/uploads\/2023\/08\/1-vba-sadapte-automatiquement-a-une-colonne.png","type":"","width":"","height":""}],"twitter_card":"summary_large_image","twitter_misc":{"Tempo estimado de leitura":"2 minutos"},"schema":{"@context":"https:\/\/schema.org","@graph":[{"@type":"WebPage","@id":"https:\/\/exceladvisor.org\/pt\/ajuste-automatico-1\/","url":"https:\/\/exceladvisor.org\/pt\/ajuste-automatico-1\/","name":"Como ajustar linhas\/colunas automaticamente no VBA?","isPartOf":{"@id":"https:\/\/exceladvisor.org\/pt\/#website"},"primaryImageOfPage":{"@id":"https:\/\/exceladvisor.org\/pt\/ajuste-automatico-1\/#primaryimage"},"image":{"@id":"https:\/\/exceladvisor.org\/pt\/ajuste-automatico-1\/#primaryimage"},"thumbnailUrl":"https:\/\/exceladvisor.org\/wp-content\/uploads\/2023\/08\/1-vba-sadapte-automatiquement-a-une-colonne.png","datePublished":"2023-09-25T16:20:45+00:00","dateModified":"2023-12-06T11:34:25+00:00","description":"Este tutorial mostra como usar o VBA para aplicar o ajuste autom\u00e1tico a uma ou mais colunas,","breadcrumb":{"@id":"https:\/\/exceladvisor.org\/pt\/ajuste-automatico-1\/#breadcrumb"},"inLanguage":"pt-PT","potentialAction":[{"@type":"ReadAction","target":["https:\/\/exceladvisor.org\/pt\/ajuste-automatico-1\/"]}]},{"@type":"ImageObject","inLanguage":"pt-PT","@id":"https:\/\/exceladvisor.org\/pt\/ajuste-automatico-1\/#primaryimage","url":"https:\/\/exceladvisor.org\/wp-content\/uploads\/2023\/08\/1-vba-sadapte-automatiquement-a-une-colonne.png","contentUrl":"https:\/\/exceladvisor.org\/wp-content\/uploads\/2023\/08\/1-vba-sadapte-automatiquement-a-une-colonne.png"},{"@type":"BreadcrumbList","@id":"https:\/\/exceladvisor.org\/pt\/ajuste-automatico-1\/#breadcrumb","itemListElement":[{"@type":"ListItem","position":1,"name":"Lar","item":"https:\/\/exceladvisor.org\/pt\/"},{"@type":"ListItem","position":2,"name":"Como ajustar linhas\/colunas automaticamente no vba?"}]},{"@type":"WebSite","@id":"https:\/\/exceladvisor.org\/pt\/#website","url":"https:\/\/exceladvisor.org\/pt\/","name":"Excel Advisor","description":"O seu guia definitivo para dominar os dados!","publisher":{"@id":"https:\/\/exceladvisor.org\/pt\/#organization"},"potentialAction":[{"@type":"SearchAction","target":{"@type":"EntryPoint","urlTemplate":"https:\/\/exceladvisor.org\/pt\/?s={search_term_string}"},"query-input":{"@type":"PropertyValueSpecification","valueRequired":true,"valueName":"search_term_string"}}],"inLanguage":"pt-PT"},{"@type":"Organization","@id":"https:\/\/exceladvisor.org\/pt\/#organization","name":"Excel Advisor","url":"https:\/\/exceladvisor.org\/pt\/","logo":{"@type":"ImageObject","inLanguage":"pt-PT","@id":"https:\/\/exceladvisor.org\/pt\/#\/schema\/logo\/image\/","url":"https:\/\/exceladvisor.org\/pt\/wp-content\/uploads\/2023\/12\/exceladvisor.org_.png","contentUrl":"https:\/\/exceladvisor.org\/pt\/wp-content\/uploads\/2023\/12\/exceladvisor.org_.png","width":105,"height":36,"caption":"Excel Advisor"},"image":{"@id":"https:\/\/exceladvisor.org\/pt\/#\/schema\/logo\/image\/"}}]}},"yoast_meta":{"yoast_wpseo_title":"","yoast_wpseo_metadesc":"","yoast_wpseo_canonical":""},"_links":{"self":[{"href":"https:\/\/exceladvisor.org\/pt\/wp-json\/wp\/v2\/pages\/715","targetHints":{"allow":["GET"]}}],"collection":[{"href":"https:\/\/exceladvisor.org\/pt\/wp-json\/wp\/v2\/pages"}],"about":[{"href":"https:\/\/exceladvisor.org\/pt\/wp-json\/wp\/v2\/types\/page"}],"author":[{"embeddable":true,"href":"https:\/\/exceladvisor.org\/pt\/wp-json\/wp\/v2\/users\/1"}],"replies":[{"embeddable":true,"href":"https:\/\/exceladvisor.org\/pt\/wp-json\/wp\/v2\/comments?post=715"}],"version-history":[{"count":1,"href":"https:\/\/exceladvisor.org\/pt\/wp-json\/wp\/v2\/pages\/715\/revisions"}],"predecessor-version":[{"id":824,"href":"https:\/\/exceladvisor.org\/pt\/wp-json\/wp\/v2\/pages\/715\/revisions\/824"}],"wp:attachment":[{"href":"https:\/\/exceladvisor.org\/pt\/wp-json\/wp\/v2\/media?parent=715"}],"curies":[{"name":"wp","href":"https:\/\/api.w.org\/{rel}","templated":true}]}}