{"id":717,"date":"2023-09-25T14:20:37","date_gmt":"2023-09-25T14:20:37","guid":{"rendered":"https:\/\/exceladvisor.org\/pt\/cor-da-celula\/"},"modified":"2023-12-06T11:34:36","modified_gmt":"2023-12-06T11:34:36","slug":"cor-da-celula","status":"publish","type":"page","link":"https:\/\/exceladvisor.org\/pt\/cor-da-celula\/","title":{"rendered":"Como aplicar cor de fundo no excel?"},"content":{"rendered":"<div class=\"excel-before-content-2\" id=\"excel-226738455\"><script type=\"text\/javascript\">\r\n\tatOptions = {\r\n\t\t'key' : 'c1158f160081d6540a8409e6925dab94',\r\n\t\t'format' : 'iframe',\r\n\t\t'height' : 250,\r\n\t\t'width' : 300,\r\n\t\t'params' : {}\r\n\t};\r\n<\/script>\r\n<script type=\"text\/javascript\" src=\"\/\/www.highperformanceformat.com\/c1158f160081d6540a8409e6925dab94\/invoke.js\"><\/script><\/div><div class=\"excel-before-content\" id=\"excel-2465948713\"><script type=\"text\/javascript\">\r\n\tatOptions = {\r\n\t\t'key' : 'c1158f160081d6540a8409e6925dab94',\r\n\t\t'format' : 'iframe',\r\n\t\t'height' : 250,\r\n\t\t'width' : 300,\r\n\t\t'params' : {}\r\n\t};\r\n<\/script>\r\n<script type=\"text\/javascript\" src=\"\/\/www.highperformanceformat.com\/c1158f160081d6540a8409e6925dab94\/invoke.js\"><\/script><\/div> <p>Como voc\u00ea sabe, branco \u00e9 a cor de fundo padr\u00e3o no Excel e na maioria das vezes para destacar uma c\u00e9lula ou intervalo de c\u00e9lulas, os usu\u00e1rios preferem aplicar a cor de fundo \u00e0s c\u00e9lulas.<\/p><p> No Excel, a cor de fundo pode ser aplicada de diversas maneiras, como usando a op\u00e7\u00e3o \u201cCor de preenchimento\u201d ou aplicando diferentes tipos de condi\u00e7\u00f5es usando a op\u00e7\u00e3o \u201cFormata\u00e7\u00e3o Condicional\u201d e muitas outras.<\/p><p> A cor de fundo uma vez aplicada \u00e0s c\u00e9lulas ou planilha usando a op\u00e7\u00e3o \u201cCor de preenchimento\u201d n\u00e3o mudar\u00e1 com a altera\u00e7\u00e3o do valor da c\u00e9lula, por\u00e9m usando a op\u00e7\u00e3o \u201cFormata\u00e7\u00e3o Condicional\u201d, a cor das c\u00e9lulas muda com a modifica\u00e7\u00e3o da c\u00e9lula valor dependendo das condi\u00e7\u00f5es aplicadas.<\/p><p> Mencionamos algumas etapas r\u00e1pidas e f\u00e1ceis para aplicar a cor de fundo no Excel.<\/p><h2 class=\"wp-block-heading\"> Aplicar cor de fundo usando a op\u00e7\u00e3o Cor de preenchimento<\/h2><ul><li> Primeiro, selecione a c\u00e9lula ou intervalo de c\u00e9lulas ou a planilha inteira para aplicar a cor de fundo \u00e0 c\u00e9lula ou intervalo de c\u00e9lulas ou \u00e0 planilha inteira, respectivamente.<\/li><li> Depois disso, v\u00e1 at\u00e9 a aba \u201cHome\u201d, clique na seta suspensa \u201cFill Color\u201d e selecione a cor que deseja aplicar. <br><img loading=\"lazy\" decoding=\"async\" title=\"Op\u00e7\u00e3o 1 cor de preenchimento\" src=\"https:\/\/exceladvisor.org\/wp-content\/uploads\/2023\/08\/1-option-de-couleur-de-remplissage.png\" sizes=\"auto, \" srcset=\"\" alt=\"fill-color-option\" width=\"407\" height=\"340\"><\/li><li> Depois de selecionar a cor, voc\u00ea obter\u00e1 as c\u00e9lulas ou intervalo de c\u00e9lulas selecionados ou a planilha inteira destacada com a cor selecionada.<\/li><\/ul><h2 class=\"wp-block-heading\"> Aplicar cor de fundo com base nos valores das c\u00e9lulas usando formata\u00e7\u00e3o condicional<\/h2><p> Usando a formata\u00e7\u00e3o condicional, os usu\u00e1rios podem aplicar cores de fundo \u00e0s c\u00e9lulas com base em uma ou mais condi\u00e7\u00f5es ao mesmo tempo, como valor maior que, valor menor que, valores iguais a, valores duplicados, texto na c\u00e9lula, etc.<\/p><p> E sempre que o valor da c\u00e9lula \u00e9 atualizado, a cor da c\u00e9lula muda automaticamente com base nas condi\u00e7\u00f5es especificadas.<\/p><ul><li> Primeiro, selecione a planilha inteira ou um intervalo de c\u00e9lulas onde deseja aplicar a formata\u00e7\u00e3o da cor de fundo e, em seguida, v\u00e1 para a guia \u201cP\u00e1gina inicial\u201d.<\/li><li> Depois disso, clique na seta suspensa \u201cFormata\u00e7\u00e3o Condicional\u201d, depois clique em \u201cRegras de Destaque de C\u00e9lula\u201d e, a seguir, clique na op\u00e7\u00e3o \u201cMais Regras\u201d. <br><img loading=\"lazy\" decoding=\"async\" title=\"2 cores de fundo usando formata\u00e7\u00e3o condicional\" src=\"https:\/\/exceladvisor.org\/wp-content\/uploads\/2023\/08\/2-couleurs-darriere-plan-utilisant-la-mise-en-forme-conditionnelle.png\" sizes=\"auto, \" srcset=\"\" alt=\"background-color-using-conditional-formatting\" width=\"597\" height=\"338\"><\/li><li> Depois de clicar em \u201cMais regras\u201d, a caixa de di\u00e1logo \u201cNova regra de formata\u00e7\u00e3o\u201d \u00e9 aberta. <br><img loading=\"lazy\" decoding=\"async\" title=\"3-di\u00e1logo de regras de nova formata\u00e7\u00e3o\" src=\"https:\/\/exceladvisor.org\/wp-content\/uploads\/2023\/08\/3-nouvelle-boite-de-dialogue-de-regle-de-formatage.png\" sizes=\"auto, \" srcset=\"\" alt=\"new-formatting-rule-dialog-box\" width=\"486\" height=\"355\"><\/li><li> Agora selecione o tipo de regra \u201cFormatar apenas c\u00e9lulas que contenham\u201d, selecione a condi\u00e7\u00e3o de formata\u00e7\u00e3o que deseja aplicar, insira o valor e clique no bot\u00e3o \u201cFormatar\u201d. <br><img loading=\"lazy\" decoding=\"async\" title=\"Condi\u00e7\u00e3o de 4 formata\u00e7\u00e3o\" src=\"https:\/\/exceladvisor.org\/wp-content\/uploads\/2023\/08\/4-conditions-de-formatage.png\" sizes=\"auto, \" srcset=\"\" alt=\"formatting-condition\" width=\"488\" height=\"360\"><\/li><li> Agora, na caixa de di\u00e1logo \u201cFormatar c\u00e9lulas\u201d, selecione o t\u00edtulo \u201cPreencher\u201d, escolha a cor que deseja aplicar e clique em OK. <br><img loading=\"lazy\" decoding=\"async\" title=\"Caixa de di\u00e1logo de 5 c\u00e9lulas de formato\" src=\"https:\/\/exceladvisor.org\/wp-content\/uploads\/2023\/08\/5-boite-de-dialogue-formater-les-cellules-2.png\" sizes=\"auto, \" srcset=\"\" alt=\"format-cells-dialog-box\" width=\"473\" height=\"418\"><\/li><li> Depois de clicar em OK, voc\u00ea retornar\u00e1 \u00e0 caixa de di\u00e1logo \u201cNova regra de formata\u00e7\u00e3o\u201d, onde agora poder\u00e1 ver a visualiza\u00e7\u00e3o da cor selecionada.<\/li><li> No final, clique em OK. <br><img loading=\"lazy\" decoding=\"async\" title=\"6 cliques em ok-formata\u00e7\u00e3o\" src=\"https:\/\/exceladvisor.org\/wp-content\/uploads\/2023\/08\/6-clic-ok-formatage.png\" sizes=\"auto, \" srcset=\"\" alt=\"click-ok-formatting\" width=\"676\" height=\"321\"><\/li><li> Neste ponto, voc\u00ea ter\u00e1 as c\u00e9lulas do intervalo selecionado destacadas com a cor de fundo com base na condi\u00e7\u00e3o aplicada. <br><img loading=\"lazy\" decoding=\"async\" title=\"7 cores de fundo aplicadas\" src=\"https:\/\/exceladvisor.org\/wp-content\/uploads\/2023\/08\/7-couleurs-de-fond-appliquees.png\" sizes=\"auto, \" srcset=\"\" alt=\"applied-background-color\" width=\"294\" height=\"271\"><\/li><\/ul><p> No exemplo acima, selecionamos a condi\u00e7\u00e3o \u201cMaior ou igual a\u201d com valor base de \u201c10000\u201d e cor verde. Portanto, todas as c\u00e9lulas com valor igual ou superior a 10.000 foram destacadas com a cor de fundo verde.<\/p><p> Para aplicar mais condi\u00e7\u00f5es de formata\u00e7\u00e3o de cores no mesmo intervalo, os usu\u00e1rios precisam seguir as mesmas etapas e aplicar apenas a segunda condi\u00e7\u00e3o junto com a primeira que criamos acima.<\/p><ul><li> Novamente, selecione o intervalo de c\u00e9lulas e navegue at\u00e9 a caixa de di\u00e1logo \u201cNova regra de formata\u00e7\u00e3o\u201d usando as mesmas etapas mencionadas acima.<\/li><li> Agora selecione a nova condi\u00e7\u00e3o novamente com o valor, clique no bot\u00e3o \u201cFormatar\u201d para selecionar a cor e clique em OK. <br><img loading=\"lazy\" decoding=\"async\" title=\"8-selecionar condi\u00e7\u00e3o de formata\u00e7\u00e3o\" src=\"https:\/\/exceladvisor.org\/wp-content\/uploads\/2023\/08\/8-selectionner-la-condition-de-formatage.png\" sizes=\"auto, \" srcset=\"\" alt=\"select-formatting-condition\" width=\"515\" height=\"376\"><\/li><li> Neste ponto, voc\u00ea obter\u00e1 a nova cor de fundo adicional aplicada \u00e0s c\u00e9lulas com base na segunda condi\u00e7\u00e3o aplicada. <br><img loading=\"lazy\" decoding=\"async\" title=\"9 cores de fundo para c\u00e9lulas\" src=\"https:\/\/exceladvisor.org\/wp-content\/uploads\/2023\/08\/9-couleurs-de-fond-pour-les-cellules.png\" sizes=\"auto, \" srcset=\"\" alt=\"background-colors-to-the-cells\" width=\"269\" height=\"245\"><\/li><\/ul><p> Agora voc\u00ea pode ver as duas cores diferentes com base nas duas condi\u00e7\u00f5es que aplicamos.<\/p><p> E da mesma forma, voc\u00ea pode aplicar mais condi\u00e7\u00f5es ao mesmo intervalo como destacar a cor de fundo com as c\u00e9lulas iguais a zero (0), e neste caso voc\u00ea precisa aplicar a nova condi\u00e7\u00e3o \u201cIgual a\u201d com o valor inserido como zero (0).<\/p><p> Onde voc\u00ea obter\u00e1 as c\u00e9lulas com valor zero destacadas com a cor de fundo que voc\u00ea selecionar\u00e1 ao aplicar a condi\u00e7\u00e3o.<\/p><h2 class=\"wp-block-heading\"> Aplicar cor de fundo a c\u00e9lulas especiais usando formata\u00e7\u00e3o condicional<\/h2><p> C\u00e9lulas especiais aqui referem-se a c\u00e9lulas em branco ou em branco sem dados ou c\u00e9lulas com erros de f\u00f3rmula.<\/p><ol><li> Primeiro, selecione o intervalo de c\u00e9lulas ou a tabela inteira ou a planilha inteira se desejar aplicar uma cor de fundo \u00e0s c\u00e9lulas especiais de um intervalo de c\u00e9lulas espec\u00edfico ou \u00e0 tabela inteira ou \u00e0 planilha inteira, respectivamente. <br><img loading=\"lazy\" decoding=\"async\" title=\"10 cores de fundo para c\u00e9lulas especiais\" src=\"https:\/\/exceladvisor.org\/wp-content\/uploads\/2023\/08\/10-couleurs-darriere-plan-pour-les-cellules-speciales.png\" sizes=\"auto, \" srcset=\"\" alt=\"background-color-to-special-cells\" width=\"331\" height=\"176\"><\/li><li> Depois disso, v\u00e1 em \u201cFormata\u00e7\u00e3o Condicional\u201d, clique em \u201cNova Regra\u201d e abra a caixa de di\u00e1logo \u201cNova Regra de Formata\u00e7\u00e3o\u201d.<\/li><li> Agora, clique na seta suspensa \u00e0 esquerda e selecione a op\u00e7\u00e3o \u201cEm branco\u201d ou \u201cErros\u201d para aplicar a cor de fundo a c\u00e9lulas vazias ou c\u00e9lulas com erros. <br><img loading=\"lazy\" decoding=\"async\" title=\"11-selecionar-op\u00e7\u00e3o-vazia\" src=\"https:\/\/exceladvisor.org\/wp-content\/uploads\/2023\/08\/11-selectionnez-loption-vierge.png\" sizes=\"auto, \" srcset=\"\" alt=\"select-the-blank-option\" width=\"538\" height=\"331\"><\/li><li> Depois de selecionar o tipo de formato de c\u00e9lula como \u201cEm branco\u201d ou qualquer outro tipo com base nas c\u00e9lulas \u00e0s quais deseja aplicar a cor, clique no bot\u00e3o \u201cFormatar\u201d e selecione o tipo de cor.<\/li><li> No final, clique em OK. <br><img loading=\"lazy\" decoding=\"async\" title=\"Tipo de 12 cores selecionadas\" src=\"https:\/\/exceladvisor.org\/wp-content\/uploads\/2023\/08\/12-selectionnez-le-type-de-couleur.png\" sizes=\"auto, \" srcset=\"\" alt=\"select-the-color-type\" width=\"346\" height=\"347\"><\/li><li> Neste ponto, voc\u00ea obter\u00e1 as c\u00e9lulas do intervalo, tabela ou planilha selecionada destacadas com a cor de acordo com a condi\u00e7\u00e3o aplicada. <br><img loading=\"lazy\" decoding=\"async\" title=\"13 c\u00e9lulas vazias-cor de fundo1\" src=\"https:\/\/exceladvisor.org\/wp-content\/uploads\/2023\/08\/13-cellules-vides-couleur-de-fond1.png\" sizes=\"auto, \" srcset=\"\" alt=\"blank-cells-background-color\" width=\"351\" height=\"189\"><\/li><\/ol><h2 class=\"wp-block-heading\"> Aplicar cor de fundo usando estilos de c\u00e9lula<\/h2><ol><li> Primeiro, selecione o intervalo de c\u00e9lulas ou a tabela inteira ou a planilha inteira se desejar aplicar uma cor de fundo \u00e0s c\u00e9lulas especiais de um intervalo de c\u00e9lulas espec\u00edfico ou \u00e0 tabela inteira ou \u00e0 planilha inteira, respectivamente.<\/li><li> Depois disso, v\u00e1 at\u00e9 a aba \u201cHome\u201d, clique no \u00edcone \u201cCell Styles\u201d e selecione o estilo de cor de fundo que deseja aplicar.<\/li><li> Neste exemplo, selecionamos a cor \u201cNeutra\u201d para a tabela selecionada. <br><img loading=\"lazy\" decoding=\"async\" title=\"14 cores de fundo usando estilos de c\u00e9lulas\" src=\"https:\/\/exceladvisor.org\/wp-content\/uploads\/2023\/08\/14-couleurs-darriere-plan-a-laide-de-styles-de-cellule.png\" sizes=\"auto, \" srcset=\"\" alt=\"background-color-using-cell-styles\" width=\"800\" height=\"373\"><\/li><li> Depois de selecionar a cor, voc\u00ea obter\u00e1 as c\u00e9lulas, intervalo, tabela ou planilha selecionada com essa cor. <br><img loading=\"lazy\" decoding=\"async\" title=\"15 linhas com cor de fundo\" src=\"https:\/\/exceladvisor.org\/wp-content\/uploads\/2023\/08\/15-gamme-avec-couleur-de-fond.png\" sizes=\"auto, \" srcset=\"\" alt=\"range-with-background-color\" width=\"361\" height=\"196\"><\/li><\/ol><p> No Excel, existem v\u00e1rias maneiras de aplicar uma cor de fundo \u00e0 c\u00e9lula ou \u00e0 planilha inteira, mas tudo depende da sua necessidade.<\/p><p> Se quiser que a cor, uma vez aplicada, n\u00e3o mude com uma altera\u00e7\u00e3o no valor da c\u00e9lula, voc\u00ea pode simplesmente usar a op\u00e7\u00e3o \u201cCor de preenchimento\u201d ou Formatar c\u00e9lulas \u201cou Estilos de c\u00e9lulas\u201d.<\/p><p> Mas se voc\u00ea deseja que as cores das suas c\u00e9lulas sejam din\u00e2micas, significa que a cor mudar\u00e1 automaticamente com a altera\u00e7\u00e3o do valor da c\u00e9lula e dependendo das condi\u00e7\u00f5es aplicadas, voc\u00ea pode usar a op\u00e7\u00e3o \u201cFormata\u00e7\u00e3o Condicional\u201d neste caso.<\/p><div class=\"gb-container gb-container-4db6181c gb-container-mt\"> <a class=\"gb-button gb-button-c5897111 gb-button-text gb-button-mt-button\" href=\"https:\/\/exceladvisor.org\/pt\/nocoes-basicas-de-excel\/\">No\u00e7\u00f5es b\u00e1sicas do Microsoft Excel (componentes, pe\u00e7as e notas de conhecimento)<\/a><h2 class=\"gb-headline gb-headline-665e5f6b gb-headline-text gb-headline-mt-heading\"> Tutoriais relacionados <\/h2><div class=\"gb-grid-wrapper gb-grid-wrapper-a20baf7c gb-grid-wrapper-mt-grid\"><div class=\"gb-grid-column gb-grid-column-65ddf67e\"><div class=\"gb-container gb-container-65ddf67e\"><ul><li> <a href=\"https:\/\/exceladvisor.org\/pt\/formato-de-numero-contabil\/\">Aplicar formato de n\u00famero cont\u00e1bil no Excel<\/a><\/li><li> <a href=\"https:\/\/exceladvisor.org\/pt\/a-grade\/\">Imprimir linhas de grade do Excel (excluir, encurtar e alterar cor)<\/a><\/li><li> <a href=\"https:\/\/exceladvisor.org\/pt\/adicione-um-numero-de-pagina\/\">Adicione um n\u00famero de p\u00e1gina no Excel<\/a><\/li><li> <a href=\"https:\/\/exceladvisor.org\/pt\/aplicar-estilo-de-virgula\/\">Aplicar estilo de v\u00edrgula no Excel<\/a><\/li><li> <a href=\"https:\/\/exceladvisor.org\/pt\/haste\/\">Aplicar tachado no Excel<\/a> <\/li><\/ul><\/div><\/div><div class=\"gb-grid-column gb-grid-column-50067b57\"><div class=\"gb-container gb-container-50067b57\"><\/div><\/div><\/div><\/div>","protected":false},"excerpt":{"rendered":"","protected":false},"author":1,"featured_media":0,"parent":0,"menu_order":0,"comment_status":"open","ping_status":"closed","template":"","meta":{"ub_ctt_via":"","footnotes":""},"class_list":["post-717","page","type-page","status-publish","hentry"],"featured_image_src":null,"yoast_head":"<!-- This site is optimized with the Yoast SEO plugin v25.4 - https:\/\/yoast.com\/wordpress\/plugins\/seo\/ -->\n<title>Como aplicar cor de fundo no Excel? (Tutorial 2023)<\/title>\n<meta name=\"description\" content=\"Neste tutorial, voc\u00ea aprender\u00e1 diferentes maneiras de aplicar cor de fundo a uma c\u00e9lula no Excel usando quatro\" \/>\n<meta name=\"robots\" content=\"index, follow, max-snippet:-1, max-image-preview:large, max-video-preview:-1\" \/>\n<link rel=\"canonical\" href=\"https:\/\/exceladvisor.org\/pt\/cor-da-celula\/\" \/>\n<meta property=\"og:locale\" content=\"pt_PT\" \/>\n<meta property=\"og:type\" content=\"article\" \/>\n<meta property=\"og:title\" content=\"Como aplicar cor de fundo no Excel? (Tutorial 2023)\" \/>\n<meta property=\"og:description\" content=\"Neste tutorial, voc\u00ea aprender\u00e1 diferentes maneiras de aplicar cor de fundo a uma c\u00e9lula no Excel usando quatro\" \/>\n<meta property=\"og:url\" content=\"https:\/\/exceladvisor.org\/pt\/cor-da-celula\/\" \/>\n<meta property=\"og:site_name\" content=\"Excel Advisor\" \/>\n<meta property=\"article:modified_time\" content=\"2023-12-06T11:34:36+00:00\" \/>\n<meta property=\"og:image\" content=\"https:\/\/exceladvisor.org\/wp-content\/uploads\/2023\/08\/1-option-de-couleur-de-remplissage.png\" \/>\n<meta name=\"twitter:card\" content=\"summary_large_image\" \/>\n<meta name=\"twitter:label1\" content=\"Tempo estimado de leitura\" \/>\n\t<meta name=\"twitter:data1\" content=\"6 minutos\" \/>\n<script type=\"application\/ld+json\" class=\"yoast-schema-graph\">{\"@context\":\"https:\/\/schema.org\",\"@graph\":[{\"@type\":\"WebPage\",\"@id\":\"https:\/\/exceladvisor.org\/pt\/cor-da-celula\/\",\"url\":\"https:\/\/exceladvisor.org\/pt\/cor-da-celula\/\",\"name\":\"Como aplicar cor de fundo no Excel? (Tutorial 2023)\",\"isPartOf\":{\"@id\":\"https:\/\/exceladvisor.org\/pt\/#website\"},\"primaryImageOfPage\":{\"@id\":\"https:\/\/exceladvisor.org\/pt\/cor-da-celula\/#primaryimage\"},\"image\":{\"@id\":\"https:\/\/exceladvisor.org\/pt\/cor-da-celula\/#primaryimage\"},\"thumbnailUrl\":\"https:\/\/exceladvisor.org\/wp-content\/uploads\/2023\/08\/1-option-de-couleur-de-remplissage.png\",\"datePublished\":\"2023-09-25T14:20:37+00:00\",\"dateModified\":\"2023-12-06T11:34:36+00:00\",\"description\":\"Neste tutorial, voc\u00ea aprender\u00e1 diferentes maneiras de aplicar cor de fundo a uma c\u00e9lula no Excel usando quatro\",\"breadcrumb\":{\"@id\":\"https:\/\/exceladvisor.org\/pt\/cor-da-celula\/#breadcrumb\"},\"inLanguage\":\"pt-PT\",\"potentialAction\":[{\"@type\":\"ReadAction\",\"target\":[\"https:\/\/exceladvisor.org\/pt\/cor-da-celula\/\"]}]},{\"@type\":\"ImageObject\",\"inLanguage\":\"pt-PT\",\"@id\":\"https:\/\/exceladvisor.org\/pt\/cor-da-celula\/#primaryimage\",\"url\":\"https:\/\/exceladvisor.org\/wp-content\/uploads\/2023\/08\/1-option-de-couleur-de-remplissage.png\",\"contentUrl\":\"https:\/\/exceladvisor.org\/wp-content\/uploads\/2023\/08\/1-option-de-couleur-de-remplissage.png\"},{\"@type\":\"BreadcrumbList\",\"@id\":\"https:\/\/exceladvisor.org\/pt\/cor-da-celula\/#breadcrumb\",\"itemListElement\":[{\"@type\":\"ListItem\",\"position\":1,\"name\":\"Lar\",\"item\":\"https:\/\/exceladvisor.org\/pt\/\"},{\"@type\":\"ListItem\",\"position\":2,\"name\":\"Como aplicar cor de fundo no excel?\"}]},{\"@type\":\"WebSite\",\"@id\":\"https:\/\/exceladvisor.org\/pt\/#website\",\"url\":\"https:\/\/exceladvisor.org\/pt\/\",\"name\":\"Excel Advisor\",\"description\":\"O seu guia definitivo para dominar os dados!\",\"publisher\":{\"@id\":\"https:\/\/exceladvisor.org\/pt\/#organization\"},\"potentialAction\":[{\"@type\":\"SearchAction\",\"target\":{\"@type\":\"EntryPoint\",\"urlTemplate\":\"https:\/\/exceladvisor.org\/pt\/?s={search_term_string}\"},\"query-input\":{\"@type\":\"PropertyValueSpecification\",\"valueRequired\":true,\"valueName\":\"search_term_string\"}}],\"inLanguage\":\"pt-PT\"},{\"@type\":\"Organization\",\"@id\":\"https:\/\/exceladvisor.org\/pt\/#organization\",\"name\":\"Excel Advisor\",\"url\":\"https:\/\/exceladvisor.org\/pt\/\",\"logo\":{\"@type\":\"ImageObject\",\"inLanguage\":\"pt-PT\",\"@id\":\"https:\/\/exceladvisor.org\/pt\/#\/schema\/logo\/image\/\",\"url\":\"https:\/\/exceladvisor.org\/pt\/wp-content\/uploads\/2023\/12\/exceladvisor.org_.png\",\"contentUrl\":\"https:\/\/exceladvisor.org\/pt\/wp-content\/uploads\/2023\/12\/exceladvisor.org_.png\",\"width\":105,\"height\":36,\"caption\":\"Excel Advisor\"},\"image\":{\"@id\":\"https:\/\/exceladvisor.org\/pt\/#\/schema\/logo\/image\/\"}}]}<\/script>\n<!-- \/ Yoast SEO plugin. -->","yoast_head_json":{"title":"Como aplicar cor de fundo no Excel? (Tutorial 2023)","description":"Neste tutorial, voc\u00ea aprender\u00e1 diferentes maneiras de aplicar cor de fundo a uma c\u00e9lula no Excel usando quatro","robots":{"index":"index","follow":"follow","max-snippet":"max-snippet:-1","max-image-preview":"max-image-preview:large","max-video-preview":"max-video-preview:-1"},"canonical":"https:\/\/exceladvisor.org\/pt\/cor-da-celula\/","og_locale":"pt_PT","og_type":"article","og_title":"Como aplicar cor de fundo no Excel? (Tutorial 2023)","og_description":"Neste tutorial, voc\u00ea aprender\u00e1 diferentes maneiras de aplicar cor de fundo a uma c\u00e9lula no Excel usando quatro","og_url":"https:\/\/exceladvisor.org\/pt\/cor-da-celula\/","og_site_name":"Excel Advisor","article_modified_time":"2023-12-06T11:34:36+00:00","og_image":[{"url":"https:\/\/exceladvisor.org\/wp-content\/uploads\/2023\/08\/1-option-de-couleur-de-remplissage.png","type":"","width":"","height":""}],"twitter_card":"summary_large_image","twitter_misc":{"Tempo estimado de leitura":"6 minutos"},"schema":{"@context":"https:\/\/schema.org","@graph":[{"@type":"WebPage","@id":"https:\/\/exceladvisor.org\/pt\/cor-da-celula\/","url":"https:\/\/exceladvisor.org\/pt\/cor-da-celula\/","name":"Como aplicar cor de fundo no Excel? (Tutorial 2023)","isPartOf":{"@id":"https:\/\/exceladvisor.org\/pt\/#website"},"primaryImageOfPage":{"@id":"https:\/\/exceladvisor.org\/pt\/cor-da-celula\/#primaryimage"},"image":{"@id":"https:\/\/exceladvisor.org\/pt\/cor-da-celula\/#primaryimage"},"thumbnailUrl":"https:\/\/exceladvisor.org\/wp-content\/uploads\/2023\/08\/1-option-de-couleur-de-remplissage.png","datePublished":"2023-09-25T14:20:37+00:00","dateModified":"2023-12-06T11:34:36+00:00","description":"Neste tutorial, voc\u00ea aprender\u00e1 diferentes maneiras de aplicar cor de fundo a uma c\u00e9lula no Excel usando quatro","breadcrumb":{"@id":"https:\/\/exceladvisor.org\/pt\/cor-da-celula\/#breadcrumb"},"inLanguage":"pt-PT","potentialAction":[{"@type":"ReadAction","target":["https:\/\/exceladvisor.org\/pt\/cor-da-celula\/"]}]},{"@type":"ImageObject","inLanguage":"pt-PT","@id":"https:\/\/exceladvisor.org\/pt\/cor-da-celula\/#primaryimage","url":"https:\/\/exceladvisor.org\/wp-content\/uploads\/2023\/08\/1-option-de-couleur-de-remplissage.png","contentUrl":"https:\/\/exceladvisor.org\/wp-content\/uploads\/2023\/08\/1-option-de-couleur-de-remplissage.png"},{"@type":"BreadcrumbList","@id":"https:\/\/exceladvisor.org\/pt\/cor-da-celula\/#breadcrumb","itemListElement":[{"@type":"ListItem","position":1,"name":"Lar","item":"https:\/\/exceladvisor.org\/pt\/"},{"@type":"ListItem","position":2,"name":"Como aplicar cor de fundo no excel?"}]},{"@type":"WebSite","@id":"https:\/\/exceladvisor.org\/pt\/#website","url":"https:\/\/exceladvisor.org\/pt\/","name":"Excel Advisor","description":"O seu guia definitivo para dominar os dados!","publisher":{"@id":"https:\/\/exceladvisor.org\/pt\/#organization"},"potentialAction":[{"@type":"SearchAction","target":{"@type":"EntryPoint","urlTemplate":"https:\/\/exceladvisor.org\/pt\/?s={search_term_string}"},"query-input":{"@type":"PropertyValueSpecification","valueRequired":true,"valueName":"search_term_string"}}],"inLanguage":"pt-PT"},{"@type":"Organization","@id":"https:\/\/exceladvisor.org\/pt\/#organization","name":"Excel Advisor","url":"https:\/\/exceladvisor.org\/pt\/","logo":{"@type":"ImageObject","inLanguage":"pt-PT","@id":"https:\/\/exceladvisor.org\/pt\/#\/schema\/logo\/image\/","url":"https:\/\/exceladvisor.org\/pt\/wp-content\/uploads\/2023\/12\/exceladvisor.org_.png","contentUrl":"https:\/\/exceladvisor.org\/pt\/wp-content\/uploads\/2023\/12\/exceladvisor.org_.png","width":105,"height":36,"caption":"Excel Advisor"},"image":{"@id":"https:\/\/exceladvisor.org\/pt\/#\/schema\/logo\/image\/"}}]}},"yoast_meta":{"yoast_wpseo_title":"","yoast_wpseo_metadesc":"","yoast_wpseo_canonical":""},"_links":{"self":[{"href":"https:\/\/exceladvisor.org\/pt\/wp-json\/wp\/v2\/pages\/717","targetHints":{"allow":["GET"]}}],"collection":[{"href":"https:\/\/exceladvisor.org\/pt\/wp-json\/wp\/v2\/pages"}],"about":[{"href":"https:\/\/exceladvisor.org\/pt\/wp-json\/wp\/v2\/types\/page"}],"author":[{"embeddable":true,"href":"https:\/\/exceladvisor.org\/pt\/wp-json\/wp\/v2\/users\/1"}],"replies":[{"embeddable":true,"href":"https:\/\/exceladvisor.org\/pt\/wp-json\/wp\/v2\/comments?post=717"}],"version-history":[{"count":1,"href":"https:\/\/exceladvisor.org\/pt\/wp-json\/wp\/v2\/pages\/717\/revisions"}],"predecessor-version":[{"id":839,"href":"https:\/\/exceladvisor.org\/pt\/wp-json\/wp\/v2\/pages\/717\/revisions\/839"}],"wp:attachment":[{"href":"https:\/\/exceladvisor.org\/pt\/wp-json\/wp\/v2\/media?parent=717"}],"curies":[{"name":"wp","href":"https:\/\/api.w.org\/{rel}","templated":true}]}}