{"id":718,"date":"2023-09-25T11:06:02","date_gmt":"2023-09-25T11:06:02","guid":{"rendered":"https:\/\/exceladvisor.org\/pt\/barra-de-status-1\/"},"modified":"2023-12-06T11:38:28","modified_gmt":"2023-12-06T11:38:28","slug":"barra-de-status-1","status":"publish","type":"page","link":"https:\/\/exceladvisor.org\/pt\/barra-de-status-1\/","title":{"rendered":"Como mostrar\/ocultar a barra de status usando vba?"},"content":{"rendered":"<div class=\"excel-before-content-2\" id=\"excel-2332130028\"><script type=\"text\/javascript\">\r\n\tatOptions = {\r\n\t\t'key' : 'c1158f160081d6540a8409e6925dab94',\r\n\t\t'format' : 'iframe',\r\n\t\t'height' : 250,\r\n\t\t'width' : 300,\r\n\t\t'params' : {}\r\n\t};\r\n<\/script>\r\n<script type=\"text\/javascript\" src=\"\/\/www.highperformanceformat.com\/c1158f160081d6540a8409e6925dab94\/invoke.js\"><\/script><\/div><div class=\"excel-before-content\" id=\"excel-3943243773\"><script type=\"text\/javascript\">\r\n\tatOptions = {\r\n\t\t'key' : 'c1158f160081d6540a8409e6925dab94',\r\n\t\t'format' : 'iframe',\r\n\t\t'height' : 250,\r\n\t\t'width' : 300,\r\n\t\t'params' : {}\r\n\t};\r\n<\/script>\r\n<script type=\"text\/javascript\" src=\"\/\/www.highperformanceformat.com\/c1158f160081d6540a8409e6925dab94\/invoke.js\"><\/script><\/div> <p>No VBA, existe uma propriedade \u201cStatus Bar\u201d que pode ajud\u00e1-lo a exibir um valor na barra de status e tamb\u00e9m existe \u201cDisplayStatusBar\u201d para ocultar e mostrar o status da janela do Excel. Ao usar essas propriedades, voc\u00ea deve redefinir a barra de status para o final, caso contr\u00e1rio a \u00faltima mensagem ou configura\u00e7\u00e3o permanecer\u00e1 l\u00e1.<\/p><p> No tutorial veremos alguns exemplos que podemos usar ao trabalhar no Excel.<\/p><h2 class=\"wp-block-heading\"> Mostrar um valor na barra de status<\/h2><p> Como eu disse, voc\u00ea pode usar a propriedade StatusBar para exibir um valor na barra de status. No c\u00f3digo abaixo, voc\u00ea usou o valor \u201cHello\u201d para adicionar \u00e0 barra de status. <\/p><div class=\"wp-block-image\"><figure class=\"aligncenter size-large is-resized\"><img loading=\"lazy\" decoding=\"async\" class=\"wp-image-55620\" src=\"https:\/\/exceladvisor.org\/wp-content\/uploads\/2023\/08\/1-afficher-une-valeur-dans-la-barre-detat.png\" sizes=\"auto, \" srcset=\"\" alt=\"exibir um valor na barra de status\" width=\"431\" height=\"390\"><\/figure><\/div><ol type=\"1\"><li> Use a palavra-chave \u201cAplicativo\u201d para se referir ao aplicativo Excel.<\/li><li> Digite um ponto final para obter uma lista de propriedades e m\u00e9todos.<\/li><li> Selecione a propriedade \u201cStatusBar\u201d.<\/li><li> No final, use o sinal de igual para especificar o valor que deseja exibir na barra de status.<\/li><\/ol><pre class=\"wp-block-code\"> <code class=\"language-visual-basic\" lang=\"visual-basic\">Sub vba_status_bar() Application.StatusBar = \"Hello\" End Sub<\/code><\/pre><h2 class=\"wp-block-heading\"> Ocultar barra de status usando VBA<\/h2><p> Agora suponha que se voc\u00ea deseja ocultar a barra de status, voc\u00ea pode usar DisplayStatusBar e especificar esta propriedade como &#8220;False&#8221; ( <em>considere o c\u00f3digo a seguir<\/em> ). <\/p><div class=\"wp-block-image\"><figure class=\"aligncenter size-large is-resized\"><img loading=\"lazy\" decoding=\"async\" class=\"wp-image-55621\" src=\"https:\/\/exceladvisor.org\/wp-content\/uploads\/2023\/08\/2-masquer-la-barre-detat.png\" sizes=\"auto, \" srcset=\"\" alt=\"ocultar barra de status\" width=\"484\" height=\"270\"><\/figure><\/div><ol type=\"1\"><li> Use a palavra-chave \u201cAplicativo\u201d para se referir ao aplicativo Excel.<\/li><li> Digite um ponto final para obter uma lista de propriedades e m\u00e9todos.<\/li><li> Selecione a propriedade \u201cDisplayStatusBar\u201d.<\/li><li> No final, use o sinal de igual para especificar \u201cFalso\u201d.<\/li><\/ol><pre class=\"wp-block-code\"> <code class=\"language-visual-basic\" lang=\"visual-basic\">Sub vba_status_bar_hide() Application.DisplayStatusBar = False End Sub<\/code><\/pre><h2 class=\"wp-block-heading\"> Atualizar o progresso na barra de status<\/h2><p> As execu\u00e7\u00f5es de c\u00f3digo subsequentes exibem um contador de progresso na barra de status usando o n\u00famero de 1 a 100, que voc\u00ea pode alterar conforme necess\u00e1rio.<\/p><pre class=\"wp-block-code\"> <code class=\"language-visual-basic\" lang=\"visual-basic\">Sub vba_status_bar_update() Dim x As Integer Dim iTimer As Double 'you can change the loop if you need For x = 1 To 100 'dummy loop to run, you can change it as well iTimer = Timer Do Loop While Timer - MyTimer &lt; 0.03 Application.StatusBar = \"Progress: \" &amp; x &amp; \" of 100: \" &amp; Format(x \/ 100, \"Percent\") DoEvents Next x Application.StatusBar = False End Sub<\/code><\/pre><h2 class=\"wp-block-heading\"> Pontos importantes a serem lembrados<\/h2><ol type=\"1\"><li> Voc\u00ea precisa usar &#8220;app&#8221; com propriedades da barra de status para us\u00e1-los.<\/li><li> Depois de visualizar uma mensagem sobre o status, voc\u00ea precisa apag\u00e1-la.<\/li><\/ol><div class=\"gb-container gb-container-4db6181c gb-container-mt\"> <a class=\"gb-button gb-button-c5897111 gb-button-text gb-button-mt-button\" href=\"https:\/\/exceladvisor.org\/pt\/vba\/\">O que \u00e9 VBA<\/a><h2 class=\"gb-headline gb-headline-665e5f6b gb-headline-text gb-headline-mt-heading\"> Tutoriais relacionados <\/h2><div class=\"gb-grid-wrapper gb-grid-wrapper-a20baf7c gb-grid-wrapper-mt-grid\"><div class=\"gb-grid-column gb-grid-column-65ddf67e\"><div class=\"gb-container gb-container-65ddf67e\"><ul><li> <a href=\"https:\/\/exceladvisor.org\/pt\/destacar-valores-duplicados\/\">Destaque valores duplicados usando VBA<\/a><\/li><li> <a href=\"https:\/\/exceladvisor.org\/pt\/extrair-hiperlink\/\">Extraia o endere\u00e7o do hiperlink (URL) VBA<\/a><\/li><li> <a href=\"https:\/\/exceladvisor.org\/pt\/campo-de-entrada\/\">Caixa de entrada em VBA<\/a><\/li><li> <a href=\"https:\/\/exceladvisor.org\/pt\/arquivos-de-texto\/\">VBA cria e grava em um arquivo de texto<\/a><\/li><li> <a href=\"https:\/\/exceladvisor.org\/pt\/atualizacao-de-tela\/\">Atualiza\u00e7\u00e3o de tela VBA<\/a> <\/li><\/ul><\/div><\/div><div class=\"gb-grid-column gb-grid-column-50067b57\"><div class=\"gb-container gb-container-50067b57\"><\/div><\/div><\/div><\/div>","protected":false},"excerpt":{"rendered":"","protected":false},"author":1,"featured_media":0,"parent":0,"menu_order":0,"comment_status":"open","ping_status":"closed","template":"","meta":{"ub_ctt_via":"","footnotes":""},"class_list":["post-718","page","type-page","status-publish","hentry"],"featured_image_src":null,"yoast_head":"<!-- This site is optimized with the Yoast SEO plugin v25.4 - https:\/\/yoast.com\/wordpress\/plugins\/seo\/ -->\n<title>Como mostrar\/ocultar a barra de status usando VBA?<\/title>\n<meta name=\"description\" content=\"Ao usar as propriedades da barra de status, voc\u00ea deve redefinir a barra de status para o final, caso contr\u00e1rio, a \u00faltima mensagem ou\" \/>\n<meta name=\"robots\" content=\"index, follow, max-snippet:-1, max-image-preview:large, max-video-preview:-1\" \/>\n<link rel=\"canonical\" href=\"https:\/\/exceladvisor.org\/pt\/barra-de-status-1\/\" \/>\n<meta property=\"og:locale\" content=\"pt_PT\" \/>\n<meta property=\"og:type\" content=\"article\" \/>\n<meta property=\"og:title\" content=\"Como mostrar\/ocultar a barra de status usando VBA?\" \/>\n<meta property=\"og:description\" content=\"Ao usar as propriedades da barra de status, voc\u00ea deve redefinir a barra de status para o final, caso contr\u00e1rio, a \u00faltima mensagem ou\" \/>\n<meta property=\"og:url\" content=\"https:\/\/exceladvisor.org\/pt\/barra-de-status-1\/\" \/>\n<meta property=\"og:site_name\" content=\"Excel Advisor\" \/>\n<meta property=\"article:modified_time\" content=\"2023-12-06T11:38:28+00:00\" \/>\n<meta property=\"og:image\" content=\"https:\/\/exceladvisor.org\/wp-content\/uploads\/2023\/08\/1-afficher-une-valeur-dans-la-barre-detat.png\" \/>\n<meta name=\"twitter:card\" content=\"summary_large_image\" \/>\n<meta name=\"twitter:label1\" content=\"Tempo estimado de leitura\" \/>\n\t<meta name=\"twitter:data1\" content=\"2 minutos\" \/>\n<script type=\"application\/ld+json\" class=\"yoast-schema-graph\">{\"@context\":\"https:\/\/schema.org\",\"@graph\":[{\"@type\":\"WebPage\",\"@id\":\"https:\/\/exceladvisor.org\/pt\/barra-de-status-1\/\",\"url\":\"https:\/\/exceladvisor.org\/pt\/barra-de-status-1\/\",\"name\":\"Como mostrar\/ocultar a barra de status usando VBA?\",\"isPartOf\":{\"@id\":\"https:\/\/exceladvisor.org\/pt\/#website\"},\"primaryImageOfPage\":{\"@id\":\"https:\/\/exceladvisor.org\/pt\/barra-de-status-1\/#primaryimage\"},\"image\":{\"@id\":\"https:\/\/exceladvisor.org\/pt\/barra-de-status-1\/#primaryimage\"},\"thumbnailUrl\":\"https:\/\/exceladvisor.org\/wp-content\/uploads\/2023\/08\/1-afficher-une-valeur-dans-la-barre-detat.png\",\"datePublished\":\"2023-09-25T11:06:02+00:00\",\"dateModified\":\"2023-12-06T11:38:28+00:00\",\"description\":\"Ao usar as propriedades da barra de status, voc\u00ea deve redefinir a barra de status para o final, caso contr\u00e1rio, a \u00faltima mensagem ou\",\"breadcrumb\":{\"@id\":\"https:\/\/exceladvisor.org\/pt\/barra-de-status-1\/#breadcrumb\"},\"inLanguage\":\"pt-PT\",\"potentialAction\":[{\"@type\":\"ReadAction\",\"target\":[\"https:\/\/exceladvisor.org\/pt\/barra-de-status-1\/\"]}]},{\"@type\":\"ImageObject\",\"inLanguage\":\"pt-PT\",\"@id\":\"https:\/\/exceladvisor.org\/pt\/barra-de-status-1\/#primaryimage\",\"url\":\"https:\/\/exceladvisor.org\/wp-content\/uploads\/2023\/08\/1-afficher-une-valeur-dans-la-barre-detat.png\",\"contentUrl\":\"https:\/\/exceladvisor.org\/wp-content\/uploads\/2023\/08\/1-afficher-une-valeur-dans-la-barre-detat.png\"},{\"@type\":\"BreadcrumbList\",\"@id\":\"https:\/\/exceladvisor.org\/pt\/barra-de-status-1\/#breadcrumb\",\"itemListElement\":[{\"@type\":\"ListItem\",\"position\":1,\"name\":\"Lar\",\"item\":\"https:\/\/exceladvisor.org\/pt\/\"},{\"@type\":\"ListItem\",\"position\":2,\"name\":\"Como mostrar\/ocultar a barra de status usando vba?\"}]},{\"@type\":\"WebSite\",\"@id\":\"https:\/\/exceladvisor.org\/pt\/#website\",\"url\":\"https:\/\/exceladvisor.org\/pt\/\",\"name\":\"Excel Advisor\",\"description\":\"O seu guia definitivo para dominar os dados!\",\"publisher\":{\"@id\":\"https:\/\/exceladvisor.org\/pt\/#organization\"},\"potentialAction\":[{\"@type\":\"SearchAction\",\"target\":{\"@type\":\"EntryPoint\",\"urlTemplate\":\"https:\/\/exceladvisor.org\/pt\/?s={search_term_string}\"},\"query-input\":{\"@type\":\"PropertyValueSpecification\",\"valueRequired\":true,\"valueName\":\"search_term_string\"}}],\"inLanguage\":\"pt-PT\"},{\"@type\":\"Organization\",\"@id\":\"https:\/\/exceladvisor.org\/pt\/#organization\",\"name\":\"Excel Advisor\",\"url\":\"https:\/\/exceladvisor.org\/pt\/\",\"logo\":{\"@type\":\"ImageObject\",\"inLanguage\":\"pt-PT\",\"@id\":\"https:\/\/exceladvisor.org\/pt\/#\/schema\/logo\/image\/\",\"url\":\"https:\/\/exceladvisor.org\/pt\/wp-content\/uploads\/2023\/12\/exceladvisor.org_.png\",\"contentUrl\":\"https:\/\/exceladvisor.org\/pt\/wp-content\/uploads\/2023\/12\/exceladvisor.org_.png\",\"width\":105,\"height\":36,\"caption\":\"Excel Advisor\"},\"image\":{\"@id\":\"https:\/\/exceladvisor.org\/pt\/#\/schema\/logo\/image\/\"}}]}<\/script>\n<!-- \/ Yoast SEO plugin. -->","yoast_head_json":{"title":"Como mostrar\/ocultar a barra de status usando VBA?","description":"Ao usar as propriedades da barra de status, voc\u00ea deve redefinir a barra de status para o final, caso contr\u00e1rio, a \u00faltima mensagem ou","robots":{"index":"index","follow":"follow","max-snippet":"max-snippet:-1","max-image-preview":"max-image-preview:large","max-video-preview":"max-video-preview:-1"},"canonical":"https:\/\/exceladvisor.org\/pt\/barra-de-status-1\/","og_locale":"pt_PT","og_type":"article","og_title":"Como mostrar\/ocultar a barra de status usando VBA?","og_description":"Ao usar as propriedades da barra de status, voc\u00ea deve redefinir a barra de status para o final, caso contr\u00e1rio, a \u00faltima mensagem ou","og_url":"https:\/\/exceladvisor.org\/pt\/barra-de-status-1\/","og_site_name":"Excel Advisor","article_modified_time":"2023-12-06T11:38:28+00:00","og_image":[{"url":"https:\/\/exceladvisor.org\/wp-content\/uploads\/2023\/08\/1-afficher-une-valeur-dans-la-barre-detat.png","type":"","width":"","height":""}],"twitter_card":"summary_large_image","twitter_misc":{"Tempo estimado de leitura":"2 minutos"},"schema":{"@context":"https:\/\/schema.org","@graph":[{"@type":"WebPage","@id":"https:\/\/exceladvisor.org\/pt\/barra-de-status-1\/","url":"https:\/\/exceladvisor.org\/pt\/barra-de-status-1\/","name":"Como mostrar\/ocultar a barra de status usando VBA?","isPartOf":{"@id":"https:\/\/exceladvisor.org\/pt\/#website"},"primaryImageOfPage":{"@id":"https:\/\/exceladvisor.org\/pt\/barra-de-status-1\/#primaryimage"},"image":{"@id":"https:\/\/exceladvisor.org\/pt\/barra-de-status-1\/#primaryimage"},"thumbnailUrl":"https:\/\/exceladvisor.org\/wp-content\/uploads\/2023\/08\/1-afficher-une-valeur-dans-la-barre-detat.png","datePublished":"2023-09-25T11:06:02+00:00","dateModified":"2023-12-06T11:38:28+00:00","description":"Ao usar as propriedades da barra de status, voc\u00ea deve redefinir a barra de status para o final, caso contr\u00e1rio, a \u00faltima mensagem ou","breadcrumb":{"@id":"https:\/\/exceladvisor.org\/pt\/barra-de-status-1\/#breadcrumb"},"inLanguage":"pt-PT","potentialAction":[{"@type":"ReadAction","target":["https:\/\/exceladvisor.org\/pt\/barra-de-status-1\/"]}]},{"@type":"ImageObject","inLanguage":"pt-PT","@id":"https:\/\/exceladvisor.org\/pt\/barra-de-status-1\/#primaryimage","url":"https:\/\/exceladvisor.org\/wp-content\/uploads\/2023\/08\/1-afficher-une-valeur-dans-la-barre-detat.png","contentUrl":"https:\/\/exceladvisor.org\/wp-content\/uploads\/2023\/08\/1-afficher-une-valeur-dans-la-barre-detat.png"},{"@type":"BreadcrumbList","@id":"https:\/\/exceladvisor.org\/pt\/barra-de-status-1\/#breadcrumb","itemListElement":[{"@type":"ListItem","position":1,"name":"Lar","item":"https:\/\/exceladvisor.org\/pt\/"},{"@type":"ListItem","position":2,"name":"Como mostrar\/ocultar a barra de status usando vba?"}]},{"@type":"WebSite","@id":"https:\/\/exceladvisor.org\/pt\/#website","url":"https:\/\/exceladvisor.org\/pt\/","name":"Excel Advisor","description":"O seu guia definitivo para dominar os dados!","publisher":{"@id":"https:\/\/exceladvisor.org\/pt\/#organization"},"potentialAction":[{"@type":"SearchAction","target":{"@type":"EntryPoint","urlTemplate":"https:\/\/exceladvisor.org\/pt\/?s={search_term_string}"},"query-input":{"@type":"PropertyValueSpecification","valueRequired":true,"valueName":"search_term_string"}}],"inLanguage":"pt-PT"},{"@type":"Organization","@id":"https:\/\/exceladvisor.org\/pt\/#organization","name":"Excel Advisor","url":"https:\/\/exceladvisor.org\/pt\/","logo":{"@type":"ImageObject","inLanguage":"pt-PT","@id":"https:\/\/exceladvisor.org\/pt\/#\/schema\/logo\/image\/","url":"https:\/\/exceladvisor.org\/pt\/wp-content\/uploads\/2023\/12\/exceladvisor.org_.png","contentUrl":"https:\/\/exceladvisor.org\/pt\/wp-content\/uploads\/2023\/12\/exceladvisor.org_.png","width":105,"height":36,"caption":"Excel Advisor"},"image":{"@id":"https:\/\/exceladvisor.org\/pt\/#\/schema\/logo\/image\/"}}]}},"yoast_meta":{"yoast_wpseo_title":"","yoast_wpseo_metadesc":"","yoast_wpseo_canonical":""},"_links":{"self":[{"href":"https:\/\/exceladvisor.org\/pt\/wp-json\/wp\/v2\/pages\/718","targetHints":{"allow":["GET"]}}],"collection":[{"href":"https:\/\/exceladvisor.org\/pt\/wp-json\/wp\/v2\/pages"}],"about":[{"href":"https:\/\/exceladvisor.org\/pt\/wp-json\/wp\/v2\/types\/page"}],"author":[{"embeddable":true,"href":"https:\/\/exceladvisor.org\/pt\/wp-json\/wp\/v2\/users\/1"}],"replies":[{"embeddable":true,"href":"https:\/\/exceladvisor.org\/pt\/wp-json\/wp\/v2\/comments?post=718"}],"version-history":[{"count":1,"href":"https:\/\/exceladvisor.org\/pt\/wp-json\/wp\/v2\/pages\/718\/revisions"}],"predecessor-version":[{"id":1126,"href":"https:\/\/exceladvisor.org\/pt\/wp-json\/wp\/v2\/pages\/718\/revisions\/1126"}],"wp:attachment":[{"href":"https:\/\/exceladvisor.org\/pt\/wp-json\/wp\/v2\/media?parent=718"}],"curies":[{"name":"wp","href":"https:\/\/api.w.org\/{rel}","templated":true}]}}