{"id":719,"date":"2023-09-25T11:03:23","date_gmt":"2023-09-25T11:03:23","guid":{"rendered":"https:\/\/exceladvisor.org\/pt\/porcentagem-media-2\/"},"modified":"2023-12-06T11:35:03","modified_gmt":"2023-12-06T11:35:03","slug":"porcentagem-media-2","status":"publish","type":"page","link":"https:\/\/exceladvisor.org\/pt\/porcentagem-media-2\/","title":{"rendered":"Como calcular a m\u00e9dia dos valores percentuais?"},"content":{"rendered":"<div class=\"excel-before-content-2\" id=\"excel-1446859678\"><script type=\"text\/javascript\">\r\n\tatOptions = {\r\n\t\t'key' : 'c1158f160081d6540a8409e6925dab94',\r\n\t\t'format' : 'iframe',\r\n\t\t'height' : 250,\r\n\t\t'width' : 300,\r\n\t\t'params' : {}\r\n\t};\r\n<\/script>\r\n<script type=\"text\/javascript\" src=\"\/\/www.highperformanceformat.com\/c1158f160081d6540a8409e6925dab94\/invoke.js\"><\/script><\/div><div class=\"excel-before-content\" id=\"excel-443518562\"><script type=\"text\/javascript\">\r\n\tatOptions = {\r\n\t\t'key' : 'c1158f160081d6540a8409e6925dab94',\r\n\t\t'format' : 'iframe',\r\n\t\t'height' : 250,\r\n\t\t'width' : 300,\r\n\t\t'params' : {}\r\n\t};\r\n<\/script>\r\n<script type=\"text\/javascript\" src=\"\/\/www.highperformanceformat.com\/c1158f160081d6540a8409e6925dab94\/invoke.js\"><\/script><\/div> <p>Para calcular a m\u00e9dia das porcentagens no Excel, voc\u00ea pode usar a fun\u00e7\u00e3o M\u00c9DIA. Consulte o intervalo onde voc\u00ea tem os valores e pressione Enter para obter o resultado. Tudo o que voc\u00ea precisa fazer \u00e9 que a c\u00e9lula na qual voc\u00ea usa esta f\u00f3rmula tenha o formato de c\u00e9lula percentual. <\/p><div class=\"wp-block-image\"><figure class=\"aligncenter size-full is-resized\"><img loading=\"lazy\" decoding=\"async\" class=\"wp-image-79276\" src=\"https:\/\/exceladvisor.org\/wp-content\/uploads\/2023\/08\/1-moyenne-des-valeurs-en-pourcentage.png\" sizes=\"auto, \" srcset=\"\" alt=\"m\u00e9dia de valores percentuais\" width=\"614\" height=\"332\"><\/figure><\/div><p> Neste tutorial, aprenderemos como escrever uma f\u00f3rmula para isso.<\/p><h2 class=\"wp-block-heading\"> F\u00f3rmula de porcentagem m\u00e9dia<\/h2><p> Voc\u00ea pode usar as etapas abaixo para fazer isso:<\/p><ol type=\"1\"><li> Primeiro, em uma c\u00e9lula do tipo =AVERAGE.<\/li><li> Agora insira os par\u00eanteses iniciais \u201c(\u201d.<\/li><li> Depois disso, consulte a faixa em que voc\u00ea tem os valores que deseja calcular a m\u00e9dia.<\/li><li> No final, insira os par\u00eanteses de fechamento e pressione Enter para obter o resultado.<\/li><\/ol><p> No momento em que voc\u00ea pressiona Enter, ele retorna a m\u00e9dia dos valores percentuais do intervalo.<\/p><pre class=\"wp-block-code\"> <code class=\"language-excel-formula\" lang=\"excel-formula\">=AVERAGE(A1:A3)<\/code><\/pre><p> O Excel \u00e9 inteligente o suficiente para alterar o formato da c\u00e9lula para porcentagem quando voc\u00ea pressiona Enter.<\/p><h2 class=\"wp-block-heading\"> M\u00e9dia ponderada de porcentagens<\/h2><p> Sim, voc\u00ea tamb\u00e9m pode <a href=\"https:\/\/exceladvisor.org\/pt\/media-ponderada\/\">calcular a m\u00e9dia ponderada<\/a> das porcentagens. Abaixo temos a quantidade de alunos que obtiveram pontua\u00e7\u00e3o acima do percentual da laje. E agora voc\u00ea precisa calcular a m\u00e9dia ponderada desses valores percentuais <\/p><div class=\"wp-block-image\"><figure class=\"aligncenter size-full is-resized\"><img loading=\"lazy\" decoding=\"async\" class=\"wp-image-79277\" src=\"https:\/\/exceladvisor.org\/wp-content\/uploads\/2023\/08\/2-moyenne-ponderee-des-pourcentages.png\" sizes=\"auto, \" srcset=\"\" alt=\"m\u00e9dia ponderada de porcentagens\" width=\"636\" height=\"290\"><\/figure><\/div><p> Esta f\u00f3rmula \u00e9 uma combina\u00e7\u00e3o de SUMPRODUCT e SUM.<\/p><ol><li> SUMPRODUCT multiplica cada n\u00famero de alunos pela porcentagem e depois soma todos esses produtos.<\/li><li> SUM retorna o n\u00famero total de alunos (soma do n\u00famero de alunos).<\/li><li> Por fim, divida os dois valores para obter a m\u00e9dia ponderada dos percentuais.<\/li><\/ol><h2 class=\"wp-block-heading\"> Use M\u00c9DIAI<\/h2><p> Voc\u00ea tamb\u00e9m pode usar AVERAGEIF para calcular a m\u00e9dia de porcentagens ou criar uma condi\u00e7\u00e3o para calcular a m\u00e9dia. Suponha que voc\u00ea queira calcular a m\u00e9dia de valores superiores a 50%. <\/p><div class=\"wp-block-image\"><figure class=\"aligncenter size-full is-resized\"><img loading=\"lazy\" decoding=\"async\" class=\"wp-image-79278\" src=\"https:\/\/exceladvisor.org\/wp-content\/uploads\/2023\/08\/3-moyenne-si-pour-les-valeurs-en-pourcentage.png\" sizes=\"auto, \" srcset=\"\" alt=\"m\u00e9diasi-valores percentuais\" width=\"563\" height=\"368\"><\/figure><\/div><p> Voc\u00ea pode usar a f\u00f3rmula abaixo:<\/p><pre class=\"wp-block-code\"> <code class=\"language-excel-formula\" lang=\"excel-formula\">=AVERAGEIF(A2:A12,\"&gt;50%\")<\/code><\/pre><p> Isso leva em considera\u00e7\u00e3o apenas as c\u00e9lulas onde a porcentagem \u00e9 maior que 50. <\/p><div class=\"gb-container gb-container-52dfcee1 gb-container-sample-file\"><h2 class=\"gb-headline gb-headline-e289c143 gb-headline-text gb-headline-4f7959c2\"> Obtenha o arquivo Excel<\/h2><p> <a class=\"gb-button gb-button-e88d6bee gb-button-text gb-button-button1\" href=\"https:\/\/exceladvisor.org\/wp-content\/uploads\/2023\/11\/pourcentage-moyen.xlsx\" rel=\"nofollow\">Download<\/a><\/p><\/div><div class=\"gb-container gb-container-0df56012 gb-container-mt\"> <a class=\"gb-button gb-button-f9f432f4 gb-button-text gb-button-mt-button\" href=\"https:\/\/exceladvisor.org\/pt\/formulas\/\">Lista de f\u00f3rmulas do Excel<\/a><h2 class=\"gb-headline gb-headline-233444e8 gb-headline-text gb-headline-mt-heading\"> F\u00f3rmulas relacionadas <\/h2><div class=\"gb-grid-wrapper gb-grid-wrapper-a16fa65c gb-grid-wrapper-mt-grid\"><div class=\"gb-grid-column gb-grid-column-50d07e0d\"><div class=\"gb-container gb-container-50d07e0d\"><ul><li> <a href=\"https:\/\/exceladvisor.org\/pt\/valores-maximos-medios\/\">M\u00e9dia dos 5 valores mais altos do Excel<\/a><\/li><li> <a href=\"https:\/\/exceladvisor.org\/pt\/media-ponderada\/\">Calcular m\u00e9dia ponderada no Excel<\/a><\/li><li> <a href=\"https:\/\/exceladvisor.org\/pt\/media-de-erros-ignorados-2\/\">Erros m\u00e9dios, mas ignorados (#N\/A e outros erros)<\/a><\/li><li> <a href=\"https:\/\/exceladvisor.org\/pt\/a-media-exclui-zeros-2\/\">N\u00famero m\u00e9dio, mas exclui zeros<\/a><\/li><\/ul><\/div><\/div><\/div><\/div>","protected":false},"excerpt":{"rendered":"","protected":false},"author":1,"featured_media":0,"parent":0,"menu_order":0,"comment_status":"open","ping_status":"closed","template":"","meta":{"ub_ctt_via":"","footnotes":""},"class_list":["post-719","page","type-page","status-publish","hentry"],"featured_image_src":null,"yoast_head":"<!-- This site is optimized with the Yoast SEO plugin v25.4 - https:\/\/yoast.com\/wordpress\/plugins\/seo\/ -->\n<title>Como calcular a m\u00e9dia dos valores percentuais?<\/title>\n<meta name=\"description\" content=\"Este tutorial ir\u00e1 ensin\u00e1-lo a escrever f\u00f3rmulas Excel para valores percentuais m\u00e9dios. Vamos verificar isso\u2026\" \/>\n<meta name=\"robots\" content=\"index, follow, max-snippet:-1, max-image-preview:large, max-video-preview:-1\" \/>\n<link rel=\"canonical\" href=\"https:\/\/exceladvisor.org\/pt\/porcentagem-media-2\/\" \/>\n<meta property=\"og:locale\" content=\"pt_PT\" \/>\n<meta property=\"og:type\" content=\"article\" \/>\n<meta property=\"og:title\" content=\"Como calcular a m\u00e9dia dos valores percentuais?\" \/>\n<meta property=\"og:description\" content=\"Este tutorial ir\u00e1 ensin\u00e1-lo a escrever f\u00f3rmulas Excel para valores percentuais m\u00e9dios. Vamos verificar isso\u2026\" \/>\n<meta property=\"og:url\" content=\"https:\/\/exceladvisor.org\/pt\/porcentagem-media-2\/\" \/>\n<meta property=\"og:site_name\" content=\"Excel Advisor\" \/>\n<meta property=\"article:modified_time\" content=\"2023-12-06T11:35:03+00:00\" \/>\n<meta property=\"og:image\" content=\"https:\/\/exceladvisor.org\/wp-content\/uploads\/2023\/08\/1-moyenne-des-valeurs-en-pourcentage.png\" \/>\n<meta name=\"twitter:card\" content=\"summary_large_image\" \/>\n<meta name=\"twitter:label1\" content=\"Tempo estimado de leitura\" \/>\n\t<meta name=\"twitter:data1\" content=\"2 minutos\" \/>\n<script type=\"application\/ld+json\" class=\"yoast-schema-graph\">{\"@context\":\"https:\/\/schema.org\",\"@graph\":[{\"@type\":\"WebPage\",\"@id\":\"https:\/\/exceladvisor.org\/pt\/porcentagem-media-2\/\",\"url\":\"https:\/\/exceladvisor.org\/pt\/porcentagem-media-2\/\",\"name\":\"Como calcular a m\u00e9dia dos valores percentuais?\",\"isPartOf\":{\"@id\":\"https:\/\/exceladvisor.org\/pt\/#website\"},\"primaryImageOfPage\":{\"@id\":\"https:\/\/exceladvisor.org\/pt\/porcentagem-media-2\/#primaryimage\"},\"image\":{\"@id\":\"https:\/\/exceladvisor.org\/pt\/porcentagem-media-2\/#primaryimage\"},\"thumbnailUrl\":\"https:\/\/exceladvisor.org\/wp-content\/uploads\/2023\/08\/1-moyenne-des-valeurs-en-pourcentage.png\",\"datePublished\":\"2023-09-25T11:03:23+00:00\",\"dateModified\":\"2023-12-06T11:35:03+00:00\",\"description\":\"Este tutorial ir\u00e1 ensin\u00e1-lo a escrever f\u00f3rmulas Excel para valores percentuais m\u00e9dios. Vamos verificar isso\u2026\",\"breadcrumb\":{\"@id\":\"https:\/\/exceladvisor.org\/pt\/porcentagem-media-2\/#breadcrumb\"},\"inLanguage\":\"pt-PT\",\"potentialAction\":[{\"@type\":\"ReadAction\",\"target\":[\"https:\/\/exceladvisor.org\/pt\/porcentagem-media-2\/\"]}]},{\"@type\":\"ImageObject\",\"inLanguage\":\"pt-PT\",\"@id\":\"https:\/\/exceladvisor.org\/pt\/porcentagem-media-2\/#primaryimage\",\"url\":\"https:\/\/exceladvisor.org\/wp-content\/uploads\/2023\/08\/1-moyenne-des-valeurs-en-pourcentage.png\",\"contentUrl\":\"https:\/\/exceladvisor.org\/wp-content\/uploads\/2023\/08\/1-moyenne-des-valeurs-en-pourcentage.png\"},{\"@type\":\"BreadcrumbList\",\"@id\":\"https:\/\/exceladvisor.org\/pt\/porcentagem-media-2\/#breadcrumb\",\"itemListElement\":[{\"@type\":\"ListItem\",\"position\":1,\"name\":\"Lar\",\"item\":\"https:\/\/exceladvisor.org\/pt\/\"},{\"@type\":\"ListItem\",\"position\":2,\"name\":\"Como calcular a m\u00e9dia dos valores percentuais?\"}]},{\"@type\":\"WebSite\",\"@id\":\"https:\/\/exceladvisor.org\/pt\/#website\",\"url\":\"https:\/\/exceladvisor.org\/pt\/\",\"name\":\"Excel Advisor\",\"description\":\"O seu guia definitivo para dominar os dados!\",\"publisher\":{\"@id\":\"https:\/\/exceladvisor.org\/pt\/#organization\"},\"potentialAction\":[{\"@type\":\"SearchAction\",\"target\":{\"@type\":\"EntryPoint\",\"urlTemplate\":\"https:\/\/exceladvisor.org\/pt\/?s={search_term_string}\"},\"query-input\":{\"@type\":\"PropertyValueSpecification\",\"valueRequired\":true,\"valueName\":\"search_term_string\"}}],\"inLanguage\":\"pt-PT\"},{\"@type\":\"Organization\",\"@id\":\"https:\/\/exceladvisor.org\/pt\/#organization\",\"name\":\"Excel Advisor\",\"url\":\"https:\/\/exceladvisor.org\/pt\/\",\"logo\":{\"@type\":\"ImageObject\",\"inLanguage\":\"pt-PT\",\"@id\":\"https:\/\/exceladvisor.org\/pt\/#\/schema\/logo\/image\/\",\"url\":\"https:\/\/exceladvisor.org\/pt\/wp-content\/uploads\/2023\/12\/exceladvisor.org_.png\",\"contentUrl\":\"https:\/\/exceladvisor.org\/pt\/wp-content\/uploads\/2023\/12\/exceladvisor.org_.png\",\"width\":105,\"height\":36,\"caption\":\"Excel Advisor\"},\"image\":{\"@id\":\"https:\/\/exceladvisor.org\/pt\/#\/schema\/logo\/image\/\"}}]}<\/script>\n<!-- \/ Yoast SEO plugin. -->","yoast_head_json":{"title":"Como calcular a m\u00e9dia dos valores percentuais?","description":"Este tutorial ir\u00e1 ensin\u00e1-lo a escrever f\u00f3rmulas Excel para valores percentuais m\u00e9dios. Vamos verificar isso\u2026","robots":{"index":"index","follow":"follow","max-snippet":"max-snippet:-1","max-image-preview":"max-image-preview:large","max-video-preview":"max-video-preview:-1"},"canonical":"https:\/\/exceladvisor.org\/pt\/porcentagem-media-2\/","og_locale":"pt_PT","og_type":"article","og_title":"Como calcular a m\u00e9dia dos valores percentuais?","og_description":"Este tutorial ir\u00e1 ensin\u00e1-lo a escrever f\u00f3rmulas Excel para valores percentuais m\u00e9dios. Vamos verificar isso\u2026","og_url":"https:\/\/exceladvisor.org\/pt\/porcentagem-media-2\/","og_site_name":"Excel Advisor","article_modified_time":"2023-12-06T11:35:03+00:00","og_image":[{"url":"https:\/\/exceladvisor.org\/wp-content\/uploads\/2023\/08\/1-moyenne-des-valeurs-en-pourcentage.png","type":"","width":"","height":""}],"twitter_card":"summary_large_image","twitter_misc":{"Tempo estimado de leitura":"2 minutos"},"schema":{"@context":"https:\/\/schema.org","@graph":[{"@type":"WebPage","@id":"https:\/\/exceladvisor.org\/pt\/porcentagem-media-2\/","url":"https:\/\/exceladvisor.org\/pt\/porcentagem-media-2\/","name":"Como calcular a m\u00e9dia dos valores percentuais?","isPartOf":{"@id":"https:\/\/exceladvisor.org\/pt\/#website"},"primaryImageOfPage":{"@id":"https:\/\/exceladvisor.org\/pt\/porcentagem-media-2\/#primaryimage"},"image":{"@id":"https:\/\/exceladvisor.org\/pt\/porcentagem-media-2\/#primaryimage"},"thumbnailUrl":"https:\/\/exceladvisor.org\/wp-content\/uploads\/2023\/08\/1-moyenne-des-valeurs-en-pourcentage.png","datePublished":"2023-09-25T11:03:23+00:00","dateModified":"2023-12-06T11:35:03+00:00","description":"Este tutorial ir\u00e1 ensin\u00e1-lo a escrever f\u00f3rmulas Excel para valores percentuais m\u00e9dios. Vamos verificar isso\u2026","breadcrumb":{"@id":"https:\/\/exceladvisor.org\/pt\/porcentagem-media-2\/#breadcrumb"},"inLanguage":"pt-PT","potentialAction":[{"@type":"ReadAction","target":["https:\/\/exceladvisor.org\/pt\/porcentagem-media-2\/"]}]},{"@type":"ImageObject","inLanguage":"pt-PT","@id":"https:\/\/exceladvisor.org\/pt\/porcentagem-media-2\/#primaryimage","url":"https:\/\/exceladvisor.org\/wp-content\/uploads\/2023\/08\/1-moyenne-des-valeurs-en-pourcentage.png","contentUrl":"https:\/\/exceladvisor.org\/wp-content\/uploads\/2023\/08\/1-moyenne-des-valeurs-en-pourcentage.png"},{"@type":"BreadcrumbList","@id":"https:\/\/exceladvisor.org\/pt\/porcentagem-media-2\/#breadcrumb","itemListElement":[{"@type":"ListItem","position":1,"name":"Lar","item":"https:\/\/exceladvisor.org\/pt\/"},{"@type":"ListItem","position":2,"name":"Como calcular a m\u00e9dia dos valores percentuais?"}]},{"@type":"WebSite","@id":"https:\/\/exceladvisor.org\/pt\/#website","url":"https:\/\/exceladvisor.org\/pt\/","name":"Excel Advisor","description":"O seu guia definitivo para dominar os dados!","publisher":{"@id":"https:\/\/exceladvisor.org\/pt\/#organization"},"potentialAction":[{"@type":"SearchAction","target":{"@type":"EntryPoint","urlTemplate":"https:\/\/exceladvisor.org\/pt\/?s={search_term_string}"},"query-input":{"@type":"PropertyValueSpecification","valueRequired":true,"valueName":"search_term_string"}}],"inLanguage":"pt-PT"},{"@type":"Organization","@id":"https:\/\/exceladvisor.org\/pt\/#organization","name":"Excel Advisor","url":"https:\/\/exceladvisor.org\/pt\/","logo":{"@type":"ImageObject","inLanguage":"pt-PT","@id":"https:\/\/exceladvisor.org\/pt\/#\/schema\/logo\/image\/","url":"https:\/\/exceladvisor.org\/pt\/wp-content\/uploads\/2023\/12\/exceladvisor.org_.png","contentUrl":"https:\/\/exceladvisor.org\/pt\/wp-content\/uploads\/2023\/12\/exceladvisor.org_.png","width":105,"height":36,"caption":"Excel Advisor"},"image":{"@id":"https:\/\/exceladvisor.org\/pt\/#\/schema\/logo\/image\/"}}]}},"yoast_meta":{"yoast_wpseo_title":"","yoast_wpseo_metadesc":"","yoast_wpseo_canonical":""},"_links":{"self":[{"href":"https:\/\/exceladvisor.org\/pt\/wp-json\/wp\/v2\/pages\/719","targetHints":{"allow":["GET"]}}],"collection":[{"href":"https:\/\/exceladvisor.org\/pt\/wp-json\/wp\/v2\/pages"}],"about":[{"href":"https:\/\/exceladvisor.org\/pt\/wp-json\/wp\/v2\/types\/page"}],"author":[{"embeddable":true,"href":"https:\/\/exceladvisor.org\/pt\/wp-json\/wp\/v2\/users\/1"}],"replies":[{"embeddable":true,"href":"https:\/\/exceladvisor.org\/pt\/wp-json\/wp\/v2\/comments?post=719"}],"version-history":[{"count":1,"href":"https:\/\/exceladvisor.org\/pt\/wp-json\/wp\/v2\/pages\/719\/revisions"}],"predecessor-version":[{"id":874,"href":"https:\/\/exceladvisor.org\/pt\/wp-json\/wp\/v2\/pages\/719\/revisions\/874"}],"wp:attachment":[{"href":"https:\/\/exceladvisor.org\/pt\/wp-json\/wp\/v2\/media?parent=719"}],"curies":[{"name":"wp","href":"https:\/\/api.w.org\/{rel}","templated":true}]}}