{"id":72,"date":"2023-11-17T10:14:05","date_gmt":"2023-11-17T10:14:05","guid":{"rendered":"https:\/\/exceladvisor.org\/pt\/celula-ativa-1\/"},"modified":"2023-12-06T11:44:03","modified_gmt":"2023-12-06T11:44:03","slug":"celula-ativa-1","status":"publish","type":"page","link":"https:\/\/exceladvisor.org\/pt\/celula-ativa-1\/","title":{"rendered":"Como usar activecell em vba no excel?"},"content":{"rendered":"<div class=\"excel-before-content-2\" id=\"excel-1434903279\"><script type=\"text\/javascript\">\r\n\tatOptions = {\r\n\t\t'key' : 'c1158f160081d6540a8409e6925dab94',\r\n\t\t'format' : 'iframe',\r\n\t\t'height' : 250,\r\n\t\t'width' : 300,\r\n\t\t'params' : {}\r\n\t};\r\n<\/script>\r\n<script type=\"text\/javascript\" src=\"\/\/www.highperformanceformat.com\/c1158f160081d6540a8409e6925dab94\/invoke.js\"><\/script><\/div><div class=\"excel-before-content\" id=\"excel-2999316963\"><script type=\"text\/javascript\">\r\n\tatOptions = {\r\n\t\t'key' : 'c1158f160081d6540a8409e6925dab94',\r\n\t\t'format' : 'iframe',\r\n\t\t'height' : 250,\r\n\t\t'width' : 300,\r\n\t\t'params' : {}\r\n\t};\r\n<\/script>\r\n<script type=\"text\/javascript\" src=\"\/\/www.highperformanceformat.com\/c1158f160081d6540a8409e6925dab94\/invoke.js\"><\/script><\/div> <p>No VBA, c\u00e9lula ativa \u00e9 uma propriedade que representa a c\u00e9lula que est\u00e1 ativa no momento. Quando voc\u00ea seleciona uma c\u00e9lula ou navega at\u00e9 uma c\u00e9lula e esta caixa verde cobre essa c\u00e9lula, voc\u00ea pode usar a propriedade ACTIVECELL para se referir a essa c\u00e9lula no c\u00f3digo VBA. Existem propriedades e m\u00e9todos que acompanham isso. <\/p><div class=\"wp-block-image\"><figure class=\"aligncenter size-large is-resized\"><img loading=\"lazy\" decoding=\"async\" class=\"wp-image-53412\" src=\"https:\/\/exceladvisor.org\/wp-content\/uploads\/2023\/08\/1-utiliser-la-propriete-activecell.png\" sizes=\"auto, \" srcset=\"\" alt=\"usar propriedade activecell\" width=\"416\" height=\"268\"><\/figure><\/div><h2 class=\"wp-block-heading\"> Usar propriedade de c\u00e9lula ativa<\/h2><ol type=\"1\"><li> Digite a palavra-chave \u201cActiveCell\u201d.<\/li><li> Digite um ponto final (.) para obter as propriedades e m\u00e9todos da lista.<\/li><li> Selecione a propriedade ou m\u00e9todo que deseja usar.<\/li><li> Execute o c\u00f3digo para realizar a atividade na c\u00e9lula ativa. <\/li><\/ol><div class=\"wp-block-image\"><figure class=\"aligncenter size-large is-resized\"><img loading=\"lazy\" decoding=\"async\" class=\"wp-image-53413\" src=\"https:\/\/exceladvisor.org\/wp-content\/uploads\/2023\/08\/2-executez-le-code-de-propriete-activecell.png\" sizes=\"auto, \" srcset=\"\" alt=\"executar c\u00f3digo de propriedade activecell\" width=\"440\" height=\"307\"><\/figure><\/div><h2 class=\"wp-block-heading\"> Pontos importantes<\/h2><ul><li> Quando voc\u00ea usa a propriedade de c\u00e9lula ativa, o VBA se refere \u00e0 c\u00e9lula ativa na planilha <a href=\"https:\/\/exceladvisor.org\/pt\/ativar-planilha\/\">ativa<\/a> <a href=\"https:\/\/exceladvisor.org\/pt\/ativar-pasta-de-trabalho\/\">da pasta de trabalho ativa<\/a> , independentemente de quantas pastas de trabalho est\u00e3o abertas no momento.<\/li><li> ActiveCell \u00e9, em \u00faltima an\u00e1lise, uma c\u00e9lula com todas as propriedades e m\u00e9todos de uma c\u00e9lula normal.<\/li><\/ul><h2 class=\"wp-block-heading\"> Ative uma c\u00e9lula do intervalo selecionado<\/h2><p> Para ativar uma c\u00e9lula usando c\u00f3digo VBA, voc\u00ea pode usar um m\u00e9todo \u201cAtivar\u201d e um m\u00e9todo \u201cSelecionar\u201d de duas maneiras.<\/p><pre class=\"wp-block-code\"> <code class=\"language-visual-basic\" lang=\"visual-basic\">Sub vba_activecell() 'select and entire range Range(\"A1:A10\").Select 'select the cell A3 from the selected range Range(\"A3\").Activate 'clears everything from the active cell ActiveCell.Clear End Sub<\/code><\/pre><p> O c\u00f3digo acima, em primeiro lugar, seleciona o intervalo A1:A10, depois ativa a c\u00e9lula A3 a partir da\u00ed e no final limpa tudo da c\u00e9lula ativa, ou seja, A3.<\/p><h2 class=\"wp-block-heading\"> Valor de retorno da c\u00e9lula ativa<\/h2><p> O c\u00f3digo a seguir retorna o valor da c\u00e9lula ativa usando uma <a href=\"https:\/\/exceladvisor.org\/pt\/caixa-de-mensagens-vba\/\">caixa de mensagem<\/a> .<\/p><pre class=\"wp-block-code\"> <code class=\"language-visual-basic\" lang=\"visual-basic\">MsgBox ActiveCell.Value<\/code><\/pre><p> Ou se quiser obter o valor da c\u00e9lula ativa e col\u00e1-lo em uma c\u00e9lula separada.<\/p><pre class=\"wp-block-code\"> <code class=\"language-visual-basic\" lang=\"visual-basic\">Range(\"A1\") = ActiveCell.Value<\/code><\/pre><h2 class=\"wp-block-heading\"> Definir c\u00e9lula ativa como uma vari\u00e1vel<\/h2><p> Voc\u00ea tamb\u00e9m pode definir a c\u00e9lula ativa para a <a href=\"https:\/\/exceladvisor.org\/pt\/variaveis\/\">vari\u00e1vel<\/a> , como no exemplo a seguir.<\/p><pre class=\"wp-block-code\"> <code class=\"language-visual-basic\" lang=\"visual-basic\">Sub vba_activecell() 'declares the variable as range Dim myCell As Range 'set active cell to the variable Set myCell = ActiveCell 'enter value in the active cell myCell.Value = Done End Sub<\/code><\/pre><h2 class=\"wp-block-heading\"> Obtenha o n\u00famero da linha e da coluna do ActiveCell<\/h2><p> Com a c\u00e9lula ativa, h\u00e1 uma propriedade de linha e coluna que voc\u00ea pode usar para obter o n\u00famero da linha e da coluna da c\u00e9lula ativa.<\/p><pre class=\"wp-block-code\"> <code class=\"language-visual-basic\" lang=\"visual-basic\">MsgBox ActiveCell.Row MsgBox ActiveCell.Column<\/code><\/pre><h2 class=\"wp-block-heading\"> Obtenha o endere\u00e7o da c\u00e9lula ativa<\/h2><p> Voc\u00ea pode usar a propriedade address para obter o endere\u00e7o da c\u00e9lula ativa.<\/p><pre class=\"wp-block-code\"> <code class=\"language-visual-basic\" lang=\"visual-basic\">MsgBox ActiveCell.Address<\/code><\/pre><p> Ao executar o c\u00f3digo acima, ele mostra uma caixa de mensagem com o endere\u00e7o da c\u00e9lula ativa da planilha ativa da pasta de trabalho ativa (como mencionei anteriormente).<\/p><h2 class=\"wp-block-heading\"> Mover da c\u00e9lula ativa usando deslocamento<\/h2><p> Com a propriedade offset, voc\u00ea pode mover para uma c\u00e9lula que esteja a v\u00e1rias linhas e colunas de dist\u00e2ncia da c\u00e9lula ativa.<\/p><pre class=\"wp-block-code\"> <code class=\"language-visual-basic\" lang=\"visual-basic\">ActiveCell.Offset(2, 2).Select<\/code><\/pre><h2 class=\"wp-block-heading\"> Selecione um intervalo na c\u00e9lula ativa<\/h2><p> E voc\u00ea tamb\u00e9m pode selecionar um intervalo da c\u00e9lula ativa.<\/p><pre class=\"wp-block-code\"> <code class=\"language-visual-basic\" lang=\"visual-basic\">Range(ActiveCell.Offset(1, 1), ActiveCell.Offset(5, 5)).Select<\/code><\/pre><div class=\"gb-container gb-container-4db6181c gb-container-mt\"> <a class=\"gb-button gb-button-c5897111 gb-button-text gb-button-mt-button\" href=\"https:\/\/exceladvisor.org\/pt\/vba\/\">O que \u00e9 VBA<\/a><h2 class=\"gb-headline gb-headline-665e5f6b gb-headline-text gb-headline-mt-heading\"> Tutoriais relacionados <\/h2><div class=\"gb-grid-wrapper gb-grid-wrapper-a20baf7c gb-grid-wrapper-mt-grid\"><div class=\"gb-grid-column gb-grid-column-65ddf67e\"><div class=\"gb-container gb-container-65ddf67e\"><ul><li> <a href=\"https:\/\/exceladvisor.org\/pt\/numero-de-linhas\/\">Contar linhas usando VBA no Excel<\/a><\/li><li> <a href=\"https:\/\/exceladvisor.org\/pt\/fonte-de-caracteres\/\">Fonte Excel VBA (cor, tamanho, tipo e negrito)<\/a><\/li><li> <a href=\"https:\/\/exceladvisor.org\/pt\/ocultar-mostrar-linha-da-coluna\/\">Excel VBA Ocultar e mostrar uma coluna ou linha<\/a><\/li><li> <a href=\"https:\/\/exceladvisor.org\/pt\/intervalo-1\/\">Intervalo VBA do Excel \u2013 Trabalhando com intervalo e c\u00e9lulas<\/a> <\/li><\/ul><\/div><\/div><div class=\"gb-grid-column gb-grid-column-50067b57\"><div class=\"gb-container gb-container-50067b57\"><\/div><\/div><\/div><\/div>","protected":false},"excerpt":{"rendered":"","protected":false},"author":1,"featured_media":0,"parent":0,"menu_order":0,"comment_status":"open","ping_status":"closed","template":"","meta":{"ub_ctt_via":"","footnotes":""},"class_list":["post-72","page","type-page","status-publish","hentry"],"featured_image_src":null,"yoast_head":"<!-- This site is optimized with the Yoast SEO plugin v25.4 - https:\/\/yoast.com\/wordpress\/plugins\/seo\/ -->\n<title>\u25b7 Como usar ActiveCell em VBA no Excel?<\/title>\n<meta name=\"description\" content=\"Para se referir \u00e0 c\u00e9lula ativa no Excel usando VBA, voc\u00ea precisa usar a propriedade ActiveCell que d\u00e1 acesso a\" \/>\n<meta name=\"robots\" content=\"index, follow, max-snippet:-1, max-image-preview:large, max-video-preview:-1\" \/>\n<link rel=\"canonical\" href=\"https:\/\/exceladvisor.org\/pt\/celula-ativa-1\/\" \/>\n<meta property=\"og:locale\" content=\"pt_PT\" \/>\n<meta property=\"og:type\" content=\"article\" \/>\n<meta property=\"og:title\" content=\"\u25b7 Como usar ActiveCell em VBA no Excel?\" \/>\n<meta property=\"og:description\" content=\"Para se referir \u00e0 c\u00e9lula ativa no Excel usando VBA, voc\u00ea precisa usar a propriedade ActiveCell que d\u00e1 acesso a\" \/>\n<meta property=\"og:url\" content=\"https:\/\/exceladvisor.org\/pt\/celula-ativa-1\/\" \/>\n<meta property=\"og:site_name\" content=\"Excel Advisor\" \/>\n<meta property=\"article:modified_time\" content=\"2023-12-06T11:44:03+00:00\" \/>\n<meta property=\"og:image\" content=\"https:\/\/exceladvisor.org\/wp-content\/uploads\/2023\/08\/1-utiliser-la-propriete-activecell.png\" \/>\n<meta name=\"twitter:card\" content=\"summary_large_image\" \/>\n<meta name=\"twitter:label1\" content=\"Tempo estimado de leitura\" \/>\n\t<meta name=\"twitter:data1\" content=\"3 minutos\" \/>\n<script type=\"application\/ld+json\" class=\"yoast-schema-graph\">{\"@context\":\"https:\/\/schema.org\",\"@graph\":[{\"@type\":\"WebPage\",\"@id\":\"https:\/\/exceladvisor.org\/pt\/celula-ativa-1\/\",\"url\":\"https:\/\/exceladvisor.org\/pt\/celula-ativa-1\/\",\"name\":\"\u25b7 Como usar ActiveCell em VBA no Excel?\",\"isPartOf\":{\"@id\":\"https:\/\/exceladvisor.org\/pt\/#website\"},\"primaryImageOfPage\":{\"@id\":\"https:\/\/exceladvisor.org\/pt\/celula-ativa-1\/#primaryimage\"},\"image\":{\"@id\":\"https:\/\/exceladvisor.org\/pt\/celula-ativa-1\/#primaryimage\"},\"thumbnailUrl\":\"https:\/\/exceladvisor.org\/wp-content\/uploads\/2023\/08\/1-utiliser-la-propriete-activecell.png\",\"datePublished\":\"2023-11-17T10:14:05+00:00\",\"dateModified\":\"2023-12-06T11:44:03+00:00\",\"description\":\"Para se referir \u00e0 c\u00e9lula ativa no Excel usando VBA, voc\u00ea precisa usar a propriedade ActiveCell que d\u00e1 acesso a\",\"breadcrumb\":{\"@id\":\"https:\/\/exceladvisor.org\/pt\/celula-ativa-1\/#breadcrumb\"},\"inLanguage\":\"pt-PT\",\"potentialAction\":[{\"@type\":\"ReadAction\",\"target\":[\"https:\/\/exceladvisor.org\/pt\/celula-ativa-1\/\"]}]},{\"@type\":\"ImageObject\",\"inLanguage\":\"pt-PT\",\"@id\":\"https:\/\/exceladvisor.org\/pt\/celula-ativa-1\/#primaryimage\",\"url\":\"https:\/\/exceladvisor.org\/wp-content\/uploads\/2023\/08\/1-utiliser-la-propriete-activecell.png\",\"contentUrl\":\"https:\/\/exceladvisor.org\/wp-content\/uploads\/2023\/08\/1-utiliser-la-propriete-activecell.png\"},{\"@type\":\"BreadcrumbList\",\"@id\":\"https:\/\/exceladvisor.org\/pt\/celula-ativa-1\/#breadcrumb\",\"itemListElement\":[{\"@type\":\"ListItem\",\"position\":1,\"name\":\"Lar\",\"item\":\"https:\/\/exceladvisor.org\/pt\/\"},{\"@type\":\"ListItem\",\"position\":2,\"name\":\"Como usar activecell em vba no excel?\"}]},{\"@type\":\"WebSite\",\"@id\":\"https:\/\/exceladvisor.org\/pt\/#website\",\"url\":\"https:\/\/exceladvisor.org\/pt\/\",\"name\":\"Excel Advisor\",\"description\":\"O seu guia definitivo para dominar os dados!\",\"publisher\":{\"@id\":\"https:\/\/exceladvisor.org\/pt\/#organization\"},\"potentialAction\":[{\"@type\":\"SearchAction\",\"target\":{\"@type\":\"EntryPoint\",\"urlTemplate\":\"https:\/\/exceladvisor.org\/pt\/?s={search_term_string}\"},\"query-input\":{\"@type\":\"PropertyValueSpecification\",\"valueRequired\":true,\"valueName\":\"search_term_string\"}}],\"inLanguage\":\"pt-PT\"},{\"@type\":\"Organization\",\"@id\":\"https:\/\/exceladvisor.org\/pt\/#organization\",\"name\":\"Excel Advisor\",\"url\":\"https:\/\/exceladvisor.org\/pt\/\",\"logo\":{\"@type\":\"ImageObject\",\"inLanguage\":\"pt-PT\",\"@id\":\"https:\/\/exceladvisor.org\/pt\/#\/schema\/logo\/image\/\",\"url\":\"https:\/\/exceladvisor.org\/pt\/wp-content\/uploads\/2023\/12\/exceladvisor.org_.png\",\"contentUrl\":\"https:\/\/exceladvisor.org\/pt\/wp-content\/uploads\/2023\/12\/exceladvisor.org_.png\",\"width\":105,\"height\":36,\"caption\":\"Excel Advisor\"},\"image\":{\"@id\":\"https:\/\/exceladvisor.org\/pt\/#\/schema\/logo\/image\/\"}}]}<\/script>\n<!-- \/ Yoast SEO plugin. -->","yoast_head_json":{"title":"\u25b7 Como usar ActiveCell em VBA no Excel?","description":"Para se referir \u00e0 c\u00e9lula ativa no Excel usando VBA, voc\u00ea precisa usar a propriedade ActiveCell que d\u00e1 acesso a","robots":{"index":"index","follow":"follow","max-snippet":"max-snippet:-1","max-image-preview":"max-image-preview:large","max-video-preview":"max-video-preview:-1"},"canonical":"https:\/\/exceladvisor.org\/pt\/celula-ativa-1\/","og_locale":"pt_PT","og_type":"article","og_title":"\u25b7 Como usar ActiveCell em VBA no Excel?","og_description":"Para se referir \u00e0 c\u00e9lula ativa no Excel usando VBA, voc\u00ea precisa usar a propriedade ActiveCell que d\u00e1 acesso a","og_url":"https:\/\/exceladvisor.org\/pt\/celula-ativa-1\/","og_site_name":"Excel Advisor","article_modified_time":"2023-12-06T11:44:03+00:00","og_image":[{"url":"https:\/\/exceladvisor.org\/wp-content\/uploads\/2023\/08\/1-utiliser-la-propriete-activecell.png","type":"","width":"","height":""}],"twitter_card":"summary_large_image","twitter_misc":{"Tempo estimado de leitura":"3 minutos"},"schema":{"@context":"https:\/\/schema.org","@graph":[{"@type":"WebPage","@id":"https:\/\/exceladvisor.org\/pt\/celula-ativa-1\/","url":"https:\/\/exceladvisor.org\/pt\/celula-ativa-1\/","name":"\u25b7 Como usar ActiveCell em VBA no Excel?","isPartOf":{"@id":"https:\/\/exceladvisor.org\/pt\/#website"},"primaryImageOfPage":{"@id":"https:\/\/exceladvisor.org\/pt\/celula-ativa-1\/#primaryimage"},"image":{"@id":"https:\/\/exceladvisor.org\/pt\/celula-ativa-1\/#primaryimage"},"thumbnailUrl":"https:\/\/exceladvisor.org\/wp-content\/uploads\/2023\/08\/1-utiliser-la-propriete-activecell.png","datePublished":"2023-11-17T10:14:05+00:00","dateModified":"2023-12-06T11:44:03+00:00","description":"Para se referir \u00e0 c\u00e9lula ativa no Excel usando VBA, voc\u00ea precisa usar a propriedade ActiveCell que d\u00e1 acesso a","breadcrumb":{"@id":"https:\/\/exceladvisor.org\/pt\/celula-ativa-1\/#breadcrumb"},"inLanguage":"pt-PT","potentialAction":[{"@type":"ReadAction","target":["https:\/\/exceladvisor.org\/pt\/celula-ativa-1\/"]}]},{"@type":"ImageObject","inLanguage":"pt-PT","@id":"https:\/\/exceladvisor.org\/pt\/celula-ativa-1\/#primaryimage","url":"https:\/\/exceladvisor.org\/wp-content\/uploads\/2023\/08\/1-utiliser-la-propriete-activecell.png","contentUrl":"https:\/\/exceladvisor.org\/wp-content\/uploads\/2023\/08\/1-utiliser-la-propriete-activecell.png"},{"@type":"BreadcrumbList","@id":"https:\/\/exceladvisor.org\/pt\/celula-ativa-1\/#breadcrumb","itemListElement":[{"@type":"ListItem","position":1,"name":"Lar","item":"https:\/\/exceladvisor.org\/pt\/"},{"@type":"ListItem","position":2,"name":"Como usar activecell em vba no excel?"}]},{"@type":"WebSite","@id":"https:\/\/exceladvisor.org\/pt\/#website","url":"https:\/\/exceladvisor.org\/pt\/","name":"Excel Advisor","description":"O seu guia definitivo para dominar os dados!","publisher":{"@id":"https:\/\/exceladvisor.org\/pt\/#organization"},"potentialAction":[{"@type":"SearchAction","target":{"@type":"EntryPoint","urlTemplate":"https:\/\/exceladvisor.org\/pt\/?s={search_term_string}"},"query-input":{"@type":"PropertyValueSpecification","valueRequired":true,"valueName":"search_term_string"}}],"inLanguage":"pt-PT"},{"@type":"Organization","@id":"https:\/\/exceladvisor.org\/pt\/#organization","name":"Excel Advisor","url":"https:\/\/exceladvisor.org\/pt\/","logo":{"@type":"ImageObject","inLanguage":"pt-PT","@id":"https:\/\/exceladvisor.org\/pt\/#\/schema\/logo\/image\/","url":"https:\/\/exceladvisor.org\/pt\/wp-content\/uploads\/2023\/12\/exceladvisor.org_.png","contentUrl":"https:\/\/exceladvisor.org\/pt\/wp-content\/uploads\/2023\/12\/exceladvisor.org_.png","width":105,"height":36,"caption":"Excel Advisor"},"image":{"@id":"https:\/\/exceladvisor.org\/pt\/#\/schema\/logo\/image\/"}}]}},"yoast_meta":{"yoast_wpseo_title":"","yoast_wpseo_metadesc":"","yoast_wpseo_canonical":""},"_links":{"self":[{"href":"https:\/\/exceladvisor.org\/pt\/wp-json\/wp\/v2\/pages\/72","targetHints":{"allow":["GET"]}}],"collection":[{"href":"https:\/\/exceladvisor.org\/pt\/wp-json\/wp\/v2\/pages"}],"about":[{"href":"https:\/\/exceladvisor.org\/pt\/wp-json\/wp\/v2\/types\/page"}],"author":[{"embeddable":true,"href":"https:\/\/exceladvisor.org\/pt\/wp-json\/wp\/v2\/users\/1"}],"replies":[{"embeddable":true,"href":"https:\/\/exceladvisor.org\/pt\/wp-json\/wp\/v2\/comments?post=72"}],"version-history":[{"count":1,"href":"https:\/\/exceladvisor.org\/pt\/wp-json\/wp\/v2\/pages\/72\/revisions"}],"predecessor-version":[{"id":1341,"href":"https:\/\/exceladvisor.org\/pt\/wp-json\/wp\/v2\/pages\/72\/revisions\/1341"}],"wp:attachment":[{"href":"https:\/\/exceladvisor.org\/pt\/wp-json\/wp\/v2\/media?parent=72"}],"curies":[{"name":"wp","href":"https:\/\/api.w.org\/{rel}","templated":true}]}}