{"id":723,"date":"2023-09-25T08:40:40","date_gmt":"2023-09-25T08:40:40","guid":{"rendered":"https:\/\/exceladvisor.org\/pt\/visualizacao-de-impressao-1\/"},"modified":"2023-12-06T11:38:02","modified_gmt":"2023-12-06T11:38:02","slug":"visualizacao-de-impressao-1","status":"publish","type":"page","link":"https:\/\/exceladvisor.org\/pt\/visualizacao-de-impressao-1\/","title":{"rendered":"Como imprimir uma visualiza\u00e7\u00e3o por meio de um atalho do excel?"},"content":{"rendered":"<div class=\"excel-before-content-2\" id=\"excel-690705724\"><script type=\"text\/javascript\">\r\n\tatOptions = {\r\n\t\t'key' : 'c1158f160081d6540a8409e6925dab94',\r\n\t\t'format' : 'iframe',\r\n\t\t'height' : 250,\r\n\t\t'width' : 300,\r\n\t\t'params' : {}\r\n\t};\r\n<\/script>\r\n<script type=\"text\/javascript\" src=\"\/\/www.highperformanceformat.com\/c1158f160081d6540a8409e6925dab94\/invoke.js\"><\/script><\/div><div class=\"excel-before-content\" id=\"excel-2350400024\"><script type=\"text\/javascript\">\r\n\tatOptions = {\r\n\t\t'key' : 'c1158f160081d6540a8409e6925dab94',\r\n\t\t'format' : 'iframe',\r\n\t\t'height' : 250,\r\n\t\t'width' : 300,\r\n\t\t'params' : {}\r\n\t};\r\n<\/script>\r\n<script type=\"text\/javascript\" src=\"\/\/www.highperformanceformat.com\/c1158f160081d6540a8409e6925dab94\/invoke.js\"><\/script><\/div> <p>Para obter a visualiza\u00e7\u00e3o da impress\u00e3o, voc\u00ea pode usar o atalho de teclado Control + P. Ao pressionar este atalho de teclado (\u00e9 a mesma tecla que usamos para imprimir), ele mostra a se\u00e7\u00e3o de impress\u00e3o da p\u00e1gina e no lado direito voc\u00ea pode ver a visualiza\u00e7\u00e3o da impress\u00e3o.<\/p><p> <kbd>Ctrl<\/kbd> + <kbd>P<\/kbd> <\/p><div class=\"wp-block-image\"><figure class=\"aligncenter size-full is-resized\"><img loading=\"lazy\" decoding=\"async\" class=\"wp-image-62313\" src=\"https:\/\/exceladvisor.org\/wp-content\/uploads\/2023\/08\/1-apercu-avant-impression.png\" sizes=\"auto, \" srcset=\"\" alt=\"visualizar antes de imprimir\" width=\"893\" height=\"481\"><\/figure><\/div><div class=\"wp-block-image\"><figure class=\"aligncenter size-full is-resized\"><img loading=\"lazy\" decoding=\"async\" class=\"wp-image-62319\" src=\"https:\/\/exceladvisor.org\/wp-content\/uploads\/2023\/08\/2-raccourci-dapercu-avant-impression.png\" sizes=\"auto, \" srcset=\"\" alt=\"atalho de visualiza\u00e7\u00e3o de impress\u00e3o\" width=\"852\" height=\"197\"><\/figure><\/div><p> H\u00e1 outro atalho de teclado que voc\u00ea pode usar para visualiza\u00e7\u00e3o de impress\u00e3o no Excel: AF P. Essa tecla de atalho abre a guia Arquivo e, em seguida, abre a op\u00e7\u00e3o Imprimir para mostrar a se\u00e7\u00e3o Visualiza\u00e7\u00e3o de impress\u00e3o. <\/p><div class=\"wp-block-group more-tutorials is-layout-flow\"><div class=\"wp-block-group__inner-container\"><h2 class=\"wp-block-heading\"> Mais tutoriais <\/h2><div class=\"wp-block-columns is-layout-flex wp-container-20\"><div class=\"wp-block-column is-layout-flow\"><ul><li> <a href=\"https:\/\/exceladvisor.org\/pt\/fechar\/\">Fechar<\/a><\/li><li> <a href=\"https:\/\/exceladvisor.org\/pt\/tela-cheia\/\">Tela cheia<\/a><\/li><li> <a href=\"https:\/\/exceladvisor.org\/pt\/banda\/\">Banda<\/a><\/li><\/ul><\/div><div class=\"wp-block-column is-layout-flow\"><ul><li> <a href=\"https:\/\/exceladvisor.org\/pt\/salvar-como\/\">Salvar como<\/a><\/li><li> <a href=\"https:\/\/exceladvisor.org\/pt\/alterar-guia\/\">Guia Alternar<\/a><\/li><li> <a href=\"https:\/\/exceladvisor.org\/pt\/desfazer-refazer\/\">Desfazer e refazer<\/a><\/li><\/ul><\/div><\/div><p> \u21e0 Retornar aos <a href=\"https:\/\/exceladvisor.org\/pt\/atalhos-do-teclado\/\">atalhos do Excel (folha de dicas em PDF)<\/a><\/p><\/div><\/div>","protected":false},"excerpt":{"rendered":"","protected":false},"author":1,"featured_media":0,"parent":0,"menu_order":0,"comment_status":"open","ping_status":"closed","template":"","meta":{"ub_ctt_via":"","footnotes":""},"class_list":["post-723","page","type-page","status-publish","hentry"],"featured_image_src":null,"yoast_head":"<!-- This site is optimized with the Yoast SEO plugin v25.4 - https:\/\/yoast.com\/wordpress\/plugins\/seo\/ -->\n<title>Como imprimir uma visualiza\u00e7\u00e3o por meio de um atalho do Excel?<\/title>\n<meta name=\"description\" content=\"Para obter a visualiza\u00e7\u00e3o da impress\u00e3o, voc\u00ea pode usar o atalho de teclado Control + P. Ao pressionar este atalho\" \/>\n<meta name=\"robots\" content=\"index, follow, max-snippet:-1, max-image-preview:large, max-video-preview:-1\" \/>\n<link rel=\"canonical\" href=\"https:\/\/exceladvisor.org\/pt\/visualizacao-de-impressao-1\/\" \/>\n<meta property=\"og:locale\" content=\"pt_PT\" \/>\n<meta property=\"og:type\" content=\"article\" \/>\n<meta property=\"og:title\" content=\"Como imprimir uma visualiza\u00e7\u00e3o por meio de um atalho do Excel?\" \/>\n<meta property=\"og:description\" content=\"Para obter a visualiza\u00e7\u00e3o da impress\u00e3o, voc\u00ea pode usar o atalho de teclado Control + P. Ao pressionar este atalho\" \/>\n<meta property=\"og:url\" content=\"https:\/\/exceladvisor.org\/pt\/visualizacao-de-impressao-1\/\" \/>\n<meta property=\"og:site_name\" content=\"Excel Advisor\" \/>\n<meta property=\"article:modified_time\" content=\"2023-12-06T11:38:02+00:00\" \/>\n<meta property=\"og:image\" content=\"https:\/\/exceladvisor.org\/wp-content\/uploads\/2023\/08\/1-apercu-avant-impression.png\" \/>\n<meta name=\"twitter:card\" content=\"summary_large_image\" \/>\n<meta name=\"twitter:label1\" content=\"Tempo estimado de leitura\" \/>\n\t<meta name=\"twitter:data1\" content=\"1 minuto\" \/>\n<script type=\"application\/ld+json\" class=\"yoast-schema-graph\">{\"@context\":\"https:\/\/schema.org\",\"@graph\":[{\"@type\":\"WebPage\",\"@id\":\"https:\/\/exceladvisor.org\/pt\/visualizacao-de-impressao-1\/\",\"url\":\"https:\/\/exceladvisor.org\/pt\/visualizacao-de-impressao-1\/\",\"name\":\"Como imprimir uma visualiza\u00e7\u00e3o por meio de um atalho do Excel?\",\"isPartOf\":{\"@id\":\"https:\/\/exceladvisor.org\/pt\/#website\"},\"primaryImageOfPage\":{\"@id\":\"https:\/\/exceladvisor.org\/pt\/visualizacao-de-impressao-1\/#primaryimage\"},\"image\":{\"@id\":\"https:\/\/exceladvisor.org\/pt\/visualizacao-de-impressao-1\/#primaryimage\"},\"thumbnailUrl\":\"https:\/\/exceladvisor.org\/wp-content\/uploads\/2023\/08\/1-apercu-avant-impression.png\",\"datePublished\":\"2023-09-25T08:40:40+00:00\",\"dateModified\":\"2023-12-06T11:38:02+00:00\",\"description\":\"Para obter a visualiza\u00e7\u00e3o da impress\u00e3o, voc\u00ea pode usar o atalho de teclado Control + P. Ao pressionar este atalho\",\"breadcrumb\":{\"@id\":\"https:\/\/exceladvisor.org\/pt\/visualizacao-de-impressao-1\/#breadcrumb\"},\"inLanguage\":\"pt-PT\",\"potentialAction\":[{\"@type\":\"ReadAction\",\"target\":[\"https:\/\/exceladvisor.org\/pt\/visualizacao-de-impressao-1\/\"]}]},{\"@type\":\"ImageObject\",\"inLanguage\":\"pt-PT\",\"@id\":\"https:\/\/exceladvisor.org\/pt\/visualizacao-de-impressao-1\/#primaryimage\",\"url\":\"https:\/\/exceladvisor.org\/wp-content\/uploads\/2023\/08\/1-apercu-avant-impression.png\",\"contentUrl\":\"https:\/\/exceladvisor.org\/wp-content\/uploads\/2023\/08\/1-apercu-avant-impression.png\"},{\"@type\":\"BreadcrumbList\",\"@id\":\"https:\/\/exceladvisor.org\/pt\/visualizacao-de-impressao-1\/#breadcrumb\",\"itemListElement\":[{\"@type\":\"ListItem\",\"position\":1,\"name\":\"Lar\",\"item\":\"https:\/\/exceladvisor.org\/pt\/\"},{\"@type\":\"ListItem\",\"position\":2,\"name\":\"Como imprimir uma visualiza\u00e7\u00e3o por meio de um atalho do excel?\"}]},{\"@type\":\"WebSite\",\"@id\":\"https:\/\/exceladvisor.org\/pt\/#website\",\"url\":\"https:\/\/exceladvisor.org\/pt\/\",\"name\":\"Excel Advisor\",\"description\":\"O seu guia definitivo para dominar os dados!\",\"publisher\":{\"@id\":\"https:\/\/exceladvisor.org\/pt\/#organization\"},\"potentialAction\":[{\"@type\":\"SearchAction\",\"target\":{\"@type\":\"EntryPoint\",\"urlTemplate\":\"https:\/\/exceladvisor.org\/pt\/?s={search_term_string}\"},\"query-input\":{\"@type\":\"PropertyValueSpecification\",\"valueRequired\":true,\"valueName\":\"search_term_string\"}}],\"inLanguage\":\"pt-PT\"},{\"@type\":\"Organization\",\"@id\":\"https:\/\/exceladvisor.org\/pt\/#organization\",\"name\":\"Excel Advisor\",\"url\":\"https:\/\/exceladvisor.org\/pt\/\",\"logo\":{\"@type\":\"ImageObject\",\"inLanguage\":\"pt-PT\",\"@id\":\"https:\/\/exceladvisor.org\/pt\/#\/schema\/logo\/image\/\",\"url\":\"https:\/\/exceladvisor.org\/pt\/wp-content\/uploads\/2023\/12\/exceladvisor.org_.png\",\"contentUrl\":\"https:\/\/exceladvisor.org\/pt\/wp-content\/uploads\/2023\/12\/exceladvisor.org_.png\",\"width\":105,\"height\":36,\"caption\":\"Excel Advisor\"},\"image\":{\"@id\":\"https:\/\/exceladvisor.org\/pt\/#\/schema\/logo\/image\/\"}}]}<\/script>\n<!-- \/ Yoast SEO plugin. -->","yoast_head_json":{"title":"Como imprimir uma visualiza\u00e7\u00e3o por meio de um atalho do Excel?","description":"Para obter a visualiza\u00e7\u00e3o da impress\u00e3o, voc\u00ea pode usar o atalho de teclado Control + P. Ao pressionar este atalho","robots":{"index":"index","follow":"follow","max-snippet":"max-snippet:-1","max-image-preview":"max-image-preview:large","max-video-preview":"max-video-preview:-1"},"canonical":"https:\/\/exceladvisor.org\/pt\/visualizacao-de-impressao-1\/","og_locale":"pt_PT","og_type":"article","og_title":"Como imprimir uma visualiza\u00e7\u00e3o por meio de um atalho do Excel?","og_description":"Para obter a visualiza\u00e7\u00e3o da impress\u00e3o, voc\u00ea pode usar o atalho de teclado Control + P. Ao pressionar este atalho","og_url":"https:\/\/exceladvisor.org\/pt\/visualizacao-de-impressao-1\/","og_site_name":"Excel Advisor","article_modified_time":"2023-12-06T11:38:02+00:00","og_image":[{"url":"https:\/\/exceladvisor.org\/wp-content\/uploads\/2023\/08\/1-apercu-avant-impression.png","type":"","width":"","height":""}],"twitter_card":"summary_large_image","twitter_misc":{"Tempo estimado de leitura":"1 minuto"},"schema":{"@context":"https:\/\/schema.org","@graph":[{"@type":"WebPage","@id":"https:\/\/exceladvisor.org\/pt\/visualizacao-de-impressao-1\/","url":"https:\/\/exceladvisor.org\/pt\/visualizacao-de-impressao-1\/","name":"Como imprimir uma visualiza\u00e7\u00e3o por meio de um atalho do Excel?","isPartOf":{"@id":"https:\/\/exceladvisor.org\/pt\/#website"},"primaryImageOfPage":{"@id":"https:\/\/exceladvisor.org\/pt\/visualizacao-de-impressao-1\/#primaryimage"},"image":{"@id":"https:\/\/exceladvisor.org\/pt\/visualizacao-de-impressao-1\/#primaryimage"},"thumbnailUrl":"https:\/\/exceladvisor.org\/wp-content\/uploads\/2023\/08\/1-apercu-avant-impression.png","datePublished":"2023-09-25T08:40:40+00:00","dateModified":"2023-12-06T11:38:02+00:00","description":"Para obter a visualiza\u00e7\u00e3o da impress\u00e3o, voc\u00ea pode usar o atalho de teclado Control + P. Ao pressionar este atalho","breadcrumb":{"@id":"https:\/\/exceladvisor.org\/pt\/visualizacao-de-impressao-1\/#breadcrumb"},"inLanguage":"pt-PT","potentialAction":[{"@type":"ReadAction","target":["https:\/\/exceladvisor.org\/pt\/visualizacao-de-impressao-1\/"]}]},{"@type":"ImageObject","inLanguage":"pt-PT","@id":"https:\/\/exceladvisor.org\/pt\/visualizacao-de-impressao-1\/#primaryimage","url":"https:\/\/exceladvisor.org\/wp-content\/uploads\/2023\/08\/1-apercu-avant-impression.png","contentUrl":"https:\/\/exceladvisor.org\/wp-content\/uploads\/2023\/08\/1-apercu-avant-impression.png"},{"@type":"BreadcrumbList","@id":"https:\/\/exceladvisor.org\/pt\/visualizacao-de-impressao-1\/#breadcrumb","itemListElement":[{"@type":"ListItem","position":1,"name":"Lar","item":"https:\/\/exceladvisor.org\/pt\/"},{"@type":"ListItem","position":2,"name":"Como imprimir uma visualiza\u00e7\u00e3o por meio de um atalho do excel?"}]},{"@type":"WebSite","@id":"https:\/\/exceladvisor.org\/pt\/#website","url":"https:\/\/exceladvisor.org\/pt\/","name":"Excel Advisor","description":"O seu guia definitivo para dominar os dados!","publisher":{"@id":"https:\/\/exceladvisor.org\/pt\/#organization"},"potentialAction":[{"@type":"SearchAction","target":{"@type":"EntryPoint","urlTemplate":"https:\/\/exceladvisor.org\/pt\/?s={search_term_string}"},"query-input":{"@type":"PropertyValueSpecification","valueRequired":true,"valueName":"search_term_string"}}],"inLanguage":"pt-PT"},{"@type":"Organization","@id":"https:\/\/exceladvisor.org\/pt\/#organization","name":"Excel Advisor","url":"https:\/\/exceladvisor.org\/pt\/","logo":{"@type":"ImageObject","inLanguage":"pt-PT","@id":"https:\/\/exceladvisor.org\/pt\/#\/schema\/logo\/image\/","url":"https:\/\/exceladvisor.org\/pt\/wp-content\/uploads\/2023\/12\/exceladvisor.org_.png","contentUrl":"https:\/\/exceladvisor.org\/pt\/wp-content\/uploads\/2023\/12\/exceladvisor.org_.png","width":105,"height":36,"caption":"Excel Advisor"},"image":{"@id":"https:\/\/exceladvisor.org\/pt\/#\/schema\/logo\/image\/"}}]}},"yoast_meta":{"yoast_wpseo_title":"","yoast_wpseo_metadesc":"","yoast_wpseo_canonical":""},"_links":{"self":[{"href":"https:\/\/exceladvisor.org\/pt\/wp-json\/wp\/v2\/pages\/723","targetHints":{"allow":["GET"]}}],"collection":[{"href":"https:\/\/exceladvisor.org\/pt\/wp-json\/wp\/v2\/pages"}],"about":[{"href":"https:\/\/exceladvisor.org\/pt\/wp-json\/wp\/v2\/types\/page"}],"author":[{"embeddable":true,"href":"https:\/\/exceladvisor.org\/pt\/wp-json\/wp\/v2\/users\/1"}],"replies":[{"embeddable":true,"href":"https:\/\/exceladvisor.org\/pt\/wp-json\/wp\/v2\/comments?post=723"}],"version-history":[{"count":1,"href":"https:\/\/exceladvisor.org\/pt\/wp-json\/wp\/v2\/pages\/723\/revisions"}],"predecessor-version":[{"id":1090,"href":"https:\/\/exceladvisor.org\/pt\/wp-json\/wp\/v2\/pages\/723\/revisions\/1090"}],"wp:attachment":[{"href":"https:\/\/exceladvisor.org\/pt\/wp-json\/wp\/v2\/media?parent=723"}],"curies":[{"name":"wp","href":"https:\/\/api.w.org\/{rel}","templated":true}]}}