{"id":724,"date":"2023-09-25T08:22:17","date_gmt":"2023-09-25T08:22:17","guid":{"rendered":"https:\/\/exceladvisor.org\/pt\/barra-1\/"},"modified":"2023-12-06T11:51:13","modified_gmt":"2023-12-06T11:51:13","slug":"barra-1","status":"publish","type":"page","link":"https:\/\/exceladvisor.org\/pt\/barra-1\/","title":{"rendered":"O que \u00e9 um atalho tachado para excel?"},"content":{"rendered":"<div class=\"excel-before-content-2\" id=\"excel-713175371\"><script type=\"text\/javascript\">\r\n\tatOptions = {\r\n\t\t'key' : 'c1158f160081d6540a8409e6925dab94',\r\n\t\t'format' : 'iframe',\r\n\t\t'height' : 250,\r\n\t\t'width' : 300,\r\n\t\t'params' : {}\r\n\t};\r\n<\/script>\r\n<script type=\"text\/javascript\" src=\"\/\/www.highperformanceformat.com\/c1158f160081d6540a8409e6925dab94\/invoke.js\"><\/script><\/div><div class=\"excel-before-content\" id=\"excel-1560227004\"><script type=\"text\/javascript\">\r\n\tatOptions = {\r\n\t\t'key' : 'c1158f160081d6540a8409e6925dab94',\r\n\t\t'format' : 'iframe',\r\n\t\t'height' : 250,\r\n\t\t'width' : 300,\r\n\t\t'params' : {}\r\n\t};\r\n<\/script>\r\n<script type=\"text\/javascript\" src=\"\/\/www.highperformanceformat.com\/c1158f160081d6540a8409e6925dab94\/invoke.js\"><\/script><\/div> <p>Para aplicar tachado em uma c\u00e9lula no Excel, voc\u00ea precisa pressionar a tecla de atalho Ctrl + 5. Este atalho de teclado tachado palavras em uma \u00fanica c\u00e9lula, c\u00e9lulas n\u00e3o cont\u00ednuas, um intervalo de c\u00e9lulas ou mesmo para o valor parcial de uma c\u00e9lula. <\/p><div class=\"wp-block-image\"><figure class=\"aligncenter size-full is-resized\"><img loading=\"lazy\" decoding=\"async\" class=\"size-full wp-image-12880 aligncenter\" src=\"https:\/\/exceladvisor.org\/wp-content\/uploads\/2023\/11\/Barre-raccourci-Excel.png\" alt=\"Tachado (atalho do Excel)\" width=\"290\" height=\"314\" srcset=\"https:\/\/exceladvisor.org\/wp-content\/uploads\/2023\/11\/Barre-raccourci-Excel.png 290w, https:\/\/exceladvisor.org\/wp-content\/uploads\/2023\/11\/Barre-raccourci-Excel-277x300.png 277w\" sizes=\"auto, (max-width: 290px) 100vw, 290px\"><\/figure><\/div><p> <kbd>Ctrl<\/kbd> + <kbd>5<\/kbd> <\/p><div class=\"wp-block-image\"><figure class=\"aligncenter size-full is-resized\"><img loading=\"lazy\" decoding=\"async\" class=\"wp-image-62320\" src=\"https:\/\/exceladvisor.org\/wp-content\/uploads\/2023\/08\/2-raccourcis-barres.png\" sizes=\"auto, \" srcset=\"\" alt=\"atalho riscado\" width=\"813\" height=\"187\"><\/figure><\/div><p> E ent\u00e3o voc\u00ea precisa remover o tachado de uma c\u00e9lula, voc\u00ea precisa pressionar a tecla de atalho novamente.<\/p><h2 class=\"wp-block-heading\"> Como aplicar tachado a texto parcial em uma c\u00e9lula<\/h2><ol type=\"1\"><li> Edite a c\u00e9lula usando a tecla F2 ou clique duas vezes com o mouse.<\/li><li> Selecione o valor parcial usando as teclas de navega\u00e7\u00e3o do mouse ou do teclado.<\/li><li> Pressione a tecla de atalho Control + 5 para aplicar o tachado.<\/li><li> Pressione o bot\u00e3o Enter para sair do modo de edi\u00e7\u00e3o.<\/li><\/ol><div class=\"gb-container gb-container-2116538e gb-container-mt\"> <a class=\"gb-button gb-button-f7d2c131 gb-button-text gb-button-mt-button\" href=\"https:\/\/exceladvisor.org\/pt\/atalhos-do-teclado\/\">Atalhos de teclado do Excel PDF<\/a><h2 class=\"gb-headline gb-headline-7ed68554 gb-headline-text gb-headline-mt-heading\"> Mais atalhos <\/h2><div class=\"gb-grid-wrapper gb-grid-wrapper-edeef538 gb-grid-wrapper-mt-grid\"><div class=\"gb-grid-column gb-grid-column-6ab6fbc6\"><div class=\"gb-container gb-container-6ab6fbc6\"><ul><li> <a href=\"https:\/\/exceladvisor.org\/pt\/indice-2\/\">Dica<\/a><\/li><li> <a href=\"https:\/\/exceladvisor.org\/pt\/expoente\/\">Expositor<\/a><\/li><li> <a href=\"https:\/\/exceladvisor.org\/pt\/marca-de-selecao-1\/\">Marca de verifica\u00e7\u00e3o<\/a><\/li><li> <a href=\"https:\/\/exceladvisor.org\/pt\/alinhar-centro\/\">Alinhar centro<\/a> <\/li><\/ul><\/div><\/div><div class=\"gb-grid-column gb-grid-column-766d598b\"><div class=\"gb-container gb-container-766d598b\"><ul><li> <a href=\"https:\/\/exceladvisor.org\/pt\/formato-de-moeda\/\">Formato de moeda Applu<\/a><\/li><li> Porcentagem de formato<\/li><li> <a href=\"https:\/\/exceladvisor.org\/pt\/formato-de-data\/\">Aplicar formato de data<\/a><\/li><li> <a href=\"https:\/\/exceladvisor.org\/pt\/formato-de-hora\/\">Aplicar formato de hora<\/a><\/li><\/ul><\/div><\/div><\/div><\/div>","protected":false},"excerpt":{"rendered":"","protected":false},"author":1,"featured_media":0,"parent":0,"menu_order":0,"comment_status":"open","ping_status":"closed","template":"","meta":{"ub_ctt_via":"","footnotes":""},"class_list":["post-724","page","type-page","status-publish","hentry"],"featured_image_src":null,"yoast_head":"<!-- This site is optimized with the Yoast SEO plugin v25.4 - https:\/\/yoast.com\/wordpress\/plugins\/seo\/ -->\n<title>\u25b7 O que \u00e9 atalho tachado para Excel? (M\u00e9todo F\u00e1cil)<\/title>\n<meta name=\"description\" content=\"Quando se depara com muitas tarefas, fazer uma lista de tarefas e riscar as tarefas conclu\u00eddas \u00e9 uma abordagem comum.\" \/>\n<meta name=\"robots\" content=\"index, follow, max-snippet:-1, max-image-preview:large, max-video-preview:-1\" \/>\n<link rel=\"canonical\" href=\"https:\/\/exceladvisor.org\/pt\/barra-1\/\" \/>\n<meta property=\"og:locale\" content=\"pt_PT\" \/>\n<meta property=\"og:type\" content=\"article\" \/>\n<meta property=\"og:title\" content=\"\u25b7 O que \u00e9 atalho tachado para Excel? (M\u00e9todo F\u00e1cil)\" \/>\n<meta property=\"og:description\" content=\"Quando se depara com muitas tarefas, fazer uma lista de tarefas e riscar as tarefas conclu\u00eddas \u00e9 uma abordagem comum.\" \/>\n<meta property=\"og:url\" content=\"https:\/\/exceladvisor.org\/pt\/barra-1\/\" \/>\n<meta property=\"og:site_name\" content=\"Excel Advisor\" \/>\n<meta property=\"article:modified_time\" content=\"2023-12-06T11:51:13+00:00\" \/>\n<meta property=\"og:image\" content=\"https:\/\/exceladvisor.org\/wp-content\/uploads\/2023\/11\/Barre-raccourci-Excel.png\" \/>\n<meta name=\"twitter:card\" content=\"summary_large_image\" \/>\n<meta name=\"twitter:label1\" content=\"Tempo estimado de leitura\" \/>\n\t<meta name=\"twitter:data1\" content=\"1 minuto\" \/>\n<script type=\"application\/ld+json\" class=\"yoast-schema-graph\">{\"@context\":\"https:\/\/schema.org\",\"@graph\":[{\"@type\":\"WebPage\",\"@id\":\"https:\/\/exceladvisor.org\/pt\/barra-1\/\",\"url\":\"https:\/\/exceladvisor.org\/pt\/barra-1\/\",\"name\":\"\u25b7 O que \u00e9 atalho tachado para Excel? (M\u00e9todo F\u00e1cil)\",\"isPartOf\":{\"@id\":\"https:\/\/exceladvisor.org\/pt\/#website\"},\"primaryImageOfPage\":{\"@id\":\"https:\/\/exceladvisor.org\/pt\/barra-1\/#primaryimage\"},\"image\":{\"@id\":\"https:\/\/exceladvisor.org\/pt\/barra-1\/#primaryimage\"},\"thumbnailUrl\":\"https:\/\/exceladvisor.org\/wp-content\/uploads\/2023\/11\/Barre-raccourci-Excel.png\",\"datePublished\":\"2023-09-25T08:22:17+00:00\",\"dateModified\":\"2023-12-06T11:51:13+00:00\",\"description\":\"Quando se depara com muitas tarefas, fazer uma lista de tarefas e riscar as tarefas conclu\u00eddas \u00e9 uma abordagem comum.\",\"breadcrumb\":{\"@id\":\"https:\/\/exceladvisor.org\/pt\/barra-1\/#breadcrumb\"},\"inLanguage\":\"pt-PT\",\"potentialAction\":[{\"@type\":\"ReadAction\",\"target\":[\"https:\/\/exceladvisor.org\/pt\/barra-1\/\"]}]},{\"@type\":\"ImageObject\",\"inLanguage\":\"pt-PT\",\"@id\":\"https:\/\/exceladvisor.org\/pt\/barra-1\/#primaryimage\",\"url\":\"https:\/\/exceladvisor.org\/wp-content\/uploads\/2023\/11\/Barre-raccourci-Excel.png\",\"contentUrl\":\"https:\/\/exceladvisor.org\/wp-content\/uploads\/2023\/11\/Barre-raccourci-Excel.png\"},{\"@type\":\"BreadcrumbList\",\"@id\":\"https:\/\/exceladvisor.org\/pt\/barra-1\/#breadcrumb\",\"itemListElement\":[{\"@type\":\"ListItem\",\"position\":1,\"name\":\"Lar\",\"item\":\"https:\/\/exceladvisor.org\/pt\/\"},{\"@type\":\"ListItem\",\"position\":2,\"name\":\"O que \u00e9 um atalho tachado para excel?\"}]},{\"@type\":\"WebSite\",\"@id\":\"https:\/\/exceladvisor.org\/pt\/#website\",\"url\":\"https:\/\/exceladvisor.org\/pt\/\",\"name\":\"Excel Advisor\",\"description\":\"O seu guia definitivo para dominar os dados!\",\"publisher\":{\"@id\":\"https:\/\/exceladvisor.org\/pt\/#organization\"},\"potentialAction\":[{\"@type\":\"SearchAction\",\"target\":{\"@type\":\"EntryPoint\",\"urlTemplate\":\"https:\/\/exceladvisor.org\/pt\/?s={search_term_string}\"},\"query-input\":{\"@type\":\"PropertyValueSpecification\",\"valueRequired\":true,\"valueName\":\"search_term_string\"}}],\"inLanguage\":\"pt-PT\"},{\"@type\":\"Organization\",\"@id\":\"https:\/\/exceladvisor.org\/pt\/#organization\",\"name\":\"Excel Advisor\",\"url\":\"https:\/\/exceladvisor.org\/pt\/\",\"logo\":{\"@type\":\"ImageObject\",\"inLanguage\":\"pt-PT\",\"@id\":\"https:\/\/exceladvisor.org\/pt\/#\/schema\/logo\/image\/\",\"url\":\"https:\/\/exceladvisor.org\/pt\/wp-content\/uploads\/2023\/12\/exceladvisor.org_.png\",\"contentUrl\":\"https:\/\/exceladvisor.org\/pt\/wp-content\/uploads\/2023\/12\/exceladvisor.org_.png\",\"width\":105,\"height\":36,\"caption\":\"Excel Advisor\"},\"image\":{\"@id\":\"https:\/\/exceladvisor.org\/pt\/#\/schema\/logo\/image\/\"}}]}<\/script>\n<!-- \/ Yoast SEO plugin. -->","yoast_head_json":{"title":"\u25b7 O que \u00e9 atalho tachado para Excel? (M\u00e9todo F\u00e1cil)","description":"Quando se depara com muitas tarefas, fazer uma lista de tarefas e riscar as tarefas conclu\u00eddas \u00e9 uma abordagem comum.","robots":{"index":"index","follow":"follow","max-snippet":"max-snippet:-1","max-image-preview":"max-image-preview:large","max-video-preview":"max-video-preview:-1"},"canonical":"https:\/\/exceladvisor.org\/pt\/barra-1\/","og_locale":"pt_PT","og_type":"article","og_title":"\u25b7 O que \u00e9 atalho tachado para Excel? (M\u00e9todo F\u00e1cil)","og_description":"Quando se depara com muitas tarefas, fazer uma lista de tarefas e riscar as tarefas conclu\u00eddas \u00e9 uma abordagem comum.","og_url":"https:\/\/exceladvisor.org\/pt\/barra-1\/","og_site_name":"Excel Advisor","article_modified_time":"2023-12-06T11:51:13+00:00","og_image":[{"url":"https:\/\/exceladvisor.org\/wp-content\/uploads\/2023\/11\/Barre-raccourci-Excel.png","type":"","width":"","height":""}],"twitter_card":"summary_large_image","twitter_misc":{"Tempo estimado de leitura":"1 minuto"},"schema":{"@context":"https:\/\/schema.org","@graph":[{"@type":"WebPage","@id":"https:\/\/exceladvisor.org\/pt\/barra-1\/","url":"https:\/\/exceladvisor.org\/pt\/barra-1\/","name":"\u25b7 O que \u00e9 atalho tachado para Excel? (M\u00e9todo F\u00e1cil)","isPartOf":{"@id":"https:\/\/exceladvisor.org\/pt\/#website"},"primaryImageOfPage":{"@id":"https:\/\/exceladvisor.org\/pt\/barra-1\/#primaryimage"},"image":{"@id":"https:\/\/exceladvisor.org\/pt\/barra-1\/#primaryimage"},"thumbnailUrl":"https:\/\/exceladvisor.org\/wp-content\/uploads\/2023\/11\/Barre-raccourci-Excel.png","datePublished":"2023-09-25T08:22:17+00:00","dateModified":"2023-12-06T11:51:13+00:00","description":"Quando se depara com muitas tarefas, fazer uma lista de tarefas e riscar as tarefas conclu\u00eddas \u00e9 uma abordagem comum.","breadcrumb":{"@id":"https:\/\/exceladvisor.org\/pt\/barra-1\/#breadcrumb"},"inLanguage":"pt-PT","potentialAction":[{"@type":"ReadAction","target":["https:\/\/exceladvisor.org\/pt\/barra-1\/"]}]},{"@type":"ImageObject","inLanguage":"pt-PT","@id":"https:\/\/exceladvisor.org\/pt\/barra-1\/#primaryimage","url":"https:\/\/exceladvisor.org\/wp-content\/uploads\/2023\/11\/Barre-raccourci-Excel.png","contentUrl":"https:\/\/exceladvisor.org\/wp-content\/uploads\/2023\/11\/Barre-raccourci-Excel.png"},{"@type":"BreadcrumbList","@id":"https:\/\/exceladvisor.org\/pt\/barra-1\/#breadcrumb","itemListElement":[{"@type":"ListItem","position":1,"name":"Lar","item":"https:\/\/exceladvisor.org\/pt\/"},{"@type":"ListItem","position":2,"name":"O que \u00e9 um atalho tachado para excel?"}]},{"@type":"WebSite","@id":"https:\/\/exceladvisor.org\/pt\/#website","url":"https:\/\/exceladvisor.org\/pt\/","name":"Excel Advisor","description":"O seu guia definitivo para dominar os dados!","publisher":{"@id":"https:\/\/exceladvisor.org\/pt\/#organization"},"potentialAction":[{"@type":"SearchAction","target":{"@type":"EntryPoint","urlTemplate":"https:\/\/exceladvisor.org\/pt\/?s={search_term_string}"},"query-input":{"@type":"PropertyValueSpecification","valueRequired":true,"valueName":"search_term_string"}}],"inLanguage":"pt-PT"},{"@type":"Organization","@id":"https:\/\/exceladvisor.org\/pt\/#organization","name":"Excel Advisor","url":"https:\/\/exceladvisor.org\/pt\/","logo":{"@type":"ImageObject","inLanguage":"pt-PT","@id":"https:\/\/exceladvisor.org\/pt\/#\/schema\/logo\/image\/","url":"https:\/\/exceladvisor.org\/pt\/wp-content\/uploads\/2023\/12\/exceladvisor.org_.png","contentUrl":"https:\/\/exceladvisor.org\/pt\/wp-content\/uploads\/2023\/12\/exceladvisor.org_.png","width":105,"height":36,"caption":"Excel Advisor"},"image":{"@id":"https:\/\/exceladvisor.org\/pt\/#\/schema\/logo\/image\/"}}]}},"yoast_meta":{"yoast_wpseo_title":"","yoast_wpseo_metadesc":"","yoast_wpseo_canonical":""},"_links":{"self":[{"href":"https:\/\/exceladvisor.org\/pt\/wp-json\/wp\/v2\/pages\/724","targetHints":{"allow":["GET"]}}],"collection":[{"href":"https:\/\/exceladvisor.org\/pt\/wp-json\/wp\/v2\/pages"}],"about":[{"href":"https:\/\/exceladvisor.org\/pt\/wp-json\/wp\/v2\/types\/page"}],"author":[{"embeddable":true,"href":"https:\/\/exceladvisor.org\/pt\/wp-json\/wp\/v2\/users\/1"}],"replies":[{"embeddable":true,"href":"https:\/\/exceladvisor.org\/pt\/wp-json\/wp\/v2\/comments?post=724"}],"version-history":[{"count":1,"href":"https:\/\/exceladvisor.org\/pt\/wp-json\/wp\/v2\/pages\/724\/revisions"}],"predecessor-version":[{"id":1457,"href":"https:\/\/exceladvisor.org\/pt\/wp-json\/wp\/v2\/pages\/724\/revisions\/1457"}],"wp:attachment":[{"href":"https:\/\/exceladvisor.org\/pt\/wp-json\/wp\/v2\/media?parent=724"}],"curies":[{"name":"wp","href":"https:\/\/api.w.org\/{rel}","templated":true}]}}