{"id":725,"date":"2023-09-25T06:33:35","date_gmt":"2023-09-25T06:33:35","guid":{"rendered":"https:\/\/exceladvisor.org\/pt\/cuba\/"},"modified":"2023-12-06T11:35:09","modified_gmt":"2023-12-06T11:35:09","slug":"cuba","status":"publish","type":"page","link":"https:\/\/exceladvisor.org\/pt\/cuba\/","title":{"rendered":"Como calcular o iva no excel?"},"content":{"rendered":"<div class=\"excel-before-content-2\" id=\"excel-2145780765\"><script type=\"text\/javascript\">\r\n\tatOptions = {\r\n\t\t'key' : 'c1158f160081d6540a8409e6925dab94',\r\n\t\t'format' : 'iframe',\r\n\t\t'height' : 250,\r\n\t\t'width' : 300,\r\n\t\t'params' : {}\r\n\t};\r\n<\/script>\r\n<script type=\"text\/javascript\" src=\"\/\/www.highperformanceformat.com\/c1158f160081d6540a8409e6925dab94\/invoke.js\"><\/script><\/div><div class=\"excel-before-content\" id=\"excel-1960427162\"><script type=\"text\/javascript\">\r\n\tatOptions = {\r\n\t\t'key' : 'c1158f160081d6540a8409e6925dab94',\r\n\t\t'format' : 'iframe',\r\n\t\t'height' : 250,\r\n\t\t'width' : 300,\r\n\t\t'params' : {}\r\n\t};\r\n<\/script>\r\n<script type=\"text\/javascript\" src=\"\/\/www.highperformanceformat.com\/c1158f160081d6540a8409e6925dab94\/invoke.js\"><\/script><\/div> <p>Para calcular o IVA no Excel, voc\u00ea precisa saber a porcentagem exata do imposto e depois multiplic\u00e1-la pelo valor bruto para obter o valor do IVA. Depois disso, adicione esse valor do imposto ao valor real da fatura. <\/p><div class=\"wp-block-image\"><figure class=\"aligncenter size-full is-resized\"><img loading=\"lazy\" decoding=\"async\" class=\"wp-image-82435\" src=\"https:\/\/exceladvisor.org\/wp-content\/uploads\/2023\/08\/1-calculer-la-TVA.png\" sizes=\"auto, \" srcset=\"\" alt=\"calcular-IVA\" width=\"579\" height=\"314\"><\/figure><\/div><p> Neste tutorial, escrevemos uma f\u00f3rmula para calcular o IVA. Vamos verificar isso.<\/p><h2 class=\"wp-block-heading\"> Calcular o IVA separadamente<\/h2><p> Voc\u00ea pode usar as etapas abaixo:<\/p><ol type=\"1\"><li> Primeiro, consulte a c\u00e9lula com o valor da fatura.<\/li><li> Depois disso, insira o operador asterisco (*) para multiplica\u00e7\u00e3o.<\/li><li> Consulte agora a c\u00e9lula onde tem a percentagem de IVA.<\/li><li> Ao final, pressione Enter para obter o valor do imposto. <\/li><\/ol><div class=\"wp-block-image\"><figure class=\"aligncenter size-full is-resized\"><img loading=\"lazy\" decoding=\"async\" class=\"wp-image-82436\" src=\"https:\/\/exceladvisor.org\/wp-content\/uploads\/2023\/08\/2-calculer-la-TVA-separement.png\" sizes=\"auto, \" srcset=\"\" alt=\"calcular-IVA-separadamente\" width=\"589\" height=\"260\"><\/figure><\/div><pre class=\"wp-block-code\"> <code class=\"language-excel-formula\" lang=\"excel-formula\">=tax_percentage * invoice_amount<\/code><\/pre><p> Depois de clicar em Enter, voc\u00ea receber\u00e1 o valor do IVA na c\u00e9lula. <\/p><div class=\"wp-block-image\"><figure class=\"aligncenter size-full is-resized\"><img loading=\"lazy\" decoding=\"async\" class=\"wp-image-82437\" src=\"https:\/\/exceladvisor.org\/wp-content\/uploads\/2023\/08\/3-montant-de-TVA-obtenu.png\" sizes=\"auto, \" srcset=\"\" alt=\"valor-IVA-resultado\" width=\"527\" height=\"286\"><\/figure><\/div><p> Na pr\u00f3xima parte, voc\u00ea precisa adicionar o imposto ao valor total. Para tal, deve consultar a c\u00e9lula com o valor bruto da fatura, inserir o operador de adi\u00e7\u00e3o e consultar a c\u00e9lula com o valor do IVA (IMPOSTO) que calculou. <\/p><div class=\"wp-block-image\"><figure class=\"aligncenter size-full is-resized\"><img loading=\"lazy\" decoding=\"async\" class=\"wp-image-82438\" src=\"https:\/\/exceladvisor.org\/wp-content\/uploads\/2023\/08\/4-ajouter-la-taxe-au-montant.png\" sizes=\"auto, \" srcset=\"\" alt=\"adicionar imposto ao valor\" width=\"600\" height=\"236\"><\/figure><\/div><pre class=\"wp-block-code\"> <code class=\"language-excel-formula\" lang=\"excel-formula\">=vat_amount + invoice_amount<\/code><\/pre><p> Isto lhe dar\u00e1 o valor total, incluindo o valor do IVA. <\/p><div class=\"wp-block-image\"><figure class=\"aligncenter size-full is-resized\"><img loading=\"lazy\" decoding=\"async\" class=\"wp-image-82439\" src=\"https:\/\/exceladvisor.org\/wp-content\/uploads\/2023\/08\/5-montant-total-TTC.png\" sizes=\"auto, \" srcset=\"\" alt=\"valor total-IVA-IVA\" width=\"556\" height=\"265\"><\/figure><\/div><h2 class=\"wp-block-heading\"> C\u00e1lculo do IVA no valor total<\/h2><p> Se de alguma forma pretende que o valor do IVA seja inclu\u00eddo no valor total, pode utilizar a f\u00f3rmula abaixo: <\/p><div class=\"wp-block-image\"><figure class=\"aligncenter size-full is-resized\"><img loading=\"lazy\" decoding=\"async\" class=\"wp-image-82440\" src=\"https:\/\/exceladvisor.org\/wp-content\/uploads\/2023\/08\/6-calculer-la-TVA-en-montant-total.png\" sizes=\"auto, \" srcset=\"\" alt=\"calcular o IVA no valor total\" width=\"549\" height=\"244\"><\/figure><\/div><pre class=\"wp-block-code\"> <code class=\"language-excel-formula\" lang=\"excel-formula\">=(tax_percentage * invoice_amount) + invoice_amount<\/code><\/pre><p> Com a f\u00f3rmula acima, voc\u00ea n\u00e3o precisa de uma coluna separada para o valor do IVA. O valor total inclui o valor do imposto e da fatura.<\/p><p> Existe outra maneira de escrever esta f\u00f3rmula. Nesta f\u00f3rmula voc\u00ea pode usar porcentagens para obter o valor total com IVA. <\/p><pre class=\"wp-block-code\"> <code class=\"language-excel-formula\" lang=\"excel-formula\">=invoice_amount * (100% + vat_percentage)<\/code><\/pre><div class=\"wp-block-image\"><figure class=\"aligncenter size-full is-resized\"><img loading=\"lazy\" decoding=\"async\" class=\"wp-image-82441\" src=\"https:\/\/exceladvisor.org\/wp-content\/uploads\/2023\/08\/7-autres-formules-pour-calculer-la-TVA-au-total.png\" sizes=\"auto, \" srcset=\"\" alt=\"outra-f\u00f3rmula-para-calcular-o-IVA-total\" width=\"512\" height=\"280\"><\/figure><\/div><p> Esta f\u00f3rmula funciona exatamente como a primeira, mas em vez disso usamos a porcentagem.<\/p><p> Ao utilizar 100% e somar o percentual do imposto, por exemplo, 10%, multiplique pelo valor da fatura. Aumenta o valor com a porcentagem exata do imposto e voc\u00ea obt\u00e9m o valor total incluindo impostos. <\/p><div class=\"gb-container gb-container-52dfcee1 gb-container-sample-file\"><h2 class=\"gb-headline gb-headline-e289c143 gb-headline-text gb-headline-4f7959c2\"> Obtenha o arquivo Excel<\/h2> <a class=\"gb-button gb-button-e88d6bee gb-button-text gb-button-button1\" href=\"https:\/\/exceladvisor.org\/wp-content\/uploads\/2023\/11\/calculer-la-TVA.xlsx\" rel=\"nofollow\">Download<\/a><\/div><div class=\"gb-container gb-container-0df56012 gb-container-mt\"> <a class=\"gb-button gb-button-f9f432f4 gb-button-text gb-button-mt-button\" href=\"https:\/\/exceladvisor.org\/pt\/formulas\/\">Lista de f\u00f3rmulas do Excel<\/a><h2 class=\"gb-headline gb-headline-233444e8 gb-headline-text gb-headline-mt-heading\"> F\u00f3rmulas relacionadas <\/h2><div class=\"gb-grid-wrapper gb-grid-wrapper-a16fa65c gb-grid-wrapper-mt-grid\"><div class=\"gb-grid-column gb-grid-column-50d07e0d\"><div class=\"gb-container gb-container-50d07e0d\"><ul><li> <a href=\"https:\/\/exceladvisor.org\/pt\/juros-compostos\/\">Calcule juros compostos no Excel<\/a><\/li><li> <a href=\"https:\/\/exceladvisor.org\/pt\/simples-interesse\/\">Calcule juros simples no Excel<\/a><\/li><li> <a href=\"https:\/\/exceladvisor.org\/pt\/margem-de-lucro\/\">Lucro bruto (margem e propor\u00e7\u00e3o)<\/a><\/li><\/ul><\/div><\/div><\/div><\/div>","protected":false},"excerpt":{"rendered":"","protected":false},"author":1,"featured_media":0,"parent":0,"menu_order":0,"comment_status":"open","ping_status":"closed","template":"","meta":{"ub_ctt_via":"","footnotes":""},"class_list":["post-725","page","type-page","status-publish","hentry"],"featured_image_src":null,"yoast_head":"<!-- This site is optimized with the Yoast SEO plugin v25.4 - https:\/\/yoast.com\/wordpress\/plugins\/seo\/ -->\n<title>\u25b7 Como calcular o IVA no Excel? (Tutorial 2023)<\/title>\n<meta name=\"description\" content=\"Este tutorial vai te ensinar como escrever uma f\u00f3rmula Excel para calcular o IVA de um valor no Excel. Vamos verificar isso\u2026\" \/>\n<meta name=\"robots\" content=\"index, follow, max-snippet:-1, max-image-preview:large, max-video-preview:-1\" \/>\n<link rel=\"canonical\" href=\"https:\/\/exceladvisor.org\/pt\/cuba\/\" \/>\n<meta property=\"og:locale\" content=\"pt_PT\" \/>\n<meta property=\"og:type\" content=\"article\" \/>\n<meta property=\"og:title\" content=\"\u25b7 Como calcular o IVA no Excel? (Tutorial 2023)\" \/>\n<meta property=\"og:description\" content=\"Este tutorial vai te ensinar como escrever uma f\u00f3rmula Excel para calcular o IVA de um valor no Excel. Vamos verificar isso\u2026\" \/>\n<meta property=\"og:url\" content=\"https:\/\/exceladvisor.org\/pt\/cuba\/\" \/>\n<meta property=\"og:site_name\" content=\"Excel Advisor\" \/>\n<meta property=\"article:modified_time\" content=\"2023-12-06T11:35:09+00:00\" \/>\n<meta property=\"og:image\" content=\"https:\/\/exceladvisor.org\/wp-content\/uploads\/2023\/08\/1-calculer-la-TVA.png\" \/>\n<meta name=\"twitter:card\" content=\"summary_large_image\" \/>\n<meta name=\"twitter:label1\" content=\"Tempo estimado de leitura\" \/>\n\t<meta name=\"twitter:data1\" content=\"2 minutos\" \/>\n<script type=\"application\/ld+json\" class=\"yoast-schema-graph\">{\"@context\":\"https:\/\/schema.org\",\"@graph\":[{\"@type\":\"WebPage\",\"@id\":\"https:\/\/exceladvisor.org\/pt\/cuba\/\",\"url\":\"https:\/\/exceladvisor.org\/pt\/cuba\/\",\"name\":\"\u25b7 Como calcular o IVA no Excel? (Tutorial 2023)\",\"isPartOf\":{\"@id\":\"https:\/\/exceladvisor.org\/pt\/#website\"},\"primaryImageOfPage\":{\"@id\":\"https:\/\/exceladvisor.org\/pt\/cuba\/#primaryimage\"},\"image\":{\"@id\":\"https:\/\/exceladvisor.org\/pt\/cuba\/#primaryimage\"},\"thumbnailUrl\":\"https:\/\/exceladvisor.org\/wp-content\/uploads\/2023\/08\/1-calculer-la-TVA.png\",\"datePublished\":\"2023-09-25T06:33:35+00:00\",\"dateModified\":\"2023-12-06T11:35:09+00:00\",\"description\":\"Este tutorial vai te ensinar como escrever uma f\u00f3rmula Excel para calcular o IVA de um valor no Excel. Vamos verificar isso\u2026\",\"breadcrumb\":{\"@id\":\"https:\/\/exceladvisor.org\/pt\/cuba\/#breadcrumb\"},\"inLanguage\":\"pt-PT\",\"potentialAction\":[{\"@type\":\"ReadAction\",\"target\":[\"https:\/\/exceladvisor.org\/pt\/cuba\/\"]}]},{\"@type\":\"ImageObject\",\"inLanguage\":\"pt-PT\",\"@id\":\"https:\/\/exceladvisor.org\/pt\/cuba\/#primaryimage\",\"url\":\"https:\/\/exceladvisor.org\/wp-content\/uploads\/2023\/08\/1-calculer-la-TVA.png\",\"contentUrl\":\"https:\/\/exceladvisor.org\/wp-content\/uploads\/2023\/08\/1-calculer-la-TVA.png\"},{\"@type\":\"BreadcrumbList\",\"@id\":\"https:\/\/exceladvisor.org\/pt\/cuba\/#breadcrumb\",\"itemListElement\":[{\"@type\":\"ListItem\",\"position\":1,\"name\":\"Lar\",\"item\":\"https:\/\/exceladvisor.org\/pt\/\"},{\"@type\":\"ListItem\",\"position\":2,\"name\":\"Como calcular o iva no excel?\"}]},{\"@type\":\"WebSite\",\"@id\":\"https:\/\/exceladvisor.org\/pt\/#website\",\"url\":\"https:\/\/exceladvisor.org\/pt\/\",\"name\":\"Excel Advisor\",\"description\":\"O seu guia definitivo para dominar os dados!\",\"publisher\":{\"@id\":\"https:\/\/exceladvisor.org\/pt\/#organization\"},\"potentialAction\":[{\"@type\":\"SearchAction\",\"target\":{\"@type\":\"EntryPoint\",\"urlTemplate\":\"https:\/\/exceladvisor.org\/pt\/?s={search_term_string}\"},\"query-input\":{\"@type\":\"PropertyValueSpecification\",\"valueRequired\":true,\"valueName\":\"search_term_string\"}}],\"inLanguage\":\"pt-PT\"},{\"@type\":\"Organization\",\"@id\":\"https:\/\/exceladvisor.org\/pt\/#organization\",\"name\":\"Excel Advisor\",\"url\":\"https:\/\/exceladvisor.org\/pt\/\",\"logo\":{\"@type\":\"ImageObject\",\"inLanguage\":\"pt-PT\",\"@id\":\"https:\/\/exceladvisor.org\/pt\/#\/schema\/logo\/image\/\",\"url\":\"https:\/\/exceladvisor.org\/pt\/wp-content\/uploads\/2023\/12\/exceladvisor.org_.png\",\"contentUrl\":\"https:\/\/exceladvisor.org\/pt\/wp-content\/uploads\/2023\/12\/exceladvisor.org_.png\",\"width\":105,\"height\":36,\"caption\":\"Excel Advisor\"},\"image\":{\"@id\":\"https:\/\/exceladvisor.org\/pt\/#\/schema\/logo\/image\/\"}}]}<\/script>\n<!-- \/ Yoast SEO plugin. -->","yoast_head_json":{"title":"\u25b7 Como calcular o IVA no Excel? (Tutorial 2023)","description":"Este tutorial vai te ensinar como escrever uma f\u00f3rmula Excel para calcular o IVA de um valor no Excel. Vamos verificar isso\u2026","robots":{"index":"index","follow":"follow","max-snippet":"max-snippet:-1","max-image-preview":"max-image-preview:large","max-video-preview":"max-video-preview:-1"},"canonical":"https:\/\/exceladvisor.org\/pt\/cuba\/","og_locale":"pt_PT","og_type":"article","og_title":"\u25b7 Como calcular o IVA no Excel? (Tutorial 2023)","og_description":"Este tutorial vai te ensinar como escrever uma f\u00f3rmula Excel para calcular o IVA de um valor no Excel. Vamos verificar isso\u2026","og_url":"https:\/\/exceladvisor.org\/pt\/cuba\/","og_site_name":"Excel Advisor","article_modified_time":"2023-12-06T11:35:09+00:00","og_image":[{"url":"https:\/\/exceladvisor.org\/wp-content\/uploads\/2023\/08\/1-calculer-la-TVA.png","type":"","width":"","height":""}],"twitter_card":"summary_large_image","twitter_misc":{"Tempo estimado de leitura":"2 minutos"},"schema":{"@context":"https:\/\/schema.org","@graph":[{"@type":"WebPage","@id":"https:\/\/exceladvisor.org\/pt\/cuba\/","url":"https:\/\/exceladvisor.org\/pt\/cuba\/","name":"\u25b7 Como calcular o IVA no Excel? (Tutorial 2023)","isPartOf":{"@id":"https:\/\/exceladvisor.org\/pt\/#website"},"primaryImageOfPage":{"@id":"https:\/\/exceladvisor.org\/pt\/cuba\/#primaryimage"},"image":{"@id":"https:\/\/exceladvisor.org\/pt\/cuba\/#primaryimage"},"thumbnailUrl":"https:\/\/exceladvisor.org\/wp-content\/uploads\/2023\/08\/1-calculer-la-TVA.png","datePublished":"2023-09-25T06:33:35+00:00","dateModified":"2023-12-06T11:35:09+00:00","description":"Este tutorial vai te ensinar como escrever uma f\u00f3rmula Excel para calcular o IVA de um valor no Excel. Vamos verificar isso\u2026","breadcrumb":{"@id":"https:\/\/exceladvisor.org\/pt\/cuba\/#breadcrumb"},"inLanguage":"pt-PT","potentialAction":[{"@type":"ReadAction","target":["https:\/\/exceladvisor.org\/pt\/cuba\/"]}]},{"@type":"ImageObject","inLanguage":"pt-PT","@id":"https:\/\/exceladvisor.org\/pt\/cuba\/#primaryimage","url":"https:\/\/exceladvisor.org\/wp-content\/uploads\/2023\/08\/1-calculer-la-TVA.png","contentUrl":"https:\/\/exceladvisor.org\/wp-content\/uploads\/2023\/08\/1-calculer-la-TVA.png"},{"@type":"BreadcrumbList","@id":"https:\/\/exceladvisor.org\/pt\/cuba\/#breadcrumb","itemListElement":[{"@type":"ListItem","position":1,"name":"Lar","item":"https:\/\/exceladvisor.org\/pt\/"},{"@type":"ListItem","position":2,"name":"Como calcular o iva no excel?"}]},{"@type":"WebSite","@id":"https:\/\/exceladvisor.org\/pt\/#website","url":"https:\/\/exceladvisor.org\/pt\/","name":"Excel Advisor","description":"O seu guia definitivo para dominar os dados!","publisher":{"@id":"https:\/\/exceladvisor.org\/pt\/#organization"},"potentialAction":[{"@type":"SearchAction","target":{"@type":"EntryPoint","urlTemplate":"https:\/\/exceladvisor.org\/pt\/?s={search_term_string}"},"query-input":{"@type":"PropertyValueSpecification","valueRequired":true,"valueName":"search_term_string"}}],"inLanguage":"pt-PT"},{"@type":"Organization","@id":"https:\/\/exceladvisor.org\/pt\/#organization","name":"Excel Advisor","url":"https:\/\/exceladvisor.org\/pt\/","logo":{"@type":"ImageObject","inLanguage":"pt-PT","@id":"https:\/\/exceladvisor.org\/pt\/#\/schema\/logo\/image\/","url":"https:\/\/exceladvisor.org\/pt\/wp-content\/uploads\/2023\/12\/exceladvisor.org_.png","contentUrl":"https:\/\/exceladvisor.org\/pt\/wp-content\/uploads\/2023\/12\/exceladvisor.org_.png","width":105,"height":36,"caption":"Excel Advisor"},"image":{"@id":"https:\/\/exceladvisor.org\/pt\/#\/schema\/logo\/image\/"}}]}},"yoast_meta":{"yoast_wpseo_title":"","yoast_wpseo_metadesc":"","yoast_wpseo_canonical":""},"_links":{"self":[{"href":"https:\/\/exceladvisor.org\/pt\/wp-json\/wp\/v2\/pages\/725","targetHints":{"allow":["GET"]}}],"collection":[{"href":"https:\/\/exceladvisor.org\/pt\/wp-json\/wp\/v2\/pages"}],"about":[{"href":"https:\/\/exceladvisor.org\/pt\/wp-json\/wp\/v2\/types\/page"}],"author":[{"embeddable":true,"href":"https:\/\/exceladvisor.org\/pt\/wp-json\/wp\/v2\/users\/1"}],"replies":[{"embeddable":true,"href":"https:\/\/exceladvisor.org\/pt\/wp-json\/wp\/v2\/comments?post=725"}],"version-history":[{"count":1,"href":"https:\/\/exceladvisor.org\/pt\/wp-json\/wp\/v2\/pages\/725\/revisions"}],"predecessor-version":[{"id":883,"href":"https:\/\/exceladvisor.org\/pt\/wp-json\/wp\/v2\/pages\/725\/revisions\/883"}],"wp:attachment":[{"href":"https:\/\/exceladvisor.org\/pt\/wp-json\/wp\/v2\/media?parent=725"}],"curies":[{"name":"wp","href":"https:\/\/api.w.org\/{rel}","templated":true}]}}