{"id":726,"date":"2023-09-25T06:25:20","date_gmt":"2023-09-25T06:25:20","guid":{"rendered":"https:\/\/exceladvisor.org\/pt\/ajuste-automatico\/"},"modified":"2023-12-06T11:34:24","modified_gmt":"2023-12-06T11:34:24","slug":"ajuste-automatico","status":"publish","type":"page","link":"https:\/\/exceladvisor.org\/pt\/ajuste-automatico\/","title":{"rendered":"Como ajustar automaticamente o texto por meio de uma f\u00f3rmula do excel?"},"content":{"rendered":"<div class=\"excel-before-content-2\" id=\"excel-3513514373\"><script type=\"text\/javascript\">\r\n\tatOptions = {\r\n\t\t'key' : 'c1158f160081d6540a8409e6925dab94',\r\n\t\t'format' : 'iframe',\r\n\t\t'height' : 250,\r\n\t\t'width' : 300,\r\n\t\t'params' : {}\r\n\t};\r\n<\/script>\r\n<script type=\"text\/javascript\" src=\"\/\/www.highperformanceformat.com\/c1158f160081d6540a8409e6925dab94\/invoke.js\"><\/script><\/div><div class=\"excel-before-content\" id=\"excel-709678927\"><script type=\"text\/javascript\">\r\n\tatOptions = {\r\n\t\t'key' : 'c1158f160081d6540a8409e6925dab94',\r\n\t\t'format' : 'iframe',\r\n\t\t'height' : 250,\r\n\t\t'width' : 300,\r\n\t\t'params' : {}\r\n\t};\r\n<\/script>\r\n<script type=\"text\/javascript\" src=\"\/\/www.highperformanceformat.com\/c1158f160081d6540a8409e6925dab94\/invoke.js\"><\/script><\/div> <p>No Excel, a fun\u00e7\u00e3o AutoFit \u00e9 usada para redimensionar a altura da linha e a largura da c\u00e9lula com base no tamanho do valor nas c\u00e9lulas.<\/p><p> Como voc\u00ea sabe, o Excel tem altura de linha e largura de c\u00e9lula por padr\u00e3o e quando o usu\u00e1rio insere um valor cujo comprimento \u00e9 maior que a largura da c\u00e9lula, o valor ultrapassa as c\u00e9lulas e para redimensionar as c\u00e9lulas dependendo deste valor, podemos usar o AutoAjuste.<\/p><p> Na imagem abaixo, voc\u00ea pode ver que o comprimento dos valores inseridos era maior que o tamanho padr\u00e3o da c\u00e9lula, devido ao qual os valores se espalharam pelas c\u00e9lulas. <\/p><div class=\"wp-block-image\"><figure class=\"aligncenter size-full is-resized\"><img loading=\"lazy\" decoding=\"async\" class=\"wp-image-67515\" src=\"https:\/\/exceladvisor.org\/wp-content\/uploads\/2023\/08\/1-valeurs-debordees.png\" sizes=\"auto, \" srcset=\"\" alt=\"estouro de valores\" width=\"327\" height=\"225\"><\/figure><\/div><h2 class=\"wp-block-heading\"> Atalho de teclado para usar o AutoFit no Excel <\/h2><div class=\"wp-block-image\"><figure class=\"aligncenter size-full is-resized\"><img loading=\"lazy\" decoding=\"async\" class=\"wp-image-67516\" src=\"https:\/\/exceladvisor.org\/wp-content\/uploads\/2023\/08\/2-raccourcis-clavier-pour-ajuster-automatiquement-la-largeur-des-cellules.png\" sizes=\"auto, \" srcset=\"\" alt=\"atalho de teclado para ajustar automaticamente a largura da c\u00e9lula\" width=\"821\" height=\"322\"><\/figure><\/div><p> <strong>Ajustar automaticamente a largura da c\u00e9lula (coluna):<\/strong> Alt \u2192 H \u2192 O \u2192 I <\/p><div class=\"wp-block-image\"><figure class=\"aligncenter size-full is-resized\"><img loading=\"lazy\" decoding=\"async\" class=\"wp-image-67517\" src=\"https:\/\/exceladvisor.org\/wp-content\/uploads\/2023\/08\/3-raccourci-pour-ajuster-automatiquement-la-hauteur-de-ligne.png\" sizes=\"auto, \" srcset=\"\" alt=\"atalho para ajustar automaticamente a altura da linha\" width=\"804\" height=\"315\"><\/figure><\/div><p> <strong>Ajustar automaticamente a altura da linha (linhas):<\/strong> Alt \u2192 H \u2192 O \u2192 A<\/p><h2 class=\"wp-block-heading\"> Etapas para usar o ajuste autom\u00e1tico da largura da c\u00e9lula usando um atalho de teclado<\/h2><ol><li> Primeiro, selecione a c\u00e9lula individual ou a coluna inteira usando as teclas \u201cCtrl + Barra de Espa\u00e7o\u201d. <br><img loading=\"lazy\" decoding=\"async\" title=\"4 colunas de sele\u00e7\u00e3o\" src=\"https:\/\/exceladvisor.org\/wp-content\/uploads\/2023\/08\/4-selectionner-la-colonne.png\" sizes=\"auto, \" srcset=\"\" alt=\"select-the-column\" width=\"334\" height=\"229\"><\/li><li> Agora basta pressionar \u201cAlt \u2192 H \u2192 O \u2192 I\u201d e a largura das c\u00e9lulas ser\u00e1 ampliada com base no maior valor da c\u00e9lula na coluna. <br><img decoding=\"async\" title=\"5 c\u00e9lulas ap\u00f3s ajuste autom\u00e1tico\" src=\"https:\/\/exceladvisor.org\/wp-content\/uploads\/2023\/08\/5-cellules-apres-ajustement-automatique.png\" sizes=\"\" srcset=\"\" alt=\"cells-after-autofit\"><\/li><\/ol><h2 class=\"wp-block-heading\"> Etapas para usar o ajuste autom\u00e1tico da altura da linha usando um atalho de teclado<\/h2><p> Suponha que voc\u00ea tenha dados n\u00e3o estruturados onde em uma coluna voc\u00ea tem valores na quebra autom\u00e1tica de texto e alguns n\u00e3o s\u00e3o devido \u00e0 altura da linha dos dados n\u00e3o ser a mesma e para fazer linhas e colunas com AutoAjuste, siga os passos abaixo: <\/p><div class=\"wp-block-image\"><figure class=\"aligncenter size-full is-resized\"><img loading=\"lazy\" decoding=\"async\" class=\"wp-image-67520\" src=\"https:\/\/exceladvisor.org\/wp-content\/uploads\/2023\/08\/6-donnees-non-structurees-dans-les-cellules.png\" sizes=\"auto, \" srcset=\"\" alt=\"dados n\u00e3o estruturados em c\u00e9lulas\" width=\"285\" height=\"306\"><\/figure><\/div><ol><li> Primeiro, selecione a coluna e expanda manualmente a largura da coluna para um n\u00edvel onde todos os valores possam ser cobertos. <br><img loading=\"lazy\" decoding=\"async\" title=\"Largura de 7 colunas de expans\u00e3o\" src=\"https:\/\/exceladvisor.org\/wp-content\/uploads\/2023\/08\/7-augmenter-la-largeur-de-la-colonne.png\" sizes=\"auto, \" srcset=\"\" alt=\"expand-the-column-width\" width=\"382\" height=\"241\"><\/li><li> Depois disso, basta pressionar \u201cAlt \u2192 H \u2192 O \u2192 A\u201d e voc\u00ea obter\u00e1 a altura da linha ajustada. <br><img loading=\"lazy\" decoding=\"async\" title=\"8 linhas com altura ajustada por ajuste autom\u00e1tico\" src=\"https:\/\/exceladvisor.org\/wp-content\/uploads\/2023\/08\/8-rangees-hauteur-ajustee-par-autofit.png\" sizes=\"auto, \" srcset=\"\" alt=\"rows-height-adjusted-by-autofit\" width=\"431\" height=\"223\"><\/li><\/ol><p> No caso acima, se voc\u00ea usar o atalho de c\u00e9lula AutoFit para ajustar automaticamente a largura da c\u00e9lula, ele n\u00e3o funcionar\u00e1 corretamente porque o ajuste autom\u00e1tico n\u00e3o funciona em c\u00e9lulas de texto quebradas.<\/p><p> Pode haver a possibilidade de ter um valor maior em qualquer c\u00e9lula de texto quebrado, por isso \u00e9 aconselh\u00e1vel expandir a coluna manualmente e depois usar o atalho AutoAjustar altura da linha.<\/p><div class=\"gb-container gb-container-2116538e gb-container-mt\"> <a class=\"gb-button gb-button-f7d2c131 gb-button-text gb-button-mt-button\" href=\"https:\/\/exceladvisor.org\/pt\/atalhos-do-teclado\/\">Atalhos de teclado do Excel<\/a><h2 class=\"gb-headline gb-headline-7ed68554 gb-headline-text gb-headline-mt-heading\"> Mais atalhos <\/h2><div class=\"gb-grid-wrapper gb-grid-wrapper-edeef538 gb-grid-wrapper-mt-grid\"><div class=\"gb-grid-column gb-grid-column-6ab6fbc6\"><div class=\"gb-container gb-container-6ab6fbc6\"><ul><li> <a href=\"https:\/\/exceladvisor.org\/pt\/abrir-opcoes-de-formato-de-celula\/\">Op\u00e7\u00e3o para abrir c\u00e9lulas de formato<\/a><\/li><li> <a href=\"https:\/\/exceladvisor.org\/pt\/formato-de-pintor-1\/\">Formato do pintor<\/a><\/li><li> <a href=\"https:\/\/exceladvisor.org\/pt\/quebrar-texto\/\">Quebrar texto<\/a><\/li><li> <a href=\"https:\/\/exceladvisor.org\/pt\/adicione-comentarios\/\">Adicione coment\u00e1rios<\/a> <\/li><\/ul><\/div><\/div><div class=\"gb-grid-column gb-grid-column-766d598b\"><div class=\"gb-container gb-container-766d598b\"><ul><li> <a href=\"https:\/\/exceladvisor.org\/pt\/adicione-um-recuo\/\">Adicionar um recuo<\/a><\/li><li> <a href=\"https:\/\/exceladvisor.org\/pt\/aplicar-fronteiras\/\">Aplicar borda<\/a><\/li><li> <a href=\"https:\/\/exceladvisor.org\/pt\/cor-de-preenchimento\/\">Cor de preenchimento<\/a><\/li><\/ul><\/div><\/div><\/div><\/div>","protected":false},"excerpt":{"rendered":"","protected":false},"author":1,"featured_media":0,"parent":0,"menu_order":0,"comment_status":"open","ping_status":"closed","template":"","meta":{"ub_ctt_via":"","footnotes":""},"class_list":["post-726","page","type-page","status-publish","hentry"],"featured_image_src":null,"yoast_head":"<!-- This site is optimized with the Yoast SEO plugin v25.4 - https:\/\/yoast.com\/wordpress\/plugins\/seo\/ -->\n<title>Como ajustar automaticamente o texto por meio de uma f\u00f3rmula do Excel?<\/title>\n<meta name=\"description\" content=\"Neste tutorial, aprenderemos como usar um atalho de teclado para ajustar automaticamente linhas e colunas no Excel.\" \/>\n<meta name=\"robots\" content=\"index, follow, max-snippet:-1, max-image-preview:large, max-video-preview:-1\" \/>\n<link rel=\"canonical\" href=\"https:\/\/exceladvisor.org\/pt\/ajuste-automatico\/\" \/>\n<meta property=\"og:locale\" content=\"pt_PT\" \/>\n<meta property=\"og:type\" content=\"article\" \/>\n<meta property=\"og:title\" content=\"Como ajustar automaticamente o texto por meio de uma f\u00f3rmula do Excel?\" \/>\n<meta property=\"og:description\" content=\"Neste tutorial, aprenderemos como usar um atalho de teclado para ajustar automaticamente linhas e colunas no Excel.\" \/>\n<meta property=\"og:url\" content=\"https:\/\/exceladvisor.org\/pt\/ajuste-automatico\/\" \/>\n<meta property=\"og:site_name\" content=\"Excel Advisor\" \/>\n<meta property=\"article:modified_time\" content=\"2023-12-06T11:34:24+00:00\" \/>\n<meta property=\"og:image\" content=\"https:\/\/exceladvisor.org\/wp-content\/uploads\/2023\/08\/1-valeurs-debordees.png\" \/>\n<meta name=\"twitter:card\" content=\"summary_large_image\" \/>\n<meta name=\"twitter:label1\" content=\"Tempo estimado de leitura\" \/>\n\t<meta name=\"twitter:data1\" content=\"2 minutos\" \/>\n<script type=\"application\/ld+json\" class=\"yoast-schema-graph\">{\"@context\":\"https:\/\/schema.org\",\"@graph\":[{\"@type\":\"WebPage\",\"@id\":\"https:\/\/exceladvisor.org\/pt\/ajuste-automatico\/\",\"url\":\"https:\/\/exceladvisor.org\/pt\/ajuste-automatico\/\",\"name\":\"Como ajustar automaticamente o texto por meio de uma f\u00f3rmula do Excel?\",\"isPartOf\":{\"@id\":\"https:\/\/exceladvisor.org\/pt\/#website\"},\"primaryImageOfPage\":{\"@id\":\"https:\/\/exceladvisor.org\/pt\/ajuste-automatico\/#primaryimage\"},\"image\":{\"@id\":\"https:\/\/exceladvisor.org\/pt\/ajuste-automatico\/#primaryimage\"},\"thumbnailUrl\":\"https:\/\/exceladvisor.org\/wp-content\/uploads\/2023\/08\/1-valeurs-debordees.png\",\"datePublished\":\"2023-09-25T06:25:20+00:00\",\"dateModified\":\"2023-12-06T11:34:24+00:00\",\"description\":\"Neste tutorial, aprenderemos como usar um atalho de teclado para ajustar automaticamente linhas e colunas no Excel.\",\"breadcrumb\":{\"@id\":\"https:\/\/exceladvisor.org\/pt\/ajuste-automatico\/#breadcrumb\"},\"inLanguage\":\"pt-PT\",\"potentialAction\":[{\"@type\":\"ReadAction\",\"target\":[\"https:\/\/exceladvisor.org\/pt\/ajuste-automatico\/\"]}]},{\"@type\":\"ImageObject\",\"inLanguage\":\"pt-PT\",\"@id\":\"https:\/\/exceladvisor.org\/pt\/ajuste-automatico\/#primaryimage\",\"url\":\"https:\/\/exceladvisor.org\/wp-content\/uploads\/2023\/08\/1-valeurs-debordees.png\",\"contentUrl\":\"https:\/\/exceladvisor.org\/wp-content\/uploads\/2023\/08\/1-valeurs-debordees.png\"},{\"@type\":\"BreadcrumbList\",\"@id\":\"https:\/\/exceladvisor.org\/pt\/ajuste-automatico\/#breadcrumb\",\"itemListElement\":[{\"@type\":\"ListItem\",\"position\":1,\"name\":\"Lar\",\"item\":\"https:\/\/exceladvisor.org\/pt\/\"},{\"@type\":\"ListItem\",\"position\":2,\"name\":\"Como ajustar automaticamente o texto por meio de uma f\u00f3rmula do excel?\"}]},{\"@type\":\"WebSite\",\"@id\":\"https:\/\/exceladvisor.org\/pt\/#website\",\"url\":\"https:\/\/exceladvisor.org\/pt\/\",\"name\":\"Excel Advisor\",\"description\":\"O seu guia definitivo para dominar os dados!\",\"publisher\":{\"@id\":\"https:\/\/exceladvisor.org\/pt\/#organization\"},\"potentialAction\":[{\"@type\":\"SearchAction\",\"target\":{\"@type\":\"EntryPoint\",\"urlTemplate\":\"https:\/\/exceladvisor.org\/pt\/?s={search_term_string}\"},\"query-input\":{\"@type\":\"PropertyValueSpecification\",\"valueRequired\":true,\"valueName\":\"search_term_string\"}}],\"inLanguage\":\"pt-PT\"},{\"@type\":\"Organization\",\"@id\":\"https:\/\/exceladvisor.org\/pt\/#organization\",\"name\":\"Excel Advisor\",\"url\":\"https:\/\/exceladvisor.org\/pt\/\",\"logo\":{\"@type\":\"ImageObject\",\"inLanguage\":\"pt-PT\",\"@id\":\"https:\/\/exceladvisor.org\/pt\/#\/schema\/logo\/image\/\",\"url\":\"https:\/\/exceladvisor.org\/pt\/wp-content\/uploads\/2023\/12\/exceladvisor.org_.png\",\"contentUrl\":\"https:\/\/exceladvisor.org\/pt\/wp-content\/uploads\/2023\/12\/exceladvisor.org_.png\",\"width\":105,\"height\":36,\"caption\":\"Excel Advisor\"},\"image\":{\"@id\":\"https:\/\/exceladvisor.org\/pt\/#\/schema\/logo\/image\/\"}}]}<\/script>\n<!-- \/ Yoast SEO plugin. -->","yoast_head_json":{"title":"Como ajustar automaticamente o texto por meio de uma f\u00f3rmula do Excel?","description":"Neste tutorial, aprenderemos como usar um atalho de teclado para ajustar automaticamente linhas e colunas no Excel.","robots":{"index":"index","follow":"follow","max-snippet":"max-snippet:-1","max-image-preview":"max-image-preview:large","max-video-preview":"max-video-preview:-1"},"canonical":"https:\/\/exceladvisor.org\/pt\/ajuste-automatico\/","og_locale":"pt_PT","og_type":"article","og_title":"Como ajustar automaticamente o texto por meio de uma f\u00f3rmula do Excel?","og_description":"Neste tutorial, aprenderemos como usar um atalho de teclado para ajustar automaticamente linhas e colunas no Excel.","og_url":"https:\/\/exceladvisor.org\/pt\/ajuste-automatico\/","og_site_name":"Excel Advisor","article_modified_time":"2023-12-06T11:34:24+00:00","og_image":[{"url":"https:\/\/exceladvisor.org\/wp-content\/uploads\/2023\/08\/1-valeurs-debordees.png","type":"","width":"","height":""}],"twitter_card":"summary_large_image","twitter_misc":{"Tempo estimado de leitura":"2 minutos"},"schema":{"@context":"https:\/\/schema.org","@graph":[{"@type":"WebPage","@id":"https:\/\/exceladvisor.org\/pt\/ajuste-automatico\/","url":"https:\/\/exceladvisor.org\/pt\/ajuste-automatico\/","name":"Como ajustar automaticamente o texto por meio de uma f\u00f3rmula do Excel?","isPartOf":{"@id":"https:\/\/exceladvisor.org\/pt\/#website"},"primaryImageOfPage":{"@id":"https:\/\/exceladvisor.org\/pt\/ajuste-automatico\/#primaryimage"},"image":{"@id":"https:\/\/exceladvisor.org\/pt\/ajuste-automatico\/#primaryimage"},"thumbnailUrl":"https:\/\/exceladvisor.org\/wp-content\/uploads\/2023\/08\/1-valeurs-debordees.png","datePublished":"2023-09-25T06:25:20+00:00","dateModified":"2023-12-06T11:34:24+00:00","description":"Neste tutorial, aprenderemos como usar um atalho de teclado para ajustar automaticamente linhas e colunas no Excel.","breadcrumb":{"@id":"https:\/\/exceladvisor.org\/pt\/ajuste-automatico\/#breadcrumb"},"inLanguage":"pt-PT","potentialAction":[{"@type":"ReadAction","target":["https:\/\/exceladvisor.org\/pt\/ajuste-automatico\/"]}]},{"@type":"ImageObject","inLanguage":"pt-PT","@id":"https:\/\/exceladvisor.org\/pt\/ajuste-automatico\/#primaryimage","url":"https:\/\/exceladvisor.org\/wp-content\/uploads\/2023\/08\/1-valeurs-debordees.png","contentUrl":"https:\/\/exceladvisor.org\/wp-content\/uploads\/2023\/08\/1-valeurs-debordees.png"},{"@type":"BreadcrumbList","@id":"https:\/\/exceladvisor.org\/pt\/ajuste-automatico\/#breadcrumb","itemListElement":[{"@type":"ListItem","position":1,"name":"Lar","item":"https:\/\/exceladvisor.org\/pt\/"},{"@type":"ListItem","position":2,"name":"Como ajustar automaticamente o texto por meio de uma f\u00f3rmula do excel?"}]},{"@type":"WebSite","@id":"https:\/\/exceladvisor.org\/pt\/#website","url":"https:\/\/exceladvisor.org\/pt\/","name":"Excel Advisor","description":"O seu guia definitivo para dominar os dados!","publisher":{"@id":"https:\/\/exceladvisor.org\/pt\/#organization"},"potentialAction":[{"@type":"SearchAction","target":{"@type":"EntryPoint","urlTemplate":"https:\/\/exceladvisor.org\/pt\/?s={search_term_string}"},"query-input":{"@type":"PropertyValueSpecification","valueRequired":true,"valueName":"search_term_string"}}],"inLanguage":"pt-PT"},{"@type":"Organization","@id":"https:\/\/exceladvisor.org\/pt\/#organization","name":"Excel Advisor","url":"https:\/\/exceladvisor.org\/pt\/","logo":{"@type":"ImageObject","inLanguage":"pt-PT","@id":"https:\/\/exceladvisor.org\/pt\/#\/schema\/logo\/image\/","url":"https:\/\/exceladvisor.org\/pt\/wp-content\/uploads\/2023\/12\/exceladvisor.org_.png","contentUrl":"https:\/\/exceladvisor.org\/pt\/wp-content\/uploads\/2023\/12\/exceladvisor.org_.png","width":105,"height":36,"caption":"Excel Advisor"},"image":{"@id":"https:\/\/exceladvisor.org\/pt\/#\/schema\/logo\/image\/"}}]}},"yoast_meta":{"yoast_wpseo_title":"","yoast_wpseo_metadesc":"","yoast_wpseo_canonical":""},"_links":{"self":[{"href":"https:\/\/exceladvisor.org\/pt\/wp-json\/wp\/v2\/pages\/726","targetHints":{"allow":["GET"]}}],"collection":[{"href":"https:\/\/exceladvisor.org\/pt\/wp-json\/wp\/v2\/pages"}],"about":[{"href":"https:\/\/exceladvisor.org\/pt\/wp-json\/wp\/v2\/types\/page"}],"author":[{"embeddable":true,"href":"https:\/\/exceladvisor.org\/pt\/wp-json\/wp\/v2\/users\/1"}],"replies":[{"embeddable":true,"href":"https:\/\/exceladvisor.org\/pt\/wp-json\/wp\/v2\/comments?post=726"}],"version-history":[{"count":1,"href":"https:\/\/exceladvisor.org\/pt\/wp-json\/wp\/v2\/pages\/726\/revisions"}],"predecessor-version":[{"id":823,"href":"https:\/\/exceladvisor.org\/pt\/wp-json\/wp\/v2\/pages\/726\/revisions\/823"}],"wp:attachment":[{"href":"https:\/\/exceladvisor.org\/pt\/wp-json\/wp\/v2\/media?parent=726"}],"curies":[{"name":"wp","href":"https:\/\/api.w.org\/{rel}","templated":true}]}}