{"id":729,"date":"2023-09-25T02:50:51","date_gmt":"2023-09-25T02:50:51","guid":{"rendered":"https:\/\/exceladvisor.org\/pt\/marca-de-selecao-1\/"},"modified":"2023-12-06T11:38:15","modified_gmt":"2023-12-06T11:38:15","slug":"marca-de-selecao-1","status":"publish","type":"page","link":"https:\/\/exceladvisor.org\/pt\/marca-de-selecao-1\/","title":{"rendered":"Como inserir uma marca de sele\u00e7\u00e3o usando o atalho do excel?"},"content":{"rendered":"<div class=\"excel-before-content-2\" id=\"excel-517854671\"><script type=\"text\/javascript\">\r\n\tatOptions = {\r\n\t\t'key' : 'c1158f160081d6540a8409e6925dab94',\r\n\t\t'format' : 'iframe',\r\n\t\t'height' : 250,\r\n\t\t'width' : 300,\r\n\t\t'params' : {}\r\n\t};\r\n<\/script>\r\n<script type=\"text\/javascript\" src=\"\/\/www.highperformanceformat.com\/c1158f160081d6540a8409e6925dab94\/invoke.js\"><\/script><\/div><div class=\"excel-before-content\" id=\"excel-1835878410\"><script type=\"text\/javascript\">\r\n\tatOptions = {\r\n\t\t'key' : 'c1158f160081d6540a8409e6925dab94',\r\n\t\t'format' : 'iframe',\r\n\t\t'height' : 250,\r\n\t\t'width' : 300,\r\n\t\t'params' : {}\r\n\t};\r\n<\/script>\r\n<script type=\"text\/javascript\" src=\"\/\/www.highperformanceformat.com\/c1158f160081d6540a8409e6925dab94\/invoke.js\"><\/script><\/div> <p>Uma marca de sele\u00e7\u00e3o \u00e9 comumente usada no Excel para indicar se a tarefa foi conclu\u00edda ou n\u00e3o. Os usu\u00e1rios podem inserir o s\u00edmbolo de marca de sele\u00e7\u00e3o no Excel em vez de digitar \u201cSim\u201d para indicar as tarefas realizadas ou conclu\u00eddas na lista fornecida.<\/p><p> Existem v\u00e1rias maneiras de inserir uma marca de sele\u00e7\u00e3o, mas a melhor maneira de inserir a marca de sele\u00e7\u00e3o \u00e9 usar o atalho do teclado.<\/p><h2 class=\"wp-block-heading\"> Tecla de atalho para caixa de sele\u00e7\u00e3o no Excel<\/h2><p> <kbd>Alt<\/kbd> + <kbd>0<\/kbd> \u21e2 <kbd>2<\/kbd> \u21e2 <kbd>5<\/kbd> \u21e2 <kbd>2<\/kbd> <\/p><div class=\"wp-block-image\"><figure class=\"aligncenter size-full is-resized\"><img loading=\"lazy\" decoding=\"async\" class=\"wp-image-69413\" src=\"https:\/\/exceladvisor.org\/wp-content\/uploads\/2023\/08\/1-coche-de-raccourci-clavier.png\" sizes=\"auto, \" srcset=\"\" alt=\"marca de sele\u00e7\u00e3o de atalho de teclado\" width=\"739\" height=\"290\"><\/figure><\/div><p> <kbd>Mudan\u00e7a<\/kbd> + <kbd>P<\/kbd> <\/p><div class=\"wp-block-image\"><figure class=\"aligncenter size-full is-resized\"><img loading=\"lazy\" decoding=\"async\" class=\"wp-image-69414\" src=\"https:\/\/exceladvisor.org\/wp-content\/uploads\/2023\/08\/2-coche-raccourci-clavier.png\" sizes=\"auto, \" srcset=\"\" alt=\"marca de verifica\u00e7\u00e3o - atalho de teclado\" width=\"746\" height=\"292\"><\/figure><\/div><h2 class=\"wp-block-heading\"> Etapas para inserir uma marca de sele\u00e7\u00e3o usando um atalho de teclado<\/h2><ol><li> Primeiro, navegue at\u00e9 a c\u00e9lula onde deseja inserir o s\u00edmbolo da marca de sele\u00e7\u00e3o.<\/li><li> Depois disso, v\u00e1 para a guia In\u00edcio e no grupo Fonte, altere o estilo da fonte para fonte Wingdings.<\/li><li> Agora mantenha pressionada a tecla <kbd>Alt<\/kbd> e pressione <kbd>0<\/kbd> \u21e2 <kbd>2<\/kbd> \u21e2 <kbd>5<\/kbd> \u21e2 <kbd>2 e,<\/kbd> em seguida, solte a <kbd>tecla Alt<\/kbd> .<\/li><li> Ou v\u00e1 para a c\u00e9lula e pressione <kbd>Shift<\/kbd> + <kbd>P<\/kbd> , v\u00e1 para o grupo Fonte e selecione o estilo de fonte Wingdings 2.<\/li><li> Neste ponto, voc\u00ea obter\u00e1 o s\u00edmbolo da marca de sele\u00e7\u00e3o inserido na c\u00e9lula. <\/li><\/ol><div class=\"wp-block-image\"><figure class=\"aligncenter size-full is-resized\"><img loading=\"lazy\" decoding=\"async\" class=\"wp-image-69415\" src=\"https:\/\/exceladvisor.org\/wp-content\/uploads\/2023\/08\/3-symbole-de-coche.png\" sizes=\"auto, \" srcset=\"\" alt=\"s\u00edmbolo de marca de sele\u00e7\u00e3o\" width=\"461\" height=\"261\"><\/figure><\/div><h2 class=\"wp-block-heading\"> Aprendizado<\/h2><ol><li> Para <a href=\"https:\/\/exceladvisor.org\/pt\/marca-de-verificacao-2\/\" data-wpil=\"url\">inserir uma marca de sele\u00e7\u00e3o<\/a> , o <a href=\"https:\/\/exceladvisor.org\/pt\/fonte-padrao\/\">estilo da fonte<\/a> da c\u00e9lula deve ser selecionado como Wingdings se voc\u00ea for usar <kbd>Alt<\/kbd> + <kbd>0<\/kbd> \u21e2 <kbd>2<\/kbd> \u21e2 <kbd>5<\/kbd> \u21e2 <kbd>2<\/kbd> .<\/li><li> Se voc\u00ea for usar a op\u00e7\u00e3o de atalho <kbd>Shift<\/kbd> + <kbd>P<\/kbd> , a fonte dever\u00e1 ser Wingdings 2.<\/li><li> Seja usando teclas manuais ou teclas de atalho, as marcas de sele\u00e7\u00e3o s\u00f3 podem ser inseridas em uma c\u00e9lula por vez.<\/li><li> Voc\u00ea tamb\u00e9m pode aplicar o atalho da marca de sele\u00e7\u00e3o primeiro e depois alterar o estilo da fonte.<\/li><li> Se quiser inserir o s\u00edmbolo da marca de sele\u00e7\u00e3o em outras c\u00e9lulas, basta copiar e colar e ele ser\u00e1 colado.<\/li><\/ol><div class=\"gb-container gb-container-2116538e gb-container-mt\"> <a class=\"gb-button gb-button-f7d2c131 gb-button-text gb-button-mt-button\" href=\"https:\/\/exceladvisor.org\/pt\/atalhos-do-teclado\/\">Atalhos de teclado do Excel PDF<\/a><h2 class=\"gb-headline gb-headline-7ed68554 gb-headline-text gb-headline-mt-heading\"> Mais atalhos <\/h2><div class=\"gb-grid-wrapper gb-grid-wrapper-edeef538 gb-grid-wrapper-mt-grid\"><div class=\"gb-grid-column gb-grid-column-6ab6fbc6\"><div class=\"gb-container gb-container-6ab6fbc6\"><ul><li> <a href=\"https:\/\/exceladvisor.org\/pt\/barra-1\/\">Haste<\/a><\/li><li> <a href=\"https:\/\/exceladvisor.org\/pt\/indice-2\/\">Dica<\/a><\/li><li> <a href=\"https:\/\/exceladvisor.org\/pt\/expoente\/\">Expositor<\/a><\/li><li> <a href=\"https:\/\/exceladvisor.org\/pt\/alinhar-centro\/\">Alinhar centro<\/a> <\/li><\/ul><\/div><\/div><div class=\"gb-grid-column gb-grid-column-766d598b\"><div class=\"gb-container gb-container-766d598b\"><ul><li> <a href=\"https:\/\/exceladvisor.org\/pt\/formato-de-moeda\/\">Aplicar formato de moeda<\/a><\/li><li> Porcentagem de formato<\/li><li> <a href=\"https:\/\/exceladvisor.org\/pt\/formato-de-data\/\">Aplicar formato de data<\/a><\/li><li> <a href=\"https:\/\/exceladvisor.org\/pt\/formato-de-hora\/\">Aplicar formato de hora<\/a><\/li><\/ul><\/div><\/div><\/div><\/div>","protected":false},"excerpt":{"rendered":"","protected":false},"author":1,"featured_media":0,"parent":0,"menu_order":0,"comment_status":"open","ping_status":"closed","template":"","meta":{"ub_ctt_via":"","footnotes":""},"class_list":["post-729","page","type-page","status-publish","hentry"],"featured_image_src":null,"yoast_head":"<!-- This site is optimized with the Yoast SEO plugin v25.4 - https:\/\/yoast.com\/wordpress\/plugins\/seo\/ -->\n<title>\u25b7 Como inserir uma marca de sele\u00e7\u00e3o usando o atalho do Excel?<\/title>\n<meta name=\"description\" content=\"Neste tutorial, voc\u00ea aprender\u00e1 como usar um atalho de teclado para aplicar uma marca de sele\u00e7\u00e3o no Excel. Agora este atalho de teclado\" \/>\n<meta name=\"robots\" content=\"index, follow, max-snippet:-1, max-image-preview:large, max-video-preview:-1\" \/>\n<link rel=\"canonical\" href=\"https:\/\/exceladvisor.org\/pt\/marca-de-selecao-1\/\" \/>\n<meta property=\"og:locale\" content=\"pt_PT\" \/>\n<meta property=\"og:type\" content=\"article\" \/>\n<meta property=\"og:title\" content=\"\u25b7 Como inserir uma marca de sele\u00e7\u00e3o usando o atalho do Excel?\" \/>\n<meta property=\"og:description\" content=\"Neste tutorial, voc\u00ea aprender\u00e1 como usar um atalho de teclado para aplicar uma marca de sele\u00e7\u00e3o no Excel. Agora este atalho de teclado\" \/>\n<meta property=\"og:url\" content=\"https:\/\/exceladvisor.org\/pt\/marca-de-selecao-1\/\" \/>\n<meta property=\"og:site_name\" content=\"Excel Advisor\" \/>\n<meta property=\"article:modified_time\" content=\"2023-12-06T11:38:15+00:00\" \/>\n<meta property=\"og:image\" content=\"https:\/\/exceladvisor.org\/wp-content\/uploads\/2023\/08\/1-coche-de-raccourci-clavier.png\" \/>\n<meta name=\"twitter:card\" content=\"summary_large_image\" \/>\n<meta name=\"twitter:label1\" content=\"Tempo estimado de leitura\" \/>\n\t<meta name=\"twitter:data1\" content=\"2 minutos\" \/>\n<script type=\"application\/ld+json\" class=\"yoast-schema-graph\">{\"@context\":\"https:\/\/schema.org\",\"@graph\":[{\"@type\":\"WebPage\",\"@id\":\"https:\/\/exceladvisor.org\/pt\/marca-de-selecao-1\/\",\"url\":\"https:\/\/exceladvisor.org\/pt\/marca-de-selecao-1\/\",\"name\":\"\u25b7 Como inserir uma marca de sele\u00e7\u00e3o usando o atalho do Excel?\",\"isPartOf\":{\"@id\":\"https:\/\/exceladvisor.org\/pt\/#website\"},\"primaryImageOfPage\":{\"@id\":\"https:\/\/exceladvisor.org\/pt\/marca-de-selecao-1\/#primaryimage\"},\"image\":{\"@id\":\"https:\/\/exceladvisor.org\/pt\/marca-de-selecao-1\/#primaryimage\"},\"thumbnailUrl\":\"https:\/\/exceladvisor.org\/wp-content\/uploads\/2023\/08\/1-coche-de-raccourci-clavier.png\",\"datePublished\":\"2023-09-25T02:50:51+00:00\",\"dateModified\":\"2023-12-06T11:38:15+00:00\",\"description\":\"Neste tutorial, voc\u00ea aprender\u00e1 como usar um atalho de teclado para aplicar uma marca de sele\u00e7\u00e3o no Excel. Agora este atalho de teclado\",\"breadcrumb\":{\"@id\":\"https:\/\/exceladvisor.org\/pt\/marca-de-selecao-1\/#breadcrumb\"},\"inLanguage\":\"pt-PT\",\"potentialAction\":[{\"@type\":\"ReadAction\",\"target\":[\"https:\/\/exceladvisor.org\/pt\/marca-de-selecao-1\/\"]}]},{\"@type\":\"ImageObject\",\"inLanguage\":\"pt-PT\",\"@id\":\"https:\/\/exceladvisor.org\/pt\/marca-de-selecao-1\/#primaryimage\",\"url\":\"https:\/\/exceladvisor.org\/wp-content\/uploads\/2023\/08\/1-coche-de-raccourci-clavier.png\",\"contentUrl\":\"https:\/\/exceladvisor.org\/wp-content\/uploads\/2023\/08\/1-coche-de-raccourci-clavier.png\"},{\"@type\":\"BreadcrumbList\",\"@id\":\"https:\/\/exceladvisor.org\/pt\/marca-de-selecao-1\/#breadcrumb\",\"itemListElement\":[{\"@type\":\"ListItem\",\"position\":1,\"name\":\"Lar\",\"item\":\"https:\/\/exceladvisor.org\/pt\/\"},{\"@type\":\"ListItem\",\"position\":2,\"name\":\"Como inserir uma marca de sele\u00e7\u00e3o usando o atalho do excel?\"}]},{\"@type\":\"WebSite\",\"@id\":\"https:\/\/exceladvisor.org\/pt\/#website\",\"url\":\"https:\/\/exceladvisor.org\/pt\/\",\"name\":\"Excel Advisor\",\"description\":\"O seu guia definitivo para dominar os dados!\",\"publisher\":{\"@id\":\"https:\/\/exceladvisor.org\/pt\/#organization\"},\"potentialAction\":[{\"@type\":\"SearchAction\",\"target\":{\"@type\":\"EntryPoint\",\"urlTemplate\":\"https:\/\/exceladvisor.org\/pt\/?s={search_term_string}\"},\"query-input\":{\"@type\":\"PropertyValueSpecification\",\"valueRequired\":true,\"valueName\":\"search_term_string\"}}],\"inLanguage\":\"pt-PT\"},{\"@type\":\"Organization\",\"@id\":\"https:\/\/exceladvisor.org\/pt\/#organization\",\"name\":\"Excel Advisor\",\"url\":\"https:\/\/exceladvisor.org\/pt\/\",\"logo\":{\"@type\":\"ImageObject\",\"inLanguage\":\"pt-PT\",\"@id\":\"https:\/\/exceladvisor.org\/pt\/#\/schema\/logo\/image\/\",\"url\":\"https:\/\/exceladvisor.org\/pt\/wp-content\/uploads\/2023\/12\/exceladvisor.org_.png\",\"contentUrl\":\"https:\/\/exceladvisor.org\/pt\/wp-content\/uploads\/2023\/12\/exceladvisor.org_.png\",\"width\":105,\"height\":36,\"caption\":\"Excel Advisor\"},\"image\":{\"@id\":\"https:\/\/exceladvisor.org\/pt\/#\/schema\/logo\/image\/\"}}]}<\/script>\n<!-- \/ Yoast SEO plugin. -->","yoast_head_json":{"title":"\u25b7 Como inserir uma marca de sele\u00e7\u00e3o usando o atalho do Excel?","description":"Neste tutorial, voc\u00ea aprender\u00e1 como usar um atalho de teclado para aplicar uma marca de sele\u00e7\u00e3o no Excel. Agora este atalho de teclado","robots":{"index":"index","follow":"follow","max-snippet":"max-snippet:-1","max-image-preview":"max-image-preview:large","max-video-preview":"max-video-preview:-1"},"canonical":"https:\/\/exceladvisor.org\/pt\/marca-de-selecao-1\/","og_locale":"pt_PT","og_type":"article","og_title":"\u25b7 Como inserir uma marca de sele\u00e7\u00e3o usando o atalho do Excel?","og_description":"Neste tutorial, voc\u00ea aprender\u00e1 como usar um atalho de teclado para aplicar uma marca de sele\u00e7\u00e3o no Excel. Agora este atalho de teclado","og_url":"https:\/\/exceladvisor.org\/pt\/marca-de-selecao-1\/","og_site_name":"Excel Advisor","article_modified_time":"2023-12-06T11:38:15+00:00","og_image":[{"url":"https:\/\/exceladvisor.org\/wp-content\/uploads\/2023\/08\/1-coche-de-raccourci-clavier.png","type":"","width":"","height":""}],"twitter_card":"summary_large_image","twitter_misc":{"Tempo estimado de leitura":"2 minutos"},"schema":{"@context":"https:\/\/schema.org","@graph":[{"@type":"WebPage","@id":"https:\/\/exceladvisor.org\/pt\/marca-de-selecao-1\/","url":"https:\/\/exceladvisor.org\/pt\/marca-de-selecao-1\/","name":"\u25b7 Como inserir uma marca de sele\u00e7\u00e3o usando o atalho do Excel?","isPartOf":{"@id":"https:\/\/exceladvisor.org\/pt\/#website"},"primaryImageOfPage":{"@id":"https:\/\/exceladvisor.org\/pt\/marca-de-selecao-1\/#primaryimage"},"image":{"@id":"https:\/\/exceladvisor.org\/pt\/marca-de-selecao-1\/#primaryimage"},"thumbnailUrl":"https:\/\/exceladvisor.org\/wp-content\/uploads\/2023\/08\/1-coche-de-raccourci-clavier.png","datePublished":"2023-09-25T02:50:51+00:00","dateModified":"2023-12-06T11:38:15+00:00","description":"Neste tutorial, voc\u00ea aprender\u00e1 como usar um atalho de teclado para aplicar uma marca de sele\u00e7\u00e3o no Excel. Agora este atalho de teclado","breadcrumb":{"@id":"https:\/\/exceladvisor.org\/pt\/marca-de-selecao-1\/#breadcrumb"},"inLanguage":"pt-PT","potentialAction":[{"@type":"ReadAction","target":["https:\/\/exceladvisor.org\/pt\/marca-de-selecao-1\/"]}]},{"@type":"ImageObject","inLanguage":"pt-PT","@id":"https:\/\/exceladvisor.org\/pt\/marca-de-selecao-1\/#primaryimage","url":"https:\/\/exceladvisor.org\/wp-content\/uploads\/2023\/08\/1-coche-de-raccourci-clavier.png","contentUrl":"https:\/\/exceladvisor.org\/wp-content\/uploads\/2023\/08\/1-coche-de-raccourci-clavier.png"},{"@type":"BreadcrumbList","@id":"https:\/\/exceladvisor.org\/pt\/marca-de-selecao-1\/#breadcrumb","itemListElement":[{"@type":"ListItem","position":1,"name":"Lar","item":"https:\/\/exceladvisor.org\/pt\/"},{"@type":"ListItem","position":2,"name":"Como inserir uma marca de sele\u00e7\u00e3o usando o atalho do excel?"}]},{"@type":"WebSite","@id":"https:\/\/exceladvisor.org\/pt\/#website","url":"https:\/\/exceladvisor.org\/pt\/","name":"Excel Advisor","description":"O seu guia definitivo para dominar os dados!","publisher":{"@id":"https:\/\/exceladvisor.org\/pt\/#organization"},"potentialAction":[{"@type":"SearchAction","target":{"@type":"EntryPoint","urlTemplate":"https:\/\/exceladvisor.org\/pt\/?s={search_term_string}"},"query-input":{"@type":"PropertyValueSpecification","valueRequired":true,"valueName":"search_term_string"}}],"inLanguage":"pt-PT"},{"@type":"Organization","@id":"https:\/\/exceladvisor.org\/pt\/#organization","name":"Excel Advisor","url":"https:\/\/exceladvisor.org\/pt\/","logo":{"@type":"ImageObject","inLanguage":"pt-PT","@id":"https:\/\/exceladvisor.org\/pt\/#\/schema\/logo\/image\/","url":"https:\/\/exceladvisor.org\/pt\/wp-content\/uploads\/2023\/12\/exceladvisor.org_.png","contentUrl":"https:\/\/exceladvisor.org\/pt\/wp-content\/uploads\/2023\/12\/exceladvisor.org_.png","width":105,"height":36,"caption":"Excel Advisor"},"image":{"@id":"https:\/\/exceladvisor.org\/pt\/#\/schema\/logo\/image\/"}}]}},"yoast_meta":{"yoast_wpseo_title":"","yoast_wpseo_metadesc":"","yoast_wpseo_canonical":""},"_links":{"self":[{"href":"https:\/\/exceladvisor.org\/pt\/wp-json\/wp\/v2\/pages\/729","targetHints":{"allow":["GET"]}}],"collection":[{"href":"https:\/\/exceladvisor.org\/pt\/wp-json\/wp\/v2\/pages"}],"about":[{"href":"https:\/\/exceladvisor.org\/pt\/wp-json\/wp\/v2\/types\/page"}],"author":[{"embeddable":true,"href":"https:\/\/exceladvisor.org\/pt\/wp-json\/wp\/v2\/users\/1"}],"replies":[{"embeddable":true,"href":"https:\/\/exceladvisor.org\/pt\/wp-json\/wp\/v2\/comments?post=729"}],"version-history":[{"count":1,"href":"https:\/\/exceladvisor.org\/pt\/wp-json\/wp\/v2\/pages\/729\/revisions"}],"predecessor-version":[{"id":1108,"href":"https:\/\/exceladvisor.org\/pt\/wp-json\/wp\/v2\/pages\/729\/revisions\/1108"}],"wp:attachment":[{"href":"https:\/\/exceladvisor.org\/pt\/wp-json\/wp\/v2\/media?parent=729"}],"curies":[{"name":"wp","href":"https:\/\/api.w.org\/{rel}","templated":true}]}}