{"id":73,"date":"2023-11-17T10:05:20","date_gmt":"2023-11-17T10:05:20","guid":{"rendered":"https:\/\/exceladvisor.org\/pt\/verifique-a-pasta-de-trabalho-aberta\/"},"modified":"2023-12-06T11:50:31","modified_gmt":"2023-12-06T11:50:31","slug":"verifique-a-pasta-de-trabalho-aberta","status":"publish","type":"page","link":"https:\/\/exceladvisor.org\/pt\/verifique-a-pasta-de-trabalho-aberta\/","title":{"rendered":"Como verificar se uma pasta de trabalho est\u00e1 aberta via vba?"},"content":{"rendered":"<div class=\"excel-before-content-2\" id=\"excel-3882241991\"><script type=\"text\/javascript\">\r\n\tatOptions = {\r\n\t\t'key' : 'c1158f160081d6540a8409e6925dab94',\r\n\t\t'format' : 'iframe',\r\n\t\t'height' : 250,\r\n\t\t'width' : 300,\r\n\t\t'params' : {}\r\n\t};\r\n<\/script>\r\n<script type=\"text\/javascript\" src=\"\/\/www.highperformanceformat.com\/c1158f160081d6540a8409e6925dab94\/invoke.js\"><\/script><\/div><div class=\"excel-before-content\" id=\"excel-1785297092\"><script type=\"text\/javascript\">\r\n\tatOptions = {\r\n\t\t'key' : 'c1158f160081d6540a8409e6925dab94',\r\n\t\t'format' : 'iframe',\r\n\t\t'height' : 250,\r\n\t\t'width' : 300,\r\n\t\t'params' : {}\r\n\t};\r\n<\/script>\r\n<script type=\"text\/javascript\" src=\"\/\/www.highperformanceformat.com\/c1158f160081d6540a8409e6925dab94\/invoke.js\"><\/script><\/div> <p>Para verificar se uma pasta de trabalho est\u00e1 aberta usando qualquer c\u00f3digo VBA, voc\u00ea precisa usar o loop <a href=\"https:\/\/exceladvisor.org\/pt\/para-o-circuito\/\">FOR EACH<\/a> , que pode percorrer todas as pastas de trabalho abertas no momento e verificar o nome de cada pasta de trabalho com o nome que voc\u00ea mencionou. Voc\u00ea pode usar uma <a href=\"https:\/\/exceladvisor.org\/pt\/caixa-de-mensagens-vba\/\">caixa de mensagem<\/a> para obter o resultado do loop. Ou voc\u00ea tamb\u00e9m pode fazer o c\u00f3digo para inserir o resultado em uma c\u00e9lula.<\/p><h2 class=\"wp-block-heading\"> Verifique SE uma APOSTILA EST\u00c1 ABERTA<\/h2><ol><li> Primeiro, voc\u00ea precisa <a href=\"https:\/\/exceladvisor.org\/pt\/variaveis\/\">declarar as vari\u00e1veis<\/a> a serem usadas no c\u00f3digo para criar um loop. <br><img loading=\"lazy\" decoding=\"async\" title=\"1-crie um loop\" src=\"https:\/\/exceladvisor.org\/wp-content\/uploads\/2023\/08\/1-creer-une-boucle.png\" sizes=\"auto, \" srcset=\"\" alt=\"create a loop\" width=\"365\" height=\"180\"><\/li><li> Use uma caixa de entrada para obter o nome da pasta de trabalho que voc\u00ea deseja pesquisar. <br><img loading=\"lazy\" decoding=\"async\" title=\"2-usa-uma-caixa de entrada\" src=\"https:\/\/exceladvisor.org\/wp-content\/uploads\/2023\/08\/2-utiliser-une-zone-de-saisie.png\" sizes=\"auto, \" srcset=\"\" alt=\"use an input box\" width=\"448\" height=\"172\"><\/li><li> Inicie o loop para percorrer todas as pastas de trabalho abertas. <br><img loading=\"lazy\" decoding=\"async\" title=\"3-start-loop-to-loop\" src=\"https:\/\/exceladvisor.org\/wp-content\/uploads\/2023\/08\/3-demarrer-la-boucle-a-boucle.png\" sizes=\"auto, \" srcset=\"\" alt=\"start the loop to loop\" width=\"451\" height=\"204\"><\/li><li> Escreva o c\u00f3digo com <a href=\"https:\/\/exceladvisor.org\/pt\/se-2\/\">IF STATEMENT<\/a> para verificar o nome da pasta de trabalho com o nome que voc\u00ea digitou na caixa de entrada e, quando o nome corresponder, ativa a pasta de trabalho, exibe uma caixa de mensagem informando que a pasta de trabalho foi encontrada e sai do procedimento. <br><img loading=\"lazy\" decoding=\"async\" title=\"4 c\u00f3digos com instru\u00e7\u00e3o if\" src=\"https:\/\/exceladvisor.org\/wp-content\/uploads\/2023\/08\/4-code-avec-instruction-if.png\" sizes=\"auto, \" srcset=\"\" alt=\"code with if statement\" width=\"436\" height=\"332\"><\/li><li> No final, complete o loop e use uma caixa de mensagem para exibir uma caixa de mensagem se nada for encontrado. <br><img loading=\"lazy\" decoding=\"async\" title=\"Caixa de mensagem 5-end-the-loop-and-use\" src=\"https:\/\/exceladvisor.org\/wp-content\/uploads\/2023\/08\/5-terminer-la-boucle-et-utiliser-une-boite-de-message.png\" sizes=\"auto, \" srcset=\"\" alt=\"end the loop and use a message box\" width=\"477\" height=\"332\"><\/li><\/ol><p class=\"content-box-grey\"><mark class=\"has-inline-color\" style=\"background-color: #ffdc1a;\"> <strong>Links \u00fateis:<\/strong> <a href=\"https:\/\/exceladvisor.org\/pt\/executar-uma-macro-2\/\">Executar uma macro<\/a> \u2013 <a href=\"https:\/\/exceladvisor.org\/pt\/gravar-uma-macro\/\">Gravador de macro<\/a> \u2013 <a href=\"https:\/\/exceladvisor.org\/pt\/editor-visual-basico\/\">Editor Visual Basic<\/a> \u2013 <a href=\"https:\/\/exceladvisor.org\/pt\/caderno-macro-pessoal\/\">Manual pessoal de macros<\/a><\/mark><\/p><p> Aqui est\u00e1 o c\u00f3digo completo.<\/p><pre class=\"wp-block-code\"> <code class=\"language-visual-basic\" lang=\"visual-basic\">Sub vba_check_workbook() Dim WB As Workbook Dim myWB As String myWB = InputBox(Prompt:=\"Enter the workbook name.\") For Each WB In Workbooks If WB.Name = myWB Then WB.Activate MsgBox \"Workbook Found!\" Exit Sub End If Next WB MsgBox \"Not Found\" End Sub<\/code><\/pre><div class=\"gb-container gb-container-4db6181c gb-container-mt\"> <a class=\"gb-button gb-button-c5897111 gb-button-text gb-button-mt-button\" href=\"https:\/\/exceladvisor.org\/pt\/vba\/\">O que \u00e9 VBA<\/a><h2 class=\"gb-headline gb-headline-665e5f6b gb-headline-text gb-headline-mt-heading\"> Tutoriais relacionados <\/h2><div class=\"gb-grid-wrapper gb-grid-wrapper-a20baf7c gb-grid-wrapper-mt-grid\"><div class=\"gb-grid-column gb-grid-column-65ddf67e\"><div class=\"gb-container gb-container-65ddf67e\"><ul><li> <a href=\"https:\/\/exceladvisor.org\/pt\/copiar-arquivo-excel\/\">Copie um arquivo Excel (pasta de trabalho) usando VBA<\/a><\/li><li> <a href=\"https:\/\/exceladvisor.org\/pt\/ativar-pasta-de-trabalho\/\">Pasta de trabalho de ativa\u00e7\u00e3o do VBA (arquivo Excel)<\/a><\/li><li> <a href=\"https:\/\/exceladvisor.org\/pt\/feche-a-pasta-de-trabalho\/\">Fechar pasta de trabalho do VBA (arquivo Excel)<\/a><\/li><li> <a href=\"https:\/\/exceladvisor.org\/pt\/combinar-pastas-de-trabalho\/\">Combinar pastas de trabalho VBA (arquivos Excel)<\/a><\/li><li> <a href=\"https:\/\/exceladvisor.org\/pt\/criar-uma-pasta-de-trabalho\/\">VBA Crie uma nova pasta de trabalho (arquivo Excel)<\/a> <\/li><\/ul><\/div><\/div><div class=\"gb-grid-column gb-grid-column-50067b57\"><div class=\"gb-container gb-container-50067b57\"><\/div><\/div><\/div><\/div>","protected":false},"excerpt":{"rendered":"","protected":false},"author":1,"featured_media":0,"parent":0,"menu_order":0,"comment_status":"open","ping_status":"closed","template":"","meta":{"ub_ctt_via":"","footnotes":""},"class_list":["post-73","page","type-page","status-publish","hentry"],"featured_image_src":null,"yoast_head":"<!-- This site is optimized with the Yoast SEO plugin v25.4 - https:\/\/yoast.com\/wordpress\/plugins\/seo\/ -->\n<title>Como verificar se uma pasta de trabalho est\u00e1 aberta via VBA no Excel?<\/title>\n<meta name=\"description\" content=\"Este tutorial ajuda voc\u00ea a aprender como usar o VBA para verificar se um determinado arquivo Excel est\u00e1 aberto e ap\u00f3s a verifica\u00e7\u00e3o ativ\u00e1-lo\" \/>\n<meta name=\"robots\" content=\"index, follow, max-snippet:-1, max-image-preview:large, max-video-preview:-1\" \/>\n<link rel=\"canonical\" href=\"https:\/\/exceladvisor.org\/pt\/verifique-a-pasta-de-trabalho-aberta\/\" \/>\n<meta property=\"og:locale\" content=\"pt_PT\" \/>\n<meta property=\"og:type\" content=\"article\" \/>\n<meta property=\"og:title\" content=\"Como verificar se uma pasta de trabalho est\u00e1 aberta via VBA no Excel?\" \/>\n<meta property=\"og:description\" content=\"Este tutorial ajuda voc\u00ea a aprender como usar o VBA para verificar se um determinado arquivo Excel est\u00e1 aberto e ap\u00f3s a verifica\u00e7\u00e3o ativ\u00e1-lo\" \/>\n<meta property=\"og:url\" content=\"https:\/\/exceladvisor.org\/pt\/verifique-a-pasta-de-trabalho-aberta\/\" \/>\n<meta property=\"og:site_name\" content=\"Excel Advisor\" \/>\n<meta property=\"article:modified_time\" content=\"2023-12-06T11:50:31+00:00\" \/>\n<meta property=\"og:image\" content=\"https:\/\/exceladvisor.org\/wp-content\/uploads\/2023\/08\/1-creer-une-boucle.png\" \/>\n<meta name=\"twitter:card\" content=\"summary_large_image\" \/>\n<meta name=\"twitter:label1\" content=\"Tempo estimado de leitura\" \/>\n\t<meta name=\"twitter:data1\" content=\"2 minutos\" \/>\n<script type=\"application\/ld+json\" class=\"yoast-schema-graph\">{\"@context\":\"https:\/\/schema.org\",\"@graph\":[{\"@type\":\"WebPage\",\"@id\":\"https:\/\/exceladvisor.org\/pt\/verifique-a-pasta-de-trabalho-aberta\/\",\"url\":\"https:\/\/exceladvisor.org\/pt\/verifique-a-pasta-de-trabalho-aberta\/\",\"name\":\"Como verificar se uma pasta de trabalho est\u00e1 aberta via VBA no Excel?\",\"isPartOf\":{\"@id\":\"https:\/\/exceladvisor.org\/pt\/#website\"},\"primaryImageOfPage\":{\"@id\":\"https:\/\/exceladvisor.org\/pt\/verifique-a-pasta-de-trabalho-aberta\/#primaryimage\"},\"image\":{\"@id\":\"https:\/\/exceladvisor.org\/pt\/verifique-a-pasta-de-trabalho-aberta\/#primaryimage\"},\"thumbnailUrl\":\"https:\/\/exceladvisor.org\/wp-content\/uploads\/2023\/08\/1-creer-une-boucle.png\",\"datePublished\":\"2023-11-17T10:05:20+00:00\",\"dateModified\":\"2023-12-06T11:50:31+00:00\",\"description\":\"Este tutorial ajuda voc\u00ea a aprender como usar o VBA para verificar se um determinado arquivo Excel est\u00e1 aberto e ap\u00f3s a verifica\u00e7\u00e3o ativ\u00e1-lo\",\"breadcrumb\":{\"@id\":\"https:\/\/exceladvisor.org\/pt\/verifique-a-pasta-de-trabalho-aberta\/#breadcrumb\"},\"inLanguage\":\"pt-PT\",\"potentialAction\":[{\"@type\":\"ReadAction\",\"target\":[\"https:\/\/exceladvisor.org\/pt\/verifique-a-pasta-de-trabalho-aberta\/\"]}]},{\"@type\":\"ImageObject\",\"inLanguage\":\"pt-PT\",\"@id\":\"https:\/\/exceladvisor.org\/pt\/verifique-a-pasta-de-trabalho-aberta\/#primaryimage\",\"url\":\"https:\/\/exceladvisor.org\/wp-content\/uploads\/2023\/08\/1-creer-une-boucle.png\",\"contentUrl\":\"https:\/\/exceladvisor.org\/wp-content\/uploads\/2023\/08\/1-creer-une-boucle.png\"},{\"@type\":\"BreadcrumbList\",\"@id\":\"https:\/\/exceladvisor.org\/pt\/verifique-a-pasta-de-trabalho-aberta\/#breadcrumb\",\"itemListElement\":[{\"@type\":\"ListItem\",\"position\":1,\"name\":\"Lar\",\"item\":\"https:\/\/exceladvisor.org\/pt\/\"},{\"@type\":\"ListItem\",\"position\":2,\"name\":\"Como verificar se uma pasta de trabalho est\u00e1 aberta via vba?\"}]},{\"@type\":\"WebSite\",\"@id\":\"https:\/\/exceladvisor.org\/pt\/#website\",\"url\":\"https:\/\/exceladvisor.org\/pt\/\",\"name\":\"Excel Advisor\",\"description\":\"O seu guia definitivo para dominar os dados!\",\"publisher\":{\"@id\":\"https:\/\/exceladvisor.org\/pt\/#organization\"},\"potentialAction\":[{\"@type\":\"SearchAction\",\"target\":{\"@type\":\"EntryPoint\",\"urlTemplate\":\"https:\/\/exceladvisor.org\/pt\/?s={search_term_string}\"},\"query-input\":{\"@type\":\"PropertyValueSpecification\",\"valueRequired\":true,\"valueName\":\"search_term_string\"}}],\"inLanguage\":\"pt-PT\"},{\"@type\":\"Organization\",\"@id\":\"https:\/\/exceladvisor.org\/pt\/#organization\",\"name\":\"Excel Advisor\",\"url\":\"https:\/\/exceladvisor.org\/pt\/\",\"logo\":{\"@type\":\"ImageObject\",\"inLanguage\":\"pt-PT\",\"@id\":\"https:\/\/exceladvisor.org\/pt\/#\/schema\/logo\/image\/\",\"url\":\"https:\/\/exceladvisor.org\/pt\/wp-content\/uploads\/2023\/12\/exceladvisor.org_.png\",\"contentUrl\":\"https:\/\/exceladvisor.org\/pt\/wp-content\/uploads\/2023\/12\/exceladvisor.org_.png\",\"width\":105,\"height\":36,\"caption\":\"Excel Advisor\"},\"image\":{\"@id\":\"https:\/\/exceladvisor.org\/pt\/#\/schema\/logo\/image\/\"}}]}<\/script>\n<!-- \/ Yoast SEO plugin. -->","yoast_head_json":{"title":"Como verificar se uma pasta de trabalho est\u00e1 aberta via VBA no Excel?","description":"Este tutorial ajuda voc\u00ea a aprender como usar o VBA para verificar se um determinado arquivo Excel est\u00e1 aberto e ap\u00f3s a verifica\u00e7\u00e3o ativ\u00e1-lo","robots":{"index":"index","follow":"follow","max-snippet":"max-snippet:-1","max-image-preview":"max-image-preview:large","max-video-preview":"max-video-preview:-1"},"canonical":"https:\/\/exceladvisor.org\/pt\/verifique-a-pasta-de-trabalho-aberta\/","og_locale":"pt_PT","og_type":"article","og_title":"Como verificar se uma pasta de trabalho est\u00e1 aberta via VBA no Excel?","og_description":"Este tutorial ajuda voc\u00ea a aprender como usar o VBA para verificar se um determinado arquivo Excel est\u00e1 aberto e ap\u00f3s a verifica\u00e7\u00e3o ativ\u00e1-lo","og_url":"https:\/\/exceladvisor.org\/pt\/verifique-a-pasta-de-trabalho-aberta\/","og_site_name":"Excel Advisor","article_modified_time":"2023-12-06T11:50:31+00:00","og_image":[{"url":"https:\/\/exceladvisor.org\/wp-content\/uploads\/2023\/08\/1-creer-une-boucle.png","type":"","width":"","height":""}],"twitter_card":"summary_large_image","twitter_misc":{"Tempo estimado de leitura":"2 minutos"},"schema":{"@context":"https:\/\/schema.org","@graph":[{"@type":"WebPage","@id":"https:\/\/exceladvisor.org\/pt\/verifique-a-pasta-de-trabalho-aberta\/","url":"https:\/\/exceladvisor.org\/pt\/verifique-a-pasta-de-trabalho-aberta\/","name":"Como verificar se uma pasta de trabalho est\u00e1 aberta via VBA no Excel?","isPartOf":{"@id":"https:\/\/exceladvisor.org\/pt\/#website"},"primaryImageOfPage":{"@id":"https:\/\/exceladvisor.org\/pt\/verifique-a-pasta-de-trabalho-aberta\/#primaryimage"},"image":{"@id":"https:\/\/exceladvisor.org\/pt\/verifique-a-pasta-de-trabalho-aberta\/#primaryimage"},"thumbnailUrl":"https:\/\/exceladvisor.org\/wp-content\/uploads\/2023\/08\/1-creer-une-boucle.png","datePublished":"2023-11-17T10:05:20+00:00","dateModified":"2023-12-06T11:50:31+00:00","description":"Este tutorial ajuda voc\u00ea a aprender como usar o VBA para verificar se um determinado arquivo Excel est\u00e1 aberto e ap\u00f3s a verifica\u00e7\u00e3o ativ\u00e1-lo","breadcrumb":{"@id":"https:\/\/exceladvisor.org\/pt\/verifique-a-pasta-de-trabalho-aberta\/#breadcrumb"},"inLanguage":"pt-PT","potentialAction":[{"@type":"ReadAction","target":["https:\/\/exceladvisor.org\/pt\/verifique-a-pasta-de-trabalho-aberta\/"]}]},{"@type":"ImageObject","inLanguage":"pt-PT","@id":"https:\/\/exceladvisor.org\/pt\/verifique-a-pasta-de-trabalho-aberta\/#primaryimage","url":"https:\/\/exceladvisor.org\/wp-content\/uploads\/2023\/08\/1-creer-une-boucle.png","contentUrl":"https:\/\/exceladvisor.org\/wp-content\/uploads\/2023\/08\/1-creer-une-boucle.png"},{"@type":"BreadcrumbList","@id":"https:\/\/exceladvisor.org\/pt\/verifique-a-pasta-de-trabalho-aberta\/#breadcrumb","itemListElement":[{"@type":"ListItem","position":1,"name":"Lar","item":"https:\/\/exceladvisor.org\/pt\/"},{"@type":"ListItem","position":2,"name":"Como verificar se uma pasta de trabalho est\u00e1 aberta via vba?"}]},{"@type":"WebSite","@id":"https:\/\/exceladvisor.org\/pt\/#website","url":"https:\/\/exceladvisor.org\/pt\/","name":"Excel Advisor","description":"O seu guia definitivo para dominar os dados!","publisher":{"@id":"https:\/\/exceladvisor.org\/pt\/#organization"},"potentialAction":[{"@type":"SearchAction","target":{"@type":"EntryPoint","urlTemplate":"https:\/\/exceladvisor.org\/pt\/?s={search_term_string}"},"query-input":{"@type":"PropertyValueSpecification","valueRequired":true,"valueName":"search_term_string"}}],"inLanguage":"pt-PT"},{"@type":"Organization","@id":"https:\/\/exceladvisor.org\/pt\/#organization","name":"Excel Advisor","url":"https:\/\/exceladvisor.org\/pt\/","logo":{"@type":"ImageObject","inLanguage":"pt-PT","@id":"https:\/\/exceladvisor.org\/pt\/#\/schema\/logo\/image\/","url":"https:\/\/exceladvisor.org\/pt\/wp-content\/uploads\/2023\/12\/exceladvisor.org_.png","contentUrl":"https:\/\/exceladvisor.org\/pt\/wp-content\/uploads\/2023\/12\/exceladvisor.org_.png","width":105,"height":36,"caption":"Excel Advisor"},"image":{"@id":"https:\/\/exceladvisor.org\/pt\/#\/schema\/logo\/image\/"}}]}},"yoast_meta":{"yoast_wpseo_title":"","yoast_wpseo_metadesc":"","yoast_wpseo_canonical":""},"_links":{"self":[{"href":"https:\/\/exceladvisor.org\/pt\/wp-json\/wp\/v2\/pages\/73","targetHints":{"allow":["GET"]}}],"collection":[{"href":"https:\/\/exceladvisor.org\/pt\/wp-json\/wp\/v2\/pages"}],"about":[{"href":"https:\/\/exceladvisor.org\/pt\/wp-json\/wp\/v2\/types\/page"}],"author":[{"embeddable":true,"href":"https:\/\/exceladvisor.org\/pt\/wp-json\/wp\/v2\/users\/1"}],"replies":[{"embeddable":true,"href":"https:\/\/exceladvisor.org\/pt\/wp-json\/wp\/v2\/comments?post=73"}],"version-history":[{"count":1,"href":"https:\/\/exceladvisor.org\/pt\/wp-json\/wp\/v2\/pages\/73\/revisions"}],"predecessor-version":[{"id":1398,"href":"https:\/\/exceladvisor.org\/pt\/wp-json\/wp\/v2\/pages\/73\/revisions\/1398"}],"wp:attachment":[{"href":"https:\/\/exceladvisor.org\/pt\/wp-json\/wp\/v2\/media?parent=73"}],"curies":[{"name":"wp","href":"https:\/\/api.w.org\/{rel}","templated":true}]}}