{"id":730,"date":"2023-09-25T02:20:43","date_gmt":"2023-09-25T02:20:43","guid":{"rendered":"https:\/\/exceladvisor.org\/pt\/desfazer-refazer\/"},"modified":"2023-12-06T11:37:23","modified_gmt":"2023-12-06T11:37:23","slug":"desfazer-refazer","status":"publish","type":"page","link":"https:\/\/exceladvisor.org\/pt\/desfazer-refazer\/","title":{"rendered":"Como desfazer e refazer usando o atalho do excel?"},"content":{"rendered":"<div class=\"excel-before-content-2\" id=\"excel-1159752486\"><script type=\"text\/javascript\">\r\n\tatOptions = {\r\n\t\t'key' : 'c1158f160081d6540a8409e6925dab94',\r\n\t\t'format' : 'iframe',\r\n\t\t'height' : 250,\r\n\t\t'width' : 300,\r\n\t\t'params' : {}\r\n\t};\r\n<\/script>\r\n<script type=\"text\/javascript\" src=\"\/\/www.highperformanceformat.com\/c1158f160081d6540a8409e6925dab94\/invoke.js\"><\/script><\/div><div class=\"excel-before-content\" id=\"excel-3146638230\"><script type=\"text\/javascript\">\r\n\tatOptions = {\r\n\t\t'key' : 'c1158f160081d6540a8409e6925dab94',\r\n\t\t'format' : 'iframe',\r\n\t\t'height' : 250,\r\n\t\t'width' : 300,\r\n\t\t'params' : {}\r\n\t};\r\n<\/script>\r\n<script type=\"text\/javascript\" src=\"\/\/www.highperformanceformat.com\/c1158f160081d6540a8409e6925dab94\/invoke.js\"><\/script><\/div> <p>Desfazer \u00e9 usado para desfazer as \u00faltimas a\u00e7\u00f5es que o usu\u00e1rio realizou no Excel, o Excel por padr\u00e3o armazena as \u00faltimas 100 a\u00e7\u00f5es, portanto, usando a op\u00e7\u00e3o Desfazer, o usu\u00e1rio pode desfazer suas a\u00e7\u00f5es at\u00e9 100 vezes e restaurar as coisas como estavam. Uma a\u00e7\u00e3o de cancelamento tamb\u00e9m pode ser executada mesmo que o arquivo tenha sido salvo.<\/p><p> Refazer faz o oposto de Desfazer. Suponha que o usu\u00e1rio tenha desfeito algumas das \u00faltimas a\u00e7\u00f5es, mas agora deseja restaurar algumas das a\u00e7\u00f5es desfeitas para que possa repetir as a\u00e7\u00f5es desfeitas usando a op\u00e7\u00e3o Refazer, que restaura as a\u00e7\u00f5es desfeitas.<\/p><h2 class=\"wp-block-heading\"> Atalho de teclado para desfazer \u2013 refazer no Excel<\/h2><p> Desfazer: <kbd>Ctrl<\/kbd> + <kbd>Z<\/kbd> <\/p><div class=\"wp-block-image\"><figure class=\"aligncenter size-full is-resized\"><img loading=\"lazy\" decoding=\"async\" class=\"wp-image-67565\" src=\"https:\/\/exceladvisor.org\/wp-content\/uploads\/2023\/08\/1-touches-de-raccourci-dannulation.png\" sizes=\"auto, \" srcset=\"\" alt=\"Cancelar teclas de atalho\" width=\"897\" height=\"351\"><\/figure><\/div><p> Refazer: <kbd>Ctrl<\/kbd> + <kbd>Y<\/kbd> <\/p><div class=\"wp-block-image\"><figure class=\"aligncenter size-full is-resized\"><img loading=\"lazy\" decoding=\"async\" class=\"wp-image-67566\" src=\"https:\/\/exceladvisor.org\/wp-content\/uploads\/2023\/08\/2-touches-de-raccourci-de-retablissement.png\" sizes=\"auto, \" srcset=\"\" alt=\"refazer teclas de atalho\" width=\"899\" height=\"352\"><\/figure><\/div><h2 class=\"wp-block-heading\"> Etapas para usar Desfazer \u2013 Refazer usando atalho de teclado<\/h2><ol><li> Basta pressionar o atalho de teclado Ctrl + Z uma vez se quiser desfazer uma \u00fanica etapa final ou pressionar repetidamente at\u00e9 atingir o n\u00famero de etapas que deseja reverter.<\/li><li> Para restaurar as etapas de desfazer, basta pressionar o atalho de teclado Ctrl + Y v\u00e1rias vezes at\u00e9 chegar ao ponto em que deseja que as a\u00e7\u00f5es de desfazer sejam restauradas. <\/li><\/ol><div class=\"wp-block-group more-tutorials is-layout-flow\"><div class=\"wp-block-group__inner-container\"><h2 class=\"wp-block-heading\"> Mais tutoriais <\/h2><div class=\"wp-block-columns is-layout-flex wp-container-31\"><div class=\"wp-block-column is-layout-flow\"><ul><li> <a href=\"https:\/\/exceladvisor.org\/pt\/fechar\/\">Fechar<\/a><\/li><li> <a href=\"https:\/\/exceladvisor.org\/pt\/tela-cheia\/\">Tela cheia<\/a><\/li><li> <a href=\"https:\/\/exceladvisor.org\/pt\/banda\/\">Banda<\/a><\/li><li> <a href=\"https:\/\/exceladvisor.org\/pt\/visualizacao-de-impressao-1\/\">Visualizar antes de imprimir<\/a><\/li><li> <a href=\"https:\/\/exceladvisor.org\/pt\/salvar-como\/\">Salvar como<\/a><\/li><\/ul><\/div><div class=\"wp-block-column is-layout-flow\"><\/div><\/div><p> \u21e0 Retornar aos <a href=\"https:\/\/exceladvisor.org\/pt\/atalhos-do-teclado\/\">atalhos do Excel (folha de dicas em PDF)<\/a><\/p><\/div><\/div>","protected":false},"excerpt":{"rendered":"","protected":false},"author":1,"featured_media":0,"parent":0,"menu_order":0,"comment_status":"open","ping_status":"closed","template":"","meta":{"ub_ctt_via":"","footnotes":""},"class_list":["post-730","page","type-page","status-publish","hentry"],"featured_image_src":null,"yoast_head":"<!-- This site is optimized with the Yoast SEO plugin v25.4 - https:\/\/yoast.com\/wordpress\/plugins\/seo\/ -->\n<title>\u25b7 Como desfazer e refazer usando o atalho do Excel?<\/title>\n<meta name=\"description\" content=\"Neste tutorial, aprenderemos como usar um atalho de teclado para desfazer e refazer em uma planilha do Excel.\" \/>\n<meta name=\"robots\" content=\"index, follow, max-snippet:-1, max-image-preview:large, max-video-preview:-1\" \/>\n<link rel=\"canonical\" href=\"https:\/\/exceladvisor.org\/pt\/desfazer-refazer\/\" \/>\n<meta property=\"og:locale\" content=\"pt_PT\" \/>\n<meta property=\"og:type\" content=\"article\" \/>\n<meta property=\"og:title\" content=\"\u25b7 Como desfazer e refazer usando o atalho do Excel?\" \/>\n<meta property=\"og:description\" content=\"Neste tutorial, aprenderemos como usar um atalho de teclado para desfazer e refazer em uma planilha do Excel.\" \/>\n<meta property=\"og:url\" content=\"https:\/\/exceladvisor.org\/pt\/desfazer-refazer\/\" \/>\n<meta property=\"og:site_name\" content=\"Excel Advisor\" \/>\n<meta property=\"article:modified_time\" content=\"2023-12-06T11:37:23+00:00\" \/>\n<meta property=\"og:image\" content=\"https:\/\/exceladvisor.org\/wp-content\/uploads\/2023\/08\/1-touches-de-raccourci-dannulation.png\" \/>\n<meta name=\"twitter:card\" content=\"summary_large_image\" \/>\n<meta name=\"twitter:label1\" content=\"Tempo estimado de leitura\" \/>\n\t<meta name=\"twitter:data1\" content=\"1 minuto\" \/>\n<script type=\"application\/ld+json\" class=\"yoast-schema-graph\">{\"@context\":\"https:\/\/schema.org\",\"@graph\":[{\"@type\":\"WebPage\",\"@id\":\"https:\/\/exceladvisor.org\/pt\/desfazer-refazer\/\",\"url\":\"https:\/\/exceladvisor.org\/pt\/desfazer-refazer\/\",\"name\":\"\u25b7 Como desfazer e refazer usando o atalho do Excel?\",\"isPartOf\":{\"@id\":\"https:\/\/exceladvisor.org\/pt\/#website\"},\"primaryImageOfPage\":{\"@id\":\"https:\/\/exceladvisor.org\/pt\/desfazer-refazer\/#primaryimage\"},\"image\":{\"@id\":\"https:\/\/exceladvisor.org\/pt\/desfazer-refazer\/#primaryimage\"},\"thumbnailUrl\":\"https:\/\/exceladvisor.org\/wp-content\/uploads\/2023\/08\/1-touches-de-raccourci-dannulation.png\",\"datePublished\":\"2023-09-25T02:20:43+00:00\",\"dateModified\":\"2023-12-06T11:37:23+00:00\",\"description\":\"Neste tutorial, aprenderemos como usar um atalho de teclado para desfazer e refazer em uma planilha do Excel.\",\"breadcrumb\":{\"@id\":\"https:\/\/exceladvisor.org\/pt\/desfazer-refazer\/#breadcrumb\"},\"inLanguage\":\"pt-PT\",\"potentialAction\":[{\"@type\":\"ReadAction\",\"target\":[\"https:\/\/exceladvisor.org\/pt\/desfazer-refazer\/\"]}]},{\"@type\":\"ImageObject\",\"inLanguage\":\"pt-PT\",\"@id\":\"https:\/\/exceladvisor.org\/pt\/desfazer-refazer\/#primaryimage\",\"url\":\"https:\/\/exceladvisor.org\/wp-content\/uploads\/2023\/08\/1-touches-de-raccourci-dannulation.png\",\"contentUrl\":\"https:\/\/exceladvisor.org\/wp-content\/uploads\/2023\/08\/1-touches-de-raccourci-dannulation.png\"},{\"@type\":\"BreadcrumbList\",\"@id\":\"https:\/\/exceladvisor.org\/pt\/desfazer-refazer\/#breadcrumb\",\"itemListElement\":[{\"@type\":\"ListItem\",\"position\":1,\"name\":\"Lar\",\"item\":\"https:\/\/exceladvisor.org\/pt\/\"},{\"@type\":\"ListItem\",\"position\":2,\"name\":\"Como desfazer e refazer usando o atalho do excel?\"}]},{\"@type\":\"WebSite\",\"@id\":\"https:\/\/exceladvisor.org\/pt\/#website\",\"url\":\"https:\/\/exceladvisor.org\/pt\/\",\"name\":\"Excel Advisor\",\"description\":\"O seu guia definitivo para dominar os dados!\",\"publisher\":{\"@id\":\"https:\/\/exceladvisor.org\/pt\/#organization\"},\"potentialAction\":[{\"@type\":\"SearchAction\",\"target\":{\"@type\":\"EntryPoint\",\"urlTemplate\":\"https:\/\/exceladvisor.org\/pt\/?s={search_term_string}\"},\"query-input\":{\"@type\":\"PropertyValueSpecification\",\"valueRequired\":true,\"valueName\":\"search_term_string\"}}],\"inLanguage\":\"pt-PT\"},{\"@type\":\"Organization\",\"@id\":\"https:\/\/exceladvisor.org\/pt\/#organization\",\"name\":\"Excel Advisor\",\"url\":\"https:\/\/exceladvisor.org\/pt\/\",\"logo\":{\"@type\":\"ImageObject\",\"inLanguage\":\"pt-PT\",\"@id\":\"https:\/\/exceladvisor.org\/pt\/#\/schema\/logo\/image\/\",\"url\":\"https:\/\/exceladvisor.org\/pt\/wp-content\/uploads\/2023\/12\/exceladvisor.org_.png\",\"contentUrl\":\"https:\/\/exceladvisor.org\/pt\/wp-content\/uploads\/2023\/12\/exceladvisor.org_.png\",\"width\":105,\"height\":36,\"caption\":\"Excel Advisor\"},\"image\":{\"@id\":\"https:\/\/exceladvisor.org\/pt\/#\/schema\/logo\/image\/\"}}]}<\/script>\n<!-- \/ Yoast SEO plugin. -->","yoast_head_json":{"title":"\u25b7 Como desfazer e refazer usando o atalho do Excel?","description":"Neste tutorial, aprenderemos como usar um atalho de teclado para desfazer e refazer em uma planilha do Excel.","robots":{"index":"index","follow":"follow","max-snippet":"max-snippet:-1","max-image-preview":"max-image-preview:large","max-video-preview":"max-video-preview:-1"},"canonical":"https:\/\/exceladvisor.org\/pt\/desfazer-refazer\/","og_locale":"pt_PT","og_type":"article","og_title":"\u25b7 Como desfazer e refazer usando o atalho do Excel?","og_description":"Neste tutorial, aprenderemos como usar um atalho de teclado para desfazer e refazer em uma planilha do Excel.","og_url":"https:\/\/exceladvisor.org\/pt\/desfazer-refazer\/","og_site_name":"Excel Advisor","article_modified_time":"2023-12-06T11:37:23+00:00","og_image":[{"url":"https:\/\/exceladvisor.org\/wp-content\/uploads\/2023\/08\/1-touches-de-raccourci-dannulation.png","type":"","width":"","height":""}],"twitter_card":"summary_large_image","twitter_misc":{"Tempo estimado de leitura":"1 minuto"},"schema":{"@context":"https:\/\/schema.org","@graph":[{"@type":"WebPage","@id":"https:\/\/exceladvisor.org\/pt\/desfazer-refazer\/","url":"https:\/\/exceladvisor.org\/pt\/desfazer-refazer\/","name":"\u25b7 Como desfazer e refazer usando o atalho do Excel?","isPartOf":{"@id":"https:\/\/exceladvisor.org\/pt\/#website"},"primaryImageOfPage":{"@id":"https:\/\/exceladvisor.org\/pt\/desfazer-refazer\/#primaryimage"},"image":{"@id":"https:\/\/exceladvisor.org\/pt\/desfazer-refazer\/#primaryimage"},"thumbnailUrl":"https:\/\/exceladvisor.org\/wp-content\/uploads\/2023\/08\/1-touches-de-raccourci-dannulation.png","datePublished":"2023-09-25T02:20:43+00:00","dateModified":"2023-12-06T11:37:23+00:00","description":"Neste tutorial, aprenderemos como usar um atalho de teclado para desfazer e refazer em uma planilha do Excel.","breadcrumb":{"@id":"https:\/\/exceladvisor.org\/pt\/desfazer-refazer\/#breadcrumb"},"inLanguage":"pt-PT","potentialAction":[{"@type":"ReadAction","target":["https:\/\/exceladvisor.org\/pt\/desfazer-refazer\/"]}]},{"@type":"ImageObject","inLanguage":"pt-PT","@id":"https:\/\/exceladvisor.org\/pt\/desfazer-refazer\/#primaryimage","url":"https:\/\/exceladvisor.org\/wp-content\/uploads\/2023\/08\/1-touches-de-raccourci-dannulation.png","contentUrl":"https:\/\/exceladvisor.org\/wp-content\/uploads\/2023\/08\/1-touches-de-raccourci-dannulation.png"},{"@type":"BreadcrumbList","@id":"https:\/\/exceladvisor.org\/pt\/desfazer-refazer\/#breadcrumb","itemListElement":[{"@type":"ListItem","position":1,"name":"Lar","item":"https:\/\/exceladvisor.org\/pt\/"},{"@type":"ListItem","position":2,"name":"Como desfazer e refazer usando o atalho do excel?"}]},{"@type":"WebSite","@id":"https:\/\/exceladvisor.org\/pt\/#website","url":"https:\/\/exceladvisor.org\/pt\/","name":"Excel Advisor","description":"O seu guia definitivo para dominar os dados!","publisher":{"@id":"https:\/\/exceladvisor.org\/pt\/#organization"},"potentialAction":[{"@type":"SearchAction","target":{"@type":"EntryPoint","urlTemplate":"https:\/\/exceladvisor.org\/pt\/?s={search_term_string}"},"query-input":{"@type":"PropertyValueSpecification","valueRequired":true,"valueName":"search_term_string"}}],"inLanguage":"pt-PT"},{"@type":"Organization","@id":"https:\/\/exceladvisor.org\/pt\/#organization","name":"Excel Advisor","url":"https:\/\/exceladvisor.org\/pt\/","logo":{"@type":"ImageObject","inLanguage":"pt-PT","@id":"https:\/\/exceladvisor.org\/pt\/#\/schema\/logo\/image\/","url":"https:\/\/exceladvisor.org\/pt\/wp-content\/uploads\/2023\/12\/exceladvisor.org_.png","contentUrl":"https:\/\/exceladvisor.org\/pt\/wp-content\/uploads\/2023\/12\/exceladvisor.org_.png","width":105,"height":36,"caption":"Excel Advisor"},"image":{"@id":"https:\/\/exceladvisor.org\/pt\/#\/schema\/logo\/image\/"}}]}},"yoast_meta":{"yoast_wpseo_title":"","yoast_wpseo_metadesc":"","yoast_wpseo_canonical":""},"_links":{"self":[{"href":"https:\/\/exceladvisor.org\/pt\/wp-json\/wp\/v2\/pages\/730","targetHints":{"allow":["GET"]}}],"collection":[{"href":"https:\/\/exceladvisor.org\/pt\/wp-json\/wp\/v2\/pages"}],"about":[{"href":"https:\/\/exceladvisor.org\/pt\/wp-json\/wp\/v2\/types\/page"}],"author":[{"embeddable":true,"href":"https:\/\/exceladvisor.org\/pt\/wp-json\/wp\/v2\/users\/1"}],"replies":[{"embeddable":true,"href":"https:\/\/exceladvisor.org\/pt\/wp-json\/wp\/v2\/comments?post=730"}],"version-history":[{"count":1,"href":"https:\/\/exceladvisor.org\/pt\/wp-json\/wp\/v2\/pages\/730\/revisions"}],"predecessor-version":[{"id":1034,"href":"https:\/\/exceladvisor.org\/pt\/wp-json\/wp\/v2\/pages\/730\/revisions\/1034"}],"wp:attachment":[{"href":"https:\/\/exceladvisor.org\/pt\/wp-json\/wp\/v2\/media?parent=730"}],"curies":[{"name":"wp","href":"https:\/\/api.w.org\/{rel}","templated":true}]}}