{"id":733,"date":"2023-09-15T01:31:19","date_gmt":"2023-09-15T01:31:19","guid":{"rendered":"https:\/\/exceladvisor.org\/pt\/alinhamento\/"},"modified":"2023-12-06T11:34:31","modified_gmt":"2023-12-06T11:34:31","slug":"alinhamento","status":"publish","type":"page","link":"https:\/\/exceladvisor.org\/pt\/alinhamento\/","title":{"rendered":"Como alterar o alinhamento do texto no excel?"},"content":{"rendered":"<div class=\"excel-before-content-2\" id=\"excel-3315293284\"><script type=\"text\/javascript\">\r\n\tatOptions = {\r\n\t\t'key' : 'c1158f160081d6540a8409e6925dab94',\r\n\t\t'format' : 'iframe',\r\n\t\t'height' : 250,\r\n\t\t'width' : 300,\r\n\t\t'params' : {}\r\n\t};\r\n<\/script>\r\n<script type=\"text\/javascript\" src=\"\/\/www.highperformanceformat.com\/c1158f160081d6540a8409e6925dab94\/invoke.js\"><\/script><\/div><div class=\"excel-before-content\" id=\"excel-3628515889\"><script type=\"text\/javascript\">\r\n\tatOptions = {\r\n\t\t'key' : 'c1158f160081d6540a8409e6925dab94',\r\n\t\t'format' : 'iframe',\r\n\t\t'height' : 250,\r\n\t\t'width' : 300,\r\n\t\t'params' : {}\r\n\t};\r\n<\/script>\r\n<script type=\"text\/javascript\" src=\"\/\/www.highperformanceformat.com\/c1158f160081d6540a8409e6925dab94\/invoke.js\"><\/script><\/div> <p>No Excel, o alinhamento ajuda a alinhar texto e valores nas c\u00e9lulas da planilha. Por padr\u00e3o, o n\u00famero \u00e9 alinhado no canto inferior direito e o texto no canto inferior esquerdo da c\u00e9lula. Neste tutorial, aprenderemos como ajustar o alinhamento do texto de duas maneiras: horizontal e verticalmente.<\/p><h2 class=\"wp-block-heading\"> Alterar o alinhamento usando a faixa de op\u00e7\u00f5es<\/h2><p> Para alterar o alinhamento do texto no Excel na faixa de op\u00e7\u00f5es.<\/p><ul><li> Primeiro, selecione o intervalo de c\u00e9lulas que deseja realinhar.<\/li><li> Em seguida, v\u00e1 para a guia In\u00edcio e selecione o grupo Alinhamento. <\/li><\/ul><div class=\"wp-block-image\"><figure class=\"aligncenter size-full is-resized\"><img loading=\"lazy\" decoding=\"async\" class=\"wp-image-79600\" src=\"https:\/\/exceladvisor.org\/wp-content\/uploads\/2023\/08\/1-options-dalignement.png\" sizes=\"auto, \" srcset=\"\" alt=\"op\u00e7\u00f5es de alinhamento\" width=\"520\" height=\"246\"><\/figure><\/div><h2 class=\"wp-block-heading\"> Alinhamento vertical<\/h2><p> Voc\u00ea pode usar as seguintes op\u00e7\u00f5es para alinhar os dados verticalmente.<\/p><ol type=\"1\"><li> Alinhamento superior \u2013 permite alinhar o texto e tamb\u00e9m o n\u00famero no topo da c\u00e9lula.<\/li><li> Meio \u2013 Alinha os dados ao centro da c\u00e9lula.<\/li><li> Inferior \u2013 Esta \u00e9 a op\u00e7\u00e3o padr\u00e3o e coloca o conte\u00fado na parte inferior da c\u00e9lula. <\/li><\/ol><div class=\"wp-block-image\"><figure class=\"aligncenter size-full is-resized\"><img loading=\"lazy\" decoding=\"async\" class=\"wp-image-79601\" src=\"https:\/\/exceladvisor.org\/wp-content\/uploads\/2023\/08\/2-icones-dalignement-vertical.png\" sizes=\"auto, \" srcset=\"\" alt=\"op\u00e7\u00f5es de alinhamento vertical\" width=\"475\" height=\"234\"><\/figure><\/div><h2 class=\"wp-block-heading\"> Alinhamento horizontal<\/h2><p> Para alinhar os dados horizontalmente, use as op\u00e7\u00f5es abaixo:<\/p><ol type=\"1\"><li> Alinhar \u00e0 esquerda \u2013 alinha o texto \u00e0 borda esquerda da c\u00e9lula.<\/li><li> Centro- Coloca o texto e o n\u00famero no meio.<\/li><li> Direita \u2013 Alinha o conte\u00fado ao lado direito da c\u00e9lula. <\/li><\/ol><div class=\"wp-block-image\"><figure class=\"aligncenter size-full is-resized\"><img loading=\"lazy\" decoding=\"async\" class=\"wp-image-79602\" src=\"https:\/\/exceladvisor.org\/wp-content\/uploads\/2023\/08\/3-options-dalignement-horizontal.png\" sizes=\"auto, \" srcset=\"\" alt=\"op\u00e7\u00f5es de alinhamento horizontal\" width=\"814\" height=\"169\"><\/figure><\/div><h2 class=\"wp-block-heading\"> Outras op\u00e7\u00f5es<\/h2><ol type=\"1\"><li> <strong>Orienta\u00e7\u00e3o do texto (girar texto)<\/strong> : permite alterar a orienta\u00e7\u00e3o do texto vertical ou diagonalmente.<\/li><li> <strong>Quebrar texto<\/strong> : esta op\u00e7\u00e3o ajuda a quebrar texto longo em v\u00e1rias linhas em uma c\u00e9lula.<\/li><li> <strong>Fora<\/strong> : Existem dois eliminados no grupo de escala\u00e7\u00e3o. Quando voc\u00ea clica no \u00edcone Aumentar recuo, ele move o texto ainda mais para a direita. No entanto, para mover o texto de volta para a esquerda, clique no \u00edcone Diminuir recuo.<\/li><li> <strong>Mesclar<\/strong> : \u00e9 usado para combinar as c\u00e9lulas selecionadas em uma \u00fanica c\u00e9lula. <\/li><\/ol><div class=\"wp-block-image\"><figure class=\"aligncenter size-full is-resized\"><img loading=\"lazy\" decoding=\"async\" class=\"wp-image-79603\" src=\"https:\/\/exceladvisor.org\/wp-content\/uploads\/2023\/08\/4-options-dorientation-du-texte-et-de-fusion-du-texte-en-retrait.png\" sizes=\"auto, \" srcset=\"\" alt=\"wrap-text-indent-text-orientation-and-merge-options\" width=\"396\" height=\"218\"><\/figure><\/div><h2 class=\"wp-block-heading\"> Alterar o alinhamento do texto nas op\u00e7\u00f5es de formato de c\u00e9lula<\/h2><p> Outra maneira de alterar o alinhamento do texto \u00e9 usar a caixa de di\u00e1logo Formatar c\u00e9lulas. Abaixo est\u00e3o as etapas para isso.<\/p><ul><li> Novamente, voc\u00ea precisa selecionar a c\u00e9lula que deseja realinhar.<\/li><li> Em seguida, abra a caixa de di\u00e1logo Formatar c\u00e9lulas na seta inferior direita no grupo Alinhamento. <\/li><\/ul><div class=\"wp-block-image\"><figure class=\"aligncenter size-full is-resized\"><img loading=\"lazy\" decoding=\"async\" class=\"wp-image-79604\" src=\"https:\/\/exceladvisor.org\/wp-content\/uploads\/2023\/08\/5-cliquez-sur-la-fleche-en-bas-a-droite.png\" sizes=\"auto, \" srcset=\"\" alt=\"clique na seta no canto inferior direito\" width=\"582\" height=\"256\"><\/figure><\/div><ul><li> Em seguida, selecione a guia Alinhamento na caixa de di\u00e1logo Formatar c\u00e9lulas. Neste caso, escolha a op\u00e7\u00e3o desejada na lista suspensa horizontal e vertical para alinhar o texto. <\/li><\/ul><div class=\"wp-block-image\"><figure class=\"aligncenter size-full is-resized\"><img loading=\"lazy\" decoding=\"async\" class=\"wp-image-79605\" src=\"https:\/\/exceladvisor.org\/wp-content\/uploads\/2023\/08\/Alignement-du-texte-de-la-boite-de-dialogue-de-format-6-cellules.png\" sizes=\"auto, \" srcset=\"\" alt=\"formato-c\u00e9lulas-di\u00e1logo-alinhamento de texto\" width=\"565\" height=\"558\"><\/figure><\/div><ul><li> Agora, selecione o alinhamento de texto horizontal e vertical nas op\u00e7\u00f5es suspensas e clique no bot\u00e3o OK para aplic\u00e1-lo \u00e0s c\u00e9lulas selecionadas.<\/li><\/ul><p> Por exemplo, selecionamos \u201cDistribu\u00eddo\u201d no alinhamento de texto horizontal e vertical. O instant\u00e2neo abaixo mostra o texto sendo distribu\u00eddo igualmente em altura e largura, aumentando o espa\u00e7o entre as palavras para preencher a c\u00e9lula. <\/p><div class=\"wp-block-image\"><figure class=\"aligncenter size-full is-resized\"><img loading=\"lazy\" decoding=\"async\" class=\"wp-image-79606\" src=\"https:\/\/exceladvisor.org\/wp-content\/uploads\/2023\/08\/7-alignement-de-texte-distribue.png\" sizes=\"auto, \" srcset=\"\" alt=\"alinhamento de texto distribu\u00eddo\" width=\"618\" height=\"332\"><\/figure><\/div><h3 class=\"wp-block-heading\"> Alterando a dire\u00e7\u00e3o do texto<\/h3><p> Na parte inferior da caixa Formatar c\u00e9lulas, h\u00e1 uma op\u00e7\u00e3o para alterar a dire\u00e7\u00e3o do texto. A configura\u00e7\u00e3o padr\u00e3o \u00e9 Contexto, mas voc\u00ea pode alter\u00e1-la da esquerda para a direita ou da direita para a esquerda.<\/p><ul><li> A dire\u00e7\u00e3o padr\u00e3o do texto \u00e9 da esquerda para a direita.<\/li><li> E a op\u00e7\u00e3o da direita para a esquerda \u00e9 usada no caso de alguns idiomas espec\u00edficos, como o \u00e1rabe. <\/li><\/ul><div class=\"wp-block-image\"><figure class=\"aligncenter size-full is-resized\"><img loading=\"lazy\" decoding=\"async\" class=\"wp-image-79607\" src=\"https:\/\/exceladvisor.org\/wp-content\/uploads\/2023\/08\/8-changer-la-direction-du-texte.png\" sizes=\"auto, \" srcset=\"\" alt=\"mudan\u00e7a de dire\u00e7\u00e3o do texto\" width=\"438\" height=\"218\"><\/figure><\/div><h3 class=\"wp-block-heading\"> Alterando a orienta\u00e7\u00e3o do texto<\/h3><p> A op\u00e7\u00e3o de orienta\u00e7\u00e3o do texto tamb\u00e9m est\u00e1 dispon\u00edvel na caixa de di\u00e1logo Formatar c\u00e9lulas. <\/p><div class=\"wp-block-image\"><figure class=\"aligncenter size-full is-resized\"><img loading=\"lazy\" decoding=\"async\" class=\"wp-image-79608\" src=\"https:\/\/exceladvisor.org\/wp-content\/uploads\/2023\/08\/9-options-dorientation-du-texte.png\" sizes=\"auto, \" srcset=\"\" alt=\"op\u00e7\u00e3o de orienta\u00e7\u00e3o de texto\" width=\"193\" height=\"235\"><\/figure><\/div><p> \u00c9 usado para alterar a orienta\u00e7\u00e3o girando o texto no sentido hor\u00e1rio, anti-hor\u00e1rio, para cima e para baixo. Insira o n\u00famero de 90 a -90 graus na caixa ou voc\u00ea tamb\u00e9m pode usar o ponteiro de orienta\u00e7\u00e3o para alterar a dire\u00e7\u00e3o do texto e clicar em OK para aplicar nas c\u00e9lulas selecionadas. <\/p><div class=\"wp-block-image\"><figure class=\"aligncenter size-full is-resized\"><img loading=\"lazy\" decoding=\"async\" class=\"wp-image-79609\" src=\"https:\/\/exceladvisor.org\/wp-content\/uploads\/2023\/08\/10-faire-pivoter-le-texte-de-45-degres.png\" sizes=\"auto, \" srcset=\"\" alt=\"girar o texto em 45 graus\" width=\"449\" height=\"234\"><\/figure><\/div><div class=\"gb-container gb-container-4db6181c gb-container-mt\"> <a class=\"gb-button gb-button-c5897111 gb-button-text gb-button-mt-button\" href=\"https:\/\/exceladvisor.org\/pt\/nocoes-basicas-de-excel\/\">No\u00e7\u00f5es b\u00e1sicas do Microsoft Excel (componentes, pe\u00e7as e notas de conhecimento)<\/a><h2 class=\"gb-headline gb-headline-665e5f6b gb-headline-text gb-headline-mt-heading\"> Tutoriais relacionados <\/h2><div class=\"gb-grid-wrapper gb-grid-wrapper-a20baf7c gb-grid-wrapper-mt-grid\"><div class=\"gb-grid-column gb-grid-column-65ddf67e\"><div class=\"gb-container gb-container-65ddf67e\"><ul><li> <a href=\"https:\/\/exceladvisor.org\/pt\/justificar-completamente\/\">Preencha Justificar no Excel<\/a><\/li><li> <a href=\"https:\/\/exceladvisor.org\/pt\/barra-de-formulas-do-excel\/\">Barra de f\u00f3rmulas no Excel<\/a><\/li><li> <a href=\"https:\/\/exceladvisor.org\/pt\/adicionar-um-cabecalho-de-rodape\/\">Adicione um cabe\u00e7alho e rodap\u00e9 no Excel<\/a><\/li><li> <a href=\"https:\/\/exceladvisor.org\/pt\/governante\/\">Mostrar r\u00e9gua no Excel<\/a><\/li><li> <a href=\"https:\/\/exceladvisor.org\/pt\/alca-de-enchimento\/\">Al\u00e7a de preenchimento no Excel<\/a> <\/li><\/ul><\/div><\/div><div class=\"gb-grid-column gb-grid-column-50067b57\"><div class=\"gb-container gb-container-50067b57\"><\/div><\/div><\/div><\/div>","protected":false},"excerpt":{"rendered":"","protected":false},"author":1,"featured_media":0,"parent":0,"menu_order":0,"comment_status":"open","ping_status":"closed","template":"","meta":{"ub_ctt_via":"","footnotes":""},"class_list":["post-733","page","type-page","status-publish","hentry"],"featured_image_src":null,"yoast_head":"<!-- This site is optimized with the Yoast SEO plugin v25.4 - https:\/\/yoast.com\/wordpress\/plugins\/seo\/ -->\n<title>\u25b7 Como alterar o alinhamento do texto no Excel?<\/title>\n<meta name=\"description\" content=\"Este \u00e9 um tutorial b\u00e1sico do Microsoft Excel para alterar o alinhamento do valor na c\u00e9lula. Al\u00e9m disso, existem algumas outras op\u00e7\u00f5es\u2026\" \/>\n<meta name=\"robots\" content=\"index, follow, max-snippet:-1, max-image-preview:large, max-video-preview:-1\" \/>\n<link rel=\"canonical\" href=\"https:\/\/exceladvisor.org\/pt\/alinhamento\/\" \/>\n<meta property=\"og:locale\" content=\"pt_PT\" \/>\n<meta property=\"og:type\" content=\"article\" \/>\n<meta property=\"og:title\" content=\"\u25b7 Como alterar o alinhamento do texto no Excel?\" \/>\n<meta property=\"og:description\" content=\"Este \u00e9 um tutorial b\u00e1sico do Microsoft Excel para alterar o alinhamento do valor na c\u00e9lula. Al\u00e9m disso, existem algumas outras op\u00e7\u00f5es\u2026\" \/>\n<meta property=\"og:url\" content=\"https:\/\/exceladvisor.org\/pt\/alinhamento\/\" \/>\n<meta property=\"og:site_name\" content=\"Excel Advisor\" \/>\n<meta property=\"article:modified_time\" content=\"2023-12-06T11:34:31+00:00\" \/>\n<meta property=\"og:image\" content=\"https:\/\/exceladvisor.org\/wp-content\/uploads\/2023\/08\/1-options-dalignement.png\" \/>\n<meta name=\"twitter:card\" content=\"summary_large_image\" \/>\n<meta name=\"twitter:label1\" content=\"Tempo estimado de leitura\" \/>\n\t<meta name=\"twitter:data1\" content=\"3 minutos\" \/>\n<script type=\"application\/ld+json\" class=\"yoast-schema-graph\">{\"@context\":\"https:\/\/schema.org\",\"@graph\":[{\"@type\":\"WebPage\",\"@id\":\"https:\/\/exceladvisor.org\/pt\/alinhamento\/\",\"url\":\"https:\/\/exceladvisor.org\/pt\/alinhamento\/\",\"name\":\"\u25b7 Como alterar o alinhamento do texto no Excel?\",\"isPartOf\":{\"@id\":\"https:\/\/exceladvisor.org\/pt\/#website\"},\"primaryImageOfPage\":{\"@id\":\"https:\/\/exceladvisor.org\/pt\/alinhamento\/#primaryimage\"},\"image\":{\"@id\":\"https:\/\/exceladvisor.org\/pt\/alinhamento\/#primaryimage\"},\"thumbnailUrl\":\"https:\/\/exceladvisor.org\/wp-content\/uploads\/2023\/08\/1-options-dalignement.png\",\"datePublished\":\"2023-09-15T01:31:19+00:00\",\"dateModified\":\"2023-12-06T11:34:31+00:00\",\"description\":\"Este \u00e9 um tutorial b\u00e1sico do Microsoft Excel para alterar o alinhamento do valor na c\u00e9lula. Al\u00e9m disso, existem algumas outras op\u00e7\u00f5es\u2026\",\"breadcrumb\":{\"@id\":\"https:\/\/exceladvisor.org\/pt\/alinhamento\/#breadcrumb\"},\"inLanguage\":\"pt-PT\",\"potentialAction\":[{\"@type\":\"ReadAction\",\"target\":[\"https:\/\/exceladvisor.org\/pt\/alinhamento\/\"]}]},{\"@type\":\"ImageObject\",\"inLanguage\":\"pt-PT\",\"@id\":\"https:\/\/exceladvisor.org\/pt\/alinhamento\/#primaryimage\",\"url\":\"https:\/\/exceladvisor.org\/wp-content\/uploads\/2023\/08\/1-options-dalignement.png\",\"contentUrl\":\"https:\/\/exceladvisor.org\/wp-content\/uploads\/2023\/08\/1-options-dalignement.png\"},{\"@type\":\"BreadcrumbList\",\"@id\":\"https:\/\/exceladvisor.org\/pt\/alinhamento\/#breadcrumb\",\"itemListElement\":[{\"@type\":\"ListItem\",\"position\":1,\"name\":\"Lar\",\"item\":\"https:\/\/exceladvisor.org\/pt\/\"},{\"@type\":\"ListItem\",\"position\":2,\"name\":\"Como alterar o alinhamento do texto no excel?\"}]},{\"@type\":\"WebSite\",\"@id\":\"https:\/\/exceladvisor.org\/pt\/#website\",\"url\":\"https:\/\/exceladvisor.org\/pt\/\",\"name\":\"Excel Advisor\",\"description\":\"O seu guia definitivo para dominar os dados!\",\"publisher\":{\"@id\":\"https:\/\/exceladvisor.org\/pt\/#organization\"},\"potentialAction\":[{\"@type\":\"SearchAction\",\"target\":{\"@type\":\"EntryPoint\",\"urlTemplate\":\"https:\/\/exceladvisor.org\/pt\/?s={search_term_string}\"},\"query-input\":{\"@type\":\"PropertyValueSpecification\",\"valueRequired\":true,\"valueName\":\"search_term_string\"}}],\"inLanguage\":\"pt-PT\"},{\"@type\":\"Organization\",\"@id\":\"https:\/\/exceladvisor.org\/pt\/#organization\",\"name\":\"Excel Advisor\",\"url\":\"https:\/\/exceladvisor.org\/pt\/\",\"logo\":{\"@type\":\"ImageObject\",\"inLanguage\":\"pt-PT\",\"@id\":\"https:\/\/exceladvisor.org\/pt\/#\/schema\/logo\/image\/\",\"url\":\"https:\/\/exceladvisor.org\/pt\/wp-content\/uploads\/2023\/12\/exceladvisor.org_.png\",\"contentUrl\":\"https:\/\/exceladvisor.org\/pt\/wp-content\/uploads\/2023\/12\/exceladvisor.org_.png\",\"width\":105,\"height\":36,\"caption\":\"Excel Advisor\"},\"image\":{\"@id\":\"https:\/\/exceladvisor.org\/pt\/#\/schema\/logo\/image\/\"}}]}<\/script>\n<!-- \/ Yoast SEO plugin. -->","yoast_head_json":{"title":"\u25b7 Como alterar o alinhamento do texto no Excel?","description":"Este \u00e9 um tutorial b\u00e1sico do Microsoft Excel para alterar o alinhamento do valor na c\u00e9lula. Al\u00e9m disso, existem algumas outras op\u00e7\u00f5es\u2026","robots":{"index":"index","follow":"follow","max-snippet":"max-snippet:-1","max-image-preview":"max-image-preview:large","max-video-preview":"max-video-preview:-1"},"canonical":"https:\/\/exceladvisor.org\/pt\/alinhamento\/","og_locale":"pt_PT","og_type":"article","og_title":"\u25b7 Como alterar o alinhamento do texto no Excel?","og_description":"Este \u00e9 um tutorial b\u00e1sico do Microsoft Excel para alterar o alinhamento do valor na c\u00e9lula. Al\u00e9m disso, existem algumas outras op\u00e7\u00f5es\u2026","og_url":"https:\/\/exceladvisor.org\/pt\/alinhamento\/","og_site_name":"Excel Advisor","article_modified_time":"2023-12-06T11:34:31+00:00","og_image":[{"url":"https:\/\/exceladvisor.org\/wp-content\/uploads\/2023\/08\/1-options-dalignement.png","type":"","width":"","height":""}],"twitter_card":"summary_large_image","twitter_misc":{"Tempo estimado de leitura":"3 minutos"},"schema":{"@context":"https:\/\/schema.org","@graph":[{"@type":"WebPage","@id":"https:\/\/exceladvisor.org\/pt\/alinhamento\/","url":"https:\/\/exceladvisor.org\/pt\/alinhamento\/","name":"\u25b7 Como alterar o alinhamento do texto no Excel?","isPartOf":{"@id":"https:\/\/exceladvisor.org\/pt\/#website"},"primaryImageOfPage":{"@id":"https:\/\/exceladvisor.org\/pt\/alinhamento\/#primaryimage"},"image":{"@id":"https:\/\/exceladvisor.org\/pt\/alinhamento\/#primaryimage"},"thumbnailUrl":"https:\/\/exceladvisor.org\/wp-content\/uploads\/2023\/08\/1-options-dalignement.png","datePublished":"2023-09-15T01:31:19+00:00","dateModified":"2023-12-06T11:34:31+00:00","description":"Este \u00e9 um tutorial b\u00e1sico do Microsoft Excel para alterar o alinhamento do valor na c\u00e9lula. Al\u00e9m disso, existem algumas outras op\u00e7\u00f5es\u2026","breadcrumb":{"@id":"https:\/\/exceladvisor.org\/pt\/alinhamento\/#breadcrumb"},"inLanguage":"pt-PT","potentialAction":[{"@type":"ReadAction","target":["https:\/\/exceladvisor.org\/pt\/alinhamento\/"]}]},{"@type":"ImageObject","inLanguage":"pt-PT","@id":"https:\/\/exceladvisor.org\/pt\/alinhamento\/#primaryimage","url":"https:\/\/exceladvisor.org\/wp-content\/uploads\/2023\/08\/1-options-dalignement.png","contentUrl":"https:\/\/exceladvisor.org\/wp-content\/uploads\/2023\/08\/1-options-dalignement.png"},{"@type":"BreadcrumbList","@id":"https:\/\/exceladvisor.org\/pt\/alinhamento\/#breadcrumb","itemListElement":[{"@type":"ListItem","position":1,"name":"Lar","item":"https:\/\/exceladvisor.org\/pt\/"},{"@type":"ListItem","position":2,"name":"Como alterar o alinhamento do texto no excel?"}]},{"@type":"WebSite","@id":"https:\/\/exceladvisor.org\/pt\/#website","url":"https:\/\/exceladvisor.org\/pt\/","name":"Excel Advisor","description":"O seu guia definitivo para dominar os dados!","publisher":{"@id":"https:\/\/exceladvisor.org\/pt\/#organization"},"potentialAction":[{"@type":"SearchAction","target":{"@type":"EntryPoint","urlTemplate":"https:\/\/exceladvisor.org\/pt\/?s={search_term_string}"},"query-input":{"@type":"PropertyValueSpecification","valueRequired":true,"valueName":"search_term_string"}}],"inLanguage":"pt-PT"},{"@type":"Organization","@id":"https:\/\/exceladvisor.org\/pt\/#organization","name":"Excel Advisor","url":"https:\/\/exceladvisor.org\/pt\/","logo":{"@type":"ImageObject","inLanguage":"pt-PT","@id":"https:\/\/exceladvisor.org\/pt\/#\/schema\/logo\/image\/","url":"https:\/\/exceladvisor.org\/pt\/wp-content\/uploads\/2023\/12\/exceladvisor.org_.png","contentUrl":"https:\/\/exceladvisor.org\/pt\/wp-content\/uploads\/2023\/12\/exceladvisor.org_.png","width":105,"height":36,"caption":"Excel Advisor"},"image":{"@id":"https:\/\/exceladvisor.org\/pt\/#\/schema\/logo\/image\/"}}]}},"yoast_meta":{"yoast_wpseo_title":"","yoast_wpseo_metadesc":"","yoast_wpseo_canonical":""},"_links":{"self":[{"href":"https:\/\/exceladvisor.org\/pt\/wp-json\/wp\/v2\/pages\/733","targetHints":{"allow":["GET"]}}],"collection":[{"href":"https:\/\/exceladvisor.org\/pt\/wp-json\/wp\/v2\/pages"}],"about":[{"href":"https:\/\/exceladvisor.org\/pt\/wp-json\/wp\/v2\/types\/page"}],"author":[{"embeddable":true,"href":"https:\/\/exceladvisor.org\/pt\/wp-json\/wp\/v2\/users\/1"}],"replies":[{"embeddable":true,"href":"https:\/\/exceladvisor.org\/pt\/wp-json\/wp\/v2\/comments?post=733"}],"version-history":[{"count":1,"href":"https:\/\/exceladvisor.org\/pt\/wp-json\/wp\/v2\/pages\/733\/revisions"}],"predecessor-version":[{"id":832,"href":"https:\/\/exceladvisor.org\/pt\/wp-json\/wp\/v2\/pages\/733\/revisions\/832"}],"wp:attachment":[{"href":"https:\/\/exceladvisor.org\/pt\/wp-json\/wp\/v2\/media?parent=733"}],"curies":[{"name":"wp","href":"https:\/\/api.w.org\/{rel}","templated":true}]}}