{"id":734,"date":"2023-09-02T06:07:44","date_gmt":"2023-09-02T06:07:44","guid":{"rendered":"https:\/\/exceladvisor.org\/pt\/objeto-nao-suporta-esta-propriedade-ou-metodo-erro-438\/"},"modified":"2023-12-06T11:36:35","modified_gmt":"2023-12-06T11:36:35","slug":"objeto-nao-suporta-esta-propriedade-ou-metodo-erro-438","status":"publish","type":"page","link":"https:\/\/exceladvisor.org\/pt\/objeto-nao-suporta-esta-propriedade-ou-metodo-erro-438\/","title":{"rendered":"Como corrigir o erro 438 do vba no excel?"},"content":{"rendered":"<div class=\"excel-before-content-2\" id=\"excel-2454755320\"><script type=\"text\/javascript\">\r\n\tatOptions = {\r\n\t\t'key' : 'c1158f160081d6540a8409e6925dab94',\r\n\t\t'format' : 'iframe',\r\n\t\t'height' : 250,\r\n\t\t'width' : 300,\r\n\t\t'params' : {}\r\n\t};\r\n<\/script>\r\n<script type=\"text\/javascript\" src=\"\/\/www.highperformanceformat.com\/c1158f160081d6540a8409e6925dab94\/invoke.js\"><\/script><\/div><div class=\"excel-before-content\" id=\"excel-156901072\"><script type=\"text\/javascript\">\r\n\tatOptions = {\r\n\t\t'key' : 'c1158f160081d6540a8409e6925dab94',\r\n\t\t'format' : 'iframe',\r\n\t\t'height' : 250,\r\n\t\t'width' : 300,\r\n\t\t'params' : {}\r\n\t};\r\n<\/script>\r\n<script type=\"text\/javascript\" src=\"\/\/www.highperformanceformat.com\/c1158f160081d6540a8409e6925dab94\/invoke.js\"><\/script><\/div> <p>O erro 438 do VBA ocorre quando voc\u00ea tenta usar uma propriedade ou m\u00e9todo que n\u00e3o oferece suporte a este objeto. Como voc\u00ea sabe, todos os objetos possuem propriedades e m\u00e9todos que voc\u00ea pode usar, mas pode haver uma situa\u00e7\u00e3o ao usar uma propriedade ou m\u00e9todo que n\u00e3o se aplica a um objeto espec\u00edfico.<\/p><p> <strong>Mensagem de erro:<\/strong><\/p><ul><li> O objeto VBA n\u00e3o suporta esta propriedade ou erro de m\u00e9todo (Erro 438)<\/li><\/ul><p> Vamos dar um exemplo para entender isso: com o objeto planilha aparece um m\u00e9todo para selecionar a planilha. <\/p><div class=\"wp-block-image\"><figure class=\"aligncenter size-large is-resized\"><img loading=\"lazy\" decoding=\"async\" class=\"wp-image-57067\" src=\"https:\/\/exceladvisor.org\/wp-content\/uploads\/2023\/08\/1_vba_object_does_not_support_this_-propriete.png\" sizes=\"auto, \" srcset=\"\" alt=\"propriedade vba_object_does_not_support_this_\" width=\"368\" height=\"266\"><\/figure><\/div><p> Agora, como voc\u00ea sabe, voc\u00ea pode ativar uma pasta de trabalho, mas n\u00e3o h\u00e1 nenhum m\u00e9todo que possa usar para selecionar uma pasta de trabalho porque voc\u00ea n\u00e3o pode selecionar uma pasta de trabalho, apenas pode ativ\u00e1-la. <\/p><div class=\"wp-block-image\"><figure class=\"aligncenter size-large is-resized\"><img loading=\"lazy\" decoding=\"async\" class=\"wp-image-57068\" src=\"https:\/\/exceladvisor.org\/wp-content\/uploads\/2023\/08\/2_activate_a_workbook.png\" sizes=\"auto, \" srcset=\"\" alt=\"\" width=\"555\" height=\"421\"><\/figure><\/div><p> Portanto, quando voc\u00ea tenta usar este m\u00e9todo com o objeto pasta de trabalho, voc\u00ea obt\u00e9m o erro de tempo de execu\u00e7\u00e3o 438. Mesmo voc\u00ea pode ver que esse m\u00e9todo n\u00e3o est\u00e1 na lista de propriedades e m\u00e9todos do objeto pasta de trabalho. <\/p><div class=\"wp-block-image\"><figure class=\"aligncenter size-large is-resized\"><img loading=\"lazy\" decoding=\"async\" class=\"wp-image-57069\" src=\"https:\/\/exceladvisor.org\/wp-content\/uploads\/2023\/08\/3_runtime_error_438.png\" sizes=\"auto, \" srcset=\"\" alt=\"\" width=\"562\" height=\"374\"><\/figure><\/div><p> Agora voc\u00ea pode entender que isso pode ser um erro por parte de quem escreve o c\u00f3digo e pode ser cometido mesmo se voc\u00ea for proficiente em VBA.<\/p><p class=\"qt-tip\"> <strong>Nota:<\/strong> Quando voc\u00ea escreveu c\u00f3digo na vers\u00e3o mais recente do Microsoft Excel e agora tenta execut\u00e1-lo em uma vers\u00e3o mais antiga, essa vers\u00e3o pode n\u00e3o ter um m\u00e9todo ou propriedade para o objeto que voc\u00ea usa. .<\/p><h2 class=\"wp-block-heading\"> Como consertar um objeto que n\u00e3o suporta esta propriedade ou m\u00e9todo<\/h2><p> A melhor maneira de lidar com este erro 438 (o objeto n\u00e3o suporta esta propriedade ou m\u00e9todo), voc\u00ea precisa conhecer as propriedades e m\u00e9todos suportados pelo objeto que est\u00e1 usando.<\/p><p> Ao definir um objeto, voc\u00ea pode ver a lista de todas as propriedades e m\u00e9todos ao digitar um ponto (.). <\/p><div class=\"wp-block-image\"><figure class=\"aligncenter size-large is-resized\"><img loading=\"lazy\" decoding=\"async\" class=\"wp-image-57070\" src=\"https:\/\/exceladvisor.org\/wp-content\/uploads\/2023\/08\/4_fix_object_doesnot_support_this_property.png\" sizes=\"auto, \" srcset=\"\" alt=\"\" width=\"603\" height=\"349\"><\/figure><\/div><p> Esta lista pode ajud\u00e1-lo a decidir se o m\u00e9todo que deseja usar est\u00e1 presente ou n\u00e3o. E se isso n\u00e3o acontecer, voc\u00ea precisar\u00e1 encontrar outra maneira de escrever c\u00f3digo para a tarefa que deseja realizar. Alternativamente, voc\u00ea tamb\u00e9m pode abrir o Navegador de Objetos (F2) para ver as propriedades e m\u00e9todos que voc\u00ea possui com um objeto.<\/p><div class=\"gb-container gb-container-4db6181c gb-container-mt\"> <a class=\"gb-button gb-button-c5897111 gb-button-text gb-button-mt-button\" href=\"https:\/\/exceladvisor.org\/pt\/vba\/\">O que \u00e9 VBA<\/a><h2 class=\"gb-headline gb-headline-665e5f6b gb-headline-text gb-headline-mt-heading\"> Tutoriais relacionados <\/h2><div class=\"gb-grid-wrapper gb-grid-wrapper-a20baf7c gb-grid-wrapper-mt-grid\"><div class=\"gb-grid-column gb-grid-column-65ddf67e\"><div class=\"gb-container gb-container-65ddf67e\"><ul><li> <a href=\"https:\/\/exceladvisor.org\/pt\/manipulacao-de-erros\/\">Tratamento de erros VBA<\/a><\/li><li> <a href=\"https:\/\/exceladvisor.org\/pt\/erro-de-automacao-440\/\">Erro de automa\u00e7\u00e3o VBA (Erro 440)<\/a><\/li><li> <a href=\"https:\/\/exceladvisor.org\/pt\/erro-400\/\">Erro VBA 400<\/a><\/li><li> <a href=\"https:\/\/exceladvisor.org\/pt\/chamada-de-procedimento-invalida-ou-erro-de-argumento-5\/\">Chamada de procedimento VBA inv\u00e1lida ou erro de argumento (Erro 5)<\/a><\/li><li> <a href=\"https:\/\/exceladvisor.org\/pt\/objeto-necessario-erro-424\/\">Erro obrigat\u00f3rio de objeto VBA (Erro 424)<\/a> <\/li><\/ul><\/div><\/div><div class=\"gb-grid-column gb-grid-column-50067b57\"><div class=\"gb-container gb-container-50067b57\"><\/div><\/div><\/div><\/div>","protected":false},"excerpt":{"rendered":"","protected":false},"author":1,"featured_media":0,"parent":0,"menu_order":0,"comment_status":"open","ping_status":"closed","template":"","meta":{"ub_ctt_via":"","footnotes":""},"class_list":["post-734","page","type-page","status-publish","hentry"],"featured_image_src":null,"yoast_head":"<!-- This site is optimized with the Yoast SEO plugin v25.4 - https:\/\/yoast.com\/wordpress\/plugins\/seo\/ -->\n<title>\u25b7Como corrigir o erro 438 do VBA? - Consultor Excel<\/title>\n<meta name=\"description\" content=\"Neste tutorial, voc\u00ea aprender\u00e1 por que o objeto VBA inv\u00e1lido n\u00e3o suporta este erro de propriedade ou m\u00e9todo (erro 438) e como lidar com isso ao escrever o c\u00f3digo VBA.\" \/>\n<meta name=\"robots\" content=\"index, follow, max-snippet:-1, max-image-preview:large, max-video-preview:-1\" \/>\n<link rel=\"canonical\" href=\"https:\/\/exceladvisor.org\/pt\/objeto-nao-suporta-esta-propriedade-ou-metodo-erro-438\/\" \/>\n<meta property=\"og:locale\" content=\"pt_PT\" \/>\n<meta property=\"og:type\" content=\"article\" \/>\n<meta property=\"og:title\" content=\"\u25b7Como corrigir o erro 438 do VBA? - Consultor Excel\" \/>\n<meta property=\"og:description\" content=\"Neste tutorial, voc\u00ea aprender\u00e1 por que o objeto VBA inv\u00e1lido n\u00e3o suporta este erro de propriedade ou m\u00e9todo (erro 438) e como lidar com isso ao escrever o c\u00f3digo VBA.\" \/>\n<meta property=\"og:url\" content=\"https:\/\/exceladvisor.org\/pt\/objeto-nao-suporta-esta-propriedade-ou-metodo-erro-438\/\" \/>\n<meta property=\"og:site_name\" content=\"Excel Advisor\" \/>\n<meta property=\"article:modified_time\" content=\"2023-12-06T11:36:35+00:00\" \/>\n<meta property=\"og:image\" content=\"https:\/\/exceladvisor.org\/wp-content\/uploads\/2023\/08\/1_vba_object_does_not_support_this_-propriete.png\" \/>\n<meta name=\"twitter:card\" content=\"summary_large_image\" \/>\n<meta name=\"twitter:label1\" content=\"Tempo estimado de leitura\" \/>\n\t<meta name=\"twitter:data1\" content=\"2 minutos\" \/>\n<script type=\"application\/ld+json\" class=\"yoast-schema-graph\">{\"@context\":\"https:\/\/schema.org\",\"@graph\":[{\"@type\":\"WebPage\",\"@id\":\"https:\/\/exceladvisor.org\/pt\/objeto-nao-suporta-esta-propriedade-ou-metodo-erro-438\/\",\"url\":\"https:\/\/exceladvisor.org\/pt\/objeto-nao-suporta-esta-propriedade-ou-metodo-erro-438\/\",\"name\":\"\u25b7Como corrigir o erro 438 do VBA? - Consultor Excel\",\"isPartOf\":{\"@id\":\"https:\/\/exceladvisor.org\/pt\/#website\"},\"primaryImageOfPage\":{\"@id\":\"https:\/\/exceladvisor.org\/pt\/objeto-nao-suporta-esta-propriedade-ou-metodo-erro-438\/#primaryimage\"},\"image\":{\"@id\":\"https:\/\/exceladvisor.org\/pt\/objeto-nao-suporta-esta-propriedade-ou-metodo-erro-438\/#primaryimage\"},\"thumbnailUrl\":\"https:\/\/exceladvisor.org\/wp-content\/uploads\/2023\/08\/1_vba_object_does_not_support_this_-propriete.png\",\"datePublished\":\"2023-09-02T06:07:44+00:00\",\"dateModified\":\"2023-12-06T11:36:35+00:00\",\"description\":\"Neste tutorial, voc\u00ea aprender\u00e1 por que o objeto VBA inv\u00e1lido n\u00e3o suporta este erro de propriedade ou m\u00e9todo (erro 438) e como lidar com isso ao escrever o c\u00f3digo VBA.\",\"breadcrumb\":{\"@id\":\"https:\/\/exceladvisor.org\/pt\/objeto-nao-suporta-esta-propriedade-ou-metodo-erro-438\/#breadcrumb\"},\"inLanguage\":\"pt-PT\",\"potentialAction\":[{\"@type\":\"ReadAction\",\"target\":[\"https:\/\/exceladvisor.org\/pt\/objeto-nao-suporta-esta-propriedade-ou-metodo-erro-438\/\"]}]},{\"@type\":\"ImageObject\",\"inLanguage\":\"pt-PT\",\"@id\":\"https:\/\/exceladvisor.org\/pt\/objeto-nao-suporta-esta-propriedade-ou-metodo-erro-438\/#primaryimage\",\"url\":\"https:\/\/exceladvisor.org\/wp-content\/uploads\/2023\/08\/1_vba_object_does_not_support_this_-propriete.png\",\"contentUrl\":\"https:\/\/exceladvisor.org\/wp-content\/uploads\/2023\/08\/1_vba_object_does_not_support_this_-propriete.png\"},{\"@type\":\"BreadcrumbList\",\"@id\":\"https:\/\/exceladvisor.org\/pt\/objeto-nao-suporta-esta-propriedade-ou-metodo-erro-438\/#breadcrumb\",\"itemListElement\":[{\"@type\":\"ListItem\",\"position\":1,\"name\":\"Lar\",\"item\":\"https:\/\/exceladvisor.org\/pt\/\"},{\"@type\":\"ListItem\",\"position\":2,\"name\":\"Como corrigir o erro 438 do vba no excel?\"}]},{\"@type\":\"WebSite\",\"@id\":\"https:\/\/exceladvisor.org\/pt\/#website\",\"url\":\"https:\/\/exceladvisor.org\/pt\/\",\"name\":\"Excel Advisor\",\"description\":\"O seu guia definitivo para dominar os dados!\",\"publisher\":{\"@id\":\"https:\/\/exceladvisor.org\/pt\/#organization\"},\"potentialAction\":[{\"@type\":\"SearchAction\",\"target\":{\"@type\":\"EntryPoint\",\"urlTemplate\":\"https:\/\/exceladvisor.org\/pt\/?s={search_term_string}\"},\"query-input\":{\"@type\":\"PropertyValueSpecification\",\"valueRequired\":true,\"valueName\":\"search_term_string\"}}],\"inLanguage\":\"pt-PT\"},{\"@type\":\"Organization\",\"@id\":\"https:\/\/exceladvisor.org\/pt\/#organization\",\"name\":\"Excel Advisor\",\"url\":\"https:\/\/exceladvisor.org\/pt\/\",\"logo\":{\"@type\":\"ImageObject\",\"inLanguage\":\"pt-PT\",\"@id\":\"https:\/\/exceladvisor.org\/pt\/#\/schema\/logo\/image\/\",\"url\":\"https:\/\/exceladvisor.org\/pt\/wp-content\/uploads\/2023\/12\/exceladvisor.org_.png\",\"contentUrl\":\"https:\/\/exceladvisor.org\/pt\/wp-content\/uploads\/2023\/12\/exceladvisor.org_.png\",\"width\":105,\"height\":36,\"caption\":\"Excel Advisor\"},\"image\":{\"@id\":\"https:\/\/exceladvisor.org\/pt\/#\/schema\/logo\/image\/\"}}]}<\/script>\n<!-- \/ Yoast SEO plugin. -->","yoast_head_json":{"title":"\u25b7Como corrigir o erro 438 do VBA? - Consultor Excel","description":"Neste tutorial, voc\u00ea aprender\u00e1 por que o objeto VBA inv\u00e1lido n\u00e3o suporta este erro de propriedade ou m\u00e9todo (erro 438) e como lidar com isso ao escrever o c\u00f3digo VBA.","robots":{"index":"index","follow":"follow","max-snippet":"max-snippet:-1","max-image-preview":"max-image-preview:large","max-video-preview":"max-video-preview:-1"},"canonical":"https:\/\/exceladvisor.org\/pt\/objeto-nao-suporta-esta-propriedade-ou-metodo-erro-438\/","og_locale":"pt_PT","og_type":"article","og_title":"\u25b7Como corrigir o erro 438 do VBA? - Consultor Excel","og_description":"Neste tutorial, voc\u00ea aprender\u00e1 por que o objeto VBA inv\u00e1lido n\u00e3o suporta este erro de propriedade ou m\u00e9todo (erro 438) e como lidar com isso ao escrever o c\u00f3digo VBA.","og_url":"https:\/\/exceladvisor.org\/pt\/objeto-nao-suporta-esta-propriedade-ou-metodo-erro-438\/","og_site_name":"Excel Advisor","article_modified_time":"2023-12-06T11:36:35+00:00","og_image":[{"url":"https:\/\/exceladvisor.org\/wp-content\/uploads\/2023\/08\/1_vba_object_does_not_support_this_-propriete.png","type":"","width":"","height":""}],"twitter_card":"summary_large_image","twitter_misc":{"Tempo estimado de leitura":"2 minutos"},"schema":{"@context":"https:\/\/schema.org","@graph":[{"@type":"WebPage","@id":"https:\/\/exceladvisor.org\/pt\/objeto-nao-suporta-esta-propriedade-ou-metodo-erro-438\/","url":"https:\/\/exceladvisor.org\/pt\/objeto-nao-suporta-esta-propriedade-ou-metodo-erro-438\/","name":"\u25b7Como corrigir o erro 438 do VBA? - Consultor Excel","isPartOf":{"@id":"https:\/\/exceladvisor.org\/pt\/#website"},"primaryImageOfPage":{"@id":"https:\/\/exceladvisor.org\/pt\/objeto-nao-suporta-esta-propriedade-ou-metodo-erro-438\/#primaryimage"},"image":{"@id":"https:\/\/exceladvisor.org\/pt\/objeto-nao-suporta-esta-propriedade-ou-metodo-erro-438\/#primaryimage"},"thumbnailUrl":"https:\/\/exceladvisor.org\/wp-content\/uploads\/2023\/08\/1_vba_object_does_not_support_this_-propriete.png","datePublished":"2023-09-02T06:07:44+00:00","dateModified":"2023-12-06T11:36:35+00:00","description":"Neste tutorial, voc\u00ea aprender\u00e1 por que o objeto VBA inv\u00e1lido n\u00e3o suporta este erro de propriedade ou m\u00e9todo (erro 438) e como lidar com isso ao escrever o c\u00f3digo VBA.","breadcrumb":{"@id":"https:\/\/exceladvisor.org\/pt\/objeto-nao-suporta-esta-propriedade-ou-metodo-erro-438\/#breadcrumb"},"inLanguage":"pt-PT","potentialAction":[{"@type":"ReadAction","target":["https:\/\/exceladvisor.org\/pt\/objeto-nao-suporta-esta-propriedade-ou-metodo-erro-438\/"]}]},{"@type":"ImageObject","inLanguage":"pt-PT","@id":"https:\/\/exceladvisor.org\/pt\/objeto-nao-suporta-esta-propriedade-ou-metodo-erro-438\/#primaryimage","url":"https:\/\/exceladvisor.org\/wp-content\/uploads\/2023\/08\/1_vba_object_does_not_support_this_-propriete.png","contentUrl":"https:\/\/exceladvisor.org\/wp-content\/uploads\/2023\/08\/1_vba_object_does_not_support_this_-propriete.png"},{"@type":"BreadcrumbList","@id":"https:\/\/exceladvisor.org\/pt\/objeto-nao-suporta-esta-propriedade-ou-metodo-erro-438\/#breadcrumb","itemListElement":[{"@type":"ListItem","position":1,"name":"Lar","item":"https:\/\/exceladvisor.org\/pt\/"},{"@type":"ListItem","position":2,"name":"Como corrigir o erro 438 do vba no excel?"}]},{"@type":"WebSite","@id":"https:\/\/exceladvisor.org\/pt\/#website","url":"https:\/\/exceladvisor.org\/pt\/","name":"Excel Advisor","description":"O seu guia definitivo para dominar os dados!","publisher":{"@id":"https:\/\/exceladvisor.org\/pt\/#organization"},"potentialAction":[{"@type":"SearchAction","target":{"@type":"EntryPoint","urlTemplate":"https:\/\/exceladvisor.org\/pt\/?s={search_term_string}"},"query-input":{"@type":"PropertyValueSpecification","valueRequired":true,"valueName":"search_term_string"}}],"inLanguage":"pt-PT"},{"@type":"Organization","@id":"https:\/\/exceladvisor.org\/pt\/#organization","name":"Excel Advisor","url":"https:\/\/exceladvisor.org\/pt\/","logo":{"@type":"ImageObject","inLanguage":"pt-PT","@id":"https:\/\/exceladvisor.org\/pt\/#\/schema\/logo\/image\/","url":"https:\/\/exceladvisor.org\/pt\/wp-content\/uploads\/2023\/12\/exceladvisor.org_.png","contentUrl":"https:\/\/exceladvisor.org\/pt\/wp-content\/uploads\/2023\/12\/exceladvisor.org_.png","width":105,"height":36,"caption":"Excel Advisor"},"image":{"@id":"https:\/\/exceladvisor.org\/pt\/#\/schema\/logo\/image\/"}}]}},"yoast_meta":{"yoast_wpseo_title":"","yoast_wpseo_metadesc":"","yoast_wpseo_canonical":""},"_links":{"self":[{"href":"https:\/\/exceladvisor.org\/pt\/wp-json\/wp\/v2\/pages\/734","targetHints":{"allow":["GET"]}}],"collection":[{"href":"https:\/\/exceladvisor.org\/pt\/wp-json\/wp\/v2\/pages"}],"about":[{"href":"https:\/\/exceladvisor.org\/pt\/wp-json\/wp\/v2\/types\/page"}],"author":[{"embeddable":true,"href":"https:\/\/exceladvisor.org\/pt\/wp-json\/wp\/v2\/users\/1"}],"replies":[{"embeddable":true,"href":"https:\/\/exceladvisor.org\/pt\/wp-json\/wp\/v2\/comments?post=734"}],"version-history":[{"count":1,"href":"https:\/\/exceladvisor.org\/pt\/wp-json\/wp\/v2\/pages\/734\/revisions"}],"predecessor-version":[{"id":969,"href":"https:\/\/exceladvisor.org\/pt\/wp-json\/wp\/v2\/pages\/734\/revisions\/969"}],"wp:attachment":[{"href":"https:\/\/exceladvisor.org\/pt\/wp-json\/wp\/v2\/media?parent=734"}],"curies":[{"name":"wp","href":"https:\/\/api.w.org\/{rel}","templated":true}]}}