{"id":735,"date":"2023-09-01T08:27:58","date_gmt":"2023-09-01T08:27:58","guid":{"rendered":"https:\/\/exceladvisor.org\/pt\/encontre-a-celula-da-coluna-da-ultima-linha\/"},"modified":"2023-12-06T11:37:31","modified_gmt":"2023-12-06T11:37:31","slug":"encontre-a-celula-da-coluna-da-ultima-linha","status":"publish","type":"page","link":"https:\/\/exceladvisor.org\/pt\/encontre-a-celula-da-coluna-da-ultima-linha\/","title":{"rendered":"Como encontrar a \u00faltima linha, coluna e c\u00e9lula?"},"content":{"rendered":"<div class=\"excel-before-content-2\" id=\"excel-323561894\"><script type=\"text\/javascript\">\r\n\tatOptions = {\r\n\t\t'key' : 'c1158f160081d6540a8409e6925dab94',\r\n\t\t'format' : 'iframe',\r\n\t\t'height' : 250,\r\n\t\t'width' : 300,\r\n\t\t'params' : {}\r\n\t};\r\n<\/script>\r\n<script type=\"text\/javascript\" src=\"\/\/www.highperformanceformat.com\/c1158f160081d6540a8409e6925dab94\/invoke.js\"><\/script><\/div><div class=\"excel-before-content\" id=\"excel-1895123835\"><script type=\"text\/javascript\">\r\n\tatOptions = {\r\n\t\t'key' : 'c1158f160081d6540a8409e6925dab94',\r\n\t\t'format' : 'iframe',\r\n\t\t'height' : 250,\r\n\t\t'width' : 300,\r\n\t\t'params' : {}\r\n\t};\r\n<\/script>\r\n<script type=\"text\/javascript\" src=\"\/\/www.highperformanceformat.com\/c1158f160081d6540a8409e6925dab94\/invoke.js\"><\/script><\/div> <p>Para encontrar a \u00faltima linha, coluna ou c\u00e9lula, voc\u00ea pode usar a propriedade \u201cFim\u201d do intervalo. A propriedade end permite navegar at\u00e9 o final do intervalo de dados (at\u00e9 a \u00faltima c\u00e9lula que n\u00e3o est\u00e1 vazia). Com isso, existem constantes que voc\u00ea pode usar para decidir em qual dire\u00e7\u00e3o deseja navegar (para cima, para baixo, para a esquerda ou para a direita).<\/p><h2 class=\"wp-block-heading\"> Use VBA para encontrar a \u00faltima linha no Excel<\/h2><ol type=\"1\"><li> Defina a c\u00e9lula ou intervalo a partir do qual deseja navegar at\u00e9 a \u00faltima linha.<\/li><li> Depois disso, insira um ponto para obter a lista de propriedades e m\u00e9todos.<\/li><li> Selecione ou digite \u201cFim\u201d e insira um par\u00eantese inicial.<\/li><li> Use qualquer argumento que voc\u00ea queira usar.<\/li><li> Al\u00e9m disso, use a propriedade address para obter o endere\u00e7o da c\u00e9lula.<\/li><\/ol><pre class=\"wp-block-code\"> <code class=\"language-visual-basic\" lang=\"visual-basic\">MsgBox Range(\"A1\").End(xlDown).Address<\/code><\/pre><p> Ao executar o c\u00f3digo acima, ele mostra uma caixa de mensagem com o n\u00famero da linha da \u00faltima c\u00e9lula n\u00e3o vazia. <\/p><div class=\"wp-block-image\"><figure class=\"aligncenter size-large is-resized\"><img loading=\"lazy\" decoding=\"async\" class=\"wp-image-54519\" src=\"https:\/\/exceladvisor.org\/wp-content\/uploads\/2023\/08\/1-utiliser-vba-pour-trouver-la-derniere-ligne.png\" sizes=\"auto, \" srcset=\"\" alt=\"use vba para encontrar a \u00faltima linha\" width=\"628\" height=\"512\"><\/figure><\/div><h2 class=\"wp-block-heading\"> Encontre a \u00faltima coluna usando VBA<\/h2><p> Agora digamos que voc\u00ea queira encontrar a \u00faltima coluna. Neste caso, ao inv\u00e9s de usar a constante \u201cxlDown\u201d, voc\u00ea deve usar o \u201cxlRight\u201d, e se quiser selecionar aquela c\u00e9lula ao inv\u00e9s de ter o endere\u00e7o, voc\u00ea pode usar o m\u00e9todo \u201cselect\u201d. Considere o seguinte m\u00e9todo. <\/p><pre class=\"wp-block-code\"> <code class=\"language-visual-basic\" lang=\"visual-basic\">Range(\"A1\").End(xlToRight).Select<\/code><\/pre><div class=\"wp-block-image\"><figure class=\"aligncenter size-large is-resized\"><img loading=\"lazy\" decoding=\"async\" class=\"wp-image-54521\" src=\"https:\/\/exceladvisor.org\/wp-content\/uploads\/2023\/08\/2-utilisez-vba-pour-trouver-la-derniere-colonne.png\" sizes=\"auto, \" srcset=\"\" alt=\"use vba para encontrar a \u00faltima coluna\" width=\"616\" height=\"563\"><\/figure><\/div><h2 class=\"wp-block-heading\"> Encontre a \u00faltima c\u00e9lula<\/h2><p> Usando o mesmo m\u00e9todo, voc\u00ea tamb\u00e9m pode obter a \u00faltima c\u00e9lula, que n\u00e3o est\u00e1 vazia. Para escrever este c\u00f3digo, voc\u00ea precisa saber a \u00faltima linha e a \u00faltima coluna. <\/p><pre class=\"wp-block-code\"> <code class=\"language-visual-basic\" lang=\"visual-basic\">Sub vba_last_row() Dim lRow As Long Dim lColumn As Long lRow = Range(\"A1\").End(xlDown).Row lColumn = Range(\"A1\").End(xlToRight).Column Cells(lRow, lColumn).Select End Sub<\/code><\/pre><div class=\"wp-block-image\"><figure class=\"aligncenter size-large is-resized\"><img loading=\"lazy\" decoding=\"async\" class=\"wp-image-54522\" src=\"https:\/\/exceladvisor.org\/wp-content\/uploads\/2023\/08\/3-trouver-la-derniere-cellule.png\" sizes=\"auto, \" srcset=\"\" alt=\"encontre a \u00faltima c\u00e9lula\" width=\"793\" height=\"303\"><\/figure><\/div><p> Para entender o c\u00f3digo acima, precisamos dividi-lo em tr\u00eas partes. <\/p><div class=\"wp-block-image\"><figure class=\"aligncenter size-large is-resized\"><img loading=\"lazy\" decoding=\"async\" class=\"wp-image-54523\" src=\"https:\/\/exceladvisor.org\/wp-content\/uploads\/2023\/08\/4-code-pour-trouver-la-derniere-ligne-et-colonne.png\" sizes=\"auto, \" srcset=\"\" alt=\"c\u00f3digo para encontrar a \u00faltima linha e coluna\" width=\"484\" height=\"336\"><\/figure><\/div><ol type=\"1\"><li> Na PRIMEIRA parte, voc\u00ea <a href=\"https:\/\/exceladvisor.org\/pt\/variaveis\/\">declarou duas vari\u00e1veis<\/a> para armazenar o n\u00famero da linha e o n\u00famero da coluna.<\/li><li> Na SEGUNDA parte, voc\u00ea usou o &#8220;End&#8221; com o &#8220;xlDown&#8221; e depois a propriedade Row para obter o n\u00famero da linha da \u00faltima, e da mesma forma, voc\u00ea usou o &#8220;End&#8221; com o &#8220;xlToRight&#8221; e depois a propriedade \u201cColuna\u201d para obter o n\u00famero da \u00faltima coluna.<\/li><li> Na TERCEIRA parte, usando o n\u00famero da \u00faltima coluna e o n\u00famero da \u00faltima linha, consulte a \u00faltima c\u00e9lula e selecione-a.<\/li><\/ol><p class=\"qt-tip\"> <strong>Nota:<\/strong> Se desejar selecionar uma c\u00e9lula nas diferentes <a href=\"https:\/\/exceladvisor.org\/pt\/planilha-1\/\">planilhas<\/a> usando o m\u00e9todo da \u00faltima linha e da \u00faltima coluna, voc\u00ea deve primeiro <a href=\"https:\/\/exceladvisor.org\/pt\/ativar-planilha\/\">habilitar essa planilha<\/a> .<\/p><h2 class=\"wp-block-heading\"> \u00daltima linha, coluna e c\u00e9lula usando o m\u00e9todo Find<\/h2><p> Voc\u00ea tamb\u00e9m pode usar o m\u00e9todo find com o objeto range para obter a \u00faltima linha, coluna e c\u00e9lula da planilha. Para encontrar o n\u00famero da linha, aqui est\u00e1 o c\u00f3digo:<\/p><pre class=\"wp-block-code\"> <code class=\"language-visual-basic\" lang=\"visual-basic\">Sub vba_last_row() Dim iRow As Long iRow = Cells.Find(What:=\"*\", _ After:=Range(\"A1\"), _ LookAt:=xlPart, _ LookIn:=xlFormulas, _ SearchOrder:=xlByRows, _ SearchDirection:=xlPrevious, _ MatchCase:=False).Row MsgBox iRow End Sub<\/code><\/pre><p> Para o n\u00famero da coluna:<\/p><pre class=\"wp-block-code\"> <code class=\"language-visual-basic\" lang=\"visual-basic\">Sub vba_last_row() Dim iColumn As Long iColumn = Cells.Find(What:=\"*\", _ After:=Range(\"A1\"), _ LookAt:=xlPart, _ LookIn:=xlFormulas, _ SearchOrder:=xlByColumns, _ SearchDirection:=xlPrevious, _ MatchCase:=False).Column MsgBox iColumn End Sub<\/code><\/pre><p> Para obter o endere\u00e7o da \u00faltima c\u00e9lula.<\/p><pre class=\"wp-block-code\"> <code class=\"language-visual-basic\" lang=\"visual-basic\">Sub vba_last_row() Dim iColumn As Long Dim iRow As Long iColumn = Cells.Find(What:=\"*\", _ After:=Range(\"A1\"), _ LookAt:=xlPart, _ LookIn:=xlFormulas, _ SearchOrder:=xlByColumns, _ SearchDirection:=xlPrevious, _ MatchCase:=False).Column iRow = Cells.Find(What:=\"*\", _ After:=Range(\"A1\"), _ LookAt:=xlPart, _ LookIn:=xlFormulas, _ SearchOrder:=xlByRows, _ SearchDirection:=xlPrevious, _ MatchCase:=False).Row Cells(iRow, iColumn).Address End Sub<\/code><\/pre><div class=\"gb-container gb-container-4db6181c gb-container-mt\"> <a class=\"gb-button gb-button-c5897111 gb-button-text gb-button-mt-button\" href=\"https:\/\/exceladvisor.org\/pt\/vba\/\">O que \u00e9 VBA<\/a><h2 class=\"gb-headline gb-headline-665e5f6b gb-headline-text gb-headline-mt-heading\"> Tutoriais relacionados <\/h2><div class=\"gb-grid-wrapper gb-grid-wrapper-a20baf7c gb-grid-wrapper-mt-grid\"><div class=\"gb-grid-column gb-grid-column-65ddf67e\"><div class=\"gb-container gb-container-65ddf67e\"><ul><li> <a href=\"https:\/\/exceladvisor.org\/pt\/numero-de-linhas\/\">Contar linhas usando VBA no Excel<\/a><\/li><li> <a href=\"https:\/\/exceladvisor.org\/pt\/fonte-de-caracteres\/\">Fonte Excel VBA (cor, tamanho, tipo e negrito)<\/a><\/li><li> <a href=\"https:\/\/exceladvisor.org\/pt\/ocultar-mostrar-linha-da-coluna\/\">Excel VBA Ocultar e mostrar uma coluna ou linha<\/a><\/li><li> <a href=\"https:\/\/exceladvisor.org\/pt\/intervalo-1\/\">Intervalo Excel VBA \u2013 Trabalhando com intervalo e c\u00e9lulas<\/a><\/li><li> <a href=\"https:\/\/exceladvisor.org\/pt\/fronteiras\/\">Aplicar bordas a uma c\u00e9lula usando VBA no Excel<\/a> <\/li><\/ul><\/div><\/div><div class=\"gb-grid-column gb-grid-column-50067b57\"><div class=\"gb-container gb-container-50067b57\"><\/div><\/div><\/div><\/div>","protected":false},"excerpt":{"rendered":"","protected":false},"author":1,"featured_media":0,"parent":0,"menu_order":0,"comment_status":"open","ping_status":"closed","template":"","meta":{"ub_ctt_via":"","footnotes":""},"class_list":["post-735","page","type-page","status-publish","hentry"],"featured_image_src":null,"yoast_head":"<!-- This site is optimized with the Yoast SEO plugin v25.4 - https:\/\/yoast.com\/wordpress\/plugins\/seo\/ -->\n<title>Como encontrar a \u00faltima linha, coluna e c\u00e9lula no Excel?<\/title>\n<meta name=\"description\" content=\"Este tutorial mostra como usar o VBA para encontrar a \u00faltima linha, a \u00faltima coluna e a \u00faltima c\u00e9lula de uma planilha.\" \/>\n<meta name=\"robots\" content=\"index, follow, max-snippet:-1, max-image-preview:large, max-video-preview:-1\" \/>\n<link rel=\"canonical\" href=\"https:\/\/exceladvisor.org\/pt\/encontre-a-celula-da-coluna-da-ultima-linha\/\" \/>\n<meta property=\"og:locale\" content=\"pt_PT\" \/>\n<meta property=\"og:type\" content=\"article\" \/>\n<meta property=\"og:title\" content=\"Como encontrar a \u00faltima linha, coluna e c\u00e9lula no Excel?\" \/>\n<meta property=\"og:description\" content=\"Este tutorial mostra como usar o VBA para encontrar a \u00faltima linha, a \u00faltima coluna e a \u00faltima c\u00e9lula de uma planilha.\" \/>\n<meta property=\"og:url\" content=\"https:\/\/exceladvisor.org\/pt\/encontre-a-celula-da-coluna-da-ultima-linha\/\" \/>\n<meta property=\"og:site_name\" content=\"Excel Advisor\" \/>\n<meta property=\"article:modified_time\" content=\"2023-12-06T11:37:31+00:00\" \/>\n<meta property=\"og:image\" content=\"https:\/\/exceladvisor.org\/wp-content\/uploads\/2023\/08\/1-utiliser-vba-pour-trouver-la-derniere-ligne.png\" \/>\n<meta name=\"twitter:card\" content=\"summary_large_image\" \/>\n<meta name=\"twitter:label1\" content=\"Tempo estimado de leitura\" \/>\n\t<meta name=\"twitter:data1\" content=\"3 minutos\" \/>\n<script type=\"application\/ld+json\" class=\"yoast-schema-graph\">{\"@context\":\"https:\/\/schema.org\",\"@graph\":[{\"@type\":\"WebPage\",\"@id\":\"https:\/\/exceladvisor.org\/pt\/encontre-a-celula-da-coluna-da-ultima-linha\/\",\"url\":\"https:\/\/exceladvisor.org\/pt\/encontre-a-celula-da-coluna-da-ultima-linha\/\",\"name\":\"Como encontrar a \u00faltima linha, coluna e c\u00e9lula no Excel?\",\"isPartOf\":{\"@id\":\"https:\/\/exceladvisor.org\/pt\/#website\"},\"primaryImageOfPage\":{\"@id\":\"https:\/\/exceladvisor.org\/pt\/encontre-a-celula-da-coluna-da-ultima-linha\/#primaryimage\"},\"image\":{\"@id\":\"https:\/\/exceladvisor.org\/pt\/encontre-a-celula-da-coluna-da-ultima-linha\/#primaryimage\"},\"thumbnailUrl\":\"https:\/\/exceladvisor.org\/wp-content\/uploads\/2023\/08\/1-utiliser-vba-pour-trouver-la-derniere-ligne.png\",\"datePublished\":\"2023-09-01T08:27:58+00:00\",\"dateModified\":\"2023-12-06T11:37:31+00:00\",\"description\":\"Este tutorial mostra como usar o VBA para encontrar a \u00faltima linha, a \u00faltima coluna e a \u00faltima c\u00e9lula de uma planilha.\",\"breadcrumb\":{\"@id\":\"https:\/\/exceladvisor.org\/pt\/encontre-a-celula-da-coluna-da-ultima-linha\/#breadcrumb\"},\"inLanguage\":\"pt-PT\",\"potentialAction\":[{\"@type\":\"ReadAction\",\"target\":[\"https:\/\/exceladvisor.org\/pt\/encontre-a-celula-da-coluna-da-ultima-linha\/\"]}]},{\"@type\":\"ImageObject\",\"inLanguage\":\"pt-PT\",\"@id\":\"https:\/\/exceladvisor.org\/pt\/encontre-a-celula-da-coluna-da-ultima-linha\/#primaryimage\",\"url\":\"https:\/\/exceladvisor.org\/wp-content\/uploads\/2023\/08\/1-utiliser-vba-pour-trouver-la-derniere-ligne.png\",\"contentUrl\":\"https:\/\/exceladvisor.org\/wp-content\/uploads\/2023\/08\/1-utiliser-vba-pour-trouver-la-derniere-ligne.png\"},{\"@type\":\"BreadcrumbList\",\"@id\":\"https:\/\/exceladvisor.org\/pt\/encontre-a-celula-da-coluna-da-ultima-linha\/#breadcrumb\",\"itemListElement\":[{\"@type\":\"ListItem\",\"position\":1,\"name\":\"Lar\",\"item\":\"https:\/\/exceladvisor.org\/pt\/\"},{\"@type\":\"ListItem\",\"position\":2,\"name\":\"Como encontrar a \u00faltima linha, coluna e c\u00e9lula?\"}]},{\"@type\":\"WebSite\",\"@id\":\"https:\/\/exceladvisor.org\/pt\/#website\",\"url\":\"https:\/\/exceladvisor.org\/pt\/\",\"name\":\"Excel Advisor\",\"description\":\"O seu guia definitivo para dominar os dados!\",\"publisher\":{\"@id\":\"https:\/\/exceladvisor.org\/pt\/#organization\"},\"potentialAction\":[{\"@type\":\"SearchAction\",\"target\":{\"@type\":\"EntryPoint\",\"urlTemplate\":\"https:\/\/exceladvisor.org\/pt\/?s={search_term_string}\"},\"query-input\":{\"@type\":\"PropertyValueSpecification\",\"valueRequired\":true,\"valueName\":\"search_term_string\"}}],\"inLanguage\":\"pt-PT\"},{\"@type\":\"Organization\",\"@id\":\"https:\/\/exceladvisor.org\/pt\/#organization\",\"name\":\"Excel Advisor\",\"url\":\"https:\/\/exceladvisor.org\/pt\/\",\"logo\":{\"@type\":\"ImageObject\",\"inLanguage\":\"pt-PT\",\"@id\":\"https:\/\/exceladvisor.org\/pt\/#\/schema\/logo\/image\/\",\"url\":\"https:\/\/exceladvisor.org\/pt\/wp-content\/uploads\/2023\/12\/exceladvisor.org_.png\",\"contentUrl\":\"https:\/\/exceladvisor.org\/pt\/wp-content\/uploads\/2023\/12\/exceladvisor.org_.png\",\"width\":105,\"height\":36,\"caption\":\"Excel Advisor\"},\"image\":{\"@id\":\"https:\/\/exceladvisor.org\/pt\/#\/schema\/logo\/image\/\"}}]}<\/script>\n<!-- \/ Yoast SEO plugin. -->","yoast_head_json":{"title":"Como encontrar a \u00faltima linha, coluna e c\u00e9lula no Excel?","description":"Este tutorial mostra como usar o VBA para encontrar a \u00faltima linha, a \u00faltima coluna e a \u00faltima c\u00e9lula de uma planilha.","robots":{"index":"index","follow":"follow","max-snippet":"max-snippet:-1","max-image-preview":"max-image-preview:large","max-video-preview":"max-video-preview:-1"},"canonical":"https:\/\/exceladvisor.org\/pt\/encontre-a-celula-da-coluna-da-ultima-linha\/","og_locale":"pt_PT","og_type":"article","og_title":"Como encontrar a \u00faltima linha, coluna e c\u00e9lula no Excel?","og_description":"Este tutorial mostra como usar o VBA para encontrar a \u00faltima linha, a \u00faltima coluna e a \u00faltima c\u00e9lula de uma planilha.","og_url":"https:\/\/exceladvisor.org\/pt\/encontre-a-celula-da-coluna-da-ultima-linha\/","og_site_name":"Excel Advisor","article_modified_time":"2023-12-06T11:37:31+00:00","og_image":[{"url":"https:\/\/exceladvisor.org\/wp-content\/uploads\/2023\/08\/1-utiliser-vba-pour-trouver-la-derniere-ligne.png","type":"","width":"","height":""}],"twitter_card":"summary_large_image","twitter_misc":{"Tempo estimado de leitura":"3 minutos"},"schema":{"@context":"https:\/\/schema.org","@graph":[{"@type":"WebPage","@id":"https:\/\/exceladvisor.org\/pt\/encontre-a-celula-da-coluna-da-ultima-linha\/","url":"https:\/\/exceladvisor.org\/pt\/encontre-a-celula-da-coluna-da-ultima-linha\/","name":"Como encontrar a \u00faltima linha, coluna e c\u00e9lula no Excel?","isPartOf":{"@id":"https:\/\/exceladvisor.org\/pt\/#website"},"primaryImageOfPage":{"@id":"https:\/\/exceladvisor.org\/pt\/encontre-a-celula-da-coluna-da-ultima-linha\/#primaryimage"},"image":{"@id":"https:\/\/exceladvisor.org\/pt\/encontre-a-celula-da-coluna-da-ultima-linha\/#primaryimage"},"thumbnailUrl":"https:\/\/exceladvisor.org\/wp-content\/uploads\/2023\/08\/1-utiliser-vba-pour-trouver-la-derniere-ligne.png","datePublished":"2023-09-01T08:27:58+00:00","dateModified":"2023-12-06T11:37:31+00:00","description":"Este tutorial mostra como usar o VBA para encontrar a \u00faltima linha, a \u00faltima coluna e a \u00faltima c\u00e9lula de uma planilha.","breadcrumb":{"@id":"https:\/\/exceladvisor.org\/pt\/encontre-a-celula-da-coluna-da-ultima-linha\/#breadcrumb"},"inLanguage":"pt-PT","potentialAction":[{"@type":"ReadAction","target":["https:\/\/exceladvisor.org\/pt\/encontre-a-celula-da-coluna-da-ultima-linha\/"]}]},{"@type":"ImageObject","inLanguage":"pt-PT","@id":"https:\/\/exceladvisor.org\/pt\/encontre-a-celula-da-coluna-da-ultima-linha\/#primaryimage","url":"https:\/\/exceladvisor.org\/wp-content\/uploads\/2023\/08\/1-utiliser-vba-pour-trouver-la-derniere-ligne.png","contentUrl":"https:\/\/exceladvisor.org\/wp-content\/uploads\/2023\/08\/1-utiliser-vba-pour-trouver-la-derniere-ligne.png"},{"@type":"BreadcrumbList","@id":"https:\/\/exceladvisor.org\/pt\/encontre-a-celula-da-coluna-da-ultima-linha\/#breadcrumb","itemListElement":[{"@type":"ListItem","position":1,"name":"Lar","item":"https:\/\/exceladvisor.org\/pt\/"},{"@type":"ListItem","position":2,"name":"Como encontrar a \u00faltima linha, coluna e c\u00e9lula?"}]},{"@type":"WebSite","@id":"https:\/\/exceladvisor.org\/pt\/#website","url":"https:\/\/exceladvisor.org\/pt\/","name":"Excel Advisor","description":"O seu guia definitivo para dominar os dados!","publisher":{"@id":"https:\/\/exceladvisor.org\/pt\/#organization"},"potentialAction":[{"@type":"SearchAction","target":{"@type":"EntryPoint","urlTemplate":"https:\/\/exceladvisor.org\/pt\/?s={search_term_string}"},"query-input":{"@type":"PropertyValueSpecification","valueRequired":true,"valueName":"search_term_string"}}],"inLanguage":"pt-PT"},{"@type":"Organization","@id":"https:\/\/exceladvisor.org\/pt\/#organization","name":"Excel Advisor","url":"https:\/\/exceladvisor.org\/pt\/","logo":{"@type":"ImageObject","inLanguage":"pt-PT","@id":"https:\/\/exceladvisor.org\/pt\/#\/schema\/logo\/image\/","url":"https:\/\/exceladvisor.org\/pt\/wp-content\/uploads\/2023\/12\/exceladvisor.org_.png","contentUrl":"https:\/\/exceladvisor.org\/pt\/wp-content\/uploads\/2023\/12\/exceladvisor.org_.png","width":105,"height":36,"caption":"Excel Advisor"},"image":{"@id":"https:\/\/exceladvisor.org\/pt\/#\/schema\/logo\/image\/"}}]}},"yoast_meta":{"yoast_wpseo_title":"","yoast_wpseo_metadesc":"","yoast_wpseo_canonical":""},"_links":{"self":[{"href":"https:\/\/exceladvisor.org\/pt\/wp-json\/wp\/v2\/pages\/735","targetHints":{"allow":["GET"]}}],"collection":[{"href":"https:\/\/exceladvisor.org\/pt\/wp-json\/wp\/v2\/pages"}],"about":[{"href":"https:\/\/exceladvisor.org\/pt\/wp-json\/wp\/v2\/types\/page"}],"author":[{"embeddable":true,"href":"https:\/\/exceladvisor.org\/pt\/wp-json\/wp\/v2\/users\/1"}],"replies":[{"embeddable":true,"href":"https:\/\/exceladvisor.org\/pt\/wp-json\/wp\/v2\/comments?post=735"}],"version-history":[{"count":1,"href":"https:\/\/exceladvisor.org\/pt\/wp-json\/wp\/v2\/pages\/735\/revisions"}],"predecessor-version":[{"id":1045,"href":"https:\/\/exceladvisor.org\/pt\/wp-json\/wp\/v2\/pages\/735\/revisions\/1045"}],"wp:attachment":[{"href":"https:\/\/exceladvisor.org\/pt\/wp-json\/wp\/v2\/media?parent=735"}],"curies":[{"name":"wp","href":"https:\/\/api.w.org\/{rel}","templated":true}]}}