{"id":736,"date":"2023-09-01T08:07:06","date_gmt":"2023-09-01T08:07:06","guid":{"rendered":"https:\/\/exceladvisor.org\/pt\/valor-da-celula\/"},"modified":"2023-12-06T11:38:10","modified_gmt":"2023-12-06T11:38:10","slug":"valor-da-celula","status":"publish","type":"page","link":"https:\/\/exceladvisor.org\/pt\/valor-da-celula\/","title":{"rendered":"Como inserir um valor em uma c\u00e9lula usando vba?"},"content":{"rendered":"<div class=\"excel-before-content-2\" id=\"excel-1286448736\"><script type=\"text\/javascript\">\r\n\tatOptions = {\r\n\t\t'key' : 'c1158f160081d6540a8409e6925dab94',\r\n\t\t'format' : 'iframe',\r\n\t\t'height' : 250,\r\n\t\t'width' : 300,\r\n\t\t'params' : {}\r\n\t};\r\n<\/script>\r\n<script type=\"text\/javascript\" src=\"\/\/www.highperformanceformat.com\/c1158f160081d6540a8409e6925dab94\/invoke.js\"><\/script><\/div><div class=\"excel-before-content\" id=\"excel-3804207045\"><script type=\"text\/javascript\">\r\n\tatOptions = {\r\n\t\t'key' : 'c1158f160081d6540a8409e6925dab94',\r\n\t\t'format' : 'iframe',\r\n\t\t'height' : 250,\r\n\t\t'width' : 300,\r\n\t\t'params' : {}\r\n\t};\r\n<\/script>\r\n<script type=\"text\/javascript\" src=\"\/\/www.highperformanceformat.com\/c1158f160081d6540a8409e6925dab94\/invoke.js\"><\/script><\/div> <p class=\"wp-block-heading\"><strong>Notas principais<\/strong><\/p><ul><li> A propriedade value pode ser usada em ambas as dire\u00e7\u00f5es (voc\u00ea pode ler e escrever um valor de uma c\u00e9lula).<\/li><li> Voc\u00ea pode <a href=\"https:\/\/exceladvisor.org\/pt\/intervalo-1\/\">consultar uma c\u00e9lula usando C\u00e9lulas e Objeto de Intervalo<\/a> para definir um valor de c\u00e9lula (para obter e editar tamb\u00e9m).<\/li><\/ul><h2 class=\"wp-block-heading\"> Definir valor da c\u00e9lula<\/h2><p> Para definir um valor de c\u00e9lula, voc\u00ea precisa usar a propriedade \u201cValor\u201d e, em seguida, definir o valor que deseja definir. Aqui usei alguns exemplos para ajud\u00e1-lo a entender isso.<\/p><h3 class=\"wp-block-heading\"> 1. Insira um valor em uma c\u00e9lula<\/h3><p> Suponha que voc\u00ea precise inserir o valor \u201cConclu\u00eddo\u201d na c\u00e9lula A1. Neste caso o c\u00f3digo seria algo como abaixo: <\/p><pre class=\"wp-block-code\"> <code class=\"language-visual-basic\" lang=\"visual-basic\">Range(\"A1\").Value = \"Done\"<\/code><\/pre><div class=\"wp-block-image\"><figure class=\"aligncenter size-large is-resized\"><img loading=\"lazy\" decoding=\"async\" class=\"wp-image-51319\" src=\"https:\/\/exceladvisor.org\/wp-content\/uploads\/2023\/08\/1-valeur-de-cellule-definie.png\" sizes=\"auto, \" srcset=\"\" alt=\"definir valor da c\u00e9lula\" width=\"311\" height=\"148\"><\/figure><\/div><p> Como voc\u00ea pode ver, primeiro defino o endere\u00e7o da c\u00e9lula onde desejo adicionar o valor e depois a propriedade value. No final, atribu\u00ed o valor &#8220;Conclu\u00eddo&#8221; usando o sinal de igual &#8220;=&#8221; entre aspas duplas.<\/p><p> Voc\u00ea tamb\u00e9m pode usar a propriedade &#8220;C\u00e9lulas&#8221;, assim como o c\u00f3digo a seguir.<\/p><pre class=\"wp-block-code\"> <code class=\"language-visual-basic\" lang=\"visual-basic\">Cells(1, 1).Value = \"Done\"<\/code><\/pre><p> O c\u00f3digo acima tamb\u00e9m se refere \u00e0 c\u00e9lula A1.<\/p><p> Al\u00e9m disso, existe outra maneira que voc\u00ea pode usar: n\u00e3o usar a propriedade value atribuindo diretamente o valor \u00e0 c\u00e9lula.<\/p><pre class=\"wp-block-code\"> <code class=\"language-visual-basic\" lang=\"visual-basic\">Cells(1, 1) = \"Done\"<\/code><\/pre><p> Mas \u00e9 recomendado usar a propriedade value para inserir um valor em uma c\u00e9lula.<\/p><p> Agora suponha que voc\u00ea queira inserir um n\u00famero em uma c\u00e9lula. Neste caso, n\u00e3o \u00e9 necess\u00e1rio usar aspas duplas. Voc\u00ea pode escrever o c\u00f3digo da seguinte maneira.<\/p><pre class=\"wp-block-code\"> <code class=\"language-visual-basic\" lang=\"visual-basic\">Range(\"A1\") = 99<\/code><\/pre><p> Voc\u00ea tamb\u00e9m pode <a href=\"https:\/\/exceladvisor.org\/pt\/data-2\/\">DATE<\/a> e <a href=\"https:\/\/exceladvisor.org\/pt\/agora\/\">NOW<\/a> ( <a href=\"https:\/\/exceladvisor.org\/pt\/funcoes\/\">fun\u00e7\u00f5es VBA<\/a> ) para inserir uma data ou <a href=\"https:\/\/exceladvisor.org\/pt\/carimbo-de-datahora\/\">carimbo de<\/a> data \/ hora em uma c\u00e9lula usando o c\u00f3digo VBA.<\/p><pre class=\"wp-block-code\"> <code class=\"language-visual-basic\" lang=\"visual-basic\">Range(\"A1\").Value = Date Range(\"A2\").Value = Now<\/code><\/pre><p> E se voc\u00ea quiser inserir um valor na c\u00e9lula ativa, o c\u00f3digo que voc\u00ea precisa seria assim:<\/p><pre class=\"wp-block-code\"> <code class=\"language-visual-basic\" lang=\"visual-basic\">ActiveCell.Value = Date<\/code><\/pre><h3 class=\"wp-block-heading\"> 2. Usando uma caixa de entrada<\/h3><p> Se quiser que um usu\u00e1rio especifique um valor para inserir em uma c\u00e9lula, voc\u00ea pode usar uma caixa de entrada. Suponha que voc\u00ea queira inserir o valor na c\u00e9lula A1, o c\u00f3digo ficaria assim: <\/p><div class=\"wp-block-image\"><figure class=\"aligncenter size-large is-resized\"><img loading=\"lazy\" decoding=\"async\" class=\"wp-image-51320\" src=\"https:\/\/exceladvisor.org\/wp-content\/uploads\/2023\/08\/2-utiliser-la-zone-de-saisie-pour-la-valeur.png\" sizes=\"auto, \" srcset=\"\" alt=\"usar caixa de entrada para valor\" width=\"496\" height=\"162\"><\/figure><\/div><pre class=\"wp-block-code\"> <code class=\"language-visual-basic\" lang=\"visual-basic\">Range(\"A1\").Value = _ InputBox(Prompt:=\"Type the value you want enter in A1.\")<\/code><\/pre><p> No c\u00f3digo acima, o valor da c\u00e9lula A1 \u00e9 atribu\u00eddo ao valor retornado pela <a href=\"https:\/\/exceladvisor.org\/pt\/campo-de-entrada\/\">caixa de entrada<\/a> que retorna o valor inserido pelo usu\u00e1rio.<\/p><h3 class=\"wp-block-heading\"> 3. De outra c\u00e9lula<\/h3><p> Voc\u00ea tamb\u00e9m pode definir o valor da c\u00e9lula usando o valor de outra c\u00e9lula. Suponha que voc\u00ea queira adicionar valor \u00e0 c\u00e9lula A1 da c\u00e9lula B1, o c\u00f3digo seria: <\/p><pre class=\"wp-block-code\"> <code class=\"language-visual-basic\" lang=\"visual-basic\">Range(\"A1\") = Range(\"B1\").Value<\/code><\/pre><div class=\"wp-block-image\"><figure class=\"aligncenter size-large is-resized\"><img loading=\"lazy\" decoding=\"async\" class=\"wp-image-51321\" src=\"https:\/\/exceladvisor.org\/wp-content\/uploads\/2023\/08\/3-definir-la-valeur-de-la-cellule-en-utilisant-la-valeur-dune-autre-cellule.png\" sizes=\"auto, \" srcset=\"\" alt=\"definir o valor da c\u00e9lula usando o valor de outra c\u00e9lula\" width=\"521\" height=\"303\"><\/figure><\/div><p> Voc\u00ea tamb\u00e9m pode consultar a c\u00e9lula B1 sem usar a propriedade value.<\/p><pre class=\"wp-block-code\"> <code class=\"language-visual-basic\" lang=\"visual-basic\">Range(\"A1\") = Range(\"B1\")<\/code><\/pre><h3 class=\"wp-block-heading\"> 4. Defina o valor em um intervalo inteiro<\/h3><p> Imagine que voc\u00ea deseja inserir valores em v\u00e1rias c\u00e9lulas ou em um intervalo de c\u00e9lulas em vez de uma \u00fanica c\u00e9lula, neste caso voc\u00ea precisa escrever um c\u00f3digo como abaixo: <\/p><pre class=\"wp-block-code\"> <code class=\"language-visual-basic\" lang=\"visual-basic\">Range(\"A1:A10\").Value = Date Range(\"B1, B10\").Value = Now<\/code><\/pre><div class=\"wp-block-image\"><figure class=\"aligncenter size-large is-resized\"><img loading=\"lazy\" decoding=\"async\" class=\"wp-image-51322\" src=\"https:\/\/exceladvisor.org\/wp-content\/uploads\/2023\/08\/4-valeurs-de-consigne-dans-toute-la-plage.png\" sizes=\"auto, \" srcset=\"\" alt=\"definir valor em todo o intervalo\" width=\"326\" height=\"162\"><\/figure><\/div><p> Na primeira linha do c\u00f3digo voc\u00ea tem um intervalo inteiro da c\u00e9lula A1 a A10, e na segunda linha h\u00e1 duas c\u00e9lulas B1 e B10.<\/p><h2 class=\"wp-block-heading\"> Obtenha o valor da c\u00e9lula<\/h2><p> Como eu disse, voc\u00ea pode usar a mesma propriedade value para obter o valor de uma c\u00e9lula.<\/p><h3 class=\"wp-block-heading\"> 1. Obtenha o valor do ActiveCell<\/h3><p> Suponha que voc\u00ea queira obter o valor da c\u00e9lula ativa, neste caso voc\u00ea precisa usar o seguinte c\u00f3digo. <\/p><pre class=\"wp-block-code\"> <code class=\"language-visual-basic\" lang=\"visual-basic\">ActiveCell.Value = Range(\"A1\")<\/code><\/pre><div class=\"wp-block-image\"><figure class=\"aligncenter size-large is-resized\"><img loading=\"lazy\" decoding=\"async\" class=\"wp-image-51323\" src=\"https:\/\/exceladvisor.org\/wp-content\/uploads\/2023\/08\/5-obtenir-la-valeur-de-la-cellule.png\" sizes=\"auto, \" srcset=\"\" alt=\"obter valor da c\u00e9lula\" width=\"323\" height=\"150\"><\/figure><\/div><p> No c\u00f3digo acima, voc\u00ea usou a propriedade value com a c\u00e9lula ativa e atribuiu esse valor \u00e0 c\u00e9lula A1.<\/p><h3 class=\"wp-block-heading\"> 2. Atribuir a uma vari\u00e1vel<\/h3><p> Voc\u00ea tamb\u00e9m pode obter um valor de uma c\u00e9lula e atribu\u00ed-lo a uma <a href=\"https:\/\/exceladvisor.org\/pt\/variaveis\/\">vari\u00e1vel<\/a> . <\/p><div class=\"wp-block-image\"><figure class=\"aligncenter size-large is-resized\"><img loading=\"lazy\" decoding=\"async\" class=\"wp-image-51324\" src=\"https:\/\/exceladvisor.org\/wp-content\/uploads\/2023\/08\/6-affecter-a-une-variable.png\" sizes=\"auto, \" srcset=\"\" alt=\"atribuir a uma vari\u00e1vel\" width=\"333\" height=\"171\"><\/figure><\/div><p> Agora no c\u00f3digo acima voc\u00ea tem a vari\u00e1vel \u201ci\u201d que tem data como <a href=\"https:\/\/exceladvisor.org\/pt\/variaveis\/\">tipo de dado<\/a> . Na segunda linha do c\u00f3digo, o valor da c\u00e9lula A1 \u00e9 atribu\u00eddo \u00e0 vari\u00e1vel.<\/p><h3 class=\"wp-block-heading\"> 3. Exibir em uma MsgBox<\/h3><p> Agora imagine que voc\u00ea deseja exibir o valor da c\u00e9lula A1 usando uma <a href=\"https:\/\/exceladvisor.org\/pt\/caixa-de-mensagens-vba\/\">caixa de mensagem<\/a> . Neste caso o c\u00f3digo seria como abaixo. <\/p><pre class=\"wp-block-code\"> <code class=\"language-visual-basic\" lang=\"visual-basic\">MsgBox Range(\"A1\").Value<\/code><\/pre><div class=\"wp-block-image\"><figure class=\"aligncenter size-large is-resized\"><img loading=\"lazy\" decoding=\"async\" class=\"wp-image-51325\" src=\"https:\/\/exceladvisor.org\/wp-content\/uploads\/2023\/08\/7-afficher-dans-une-msgbox.png\" sizes=\"auto, \" srcset=\"\" alt=\"exibir em uma msgbox\" width=\"309\" height=\"163\"><\/figure><\/div><p> No c\u00f3digo acima, a caixa de mensagem pegar\u00e1 o valor da c\u00e9lula A1 e mostrar\u00e1 ao usu\u00e1rio. <\/p><div class=\"wp-block-image\"><figure class=\"aligncenter size-large is-resized\"><img loading=\"lazy\" decoding=\"async\" class=\"wp-image-51326\" src=\"https:\/\/exceladvisor.org\/wp-content\/uploads\/2023\/08\/8-msgbox-prennent-de-la-valeur.png\" sizes=\"auto, \" srcset=\"\" alt=\"msgbox-take-value\" width=\"131\" height=\"155\"><\/figure><\/div><h2 class=\"wp-block-heading\"> Alterar valor da c\u00e9lula<\/h2><p> Voc\u00ea tamb\u00e9m pode fazer altera\u00e7\u00f5es no valor de uma c\u00e9lula, e aqui compartilhei alguns exemplos que podem ajud\u00e1-lo a entender isso.<\/p><h3 class=\"wp-block-heading\"> 1. Adicione um n\u00famero a um n\u00famero existente<\/h3><p> Digamos que se voc\u00ea quiser adicionar um ao n\u00famero que tem na c\u00e9lula A1, voc\u00ea pode usar o c\u00f3digo a seguir.<\/p><pre class=\"wp-block-code\"> <code class=\"language-visual-basic\" lang=\"visual-basic\">Range(\"A1\").Value = Range(\"A1\").Value + 1<\/code><\/pre><p> O c\u00f3digo acima atribui um valor \u00e0 c\u00e9lula A1 pegando o valor da pr\u00f3pria c\u00e9lula A1 e adicionando um a ela. Mas voc\u00ea tamb\u00e9m pode usar <a href=\"https:\/\/exceladvisor.org\/pt\/se-2\/\">VBA IF THEN ELSE<\/a> para escrever uma condi\u00e7\u00e3o a ser alterada apenas quando <a href=\"https:\/\/exceladvisor.org\/pt\/e-numerico\/\">houver um n\u00famero na c\u00e9lula<\/a> .<\/p><pre class=\"wp-block-code\"> <code class=\"language-visual-basic\" lang=\"visual-basic\">If IsNumeric(Range(\"A1\").Value) Then Range(\"A1\").Value = Range(\"A1\").Value + 1 End If<\/code><\/pre><h3 class=\"wp-block-heading\"> 2. Exclua o primeiro caractere da c\u00e9lula<\/h3><p> Agora, o c\u00f3digo a seguir remove o primeiro caractere do valor da c\u00e9lula e atribui o restante do valor \u00e0 c\u00e9lula.<\/p><pre class=\"wp-block-code\"> <code class=\"language-visual-basic\" lang=\"visual-basic\">Range(\"A1\").Value = Right(Range(\"A1\").Value, Len(Range(\"A1\").Value) - 1)<\/code><\/pre><div class=\"gb-container gb-container-4db6181c gb-container-mt\"> <a class=\"gb-button gb-button-c5897111 gb-button-text gb-button-mt-button\" href=\"https:\/\/exceladvisor.org\/pt\/vba\/\">O que \u00e9 VBA<\/a><h2 class=\"gb-headline gb-headline-665e5f6b gb-headline-text gb-headline-mt-heading\"> Tutoriais relacionados <\/h2><div class=\"gb-grid-wrapper gb-grid-wrapper-a20baf7c gb-grid-wrapper-mt-grid\"><div class=\"gb-grid-column gb-grid-column-65ddf67e\"><div class=\"gb-container gb-container-65ddf67e\"><ul><li> <a href=\"https:\/\/exceladvisor.org\/pt\/numero-de-linhas\/\">Contar linhas usando VBA no Excel<\/a><\/li><li> <a href=\"https:\/\/exceladvisor.org\/pt\/fonte-de-caracteres\/\">Fonte Excel VBA (cor, tamanho, tipo e negrito)<\/a><\/li><li> <a href=\"https:\/\/exceladvisor.org\/pt\/ocultar-mostrar-linha-da-coluna\/\">Excel VBA Ocultar e mostrar uma coluna ou linha<\/a><\/li><li> <a href=\"https:\/\/exceladvisor.org\/pt\/intervalo-1\/\">Intervalo Excel VBA \u2013 Trabalhando com intervalo e c\u00e9lulas<\/a><\/li><li> <a href=\"https:\/\/exceladvisor.org\/pt\/fronteiras\/\">Aplicar bordas a uma c\u00e9lula usando VBA no Excel<\/a> <\/li><\/ul><\/div><\/div><div class=\"gb-grid-column gb-grid-column-50067b57\"><div class=\"gb-container gb-container-50067b57\"><\/div><\/div><\/div><\/div>","protected":false},"excerpt":{"rendered":"","protected":false},"author":1,"featured_media":0,"parent":0,"menu_order":0,"comment_status":"open","ping_status":"closed","template":"","meta":{"ub_ctt_via":"","footnotes":""},"class_list":["post-736","page","type-page","status-publish","hentry"],"featured_image_src":null,"yoast_head":"<!-- This site is optimized with the Yoast SEO plugin v25.4 - https:\/\/yoast.com\/wordpress\/plugins\/seo\/ -->\n<title>\u25b7 Como inserir um valor em uma c\u00e9lula via VBA?<\/title>\n<meta name=\"description\" content=\"Este tutorial mostra como usar VBA para definir (inserir) um valor em uma c\u00e9lula, obter o valor de uma c\u00e9lula e\" \/>\n<meta name=\"robots\" content=\"index, follow, max-snippet:-1, max-image-preview:large, max-video-preview:-1\" \/>\n<link rel=\"canonical\" href=\"https:\/\/exceladvisor.org\/pt\/valor-da-celula\/\" \/>\n<meta property=\"og:locale\" content=\"pt_PT\" \/>\n<meta property=\"og:type\" content=\"article\" \/>\n<meta property=\"og:title\" content=\"\u25b7 Como inserir um valor em uma c\u00e9lula via VBA?\" \/>\n<meta property=\"og:description\" content=\"Este tutorial mostra como usar VBA para definir (inserir) um valor em uma c\u00e9lula, obter o valor de uma c\u00e9lula e\" \/>\n<meta property=\"og:url\" content=\"https:\/\/exceladvisor.org\/pt\/valor-da-celula\/\" \/>\n<meta property=\"og:site_name\" content=\"Excel Advisor\" \/>\n<meta property=\"article:modified_time\" content=\"2023-12-06T11:38:10+00:00\" \/>\n<meta property=\"og:image\" content=\"https:\/\/exceladvisor.org\/wp-content\/uploads\/2023\/08\/1-valeur-de-cellule-definie.png\" \/>\n<meta name=\"twitter:card\" content=\"summary_large_image\" \/>\n<meta name=\"twitter:label1\" content=\"Tempo estimado de leitura\" \/>\n\t<meta name=\"twitter:data1\" content=\"5 minutos\" \/>\n<script type=\"application\/ld+json\" class=\"yoast-schema-graph\">{\"@context\":\"https:\/\/schema.org\",\"@graph\":[{\"@type\":\"WebPage\",\"@id\":\"https:\/\/exceladvisor.org\/pt\/valor-da-celula\/\",\"url\":\"https:\/\/exceladvisor.org\/pt\/valor-da-celula\/\",\"name\":\"\u25b7 Como inserir um valor em uma c\u00e9lula via VBA?\",\"isPartOf\":{\"@id\":\"https:\/\/exceladvisor.org\/pt\/#website\"},\"primaryImageOfPage\":{\"@id\":\"https:\/\/exceladvisor.org\/pt\/valor-da-celula\/#primaryimage\"},\"image\":{\"@id\":\"https:\/\/exceladvisor.org\/pt\/valor-da-celula\/#primaryimage\"},\"thumbnailUrl\":\"https:\/\/exceladvisor.org\/wp-content\/uploads\/2023\/08\/1-valeur-de-cellule-definie.png\",\"datePublished\":\"2023-09-01T08:07:06+00:00\",\"dateModified\":\"2023-12-06T11:38:10+00:00\",\"description\":\"Este tutorial mostra como usar VBA para definir (inserir) um valor em uma c\u00e9lula, obter o valor de uma c\u00e9lula e\",\"breadcrumb\":{\"@id\":\"https:\/\/exceladvisor.org\/pt\/valor-da-celula\/#breadcrumb\"},\"inLanguage\":\"pt-PT\",\"potentialAction\":[{\"@type\":\"ReadAction\",\"target\":[\"https:\/\/exceladvisor.org\/pt\/valor-da-celula\/\"]}]},{\"@type\":\"ImageObject\",\"inLanguage\":\"pt-PT\",\"@id\":\"https:\/\/exceladvisor.org\/pt\/valor-da-celula\/#primaryimage\",\"url\":\"https:\/\/exceladvisor.org\/wp-content\/uploads\/2023\/08\/1-valeur-de-cellule-definie.png\",\"contentUrl\":\"https:\/\/exceladvisor.org\/wp-content\/uploads\/2023\/08\/1-valeur-de-cellule-definie.png\"},{\"@type\":\"BreadcrumbList\",\"@id\":\"https:\/\/exceladvisor.org\/pt\/valor-da-celula\/#breadcrumb\",\"itemListElement\":[{\"@type\":\"ListItem\",\"position\":1,\"name\":\"Lar\",\"item\":\"https:\/\/exceladvisor.org\/pt\/\"},{\"@type\":\"ListItem\",\"position\":2,\"name\":\"Como inserir um valor em uma c\u00e9lula usando vba?\"}]},{\"@type\":\"WebSite\",\"@id\":\"https:\/\/exceladvisor.org\/pt\/#website\",\"url\":\"https:\/\/exceladvisor.org\/pt\/\",\"name\":\"Excel Advisor\",\"description\":\"O seu guia definitivo para dominar os dados!\",\"publisher\":{\"@id\":\"https:\/\/exceladvisor.org\/pt\/#organization\"},\"potentialAction\":[{\"@type\":\"SearchAction\",\"target\":{\"@type\":\"EntryPoint\",\"urlTemplate\":\"https:\/\/exceladvisor.org\/pt\/?s={search_term_string}\"},\"query-input\":{\"@type\":\"PropertyValueSpecification\",\"valueRequired\":true,\"valueName\":\"search_term_string\"}}],\"inLanguage\":\"pt-PT\"},{\"@type\":\"Organization\",\"@id\":\"https:\/\/exceladvisor.org\/pt\/#organization\",\"name\":\"Excel Advisor\",\"url\":\"https:\/\/exceladvisor.org\/pt\/\",\"logo\":{\"@type\":\"ImageObject\",\"inLanguage\":\"pt-PT\",\"@id\":\"https:\/\/exceladvisor.org\/pt\/#\/schema\/logo\/image\/\",\"url\":\"https:\/\/exceladvisor.org\/pt\/wp-content\/uploads\/2023\/12\/exceladvisor.org_.png\",\"contentUrl\":\"https:\/\/exceladvisor.org\/pt\/wp-content\/uploads\/2023\/12\/exceladvisor.org_.png\",\"width\":105,\"height\":36,\"caption\":\"Excel Advisor\"},\"image\":{\"@id\":\"https:\/\/exceladvisor.org\/pt\/#\/schema\/logo\/image\/\"}}]}<\/script>\n<!-- \/ Yoast SEO plugin. -->","yoast_head_json":{"title":"\u25b7 Como inserir um valor em uma c\u00e9lula via VBA?","description":"Este tutorial mostra como usar VBA para definir (inserir) um valor em uma c\u00e9lula, obter o valor de uma c\u00e9lula e","robots":{"index":"index","follow":"follow","max-snippet":"max-snippet:-1","max-image-preview":"max-image-preview:large","max-video-preview":"max-video-preview:-1"},"canonical":"https:\/\/exceladvisor.org\/pt\/valor-da-celula\/","og_locale":"pt_PT","og_type":"article","og_title":"\u25b7 Como inserir um valor em uma c\u00e9lula via VBA?","og_description":"Este tutorial mostra como usar VBA para definir (inserir) um valor em uma c\u00e9lula, obter o valor de uma c\u00e9lula e","og_url":"https:\/\/exceladvisor.org\/pt\/valor-da-celula\/","og_site_name":"Excel Advisor","article_modified_time":"2023-12-06T11:38:10+00:00","og_image":[{"url":"https:\/\/exceladvisor.org\/wp-content\/uploads\/2023\/08\/1-valeur-de-cellule-definie.png","type":"","width":"","height":""}],"twitter_card":"summary_large_image","twitter_misc":{"Tempo estimado de leitura":"5 minutos"},"schema":{"@context":"https:\/\/schema.org","@graph":[{"@type":"WebPage","@id":"https:\/\/exceladvisor.org\/pt\/valor-da-celula\/","url":"https:\/\/exceladvisor.org\/pt\/valor-da-celula\/","name":"\u25b7 Como inserir um valor em uma c\u00e9lula via VBA?","isPartOf":{"@id":"https:\/\/exceladvisor.org\/pt\/#website"},"primaryImageOfPage":{"@id":"https:\/\/exceladvisor.org\/pt\/valor-da-celula\/#primaryimage"},"image":{"@id":"https:\/\/exceladvisor.org\/pt\/valor-da-celula\/#primaryimage"},"thumbnailUrl":"https:\/\/exceladvisor.org\/wp-content\/uploads\/2023\/08\/1-valeur-de-cellule-definie.png","datePublished":"2023-09-01T08:07:06+00:00","dateModified":"2023-12-06T11:38:10+00:00","description":"Este tutorial mostra como usar VBA para definir (inserir) um valor em uma c\u00e9lula, obter o valor de uma c\u00e9lula e","breadcrumb":{"@id":"https:\/\/exceladvisor.org\/pt\/valor-da-celula\/#breadcrumb"},"inLanguage":"pt-PT","potentialAction":[{"@type":"ReadAction","target":["https:\/\/exceladvisor.org\/pt\/valor-da-celula\/"]}]},{"@type":"ImageObject","inLanguage":"pt-PT","@id":"https:\/\/exceladvisor.org\/pt\/valor-da-celula\/#primaryimage","url":"https:\/\/exceladvisor.org\/wp-content\/uploads\/2023\/08\/1-valeur-de-cellule-definie.png","contentUrl":"https:\/\/exceladvisor.org\/wp-content\/uploads\/2023\/08\/1-valeur-de-cellule-definie.png"},{"@type":"BreadcrumbList","@id":"https:\/\/exceladvisor.org\/pt\/valor-da-celula\/#breadcrumb","itemListElement":[{"@type":"ListItem","position":1,"name":"Lar","item":"https:\/\/exceladvisor.org\/pt\/"},{"@type":"ListItem","position":2,"name":"Como inserir um valor em uma c\u00e9lula usando vba?"}]},{"@type":"WebSite","@id":"https:\/\/exceladvisor.org\/pt\/#website","url":"https:\/\/exceladvisor.org\/pt\/","name":"Excel Advisor","description":"O seu guia definitivo para dominar os dados!","publisher":{"@id":"https:\/\/exceladvisor.org\/pt\/#organization"},"potentialAction":[{"@type":"SearchAction","target":{"@type":"EntryPoint","urlTemplate":"https:\/\/exceladvisor.org\/pt\/?s={search_term_string}"},"query-input":{"@type":"PropertyValueSpecification","valueRequired":true,"valueName":"search_term_string"}}],"inLanguage":"pt-PT"},{"@type":"Organization","@id":"https:\/\/exceladvisor.org\/pt\/#organization","name":"Excel Advisor","url":"https:\/\/exceladvisor.org\/pt\/","logo":{"@type":"ImageObject","inLanguage":"pt-PT","@id":"https:\/\/exceladvisor.org\/pt\/#\/schema\/logo\/image\/","url":"https:\/\/exceladvisor.org\/pt\/wp-content\/uploads\/2023\/12\/exceladvisor.org_.png","contentUrl":"https:\/\/exceladvisor.org\/pt\/wp-content\/uploads\/2023\/12\/exceladvisor.org_.png","width":105,"height":36,"caption":"Excel Advisor"},"image":{"@id":"https:\/\/exceladvisor.org\/pt\/#\/schema\/logo\/image\/"}}]}},"yoast_meta":{"yoast_wpseo_title":"","yoast_wpseo_metadesc":"","yoast_wpseo_canonical":""},"_links":{"self":[{"href":"https:\/\/exceladvisor.org\/pt\/wp-json\/wp\/v2\/pages\/736","targetHints":{"allow":["GET"]}}],"collection":[{"href":"https:\/\/exceladvisor.org\/pt\/wp-json\/wp\/v2\/pages"}],"about":[{"href":"https:\/\/exceladvisor.org\/pt\/wp-json\/wp\/v2\/types\/page"}],"author":[{"embeddable":true,"href":"https:\/\/exceladvisor.org\/pt\/wp-json\/wp\/v2\/users\/1"}],"replies":[{"embeddable":true,"href":"https:\/\/exceladvisor.org\/pt\/wp-json\/wp\/v2\/comments?post=736"}],"version-history":[{"count":1,"href":"https:\/\/exceladvisor.org\/pt\/wp-json\/wp\/v2\/pages\/736\/revisions"}],"predecessor-version":[{"id":1102,"href":"https:\/\/exceladvisor.org\/pt\/wp-json\/wp\/v2\/pages\/736\/revisions\/1102"}],"wp:attachment":[{"href":"https:\/\/exceladvisor.org\/pt\/wp-json\/wp\/v2\/media?parent=736"}],"curies":[{"name":"wp","href":"https:\/\/api.w.org\/{rel}","templated":true}]}}