{"id":737,"date":"2023-09-01T07:29:00","date_gmt":"2023-09-01T07:29:00","guid":{"rendered":"https:\/\/exceladvisor.org\/pt\/celulas-especiais\/"},"modified":"2023-12-06T11:50:09","modified_gmt":"2023-12-06T11:50:09","slug":"celulas-especiais","status":"publish","type":"page","link":"https:\/\/exceladvisor.org\/pt\/celulas-especiais\/","title":{"rendered":"Como usar o m\u00e9todo de c\u00e9lula especial?"},"content":{"rendered":"<div class=\"excel-before-content-2\" id=\"excel-3222800866\"><script type=\"text\/javascript\">\r\n\tatOptions = {\r\n\t\t'key' : 'c1158f160081d6540a8409e6925dab94',\r\n\t\t'format' : 'iframe',\r\n\t\t'height' : 250,\r\n\t\t'width' : 300,\r\n\t\t'params' : {}\r\n\t};\r\n<\/script>\r\n<script type=\"text\/javascript\" src=\"\/\/www.highperformanceformat.com\/c1158f160081d6540a8409e6925dab94\/invoke.js\"><\/script><\/div><div class=\"excel-before-content\" id=\"excel-4101101705\"><script type=\"text\/javascript\">\r\n\tatOptions = {\r\n\t\t'key' : 'c1158f160081d6540a8409e6925dab94',\r\n\t\t'format' : 'iframe',\r\n\t\t'height' : 250,\r\n\t\t'width' : 300,\r\n\t\t'params' : {}\r\n\t};\r\n<\/script>\r\n<script type=\"text\/javascript\" src=\"\/\/www.highperformanceformat.com\/c1158f160081d6540a8409e6925dab94\/invoke.js\"><\/script><\/div> <p>No VBA, o m\u00e9todo de c\u00e9lulas especiais permite selecionar uma c\u00e9lula ou intervalo de c\u00e9lulas de um tipo espec\u00edfico e um tipo de valor espec\u00edfico. Digamos que voc\u00ea queira saber que no intervalo A1:A10, quais c\u00e9lulas possuem uma f\u00f3rmula e s\u00e3o numeradas como valor? Bem, voc\u00ea pode conseguir esse resultado com o m\u00e9todo SpecialCells.<\/p><h2 class=\"wp-block-heading\"> Use o m\u00e9todo de c\u00e9lulas especiais em VBA <\/h2><div class=\"wp-block-image\"><figure class=\"aligncenter size-large is-resized\"><img loading=\"lazy\" decoding=\"async\" class=\"wp-image-54756\" src=\"https:\/\/exceladvisor.org\/wp-content\/uploads\/2023\/08\/1-utiliser-la-methode-des-cellules-speciales-dans-vba.png\" sizes=\"auto, \" srcset=\"\" alt=\"use o m\u00e9todo de c\u00e9lulas especiais em vba\" width=\"614\" height=\"275\"><\/figure><\/div><p> Aqui escrevemos o c\u00f3digo para descobrir o endere\u00e7o da \u00faltima c\u00e9lula usada no intervalo A1:A10. Observe que no m\u00e9todo de c\u00e9lula especial existem dois argumentos, um dos quais \u00e9 obrigat\u00f3rio e o outro opcional.<\/p><ol><li> Primeiro, declare uma vari\u00e1vel como um intervalo para armazenar o endere\u00e7o da c\u00e9lula retornado pelo c\u00f3digo. <br><img loading=\"lazy\" decoding=\"async\" title=\"2-declarar-uma-vari\u00e1vel-como-intervalo\" src=\"https:\/\/exceladvisor.org\/wp-content\/uploads\/2023\/08\/2-declarer-une-variable-comme-plage.png\" sizes=\"auto, \" srcset=\"\" alt=\"declare a variable as range\" width=\"328\" height=\"284\"><\/li><li> Depois disso, consulte o intervalo e use o m\u00e9todo \u201cSpecialCells\u201d onde voc\u00ea precisa especificar o argumento \u201cType\u201d com \u201cxlCellTypeLastCell\u201d.<\/li><li> A seguir, defina esta linha especial de c\u00f3digo de c\u00e9lula para a vari\u00e1vel que voc\u00ea definiu na primeira etapa. <br><img loading=\"lazy\" decoding=\"async\" title=\"3-use-o-m\u00e9todo-de-c\u00e9lula-especial\" src=\"https:\/\/exceladvisor.org\/wp-content\/uploads\/2023\/08\/3-utiliser-la-methode-des-cellules-speciales.png\" sizes=\"auto, \" srcset=\"\" alt=\"use the specialcells method\" width=\"462\" height=\"209\"><\/li><li> A partir daqui, voc\u00ea precisa usar uma caixa de mensagem VBA para obter o endere\u00e7o da c\u00e9lula retornada pelo m\u00e9todo de c\u00e9lula especial.<\/li><li> Ao final, use a propriedade address com a vari\u00e1vel para obter o endere\u00e7o da \u00faltima c\u00e9lula do tipo. <br><img loading=\"lazy\" decoding=\"async\" title=\"4-caixa-de-mensagem-Vba-para-obter-o-endere\u00e7o\" src=\"https:\/\/exceladvisor.org\/wp-content\/uploads\/2023\/08\/Boite-de-message-4-vba-pour-obtenir-ladresse.png\" sizes=\"auto, \" srcset=\"\" alt=\"Vba message box to get the address\" width=\"449\" height=\"203\"><\/li><\/ol><p> Aqui est\u00e1 o c\u00f3digo completo.<\/p><pre class=\"wp-block-code\"> <code class=\"language-visual-basic\" lang=\"visual-basic\">Dim myRng As Range Set myRng = Range(\"A1:A10\").SpecialCells(xlCellTypeLastCell) MsgBox myRng.Address<\/code><\/pre><p> Agora, ao executar este c\u00f3digo, ele mostrar\u00e1 uma caixa de mensagem com o endere\u00e7o da \u00faltima c\u00e9lula usada (digitada). Ent\u00e3o aqui no meu caso usei o celular A10 e o mesmo recebi na caixa de mensagem.<\/p><h2 class=\"wp-block-heading\"> Selecione c\u00e9lulas com notas<\/h2><p> No Excel, os antigos \u201cComent\u00e1rios\u201d agora s\u00e3o \u201cNotas\u201d. Quando voc\u00ea escreve c\u00f3digo para selecionar coment\u00e1rios, ele seleciona as notas que voc\u00ea possui dentro do intervalo especificado. Considere o seguinte c\u00f3digo. <\/p><div class=\"wp-block-image\"><figure class=\"aligncenter size-large is-resized\"><img loading=\"lazy\" decoding=\"async\" class=\"wp-image-54760\" src=\"https:\/\/exceladvisor.org\/wp-content\/uploads\/2023\/08\/5-cellules-selectionnees-avec-des-notes.png\" sizes=\"auto, \" srcset=\"\" alt=\"selecione c\u00e9lulas com notas\" width=\"590\" height=\"296\"><\/figure><\/div><pre class=\"wp-block-code\"> <code class=\"language-visual-basic\" lang=\"visual-basic\">Dim myRng As Range Set myRng = _ Range(\"A1:A10\").SpecialCells(xlCellTypeComments) myRng.Select<\/code><\/pre><h2 class=\"wp-block-heading\"> Use os dois argumentos<\/h2><p> Como eu disse anteriormente, voc\u00ea tem dois argumentos para o m\u00e9todo SpecialCells. Agora vamos ver como voc\u00ea pode usar os dois argumentos para selecionar c\u00e9lulas que possuem uma f\u00f3rmula e que o valor retornado pela f\u00f3rmula \u00e9 um valor l\u00f3gico.<\/p><pre class=\"wp-block-code\"> <code class=\"language-visual-basic\" lang=\"visual-basic\">Dim myRng As Range Set myRng = Range(\"A1:A11\").SpecialCells(xlCellTypeFormulas, xlLogical) myRng.Select<\/code><\/pre><p> Agora, quando executo o c\u00f3digo acima, ele seleciona c\u00e9lulas do intervalo A1 a A11, onde tenho f\u00f3rmulas e valores l\u00f3gicos. <\/p><div class=\"wp-block-image\"><figure class=\"aligncenter size-large is-resized\"><img loading=\"lazy\" decoding=\"async\" class=\"wp-image-54761\" src=\"https:\/\/exceladvisor.org\/wp-content\/uploads\/2023\/08\/6-en-utilisant-les-deux-arguments.png\" sizes=\"auto, \" srcset=\"\" alt=\"usando ambos os argumentos\" width=\"588\" height=\"243\"><\/figure><\/div><h2 class=\"wp-block-heading\"> Selecione c\u00e9lulas com formata\u00e7\u00e3o condicional<\/h2><pre class=\"wp-block-code\"> <code class=\"language-visual-basic\" lang=\"visual-basic\">Range(\"A1:A11\").SpecialCells(xlCellTypeSameFormatConditions) Range(\"A1:A11\").SpecialCells(xlCellTypeAllFormatConditions)<\/code><\/pre><h2 class=\"wp-block-heading\"> Selecione c\u00e9lulas vis\u00edveis<\/h2><p> E voc\u00ea tamb\u00e9m pode selecionar o vis\u00edvel usando a constante \u201cxlCellTypeVisible\u201d. Considere o seguinte c\u00f3digo. <\/p><pre class=\"wp-block-code\"> <code class=\"language-visual-basic\" lang=\"visual-basic\">Dim myRng As Range Set myRng = Range(\"A1:A11\").SpecialCells(xlCellTypeVisible) myRng.Select<\/code><\/pre><div class=\"wp-block-image\"><figure class=\"aligncenter size-large is-resized\"><img loading=\"lazy\" decoding=\"async\" class=\"wp-image-54762\" src=\"https:\/\/exceladvisor.org\/wp-content\/uploads\/2023\/08\/7-cellules-selectionnees-avec-mise-en-forme-conditionnelle.png\" sizes=\"auto, \" srcset=\"\" alt=\"selecione c\u00e9lulas com formata\u00e7\u00e3o condicional\" width=\"607\" height=\"266\"><\/figure><\/div><p> Ou voc\u00ea tamb\u00e9m pode usar &#8220;12&#8221; como valor do argumento.<\/p><pre class=\"wp-block-code\"> <code class=\"language-visual-basic\" lang=\"visual-basic\">Dim myRng As Range Set myRng = Range(\"A1:A11\").SpecialCells(12) myRng.Select<\/code><\/pre><h2 class=\"wp-block-heading\"> C\u00e9lulas com valida\u00e7\u00e3o de dados<\/h2><pre class=\"wp-block-code\"> <code class=\"language-visual-basic\" lang=\"visual-basic\">Range(\"A1:A11\").SpecialCells(xlCellTypeAllValidation) Range(\"A1:A11\").SpecialCells(xlCellTypeSameValidation)<\/code><\/pre><div class=\"gb-container gb-container-4db6181c gb-container-mt\"> <a class=\"gb-button gb-button-c5897111 gb-button-text gb-button-mt-button\" href=\"https:\/\/exceladvisor.org\/pt\/vba\/\">O que \u00e9 VBA<\/a><h2 class=\"gb-headline gb-headline-665e5f6b gb-headline-text gb-headline-mt-heading\"> Tutoriais relacionados <\/h2><div class=\"gb-grid-wrapper gb-grid-wrapper-a20baf7c gb-grid-wrapper-mt-grid\"><div class=\"gb-grid-column gb-grid-column-65ddf67e\"><div class=\"gb-container gb-container-65ddf67e\"><ul><li> <a href=\"https:\/\/exceladvisor.org\/pt\/numero-de-linhas\/\">Contar linhas usando VBA no Excel<\/a><\/li><li> <a href=\"https:\/\/exceladvisor.org\/pt\/fonte-de-caracteres\/\">Fonte Excel VBA (cor, tamanho, tipo e negrito)<\/a><\/li><li> <a href=\"https:\/\/exceladvisor.org\/pt\/ocultar-mostrar-linha-da-coluna\/\">Excel VBA Ocultar e mostrar uma coluna ou linha<\/a><\/li><li> <a href=\"https:\/\/exceladvisor.org\/pt\/intervalo-1\/\">Intervalo Excel VBA \u2013 Trabalhando com intervalo e c\u00e9lulas<\/a><\/li><li> <a href=\"https:\/\/exceladvisor.org\/pt\/fronteiras\/\">Aplicar bordas a uma c\u00e9lula usando VBA no Excel<\/a> <\/li><\/ul><\/div><\/div><div class=\"gb-grid-column gb-grid-column-50067b57\"><div class=\"gb-container gb-container-50067b57\"><\/div><\/div><\/div><\/div>","protected":false},"excerpt":{"rendered":"","protected":false},"author":1,"featured_media":0,"parent":0,"menu_order":0,"comment_status":"open","ping_status":"closed","template":"","meta":{"ub_ctt_via":"","footnotes":""},"class_list":["post-737","page","type-page","status-publish","hentry"],"featured_image_src":null,"yoast_head":"<!-- This site is optimized with the Yoast SEO plugin v25.4 - https:\/\/yoast.com\/wordpress\/plugins\/seo\/ -->\n<title>Como usar o m\u00e9todo de c\u00e9lulas especiais via VBA?<\/title>\n<meta name=\"description\" content=\"Este tutorial mostra como usar o m\u00e9todo de c\u00e9lulas especiais em VBA para acessar c\u00e9lulas com uma propriedade especial.\" \/>\n<meta name=\"robots\" content=\"index, follow, max-snippet:-1, max-image-preview:large, max-video-preview:-1\" \/>\n<link rel=\"canonical\" href=\"https:\/\/exceladvisor.org\/pt\/celulas-especiais\/\" \/>\n<meta property=\"og:locale\" content=\"pt_PT\" \/>\n<meta property=\"og:type\" content=\"article\" \/>\n<meta property=\"og:title\" content=\"Como usar o m\u00e9todo de c\u00e9lulas especiais via VBA?\" \/>\n<meta property=\"og:description\" content=\"Este tutorial mostra como usar o m\u00e9todo de c\u00e9lulas especiais em VBA para acessar c\u00e9lulas com uma propriedade especial.\" \/>\n<meta property=\"og:url\" content=\"https:\/\/exceladvisor.org\/pt\/celulas-especiais\/\" \/>\n<meta property=\"og:site_name\" content=\"Excel Advisor\" \/>\n<meta property=\"article:modified_time\" content=\"2023-12-06T11:50:09+00:00\" \/>\n<meta property=\"og:image\" content=\"https:\/\/exceladvisor.org\/wp-content\/uploads\/2023\/08\/1-utiliser-la-methode-des-cellules-speciales-dans-vba.png\" \/>\n<meta name=\"twitter:card\" content=\"summary_large_image\" \/>\n<meta name=\"twitter:label1\" content=\"Tempo estimado de leitura\" \/>\n\t<meta name=\"twitter:data1\" content=\"3 minutos\" \/>\n<script type=\"application\/ld+json\" class=\"yoast-schema-graph\">{\"@context\":\"https:\/\/schema.org\",\"@graph\":[{\"@type\":\"WebPage\",\"@id\":\"https:\/\/exceladvisor.org\/pt\/celulas-especiais\/\",\"url\":\"https:\/\/exceladvisor.org\/pt\/celulas-especiais\/\",\"name\":\"Como usar o m\u00e9todo de c\u00e9lulas especiais via VBA?\",\"isPartOf\":{\"@id\":\"https:\/\/exceladvisor.org\/pt\/#website\"},\"primaryImageOfPage\":{\"@id\":\"https:\/\/exceladvisor.org\/pt\/celulas-especiais\/#primaryimage\"},\"image\":{\"@id\":\"https:\/\/exceladvisor.org\/pt\/celulas-especiais\/#primaryimage\"},\"thumbnailUrl\":\"https:\/\/exceladvisor.org\/wp-content\/uploads\/2023\/08\/1-utiliser-la-methode-des-cellules-speciales-dans-vba.png\",\"datePublished\":\"2023-09-01T07:29:00+00:00\",\"dateModified\":\"2023-12-06T11:50:09+00:00\",\"description\":\"Este tutorial mostra como usar o m\u00e9todo de c\u00e9lulas especiais em VBA para acessar c\u00e9lulas com uma propriedade especial.\",\"breadcrumb\":{\"@id\":\"https:\/\/exceladvisor.org\/pt\/celulas-especiais\/#breadcrumb\"},\"inLanguage\":\"pt-PT\",\"potentialAction\":[{\"@type\":\"ReadAction\",\"target\":[\"https:\/\/exceladvisor.org\/pt\/celulas-especiais\/\"]}]},{\"@type\":\"ImageObject\",\"inLanguage\":\"pt-PT\",\"@id\":\"https:\/\/exceladvisor.org\/pt\/celulas-especiais\/#primaryimage\",\"url\":\"https:\/\/exceladvisor.org\/wp-content\/uploads\/2023\/08\/1-utiliser-la-methode-des-cellules-speciales-dans-vba.png\",\"contentUrl\":\"https:\/\/exceladvisor.org\/wp-content\/uploads\/2023\/08\/1-utiliser-la-methode-des-cellules-speciales-dans-vba.png\"},{\"@type\":\"BreadcrumbList\",\"@id\":\"https:\/\/exceladvisor.org\/pt\/celulas-especiais\/#breadcrumb\",\"itemListElement\":[{\"@type\":\"ListItem\",\"position\":1,\"name\":\"Lar\",\"item\":\"https:\/\/exceladvisor.org\/pt\/\"},{\"@type\":\"ListItem\",\"position\":2,\"name\":\"Como usar o m\u00e9todo de c\u00e9lula especial?\"}]},{\"@type\":\"WebSite\",\"@id\":\"https:\/\/exceladvisor.org\/pt\/#website\",\"url\":\"https:\/\/exceladvisor.org\/pt\/\",\"name\":\"Excel Advisor\",\"description\":\"O seu guia definitivo para dominar os dados!\",\"publisher\":{\"@id\":\"https:\/\/exceladvisor.org\/pt\/#organization\"},\"potentialAction\":[{\"@type\":\"SearchAction\",\"target\":{\"@type\":\"EntryPoint\",\"urlTemplate\":\"https:\/\/exceladvisor.org\/pt\/?s={search_term_string}\"},\"query-input\":{\"@type\":\"PropertyValueSpecification\",\"valueRequired\":true,\"valueName\":\"search_term_string\"}}],\"inLanguage\":\"pt-PT\"},{\"@type\":\"Organization\",\"@id\":\"https:\/\/exceladvisor.org\/pt\/#organization\",\"name\":\"Excel Advisor\",\"url\":\"https:\/\/exceladvisor.org\/pt\/\",\"logo\":{\"@type\":\"ImageObject\",\"inLanguage\":\"pt-PT\",\"@id\":\"https:\/\/exceladvisor.org\/pt\/#\/schema\/logo\/image\/\",\"url\":\"https:\/\/exceladvisor.org\/pt\/wp-content\/uploads\/2023\/12\/exceladvisor.org_.png\",\"contentUrl\":\"https:\/\/exceladvisor.org\/pt\/wp-content\/uploads\/2023\/12\/exceladvisor.org_.png\",\"width\":105,\"height\":36,\"caption\":\"Excel Advisor\"},\"image\":{\"@id\":\"https:\/\/exceladvisor.org\/pt\/#\/schema\/logo\/image\/\"}}]}<\/script>\n<!-- \/ Yoast SEO plugin. -->","yoast_head_json":{"title":"Como usar o m\u00e9todo de c\u00e9lulas especiais via VBA?","description":"Este tutorial mostra como usar o m\u00e9todo de c\u00e9lulas especiais em VBA para acessar c\u00e9lulas com uma propriedade especial.","robots":{"index":"index","follow":"follow","max-snippet":"max-snippet:-1","max-image-preview":"max-image-preview:large","max-video-preview":"max-video-preview:-1"},"canonical":"https:\/\/exceladvisor.org\/pt\/celulas-especiais\/","og_locale":"pt_PT","og_type":"article","og_title":"Como usar o m\u00e9todo de c\u00e9lulas especiais via VBA?","og_description":"Este tutorial mostra como usar o m\u00e9todo de c\u00e9lulas especiais em VBA para acessar c\u00e9lulas com uma propriedade especial.","og_url":"https:\/\/exceladvisor.org\/pt\/celulas-especiais\/","og_site_name":"Excel Advisor","article_modified_time":"2023-12-06T11:50:09+00:00","og_image":[{"url":"https:\/\/exceladvisor.org\/wp-content\/uploads\/2023\/08\/1-utiliser-la-methode-des-cellules-speciales-dans-vba.png","type":"","width":"","height":""}],"twitter_card":"summary_large_image","twitter_misc":{"Tempo estimado de leitura":"3 minutos"},"schema":{"@context":"https:\/\/schema.org","@graph":[{"@type":"WebPage","@id":"https:\/\/exceladvisor.org\/pt\/celulas-especiais\/","url":"https:\/\/exceladvisor.org\/pt\/celulas-especiais\/","name":"Como usar o m\u00e9todo de c\u00e9lulas especiais via VBA?","isPartOf":{"@id":"https:\/\/exceladvisor.org\/pt\/#website"},"primaryImageOfPage":{"@id":"https:\/\/exceladvisor.org\/pt\/celulas-especiais\/#primaryimage"},"image":{"@id":"https:\/\/exceladvisor.org\/pt\/celulas-especiais\/#primaryimage"},"thumbnailUrl":"https:\/\/exceladvisor.org\/wp-content\/uploads\/2023\/08\/1-utiliser-la-methode-des-cellules-speciales-dans-vba.png","datePublished":"2023-09-01T07:29:00+00:00","dateModified":"2023-12-06T11:50:09+00:00","description":"Este tutorial mostra como usar o m\u00e9todo de c\u00e9lulas especiais em VBA para acessar c\u00e9lulas com uma propriedade especial.","breadcrumb":{"@id":"https:\/\/exceladvisor.org\/pt\/celulas-especiais\/#breadcrumb"},"inLanguage":"pt-PT","potentialAction":[{"@type":"ReadAction","target":["https:\/\/exceladvisor.org\/pt\/celulas-especiais\/"]}]},{"@type":"ImageObject","inLanguage":"pt-PT","@id":"https:\/\/exceladvisor.org\/pt\/celulas-especiais\/#primaryimage","url":"https:\/\/exceladvisor.org\/wp-content\/uploads\/2023\/08\/1-utiliser-la-methode-des-cellules-speciales-dans-vba.png","contentUrl":"https:\/\/exceladvisor.org\/wp-content\/uploads\/2023\/08\/1-utiliser-la-methode-des-cellules-speciales-dans-vba.png"},{"@type":"BreadcrumbList","@id":"https:\/\/exceladvisor.org\/pt\/celulas-especiais\/#breadcrumb","itemListElement":[{"@type":"ListItem","position":1,"name":"Lar","item":"https:\/\/exceladvisor.org\/pt\/"},{"@type":"ListItem","position":2,"name":"Como usar o m\u00e9todo de c\u00e9lula especial?"}]},{"@type":"WebSite","@id":"https:\/\/exceladvisor.org\/pt\/#website","url":"https:\/\/exceladvisor.org\/pt\/","name":"Excel Advisor","description":"O seu guia definitivo para dominar os dados!","publisher":{"@id":"https:\/\/exceladvisor.org\/pt\/#organization"},"potentialAction":[{"@type":"SearchAction","target":{"@type":"EntryPoint","urlTemplate":"https:\/\/exceladvisor.org\/pt\/?s={search_term_string}"},"query-input":{"@type":"PropertyValueSpecification","valueRequired":true,"valueName":"search_term_string"}}],"inLanguage":"pt-PT"},{"@type":"Organization","@id":"https:\/\/exceladvisor.org\/pt\/#organization","name":"Excel Advisor","url":"https:\/\/exceladvisor.org\/pt\/","logo":{"@type":"ImageObject","inLanguage":"pt-PT","@id":"https:\/\/exceladvisor.org\/pt\/#\/schema\/logo\/image\/","url":"https:\/\/exceladvisor.org\/pt\/wp-content\/uploads\/2023\/12\/exceladvisor.org_.png","contentUrl":"https:\/\/exceladvisor.org\/pt\/wp-content\/uploads\/2023\/12\/exceladvisor.org_.png","width":105,"height":36,"caption":"Excel Advisor"},"image":{"@id":"https:\/\/exceladvisor.org\/pt\/#\/schema\/logo\/image\/"}}]}},"yoast_meta":{"yoast_wpseo_title":"","yoast_wpseo_metadesc":"","yoast_wpseo_canonical":""},"_links":{"self":[{"href":"https:\/\/exceladvisor.org\/pt\/wp-json\/wp\/v2\/pages\/737","targetHints":{"allow":["GET"]}}],"collection":[{"href":"https:\/\/exceladvisor.org\/pt\/wp-json\/wp\/v2\/pages"}],"about":[{"href":"https:\/\/exceladvisor.org\/pt\/wp-json\/wp\/v2\/types\/page"}],"author":[{"embeddable":true,"href":"https:\/\/exceladvisor.org\/pt\/wp-json\/wp\/v2\/users\/1"}],"replies":[{"embeddable":true,"href":"https:\/\/exceladvisor.org\/pt\/wp-json\/wp\/v2\/comments?post=737"}],"version-history":[{"count":1,"href":"https:\/\/exceladvisor.org\/pt\/wp-json\/wp\/v2\/pages\/737\/revisions"}],"predecessor-version":[{"id":1367,"href":"https:\/\/exceladvisor.org\/pt\/wp-json\/wp\/v2\/pages\/737\/revisions\/1367"}],"wp:attachment":[{"href":"https:\/\/exceladvisor.org\/pt\/wp-json\/wp\/v2\/media?parent=737"}],"curies":[{"name":"wp","href":"https:\/\/api.w.org\/{rel}","templated":true}]}}