{"id":738,"date":"2023-09-01T07:18:23","date_gmt":"2023-09-01T07:18:23","guid":{"rendered":"https:\/\/exceladvisor.org\/pt\/fronteiras\/"},"modified":"2023-12-06T11:34:35","modified_gmt":"2023-12-06T11:34:35","slug":"fronteiras","status":"publish","type":"page","link":"https:\/\/exceladvisor.org\/pt\/fronteiras\/","title":{"rendered":"Como aplicar bordas a uma c\u00e9lula?"},"content":{"rendered":"<div class=\"excel-before-content-2\" id=\"excel-1326687233\"><script type=\"text\/javascript\">\r\n\tatOptions = {\r\n\t\t'key' : 'c1158f160081d6540a8409e6925dab94',\r\n\t\t'format' : 'iframe',\r\n\t\t'height' : 250,\r\n\t\t'width' : 300,\r\n\t\t'params' : {}\r\n\t};\r\n<\/script>\r\n<script type=\"text\/javascript\" src=\"\/\/www.highperformanceformat.com\/c1158f160081d6540a8409e6925dab94\/invoke.js\"><\/script><\/div><div class=\"excel-before-content\" id=\"excel-1292685244\"><script type=\"text\/javascript\">\r\n\tatOptions = {\r\n\t\t'key' : 'c1158f160081d6540a8409e6925dab94',\r\n\t\t'format' : 'iframe',\r\n\t\t'height' : 250,\r\n\t\t'width' : 300,\r\n\t\t'params' : {}\r\n\t};\r\n<\/script>\r\n<script type=\"text\/javascript\" src=\"\/\/www.highperformanceformat.com\/c1158f160081d6540a8409e6925dab94\/invoke.js\"><\/script><\/div> <p>Para aplicar bordas a uma c\u00e9lula usando VBA no Excel, voc\u00ea pode usar dois m\u00e9todos diferentes. A primeira \u00e9 a propriedade \u201cBorders\u201d e a segunda \u00e9 o m\u00e9todo \u201cBorderAround\u201d. A \u00fanica diferen\u00e7a entre esses dois m\u00e9todos est\u00e1 na propriedade \u201cBorders\u201d, voc\u00ea pode at\u00e9 aplicar a borda em um lado da c\u00e9lula e a borda ao redor dela se aplica completamente \u00e0 c\u00e9lula.<\/p><p> Neste tutorial exploraremos as duas formas e veremos quais s\u00e3o as diferentes maneiras de adicionar a borda.<\/p><h2 class=\"wp-block-heading\"> Propriedade de fronteira VBA<\/h2><ol><li> Primeiro, voc\u00ea precisa especificar o intervalo ou c\u00e9lula onde deseja aplicar a borda usando o objeto range. <br><img loading=\"lazy\" decoding=\"async\" title=\"1-especificar intervalo ou c\u00e9lula\" src=\"https:\/\/exceladvisor.org\/wp-content\/uploads\/2023\/08\/1-specifier-la-plage-ou-la-cellule.png\" sizes=\"auto, \" srcset=\"\" alt=\"specify the range or cell\" width=\"371\" height=\"247\"><\/li><li> Depois disso, digite um ponto final (.) e selecione a propriedade \u201cBorders\u201d na lista de propriedades e m\u00e9todos. <br><img loading=\"lazy\" decoding=\"async\" title=\"2-digite um ponto e selecione a borda\" src=\"https:\/\/exceladvisor.org\/wp-content\/uploads\/2023\/08\/2-tapez-un-point-puis-selectionnez-la-bordure.png\" sizes=\"auto, \" srcset=\"\" alt=\"type a dot and then select the border\" width=\"384\" height=\"315\"><\/li><li> Em seguida, especifique o \u00edndice da borda dos contantes dispon\u00edveis. Aqui eu uso \u201cxlEdgeBottom\u201d para aplicar a borda apenas na parte inferior da c\u00e9lula. <br><img loading=\"lazy\" decoding=\"async\" title=\"3-especificar borda do \u00edndice\" src=\"https:\/\/exceladvisor.org\/wp-content\/uploads\/2023\/08\/3-specifier-lindex-de-bordure.png\" sizes=\"auto, \" srcset=\"\" alt=\"specify the border index\" width=\"408\" height=\"265\"><\/li><li> A partir da\u00ed, especifique o estilo da linha usando \u201cLineStyle\u201d. Eu uso &#8220;xlContinuonus&#8221; como estilo de linha. <br><img loading=\"lazy\" decoding=\"async\" title=\"Estilo de 4 linhas espec\u00edficas\" src=\"https:\/\/exceladvisor.org\/wp-content\/uploads\/2023\/08\/4-specifier-le-style-de-ligne.png\" sizes=\"auto, \" srcset=\"\" alt=\"specify th line style\" width=\"532\" height=\"201\"><\/li><\/ol><pre class=\"wp-block-code\"> <code class=\"language-visual-basic\" lang=\"visual-basic\">Sub vba_borders() Range(\"A1\") _ .Borders(xlEdgeBottom) _ .LineStyle = XlLineStyle.xlContinuous End Sub<\/code><\/pre><p> Agora, quando voc\u00ea executar este c\u00f3digo, ele adicionar\u00e1 uma borda na parte inferior da c\u00e9lula A1. <\/p><div class=\"wp-block-image\"><figure class=\"aligncenter size-large is-resized\"><img loading=\"lazy\" decoding=\"async\" class=\"wp-image-54776\" src=\"https:\/\/exceladvisor.org\/wp-content\/uploads\/2023\/08\/5-il-ajoutera-une-bordure-en-bas.png\" sizes=\"auto, \" srcset=\"\" alt=\"isso adicionar\u00e1 uma borda na parte inferior\" width=\"544\" height=\"238\"><\/figure><\/div><h2 class=\"wp-block-heading\"> Usando cores diferentes com \u00edndice de cores\/cor<\/h2><p> Assim como voc\u00ea normalmente escolhe a cor da borda quando faz isso manualmente. Na propriedade border, voc\u00ea tamb\u00e9m pode usar o \u00edndice de cores e a propriedade color para usar uma cor diferente da cor padr\u00e3o.<\/p><p> Considere o c\u00f3digo abaixo.<\/p><pre class=\"wp-block-code\"> <code class=\"language-visual-basic\" lang=\"visual-basic\">With Range(\"A1\").Borders(xlEdgeBottom) .LineStyle = XlLineStyle.xlContinuous .Color = RGB(255, 0, 0) End With<\/code><\/pre><p> Quando voc\u00ea executa esta macro, ela adiciona uma borda vermelha na parte inferior da c\u00e9lula. <\/p><div class=\"wp-block-image\"><figure class=\"aligncenter size-large is-resized\"><img loading=\"lazy\" decoding=\"async\" class=\"wp-image-54777\" src=\"https:\/\/exceladvisor.org\/wp-content\/uploads\/2023\/08\/6-en-utilisant-differentes-couleurs-avec-index-de-couleur.png\" sizes=\"auto, \" srcset=\"\" alt=\"usando cores diferentes com \u00edndice de cores\" width=\"534\" height=\"225\"><\/figure><\/div><p> Ou se voc\u00ea quiser usar a propriedade colorindex, o c\u00f3digo seria assim. <\/p><pre class=\"wp-block-code\"> <code class=\"language-visual-basic\" lang=\"visual-basic\">With Range(\"A1\").Borders(xlEdgeBottom) .LineStyle = XlLineStyle.xlContinuous .ColorIndex = 7 End With<\/code><\/pre><div class=\"wp-block-image\"><figure class=\"aligncenter size-large is-resized\"><img loading=\"lazy\" decoding=\"async\" class=\"wp-image-54835\" src=\"https:\/\/exceladvisor.org\/wp-content\/uploads\/2023\/08\/Propriete-dindex-de-7-couleurs.png\" sizes=\"auto, \" srcset=\"\" alt=\"propriedade de \u00edndice de cores\" width=\"502\" height=\"220\"><\/figure><\/div><p class=\"content-box-green\"> <strong>Relacionado:<\/strong> <a href=\"https:\/\/exceladvisor.org\/pt\/com\/\">VBA com Declara\u00e7\u00e3o<\/a><\/p><h2 class=\"wp-block-heading\"> Adicione uma borda dentro de uma c\u00e9lula<\/h2><p> Se voc\u00ea deseja aplicar uma borda dentro de uma c\u00e9lula, neste caso voc\u00ea precisa usar &#8220;xlDiagonalUp&#8221; e &#8220;xlDiagonalDown&#8221; como xlBorderIndex. <\/p><pre class=\"wp-block-code\"> <code class=\"language-visual-basic\" lang=\"visual-basic\">With Range(\"A1\").Borders(xlDiagonalUp) .LineStyle = XlLineStyle.xlDashDotDot .Color = RGB(255, 0, 0) End With With Range(\"A1\").Borders(xlDiagonalDown) .LineStyle = XlLineStyle.xlDashDotDot .Color = RGB(255, 0, 0) End With<\/code><\/pre><div class=\"wp-block-image\"><figure class=\"aligncenter size-large is-resized\"><img loading=\"lazy\" decoding=\"async\" class=\"wp-image-54778\" src=\"https:\/\/exceladvisor.org\/wp-content\/uploads\/2023\/08\/7-ajouter-une-bordure-a-linterieur-dune-cellule.png\" sizes=\"auto, \" srcset=\"\" alt=\"adicione uma borda dentro de uma c\u00e9lula\" width=\"462\" height=\"306\"><\/figure><\/div><p> Quando voc\u00ea executa o c\u00f3digo acima, ele adiciona uma borda dentro da c\u00e9lula para cima e para baixo.<\/p><h2 class=\"wp-block-heading\"> M\u00e9todo VBA BorderAround<\/h2><p> Na propriedade BorderAround do VBA, voc\u00ea tem 5 argumentos opcionais, mas dois devem ser especificados para aplicar corretamente a borda a uma c\u00e9lula. <\/p><div class=\"wp-block-image\"><figure class=\"aligncenter size-large is-resized\"><img loading=\"lazy\" decoding=\"async\" class=\"wp-image-54779\" src=\"https:\/\/exceladvisor.org\/wp-content\/uploads\/2023\/08\/8-methode-de-bordure-vba.png\" sizes=\"auto, \" srcset=\"\" alt=\"m\u00e9todo borderaround vba\" width=\"589\" height=\"134\"><\/figure><\/div><p> O c\u00f3digo a seguir aplica a borda ao redor do intervalo A1:A3 quando voc\u00ea executa a macro. <\/p><pre class=\"wp-block-code\"> <code class=\"language-visual-basic\" lang=\"visual-basic\">Range(\"A1:A3\").BorderAround _ LineStyle:=xlContinuous, _ Weight:=xlThin<\/code><\/pre><div class=\"wp-block-image\"><figure class=\"aligncenter size-large is-resized\"><img loading=\"lazy\" decoding=\"async\" class=\"wp-image-54780\" src=\"https:\/\/exceladvisor.org\/wp-content\/uploads\/2023\/08\/9-specifier-dappliquer-la-bordure-a-une-cellule-de-la-bonne-maniere.png\" sizes=\"auto, \" srcset=\"\" alt=\"especifique para aplicar a borda a uma c\u00e9lula da maneira correta\" width=\"487\" height=\"254\"><\/figure><\/div><h2 class=\"wp-block-heading\"> Adicione uma borda a cada c\u00e9lula do intervalo<\/h2><p> O c\u00f3digo a seguir percorre todas as c\u00e9lulas do intervalo e aplica a borda a cada c\u00e9lula, uma por uma. <\/p><pre class=\"wp-block-code\"> <code class=\"language-visual-basic\" lang=\"visual-basic\">Sub vba_borders() Dim iRange As Range Dim iCells As Range Set iRange = Range(\"A1:A10\") For Each iCells In iRange iCells.BorderAround _ LineStyle:=xlContinuous, _ Weight:=xlThin Next iCells End Sub<\/code><\/pre><div class=\"wp-block-image\"><figure class=\"aligncenter size-large is-resized\"><img loading=\"lazy\" decoding=\"async\" class=\"wp-image-54781\" src=\"https:\/\/exceladvisor.org\/wp-content\/uploads\/2023\/08\/10-ajouter-une-bordure-a-chaque-cellule-de-la-plage.png\" sizes=\"auto, \" srcset=\"\" alt=\"Adicione uma borda a cada c\u00e9lula do intervalo\" width=\"414\" height=\"383\"><\/figure><\/div><h2 class=\"wp-block-heading\"> Aplicar borda a todas as c\u00e9lulas com texto<\/h2><p> O c\u00f3digo a seguir usa FOR LOOP, USED RANGE, IFEMPTY e IF STATEMENT para aplicar bordas apenas \u00e0s c\u00e9lulas onde voc\u00ea tem um valor.<\/p><pre class=\"wp-block-code\"> <code class=\"language-visual-basic\" lang=\"visual-basic\">Dim iRange As Range Dim iCells As Range Set iRange = ThisWorkbook.ActiveSheet.UsedRange For Each iCells In iRange If Not IsEmpty(iCells) Then iCells.BorderAround _ LineStyle:=xlContinuous, _ Weight:=xlThin End If Next iCells<\/code><\/pre><h2 class=\"wp-block-heading\"> Remover bordas<\/h2><p> Basta usar o estilo de linha \u201cxlNone\u201d.<\/p><pre class=\"wp-block-code\"> <code class=\"language-visual-basic\" lang=\"visual-basic\">Range(\"A1\").Borders(xlDiagonalDown).LineStyle = xlNone<\/code><\/pre><p> E se voc\u00ea deseja remover a borda de todas as c\u00e9lulas de uma planilha onde voc\u00ea possui um valor, considere o c\u00f3digo a seguir.<\/p><pre class=\"wp-block-code\"> <code class=\"language-visual-basic\" lang=\"visual-basic\">Dim iRange As Range Dim iCells As Range Set iRange = ThisWorkbook.ActiveSheet.UsedRange For Each iCells In iRange If Not IsEmpty(iCells) Then iCells.Borders(xlDiagonalDown).LineStyle = xlNone End If Next iCells<\/code><\/pre><div class=\"gb-container gb-container-4db6181c gb-container-mt\"> <a class=\"gb-button gb-button-c5897111 gb-button-text gb-button-mt-button\" href=\"https:\/\/exceladvisor.org\/pt\/vba\/\">O que \u00e9 VBA<\/a><h2 class=\"gb-headline gb-headline-665e5f6b gb-headline-text gb-headline-mt-heading\"> Tutoriais relacionados <\/h2><div class=\"gb-grid-wrapper gb-grid-wrapper-a20baf7c gb-grid-wrapper-mt-grid\"><div class=\"gb-grid-column gb-grid-column-65ddf67e\"><div class=\"gb-container gb-container-65ddf67e\"><ul><li> <a href=\"https:\/\/exceladvisor.org\/pt\/insira-uma-linha-1\/\">Insira uma linha usando VBA no Excel<\/a><\/li><li> <a href=\"https:\/\/exceladvisor.org\/pt\/mesclar\/\">Mesclar c\u00e9lulas no Excel usando c\u00f3digo VBA<\/a><\/li><li> Selecione um intervalo\/c\u00e9lula usando VBA no Excel<\/li><li> <a href=\"https:\/\/exceladvisor.org\/pt\/selecionar-tudo\/\">SELECIONE TODAS as c\u00e9lulas em uma planilha usando VBA<\/a><\/li><li> <a href=\"https:\/\/exceladvisor.org\/pt\/celula-ativa-1\/\">ActiveCell em VBA no Excel<\/a> <\/li><\/ul><\/div><\/div><div class=\"gb-grid-column gb-grid-column-50067b57\"><div class=\"gb-container gb-container-50067b57\"><\/div><\/div><\/div><\/div>","protected":false},"excerpt":{"rendered":"","protected":false},"author":1,"featured_media":0,"parent":0,"menu_order":0,"comment_status":"open","ping_status":"closed","template":"","meta":{"ub_ctt_via":"","footnotes":""},"class_list":["post-738","page","type-page","status-publish","hentry"],"featured_image_src":null,"yoast_head":"<!-- This site is optimized with the Yoast SEO plugin v25.4 - https:\/\/yoast.com\/wordpress\/plugins\/seo\/ -->\n<title>\u25b7 Como aplicar bordas a uma c\u00e9lula via VBA?<\/title>\n<meta name=\"description\" content=\"Existem duas maneiras diferentes de aplicar bordas a uma c\u00e9lula usando c\u00f3digo VBA. M\u00e9todo Border e BorderAround. Para uso\" \/>\n<meta name=\"robots\" content=\"index, follow, max-snippet:-1, max-image-preview:large, max-video-preview:-1\" \/>\n<link rel=\"canonical\" href=\"https:\/\/exceladvisor.org\/pt\/fronteiras\/\" \/>\n<meta property=\"og:locale\" content=\"pt_PT\" \/>\n<meta property=\"og:type\" content=\"article\" \/>\n<meta property=\"og:title\" content=\"\u25b7 Como aplicar bordas a uma c\u00e9lula via VBA?\" \/>\n<meta property=\"og:description\" content=\"Existem duas maneiras diferentes de aplicar bordas a uma c\u00e9lula usando c\u00f3digo VBA. M\u00e9todo Border e BorderAround. Para uso\" \/>\n<meta property=\"og:url\" content=\"https:\/\/exceladvisor.org\/pt\/fronteiras\/\" \/>\n<meta property=\"og:site_name\" content=\"Excel Advisor\" \/>\n<meta property=\"article:modified_time\" content=\"2023-12-06T11:34:35+00:00\" \/>\n<meta property=\"og:image\" content=\"https:\/\/exceladvisor.org\/wp-content\/uploads\/2023\/08\/1-specifier-la-plage-ou-la-cellule.png\" \/>\n<meta name=\"twitter:card\" content=\"summary_large_image\" \/>\n<meta name=\"twitter:label1\" content=\"Tempo estimado de leitura\" \/>\n\t<meta name=\"twitter:data1\" content=\"3 minutos\" \/>\n<script type=\"application\/ld+json\" class=\"yoast-schema-graph\">{\"@context\":\"https:\/\/schema.org\",\"@graph\":[{\"@type\":\"WebPage\",\"@id\":\"https:\/\/exceladvisor.org\/pt\/fronteiras\/\",\"url\":\"https:\/\/exceladvisor.org\/pt\/fronteiras\/\",\"name\":\"\u25b7 Como aplicar bordas a uma c\u00e9lula via VBA?\",\"isPartOf\":{\"@id\":\"https:\/\/exceladvisor.org\/pt\/#website\"},\"primaryImageOfPage\":{\"@id\":\"https:\/\/exceladvisor.org\/pt\/fronteiras\/#primaryimage\"},\"image\":{\"@id\":\"https:\/\/exceladvisor.org\/pt\/fronteiras\/#primaryimage\"},\"thumbnailUrl\":\"https:\/\/exceladvisor.org\/wp-content\/uploads\/2023\/08\/1-specifier-la-plage-ou-la-cellule.png\",\"datePublished\":\"2023-09-01T07:18:23+00:00\",\"dateModified\":\"2023-12-06T11:34:35+00:00\",\"description\":\"Existem duas maneiras diferentes de aplicar bordas a uma c\u00e9lula usando c\u00f3digo VBA. M\u00e9todo Border e BorderAround. Para uso\",\"breadcrumb\":{\"@id\":\"https:\/\/exceladvisor.org\/pt\/fronteiras\/#breadcrumb\"},\"inLanguage\":\"pt-PT\",\"potentialAction\":[{\"@type\":\"ReadAction\",\"target\":[\"https:\/\/exceladvisor.org\/pt\/fronteiras\/\"]}]},{\"@type\":\"ImageObject\",\"inLanguage\":\"pt-PT\",\"@id\":\"https:\/\/exceladvisor.org\/pt\/fronteiras\/#primaryimage\",\"url\":\"https:\/\/exceladvisor.org\/wp-content\/uploads\/2023\/08\/1-specifier-la-plage-ou-la-cellule.png\",\"contentUrl\":\"https:\/\/exceladvisor.org\/wp-content\/uploads\/2023\/08\/1-specifier-la-plage-ou-la-cellule.png\"},{\"@type\":\"BreadcrumbList\",\"@id\":\"https:\/\/exceladvisor.org\/pt\/fronteiras\/#breadcrumb\",\"itemListElement\":[{\"@type\":\"ListItem\",\"position\":1,\"name\":\"Lar\",\"item\":\"https:\/\/exceladvisor.org\/pt\/\"},{\"@type\":\"ListItem\",\"position\":2,\"name\":\"Como aplicar bordas a uma c\u00e9lula?\"}]},{\"@type\":\"WebSite\",\"@id\":\"https:\/\/exceladvisor.org\/pt\/#website\",\"url\":\"https:\/\/exceladvisor.org\/pt\/\",\"name\":\"Excel Advisor\",\"description\":\"O seu guia definitivo para dominar os dados!\",\"publisher\":{\"@id\":\"https:\/\/exceladvisor.org\/pt\/#organization\"},\"potentialAction\":[{\"@type\":\"SearchAction\",\"target\":{\"@type\":\"EntryPoint\",\"urlTemplate\":\"https:\/\/exceladvisor.org\/pt\/?s={search_term_string}\"},\"query-input\":{\"@type\":\"PropertyValueSpecification\",\"valueRequired\":true,\"valueName\":\"search_term_string\"}}],\"inLanguage\":\"pt-PT\"},{\"@type\":\"Organization\",\"@id\":\"https:\/\/exceladvisor.org\/pt\/#organization\",\"name\":\"Excel Advisor\",\"url\":\"https:\/\/exceladvisor.org\/pt\/\",\"logo\":{\"@type\":\"ImageObject\",\"inLanguage\":\"pt-PT\",\"@id\":\"https:\/\/exceladvisor.org\/pt\/#\/schema\/logo\/image\/\",\"url\":\"https:\/\/exceladvisor.org\/pt\/wp-content\/uploads\/2023\/12\/exceladvisor.org_.png\",\"contentUrl\":\"https:\/\/exceladvisor.org\/pt\/wp-content\/uploads\/2023\/12\/exceladvisor.org_.png\",\"width\":105,\"height\":36,\"caption\":\"Excel Advisor\"},\"image\":{\"@id\":\"https:\/\/exceladvisor.org\/pt\/#\/schema\/logo\/image\/\"}}]}<\/script>\n<!-- \/ Yoast SEO plugin. -->","yoast_head_json":{"title":"\u25b7 Como aplicar bordas a uma c\u00e9lula via VBA?","description":"Existem duas maneiras diferentes de aplicar bordas a uma c\u00e9lula usando c\u00f3digo VBA. M\u00e9todo Border e BorderAround. Para uso","robots":{"index":"index","follow":"follow","max-snippet":"max-snippet:-1","max-image-preview":"max-image-preview:large","max-video-preview":"max-video-preview:-1"},"canonical":"https:\/\/exceladvisor.org\/pt\/fronteiras\/","og_locale":"pt_PT","og_type":"article","og_title":"\u25b7 Como aplicar bordas a uma c\u00e9lula via VBA?","og_description":"Existem duas maneiras diferentes de aplicar bordas a uma c\u00e9lula usando c\u00f3digo VBA. M\u00e9todo Border e BorderAround. Para uso","og_url":"https:\/\/exceladvisor.org\/pt\/fronteiras\/","og_site_name":"Excel Advisor","article_modified_time":"2023-12-06T11:34:35+00:00","og_image":[{"url":"https:\/\/exceladvisor.org\/wp-content\/uploads\/2023\/08\/1-specifier-la-plage-ou-la-cellule.png","type":"","width":"","height":""}],"twitter_card":"summary_large_image","twitter_misc":{"Tempo estimado de leitura":"3 minutos"},"schema":{"@context":"https:\/\/schema.org","@graph":[{"@type":"WebPage","@id":"https:\/\/exceladvisor.org\/pt\/fronteiras\/","url":"https:\/\/exceladvisor.org\/pt\/fronteiras\/","name":"\u25b7 Como aplicar bordas a uma c\u00e9lula via VBA?","isPartOf":{"@id":"https:\/\/exceladvisor.org\/pt\/#website"},"primaryImageOfPage":{"@id":"https:\/\/exceladvisor.org\/pt\/fronteiras\/#primaryimage"},"image":{"@id":"https:\/\/exceladvisor.org\/pt\/fronteiras\/#primaryimage"},"thumbnailUrl":"https:\/\/exceladvisor.org\/wp-content\/uploads\/2023\/08\/1-specifier-la-plage-ou-la-cellule.png","datePublished":"2023-09-01T07:18:23+00:00","dateModified":"2023-12-06T11:34:35+00:00","description":"Existem duas maneiras diferentes de aplicar bordas a uma c\u00e9lula usando c\u00f3digo VBA. M\u00e9todo Border e BorderAround. Para uso","breadcrumb":{"@id":"https:\/\/exceladvisor.org\/pt\/fronteiras\/#breadcrumb"},"inLanguage":"pt-PT","potentialAction":[{"@type":"ReadAction","target":["https:\/\/exceladvisor.org\/pt\/fronteiras\/"]}]},{"@type":"ImageObject","inLanguage":"pt-PT","@id":"https:\/\/exceladvisor.org\/pt\/fronteiras\/#primaryimage","url":"https:\/\/exceladvisor.org\/wp-content\/uploads\/2023\/08\/1-specifier-la-plage-ou-la-cellule.png","contentUrl":"https:\/\/exceladvisor.org\/wp-content\/uploads\/2023\/08\/1-specifier-la-plage-ou-la-cellule.png"},{"@type":"BreadcrumbList","@id":"https:\/\/exceladvisor.org\/pt\/fronteiras\/#breadcrumb","itemListElement":[{"@type":"ListItem","position":1,"name":"Lar","item":"https:\/\/exceladvisor.org\/pt\/"},{"@type":"ListItem","position":2,"name":"Como aplicar bordas a uma c\u00e9lula?"}]},{"@type":"WebSite","@id":"https:\/\/exceladvisor.org\/pt\/#website","url":"https:\/\/exceladvisor.org\/pt\/","name":"Excel Advisor","description":"O seu guia definitivo para dominar os dados!","publisher":{"@id":"https:\/\/exceladvisor.org\/pt\/#organization"},"potentialAction":[{"@type":"SearchAction","target":{"@type":"EntryPoint","urlTemplate":"https:\/\/exceladvisor.org\/pt\/?s={search_term_string}"},"query-input":{"@type":"PropertyValueSpecification","valueRequired":true,"valueName":"search_term_string"}}],"inLanguage":"pt-PT"},{"@type":"Organization","@id":"https:\/\/exceladvisor.org\/pt\/#organization","name":"Excel Advisor","url":"https:\/\/exceladvisor.org\/pt\/","logo":{"@type":"ImageObject","inLanguage":"pt-PT","@id":"https:\/\/exceladvisor.org\/pt\/#\/schema\/logo\/image\/","url":"https:\/\/exceladvisor.org\/pt\/wp-content\/uploads\/2023\/12\/exceladvisor.org_.png","contentUrl":"https:\/\/exceladvisor.org\/pt\/wp-content\/uploads\/2023\/12\/exceladvisor.org_.png","width":105,"height":36,"caption":"Excel Advisor"},"image":{"@id":"https:\/\/exceladvisor.org\/pt\/#\/schema\/logo\/image\/"}}]}},"yoast_meta":{"yoast_wpseo_title":"","yoast_wpseo_metadesc":"","yoast_wpseo_canonical":""},"_links":{"self":[{"href":"https:\/\/exceladvisor.org\/pt\/wp-json\/wp\/v2\/pages\/738","targetHints":{"allow":["GET"]}}],"collection":[{"href":"https:\/\/exceladvisor.org\/pt\/wp-json\/wp\/v2\/pages"}],"about":[{"href":"https:\/\/exceladvisor.org\/pt\/wp-json\/wp\/v2\/types\/page"}],"author":[{"embeddable":true,"href":"https:\/\/exceladvisor.org\/pt\/wp-json\/wp\/v2\/users\/1"}],"replies":[{"embeddable":true,"href":"https:\/\/exceladvisor.org\/pt\/wp-json\/wp\/v2\/comments?post=738"}],"version-history":[{"count":1,"href":"https:\/\/exceladvisor.org\/pt\/wp-json\/wp\/v2\/pages\/738\/revisions"}],"predecessor-version":[{"id":838,"href":"https:\/\/exceladvisor.org\/pt\/wp-json\/wp\/v2\/pages\/738\/revisions\/838"}],"wp:attachment":[{"href":"https:\/\/exceladvisor.org\/pt\/wp-json\/wp\/v2\/media?parent=738"}],"curies":[{"name":"wp","href":"https:\/\/api.w.org\/{rel}","templated":true}]}}