{"id":739,"date":"2023-09-01T07:09:32","date_gmt":"2023-09-01T07:09:32","guid":{"rendered":"https:\/\/exceladvisor.org\/pt\/modulo\/"},"modified":"2023-12-06T11:50:07","modified_gmt":"2023-12-06T11:50:07","slug":"modulo","status":"publish","type":"page","link":"https:\/\/exceladvisor.org\/pt\/modulo\/","title":{"rendered":"Como usar m\u00f3dulos vba no excel?"},"content":{"rendered":"<div class=\"excel-before-content-2\" id=\"excel-1487911636\"><script type=\"text\/javascript\">\r\n\tatOptions = {\r\n\t\t'key' : 'c1158f160081d6540a8409e6925dab94',\r\n\t\t'format' : 'iframe',\r\n\t\t'height' : 250,\r\n\t\t'width' : 300,\r\n\t\t'params' : {}\r\n\t};\r\n<\/script>\r\n<script type=\"text\/javascript\" src=\"\/\/www.highperformanceformat.com\/c1158f160081d6540a8409e6925dab94\/invoke.js\"><\/script><\/div><div class=\"excel-before-content\" id=\"excel-328171743\"><script type=\"text\/javascript\">\r\n\tatOptions = {\r\n\t\t'key' : 'c1158f160081d6540a8409e6925dab94',\r\n\t\t'format' : 'iframe',\r\n\t\t'height' : 250,\r\n\t\t'width' : 300,\r\n\t\t'params' : {}\r\n\t};\r\n<\/script>\r\n<script type=\"text\/javascript\" src=\"\/\/www.highperformanceformat.com\/c1158f160081d6540a8409e6925dab94\/invoke.js\"><\/script><\/div> <h2 class=\"wp-block-heading\">O que \u00e9 um m\u00f3dulo VBA<\/h2><p> O m\u00f3dulo VBA \u00e9 um arquivo de extens\u00e3o &#8220;.bcf&#8221; que cont\u00e9m c\u00f3digo no <a href=\"https:\/\/exceladvisor.org\/pt\/editor-visual-basico\/\">editor Visual Basic<\/a> . Cada m\u00f3dulo possui sua pr\u00f3pria janela de c\u00f3digo onde voc\u00ea pode escrever. Voc\u00ea pode inserir um novo m\u00f3dulo, exclu\u00ed-lo, salv\u00e1-lo e import\u00e1-lo. Em termos simples, \u00e9 como um arquivo de texto que voc\u00ea abre no Bloco de Notas.<\/p><p> Neste tutorial aprenderemos tudo sobre como usar um m\u00f3dulo em VBA.<\/p><h2 class=\"wp-block-heading\"> Insira um m\u00f3dulo VBA<\/h2><ol type=\"1\"><li> Primeiro, abra a janela do projeto, se ainda n\u00e3o estiver l\u00e1.<\/li><li> A seguir, clique com o bot\u00e3o direito no projeto ( <a href=\"https:\/\/exceladvisor.org\/pt\/encadernador\/\">arquivo Excel<\/a> ) no qual deseja inserir um m\u00f3dulo.<\/li><li> Depois disso, v\u00e1 em Inserir e clique em \u201cM\u00f3dulo\u201d.<\/li><li> Depois de fazer isso, voc\u00ea obter\u00e1 instantaneamente um novo m\u00f3dulo e poder\u00e1 abrir sua janela de c\u00f3digo para escrever o c\u00f3digo. <\/li><\/ol><div class=\"wp-block-image\"><figure class=\"aligncenter size-large is-resized\"><img loading=\"lazy\" decoding=\"async\" class=\"wp-image-55674\" src=\"https:\/\/exceladvisor.org\/wp-content\/uploads\/2023\/08\/1-inserer-un-module-vba.png\" sizes=\"auto, \" srcset=\"\" alt=\"inserir no m\u00f3dulo vba\" width=\"543\" height=\"414\"><\/figure><\/div><p> Voc\u00ea tamb\u00e9m pode ir ao menu inserir e depois ao m\u00f3dulo para inseri-lo. <\/p><div class=\"wp-block-image\"><figure class=\"aligncenter size-large is-resized\"><img loading=\"lazy\" decoding=\"async\" class=\"wp-image-55675\" src=\"https:\/\/exceladvisor.org\/wp-content\/uploads\/2023\/08\/2-inserer-menu-puis-module.png\" sizes=\"auto, \" srcset=\"\" alt=\"\" width=\"536\" height=\"368\"><\/figure><\/div><p> Ao inserir um novo m\u00f3dulo, o VBA cria uma pasta separada para todos os m\u00f3dulos que voc\u00ea possui no projeto. <\/p><div class=\"wp-block-image\"><figure class=\"aligncenter size-large is-resized\"><img loading=\"lazy\" decoding=\"async\" class=\"wp-image-55676\" src=\"https:\/\/exceladvisor.org\/wp-content\/uploads\/2023\/08\/3-vba-cree-un-dossier-separe.png\" sizes=\"auto, \" srcset=\"\" alt=\"\" width=\"512\" height=\"406\"><\/figure><\/div><h2 class=\"wp-block-heading\"> Excluir um m\u00f3dulo VBA<\/h2><ol type=\"1\"><li> Clique no projeto do qual deseja excluir um m\u00f3dulo.<\/li><li> Agora, clique com o bot\u00e3o direito no m\u00f3dulo que deseja remover e clique em \u201cRemover\u201d.<\/li><li> Depois disso, voc\u00ea precisa confirmar se deseja salvar o m\u00f3dulo antes de exclu\u00ed-lo.<\/li><li> Ao final, clique em \u201cSim\u201d para exclu\u00ed-lo. <\/li><\/ol><div class=\"wp-block-image\"><figure class=\"aligncenter size-large is-resized\"><img loading=\"lazy\" decoding=\"async\" class=\"wp-image-55677\" src=\"https:\/\/exceladvisor.org\/wp-content\/uploads\/2023\/08\/4-supprimer-un-module-vba.png\" sizes=\"auto, \" srcset=\"\" alt=\"\" width=\"505\" height=\"540\"><\/figure><\/div><p> H\u00e1 uma coisa que voc\u00ea precisa saber aqui ao clicar na op\u00e7\u00e3o de exclus\u00e3o: ele solicita que voc\u00ea fa\u00e7a backup do seu m\u00f3dulo antes de exclu\u00ed-lo (se desejar). <\/p><div class=\"wp-block-image\"><figure class=\"aligncenter size-large is-resized\"><img loading=\"lazy\" decoding=\"async\" class=\"wp-image-55678\" src=\"https:\/\/exceladvisor.org\/wp-content\/uploads\/2023\/08\/5-sauvegarder-votre-module.png\" sizes=\"auto, \" srcset=\"\" alt=\"\" width=\"405\" height=\"189\"><\/figure><\/div><p> Esta \u00e9 uma maneira inteligente de lembr\u00e1-lo de obter o backup do m\u00f3dulo.<\/p><h2 class=\"wp-block-heading\"> Exportar e importar um m\u00f3dulo VBA<\/h2><p> Voc\u00ea tamb\u00e9m pode importar e exportar um m\u00f3dulo de um arquivo Excel para outro em vez de copiar e colar c\u00f3digos. Esta \u00e9 uma das melhores maneiras de compartilhar seus c\u00f3digos com outras pessoas. Ao clicar com o bot\u00e3o direito em um m\u00f3dulo, voc\u00ea ter\u00e1 as duas op\u00e7\u00f5es. <\/p><div class=\"wp-block-image\"><figure class=\"aligncenter size-large is-resized\"><img loading=\"lazy\" decoding=\"async\" class=\"wp-image-55679\" src=\"https:\/\/exceladvisor.org\/wp-content\/uploads\/2023\/08\/6-exporter-et-importer-un-module-vba.png\" sizes=\"auto, \" srcset=\"\" alt=\"\" width=\"420\" height=\"420\"><\/figure><\/div><p> Como eu disse anteriormente, voc\u00ea pode salvar um m\u00f3dulo como um arquivo \u201c.bcf\u201d e import\u00e1-lo posteriormente ou para outro arquivo Excel.<\/p><p class=\"qt-tip\"> <strong>Dica:<\/strong> Se voc\u00ea deseja copiar um m\u00f3dulo inteiro para outro projeto cujo arquivo Excel esteja aberto naquele momento. Arraste e solte este m\u00f3dulo no projeto onde deseja copi\u00e1-lo. <\/p><div class=\"wp-block-image\"><figure class=\"aligncenter size-large is-resized\"><img loading=\"lazy\" decoding=\"async\" class=\"wp-image-55680\" src=\"https:\/\/exceladvisor.org\/wp-content\/uploads\/2023\/08\/7-glisser-deposer-un-module.png\" sizes=\"auto, \" srcset=\"\" alt=\"\" width=\"473\" height=\"405\"><\/figure><\/div><h2 class=\"wp-block-heading\"> M\u00f3dulos VBA normais versus m\u00f3dulos de classe<\/h2><p> Ao inserir um novo m\u00f3dulo, voc\u00ea poder\u00e1 ver uma op\u00e7\u00e3o para inserir um m\u00f3dulo de classe. Mas h\u00e1 uma ligeira diferen\u00e7a entre os dois m\u00f3dulos. <strong>Como voc\u00ea entendeu tudo sobre m\u00f3dulos padr\u00e3o, m\u00f3dulos de classe s\u00e3o m\u00f3dulos especiais que podem ajud\u00e1-lo a criar seus objetos personalizados.<\/strong> Voc\u00ea tamb\u00e9m pode definir m\u00e9todos, propriedades e eventos para esses objetos. E quando voc\u00ea cria um novo objeto a partir do m\u00f3dulo de classe, tamb\u00e9m pode consult\u00e1-lo a partir do m\u00f3dulo padr\u00e3o.<\/p><div class=\"gb-container gb-container-4db6181c gb-container-mt\"> <a class=\"gb-button gb-button-c5897111 gb-button-text gb-button-mt-button\" href=\"https:\/\/exceladvisor.org\/pt\/vba\/\">O que \u00e9 VBA<\/a><h2 class=\"gb-headline gb-headline-665e5f6b gb-headline-text gb-headline-mt-heading\"> Tutoriais relacionados <\/h2><div class=\"gb-grid-wrapper gb-grid-wrapper-a20baf7c gb-grid-wrapper-mt-grid\"><div class=\"gb-grid-column gb-grid-column-65ddf67e\"><div class=\"gb-container gb-container-65ddf67e\"><ul><li> <a href=\"https:\/\/exceladvisor.org\/pt\/questoes-de-entrevista\/\">Perguntas da entrevista VBA<\/a><\/li><li> <a href=\"https:\/\/exceladvisor.org\/pt\/comente\/\">Adicione um coment\u00e1rio no c\u00f3digo VBA<\/a><\/li><li> <a href=\"https:\/\/exceladvisor.org\/pt\/quebra-de-linha\/\">Adicione uma quebra de linha no c\u00f3digo VBA<\/a><\/li><li> <a href=\"https:\/\/exceladvisor.org\/pt\/nova-linha\/\">Adicione uma nova linha (retorno de carro) em uma string no VBA<\/a><\/li><li> <a href=\"https:\/\/exceladvisor.org\/pt\/executar-uma-macro-2\/\">Execute uma macro no Excel (execute c\u00f3digo VBA)<\/a> <\/li><\/ul><\/div><\/div><div class=\"gb-grid-column gb-grid-column-50067b57\"><div class=\"gb-container gb-container-50067b57\"><\/div><\/div><\/div><\/div>","protected":false},"excerpt":{"rendered":"","protected":false},"author":1,"featured_media":0,"parent":0,"menu_order":0,"comment_status":"open","ping_status":"closed","template":"","meta":{"ub_ctt_via":"","footnotes":""},"class_list":["post-739","page","type-page","status-publish","hentry"],"featured_image_src":null,"yoast_head":"<!-- This site is optimized with the Yoast SEO plugin v25.4 - https:\/\/yoast.com\/wordpress\/plugins\/seo\/ -->\n<title>M\u00f3dulos VBA | Inserir, excluir, restaurar e fazer backup<\/title>\n<meta name=\"description\" content=\"O m\u00f3dulo VBA \u00e9 um arquivo de extens\u00e3o \u201c.bcf\u201d que cont\u00e9m o c\u00f3digo no editor Visual Basic. Cada m\u00f3dulo tem sua pr\u00f3pria janela\" \/>\n<meta name=\"robots\" content=\"index, follow, max-snippet:-1, max-image-preview:large, max-video-preview:-1\" \/>\n<link rel=\"canonical\" href=\"https:\/\/exceladvisor.org\/pt\/modulo\/\" \/>\n<meta property=\"og:locale\" content=\"pt_PT\" \/>\n<meta property=\"og:type\" content=\"article\" \/>\n<meta property=\"og:title\" content=\"M\u00f3dulos VBA | Inserir, excluir, restaurar e fazer backup\" \/>\n<meta property=\"og:description\" content=\"O m\u00f3dulo VBA \u00e9 um arquivo de extens\u00e3o \u201c.bcf\u201d que cont\u00e9m o c\u00f3digo no editor Visual Basic. Cada m\u00f3dulo tem sua pr\u00f3pria janela\" \/>\n<meta property=\"og:url\" content=\"https:\/\/exceladvisor.org\/pt\/modulo\/\" \/>\n<meta property=\"og:site_name\" content=\"Excel Advisor\" \/>\n<meta property=\"article:modified_time\" content=\"2023-12-06T11:50:07+00:00\" \/>\n<meta property=\"og:image\" content=\"https:\/\/exceladvisor.org\/wp-content\/uploads\/2023\/08\/1-inserer-un-module-vba.png\" \/>\n<meta name=\"twitter:card\" content=\"summary_large_image\" \/>\n<meta name=\"twitter:label1\" content=\"Tempo estimado de leitura\" \/>\n\t<meta name=\"twitter:data1\" content=\"3 minutos\" \/>\n<script type=\"application\/ld+json\" class=\"yoast-schema-graph\">{\"@context\":\"https:\/\/schema.org\",\"@graph\":[{\"@type\":\"WebPage\",\"@id\":\"https:\/\/exceladvisor.org\/pt\/modulo\/\",\"url\":\"https:\/\/exceladvisor.org\/pt\/modulo\/\",\"name\":\"M\u00f3dulos VBA | Inserir, excluir, restaurar e fazer backup\",\"isPartOf\":{\"@id\":\"https:\/\/exceladvisor.org\/pt\/#website\"},\"primaryImageOfPage\":{\"@id\":\"https:\/\/exceladvisor.org\/pt\/modulo\/#primaryimage\"},\"image\":{\"@id\":\"https:\/\/exceladvisor.org\/pt\/modulo\/#primaryimage\"},\"thumbnailUrl\":\"https:\/\/exceladvisor.org\/wp-content\/uploads\/2023\/08\/1-inserer-un-module-vba.png\",\"datePublished\":\"2023-09-01T07:09:32+00:00\",\"dateModified\":\"2023-12-06T11:50:07+00:00\",\"description\":\"O m\u00f3dulo VBA \u00e9 um arquivo de extens\u00e3o \u201c.bcf\u201d que cont\u00e9m o c\u00f3digo no editor Visual Basic. Cada m\u00f3dulo tem sua pr\u00f3pria janela\",\"breadcrumb\":{\"@id\":\"https:\/\/exceladvisor.org\/pt\/modulo\/#breadcrumb\"},\"inLanguage\":\"pt-PT\",\"potentialAction\":[{\"@type\":\"ReadAction\",\"target\":[\"https:\/\/exceladvisor.org\/pt\/modulo\/\"]}]},{\"@type\":\"ImageObject\",\"inLanguage\":\"pt-PT\",\"@id\":\"https:\/\/exceladvisor.org\/pt\/modulo\/#primaryimage\",\"url\":\"https:\/\/exceladvisor.org\/wp-content\/uploads\/2023\/08\/1-inserer-un-module-vba.png\",\"contentUrl\":\"https:\/\/exceladvisor.org\/wp-content\/uploads\/2023\/08\/1-inserer-un-module-vba.png\"},{\"@type\":\"BreadcrumbList\",\"@id\":\"https:\/\/exceladvisor.org\/pt\/modulo\/#breadcrumb\",\"itemListElement\":[{\"@type\":\"ListItem\",\"position\":1,\"name\":\"Lar\",\"item\":\"https:\/\/exceladvisor.org\/pt\/\"},{\"@type\":\"ListItem\",\"position\":2,\"name\":\"Como usar m\u00f3dulos vba no excel?\"}]},{\"@type\":\"WebSite\",\"@id\":\"https:\/\/exceladvisor.org\/pt\/#website\",\"url\":\"https:\/\/exceladvisor.org\/pt\/\",\"name\":\"Excel Advisor\",\"description\":\"O seu guia definitivo para dominar os dados!\",\"publisher\":{\"@id\":\"https:\/\/exceladvisor.org\/pt\/#organization\"},\"potentialAction\":[{\"@type\":\"SearchAction\",\"target\":{\"@type\":\"EntryPoint\",\"urlTemplate\":\"https:\/\/exceladvisor.org\/pt\/?s={search_term_string}\"},\"query-input\":{\"@type\":\"PropertyValueSpecification\",\"valueRequired\":true,\"valueName\":\"search_term_string\"}}],\"inLanguage\":\"pt-PT\"},{\"@type\":\"Organization\",\"@id\":\"https:\/\/exceladvisor.org\/pt\/#organization\",\"name\":\"Excel Advisor\",\"url\":\"https:\/\/exceladvisor.org\/pt\/\",\"logo\":{\"@type\":\"ImageObject\",\"inLanguage\":\"pt-PT\",\"@id\":\"https:\/\/exceladvisor.org\/pt\/#\/schema\/logo\/image\/\",\"url\":\"https:\/\/exceladvisor.org\/pt\/wp-content\/uploads\/2023\/12\/exceladvisor.org_.png\",\"contentUrl\":\"https:\/\/exceladvisor.org\/pt\/wp-content\/uploads\/2023\/12\/exceladvisor.org_.png\",\"width\":105,\"height\":36,\"caption\":\"Excel Advisor\"},\"image\":{\"@id\":\"https:\/\/exceladvisor.org\/pt\/#\/schema\/logo\/image\/\"}}]}<\/script>\n<!-- \/ Yoast SEO plugin. -->","yoast_head_json":{"title":"M\u00f3dulos VBA | Inserir, excluir, restaurar e fazer backup","description":"O m\u00f3dulo VBA \u00e9 um arquivo de extens\u00e3o \u201c.bcf\u201d que cont\u00e9m o c\u00f3digo no editor Visual Basic. Cada m\u00f3dulo tem sua pr\u00f3pria janela","robots":{"index":"index","follow":"follow","max-snippet":"max-snippet:-1","max-image-preview":"max-image-preview:large","max-video-preview":"max-video-preview:-1"},"canonical":"https:\/\/exceladvisor.org\/pt\/modulo\/","og_locale":"pt_PT","og_type":"article","og_title":"M\u00f3dulos VBA | Inserir, excluir, restaurar e fazer backup","og_description":"O m\u00f3dulo VBA \u00e9 um arquivo de extens\u00e3o \u201c.bcf\u201d que cont\u00e9m o c\u00f3digo no editor Visual Basic. Cada m\u00f3dulo tem sua pr\u00f3pria janela","og_url":"https:\/\/exceladvisor.org\/pt\/modulo\/","og_site_name":"Excel Advisor","article_modified_time":"2023-12-06T11:50:07+00:00","og_image":[{"url":"https:\/\/exceladvisor.org\/wp-content\/uploads\/2023\/08\/1-inserer-un-module-vba.png","type":"","width":"","height":""}],"twitter_card":"summary_large_image","twitter_misc":{"Tempo estimado de leitura":"3 minutos"},"schema":{"@context":"https:\/\/schema.org","@graph":[{"@type":"WebPage","@id":"https:\/\/exceladvisor.org\/pt\/modulo\/","url":"https:\/\/exceladvisor.org\/pt\/modulo\/","name":"M\u00f3dulos VBA | Inserir, excluir, restaurar e fazer backup","isPartOf":{"@id":"https:\/\/exceladvisor.org\/pt\/#website"},"primaryImageOfPage":{"@id":"https:\/\/exceladvisor.org\/pt\/modulo\/#primaryimage"},"image":{"@id":"https:\/\/exceladvisor.org\/pt\/modulo\/#primaryimage"},"thumbnailUrl":"https:\/\/exceladvisor.org\/wp-content\/uploads\/2023\/08\/1-inserer-un-module-vba.png","datePublished":"2023-09-01T07:09:32+00:00","dateModified":"2023-12-06T11:50:07+00:00","description":"O m\u00f3dulo VBA \u00e9 um arquivo de extens\u00e3o \u201c.bcf\u201d que cont\u00e9m o c\u00f3digo no editor Visual Basic. Cada m\u00f3dulo tem sua pr\u00f3pria janela","breadcrumb":{"@id":"https:\/\/exceladvisor.org\/pt\/modulo\/#breadcrumb"},"inLanguage":"pt-PT","potentialAction":[{"@type":"ReadAction","target":["https:\/\/exceladvisor.org\/pt\/modulo\/"]}]},{"@type":"ImageObject","inLanguage":"pt-PT","@id":"https:\/\/exceladvisor.org\/pt\/modulo\/#primaryimage","url":"https:\/\/exceladvisor.org\/wp-content\/uploads\/2023\/08\/1-inserer-un-module-vba.png","contentUrl":"https:\/\/exceladvisor.org\/wp-content\/uploads\/2023\/08\/1-inserer-un-module-vba.png"},{"@type":"BreadcrumbList","@id":"https:\/\/exceladvisor.org\/pt\/modulo\/#breadcrumb","itemListElement":[{"@type":"ListItem","position":1,"name":"Lar","item":"https:\/\/exceladvisor.org\/pt\/"},{"@type":"ListItem","position":2,"name":"Como usar m\u00f3dulos vba no excel?"}]},{"@type":"WebSite","@id":"https:\/\/exceladvisor.org\/pt\/#website","url":"https:\/\/exceladvisor.org\/pt\/","name":"Excel Advisor","description":"O seu guia definitivo para dominar os dados!","publisher":{"@id":"https:\/\/exceladvisor.org\/pt\/#organization"},"potentialAction":[{"@type":"SearchAction","target":{"@type":"EntryPoint","urlTemplate":"https:\/\/exceladvisor.org\/pt\/?s={search_term_string}"},"query-input":{"@type":"PropertyValueSpecification","valueRequired":true,"valueName":"search_term_string"}}],"inLanguage":"pt-PT"},{"@type":"Organization","@id":"https:\/\/exceladvisor.org\/pt\/#organization","name":"Excel Advisor","url":"https:\/\/exceladvisor.org\/pt\/","logo":{"@type":"ImageObject","inLanguage":"pt-PT","@id":"https:\/\/exceladvisor.org\/pt\/#\/schema\/logo\/image\/","url":"https:\/\/exceladvisor.org\/pt\/wp-content\/uploads\/2023\/12\/exceladvisor.org_.png","contentUrl":"https:\/\/exceladvisor.org\/pt\/wp-content\/uploads\/2023\/12\/exceladvisor.org_.png","width":105,"height":36,"caption":"Excel Advisor"},"image":{"@id":"https:\/\/exceladvisor.org\/pt\/#\/schema\/logo\/image\/"}}]}},"yoast_meta":{"yoast_wpseo_title":"","yoast_wpseo_metadesc":"","yoast_wpseo_canonical":""},"_links":{"self":[{"href":"https:\/\/exceladvisor.org\/pt\/wp-json\/wp\/v2\/pages\/739","targetHints":{"allow":["GET"]}}],"collection":[{"href":"https:\/\/exceladvisor.org\/pt\/wp-json\/wp\/v2\/pages"}],"about":[{"href":"https:\/\/exceladvisor.org\/pt\/wp-json\/wp\/v2\/types\/page"}],"author":[{"embeddable":true,"href":"https:\/\/exceladvisor.org\/pt\/wp-json\/wp\/v2\/users\/1"}],"replies":[{"embeddable":true,"href":"https:\/\/exceladvisor.org\/pt\/wp-json\/wp\/v2\/comments?post=739"}],"version-history":[{"count":1,"href":"https:\/\/exceladvisor.org\/pt\/wp-json\/wp\/v2\/pages\/739\/revisions"}],"predecessor-version":[{"id":1363,"href":"https:\/\/exceladvisor.org\/pt\/wp-json\/wp\/v2\/pages\/739\/revisions\/1363"}],"wp:attachment":[{"href":"https:\/\/exceladvisor.org\/pt\/wp-json\/wp\/v2\/media?parent=739"}],"curies":[{"name":"wp","href":"https:\/\/api.w.org\/{rel}","templated":true}]}}