{"id":74,"date":"2023-11-17T09:53:59","date_gmt":"2023-11-17T09:53:59","guid":{"rendered":"https:\/\/exceladvisor.org\/pt\/ocultar-mostrar-pasta-de-trabalho\/"},"modified":"2023-12-06T11:38:43","modified_gmt":"2023-12-06T11:38:43","slug":"ocultar-mostrar-pasta-de-trabalho","status":"publish","type":"page","link":"https:\/\/exceladvisor.org\/pt\/ocultar-mostrar-pasta-de-trabalho\/","title":{"rendered":"Como ocultar e mostrar uma pasta de trabalho no excel?"},"content":{"rendered":"<div class=\"excel-before-content-2\" id=\"excel-872932018\"><script type=\"text\/javascript\">\r\n\tatOptions = {\r\n\t\t'key' : 'c1158f160081d6540a8409e6925dab94',\r\n\t\t'format' : 'iframe',\r\n\t\t'height' : 250,\r\n\t\t'width' : 300,\r\n\t\t'params' : {}\r\n\t};\r\n<\/script>\r\n<script type=\"text\/javascript\" src=\"\/\/www.highperformanceformat.com\/c1158f160081d6540a8409e6925dab94\/invoke.js\"><\/script><\/div><div class=\"excel-before-content\" id=\"excel-901218002\"><script type=\"text\/javascript\">\r\n\tatOptions = {\r\n\t\t'key' : 'c1158f160081d6540a8409e6925dab94',\r\n\t\t'format' : 'iframe',\r\n\t\t'height' : 250,\r\n\t\t'width' : 300,\r\n\t\t'params' : {}\r\n\t};\r\n<\/script>\r\n<script type=\"text\/javascript\" src=\"\/\/www.highperformanceformat.com\/c1158f160081d6540a8409e6925dab94\/invoke.js\"><\/script><\/div> <p>Ao trabalhar com v\u00e1rias pastas de trabalho (arquivos) do Excel, em vez de fech\u00e1-los, voc\u00ea pode ocult\u00e1-los e mostr\u00e1-los quando precisar deles.<\/p><p> No Excel, voc\u00ea pode ocultar e mostrar uma pasta de trabalho apenas clicando em um bot\u00e3o e, como eu disse, ocultar uma pasta de trabalho n\u00e3o significa fech\u00e1-la.<\/p><p> Neste tutorial, usaremos a op\u00e7\u00e3o de ocultar e mostrar uma pasta de trabalho. <\/p><div class=\"wp-block-image\"><figure class=\"aligncenter size-full is-resized\"><img loading=\"lazy\" decoding=\"async\" class=\"wp-image-72395\" src=\"https:\/\/exceladvisor.org\/wp-content\/uploads\/2023\/08\/1-masquer-un-classeur.png\" sizes=\"auto, \" srcset=\"\" alt=\"ocultar uma pasta\" width=\"809\" height=\"162\"><\/figure><\/div><h2 class=\"wp-block-heading\"> Ocultar uma pasta de trabalho (arquivo Excel)<\/h2><p> No momento, tenho quatro pastas de trabalho abertas no Excel e quero ocultar duas pastas de trabalho dessas quatro. Voc\u00ea pode usar as etapas a seguir para execut\u00e1-lo.<\/p><ol type=\"1\"><li> Primeiro, voc\u00ea precisa navegar at\u00e9 a pasta de trabalho que deseja ocultar.<\/li><li> Depois disso, v\u00e1 para<mark class=\"has-inline-color\" style=\"background-color: #49d295;\"> Guia Exibir<\/mark> .<\/li><li> E na aba Visualizar, voc\u00ea tem o grupo \u201cJanela\u201d onde voc\u00ea tem o<mark class=\"has-inline-color\" style=\"background-color: #49d295;\"> Esconder<\/mark> bot\u00e3o.<\/li><li> No final, clique no bot\u00e3o Ocultar para ocultar a pasta de trabalho que est\u00e1 ativa no momento. <\/li><\/ol><div class=\"wp-block-image\"><figure class=\"aligncenter size-full is-resized\"><img loading=\"lazy\" decoding=\"async\" class=\"wp-image-72396\" src=\"https:\/\/exceladvisor.org\/wp-content\/uploads\/2023\/08\/2-onglet-de-vue-bouton-cache.png\" sizes=\"auto, \" srcset=\"\" alt=\"mostrar-tab-bot\u00e3o oculto\" width=\"762\" height=\"329\"><\/figure><\/div><p> E no momento em que voc\u00ea clica no bot\u00e3o \u201cOcultar\u201d, parece que o arquivo est\u00e1 fechado, mas agora est\u00e1 oculto.<\/p><h2 class=\"wp-block-heading\"> Exibir uma pasta de trabalho (arquivo Excel)<\/h2><p> E depois de ocultar uma pasta de trabalho, voc\u00ea pode <strong><mark class=\"has-inline-color\" style=\"background-color: #49d295;\">exibi-la usando o bot\u00e3o Mostrar<\/mark><\/strong> logo abaixo do bot\u00e3o Ocultar. <\/p><div class=\"wp-block-image\"><figure class=\"aligncenter size-full is-resized\"><img loading=\"lazy\" decoding=\"async\" class=\"wp-image-72397\" src=\"https:\/\/exceladvisor.org\/wp-content\/uploads\/2023\/08\/3-afficher-la-boite-de-dialogue.png\" sizes=\"auto, \" srcset=\"\" alt=\"mostrar caixa de di\u00e1logo\" width=\"739\" height=\"287\"><\/figure><\/div><ol type=\"1\"><li> Primeiro, v\u00e1 para a guia Exibir.<\/li><li> Depois disso, no grupo Janela, existe um bot\u00e3o chamado \u201cmostrar\u201d (este bot\u00e3o \u00e9 ativado quando voc\u00ea tem uma ou mais pastas de trabalho ocultas).<\/li><li> Agora, clique no bot\u00e3o Exibir para exibir a caixa de di\u00e1logo para visualizar a pasta de trabalho.<\/li><li> Ao final, na caixa de di\u00e1logo, selecione a pasta de trabalho que deseja visualizar e clique em OK.<\/li><\/ol><h2 class=\"wp-block-heading\"> Atalhos de teclado para ocultar e mostrar uma pasta de trabalho<\/h2><p> Voc\u00ea tamb\u00e9m pode usar <a href=\"https:\/\/exceladvisor.org\/pt\/atalhos-do-teclado\/\">atalhos de teclado<\/a> para ocultar e mostrar uma pasta de trabalho:<\/p><ul><li> Alt \u21e2 W \u21e2 H: para exibir uma pasta de trabalho.<\/li><li> Alt \u21e2 W \u21e2 U: para abrir a caixa de di\u00e1logo Exibir para visualizar uma pasta de trabalho a partir da\u00ed.<\/li><\/ul><div class=\"gb-container gb-container-4db6181c gb-container-mt\"> <a class=\"gb-button gb-button-c5897111 gb-button-text gb-button-mt-button\" href=\"https:\/\/exceladvisor.org\/pt\/nocoes-basicas-de-excel\/\">No\u00e7\u00f5es b\u00e1sicas do Microsoft Excel (componentes, pe\u00e7as e notas de conhecimento)<\/a><h2 class=\"gb-headline gb-headline-665e5f6b gb-headline-text gb-headline-mt-heading\"> Tutoriais relacionados <\/h2><div class=\"gb-grid-wrapper gb-grid-wrapper-a20baf7c gb-grid-wrapper-mt-grid\"><div class=\"gb-grid-column gb-grid-column-65ddf67e\"><div class=\"gb-container gb-container-65ddf67e\"><ul><li> <a href=\"https:\/\/exceladvisor.org\/pt\/reparar-arquivo-excel-corrompido\/\">Reparar arquivo Excel corrompido<\/a><\/li><li> <a href=\"https:\/\/exceladvisor.org\/pt\/recuperar-arquivos-nao-salvos\/\">Recupere arquivos do Excel n\u00e3o salvos quando o Excel travar<\/a><\/li><li> <a href=\"https:\/\/exceladvisor.org\/pt\/xlsx-para-csv\/\">Salve o arquivo Excel (pasta de trabalho) em formato CSV (XLSX TO CSV)<\/a><\/li><li> <a href=\"https:\/\/exceladvisor.org\/pt\/copiar-pasta-de-trabalho\/\">Fa\u00e7a uma c\u00f3pia da pasta de trabalho do Excel (arquivo)<\/a><\/li><li> <a href=\"https:\/\/exceladvisor.org\/pt\/abrir-arquivo-de-texto\/\">Como abrir um arquivo de texto no Excel (.TXT)<\/a> <\/li><\/ul><\/div><\/div><div class=\"gb-grid-column gb-grid-column-50067b57\"><div class=\"gb-container gb-container-50067b57\"><\/div><\/div><\/div><\/div>","protected":false},"excerpt":{"rendered":"","protected":false},"author":1,"featured_media":0,"parent":0,"menu_order":0,"comment_status":"open","ping_status":"closed","template":"","meta":{"ub_ctt_via":"","footnotes":""},"class_list":["post-74","page","type-page","status-publish","hentry"],"featured_image_src":null,"yoast_head":"<!-- This site is optimized with the Yoast SEO plugin v25.4 - https:\/\/yoast.com\/wordpress\/plugins\/seo\/ -->\n<title>\u25b7 Como ocultar e mostrar uma pasta de trabalho no Excel?<\/title>\n<meta name=\"description\" content=\"Neste tutorial aprenderemos como ocultar e mostrar uma pasta de trabalho usando o bot\u00e3o que temos na aba Exibir + um\" \/>\n<meta name=\"robots\" content=\"index, follow, max-snippet:-1, max-image-preview:large, max-video-preview:-1\" \/>\n<link rel=\"canonical\" href=\"https:\/\/exceladvisor.org\/pt\/ocultar-mostrar-pasta-de-trabalho\/\" \/>\n<meta property=\"og:locale\" content=\"pt_PT\" \/>\n<meta property=\"og:type\" content=\"article\" \/>\n<meta property=\"og:title\" content=\"\u25b7 Como ocultar e mostrar uma pasta de trabalho no Excel?\" \/>\n<meta property=\"og:description\" content=\"Neste tutorial aprenderemos como ocultar e mostrar uma pasta de trabalho usando o bot\u00e3o que temos na aba Exibir + um\" \/>\n<meta property=\"og:url\" content=\"https:\/\/exceladvisor.org\/pt\/ocultar-mostrar-pasta-de-trabalho\/\" \/>\n<meta property=\"og:site_name\" content=\"Excel Advisor\" \/>\n<meta property=\"article:modified_time\" content=\"2023-12-06T11:38:43+00:00\" \/>\n<meta property=\"og:image\" content=\"https:\/\/exceladvisor.org\/wp-content\/uploads\/2023\/08\/1-masquer-un-classeur.png\" \/>\n<meta name=\"twitter:card\" content=\"summary_large_image\" \/>\n<meta name=\"twitter:label1\" content=\"Tempo estimado de leitura\" \/>\n\t<meta name=\"twitter:data1\" content=\"2 minutos\" \/>\n<script type=\"application\/ld+json\" class=\"yoast-schema-graph\">{\"@context\":\"https:\/\/schema.org\",\"@graph\":[{\"@type\":\"WebPage\",\"@id\":\"https:\/\/exceladvisor.org\/pt\/ocultar-mostrar-pasta-de-trabalho\/\",\"url\":\"https:\/\/exceladvisor.org\/pt\/ocultar-mostrar-pasta-de-trabalho\/\",\"name\":\"\u25b7 Como ocultar e mostrar uma pasta de trabalho no Excel?\",\"isPartOf\":{\"@id\":\"https:\/\/exceladvisor.org\/pt\/#website\"},\"primaryImageOfPage\":{\"@id\":\"https:\/\/exceladvisor.org\/pt\/ocultar-mostrar-pasta-de-trabalho\/#primaryimage\"},\"image\":{\"@id\":\"https:\/\/exceladvisor.org\/pt\/ocultar-mostrar-pasta-de-trabalho\/#primaryimage\"},\"thumbnailUrl\":\"https:\/\/exceladvisor.org\/wp-content\/uploads\/2023\/08\/1-masquer-un-classeur.png\",\"datePublished\":\"2023-11-17T09:53:59+00:00\",\"dateModified\":\"2023-12-06T11:38:43+00:00\",\"description\":\"Neste tutorial aprenderemos como ocultar e mostrar uma pasta de trabalho usando o bot\u00e3o que temos na aba Exibir + um\",\"breadcrumb\":{\"@id\":\"https:\/\/exceladvisor.org\/pt\/ocultar-mostrar-pasta-de-trabalho\/#breadcrumb\"},\"inLanguage\":\"pt-PT\",\"potentialAction\":[{\"@type\":\"ReadAction\",\"target\":[\"https:\/\/exceladvisor.org\/pt\/ocultar-mostrar-pasta-de-trabalho\/\"]}]},{\"@type\":\"ImageObject\",\"inLanguage\":\"pt-PT\",\"@id\":\"https:\/\/exceladvisor.org\/pt\/ocultar-mostrar-pasta-de-trabalho\/#primaryimage\",\"url\":\"https:\/\/exceladvisor.org\/wp-content\/uploads\/2023\/08\/1-masquer-un-classeur.png\",\"contentUrl\":\"https:\/\/exceladvisor.org\/wp-content\/uploads\/2023\/08\/1-masquer-un-classeur.png\"},{\"@type\":\"BreadcrumbList\",\"@id\":\"https:\/\/exceladvisor.org\/pt\/ocultar-mostrar-pasta-de-trabalho\/#breadcrumb\",\"itemListElement\":[{\"@type\":\"ListItem\",\"position\":1,\"name\":\"Lar\",\"item\":\"https:\/\/exceladvisor.org\/pt\/\"},{\"@type\":\"ListItem\",\"position\":2,\"name\":\"Como ocultar e mostrar uma pasta de trabalho no excel?\"}]},{\"@type\":\"WebSite\",\"@id\":\"https:\/\/exceladvisor.org\/pt\/#website\",\"url\":\"https:\/\/exceladvisor.org\/pt\/\",\"name\":\"Excel Advisor\",\"description\":\"O seu guia definitivo para dominar os dados!\",\"publisher\":{\"@id\":\"https:\/\/exceladvisor.org\/pt\/#organization\"},\"potentialAction\":[{\"@type\":\"SearchAction\",\"target\":{\"@type\":\"EntryPoint\",\"urlTemplate\":\"https:\/\/exceladvisor.org\/pt\/?s={search_term_string}\"},\"query-input\":{\"@type\":\"PropertyValueSpecification\",\"valueRequired\":true,\"valueName\":\"search_term_string\"}}],\"inLanguage\":\"pt-PT\"},{\"@type\":\"Organization\",\"@id\":\"https:\/\/exceladvisor.org\/pt\/#organization\",\"name\":\"Excel Advisor\",\"url\":\"https:\/\/exceladvisor.org\/pt\/\",\"logo\":{\"@type\":\"ImageObject\",\"inLanguage\":\"pt-PT\",\"@id\":\"https:\/\/exceladvisor.org\/pt\/#\/schema\/logo\/image\/\",\"url\":\"https:\/\/exceladvisor.org\/pt\/wp-content\/uploads\/2023\/12\/exceladvisor.org_.png\",\"contentUrl\":\"https:\/\/exceladvisor.org\/pt\/wp-content\/uploads\/2023\/12\/exceladvisor.org_.png\",\"width\":105,\"height\":36,\"caption\":\"Excel Advisor\"},\"image\":{\"@id\":\"https:\/\/exceladvisor.org\/pt\/#\/schema\/logo\/image\/\"}}]}<\/script>\n<!-- \/ Yoast SEO plugin. -->","yoast_head_json":{"title":"\u25b7 Como ocultar e mostrar uma pasta de trabalho no Excel?","description":"Neste tutorial aprenderemos como ocultar e mostrar uma pasta de trabalho usando o bot\u00e3o que temos na aba Exibir + um","robots":{"index":"index","follow":"follow","max-snippet":"max-snippet:-1","max-image-preview":"max-image-preview:large","max-video-preview":"max-video-preview:-1"},"canonical":"https:\/\/exceladvisor.org\/pt\/ocultar-mostrar-pasta-de-trabalho\/","og_locale":"pt_PT","og_type":"article","og_title":"\u25b7 Como ocultar e mostrar uma pasta de trabalho no Excel?","og_description":"Neste tutorial aprenderemos como ocultar e mostrar uma pasta de trabalho usando o bot\u00e3o que temos na aba Exibir + um","og_url":"https:\/\/exceladvisor.org\/pt\/ocultar-mostrar-pasta-de-trabalho\/","og_site_name":"Excel Advisor","article_modified_time":"2023-12-06T11:38:43+00:00","og_image":[{"url":"https:\/\/exceladvisor.org\/wp-content\/uploads\/2023\/08\/1-masquer-un-classeur.png","type":"","width":"","height":""}],"twitter_card":"summary_large_image","twitter_misc":{"Tempo estimado de leitura":"2 minutos"},"schema":{"@context":"https:\/\/schema.org","@graph":[{"@type":"WebPage","@id":"https:\/\/exceladvisor.org\/pt\/ocultar-mostrar-pasta-de-trabalho\/","url":"https:\/\/exceladvisor.org\/pt\/ocultar-mostrar-pasta-de-trabalho\/","name":"\u25b7 Como ocultar e mostrar uma pasta de trabalho no Excel?","isPartOf":{"@id":"https:\/\/exceladvisor.org\/pt\/#website"},"primaryImageOfPage":{"@id":"https:\/\/exceladvisor.org\/pt\/ocultar-mostrar-pasta-de-trabalho\/#primaryimage"},"image":{"@id":"https:\/\/exceladvisor.org\/pt\/ocultar-mostrar-pasta-de-trabalho\/#primaryimage"},"thumbnailUrl":"https:\/\/exceladvisor.org\/wp-content\/uploads\/2023\/08\/1-masquer-un-classeur.png","datePublished":"2023-11-17T09:53:59+00:00","dateModified":"2023-12-06T11:38:43+00:00","description":"Neste tutorial aprenderemos como ocultar e mostrar uma pasta de trabalho usando o bot\u00e3o que temos na aba Exibir + um","breadcrumb":{"@id":"https:\/\/exceladvisor.org\/pt\/ocultar-mostrar-pasta-de-trabalho\/#breadcrumb"},"inLanguage":"pt-PT","potentialAction":[{"@type":"ReadAction","target":["https:\/\/exceladvisor.org\/pt\/ocultar-mostrar-pasta-de-trabalho\/"]}]},{"@type":"ImageObject","inLanguage":"pt-PT","@id":"https:\/\/exceladvisor.org\/pt\/ocultar-mostrar-pasta-de-trabalho\/#primaryimage","url":"https:\/\/exceladvisor.org\/wp-content\/uploads\/2023\/08\/1-masquer-un-classeur.png","contentUrl":"https:\/\/exceladvisor.org\/wp-content\/uploads\/2023\/08\/1-masquer-un-classeur.png"},{"@type":"BreadcrumbList","@id":"https:\/\/exceladvisor.org\/pt\/ocultar-mostrar-pasta-de-trabalho\/#breadcrumb","itemListElement":[{"@type":"ListItem","position":1,"name":"Lar","item":"https:\/\/exceladvisor.org\/pt\/"},{"@type":"ListItem","position":2,"name":"Como ocultar e mostrar uma pasta de trabalho no excel?"}]},{"@type":"WebSite","@id":"https:\/\/exceladvisor.org\/pt\/#website","url":"https:\/\/exceladvisor.org\/pt\/","name":"Excel Advisor","description":"O seu guia definitivo para dominar os dados!","publisher":{"@id":"https:\/\/exceladvisor.org\/pt\/#organization"},"potentialAction":[{"@type":"SearchAction","target":{"@type":"EntryPoint","urlTemplate":"https:\/\/exceladvisor.org\/pt\/?s={search_term_string}"},"query-input":{"@type":"PropertyValueSpecification","valueRequired":true,"valueName":"search_term_string"}}],"inLanguage":"pt-PT"},{"@type":"Organization","@id":"https:\/\/exceladvisor.org\/pt\/#organization","name":"Excel Advisor","url":"https:\/\/exceladvisor.org\/pt\/","logo":{"@type":"ImageObject","inLanguage":"pt-PT","@id":"https:\/\/exceladvisor.org\/pt\/#\/schema\/logo\/image\/","url":"https:\/\/exceladvisor.org\/pt\/wp-content\/uploads\/2023\/12\/exceladvisor.org_.png","contentUrl":"https:\/\/exceladvisor.org\/pt\/wp-content\/uploads\/2023\/12\/exceladvisor.org_.png","width":105,"height":36,"caption":"Excel Advisor"},"image":{"@id":"https:\/\/exceladvisor.org\/pt\/#\/schema\/logo\/image\/"}}]}},"yoast_meta":{"yoast_wpseo_title":"","yoast_wpseo_metadesc":"","yoast_wpseo_canonical":""},"_links":{"self":[{"href":"https:\/\/exceladvisor.org\/pt\/wp-json\/wp\/v2\/pages\/74","targetHints":{"allow":["GET"]}}],"collection":[{"href":"https:\/\/exceladvisor.org\/pt\/wp-json\/wp\/v2\/pages"}],"about":[{"href":"https:\/\/exceladvisor.org\/pt\/wp-json\/wp\/v2\/types\/page"}],"author":[{"embeddable":true,"href":"https:\/\/exceladvisor.org\/pt\/wp-json\/wp\/v2\/users\/1"}],"replies":[{"embeddable":true,"href":"https:\/\/exceladvisor.org\/pt\/wp-json\/wp\/v2\/comments?post=74"}],"version-history":[{"count":1,"href":"https:\/\/exceladvisor.org\/pt\/wp-json\/wp\/v2\/pages\/74\/revisions"}],"predecessor-version":[{"id":1146,"href":"https:\/\/exceladvisor.org\/pt\/wp-json\/wp\/v2\/pages\/74\/revisions\/1146"}],"wp:attachment":[{"href":"https:\/\/exceladvisor.org\/pt\/wp-json\/wp\/v2\/media?parent=74"}],"curies":[{"name":"wp","href":"https:\/\/api.w.org\/{rel}","templated":true}]}}